{"id":2027,"date":"2025-05-23T09:53:07","date_gmt":"2025-05-23T07:53:07","guid":{"rendered":"https:\/\/rosanacl.com\/?post_type=product&#038;p=2027"},"modified":"2026-01-07T19:18:29","modified_gmt":"2026-01-07T18:18:29","slug":"braga-selene-modelo-mariluz","status":"publish","type":"product","link":"https:\/\/rosanacl.com\/fr\/produit\/braga-selene-modelo-mariluz\/","title":{"rendered":"Braga Selene Mariluz"},"content":{"rendered":"<p>La culotte Mariluz de Selene est une culotte taille haute con\u00e7ue pour celles qui recherchent un maintien confortable et une finition \u00e9l\u00e9gante. Son tissu ray\u00e9 affine visuellement la silhouette et apporte une touche sophistiqu\u00e9e, id\u00e9ale au quotidien pour un confort absolu.<\/p>\n<p>Ce que vous allez aimer<\/p>\n<ul>\n<li>Taille haute : offre un bon maintien sans comprimer et permet au v\u00eatement de bien s&#039;ajuster.<\/li>\n<li>Motif \u00e0 rayures : un look plus soign\u00e9 et flatteur.<\/li>\n<li>Confort au quotidien : con\u00e7u pour vous accompagner pendant de longues heures.<\/li>\n<li>Ensemble parfait : Il se marie \u00e0 merveille avec le soutien-gorge Selene Mariluz pour un look coordonn\u00e9.<\/li>\n<\/ul>\n<p>Conseils de taille\u00a0: Si vous h\u00e9sitez entre deux tailles et que vous pr\u00e9f\u00e9rez que vos sous-v\u00eatements soient plus ajust\u00e9s, choisissez la taille inf\u00e9rieure\u00a0; si vous privil\u00e9giez le confort, choisissez la taille sup\u00e9rieure.<\/p>\n<p>\ud83d\udde3\ufe0f Conseil : Le Mariluz est id\u00e9al si vous aimez sentir votre taille bien positionn\u00e9e et avec cet effet \u00ab \u00e7a me va bien \u00bb sans \u00eatre trop serr\u00e9e : les rayures cr\u00e9ent un look plus \u00e9pur\u00e9 et le slip est suffisamment stable pour \u00eatre port\u00e9 pendant des heures, en particulier avec des looks ajust\u00e9s ou de tous les jours.<\/p>\n<p>\ud83d\udccf Remarque : Pour r\u00e9ussir du premier coup, r\u00e9fl\u00e9chissez \u00e0 la fa\u00e7on dont vous aimez votre taille haute : si vous pr\u00e9f\u00e9rez qu&#039;elle soit douce et confortable autour de votre taille (sans sensation de pression), votre taille habituelle ou la plus grande si vous \u00eates entre deux tailles est g\u00e9n\u00e9ralement la meilleure ; si vous aimez un effet plus fronc\u00e9 et ferme, la taille plus petite est g\u00e9n\u00e9ralement plus flatteuse.<\/p>\n<p>Composition : 71% polyamide, 18% \u00e9lasthanne, 11% polyester.<\/p>\n<p>\u2728 Compl\u00e9tez votre look avec l&#039;ensemble Mariluz et sentez-vous \u00e0 l&#039;aise et flatt\u00e9e toute la journ\u00e9e.<\/p>\n<div id=\"v1ms-outlook-mobile-body-separator-line\" dir=\"auto\"><\/div>\n<p>&nbsp;<\/p>\n<p>&nbsp;<\/p>\n<p>&nbsp;<\/p>\n<p>&nbsp;<\/p>\n<p>&nbsp;<\/p>\n<p>&nbsp;<\/p>\n<p>&nbsp;<\/p>","protected":false},"excerpt":{"rendered":"<p>La braga Mariluz de Selene es una braga alta pensada para quienes buscan sujeci\u00f3n c\u00f3moda y un acabado elegante. Su tejido con efecto franjas estiliza visualmente y aporta un toque sofisticado, ideal para llevar a diario con total confort. Lo que te va a gustar Cintura alta: sujeta sin oprimir y ayuda a que la [&hellip;]<\/p>\n","protected":false},"featured_media":2135,"comment_status":"open","ping_status":"closed","template":"","meta":{"content-type":""},"product_brand":[55],"product_cat":[19],"product_tag":[69],"class_list":{"0":"post-2027","1":"product","2":"type-product","3":"status-publish","4":"has-post-thumbnail","6":"product_brand-selene","7":"product_cat-braga","8":"product_tag-braga","10":"first","11":"instock","12":"taxable","13":"shipping-taxable","14":"purchasable","15":"product-type-variable"},"supplier_id":null,"supplier_sku":"","barcode":null,"atum_controlled":true,"out_stock_date":null,"out_stock_threshold":null,"inheritable":true,"inbound_stock":0,"stock_on_hold":0,"sold_today":0,"sales_last_days":0,"reserved_stock":0,"customer_returns":0,"warehouse_damage":0,"lost_in_post":0,"other_logs":0,"out_stock_days":0,"lost_sales":0,"has_location":false,"update_date":"2026-01-07T18:18:30","atum_locations":[],"atum_stock_status":"instock","restock_status":false,"low_stock_amount":"","sales_update_date":"2025-10-03T04:56:26","calc_backorders":null,"yoast_head":"<!-- This site is optimized with the Yoast SEO plugin v27.4 - https:\/\/yoast.com\/product\/yoast-seo-wordpress\/ -->\n<title>Braga Selene Mariluz - Rosana CL<\/title>\n<meta name=\"robots\" content=\"index, follow, max-snippet:-1, max-image-preview:large, max-video-preview:-1\" \/>\n<link rel=\"canonical\" href=\"https:\/\/rosanacl.com\/fr\/produit\/braga-selene-modelo-mariluz\/\" \/>\n<meta property=\"og:locale\" content=\"fr_FR\" \/>\n<meta property=\"og:type\" content=\"article\" \/>\n<meta property=\"og:title\" content=\"Braga Selene Mariluz - Rosana CL\" \/>\n<meta property=\"og:description\" content=\"La braga Mariluz de Selene es una braga alta pensada para quienes buscan sujeci\u00f3n c\u00f3moda y un acabado elegante. Su tejido con efecto franjas estiliza visualmente y aporta un toque sofisticado, ideal para llevar a diario con total confort. Lo que te va a gustar Cintura alta: sujeta sin oprimir y ayuda a que la [&hellip;]\" \/>\n<meta property=\"og:url\" content=\"https:\/\/rosanacl.com\/fr\/produit\/braga-selene-modelo-mariluz\/\" \/>\n<meta property=\"og:site_name\" content=\"Rosana CL\" \/>\n<meta property=\"article:modified_time\" content=\"2026-01-07T18:18:29+00:00\" \/>\n<meta property=\"og:image\" content=\"https:\/\/rosanacl.com\/wp-content\/uploads\/2025\/05\/1.jpg\" \/>\n\t<meta property=\"og:image:width\" content=\"1105\" \/>\n\t<meta property=\"og:image:height\" content=\"1333\" \/>\n\t<meta property=\"og:image:type\" content=\"image\/jpeg\" \/>\n<meta name=\"twitter:card\" content=\"summary_large_image\" \/>\n<meta name=\"twitter:label1\" content=\"Dur\u00e9e de lecture estim\u00e9e\" \/>\n\t<meta name=\"twitter:data1\" content=\"2 minutes\" \/>\n<script type=\"application\/ld+json\" class=\"yoast-schema-graph\">{\"@context\":\"https:\\\/\\\/schema.org\",\"@graph\":[{\"@type\":\"WebPage\",\"@id\":\"https:\\\/\\\/rosanacl.com\\\/producto\\\/braga-selene-modelo-mariluz\\\/\",\"url\":\"https:\\\/\\\/rosanacl.com\\\/producto\\\/braga-selene-modelo-mariluz\\\/\",\"name\":\"Braga Selene Mariluz - Rosana CL\",\"isPartOf\":{\"@id\":\"https:\\\/\\\/rosanacl.com\\\/ca\\\/#website\"},\"primaryImageOfPage\":{\"@id\":\"https:\\\/\\\/rosanacl.com\\\/producto\\\/braga-selene-modelo-mariluz\\\/#primaryimage\"},\"image\":{\"@id\":\"https:\\\/\\\/rosanacl.com\\\/producto\\\/braga-selene-modelo-mariluz\\\/#primaryimage\"},\"thumbnailUrl\":\"https:\\\/\\\/rosanacl.com\\\/wp-content\\\/uploads\\\/2025\\\/05\\\/1.jpg\",\"datePublished\":\"2025-05-23T07:53:07+00:00\",\"dateModified\":\"2026-01-07T18:18:29+00:00\",\"breadcrumb\":{\"@id\":\"https:\\\/\\\/rosanacl.com\\\/producto\\\/braga-selene-modelo-mariluz\\\/#breadcrumb\"},\"inLanguage\":\"fr-FR\",\"potentialAction\":[{\"@type\":\"ReadAction\",\"target\":[\"https:\\\/\\\/rosanacl.com\\\/producto\\\/braga-selene-modelo-mariluz\\\/\"]}]},{\"@type\":\"ImageObject\",\"inLanguage\":\"fr-FR\",\"@id\":\"https:\\\/\\\/rosanacl.com\\\/producto\\\/braga-selene-modelo-mariluz\\\/#primaryimage\",\"url\":\"https:\\\/\\\/rosanacl.com\\\/wp-content\\\/uploads\\\/2025\\\/05\\\/1.jpg\",\"contentUrl\":\"https:\\\/\\\/rosanacl.com\\\/wp-content\\\/uploads\\\/2025\\\/05\\\/1.jpg\",\"width\":1105,\"height\":1333},{\"@type\":\"BreadcrumbList\",\"@id\":\"https:\\\/\\\/rosanacl.com\\\/producto\\\/braga-selene-modelo-mariluz\\\/#breadcrumb\",\"itemListElement\":[{\"@type\":\"ListItem\",\"position\":1,\"name\":\"Portada\",\"item\":\"https:\\\/\\\/rosanacl.com\\\/ca\\\/\"},{\"@type\":\"ListItem\",\"position\":2,\"name\":\"Tienda\",\"item\":\"https:\\\/\\\/rosanacl.com\\\/ca\\\/tienda\\\/\"},{\"@type\":\"ListItem\",\"position\":3,\"name\":\"Braga Selene Mariluz\"}]},{\"@type\":\"WebSite\",\"@id\":\"https:\\\/\\\/rosanacl.com\\\/ca\\\/#website\",\"url\":\"https:\\\/\\\/rosanacl.com\\\/ca\\\/\",\"name\":\"Rosana CL\",\"description\":\"Somos tu interior\",\"potentialAction\":[{\"@type\":\"SearchAction\",\"target\":{\"@type\":\"EntryPoint\",\"urlTemplate\":\"https:\\\/\\\/rosanacl.com\\\/ca\\\/?s={search_term_string}\"},\"query-input\":{\"@type\":\"PropertyValueSpecification\",\"valueRequired\":true,\"valueName\":\"search_term_string\"}}],\"inLanguage\":\"fr-FR\"}]}<\/script>\n<!-- \/ Yoast SEO plugin. -->","yoast_head_json":{"title":"Braga Selene Mariluz - Rosana CL","robots":{"index":"index","follow":"follow","max-snippet":"max-snippet:-1","max-image-preview":"max-image-preview:large","max-video-preview":"max-video-preview:-1"},"canonical":"https:\/\/rosanacl.com\/fr\/produit\/braga-selene-modelo-mariluz\/","og_locale":"fr_FR","og_type":"article","og_title":"Braga Selene Mariluz - Rosana CL","og_description":"La braga Mariluz de Selene es una braga alta pensada para quienes buscan sujeci\u00f3n c\u00f3moda y un acabado elegante. Su tejido con efecto franjas estiliza visualmente y aporta un toque sofisticado, ideal para llevar a diario con total confort. Lo que te va a gustar Cintura alta: sujeta sin oprimir y ayuda a que la [&hellip;]","og_url":"https:\/\/rosanacl.com\/fr\/produit\/braga-selene-modelo-mariluz\/","og_site_name":"Rosana CL","article_modified_time":"2026-01-07T18:18:29+00:00","og_image":[{"width":1105,"height":1333,"url":"https:\/\/rosanacl.com\/wp-content\/uploads\/2025\/05\/1.jpg","type":"image\/jpeg"}],"twitter_card":"summary_large_image","twitter_misc":{"Dur\u00e9e de lecture estim\u00e9e":"2 minutes"},"schema":{"@context":"https:\/\/schema.org","@graph":[{"@type":"WebPage","@id":"https:\/\/rosanacl.com\/producto\/braga-selene-modelo-mariluz\/","url":"https:\/\/rosanacl.com\/producto\/braga-selene-modelo-mariluz\/","name":"Braga Selene Mariluz - Rosana CL","isPartOf":{"@id":"https:\/\/rosanacl.com\/ca\/#website"},"primaryImageOfPage":{"@id":"https:\/\/rosanacl.com\/producto\/braga-selene-modelo-mariluz\/#primaryimage"},"image":{"@id":"https:\/\/rosanacl.com\/producto\/braga-selene-modelo-mariluz\/#primaryimage"},"thumbnailUrl":"https:\/\/rosanacl.com\/wp-content\/uploads\/2025\/05\/1.jpg","datePublished":"2025-05-23T07:53:07+00:00","dateModified":"2026-01-07T18:18:29+00:00","breadcrumb":{"@id":"https:\/\/rosanacl.com\/producto\/braga-selene-modelo-mariluz\/#breadcrumb"},"inLanguage":"fr-FR","potentialAction":[{"@type":"ReadAction","target":["https:\/\/rosanacl.com\/producto\/braga-selene-modelo-mariluz\/"]}]},{"@type":"ImageObject","inLanguage":"fr-FR","@id":"https:\/\/rosanacl.com\/producto\/braga-selene-modelo-mariluz\/#primaryimage","url":"https:\/\/rosanacl.com\/wp-content\/uploads\/2025\/05\/1.jpg","contentUrl":"https:\/\/rosanacl.com\/wp-content\/uploads\/2025\/05\/1.jpg","width":1105,"height":1333},{"@type":"BreadcrumbList","@id":"https:\/\/rosanacl.com\/producto\/braga-selene-modelo-mariluz\/#breadcrumb","itemListElement":[{"@type":"ListItem","position":1,"name":"Portada","item":"https:\/\/rosanacl.com\/ca\/"},{"@type":"ListItem","position":2,"name":"Tienda","item":"https:\/\/rosanacl.com\/ca\/tienda\/"},{"@type":"ListItem","position":3,"name":"Braga Selene Mariluz"}]},{"@type":"WebSite","@id":"https:\/\/rosanacl.com\/ca\/#website","url":"https:\/\/rosanacl.com\/ca\/","name":"Rosana CL","description":"Nous sommes votre int\u00e9rieur","potentialAction":[{"@type":"SearchAction","target":{"@type":"EntryPoint","urlTemplate":"https:\/\/rosanacl.com\/ca\/?s={search_term_string}"},"query-input":{"@type":"PropertyValueSpecification","valueRequired":true,"valueName":"search_term_string"}}],"inLanguage":"fr-FR"}]}},"_links":{"self":[{"href":"https:\/\/rosanacl.com\/fr\/wp-json\/wp\/v2\/product\/2027","targetHints":{"allow":["GET"]}}],"collection":[{"href":"https:\/\/rosanacl.com\/fr\/wp-json\/wp\/v2\/product"}],"about":[{"href":"https:\/\/rosanacl.com\/fr\/wp-json\/wp\/v2\/types\/product"}],"replies":[{"embeddable":true,"href":"https:\/\/rosanacl.com\/fr\/wp-json\/wp\/v2\/comments?post=2027"}],"version-history":[{"count":5,"href":"https:\/\/rosanacl.com\/fr\/wp-json\/wp\/v2\/product\/2027\/revisions"}],"predecessor-version":[{"id":4602,"href":"https:\/\/rosanacl.com\/fr\/wp-json\/wp\/v2\/product\/2027\/revisions\/4602"}],"wp:featuredmedia":[{"embeddable":true,"href":"https:\/\/rosanacl.com\/fr\/wp-json\/wp\/v2\/media\/2135"}],"wp:attachment":[{"href":"https:\/\/rosanacl.com\/fr\/wp-json\/wp\/v2\/media?parent=2027"}],"wp:term":[{"taxonomy":"product_brand","embeddable":true,"href":"https:\/\/rosanacl.com\/fr\/wp-json\/wp\/v2\/product_brand?post=2027"},{"taxonomy":"product_cat","embeddable":true,"href":"https:\/\/rosanacl.com\/fr\/wp-json\/wp\/v2\/product_cat?post=2027"},{"taxonomy":"product_tag","embeddable":true,"href":"https:\/\/rosanacl.com\/fr\/wp-json\/wp\/v2\/product_tag?post=2027"}],"curies":[{"name":"wp","href":"https:\/\/api.w.org\/{rel}","templated":true}]}}