{"id":3327,"date":"2025-08-19T08:39:42","date_gmt":"2025-08-19T06:39:42","guid":{"rendered":"https:\/\/rosanacl.com\/?post_type=product&#038;p=3327"},"modified":"2026-01-07T18:30:47","modified_gmt":"2026-01-07T17:30:47","slug":"sujetador-modelo-noah","status":"publish","type":"product","link":"https:\/\/rosanacl.com\/fr\/produit\/sujetador-modelo-noah\/","title":{"rendered":"Selene Noah Bra"},"content":{"rendered":"<p>Le soutien-gorge Noah est ce basique \u00ab intentionnel \u00bb qui sublime votre tenue : armatures + bonnet push-up, finition jacquard et d\u00e9tails en dentelle qui lui conf\u00e8rent une touche jeune, \u00e9l\u00e9gante et tr\u00e8s polyvalente.<\/p>\n<p>Con\u00e7u pour sublimer la poitrine avec une forme belle et naturelle, il offre un maintien confortable et une coupe agr\u00e9able \u00e0 porter au quotidien comme pour les occasions o\u00f9 vous souhaitez \u00eatre \u00e0 votre avantage sans effort.<\/p>\n<p>Des d\u00e9tails qui vous font tomber amoureux<\/p>\n<ul>\n<li>Armatures + bonnet push-up : rehaussement subtil et d\u00e9collet\u00e9 plus joli, avec un bon maintien.<\/li>\n<li>Tissu jacquard avec dentelle : texture \u00e9l\u00e9gante et finition haut de gamme.<\/li>\n<li>Dos orn\u00e9 de dentelle : une touche f\u00e9minine et moderne.<\/li>\n<li>Ensemble parfait : associez-le au slip de bikini Selene 3124 ou au string Selene 3125 pour un look complet.<\/li>\n<\/ul>\n<p>\ud83d\udde3\ufe0f Conseil : Noah est le soutien-gorge qui vous offre un d\u00e9collet\u00e9 \u00ab parfait \u00bb sans sacrifier le confort : le push-up rehausse avec une touche de jeunesse et le jacquard est plus luxueux au toucher, de sorte que toute la tenue est magnifique d\u00e8s que vous l&#039;enfilez.<\/p>\n<p>\ud83d\udccf Remarque\u00a0: Avant d\u2019acheter, v\u00e9rifiez votre taille de bonnet\u00a0: s\u2019agissant d\u2019un soutien-gorge push-up, si vous h\u00e9sitez entre deux tailles ou si vous n\u2019appr\u00e9ciez pas la sensation d\u2019un rembourrage suppl\u00e9mentaire, choisissez l\u2019option la plus confortable (une taille de bonnet en dessous) pour un rendu naturel. La bande sous la poitrine doit toujours \u00eatre bien ajust\u00e9e (sans remonter) pour un maintien optimal.<\/p>\n<p>Composition : 76% Polyamide, 13% \u00c9lasthanne, 11% Coton.<\/p>\n<p>\ud83d\udc8e Le soutien-gorge qui ajoute l&#039;effet \u00ab WOW \u00bb l\u00e0 o\u00f9 il se remarque le plus : au niveau du d\u00e9collet\u00e9.<\/p>\n<p>&nbsp;<\/p>\n<div id=\"v1ms-outlook-mobile-body-separator-line\" dir=\"auto\"><\/div>","protected":false},"excerpt":{"rendered":"<div style=\"position: relative; padding-bottom: 56.25%; height: 0; overflow: hidden; max-width: 100%;\"><iframe style=\"position: absolute; top: 0; left: 0; width: 100%; height: 100%;\" src=\"https:\/\/www.youtube.com\/embed\/glE84AF5iGo?autoplay=1&amp;mute=1&amp;playsinline=1&amp;rel=0&amp;controls=1&amp;loop=1&amp;playlist=glE84AF5iGo\" frameborder=\"0\" allowfullscreen=\"allowfullscreen\"><br \/>\n<\/iframe><\/div>","protected":false},"featured_media":3348,"comment_status":"closed","ping_status":"closed","template":"","meta":{"content-type":""},"product_brand":[55],"product_cat":[26,20],"product_tag":[56,61],"class_list":{"0":"post-3327","1":"product","2":"type-product","3":"status-publish","4":"has-post-thumbnail","6":"product_brand-selene","7":"product_cat-con-aros-y-relleno","8":"product_cat-sujetador","9":"product_tag-sujetador","10":"product_tag-sujetador-con-aros-y-relleno","12":"first","13":"instock","14":"taxable","15":"shipping-taxable","16":"purchasable","17":"product-type-variable"},"supplier_id":null,"supplier_sku":"","barcode":null,"atum_controlled":true,"out_stock_date":null,"out_stock_threshold":null,"inheritable":true,"inbound_stock":0,"stock_on_hold":0,"sold_today":0,"sales_last_days":0,"reserved_stock":0,"customer_returns":0,"warehouse_damage":0,"lost_in_post":0,"other_logs":0,"out_stock_days":null,"lost_sales":0,"has_location":false,"update_date":"2026-01-07T17:30:48","atum_locations":[],"atum_stock_status":"instock","restock_status":false,"low_stock_amount":"","sales_update_date":"2025-10-03T04:55:35","calc_backorders":null,"yoast_head":"<!-- This site is optimized with the Yoast SEO plugin v27.4 - https:\/\/yoast.com\/product\/yoast-seo-wordpress\/ -->\n<title>Sujetador Selene Noah - Rosana CL<\/title>\n<meta name=\"robots\" content=\"index, follow, max-snippet:-1, max-image-preview:large, max-video-preview:-1\" \/>\n<link rel=\"canonical\" href=\"https:\/\/rosanacl.com\/fr\/produit\/sujetador-modelo-noah\/\" \/>\n<meta property=\"og:locale\" content=\"fr_FR\" \/>\n<meta property=\"og:type\" content=\"article\" \/>\n<meta property=\"og:title\" content=\"Sujetador Selene Noah - Rosana CL\" \/>\n<meta property=\"og:url\" content=\"https:\/\/rosanacl.com\/fr\/produit\/sujetador-modelo-noah\/\" \/>\n<meta property=\"og:site_name\" content=\"Rosana CL\" \/>\n<meta property=\"article:modified_time\" content=\"2026-01-07T17:30:47+00:00\" \/>\n<meta property=\"og:image\" content=\"https:\/\/rosanacl.com\/wp-content\/uploads\/2025\/08\/1-2-e1756816366207-777x1024.png\" \/>\n\t<meta property=\"og:image:width\" content=\"777\" \/>\n\t<meta property=\"og:image:height\" content=\"1024\" \/>\n\t<meta property=\"og:image:type\" content=\"image\/png\" \/>\n<meta name=\"twitter:card\" content=\"summary_large_image\" \/>\n<meta name=\"twitter:label1\" content=\"Dur\u00e9e de lecture estim\u00e9e\" \/>\n\t<meta name=\"twitter:data1\" content=\"2 minutes\" \/>\n<script type=\"application\/ld+json\" class=\"yoast-schema-graph\">{\"@context\":\"https:\\\/\\\/schema.org\",\"@graph\":[{\"@type\":\"WebPage\",\"@id\":\"https:\\\/\\\/rosanacl.com\\\/producto\\\/sujetador-modelo-noah\\\/\",\"url\":\"https:\\\/\\\/rosanacl.com\\\/producto\\\/sujetador-modelo-noah\\\/\",\"name\":\"Sujetador Selene Noah - Rosana CL\",\"isPartOf\":{\"@id\":\"https:\\\/\\\/rosanacl.com\\\/ca\\\/#website\"},\"primaryImageOfPage\":{\"@id\":\"https:\\\/\\\/rosanacl.com\\\/producto\\\/sujetador-modelo-noah\\\/#primaryimage\"},\"image\":{\"@id\":\"https:\\\/\\\/rosanacl.com\\\/producto\\\/sujetador-modelo-noah\\\/#primaryimage\"},\"thumbnailUrl\":\"https:\\\/\\\/rosanacl.com\\\/wp-content\\\/uploads\\\/2025\\\/08\\\/1-2-e1756816366207.png\",\"datePublished\":\"2025-08-19T06:39:42+00:00\",\"dateModified\":\"2026-01-07T17:30:47+00:00\",\"breadcrumb\":{\"@id\":\"https:\\\/\\\/rosanacl.com\\\/producto\\\/sujetador-modelo-noah\\\/#breadcrumb\"},\"inLanguage\":\"fr-FR\",\"potentialAction\":[{\"@type\":\"ReadAction\",\"target\":[\"https:\\\/\\\/rosanacl.com\\\/producto\\\/sujetador-modelo-noah\\\/\"]}]},{\"@type\":\"ImageObject\",\"inLanguage\":\"fr-FR\",\"@id\":\"https:\\\/\\\/rosanacl.com\\\/producto\\\/sujetador-modelo-noah\\\/#primaryimage\",\"url\":\"https:\\\/\\\/rosanacl.com\\\/wp-content\\\/uploads\\\/2025\\\/08\\\/1-2-e1756816366207.png\",\"contentUrl\":\"https:\\\/\\\/rosanacl.com\\\/wp-content\\\/uploads\\\/2025\\\/08\\\/1-2-e1756816366207.png\",\"width\":873,\"height\":1150},{\"@type\":\"BreadcrumbList\",\"@id\":\"https:\\\/\\\/rosanacl.com\\\/producto\\\/sujetador-modelo-noah\\\/#breadcrumb\",\"itemListElement\":[{\"@type\":\"ListItem\",\"position\":1,\"name\":\"Portada\",\"item\":\"https:\\\/\\\/rosanacl.com\\\/ca\\\/\"},{\"@type\":\"ListItem\",\"position\":2,\"name\":\"Tienda\",\"item\":\"https:\\\/\\\/rosanacl.com\\\/ca\\\/tienda\\\/\"},{\"@type\":\"ListItem\",\"position\":3,\"name\":\"Sujetador Selene Noah\"}]},{\"@type\":\"WebSite\",\"@id\":\"https:\\\/\\\/rosanacl.com\\\/ca\\\/#website\",\"url\":\"https:\\\/\\\/rosanacl.com\\\/ca\\\/\",\"name\":\"Rosana CL\",\"description\":\"Somos tu interior\",\"potentialAction\":[{\"@type\":\"SearchAction\",\"target\":{\"@type\":\"EntryPoint\",\"urlTemplate\":\"https:\\\/\\\/rosanacl.com\\\/ca\\\/?s={search_term_string}\"},\"query-input\":{\"@type\":\"PropertyValueSpecification\",\"valueRequired\":true,\"valueName\":\"search_term_string\"}}],\"inLanguage\":\"fr-FR\"}]}<\/script>\n<!-- \/ Yoast SEO plugin. -->","yoast_head_json":{"title":"Sujetador Selene Noah - Rosana CL","robots":{"index":"index","follow":"follow","max-snippet":"max-snippet:-1","max-image-preview":"max-image-preview:large","max-video-preview":"max-video-preview:-1"},"canonical":"https:\/\/rosanacl.com\/fr\/produit\/sujetador-modelo-noah\/","og_locale":"fr_FR","og_type":"article","og_title":"Sujetador Selene Noah - Rosana CL","og_url":"https:\/\/rosanacl.com\/fr\/produit\/sujetador-modelo-noah\/","og_site_name":"Rosana CL","article_modified_time":"2026-01-07T17:30:47+00:00","og_image":[{"width":777,"height":1024,"url":"https:\/\/rosanacl.com\/wp-content\/uploads\/2025\/08\/1-2-e1756816366207-777x1024.png","type":"image\/png"}],"twitter_card":"summary_large_image","twitter_misc":{"Dur\u00e9e de lecture estim\u00e9e":"2 minutes"},"schema":{"@context":"https:\/\/schema.org","@graph":[{"@type":"WebPage","@id":"https:\/\/rosanacl.com\/producto\/sujetador-modelo-noah\/","url":"https:\/\/rosanacl.com\/producto\/sujetador-modelo-noah\/","name":"Sujetador Selene Noah - Rosana CL","isPartOf":{"@id":"https:\/\/rosanacl.com\/ca\/#website"},"primaryImageOfPage":{"@id":"https:\/\/rosanacl.com\/producto\/sujetador-modelo-noah\/#primaryimage"},"image":{"@id":"https:\/\/rosanacl.com\/producto\/sujetador-modelo-noah\/#primaryimage"},"thumbnailUrl":"https:\/\/rosanacl.com\/wp-content\/uploads\/2025\/08\/1-2-e1756816366207.png","datePublished":"2025-08-19T06:39:42+00:00","dateModified":"2026-01-07T17:30:47+00:00","breadcrumb":{"@id":"https:\/\/rosanacl.com\/producto\/sujetador-modelo-noah\/#breadcrumb"},"inLanguage":"fr-FR","potentialAction":[{"@type":"ReadAction","target":["https:\/\/rosanacl.com\/producto\/sujetador-modelo-noah\/"]}]},{"@type":"ImageObject","inLanguage":"fr-FR","@id":"https:\/\/rosanacl.com\/producto\/sujetador-modelo-noah\/#primaryimage","url":"https:\/\/rosanacl.com\/wp-content\/uploads\/2025\/08\/1-2-e1756816366207.png","contentUrl":"https:\/\/rosanacl.com\/wp-content\/uploads\/2025\/08\/1-2-e1756816366207.png","width":873,"height":1150},{"@type":"BreadcrumbList","@id":"https:\/\/rosanacl.com\/producto\/sujetador-modelo-noah\/#breadcrumb","itemListElement":[{"@type":"ListItem","position":1,"name":"Portada","item":"https:\/\/rosanacl.com\/ca\/"},{"@type":"ListItem","position":2,"name":"Tienda","item":"https:\/\/rosanacl.com\/ca\/tienda\/"},{"@type":"ListItem","position":3,"name":"Sujetador Selene Noah"}]},{"@type":"WebSite","@id":"https:\/\/rosanacl.com\/ca\/#website","url":"https:\/\/rosanacl.com\/ca\/","name":"Rosana CL","description":"Nous sommes votre int\u00e9rieur","potentialAction":[{"@type":"SearchAction","target":{"@type":"EntryPoint","urlTemplate":"https:\/\/rosanacl.com\/ca\/?s={search_term_string}"},"query-input":{"@type":"PropertyValueSpecification","valueRequired":true,"valueName":"search_term_string"}}],"inLanguage":"fr-FR"}]}},"_links":{"self":[{"href":"https:\/\/rosanacl.com\/fr\/wp-json\/wp\/v2\/product\/3327","targetHints":{"allow":["GET"]}}],"collection":[{"href":"https:\/\/rosanacl.com\/fr\/wp-json\/wp\/v2\/product"}],"about":[{"href":"https:\/\/rosanacl.com\/fr\/wp-json\/wp\/v2\/types\/product"}],"replies":[{"embeddable":true,"href":"https:\/\/rosanacl.com\/fr\/wp-json\/wp\/v2\/comments?post=3327"}],"version-history":[{"count":5,"href":"https:\/\/rosanacl.com\/fr\/wp-json\/wp\/v2\/product\/3327\/revisions"}],"predecessor-version":[{"id":4594,"href":"https:\/\/rosanacl.com\/fr\/wp-json\/wp\/v2\/product\/3327\/revisions\/4594"}],"wp:featuredmedia":[{"embeddable":true,"href":"https:\/\/rosanacl.com\/fr\/wp-json\/wp\/v2\/media\/3348"}],"wp:attachment":[{"href":"https:\/\/rosanacl.com\/fr\/wp-json\/wp\/v2\/media?parent=3327"}],"wp:term":[{"taxonomy":"product_brand","embeddable":true,"href":"https:\/\/rosanacl.com\/fr\/wp-json\/wp\/v2\/product_brand?post=3327"},{"taxonomy":"product_cat","embeddable":true,"href":"https:\/\/rosanacl.com\/fr\/wp-json\/wp\/v2\/product_cat?post=3327"},{"taxonomy":"product_tag","embeddable":true,"href":"https:\/\/rosanacl.com\/fr\/wp-json\/wp\/v2\/product_tag?post=3327"}],"curies":[{"name":"wp","href":"https:\/\/api.w.org\/{rel}","templated":true}]}}