{"id":3378,"date":"2025-08-19T08:56:35","date_gmt":"2025-08-19T06:56:35","guid":{"rendered":"https:\/\/rosanacl.com\/?post_type=product&#038;p=3378"},"modified":"2026-01-08T03:13:46","modified_gmt":"2026-01-08T02:13:46","slug":"sujetador-modelo-natalia","status":"publish","type":"product","link":"https:\/\/rosanacl.com\/fr\/produit\/sujetador-modelo-natalia\/","title":{"rendered":"Selene Natalia Bra"},"content":{"rendered":"<p>Le soutien-gorge Selene Natalia est un basique essentiel en microfibre douce, avec armatures et bonnets push-up. Con\u00e7u pour sublimer naturellement votre poitrine et cr\u00e9er un joli d\u00e9collet\u00e9 arrondi, il vous offre un confort optimal. C&#039;est le soutien-gorge id\u00e9al au quotidien, qui vous procure un maintien parfait, une silhouette affin\u00e9e et une confiance en vous imm\u00e9diate.<\/p>\n<p>Son tissu en microfibre est doux au toucher et \u00e9pouse parfaitement les formes, tandis que l&#039;armature assure un maintien optimal. Le bonnet push-up rehausse et centre la poitrine, id\u00e9al pour un effet plus flatteur sous les t-shirts, chemisiers ou robes.<\/p>\n<p>De plus, gr\u00e2ce \u00e0 ses multiples positions, vous pouvez ajuster les bretelles en fonction de vos v\u00eatements et de votre d\u00e9collet\u00e9. Il est fourni avec un jeu de bretelles en tissu, id\u00e9al pour adapter le style et le maintien \u00e0 vos besoins quotidiens.<\/p>\n<p>D\u00e9tails cl\u00e9s<\/p>\n<ul>\n<li>Microfibre douce et confortable pour un usage quotidien.<\/li>\n<li>Avec anneaux : support ferme et stable.<\/li>\n<li>Bonnet push-up : rehaussement et d\u00e9collet\u00e9 arrondi.<\/li>\n<li>Multiposition : s&#039;adapte \u00e0 diff\u00e9rents v\u00eatements et d\u00e9collet\u00e9s.<\/li>\n<li>Comprend un ensemble de bretelles en tissu.<\/li>\n<\/ul>\n<p>\ud83d\udde3\ufe0f Conseil : Chez Natalia, la magie r\u00e9side dans le \u00ab joli push-up \u00bb + multi-position : la microfibre s&#039;adapte en douceur, les armatures tiennent vraiment bien et en changeant les bretelles en fonction de l&#039;encolure, vous obtenez un effet plus centr\u00e9 et arrondi sans perdre en confort.<\/p>\n<p>\ud83d\udccf Remarque : Avant d&#039;acheter, r\u00e9fl\u00e9chissez au r\u00e9sultat que vous souhaitez : si vous le voulez plus d\u00e9fini et bien soutenu, choisissez votre taille habituelle ; si vous \u00eates entre deux tailles ou pr\u00e9f\u00e9rez que le bord du bonnet soit plus doux (sans serrer ni faire de \u00ab double poitrine \u00bb), prenez une taille de bonnet au-dessus (ou la taille suivante si la taille du tour de poitrine est d\u00e9j\u00e0 serr\u00e9e).<\/p>\n<p>Composition : 55% Polyamide \u00b7 38% Polyester \u00b7 7% \u00c9lasthanne<\/p>\n<p>\ud83c\udf80 Ce magnifique d\u00e9collet\u00e9 n&#039;est pas un hasard : c&#039;est Natalia.<\/p>\n<div id=\"v1ms-outlook-mobile-body-separator-line\" dir=\"auto\"><\/div>","protected":false},"excerpt":{"rendered":"<p>El Sujetador Selene Natalia es un b\u00e1sico imprescindible de microfibra suave con aros y copa push-up, pensado para realzar el pecho de forma natural y conseguir un escote bonito y redondeado sin perder comodidad. Es ese sujetador que te pones a diario y te deja la sensaci\u00f3n de ir m\u00e1s recogida, m\u00e1s estilizada y m\u00e1s [&hellip;]<\/p>\n","protected":false},"featured_media":3394,"comment_status":"closed","ping_status":"closed","template":"","meta":{"content-type":""},"product_brand":[55],"product_cat":[29,20],"product_tag":[56,65],"class_list":{"0":"post-3378","1":"product","2":"type-product","3":"status-publish","4":"has-post-thumbnail","6":"product_brand-selene","7":"product_cat-push-up","8":"product_cat-sujetador","9":"product_tag-sujetador","10":"product_tag-sujetador-push-up","12":"first","13":"instock","14":"taxable","15":"shipping-taxable","16":"purchasable","17":"product-type-variable"},"supplier_id":null,"supplier_sku":"","barcode":null,"atum_controlled":true,"out_stock_date":null,"out_stock_threshold":null,"inheritable":true,"inbound_stock":0,"stock_on_hold":0,"sold_today":null,"sales_last_days":null,"reserved_stock":0,"customer_returns":0,"warehouse_damage":0,"lost_in_post":0,"other_logs":0,"out_stock_days":null,"lost_sales":null,"has_location":false,"update_date":"2026-01-08T02:13:47","atum_locations":[],"atum_stock_status":"instock","restock_status":false,"low_stock_amount":"","sales_update_date":"2025-10-03T04:55:34","calc_backorders":null,"yoast_head":"<!-- This site is optimized with the Yoast SEO plugin v27.4 - https:\/\/yoast.com\/product\/yoast-seo-wordpress\/ -->\n<title>Sujetador Selene Natalia - Rosana CL<\/title>\n<meta name=\"robots\" content=\"index, follow, max-snippet:-1, max-image-preview:large, max-video-preview:-1\" \/>\n<link rel=\"canonical\" href=\"https:\/\/rosanacl.com\/fr\/produit\/sujetador-modelo-natalia\/\" \/>\n<meta property=\"og:locale\" content=\"fr_FR\" \/>\n<meta property=\"og:type\" content=\"article\" \/>\n<meta property=\"og:title\" content=\"Sujetador Selene Natalia - Rosana CL\" \/>\n<meta property=\"og:description\" content=\"El Sujetador Selene Natalia es un b\u00e1sico imprescindible de microfibra suave con aros y copa push-up, pensado para realzar el pecho de forma natural y conseguir un escote bonito y redondeado sin perder comodidad. Es ese sujetador que te pones a diario y te deja la sensaci\u00f3n de ir m\u00e1s recogida, m\u00e1s estilizada y m\u00e1s [&hellip;]\" \/>\n<meta property=\"og:url\" content=\"https:\/\/rosanacl.com\/fr\/produit\/sujetador-modelo-natalia\/\" \/>\n<meta property=\"og:site_name\" content=\"Rosana CL\" \/>\n<meta property=\"article:modified_time\" content=\"2026-01-08T02:13:46+00:00\" \/>\n<meta property=\"og:image\" content=\"https:\/\/rosanacl.com\/wp-content\/uploads\/2025\/08\/1-4-671x1024.png\" \/>\n\t<meta property=\"og:image:width\" content=\"671\" \/>\n\t<meta property=\"og:image:height\" content=\"1024\" \/>\n\t<meta property=\"og:image:type\" content=\"image\/png\" \/>\n<meta name=\"twitter:card\" content=\"summary_large_image\" \/>\n<meta name=\"twitter:label1\" content=\"Dur\u00e9e de lecture estim\u00e9e\" \/>\n\t<meta name=\"twitter:data1\" content=\"2 minutes\" \/>\n<script type=\"application\/ld+json\" class=\"yoast-schema-graph\">{\"@context\":\"https:\\\/\\\/schema.org\",\"@graph\":[{\"@type\":\"WebPage\",\"@id\":\"https:\\\/\\\/rosanacl.com\\\/producto\\\/sujetador-modelo-natalia\\\/\",\"url\":\"https:\\\/\\\/rosanacl.com\\\/producto\\\/sujetador-modelo-natalia\\\/\",\"name\":\"Sujetador Selene Natalia - Rosana CL\",\"isPartOf\":{\"@id\":\"https:\\\/\\\/rosanacl.com\\\/ca\\\/#website\"},\"primaryImageOfPage\":{\"@id\":\"https:\\\/\\\/rosanacl.com\\\/producto\\\/sujetador-modelo-natalia\\\/#primaryimage\"},\"image\":{\"@id\":\"https:\\\/\\\/rosanacl.com\\\/producto\\\/sujetador-modelo-natalia\\\/#primaryimage\"},\"thumbnailUrl\":\"https:\\\/\\\/rosanacl.com\\\/wp-content\\\/uploads\\\/2025\\\/08\\\/1-4.png\",\"datePublished\":\"2025-08-19T06:56:35+00:00\",\"dateModified\":\"2026-01-08T02:13:46+00:00\",\"breadcrumb\":{\"@id\":\"https:\\\/\\\/rosanacl.com\\\/producto\\\/sujetador-modelo-natalia\\\/#breadcrumb\"},\"inLanguage\":\"fr-FR\",\"potentialAction\":[{\"@type\":\"ReadAction\",\"target\":[\"https:\\\/\\\/rosanacl.com\\\/producto\\\/sujetador-modelo-natalia\\\/\"]}]},{\"@type\":\"ImageObject\",\"inLanguage\":\"fr-FR\",\"@id\":\"https:\\\/\\\/rosanacl.com\\\/producto\\\/sujetador-modelo-natalia\\\/#primaryimage\",\"url\":\"https:\\\/\\\/rosanacl.com\\\/wp-content\\\/uploads\\\/2025\\\/08\\\/1-4.png\",\"contentUrl\":\"https:\\\/\\\/rosanacl.com\\\/wp-content\\\/uploads\\\/2025\\\/08\\\/1-4.png\",\"width\":873,\"height\":1333},{\"@type\":\"BreadcrumbList\",\"@id\":\"https:\\\/\\\/rosanacl.com\\\/producto\\\/sujetador-modelo-natalia\\\/#breadcrumb\",\"itemListElement\":[{\"@type\":\"ListItem\",\"position\":1,\"name\":\"Portada\",\"item\":\"https:\\\/\\\/rosanacl.com\\\/ca\\\/\"},{\"@type\":\"ListItem\",\"position\":2,\"name\":\"Tienda\",\"item\":\"https:\\\/\\\/rosanacl.com\\\/ca\\\/tienda\\\/\"},{\"@type\":\"ListItem\",\"position\":3,\"name\":\"Sujetador Selene Natalia\"}]},{\"@type\":\"WebSite\",\"@id\":\"https:\\\/\\\/rosanacl.com\\\/ca\\\/#website\",\"url\":\"https:\\\/\\\/rosanacl.com\\\/ca\\\/\",\"name\":\"Rosana CL\",\"description\":\"Somos tu interior\",\"potentialAction\":[{\"@type\":\"SearchAction\",\"target\":{\"@type\":\"EntryPoint\",\"urlTemplate\":\"https:\\\/\\\/rosanacl.com\\\/ca\\\/?s={search_term_string}\"},\"query-input\":{\"@type\":\"PropertyValueSpecification\",\"valueRequired\":true,\"valueName\":\"search_term_string\"}}],\"inLanguage\":\"fr-FR\"}]}<\/script>\n<!-- \/ Yoast SEO plugin. -->","yoast_head_json":{"title":"Sujetador Selene Natalia - Rosana CL","robots":{"index":"index","follow":"follow","max-snippet":"max-snippet:-1","max-image-preview":"max-image-preview:large","max-video-preview":"max-video-preview:-1"},"canonical":"https:\/\/rosanacl.com\/fr\/produit\/sujetador-modelo-natalia\/","og_locale":"fr_FR","og_type":"article","og_title":"Sujetador Selene Natalia - Rosana CL","og_description":"El Sujetador Selene Natalia es un b\u00e1sico imprescindible de microfibra suave con aros y copa push-up, pensado para realzar el pecho de forma natural y conseguir un escote bonito y redondeado sin perder comodidad. Es ese sujetador que te pones a diario y te deja la sensaci\u00f3n de ir m\u00e1s recogida, m\u00e1s estilizada y m\u00e1s [&hellip;]","og_url":"https:\/\/rosanacl.com\/fr\/produit\/sujetador-modelo-natalia\/","og_site_name":"Rosana CL","article_modified_time":"2026-01-08T02:13:46+00:00","og_image":[{"width":671,"height":1024,"url":"https:\/\/rosanacl.com\/wp-content\/uploads\/2025\/08\/1-4-671x1024.png","type":"image\/png"}],"twitter_card":"summary_large_image","twitter_misc":{"Dur\u00e9e de lecture estim\u00e9e":"2 minutes"},"schema":{"@context":"https:\/\/schema.org","@graph":[{"@type":"WebPage","@id":"https:\/\/rosanacl.com\/producto\/sujetador-modelo-natalia\/","url":"https:\/\/rosanacl.com\/producto\/sujetador-modelo-natalia\/","name":"Sujetador Selene Natalia - Rosana CL","isPartOf":{"@id":"https:\/\/rosanacl.com\/ca\/#website"},"primaryImageOfPage":{"@id":"https:\/\/rosanacl.com\/producto\/sujetador-modelo-natalia\/#primaryimage"},"image":{"@id":"https:\/\/rosanacl.com\/producto\/sujetador-modelo-natalia\/#primaryimage"},"thumbnailUrl":"https:\/\/rosanacl.com\/wp-content\/uploads\/2025\/08\/1-4.png","datePublished":"2025-08-19T06:56:35+00:00","dateModified":"2026-01-08T02:13:46+00:00","breadcrumb":{"@id":"https:\/\/rosanacl.com\/producto\/sujetador-modelo-natalia\/#breadcrumb"},"inLanguage":"fr-FR","potentialAction":[{"@type":"ReadAction","target":["https:\/\/rosanacl.com\/producto\/sujetador-modelo-natalia\/"]}]},{"@type":"ImageObject","inLanguage":"fr-FR","@id":"https:\/\/rosanacl.com\/producto\/sujetador-modelo-natalia\/#primaryimage","url":"https:\/\/rosanacl.com\/wp-content\/uploads\/2025\/08\/1-4.png","contentUrl":"https:\/\/rosanacl.com\/wp-content\/uploads\/2025\/08\/1-4.png","width":873,"height":1333},{"@type":"BreadcrumbList","@id":"https:\/\/rosanacl.com\/producto\/sujetador-modelo-natalia\/#breadcrumb","itemListElement":[{"@type":"ListItem","position":1,"name":"Portada","item":"https:\/\/rosanacl.com\/ca\/"},{"@type":"ListItem","position":2,"name":"Tienda","item":"https:\/\/rosanacl.com\/ca\/tienda\/"},{"@type":"ListItem","position":3,"name":"Sujetador Selene Natalia"}]},{"@type":"WebSite","@id":"https:\/\/rosanacl.com\/ca\/#website","url":"https:\/\/rosanacl.com\/ca\/","name":"Rosana CL","description":"Nous sommes votre int\u00e9rieur","potentialAction":[{"@type":"SearchAction","target":{"@type":"EntryPoint","urlTemplate":"https:\/\/rosanacl.com\/ca\/?s={search_term_string}"},"query-input":{"@type":"PropertyValueSpecification","valueRequired":true,"valueName":"search_term_string"}}],"inLanguage":"fr-FR"}]}},"_links":{"self":[{"href":"https:\/\/rosanacl.com\/fr\/wp-json\/wp\/v2\/product\/3378","targetHints":{"allow":["GET"]}}],"collection":[{"href":"https:\/\/rosanacl.com\/fr\/wp-json\/wp\/v2\/product"}],"about":[{"href":"https:\/\/rosanacl.com\/fr\/wp-json\/wp\/v2\/types\/product"}],"replies":[{"embeddable":true,"href":"https:\/\/rosanacl.com\/fr\/wp-json\/wp\/v2\/comments?post=3378"}],"version-history":[{"count":5,"href":"https:\/\/rosanacl.com\/fr\/wp-json\/wp\/v2\/product\/3378\/revisions"}],"predecessor-version":[{"id":4639,"href":"https:\/\/rosanacl.com\/fr\/wp-json\/wp\/v2\/product\/3378\/revisions\/4639"}],"wp:featuredmedia":[{"embeddable":true,"href":"https:\/\/rosanacl.com\/fr\/wp-json\/wp\/v2\/media\/3394"}],"wp:attachment":[{"href":"https:\/\/rosanacl.com\/fr\/wp-json\/wp\/v2\/media?parent=3378"}],"wp:term":[{"taxonomy":"product_brand","embeddable":true,"href":"https:\/\/rosanacl.com\/fr\/wp-json\/wp\/v2\/product_brand?post=3378"},{"taxonomy":"product_cat","embeddable":true,"href":"https:\/\/rosanacl.com\/fr\/wp-json\/wp\/v2\/product_cat?post=3378"},{"taxonomy":"product_tag","embeddable":true,"href":"https:\/\/rosanacl.com\/fr\/wp-json\/wp\/v2\/product_tag?post=3378"}],"curies":[{"name":"wp","href":"https:\/\/api.w.org\/{rel}","templated":true}]}}