{"id":3601,"date":"2025-08-19T10:09:30","date_gmt":"2025-08-19T08:09:30","guid":{"rendered":"https:\/\/rosanacl.com\/?post_type=product&#038;p=3601"},"modified":"2026-01-23T18:21:40","modified_gmt":"2026-01-23T17:21:40","slug":"sujetador-selene-gina","status":"publish","type":"product","link":"https:\/\/rosanacl.com\/fr\/produit\/sujetador-selene-gina\/","title":{"rendered":"Soutien-gorge Selene Gina"},"content":{"rendered":"<p>Le soutien-gorge Gina inspire confiance d\u00e8s le premier essayage\u00a0: il \u00e9pouse parfaitement les formes, soutient naturellement la poitrine et offre un maintien s\u00fbr et souple. Son design allie style et confort \u00e0 la perfection, pour une allure impeccable en toute s\u00e9r\u00e9nit\u00e9.<\/p>\n<p>Con\u00e7ue pour une allure soign\u00e9e (et pour garantir une \u00e9l\u00e9gance discr\u00e8te m\u00eame sous les v\u00eatements), la robe Gina est id\u00e9ale au quotidien comme pour les grandes occasions. Ses finitions lui conf\u00e8rent une allure raffin\u00e9e, f\u00e9minine et facile \u00e0 porter, tout en assurant un maintien et un confort optimaux.<\/p>\n<p>Les d\u00e9tails qui font la diff\u00e9rence chez Gina<\/p>\n<ul>\n<li>Un maintien \u00e9quilibr\u00e9 pour un ajustement s\u00fbr et confortable.<\/li>\n<li>Un design flatteur qui met en valeur sans \u00abexag\u00e9rer\u00bb l&#039;effet.<\/li>\n<li>Des finitions con\u00e7ues pour \u00eatre \u00e9l\u00e9gantes et douces au toucher.<\/li>\n<li>Maintien stable pour une libert\u00e9 de mouvement optimale pendant des heures.<\/i>\n<li>Id\u00e9al \u00e0 associer \u00e0 votre culotte assortie pour sublimer l&#039;ensemble.<\/li>\n<\/ul>\n<p>\ud83d\udde3\ufe0f Conseil : Gina est con\u00e7ue pour vous donner une sensation de s\u00e9curit\u00e9 et de l\u00e9g\u00e8ret\u00e9 : le contour doit \u00eatre ferme et stable (sans serrer) et les bonnets doivent accompagner naturellement la poitrine, sans la \u00ab couper \u00bb ni laisser d&#039;espace.<\/p>\n<p>\ud83d\udccf Remarque : Si, lorsque vous bougez (marcher, vous pencher, lever les bras), vous vous sentez toujours \u00e0 l&#039;aise et stable et que vous n&#039;avez pas besoin de le r\u00e9ajuster, c&#039;est votre taille.<\/p>\n<p>Composition : 93% polyamide, 7% \u00e9lasthanne.<\/p>\n<p>\ud83d\udcaa Entra\u00eenez-vous en toute s\u00e9curit\u00e9 : soutien ferme, confort total et aucune distraction.<\/p>","protected":false},"excerpt":{"rendered":"<div style=\"position: relative; padding-bottom: 56.25%; height: 0; overflow: hidden; max-width: 100%;\"><iframe style=\"position: absolute; top: 0; left: 0; width: 100%; height: 100%;\" src=\"https:\/\/www.youtube.com\/embed\/eQjvlTJwWqQ?autoplay=1&amp;mute=1&amp;playsinline=1&amp;rel=0&amp;controls=1&amp;loop=1&amp;playlist=eQjvlTJwWqQ\" frameborder=\"0\" allowfullscreen=\"allowfullscreen\"><br \/>\n<\/iframe><\/div>","protected":false},"featured_media":3610,"comment_status":"closed","ping_status":"closed","template":"","meta":{"content-type":""},"product_brand":[55],"product_cat":[123,20],"product_tag":[124,56],"class_list":{"0":"post-3601","1":"product","2":"type-product","3":"status-publish","4":"has-post-thumbnail","6":"product_brand-selene","7":"product_cat-deportivos","8":"product_cat-sujetador","9":"product_tag-deportivo","10":"product_tag-sujetador","12":"first","13":"instock","14":"taxable","15":"shipping-taxable","16":"purchasable","17":"product-type-variable"},"supplier_id":null,"supplier_sku":"","barcode":null,"atum_controlled":true,"out_stock_date":null,"out_stock_threshold":null,"inheritable":true,"inbound_stock":0,"stock_on_hold":0,"sold_today":0,"sales_last_days":0,"reserved_stock":0,"customer_returns":0,"warehouse_damage":0,"lost_in_post":0,"other_logs":0,"out_stock_days":null,"lost_sales":0,"has_location":false,"update_date":"2026-01-23T17:21:42","atum_locations":[],"atum_stock_status":"instock","restock_status":false,"low_stock_amount":"","sales_update_date":"2025-10-03T04:55:29","calc_backorders":null,"yoast_head":"<!-- This site is optimized with the Yoast SEO plugin v27.4 - https:\/\/yoast.com\/product\/yoast-seo-wordpress\/ -->\n<title>Sujetador Selene Gina - Rosana CL<\/title>\n<meta name=\"robots\" content=\"index, follow, max-snippet:-1, max-image-preview:large, max-video-preview:-1\" \/>\n<link rel=\"canonical\" href=\"https:\/\/rosanacl.com\/fr\/produit\/sujetador-selene-gina\/\" \/>\n<meta property=\"og:locale\" content=\"fr_FR\" \/>\n<meta property=\"og:type\" content=\"article\" \/>\n<meta property=\"og:title\" content=\"Sujetador Selene Gina - Rosana CL\" \/>\n<meta property=\"og:url\" content=\"https:\/\/rosanacl.com\/fr\/produit\/sujetador-selene-gina\/\" \/>\n<meta property=\"og:site_name\" content=\"Rosana CL\" \/>\n<meta property=\"article:modified_time\" content=\"2026-01-23T17:21:40+00:00\" \/>\n<meta property=\"og:image\" content=\"https:\/\/rosanacl.com\/wp-content\/uploads\/2025\/08\/1-14-e1756815963297.png\" \/>\n\t<meta property=\"og:image:width\" content=\"950\" \/>\n\t<meta property=\"og:image:height\" content=\"978\" \/>\n\t<meta property=\"og:image:type\" content=\"image\/png\" \/>\n<meta name=\"twitter:card\" content=\"summary_large_image\" \/>\n<meta name=\"twitter:label1\" content=\"Dur\u00e9e de lecture estim\u00e9e\" \/>\n\t<meta name=\"twitter:data1\" content=\"2 minutes\" \/>\n<script type=\"application\/ld+json\" class=\"yoast-schema-graph\">{\"@context\":\"https:\\\/\\\/schema.org\",\"@graph\":[{\"@type\":\"WebPage\",\"@id\":\"https:\\\/\\\/rosanacl.com\\\/producto\\\/sujetador-selene-gina\\\/\",\"url\":\"https:\\\/\\\/rosanacl.com\\\/producto\\\/sujetador-selene-gina\\\/\",\"name\":\"Sujetador Selene Gina - Rosana CL\",\"isPartOf\":{\"@id\":\"https:\\\/\\\/rosanacl.com\\\/ca\\\/#website\"},\"primaryImageOfPage\":{\"@id\":\"https:\\\/\\\/rosanacl.com\\\/producto\\\/sujetador-selene-gina\\\/#primaryimage\"},\"image\":{\"@id\":\"https:\\\/\\\/rosanacl.com\\\/producto\\\/sujetador-selene-gina\\\/#primaryimage\"},\"thumbnailUrl\":\"https:\\\/\\\/rosanacl.com\\\/wp-content\\\/uploads\\\/2025\\\/08\\\/1-14-e1756815963297.png\",\"datePublished\":\"2025-08-19T08:09:30+00:00\",\"dateModified\":\"2026-01-23T17:21:40+00:00\",\"breadcrumb\":{\"@id\":\"https:\\\/\\\/rosanacl.com\\\/producto\\\/sujetador-selene-gina\\\/#breadcrumb\"},\"inLanguage\":\"fr-FR\",\"potentialAction\":[{\"@type\":\"ReadAction\",\"target\":[\"https:\\\/\\\/rosanacl.com\\\/producto\\\/sujetador-selene-gina\\\/\"]}]},{\"@type\":\"ImageObject\",\"inLanguage\":\"fr-FR\",\"@id\":\"https:\\\/\\\/rosanacl.com\\\/producto\\\/sujetador-selene-gina\\\/#primaryimage\",\"url\":\"https:\\\/\\\/rosanacl.com\\\/wp-content\\\/uploads\\\/2025\\\/08\\\/1-14-e1756815963297.png\",\"contentUrl\":\"https:\\\/\\\/rosanacl.com\\\/wp-content\\\/uploads\\\/2025\\\/08\\\/1-14-e1756815963297.png\",\"width\":950,\"height\":978},{\"@type\":\"BreadcrumbList\",\"@id\":\"https:\\\/\\\/rosanacl.com\\\/producto\\\/sujetador-selene-gina\\\/#breadcrumb\",\"itemListElement\":[{\"@type\":\"ListItem\",\"position\":1,\"name\":\"Portada\",\"item\":\"https:\\\/\\\/rosanacl.com\\\/ca\\\/\"},{\"@type\":\"ListItem\",\"position\":2,\"name\":\"Tienda\",\"item\":\"https:\\\/\\\/rosanacl.com\\\/ca\\\/tienda\\\/\"},{\"@type\":\"ListItem\",\"position\":3,\"name\":\"Sujetador Selene Gina\"}]},{\"@type\":\"WebSite\",\"@id\":\"https:\\\/\\\/rosanacl.com\\\/ca\\\/#website\",\"url\":\"https:\\\/\\\/rosanacl.com\\\/ca\\\/\",\"name\":\"Rosana CL\",\"description\":\"Somos tu interior\",\"potentialAction\":[{\"@type\":\"SearchAction\",\"target\":{\"@type\":\"EntryPoint\",\"urlTemplate\":\"https:\\\/\\\/rosanacl.com\\\/ca\\\/?s={search_term_string}\"},\"query-input\":{\"@type\":\"PropertyValueSpecification\",\"valueRequired\":true,\"valueName\":\"search_term_string\"}}],\"inLanguage\":\"fr-FR\"}]}<\/script>\n<!-- \/ Yoast SEO plugin. -->","yoast_head_json":{"title":"Sujetador Selene Gina - Rosana CL","robots":{"index":"index","follow":"follow","max-snippet":"max-snippet:-1","max-image-preview":"max-image-preview:large","max-video-preview":"max-video-preview:-1"},"canonical":"https:\/\/rosanacl.com\/fr\/produit\/sujetador-selene-gina\/","og_locale":"fr_FR","og_type":"article","og_title":"Sujetador Selene Gina - Rosana CL","og_url":"https:\/\/rosanacl.com\/fr\/produit\/sujetador-selene-gina\/","og_site_name":"Rosana CL","article_modified_time":"2026-01-23T17:21:40+00:00","og_image":[{"width":950,"height":978,"url":"https:\/\/rosanacl.com\/wp-content\/uploads\/2025\/08\/1-14-e1756815963297.png","type":"image\/png"}],"twitter_card":"summary_large_image","twitter_misc":{"Dur\u00e9e de lecture estim\u00e9e":"2 minutes"},"schema":{"@context":"https:\/\/schema.org","@graph":[{"@type":"WebPage","@id":"https:\/\/rosanacl.com\/producto\/sujetador-selene-gina\/","url":"https:\/\/rosanacl.com\/producto\/sujetador-selene-gina\/","name":"Sujetador Selene Gina - Rosana CL","isPartOf":{"@id":"https:\/\/rosanacl.com\/ca\/#website"},"primaryImageOfPage":{"@id":"https:\/\/rosanacl.com\/producto\/sujetador-selene-gina\/#primaryimage"},"image":{"@id":"https:\/\/rosanacl.com\/producto\/sujetador-selene-gina\/#primaryimage"},"thumbnailUrl":"https:\/\/rosanacl.com\/wp-content\/uploads\/2025\/08\/1-14-e1756815963297.png","datePublished":"2025-08-19T08:09:30+00:00","dateModified":"2026-01-23T17:21:40+00:00","breadcrumb":{"@id":"https:\/\/rosanacl.com\/producto\/sujetador-selene-gina\/#breadcrumb"},"inLanguage":"fr-FR","potentialAction":[{"@type":"ReadAction","target":["https:\/\/rosanacl.com\/producto\/sujetador-selene-gina\/"]}]},{"@type":"ImageObject","inLanguage":"fr-FR","@id":"https:\/\/rosanacl.com\/producto\/sujetador-selene-gina\/#primaryimage","url":"https:\/\/rosanacl.com\/wp-content\/uploads\/2025\/08\/1-14-e1756815963297.png","contentUrl":"https:\/\/rosanacl.com\/wp-content\/uploads\/2025\/08\/1-14-e1756815963297.png","width":950,"height":978},{"@type":"BreadcrumbList","@id":"https:\/\/rosanacl.com\/producto\/sujetador-selene-gina\/#breadcrumb","itemListElement":[{"@type":"ListItem","position":1,"name":"Portada","item":"https:\/\/rosanacl.com\/ca\/"},{"@type":"ListItem","position":2,"name":"Tienda","item":"https:\/\/rosanacl.com\/ca\/tienda\/"},{"@type":"ListItem","position":3,"name":"Sujetador Selene Gina"}]},{"@type":"WebSite","@id":"https:\/\/rosanacl.com\/ca\/#website","url":"https:\/\/rosanacl.com\/ca\/","name":"Rosana CL","description":"Nous sommes votre int\u00e9rieur","potentialAction":[{"@type":"SearchAction","target":{"@type":"EntryPoint","urlTemplate":"https:\/\/rosanacl.com\/ca\/?s={search_term_string}"},"query-input":{"@type":"PropertyValueSpecification","valueRequired":true,"valueName":"search_term_string"}}],"inLanguage":"fr-FR"}]}},"_links":{"self":[{"href":"https:\/\/rosanacl.com\/fr\/wp-json\/wp\/v2\/product\/3601","targetHints":{"allow":["GET"]}}],"collection":[{"href":"https:\/\/rosanacl.com\/fr\/wp-json\/wp\/v2\/product"}],"about":[{"href":"https:\/\/rosanacl.com\/fr\/wp-json\/wp\/v2\/types\/product"}],"replies":[{"embeddable":true,"href":"https:\/\/rosanacl.com\/fr\/wp-json\/wp\/v2\/comments?post=3601"}],"version-history":[{"count":5,"href":"https:\/\/rosanacl.com\/fr\/wp-json\/wp\/v2\/product\/3601\/revisions"}],"predecessor-version":[{"id":4628,"href":"https:\/\/rosanacl.com\/fr\/wp-json\/wp\/v2\/product\/3601\/revisions\/4628"}],"wp:featuredmedia":[{"embeddable":true,"href":"https:\/\/rosanacl.com\/fr\/wp-json\/wp\/v2\/media\/3610"}],"wp:attachment":[{"href":"https:\/\/rosanacl.com\/fr\/wp-json\/wp\/v2\/media?parent=3601"}],"wp:term":[{"taxonomy":"product_brand","embeddable":true,"href":"https:\/\/rosanacl.com\/fr\/wp-json\/wp\/v2\/product_brand?post=3601"},{"taxonomy":"product_cat","embeddable":true,"href":"https:\/\/rosanacl.com\/fr\/wp-json\/wp\/v2\/product_cat?post=3601"},{"taxonomy":"product_tag","embeddable":true,"href":"https:\/\/rosanacl.com\/fr\/wp-json\/wp\/v2\/product_tag?post=3601"}],"curies":[{"name":"wp","href":"https:\/\/api.w.org\/{rel}","templated":true}]}}