{"id":393,"date":"2025-04-29T14:48:48","date_gmt":"2025-04-29T12:48:48","guid":{"rendered":"https:\/\/rosanacl.com\/?post_type=product&#038;p=393"},"modified":"2026-01-08T03:33:27","modified_gmt":"2026-01-08T02:33:27","slug":"sujetador-modelo-frida","status":"publish","type":"product","link":"https:\/\/rosanacl.com\/fr\/produit\/sujetador-modelo-frida\/","title":{"rendered":"Selene Frida Bra"},"content":{"rendered":"<p>Frida est con\u00e7ue pour celles qui recherchent une lingerie discr\u00e8te mais aux r\u00e9sultats visibles. Sa structure \u00e0 armatures galbe la poitrine avec \u00e9l\u00e9gance et finesse, tandis que l&#039;absence de rembourrage assure un fini naturel et flatteur, pour un confort optimal m\u00eame apr\u00e8s plusieurs heures.<\/p>\n<p>Ce soutien-gorge ne se contente pas de \u00ab\u00a0camoufler\u00a0\u00bb\u00a0: il sublime, galbe et procure une sensation de maintien imm\u00e9diate d\u00e8s qu\u2019on l\u2019attache. Sa particularit\u00e9\u00a0? Un entrecroisement de tulle gainant d\u00e9coup\u00e9 au laser qui lisse visuellement les c\u00f4t\u00e9s et les aisselles et cr\u00e9e une silhouette plus harmonieuse sous les v\u00eatements.<\/p>\n<p>Le r\u00e9sultat final est sophistiqu\u00e9 et discret : il s&#039;adapte, compl\u00e8te et stylise sans rigidit\u00e9, id\u00e9al pour les v\u00eatements ajust\u00e9s ou pour les jours o\u00f9 l&#039;on souhaite avoir une allure impeccable avec un minimum d&#039;effort.<\/p>\n<p>Les d\u00e9tails qui font la diff\u00e9rence<\/p>\n<ul>\n<li>Armatures pour un maintien d\u00e9fini et une silhouette plus harmonieuse.<\/li>\n<li>Sans remplissage : un fini naturel et \u00e9l\u00e9gant sans volume suppl\u00e9mentaire.<\/li>\n<li>Tulle \u00e0 contr\u00f4le crois\u00e9 pour un maintien plus stable et un effet plus soign\u00e9.<\/li>\n<li>D\u00e9coupe laser : toucher doux et tomb\u00e9 plus net sous les v\u00eatements.<\/li>\n<li>Con\u00e7u pour couvrir et lisser les c\u00f4t\u00e9s et les aisselles, affinant ainsi la silhouette.<\/li>\n<\/ul>\n<p>\ud83d\udde3\ufe0f Conseil : Avec le Frida, vous remarquerez cet effet \u00ab je me sens soutenue et \u00e9l\u00e9gante \u00bb sans rigidit\u00e9 : il tient fermement, rend le c\u00f4t\u00e9 plus soign\u00e9 et vous donne un sentiment imm\u00e9diat de s\u00e9curit\u00e9, celui qui vous fait vous sentir calme et \u00ab bien habill\u00e9e \u00bb toute la journ\u00e9e (surtout avec des v\u00eatements serr\u00e9s).<\/p>\n<p>\ud83d\udccf Remarque\u00a0: Pour choisir la bonne taille du premier coup, prenez 10\u00a0secondes avant de choisir la v\u00f4tre\u00a0: mesurez votre tour de poitrine sous la poitrine et comparez-le au guide des tailles. R\u00e9fl\u00e9chissez ensuite au maintien souhait\u00e9\u00a0: un soutien ferme ou un confort souple. Si vous h\u00e9sitez entre deux tailles, choisissez celle qui offre un bon maintien du tour de poitrine et un bonnet sans espace ni pression.<\/p>\n<p>Composition : 82% polyamide, 18% \u00e9lasthanne.<\/p>\n<p>\ud83d\ude18 Quand vous avez envie de vous sentir choy\u00e9e, \u00e0 l&#039;aise et belle.<\/p>\n<div id=\"v1ms-outlook-mobile-body-separator-line\" dir=\"auto\"><\/div>\n<p>&nbsp;<\/p>","protected":false},"excerpt":{"rendered":"<p>Frida est\u00e1 pensado para cuando quieres que la lencer\u00eda haga su trabajo en silencio, pero con un resultado que se ve. Su estructura con aros define el pecho con una forma limpia y elegante, mientras el dise\u00f1o sin relleno mantiene un acabado natural, favorecedor y muy c\u00f3modo de llevar durante horas. Es ese tipo de [&hellip;]<\/p>\n","protected":false},"featured_media":1439,"comment_status":"open","ping_status":"closed","template":"","meta":{"content-type":""},"product_brand":[55],"product_cat":[80,24,20],"product_tag":[57,56],"class_list":{"0":"post-393","1":"product","2":"type-product","3":"status-publish","4":"has-post-thumbnail","6":"product_brand-selene","7":"product_cat-con-aros-sin-relleno","8":"product_cat-sin-relleno","9":"product_cat-sujetador","10":"product_tag-sin-relleno","11":"product_tag-sujetador","13":"first","14":"instock","15":"taxable","16":"shipping-taxable","17":"purchasable","18":"product-type-variable"},"supplier_id":null,"supplier_sku":"","barcode":null,"atum_controlled":true,"out_stock_date":null,"out_stock_threshold":null,"inheritable":true,"inbound_stock":0,"stock_on_hold":0,"sold_today":0,"sales_last_days":0,"reserved_stock":0,"customer_returns":0,"warehouse_damage":0,"lost_in_post":0,"other_logs":0,"out_stock_days":0,"lost_sales":0,"has_location":false,"update_date":"2026-01-08T02:33:27","atum_locations":[],"atum_stock_status":"instock","restock_status":false,"low_stock_amount":"","sales_update_date":"2025-10-03T04:57:12","calc_backorders":null,"yoast_head":"<!-- This site is optimized with the Yoast SEO plugin v27.4 - https:\/\/yoast.com\/product\/yoast-seo-wordpress\/ -->\n<title>Sujetador Selene Frida - Rosana CL<\/title>\n<meta name=\"robots\" content=\"index, follow, max-snippet:-1, max-image-preview:large, max-video-preview:-1\" \/>\n<link rel=\"canonical\" href=\"https:\/\/rosanacl.com\/fr\/produit\/sujetador-modelo-frida\/\" \/>\n<meta property=\"og:locale\" content=\"fr_FR\" \/>\n<meta property=\"og:type\" content=\"article\" \/>\n<meta property=\"og:title\" content=\"Sujetador Selene Frida - Rosana CL\" \/>\n<meta property=\"og:description\" content=\"Frida est\u00e1 pensado para cuando quieres que la lencer\u00eda haga su trabajo en silencio, pero con un resultado que se ve. Su estructura con aros define el pecho con una forma limpia y elegante, mientras el dise\u00f1o sin relleno mantiene un acabado natural, favorecedor y muy c\u00f3modo de llevar durante horas. Es ese tipo de [&hellip;]\" \/>\n<meta property=\"og:url\" content=\"https:\/\/rosanacl.com\/fr\/produit\/sujetador-modelo-frida\/\" \/>\n<meta property=\"og:site_name\" content=\"Rosana CL\" \/>\n<meta property=\"article:modified_time\" content=\"2026-01-08T02:33:27+00:00\" \/>\n<meta property=\"og:image\" content=\"https:\/\/rosanacl.com\/wp-content\/uploads\/2025\/04\/Sujetador-modelo-Frida-000001.webp\" \/>\n\t<meta property=\"og:image:width\" content=\"1000\" \/>\n\t<meta property=\"og:image:height\" content=\"1000\" \/>\n\t<meta property=\"og:image:type\" content=\"image\/webp\" \/>\n<meta name=\"twitter:card\" content=\"summary_large_image\" \/>\n<meta name=\"twitter:label1\" content=\"Dur\u00e9e de lecture estim\u00e9e\" \/>\n\t<meta name=\"twitter:data1\" content=\"2 minutes\" \/>\n<script type=\"application\/ld+json\" class=\"yoast-schema-graph\">{\"@context\":\"https:\\\/\\\/schema.org\",\"@graph\":[{\"@type\":\"WebPage\",\"@id\":\"https:\\\/\\\/rosanacl.com\\\/producto\\\/sujetador-modelo-frida\\\/\",\"url\":\"https:\\\/\\\/rosanacl.com\\\/producto\\\/sujetador-modelo-frida\\\/\",\"name\":\"Sujetador Selene Frida - Rosana CL\",\"isPartOf\":{\"@id\":\"https:\\\/\\\/rosanacl.com\\\/ca\\\/#website\"},\"primaryImageOfPage\":{\"@id\":\"https:\\\/\\\/rosanacl.com\\\/producto\\\/sujetador-modelo-frida\\\/#primaryimage\"},\"image\":{\"@id\":\"https:\\\/\\\/rosanacl.com\\\/producto\\\/sujetador-modelo-frida\\\/#primaryimage\"},\"thumbnailUrl\":\"https:\\\/\\\/rosanacl.com\\\/wp-content\\\/uploads\\\/2025\\\/04\\\/Sujetador-modelo-Frida-000001.webp\",\"datePublished\":\"2025-04-29T12:48:48+00:00\",\"dateModified\":\"2026-01-08T02:33:27+00:00\",\"breadcrumb\":{\"@id\":\"https:\\\/\\\/rosanacl.com\\\/producto\\\/sujetador-modelo-frida\\\/#breadcrumb\"},\"inLanguage\":\"fr-FR\",\"potentialAction\":[{\"@type\":\"ReadAction\",\"target\":[\"https:\\\/\\\/rosanacl.com\\\/producto\\\/sujetador-modelo-frida\\\/\"]}]},{\"@type\":\"ImageObject\",\"inLanguage\":\"fr-FR\",\"@id\":\"https:\\\/\\\/rosanacl.com\\\/producto\\\/sujetador-modelo-frida\\\/#primaryimage\",\"url\":\"https:\\\/\\\/rosanacl.com\\\/wp-content\\\/uploads\\\/2025\\\/04\\\/Sujetador-modelo-Frida-000001.webp\",\"contentUrl\":\"https:\\\/\\\/rosanacl.com\\\/wp-content\\\/uploads\\\/2025\\\/04\\\/Sujetador-modelo-Frida-000001.webp\",\"width\":1000,\"height\":1000},{\"@type\":\"BreadcrumbList\",\"@id\":\"https:\\\/\\\/rosanacl.com\\\/producto\\\/sujetador-modelo-frida\\\/#breadcrumb\",\"itemListElement\":[{\"@type\":\"ListItem\",\"position\":1,\"name\":\"Portada\",\"item\":\"https:\\\/\\\/rosanacl.com\\\/ca\\\/\"},{\"@type\":\"ListItem\",\"position\":2,\"name\":\"Tienda\",\"item\":\"https:\\\/\\\/rosanacl.com\\\/ca\\\/tienda\\\/\"},{\"@type\":\"ListItem\",\"position\":3,\"name\":\"Sujetador Selene Frida\"}]},{\"@type\":\"WebSite\",\"@id\":\"https:\\\/\\\/rosanacl.com\\\/ca\\\/#website\",\"url\":\"https:\\\/\\\/rosanacl.com\\\/ca\\\/\",\"name\":\"Rosana CL\",\"description\":\"Somos tu interior\",\"potentialAction\":[{\"@type\":\"SearchAction\",\"target\":{\"@type\":\"EntryPoint\",\"urlTemplate\":\"https:\\\/\\\/rosanacl.com\\\/ca\\\/?s={search_term_string}\"},\"query-input\":{\"@type\":\"PropertyValueSpecification\",\"valueRequired\":true,\"valueName\":\"search_term_string\"}}],\"inLanguage\":\"fr-FR\"}]}<\/script>\n<!-- \/ Yoast SEO plugin. -->","yoast_head_json":{"title":"Sujetador Selene Frida - Rosana CL","robots":{"index":"index","follow":"follow","max-snippet":"max-snippet:-1","max-image-preview":"max-image-preview:large","max-video-preview":"max-video-preview:-1"},"canonical":"https:\/\/rosanacl.com\/fr\/produit\/sujetador-modelo-frida\/","og_locale":"fr_FR","og_type":"article","og_title":"Sujetador Selene Frida - Rosana CL","og_description":"Frida est\u00e1 pensado para cuando quieres que la lencer\u00eda haga su trabajo en silencio, pero con un resultado que se ve. Su estructura con aros define el pecho con una forma limpia y elegante, mientras el dise\u00f1o sin relleno mantiene un acabado natural, favorecedor y muy c\u00f3modo de llevar durante horas. Es ese tipo de [&hellip;]","og_url":"https:\/\/rosanacl.com\/fr\/produit\/sujetador-modelo-frida\/","og_site_name":"Rosana CL","article_modified_time":"2026-01-08T02:33:27+00:00","og_image":[{"width":1000,"height":1000,"url":"https:\/\/rosanacl.com\/wp-content\/uploads\/2025\/04\/Sujetador-modelo-Frida-000001.webp","type":"image\/webp"}],"twitter_card":"summary_large_image","twitter_misc":{"Dur\u00e9e de lecture estim\u00e9e":"2 minutes"},"schema":{"@context":"https:\/\/schema.org","@graph":[{"@type":"WebPage","@id":"https:\/\/rosanacl.com\/producto\/sujetador-modelo-frida\/","url":"https:\/\/rosanacl.com\/producto\/sujetador-modelo-frida\/","name":"Sujetador Selene Frida - Rosana CL","isPartOf":{"@id":"https:\/\/rosanacl.com\/ca\/#website"},"primaryImageOfPage":{"@id":"https:\/\/rosanacl.com\/producto\/sujetador-modelo-frida\/#primaryimage"},"image":{"@id":"https:\/\/rosanacl.com\/producto\/sujetador-modelo-frida\/#primaryimage"},"thumbnailUrl":"https:\/\/rosanacl.com\/wp-content\/uploads\/2025\/04\/Sujetador-modelo-Frida-000001.webp","datePublished":"2025-04-29T12:48:48+00:00","dateModified":"2026-01-08T02:33:27+00:00","breadcrumb":{"@id":"https:\/\/rosanacl.com\/producto\/sujetador-modelo-frida\/#breadcrumb"},"inLanguage":"fr-FR","potentialAction":[{"@type":"ReadAction","target":["https:\/\/rosanacl.com\/producto\/sujetador-modelo-frida\/"]}]},{"@type":"ImageObject","inLanguage":"fr-FR","@id":"https:\/\/rosanacl.com\/producto\/sujetador-modelo-frida\/#primaryimage","url":"https:\/\/rosanacl.com\/wp-content\/uploads\/2025\/04\/Sujetador-modelo-Frida-000001.webp","contentUrl":"https:\/\/rosanacl.com\/wp-content\/uploads\/2025\/04\/Sujetador-modelo-Frida-000001.webp","width":1000,"height":1000},{"@type":"BreadcrumbList","@id":"https:\/\/rosanacl.com\/producto\/sujetador-modelo-frida\/#breadcrumb","itemListElement":[{"@type":"ListItem","position":1,"name":"Portada","item":"https:\/\/rosanacl.com\/ca\/"},{"@type":"ListItem","position":2,"name":"Tienda","item":"https:\/\/rosanacl.com\/ca\/tienda\/"},{"@type":"ListItem","position":3,"name":"Sujetador Selene Frida"}]},{"@type":"WebSite","@id":"https:\/\/rosanacl.com\/ca\/#website","url":"https:\/\/rosanacl.com\/ca\/","name":"Rosana CL","description":"Nous sommes votre int\u00e9rieur","potentialAction":[{"@type":"SearchAction","target":{"@type":"EntryPoint","urlTemplate":"https:\/\/rosanacl.com\/ca\/?s={search_term_string}"},"query-input":{"@type":"PropertyValueSpecification","valueRequired":true,"valueName":"search_term_string"}}],"inLanguage":"fr-FR"}]}},"_links":{"self":[{"href":"https:\/\/rosanacl.com\/fr\/wp-json\/wp\/v2\/product\/393","targetHints":{"allow":["GET"]}}],"collection":[{"href":"https:\/\/rosanacl.com\/fr\/wp-json\/wp\/v2\/product"}],"about":[{"href":"https:\/\/rosanacl.com\/fr\/wp-json\/wp\/v2\/types\/product"}],"replies":[{"embeddable":true,"href":"https:\/\/rosanacl.com\/fr\/wp-json\/wp\/v2\/comments?post=393"}],"version-history":[{"count":5,"href":"https:\/\/rosanacl.com\/fr\/wp-json\/wp\/v2\/product\/393\/revisions"}],"predecessor-version":[{"id":4643,"href":"https:\/\/rosanacl.com\/fr\/wp-json\/wp\/v2\/product\/393\/revisions\/4643"}],"wp:featuredmedia":[{"embeddable":true,"href":"https:\/\/rosanacl.com\/fr\/wp-json\/wp\/v2\/media\/1439"}],"wp:attachment":[{"href":"https:\/\/rosanacl.com\/fr\/wp-json\/wp\/v2\/media?parent=393"}],"wp:term":[{"taxonomy":"product_brand","embeddable":true,"href":"https:\/\/rosanacl.com\/fr\/wp-json\/wp\/v2\/product_brand?post=393"},{"taxonomy":"product_cat","embeddable":true,"href":"https:\/\/rosanacl.com\/fr\/wp-json\/wp\/v2\/product_cat?post=393"},{"taxonomy":"product_tag","embeddable":true,"href":"https:\/\/rosanacl.com\/fr\/wp-json\/wp\/v2\/product_tag?post=393"}],"curies":[{"name":"wp","href":"https:\/\/api.w.org\/{rel}","templated":true}]}}