{"id":16,"date":"2025-03-28T15:59:16","date_gmt":"2025-03-28T18:59:16","guid":{"rendered":"https:\/\/innovacon.simplificandotuweb.com\/?page_id=16"},"modified":"2025-07-09T08:54:15","modified_gmt":"2025-07-09T06:54:15","slug":"politica-de-cookies","status":"publish","type":"page","link":"https:\/\/rosanacl.com\/gl\/politica-de-cookies\/","title":{"rendered":"Pol\u00edtica de cookies"},"content":{"rendered":"<div data-elementor-type=\"wp-page\" data-elementor-id=\"16\" class=\"elementor elementor-16\" data-elementor-post-type=\"page\">\n\t\t\t\t<div class=\"elementor-element elementor-element-3406fa7 e-flex e-con-boxed e-con e-parent\" data-id=\"3406fa7\" data-element_type=\"container\" data-e-type=\"container\" data-settings=\"{&quot;background_background&quot;:&quot;classic&quot;}\">\n\t\t\t\t\t<div class=\"e-con-inner\">\n\t\t<div class=\"elementor-element elementor-element-d212998 e-con-full e-flex e-con e-child\" data-id=\"d212998\" data-element_type=\"container\" data-e-type=\"container\">\n\t\t\t\t<div class=\"elementor-element elementor-element-973e9ce elementor-widget elementor-widget-heading\" data-id=\"973e9ce\" data-element_type=\"widget\" data-e-type=\"widget\" data-widget_type=\"heading.default\">\n\t\t\t\t<div class=\"elementor-widget-container\">\n\t\t\t\t\t<h2 class=\"elementor-heading-title elementor-size-default\">Pol\u00edtica de cookies<\/h2>\t\t\t\t<\/div>\n\t\t\t\t<\/div>\n\t\t\t\t<\/div>\n\t\t\t\t\t<\/div>\n\t\t\t\t<\/div>\n\t\t<div class=\"elementor-element elementor-element-504b4f4d e-flex e-con-boxed e-con e-parent\" data-id=\"504b4f4d\" data-element_type=\"container\" data-e-type=\"container\">\n\t\t\t\t\t<div class=\"e-con-inner\">\n\t\t\t\t<div class=\"elementor-element elementor-element-36706845 elementor-widget elementor-widget-text-editor\" data-id=\"36706845\" data-element_type=\"widget\" data-e-type=\"widget\" data-widget_type=\"text-editor.default\">\n\t\t\t\t<div class=\"elementor-widget-container\">\n\t\t\t\t\t\t\t\t\t\n<p>Esta Pol\u00edtica de cookies actualizouse por \u00faltima vez o 8 de xaneiro de 2024 e apl\u00edcase aos cidad\u00e1ns e residentes permanentes legais do Espazo Econ\u00f3mico Europeo e de Su\u00edza.<\/p>\n\n<p><strong>1. Introduci\u00f3n<\/strong><\/p>\n\n<p>O noso sitio web, <a href=\"https:\/\/rosanacl.com\/gl\/\">https:\/\/rosanacl.com\/<\/a> (en diante: &quot;o sitio web&quot;) utiliza cookies e outras tecnolox\u00edas relacionadas (para maior comodidade, todas as tecnolox\u00edas denom\u00ednanse &quot;cookies&quot;). As cookies tam\u00e9n as colocan terceiros que contratamos. O seguinte documento inf\u00f3rmache sobre o uso de cookies no noso sitio web.<\/p>\n\n<p><strong>2. Que son as cookies?<\/strong><\/p>\n\n<p>Unha cookie \u00e9 un pequeno ficheiro que se env\u00eda xunto coas p\u00e1xinas deste sitio web e que o teu navegador almacena no disco duro do teu ordenador ou outro dispositivo. A informaci\u00f3n almacenada pode devolverse aos nosos servidores ou a servidores de terceiros axeitados durante unha visita posterior.<\/p>\n\n<p><strong>3. Que son os gui\u00f3ns?<\/strong><\/p>\n\n<p>Un script \u00e9 un fragmento de c\u00f3digo de programa que se emprega para que o noso sitio web funcione correctamente e de forma interactiva. Este c\u00f3digo exec\u00fatase no noso servidor ou no teu dispositivo.<\/p>\n\n<p><strong>4. Que \u00e9 unha baliza web?<\/strong><\/p>\n\n<p>Unha baliza web (ou etiqueta de p\u00edxel) \u00e9 un pequeno anaco de texto ou imaxe invisible nun sitio web que se usa para monitorizar o tr\u00e1fico do sitio web. Para iso, almac\u00e9nanse varios datos sobre ti mediante estas balizas web.<\/p>\n\n<p><strong>5. Galletas<\/strong><\/p>\n\n<p><strong>5.1 Cookies t\u00e9cnicas ou funcionais<\/strong><\/p>\n\n<p>Algunhas cookies garanten que certas partes do sitio web funcionen correctamente e que as t\u00faas preferencias de usuario se mante\u00f1an co\u00f1ecidas. Ao colocar cookies funcionais, facilitamos a t\u00faa visita ao noso sitio web. Deste xeito, non necesitas introducir repetidamente a mesma informaci\u00f3n ao visitar o noso sitio web e, por exemplo, os artigos permanecen no teu carro da compra ata que pagues. Podemos colocar estas cookies sen o teu consentimento.<\/p>\n\n<p><strong>5.2 Cookies de mercadotecnia\/seguimento<\/strong><\/p>\n\n<p>As cookies de mercadotecnia\/seguimento son cookies ou outras formas de almacenamento local que se empregan para crear perf\u00eds de usuario co fin de mostrar publicidade ou rastrexar usuarios neste sitio web ou en varios sitios web con fins de mercadotecnia similares.<\/p>\n\n<p><strong>6. Cookies empregadas<\/strong><\/p>\n\n<ul class=\"wp-block-list\">\n<li>Elementor \u2013 Estat\u00edstica (an\u00f3nimo)<\/li>\n<li>Consentimento para o elementor do servizo<\/li>\n<li>WordPress \u2013 Funcional<\/li>\n<li>Consentimento para o servizo de WordPress<\/li>\n<li>Varios \u2013 Finalidade pendente de investigaci\u00f3n<\/li>\n<li>Consentimento para prestar servizos diversos<\/li>\n<\/ul>\n\n<p><strong>7. Consentimento<\/strong><\/p>\n\n<p>Cando visites o noso sitio web por primeira vez, mostrar\u00e9mosche unha xanela emerxente cunha explicaci\u00f3n sobre as cookies. En canto fagas clic en &quot;Gardar preferencias&quot;, aceptas que usemos as categor\u00edas de cookies e complementos que seleccionaches na xanela emerxente, tal e como se describe nesta pol\u00edtica de cookies. Podes desactivar o uso de cookies a trav\u00e9s do teu navegador, pero ten en conta que o noso sitio web pode deixar de funcionar correctamente.<\/p>\n\n<p><strong>7.1 Xestionar a configuraci\u00f3n do consentimento<\/strong><\/p>\n\n<ul class=\"wp-block-list\">\n<li>Funcional: sempre activo<\/li>\n<li>M\u00e1rketing \u2013 M\u00e1rketing<\/li>\n<\/ul>\n\n<p><strong>8. Activaci\u00f3n\/desactivaci\u00f3n e eliminaci\u00f3n de cookies<\/strong><\/p>\n\n<p>Podes usar o teu navegador de internet para eliminar as cookies de forma autom\u00e1tica ou manual. Tam\u00e9n podes especificar que non se coloquen determinadas cookies. Outra opci\u00f3n \u00e9 cambiar a configuraci\u00f3n do teu navegador de internet para recibir unha mensaxe cada vez que se coloquen cookies. Para obter m\u00e1is informaci\u00f3n sobre estas opci\u00f3ns, consulta as instruci\u00f3ns da secci\u00f3n &quot;Axuda&quot; do teu navegador.<\/p>\n\n<p>Ten en conta que o noso sitio web pode non funcionar correctamente se todas as cookies est\u00e1n desactivadas. Se eliminas as cookies do teu navegador, volver\u00e1n instalarse despois do teu consentimento cando volvas visitar os nosos sitios web.<\/p>\n\n<p><strong>9. Os seus dereitos en relaci\u00f3n cos datos persoais<\/strong><\/p>\n\n<ul class=\"wp-block-list\">\n<li>Tes dereito a saber por que se necesitan os teus datos persoais, que pasar\u00e1 con eles e canto tempo se conservar\u00e1n.<\/li>\n<li>Dereito de acceso: Ten dereito a acceder aos seus datos persoais que co\u00f1ecemos.<\/li>\n<li>Dereito de rectificaci\u00f3n: Tes dereito a completar, rectificar, eliminar ou bloquear os teus datos persoais cando queiras.<\/li>\n<li>Se nos d\u00e1 o seu consentimento para procesar os seus datos, ten dereito a revogar ese consentimento e a eliminar os seus datos persoais.<\/li>\n<li>Dereito de transferencia dos seus datos: Ten dereito a solicitar todos os seus datos persoais ao responsable do tratamento e a transferilos na s\u00faa totalidade a outro responsable do tratamento.<\/li>\n<li>Dereito de oposici\u00f3n: Pode opo\u00f1erse ao tratamento dos seus datos. Cumpriremos con isto a menos que existan motivos xustificados para o tratamento.<\/li>\n<\/ul>\n\n<p>Para exercer estes dereitos, p\u00f3\u00f1ase en contacto connosco. Consulte os datos de contacto ao final desta pol\u00edtica de cookies. Se ten algunha queixa sobre como xestionamos os seus datos, gustar\u00edanos co\u00f1ecela, pero tam\u00e9n ten dereito a presentar unha queixa ante a autoridade de control (a Autoridade de Protecci\u00f3n de Datos).<\/p>\n\n<p><strong>10. Informaci\u00f3n de contacto<\/strong><\/p>\n\n<p>Para preguntas e\/ou comentarios sobre a nosa pol\u00edtica de cookies e esta declaraci\u00f3n, p\u00f3\u00f1ase en contacto connosco utilizando a seguinte informaci\u00f3n de contacto:<\/p>\n\n<ul class=\"wp-block-list\">\n<li>Empresa: Pablo Angulo Maspons<\/li>\n<li>Poboaci\u00f3n: Vinaroz, Espa\u00f1a<\/li>\n<li>Tel\u00e9fono: 613395013<\/li>\n<li>Correo:<a href=\"mailto:info@rosanacl.com\"> info@rosanacl.com<\/a>\u00a0<\/li>\n<\/ul>\n\n<p>Esta pol\u00edtica de cookies sincronizouse con <a href=\"https:\/\/cookiedatabase.org\">base de datos de cookies.org<\/a> o 01\/08\/2024.<\/p>\n\n<p>\u00a0<\/p>\t\t\t\t\t\t\t\t<\/div>\n\t\t\t\t<\/div>\n\t\t\t\t\t<\/div>\n\t\t\t\t<\/div>\n\t\t\t\t<\/div>","protected":false},"excerpt":{"rendered":"<p>Esta pol\u00edtica de cookies fue actualizada por \u00faltima vez el 08\/01\/2024 y se aplica a los ciudadanos y residentes legales permanentes del Espacio Econ\u00f3mico Europeo y Suiza. 1. Introducci\u00f3n Nuestra web, https:\/\/rosanacl.com\/ (en adelante: \u00abla web\u00bb) utiliza cookies y otras tecnolog\u00edas relacionadas (para mayor comodidad, todas las tecnolog\u00edas se denominan \u00abcookies\u00bb). Las cookies tambi\u00e9n son [&hellip;]<\/p>\n","protected":false},"author":1,"featured_media":0,"parent":0,"menu_order":0,"comment_status":"closed","ping_status":"closed","template":"","meta":{"content-type":"","footnotes":""},"class_list":["post-16","page","type-page","status-publish","hentry"],"yoast_head":"<!-- This site is optimized with the Yoast SEO plugin v27.4 - https:\/\/yoast.com\/product\/yoast-seo-wordpress\/ -->\n<title>Pol\u00edtica de Cookies - Rosana CL<\/title>\n<meta name=\"robots\" content=\"index, follow, max-snippet:-1, max-image-preview:large, max-video-preview:-1\" \/>\n<link rel=\"canonical\" href=\"https:\/\/rosanacl.com\/gl\/politica-de-cookies\/\" \/>\n<meta property=\"og:locale\" content=\"gl_ES\" \/>\n<meta property=\"og:type\" content=\"article\" \/>\n<meta property=\"og:title\" content=\"Pol\u00edtica de Cookies - Rosana CL\" \/>\n<meta property=\"og:description\" content=\"Esta pol\u00edtica de cookies fue actualizada por \u00faltima vez el 08\/01\/2024 y se aplica a los ciudadanos y residentes legales permanentes del Espacio Econ\u00f3mico Europeo y Suiza. 1. Introducci\u00f3n Nuestra web, https:\/\/rosanacl.com\/ (en adelante: \u00abla web\u00bb) utiliza cookies y otras tecnolog\u00edas relacionadas (para mayor comodidad, todas las tecnolog\u00edas se denominan \u00abcookies\u00bb). Las cookies tambi\u00e9n son [&hellip;]\" \/>\n<meta property=\"og:url\" content=\"https:\/\/rosanacl.com\/gl\/politica-de-cookies\/\" \/>\n<meta property=\"og:site_name\" content=\"Rosana CL\" \/>\n<meta property=\"article:modified_time\" content=\"2025-07-09T06:54:15+00:00\" \/>\n<meta name=\"twitter:card\" content=\"summary_large_image\" \/>\n<meta name=\"twitter:label1\" content=\"Tempo de lectura\" \/>\n\t<meta name=\"twitter:data1\" content=\"4 minutos\" \/>\n<script type=\"application\/ld+json\" class=\"yoast-schema-graph\">{\"@context\":\"https:\\\/\\\/schema.org\",\"@graph\":[{\"@type\":\"WebPage\",\"@id\":\"https:\\\/\\\/rosanacl.com\\\/eu\\\/politica-de-cookies\\\/\",\"url\":\"https:\\\/\\\/rosanacl.com\\\/eu\\\/politica-de-cookies\\\/\",\"name\":\"Pol\u00edtica de Cookies - Rosana CL\",\"isPartOf\":{\"@id\":\"https:\\\/\\\/rosanacl.com\\\/ca\\\/#website\"},\"datePublished\":\"2025-03-28T18:59:16+00:00\",\"dateModified\":\"2025-07-09T06:54:15+00:00\",\"breadcrumb\":{\"@id\":\"https:\\\/\\\/rosanacl.com\\\/eu\\\/politica-de-cookies\\\/#breadcrumb\"},\"inLanguage\":\"gl-ES\",\"potentialAction\":[{\"@type\":\"ReadAction\",\"target\":[\"https:\\\/\\\/rosanacl.com\\\/eu\\\/politica-de-cookies\\\/\"]}]},{\"@type\":\"BreadcrumbList\",\"@id\":\"https:\\\/\\\/rosanacl.com\\\/eu\\\/politica-de-cookies\\\/#breadcrumb\",\"itemListElement\":[{\"@type\":\"ListItem\",\"position\":1,\"name\":\"Portada\",\"item\":\"https:\\\/\\\/rosanacl.com\\\/ca\\\/\"},{\"@type\":\"ListItem\",\"position\":2,\"name\":\"Pol\u00edtica de Cookies\"}]},{\"@type\":\"WebSite\",\"@id\":\"https:\\\/\\\/rosanacl.com\\\/ca\\\/#website\",\"url\":\"https:\\\/\\\/rosanacl.com\\\/ca\\\/\",\"name\":\"Rosana CL\",\"description\":\"Somos tu interior\",\"potentialAction\":[{\"@type\":\"SearchAction\",\"target\":{\"@type\":\"EntryPoint\",\"urlTemplate\":\"https:\\\/\\\/rosanacl.com\\\/ca\\\/?s={search_term_string}\"},\"query-input\":{\"@type\":\"PropertyValueSpecification\",\"valueRequired\":true,\"valueName\":\"search_term_string\"}}],\"inLanguage\":\"gl-ES\"}]}<\/script>\n<!-- \/ Yoast SEO plugin. -->","yoast_head_json":{"title":"Pol\u00edtica de Cookies - Rosana CL","robots":{"index":"index","follow":"follow","max-snippet":"max-snippet:-1","max-image-preview":"max-image-preview:large","max-video-preview":"max-video-preview:-1"},"canonical":"https:\/\/rosanacl.com\/gl\/politica-de-cookies\/","og_locale":"gl_ES","og_type":"article","og_title":"Pol\u00edtica de Cookies - Rosana CL","og_description":"Esta pol\u00edtica de cookies fue actualizada por \u00faltima vez el 08\/01\/2024 y se aplica a los ciudadanos y residentes legales permanentes del Espacio Econ\u00f3mico Europeo y Suiza. 1. Introducci\u00f3n Nuestra web, https:\/\/rosanacl.com\/ (en adelante: \u00abla web\u00bb) utiliza cookies y otras tecnolog\u00edas relacionadas (para mayor comodidad, todas las tecnolog\u00edas se denominan \u00abcookies\u00bb). Las cookies tambi\u00e9n son [&hellip;]","og_url":"https:\/\/rosanacl.com\/gl\/politica-de-cookies\/","og_site_name":"Rosana CL","article_modified_time":"2025-07-09T06:54:15+00:00","twitter_card":"summary_large_image","twitter_misc":{"Tempo de lectura":"4 minutos"},"schema":{"@context":"https:\/\/schema.org","@graph":[{"@type":"WebPage","@id":"https:\/\/rosanacl.com\/eu\/politica-de-cookies\/","url":"https:\/\/rosanacl.com\/eu\/politica-de-cookies\/","name":"Pol\u00edtica de Cookies - Rosana CL","isPartOf":{"@id":"https:\/\/rosanacl.com\/ca\/#website"},"datePublished":"2025-03-28T18:59:16+00:00","dateModified":"2025-07-09T06:54:15+00:00","breadcrumb":{"@id":"https:\/\/rosanacl.com\/eu\/politica-de-cookies\/#breadcrumb"},"inLanguage":"gl-ES","potentialAction":[{"@type":"ReadAction","target":["https:\/\/rosanacl.com\/eu\/politica-de-cookies\/"]}]},{"@type":"BreadcrumbList","@id":"https:\/\/rosanacl.com\/eu\/politica-de-cookies\/#breadcrumb","itemListElement":[{"@type":"ListItem","position":1,"name":"Portada","item":"https:\/\/rosanacl.com\/ca\/"},{"@type":"ListItem","position":2,"name":"Pol\u00edtica de Cookies"}]},{"@type":"WebSite","@id":"https:\/\/rosanacl.com\/ca\/#website","url":"https:\/\/rosanacl.com\/ca\/","name":"Rosana CL","description":"Somos o teu interior","potentialAction":[{"@type":"SearchAction","target":{"@type":"EntryPoint","urlTemplate":"https:\/\/rosanacl.com\/ca\/?s={search_term_string}"},"query-input":{"@type":"PropertyValueSpecification","valueRequired":true,"valueName":"search_term_string"}}],"inLanguage":"gl-ES"}]}},"_links":{"self":[{"href":"https:\/\/rosanacl.com\/gl\/wp-json\/wp\/v2\/pages\/16","targetHints":{"allow":["GET"]}}],"collection":[{"href":"https:\/\/rosanacl.com\/gl\/wp-json\/wp\/v2\/pages"}],"about":[{"href":"https:\/\/rosanacl.com\/gl\/wp-json\/wp\/v2\/types\/page"}],"author":[{"embeddable":true,"href":"https:\/\/rosanacl.com\/gl\/wp-json\/wp\/v2\/users\/1"}],"replies":[{"embeddable":true,"href":"https:\/\/rosanacl.com\/gl\/wp-json\/wp\/v2\/comments?post=16"}],"version-history":[{"count":0,"href":"https:\/\/rosanacl.com\/gl\/wp-json\/wp\/v2\/pages\/16\/revisions"}],"wp:attachment":[{"href":"https:\/\/rosanacl.com\/gl\/wp-json\/wp\/v2\/media?parent=16"}],"curies":[{"name":"wp","href":"https:\/\/api.w.org\/{rel}","templated":true}]}}