{"id":2566,"date":"2025-07-01T12:13:48","date_gmt":"2025-07-01T10:13:48","guid":{"rendered":"https:\/\/rosanacl.com\/?page_id=2566"},"modified":"2025-12-14T20:43:04","modified_gmt":"2025-12-14T19:43:04","slug":"politica-de-envio","status":"publish","type":"page","link":"https:\/\/rosanacl.com\/gl\/politica-de-envio\/","title":{"rendered":"Pol\u00edtica de env\u00edos"},"content":{"rendered":"<div data-elementor-type=\"wp-page\" data-elementor-id=\"2566\" class=\"elementor elementor-2566\" data-elementor-post-type=\"page\">\n\t\t\t\t<div class=\"elementor-element elementor-element-7a0b207 e-flex e-con-boxed e-con e-parent\" data-id=\"7a0b207\" data-element_type=\"container\" data-e-type=\"container\" data-settings=\"{&quot;background_background&quot;:&quot;classic&quot;}\">\n\t\t\t\t\t<div class=\"e-con-inner\">\n\t\t<div class=\"elementor-element elementor-element-2fcf4bc e-con-full e-flex e-con e-child\" data-id=\"2fcf4bc\" data-element_type=\"container\" data-e-type=\"container\">\n\t\t\t\t<div class=\"elementor-element elementor-element-d10b990 elementor-widget elementor-widget-heading\" data-id=\"d10b990\" data-element_type=\"widget\" data-e-type=\"widget\" data-widget_type=\"heading.default\">\n\t\t\t\t<div class=\"elementor-widget-container\">\n\t\t\t\t\t<h2 class=\"elementor-heading-title elementor-size-default\">Pol\u00edtica de env\u00edos<\/h2>\t\t\t\t<\/div>\n\t\t\t\t<\/div>\n\t\t\t\t<\/div>\n\t\t\t\t\t<\/div>\n\t\t\t\t<\/div>\n\t\t<div class=\"elementor-element elementor-element-eca30f2 e-flex e-con-boxed e-con e-parent\" data-id=\"eca30f2\" data-element_type=\"container\" data-e-type=\"container\">\n\t\t\t\t\t<div class=\"e-con-inner\">\n\t\t\t\t<div class=\"elementor-element elementor-element-8328658 elementor-widget elementor-widget-text-editor\" data-id=\"8328658\" data-element_type=\"widget\" data-e-type=\"widget\" data-widget_type=\"text-editor.default\">\n\t\t\t\t<div class=\"elementor-widget-container\">\n\t\t\t\t\t\t\t\t\t<p>Esta pol\u00edtica de env\u00edos actualizouse por \u00faltima vez o 01\/07\/2025 e apl\u00edcase a todas as compras realizadas a trav\u00e9s do noso sitio web: <a href=\"https:\/\/rosanacl.com\/gl\/\">https:\/\/rosanacl.com\/<\/a><\/p>\n<p><!-- \/wp:paragraph --><!-- wp:paragraph --><\/p>\n<p data-start=\"261\" data-end=\"494\">En <strong data-start=\"264\" data-end=\"277\">Rosana CL<\/strong> Compromet\u00e9monos a garantir que a t\u00faa experiencia de compra sexa segura, clara e satisfactoria desde o momento en que recibes o teu pedido. A continuaci\u00f3n, explic\u00e1mosche todo o que necesitas saber sobre os nosos env\u00edos:<\/p>\n<p data-start=\"105\" data-end=\"384\"><strong data-start=\"105\" data-end=\"131\">1. Env\u00edos a todo o mundo<\/strong><br data-start=\"131\" data-end=\"134\">Enviamos internacionalmente a practicamente calquera pa\u00eds. Non importa onde esteas, podes facer o teu pedido con total confianza. Traballamos con provedores de lox\u00edstica fiables para garantir que os teus produtos cheguen a tempo.<\/p>\n<p>En Rosana Cl, xestionamos cada pedido con coidado e profesionalidade. Por iso colaboramos con MBE (Mail Boxes Etc.), unha empresa de lox\u00edstica con 2.800 centros en 52 pa\u00edses, o que nos permite ofrecer env\u00edos seguros e eficientes tanto a nivel nacional como internacional. Os pedidos son entregados por transportistas de renome como:<\/p>\n<ul>\n<li>UPS<\/li>\n<li>SEUR<\/li>\n<li>TNT<\/li>\n<li>FEDEX<\/li>\n<li>CORREOS EXPRESS<\/li>\n<li>Etc\u2026<\/li>\n<\/ul>\n<p>Todos os nosos produtos chegar\u00e1n de forma segura e r\u00e1pida. Isto garante un proceso de env\u00edo coidadoso e eficiente, dese\u00f1ado para ofrecer a mellor experiencia posible aos nosos clientes.<\/p>\n<p data-start=\"105\" data-end=\"384\"><strong data-start=\"389\" data-end=\"417\">2. Procesamento de pedidos<\/strong><\/p>\n<p>Todos os pedidos proc\u00e9sanse unha vez confirmado o pagamento.<br data-start=\"520\" data-end=\"523\"><strong data-start=\"523\" data-end=\"643\">Se o pedido se realiza pola ma\u00f1\u00e1, enviarase pola tarde. Se se realiza pola tarde, enviarase ao d\u00eda seguinte.<\/strong><br data-start=\"643\" data-end=\"646\">Durante as promoci\u00f3ns, as rebaixas ou outros eventos especiais, os tempos de procesamento poden ser lixeiramente m\u00e1is longos, pero sempre te manteremos informado.<\/p>\n<p data-start=\"809\" data-end=\"1090\"><strong data-start=\"809\" data-end=\"845\">3. N\u00famero de seguimento<\/strong><br data-start=\"845\" data-end=\"848\">Unha vez que o teu pedido sexa enviado, enviar\u00e9mosche un n\u00famero de seguimento por correo electr\u00f3nico ou pola canle de comunicaci\u00f3n que utilizaches cando compraches.<br data-start=\"1014\" data-end=\"1017\">Podes seguir o estado do teu env\u00edo en todo momento ata que o recibas.<\/p>\n<p data-start=\"809\" data-end=\"1090\"><strong data-start=\"1095\" data-end=\"1127\">4. Prazos de entrega estimados<\/strong><\/p>\n<p data-start=\"1095\" data-end=\"1291\">Os prazos de entrega poden variar dependendo do pa\u00eds de destino, do m\u00e9todo de env\u00edo seleccionado e doutros factores externos (clima, costumes, etc.). Como referencia:<\/p>\n<ul data-start=\"1293\" data-end=\"1530\">\n<li data-start=\"1293\" data-end=\"1342\">\n<p data-start=\"1295\" data-end=\"1342\">Env\u00edos nacionais: <strong data-start=\"1314\" data-end=\"1340\">De 24 a 48 horas h\u00e1biles.<\/strong><\/p>\n<\/li>\n<li data-start=\"1343\" data-end=\"1434\">\n<p data-start=\"1345\" data-end=\"1434\">Env\u00edos internacionais dentro de Europa: <strong data-start=\"1386\" data-end=\"1408\">De 4 a 6 d\u00edas h\u00e1biles<\/strong>, por terra ou por aire.<\/p>\n<\/li>\n<li data-start=\"1435\" data-end=\"1530\">\n<p data-start=\"1437\" data-end=\"1530\">Env\u00edos internacionais f\u00f3ra de Europa (resto do mundo): <strong data-start=\"1495\" data-end=\"1518\">de 8 a 10 d\u00edas h\u00e1biles<\/strong>, v\u00edas respiratorias.<\/p>\n<\/li>\n<\/ul>\n<p>O servizo de env\u00edo incl\u00fae dous intentos de entrega ao longo do d\u00eda ou ao d\u00eda seguinte. Se a entrega non se pode realizar por falta de informaci\u00f3n ou por erros, ou pola ausencia do destinatario, realizarase unha terceira entrega nun punto de recollida pr\u00f3ximo.<\/p>\n<p>Se o cliente non recolle o produto no prazo de 10 d\u00edas, o paquete ser\u00e1 devolto ao almac\u00e9n co que traballamos en Rosana CL, onde se descontar\u00e1n os gastos de env\u00edo e devoluci\u00f3n incorridos.&nbsp;<\/p>\n<p data-start=\"1437\" data-end=\"1530\"><strong>5. Custos de env\u00edo<\/strong><\/p>\n<p data-start=\"1535\" data-end=\"1779\">Os custos de env\u00edo calc\u00falanse ao finalizar a compra en funci\u00f3n do enderezo de env\u00edo e do peso do paquete. En ocasi\u00f3ns especiais, ofrecemos env\u00edo gratu\u00edto a certos pa\u00edses ou en pedidos superiores a unha determinada cantidade.<\/p>\n<p data-start=\"1535\" data-end=\"1779\">Para pedidos superiores a 59 \u20ac, o env\u00edo \u00e9 gratu\u00edto, s\u00f3 dentro da pen\u00ednsula.<\/p>\n<p data-start=\"1535\" data-end=\"1779\">Se o pedido debe pasar por aduanas, calquera imposto, arancel ou taxa adicional ser\u00e1 responsabilidade do cliente.&nbsp;<\/p>\n<p><strong data-start=\"1784\" data-end=\"1815\">6. Aduanas e impostos locais<\/strong><br data-start=\"1815\" data-end=\"1818\">Para env\u00edos internacionais, alg\u00fans pa\u00edses poden aplicar impostos ou dereitos de aduana. Estes cargos son responsabilidade do cliente e non est\u00e1n inclu\u00eddos no prezo do produto nin nos custos de env\u00edo.<\/p>\n<p data-start=\"1784\" data-end=\"2026\"><strong data-start=\"2031\" data-end=\"2059\">7. Problemas coa entrega<\/strong><\/p>\n<p>Se o teu paquete se atrasa ou ten alg\u00fan problema, podes contactar connosco directamente e axudar\u00e9mosche a resolvelo o m\u00e1is r\u00e1pido posible.<\/p>\n<p>Se tes algunha d\u00fabida ou necesitas axuda co teu env\u00edo, non dubides en contactar connosco a trav\u00e9s do noso formulario de contacto ou por correo electr\u00f3nico: &nbsp;<a href=\"mailto:info@rosanacl.com\">info@rosanacl.com<\/a><br data-start=\"2620\" data-end=\"2623\">Grazas por confiar en n\u00f3s <strong data-start=\"2646\" data-end=\"2659\">Rosana CL<\/strong>.<\/p>\n<h4><b>NOTA: Informamos aos nosos clientes que, debido ao per\u00edodo de vacaci\u00f3ns da nosa empresa provedora, pode haber atrasos nas entregas e na dispo\u00f1ibilidade de stock durante o mes de agosto.<\/b><\/h4>\t\t\t\t\t\t\t\t<\/div>\n\t\t\t\t<\/div>\n\t\t\t\t\t<\/div>\n\t\t\t\t<\/div>\n\t\t\t\t<\/div>","protected":false},"excerpt":{"rendered":"<p>Esta pol\u00edtica de env\u00edos fue actualizada por \u00faltima vez el 01\/07\/2025 y se aplica a todas las compras realizadas a trav\u00e9s de nuestra web: https:\/\/rosanacl.com\/ En Rosana CL nos comprometemos a que tu experiencia de compra sea segura, clara y satisfactoria desde el primer momento hasta que recibas tu pedido. A continuaci\u00f3n, te explicamos todo [&hellip;]<\/p>\n","protected":false},"author":1,"featured_media":0,"parent":0,"menu_order":0,"comment_status":"closed","ping_status":"closed","template":"","meta":{"content-type":"","footnotes":""},"class_list":["post-2566","page","type-page","status-publish","hentry"],"yoast_head":"<!-- This site is optimized with the Yoast SEO plugin v27.4 - https:\/\/yoast.com\/product\/yoast-seo-wordpress\/ -->\n<title>Pol\u00edtica de Env\u00edo - Rosana CL<\/title>\n<meta name=\"robots\" content=\"index, follow, max-snippet:-1, max-image-preview:large, max-video-preview:-1\" \/>\n<link rel=\"canonical\" href=\"https:\/\/rosanacl.com\/gl\/politica-de-envio\/\" \/>\n<meta property=\"og:locale\" content=\"gl_ES\" \/>\n<meta property=\"og:type\" content=\"article\" \/>\n<meta property=\"og:title\" content=\"Pol\u00edtica de Env\u00edo - Rosana CL\" \/>\n<meta property=\"og:description\" content=\"Esta pol\u00edtica de env\u00edos fue actualizada por \u00faltima vez el 01\/07\/2025 y se aplica a todas las compras realizadas a trav\u00e9s de nuestra web: https:\/\/rosanacl.com\/ En Rosana CL nos comprometemos a que tu experiencia de compra sea segura, clara y satisfactoria desde el primer momento hasta que recibas tu pedido. A continuaci\u00f3n, te explicamos todo [&hellip;]\" \/>\n<meta property=\"og:url\" content=\"https:\/\/rosanacl.com\/gl\/politica-de-envio\/\" \/>\n<meta property=\"og:site_name\" content=\"Rosana CL\" \/>\n<meta property=\"article:modified_time\" content=\"2025-12-14T19:43:04+00:00\" \/>\n<meta name=\"twitter:card\" content=\"summary_large_image\" \/>\n<meta name=\"twitter:label1\" content=\"Tempo de lectura\" \/>\n\t<meta name=\"twitter:data1\" content=\"4 minutos\" \/>\n<script type=\"application\/ld+json\" class=\"yoast-schema-graph\">{\"@context\":\"https:\\\/\\\/schema.org\",\"@graph\":[{\"@type\":\"WebPage\",\"@id\":\"https:\\\/\\\/rosanacl.com\\\/uk\\\/politica-de-envio\\\/\",\"url\":\"https:\\\/\\\/rosanacl.com\\\/uk\\\/politica-de-envio\\\/\",\"name\":\"Pol\u00edtica de Env\u00edo - Rosana CL\",\"isPartOf\":{\"@id\":\"https:\\\/\\\/rosanacl.com\\\/ca\\\/#website\"},\"datePublished\":\"2025-07-01T10:13:48+00:00\",\"dateModified\":\"2025-12-14T19:43:04+00:00\",\"breadcrumb\":{\"@id\":\"https:\\\/\\\/rosanacl.com\\\/uk\\\/politica-de-envio\\\/#breadcrumb\"},\"inLanguage\":\"gl-ES\",\"potentialAction\":[{\"@type\":\"ReadAction\",\"target\":[\"https:\\\/\\\/rosanacl.com\\\/uk\\\/politica-de-envio\\\/\"]}]},{\"@type\":\"BreadcrumbList\",\"@id\":\"https:\\\/\\\/rosanacl.com\\\/uk\\\/politica-de-envio\\\/#breadcrumb\",\"itemListElement\":[{\"@type\":\"ListItem\",\"position\":1,\"name\":\"Portada\",\"item\":\"https:\\\/\\\/rosanacl.com\\\/ca\\\/\"},{\"@type\":\"ListItem\",\"position\":2,\"name\":\"Pol\u00edtica de Env\u00edo\"}]},{\"@type\":\"WebSite\",\"@id\":\"https:\\\/\\\/rosanacl.com\\\/ca\\\/#website\",\"url\":\"https:\\\/\\\/rosanacl.com\\\/ca\\\/\",\"name\":\"Rosana CL\",\"description\":\"Somos tu interior\",\"potentialAction\":[{\"@type\":\"SearchAction\",\"target\":{\"@type\":\"EntryPoint\",\"urlTemplate\":\"https:\\\/\\\/rosanacl.com\\\/ca\\\/?s={search_term_string}\"},\"query-input\":{\"@type\":\"PropertyValueSpecification\",\"valueRequired\":true,\"valueName\":\"search_term_string\"}}],\"inLanguage\":\"gl-ES\"}]}<\/script>\n<!-- \/ Yoast SEO plugin. -->","yoast_head_json":{"title":"Pol\u00edtica de Env\u00edo - Rosana CL","robots":{"index":"index","follow":"follow","max-snippet":"max-snippet:-1","max-image-preview":"max-image-preview:large","max-video-preview":"max-video-preview:-1"},"canonical":"https:\/\/rosanacl.com\/gl\/politica-de-envio\/","og_locale":"gl_ES","og_type":"article","og_title":"Pol\u00edtica de Env\u00edo - Rosana CL","og_description":"Esta pol\u00edtica de env\u00edos fue actualizada por \u00faltima vez el 01\/07\/2025 y se aplica a todas las compras realizadas a trav\u00e9s de nuestra web: https:\/\/rosanacl.com\/ En Rosana CL nos comprometemos a que tu experiencia de compra sea segura, clara y satisfactoria desde el primer momento hasta que recibas tu pedido. A continuaci\u00f3n, te explicamos todo [&hellip;]","og_url":"https:\/\/rosanacl.com\/gl\/politica-de-envio\/","og_site_name":"Rosana CL","article_modified_time":"2025-12-14T19:43:04+00:00","twitter_card":"summary_large_image","twitter_misc":{"Tempo de lectura":"4 minutos"},"schema":{"@context":"https:\/\/schema.org","@graph":[{"@type":"WebPage","@id":"https:\/\/rosanacl.com\/uk\/politica-de-envio\/","url":"https:\/\/rosanacl.com\/uk\/politica-de-envio\/","name":"Pol\u00edtica de Env\u00edo - Rosana CL","isPartOf":{"@id":"https:\/\/rosanacl.com\/ca\/#website"},"datePublished":"2025-07-01T10:13:48+00:00","dateModified":"2025-12-14T19:43:04+00:00","breadcrumb":{"@id":"https:\/\/rosanacl.com\/uk\/politica-de-envio\/#breadcrumb"},"inLanguage":"gl-ES","potentialAction":[{"@type":"ReadAction","target":["https:\/\/rosanacl.com\/uk\/politica-de-envio\/"]}]},{"@type":"BreadcrumbList","@id":"https:\/\/rosanacl.com\/uk\/politica-de-envio\/#breadcrumb","itemListElement":[{"@type":"ListItem","position":1,"name":"Portada","item":"https:\/\/rosanacl.com\/ca\/"},{"@type":"ListItem","position":2,"name":"Pol\u00edtica de Env\u00edo"}]},{"@type":"WebSite","@id":"https:\/\/rosanacl.com\/ca\/#website","url":"https:\/\/rosanacl.com\/ca\/","name":"Rosana CL","description":"Somos o teu interior","potentialAction":[{"@type":"SearchAction","target":{"@type":"EntryPoint","urlTemplate":"https:\/\/rosanacl.com\/ca\/?s={search_term_string}"},"query-input":{"@type":"PropertyValueSpecification","valueRequired":true,"valueName":"search_term_string"}}],"inLanguage":"gl-ES"}]}},"_links":{"self":[{"href":"https:\/\/rosanacl.com\/gl\/wp-json\/wp\/v2\/pages\/2566","targetHints":{"allow":["GET"]}}],"collection":[{"href":"https:\/\/rosanacl.com\/gl\/wp-json\/wp\/v2\/pages"}],"about":[{"href":"https:\/\/rosanacl.com\/gl\/wp-json\/wp\/v2\/types\/page"}],"author":[{"embeddable":true,"href":"https:\/\/rosanacl.com\/gl\/wp-json\/wp\/v2\/users\/1"}],"replies":[{"embeddable":true,"href":"https:\/\/rosanacl.com\/gl\/wp-json\/wp\/v2\/comments?post=2566"}],"version-history":[{"count":6,"href":"https:\/\/rosanacl.com\/gl\/wp-json\/wp\/v2\/pages\/2566\/revisions"}],"predecessor-version":[{"id":4647,"href":"https:\/\/rosanacl.com\/gl\/wp-json\/wp\/v2\/pages\/2566\/revisions\/4647"}],"wp:attachment":[{"href":"https:\/\/rosanacl.com\/gl\/wp-json\/wp\/v2\/media?parent=2566"}],"curies":[{"name":"wp","href":"https:\/\/api.w.org\/{rel}","templated":true}]}}