{"id":2879,"date":"2025-07-18T11:08:52","date_gmt":"2025-07-18T09:08:52","guid":{"rendered":"https:\/\/rosanacl.com\/?page_id=2879"},"modified":"2025-07-25T08:11:47","modified_gmt":"2025-07-25T06:11:47","slug":"mejor-sujetador-sin-tirantes-para-pecho-grande","status":"publish","type":"page","link":"https:\/\/rosanacl.com\/gl\/mejor-sujetador-sin-tirantes-para-pecho-grande\/","title":{"rendered":"O mellor suti\u00e1n sen tirantes para peitos grandes"},"content":{"rendered":"<div data-elementor-type=\"wp-page\" data-elementor-id=\"2879\" class=\"elementor elementor-2879\" data-elementor-post-type=\"page\">\n\t\t\t\t<div class=\"elementor-element elementor-element-171998c7 e-flex e-con-boxed e-con e-parent\" data-id=\"171998c7\" data-element_type=\"container\" data-e-type=\"container\">\n\t\t\t\t\t<div class=\"e-con-inner\">\n\t\t\t\t<div class=\"elementor-element elementor-element-6575351f elementor-widget elementor-widget-text-editor\" data-id=\"6575351f\" data-element_type=\"widget\" data-e-type=\"widget\" data-widget_type=\"text-editor.default\">\n\t\t\t\t<div class=\"elementor-widget-container\">\n\t\t\t\t\t\t\t\t\t\n<p><\/p>\n\n\n\n<p><\/p>\n\t\t\t\t\t\t\t\t<\/div>\n\t\t\t\t<\/div>\n\t\t\t\t\t<\/div>\n\t\t\t\t<\/div>\n\t\t<div class=\"elementor-element elementor-element-cf7d341 e-flex e-con-boxed e-con e-parent\" data-id=\"cf7d341\" data-element_type=\"container\" data-e-type=\"container\">\n\t\t\t\t\t<div class=\"e-con-inner\">\n\t\t\t\t<div class=\"elementor-element elementor-element-1f1d080 elementor-widget elementor-widget-heading\" data-id=\"1f1d080\" data-element_type=\"widget\" data-e-type=\"widget\" data-widget_type=\"heading.default\">\n\t\t\t\t<div class=\"elementor-widget-container\">\n\t\t\t\t\t<h2 class=\"elementor-heading-title elementor-size-default\">O mellor suti\u00e1n sen tirantes para peitos grandes<\/h2>\t\t\t\t<\/div>\n\t\t\t\t<\/div>\n\t\t\t\t\t<\/div>\n\t\t\t\t<\/div>\n\t\t<div class=\"elementor-element elementor-element-dc1921d e-flex e-con-boxed e-con e-parent\" data-id=\"dc1921d\" data-element_type=\"container\" data-e-type=\"container\">\n\t\t\t\t\t<div class=\"e-con-inner\">\n\t\t<div class=\"elementor-element elementor-element-d19616f e-con-full e-flex e-con e-child\" data-id=\"d19616f\" data-element_type=\"container\" data-e-type=\"container\">\n\t\t\t\t<div class=\"elementor-element elementor-element-8ba1404 elementor-widget elementor-widget-text-editor\" data-id=\"8ba1404\" data-element_type=\"widget\" data-e-type=\"widget\" data-widget_type=\"text-editor.default\">\n\t\t\t\t<div class=\"elementor-widget-container\">\n\t\t\t\t\t\t\t\t\t<h3 data-start=\"437\" data-end=\"547\">O mellor suti\u00e1n sen tirantes para peitos grandes: como atopar o equilibrio ideal entre soporte e estilo<\/h3>\n<p data-start=\"549\" data-end=\"1062\">Atopar o\/a\/os\/as <strong data-start=\"562\" data-end=\"612\">o mellor suti\u00e1n sen tirantes para peitos grandes<\/strong> Pode parecer unha tarefa desalentadora, especialmente cando moitas marcas priorizan o dese\u00f1o sobre a funcionalidade. As mulleres con bustos m\u00e1is voluminosos precisan algo m\u00e1is que unha peza atractiva: queren soporte real, liberdade de movemento e comodidade durante todo o d\u00eda. Un suti\u00e1n sen tirantes para peitos m\u00e1is grandes debe estar dese\u00f1ado con precisi\u00f3n, con reforzos estrat\u00e9xicos e materiais de alta calidade que garantan a estabilidade sen sacrificar o estilo.<\/p>\n<p data-start=\"1064\" data-end=\"1473\">Neste sentido, Rosana CL consolidouse como un referente nacional en corseter\u00eda feminina. Con m\u00e1is de 40 anos de experiencia no sector, esta tenda especializada comprende as necesidades reais das s\u00faas clientas. Por iso, o seu cat\u00e1logo c\u00e9ntrase en soluci\u00f3ns eficaces e elegantes, como a <strong data-start=\"1357\" data-end=\"1407\">o mellor suti\u00e1n sen tirantes para peitos grandes<\/strong> que funciona de verdade: sen ca\u00eddas, sen marcas, sen molestias.<\/p>\t\t\t\t\t\t\t\t<\/div>\n\t\t\t\t<\/div>\n\t\t\t\t<\/div>\n\t\t<div class=\"elementor-element elementor-element-5568f8b e-con-full e-flex e-con e-child\" data-id=\"5568f8b\" data-element_type=\"container\" data-e-type=\"container\">\n\t\t\t\t<div class=\"elementor-element elementor-element-980debe elementor-widget elementor-widget-image\" data-id=\"980debe\" data-element_type=\"widget\" data-e-type=\"widget\" data-widget_type=\"image.default\">\n\t\t\t\t<div class=\"elementor-widget-container\">\n\t\t\t\t\t\t\t\t\t\t\t\t\t\t\t<img fetchpriority=\"high\" decoding=\"async\" width=\"800\" height=\"566\" src=\"https:\/\/rosanacl.com\/wp-content\/uploads\/2025\/07\/sujetador-reductor-1024x724.jpg\" class=\"attachment-large size-large wp-image-2865\" alt=\"\" srcset=\"https:\/\/rosanacl.com\/wp-content\/uploads\/2025\/07\/sujetador-reductor-1024x724.jpg 1024w, https:\/\/rosanacl.com\/wp-content\/uploads\/2025\/07\/sujetador-reductor-300x212.jpg 300w, https:\/\/rosanacl.com\/wp-content\/uploads\/2025\/07\/sujetador-reductor-768x543.jpg 768w, https:\/\/rosanacl.com\/wp-content\/uploads\/2025\/07\/sujetador-reductor-1536x1086.jpg 1536w, https:\/\/rosanacl.com\/wp-content\/uploads\/2025\/07\/sujetador-reductor-18x12.jpg 18w, https:\/\/rosanacl.com\/wp-content\/uploads\/2025\/07\/sujetador-reductor-600x424.jpg 600w, https:\/\/rosanacl.com\/wp-content\/uploads\/2025\/07\/sujetador-reductor.jpg 2000w\" sizes=\"(max-width: 800px) 100vw, 800px\" \/>\t\t\t\t\t\t\t\t\t\t\t\t\t\t\t<\/div>\n\t\t\t\t<\/div>\n\t\t\t\t<\/div>\n\t\t\t\t\t<\/div>\n\t\t\t\t<\/div>\n\t\t<div class=\"elementor-element elementor-element-5e380fb e-flex e-con-boxed e-con e-parent\" data-id=\"5e380fb\" data-element_type=\"container\" data-e-type=\"container\">\n\t\t\t\t\t<div class=\"e-con-inner\">\n\t\t<div class=\"elementor-element elementor-element-a763375 e-con-full e-flex e-con e-child\" data-id=\"a763375\" data-element_type=\"container\" data-e-type=\"container\">\n\t\t\t\t<div class=\"elementor-element elementor-element-a8aecc4 elementor-widget elementor-widget-image\" data-id=\"a8aecc4\" data-element_type=\"widget\" data-e-type=\"widget\" data-widget_type=\"image.default\">\n\t\t\t\t<div class=\"elementor-widget-container\">\n\t\t\t\t\t\t\t\t\t\t\t\t\t\t\t<img decoding=\"async\" width=\"589\" height=\"750\" src=\"https:\/\/rosanacl.com\/wp-content\/uploads\/2025\/05\/3-2-804x1024.png\" class=\"attachment-large size-large wp-image-2153\" alt=\"\" srcset=\"https:\/\/rosanacl.com\/wp-content\/uploads\/2025\/05\/3-2-804x1024.png 804w, https:\/\/rosanacl.com\/wp-content\/uploads\/2025\/05\/3-2-9x12.png 9w, https:\/\/rosanacl.com\/wp-content\/uploads\/2025\/05\/3-2-235x300.png 235w, https:\/\/rosanacl.com\/wp-content\/uploads\/2025\/05\/3-2-768x979.png 768w, https:\/\/rosanacl.com\/wp-content\/uploads\/2025\/05\/3-2-600x765.png 600w, https:\/\/rosanacl.com\/wp-content\/uploads\/2025\/05\/3-2.png 1046w\" sizes=\"(max-width: 589px) 100vw, 589px\" \/>\t\t\t\t\t\t\t\t\t\t\t\t\t\t\t<\/div>\n\t\t\t\t<\/div>\n\t\t\t\t<\/div>\n\t\t<div class=\"elementor-element elementor-element-b02b1e9 e-con-full e-flex e-con e-child\" data-id=\"b02b1e9\" data-element_type=\"container\" data-e-type=\"container\">\n\t\t\t\t<div class=\"elementor-element elementor-element-e25a6f0 elementor-widget elementor-widget-text-editor\" data-id=\"e25a6f0\" data-element_type=\"widget\" data-e-type=\"widget\" data-widget_type=\"text-editor.default\">\n\t\t\t\t<div class=\"elementor-widget-container\">\n\t\t\t\t\t\t\t\t\t<h3 data-start=\"1475\" data-end=\"1553\">Por que Rosana CL ofrece o mellor suti\u00e1n sen tirantes para peitos grandes<\/h3>\n<p data-start=\"1555\" data-end=\"2061\">A diferenza entre un suti\u00e1n sen tirantes normal e un <strong data-start=\"1612\" data-end=\"1662\">o mellor suti\u00e1n sen tirantes para peitos grandes<\/strong> Est\u00e1 nos detalles. En Rosana CL traballamos exclusivamente con <strong data-start=\"1726\" data-end=\"1736\">Selene<\/strong>, unha marca espa\u00f1ola l\u00edder que fabrica os seus produtos en Espa\u00f1a, combinando un dese\u00f1o funcional cunha est\u00e9tica refinada. Cada modelo sen tirantes que ofrecen foi probado e seleccionado para proporcionar unha suxeici\u00f3n firme, mesmo para tallas m\u00e1is grandes, grazas \u00e1 s\u00faa estrutura interna, banda ancha e copas reforzadas.<\/p>\n<p data-start=\"2063\" data-end=\"2464\">As mulleres con peitos grandes adoitan evitar este tipo de suxeitadores por medo a que lles escorreguen ou non cumpran a s\u00faa funci\u00f3n. Non obstante, os modelos dispo\u00f1ibles en Rosana CL est\u00e1n dese\u00f1ados especificamente para adaptarse ao corpo sen comprometer a estabilidade. Ademais, ao ser suxeitadores adelgazantes, ofrecen un efecto visual m\u00e1is equilibrado e favorecedor, axudando a definir a silueta sen unha presi\u00f3n excesiva.<\/p>\n<p data-start=\"2466\" data-end=\"2811\">O equipo de Rosana CL tam\u00e9n ofrece asesoramento personalizado para axudarche a escoller a talla e o estilo ideais. Porque non se trata s\u00f3 de vender unha peza, sen\u00f3n de garantir que realmente che sirva. A tenda en li\u00f1a incl\u00fae gu\u00edas detalladas, recomendaci\u00f3ns e asistencia directa para responder a calquera d\u00fabida durante o proceso de compra.<\/p>\n<h3 data-start=\"2813\" data-end=\"2900\">Compra o mellor suti\u00e1n sen tirantes para peitos grandes con confianza e comodidade<\/h3>\n<p data-start=\"2902\" data-end=\"3375\">Se est\u00e1s buscando o\/a <strong data-start=\"2923\" data-end=\"2973\">o mellor suti\u00e1n sen tirantes para peitos grandes<\/strong>Rosana CL \u00e9 o lugar axeitado. Tanto se necesitas unha peza para unha ocasi\u00f3n especial como para usar de xeito habitual, aqu\u00ed atopar\u00e1s opci\u00f3ns reais que se axustan \u00e1s t\u00faas necesidades: dese\u00f1o, suxeici\u00f3n e durabilidade. Grazas \u00e1 s\u00faa tenda en li\u00f1a, podes facer o teu pedido desde casa, coa tranquilidade de saber que est\u00e1s a mercar unha peza probada, fabricada en Espa\u00f1a e seleccionada por expertos en lencer\u00eda.<\/p>\t\t\t\t\t\t\t\t<\/div>\n\t\t\t\t<\/div>\n\t\t\t\t<\/div>\n\t\t\t\t\t<\/div>\n\t\t\t\t<\/div>\n\t\t<div class=\"elementor-element elementor-element-495e863 e-flex e-con-boxed e-con e-parent\" data-id=\"495e863\" data-element_type=\"container\" data-e-type=\"container\">\n\t\t\t\t\t<div class=\"e-con-inner\">\n\t\t\t\t<div class=\"elementor-element elementor-element-fe47ba3 elementor-widget elementor-widget-text-editor\" data-id=\"fe47ba3\" data-element_type=\"widget\" data-e-type=\"widget\" data-widget_type=\"text-editor.default\">\n\t\t\t\t<div class=\"elementor-widget-container\">\n\t\t\t\t\t\t\t\t\t<p data-start=\"3377\" data-end=\"3645\">Ademais, Rosana CL comprom\u00e9tese a ofrecer un servizo amable, un proceso de compra sinxelo e un env\u00edo r\u00e1pido. Cada detalle do seu servizo est\u00e1 dese\u00f1ado para garantir que a t\u00faa compra sexa a mellor. <strong data-start=\"3541\" data-end=\"3591\">o mellor suti\u00e1n sen tirantes para peitos grandes<\/strong> sexa unha experiencia positiva, decisiva e agradable.<\/p>\n<p data-start=\"3647\" data-end=\"3879\">Porque sentirse ben comeza por dentro. E un bo suti\u00e1n, un que se adapte ao teu corpo e non ao rev\u00e9s, pode marcar a diferenza. Visita Rosana CL e descubre por que tantas mulleres xa conf\u00edan na s\u00faa experiencia e profesionalidade.<\/p>\t\t\t\t\t\t\t\t<\/div>\n\t\t\t\t<\/div>\n\t\t\t\t\t<\/div>\n\t\t\t\t<\/div>\n\t\t<div class=\"elementor-element elementor-element-d05ed3a e-flex e-con-boxed e-con e-parent\" data-id=\"d05ed3a\" data-element_type=\"container\" data-e-type=\"container\">\n\t\t\t\t\t<div class=\"e-con-inner\">\n\t\t\t\t<div class=\"elementor-element elementor-element-b883e86 elementor-widget elementor-widget-heading\" data-id=\"b883e86\" data-element_type=\"widget\" data-e-type=\"widget\" data-widget_type=\"heading.default\">\n\t\t\t\t<div class=\"elementor-widget-container\">\n\t\t\t\t\t<h2 class=\"elementor-heading-title elementor-size-default\">Contacta connosco <\/h2>\t\t\t\t<\/div>\n\t\t\t\t<\/div>\n\t\t\t\t\t<\/div>\n\t\t\t\t<\/div>\n\t\t<div class=\"elementor-element elementor-element-00e20e2 e-flex e-con-boxed e-con e-parent\" data-id=\"00e20e2\" data-element_type=\"container\" data-e-type=\"container\">\n\t\t\t\t\t<div class=\"e-con-inner\">\n\t\t<div class=\"elementor-element elementor-element-8ad8f7b e-con-full e-flex e-con e-child\" data-id=\"8ad8f7b\" data-element_type=\"container\" data-e-type=\"container\">\n\t\t\t\t<div class=\"elementor-element elementor-element-888944a elementor-widget__width-initial elementor-widget elementor-widget-elementskit-contact-form7\" data-id=\"888944a\" data-element_type=\"widget\" data-e-type=\"widget\" data-widget_type=\"elementskit-contact-form7.default\">\n\t\t\t\t<div class=\"elementor-widget-container\">\n\t\t\t\t\t<div class=\"ekit-wid-con\" ><div class=\"ekit-form\">\n<div class=\"wpcf7 no-js\" id=\"wpcf7-f48-p2879-o1\" lang=\"es-ES\" dir=\"ltr\" data-wpcf7-id=\"48\">\n<div class=\"screen-reader-response\"><p role=\"status\" aria-live=\"polite\" aria-atomic=\"true\"><\/p> <ul><\/ul><\/div>\n<form action=\"\/gl\/mejor-sujetador-sin-tirantes-para-pecho-grande\/#wpcf7-f48-p2879-o1\" method=\"post\" class=\"wpcf7-form init\" aria-label=\"Formulario de contacto\" novalidate=\"novalidate\" data-status=\"init\" data-no-translation-aria-label=\"\" data-trp-original-action=\"\/nl\/mejor-sujetador-sin-tirantes-para-pecho-grande\/#wpcf7-f48-p2879-o1\">\n<fieldset class=\"hidden-fields-container\"><input type=\"hidden\" name=\"_wpcf7\" value=\"48\" \/><input type=\"hidden\" name=\"_wpcf7_version\" value=\"6.1.5\" \/><input type=\"hidden\" name=\"_wpcf7_locale\" value=\"es_ES\" \/><input type=\"hidden\" name=\"_wpcf7_unit_tag\" value=\"wpcf7-f48-p2879-o1\" \/><input type=\"hidden\" name=\"_wpcf7_container_post\" value=\"2879\" \/><input type=\"hidden\" name=\"_wpcf7_posted_data_hash\" value=\"\" \/><input type=\"hidden\" name=\"_wpcf7_recaptcha_response\" value=\"\" \/>\n<\/fieldset>\n<div class=\"form-row\">\n\t<div class=\"form-column\">\n\t\t<p><span class=\"wpcf7-form-control-wrap\" data-name=\"nombre\"><input size=\"40\" maxlength=\"400\" class=\"wpcf7-form-control wpcf7-text wpcf7-validates-as-required\" aria-required=\"true\" aria-invalid=\"false\" placeholder=\"Nome\" value=\"\" type=\"text\" name=\"nombre\" \/><\/span>\n\t\t<\/p>\n\t<\/div>\n\t<div class=\"form-column\">\n\t\t<p><span class=\"wpcf7-form-control-wrap\" data-name=\"telefono\"><input size=\"40\" maxlength=\"400\" class=\"wpcf7-form-control wpcf7-tel wpcf7-validates-as-required wpcf7-text wpcf7-validates-as-tel\" aria-required=\"true\" aria-invalid=\"false\" placeholder=\"Tel\u00e9fono *\" value=\"\" type=\"tel\" name=\"telefono\" \/><\/span>\n\t\t<\/p>\n\t<\/div>\n<\/div>\n<div class=\"form-row\">\n\t<div class=\"form-column\">\n\t\t<p><span class=\"wpcf7-form-control-wrap\" data-name=\"email\"><input size=\"40\" maxlength=\"400\" class=\"wpcf7-form-control wpcf7-email wpcf7-validates-as-required wpcf7-text wpcf7-validates-as-email\" aria-required=\"true\" aria-invalid=\"false\" placeholder=\"Correo electr\u00f3nico *\" value=\"\" type=\"email\" name=\"email\" \/><\/span>\n\t\t<\/p>\n\t<\/div>\n\t<div class=\"form-column\">\n\t\t<p><span class=\"wpcf7-form-control-wrap\" data-name=\"asunto\"><input size=\"40\" maxlength=\"400\" class=\"wpcf7-form-control wpcf7-text wpcf7-validates-as-required\" aria-required=\"true\" aria-invalid=\"false\" placeholder=\"Asunto *\" value=\"\" type=\"text\" name=\"asunto\" \/><\/span>\n\t\t<\/p>\n\t<\/div>\n<\/div>\n<p><span class=\"wpcf7-form-control-wrap\" data-name=\"mensaje\"><textarea cols=\"40\" rows=\"10\" maxlength=\"2000\" class=\"wpcf7-form-control wpcf7-textarea wpcf7-validates-as-required\" aria-required=\"true\" aria-invalid=\"false\" placeholder=\"Mensaxe\" name=\"mensaje\"><\/textarea><\/span>\n<\/p>\n<p class=\"legal-priv\"><span class=\"wpcf7-form-control-wrap\" data-name=\"acceptance-787\"><span class=\"wpcf7-form-control wpcf7-acceptance\"><span class=\"wpcf7-list-item\"><label><input type=\"checkbox\" name=\"acceptance-787\" value=\"1\" aria-invalid=\"false\" \/><span class=\"wpcf7-list-item-label\">Lin e acepto as <a href=\"https:\/\/rosanacl.com\/gl\/politica-de-privacidad\/\">Pol\u00edtica de privacidade<\/a><\/span><\/label><\/span><\/span><\/span>\n<\/p>\n<p><input class=\"wpcf7-form-control wpcf7-submit has-spinner\" type=\"submit\" value=\"ENVIAR MENSAXE\" \/>\n<\/p><div class=\"wpcf7-response-output\" aria-hidden=\"true\"><\/div>\n<input type=\"hidden\" name=\"trp-form-language\" value=\"gl\"\/><\/form>\n<\/div>\n<\/div><\/div>\t\t\t\t<\/div>\n\t\t\t\t<\/div>\n\t\t\t\t<\/div>\n\t\t\t\t\t<\/div>\n\t\t\t\t<\/div>\n\t\t\t\t<\/div>","protected":false},"excerpt":{"rendered":"<p>Mejor sujetador sin tirantes para pecho grande Mejor sujetador sin tirantes para pecho grande: c\u00f3mo encontrar el equilibrio ideal entre sujeci\u00f3n y estilo Encontrar el mejor sujetador sin tirantes para pecho grande puede parecer una tarea complicada, especialmente cuando muchas marcas priorizan el dise\u00f1o sobre la funcionalidad. Las mujeres con busto generoso necesitan m\u00e1s que [&hellip;]<\/p>\n","protected":false},"author":1,"featured_media":0,"parent":0,"menu_order":0,"comment_status":"closed","ping_status":"closed","template":"","meta":{"content-type":"","footnotes":""},"class_list":["post-2879","page","type-page","status-publish","hentry"],"yoast_head":"<!-- This site is optimized with the Yoast SEO plugin v27.4 - https:\/\/yoast.com\/product\/yoast-seo-wordpress\/ -->\n<title>Mejor sujetador sin tirantes para pecho grande - Rosana CL<\/title>\n<meta name=\"robots\" content=\"index, follow, max-snippet:-1, max-image-preview:large, max-video-preview:-1\" \/>\n<link rel=\"canonical\" href=\"https:\/\/rosanacl.com\/gl\/mejor-sujetador-sin-tirantes-para-pecho-grande\/\" \/>\n<meta property=\"og:locale\" content=\"gl_ES\" \/>\n<meta property=\"og:type\" content=\"article\" \/>\n<meta property=\"og:title\" content=\"Mejor sujetador sin tirantes para pecho grande - Rosana CL\" \/>\n<meta property=\"og:description\" content=\"Mejor sujetador sin tirantes para pecho grande Mejor sujetador sin tirantes para pecho grande: c\u00f3mo encontrar el equilibrio ideal entre sujeci\u00f3n y estilo Encontrar el mejor sujetador sin tirantes para pecho grande puede parecer una tarea complicada, especialmente cuando muchas marcas priorizan el dise\u00f1o sobre la funcionalidad. Las mujeres con busto generoso necesitan m\u00e1s que [&hellip;]\" \/>\n<meta property=\"og:url\" content=\"https:\/\/rosanacl.com\/gl\/mejor-sujetador-sin-tirantes-para-pecho-grande\/\" \/>\n<meta property=\"og:site_name\" content=\"Rosana CL\" \/>\n<meta property=\"article:modified_time\" content=\"2025-07-25T06:11:47+00:00\" \/>\n<meta property=\"og:image\" content=\"https:\/\/rosanacl.com\/wp-content\/uploads\/2025\/07\/sujetador-reductor.jpg\" \/>\n\t<meta property=\"og:image:width\" content=\"2000\" \/>\n\t<meta property=\"og:image:height\" content=\"1414\" \/>\n\t<meta property=\"og:image:type\" content=\"image\/jpeg\" \/>\n<meta name=\"twitter:card\" content=\"summary_large_image\" \/>\n<meta name=\"twitter:label1\" content=\"Tempo de lectura\" \/>\n\t<meta name=\"twitter:data1\" content=\"3 minutos\" \/>\n<script type=\"application\/ld+json\" class=\"yoast-schema-graph\">{\"@context\":\"https:\\\/\\\/schema.org\",\"@graph\":[{\"@type\":\"WebPage\",\"@id\":\"https:\\\/\\\/rosanacl.com\\\/mejor-sujetador-sin-tirantes-para-pecho-grande\\\/\",\"url\":\"https:\\\/\\\/rosanacl.com\\\/mejor-sujetador-sin-tirantes-para-pecho-grande\\\/\",\"name\":\"Mejor sujetador sin tirantes para pecho grande - Rosana CL\",\"isPartOf\":{\"@id\":\"https:\\\/\\\/rosanacl.com\\\/ca\\\/#website\"},\"primaryImageOfPage\":{\"@id\":\"https:\\\/\\\/rosanacl.com\\\/mejor-sujetador-sin-tirantes-para-pecho-grande\\\/#primaryimage\"},\"image\":{\"@id\":\"https:\\\/\\\/rosanacl.com\\\/mejor-sujetador-sin-tirantes-para-pecho-grande\\\/#primaryimage\"},\"thumbnailUrl\":\"https:\\\/\\\/rosanacl.com\\\/wp-content\\\/uploads\\\/2025\\\/07\\\/sujetador-reductor-1024x724.jpg\",\"datePublished\":\"2025-07-18T09:08:52+00:00\",\"dateModified\":\"2025-07-25T06:11:47+00:00\",\"breadcrumb\":{\"@id\":\"https:\\\/\\\/rosanacl.com\\\/mejor-sujetador-sin-tirantes-para-pecho-grande\\\/#breadcrumb\"},\"inLanguage\":\"gl-ES\",\"potentialAction\":[{\"@type\":\"ReadAction\",\"target\":[\"https:\\\/\\\/rosanacl.com\\\/mejor-sujetador-sin-tirantes-para-pecho-grande\\\/\"]}]},{\"@type\":\"ImageObject\",\"inLanguage\":\"gl-ES\",\"@id\":\"https:\\\/\\\/rosanacl.com\\\/mejor-sujetador-sin-tirantes-para-pecho-grande\\\/#primaryimage\",\"url\":\"https:\\\/\\\/rosanacl.com\\\/wp-content\\\/uploads\\\/2025\\\/07\\\/sujetador-reductor-1024x724.jpg\",\"contentUrl\":\"https:\\\/\\\/rosanacl.com\\\/wp-content\\\/uploads\\\/2025\\\/07\\\/sujetador-reductor-1024x724.jpg\"},{\"@type\":\"BreadcrumbList\",\"@id\":\"https:\\\/\\\/rosanacl.com\\\/mejor-sujetador-sin-tirantes-para-pecho-grande\\\/#breadcrumb\",\"itemListElement\":[{\"@type\":\"ListItem\",\"position\":1,\"name\":\"Portada\",\"item\":\"https:\\\/\\\/rosanacl.com\\\/ca\\\/\"},{\"@type\":\"ListItem\",\"position\":2,\"name\":\"Mejor sujetador sin tirantes para pecho grande\"}]},{\"@type\":\"WebSite\",\"@id\":\"https:\\\/\\\/rosanacl.com\\\/ca\\\/#website\",\"url\":\"https:\\\/\\\/rosanacl.com\\\/ca\\\/\",\"name\":\"Rosana CL\",\"description\":\"Somos tu interior\",\"potentialAction\":[{\"@type\":\"SearchAction\",\"target\":{\"@type\":\"EntryPoint\",\"urlTemplate\":\"https:\\\/\\\/rosanacl.com\\\/ca\\\/?s={search_term_string}\"},\"query-input\":{\"@type\":\"PropertyValueSpecification\",\"valueRequired\":true,\"valueName\":\"search_term_string\"}}],\"inLanguage\":\"gl-ES\"}]}<\/script>\n<!-- \/ Yoast SEO plugin. -->","yoast_head_json":{"title":"Mejor sujetador sin tirantes para pecho grande - Rosana CL","robots":{"index":"index","follow":"follow","max-snippet":"max-snippet:-1","max-image-preview":"max-image-preview:large","max-video-preview":"max-video-preview:-1"},"canonical":"https:\/\/rosanacl.com\/gl\/mejor-sujetador-sin-tirantes-para-pecho-grande\/","og_locale":"gl_ES","og_type":"article","og_title":"Mejor sujetador sin tirantes para pecho grande - Rosana CL","og_description":"Mejor sujetador sin tirantes para pecho grande Mejor sujetador sin tirantes para pecho grande: c\u00f3mo encontrar el equilibrio ideal entre sujeci\u00f3n y estilo Encontrar el mejor sujetador sin tirantes para pecho grande puede parecer una tarea complicada, especialmente cuando muchas marcas priorizan el dise\u00f1o sobre la funcionalidad. Las mujeres con busto generoso necesitan m\u00e1s que [&hellip;]","og_url":"https:\/\/rosanacl.com\/gl\/mejor-sujetador-sin-tirantes-para-pecho-grande\/","og_site_name":"Rosana CL","article_modified_time":"2025-07-25T06:11:47+00:00","og_image":[{"width":2000,"height":1414,"url":"https:\/\/rosanacl.com\/wp-content\/uploads\/2025\/07\/sujetador-reductor.jpg","type":"image\/jpeg"}],"twitter_card":"summary_large_image","twitter_misc":{"Tempo de lectura":"3 minutos"},"schema":{"@context":"https:\/\/schema.org","@graph":[{"@type":"WebPage","@id":"https:\/\/rosanacl.com\/mejor-sujetador-sin-tirantes-para-pecho-grande\/","url":"https:\/\/rosanacl.com\/mejor-sujetador-sin-tirantes-para-pecho-grande\/","name":"Mejor sujetador sin tirantes para pecho grande - Rosana CL","isPartOf":{"@id":"https:\/\/rosanacl.com\/ca\/#website"},"primaryImageOfPage":{"@id":"https:\/\/rosanacl.com\/mejor-sujetador-sin-tirantes-para-pecho-grande\/#primaryimage"},"image":{"@id":"https:\/\/rosanacl.com\/mejor-sujetador-sin-tirantes-para-pecho-grande\/#primaryimage"},"thumbnailUrl":"https:\/\/rosanacl.com\/wp-content\/uploads\/2025\/07\/sujetador-reductor-1024x724.jpg","datePublished":"2025-07-18T09:08:52+00:00","dateModified":"2025-07-25T06:11:47+00:00","breadcrumb":{"@id":"https:\/\/rosanacl.com\/mejor-sujetador-sin-tirantes-para-pecho-grande\/#breadcrumb"},"inLanguage":"gl-ES","potentialAction":[{"@type":"ReadAction","target":["https:\/\/rosanacl.com\/mejor-sujetador-sin-tirantes-para-pecho-grande\/"]}]},{"@type":"ImageObject","inLanguage":"gl-ES","@id":"https:\/\/rosanacl.com\/mejor-sujetador-sin-tirantes-para-pecho-grande\/#primaryimage","url":"https:\/\/rosanacl.com\/wp-content\/uploads\/2025\/07\/sujetador-reductor-1024x724.jpg","contentUrl":"https:\/\/rosanacl.com\/wp-content\/uploads\/2025\/07\/sujetador-reductor-1024x724.jpg"},{"@type":"BreadcrumbList","@id":"https:\/\/rosanacl.com\/mejor-sujetador-sin-tirantes-para-pecho-grande\/#breadcrumb","itemListElement":[{"@type":"ListItem","position":1,"name":"Portada","item":"https:\/\/rosanacl.com\/ca\/"},{"@type":"ListItem","position":2,"name":"Mejor sujetador sin tirantes para pecho grande"}]},{"@type":"WebSite","@id":"https:\/\/rosanacl.com\/ca\/#website","url":"https:\/\/rosanacl.com\/ca\/","name":"Rosana CL","description":"Somos o teu interior","potentialAction":[{"@type":"SearchAction","target":{"@type":"EntryPoint","urlTemplate":"https:\/\/rosanacl.com\/ca\/?s={search_term_string}"},"query-input":{"@type":"PropertyValueSpecification","valueRequired":true,"valueName":"search_term_string"}}],"inLanguage":"gl-ES"}]}},"_links":{"self":[{"href":"https:\/\/rosanacl.com\/gl\/wp-json\/wp\/v2\/pages\/2879","targetHints":{"allow":["GET"]}}],"collection":[{"href":"https:\/\/rosanacl.com\/gl\/wp-json\/wp\/v2\/pages"}],"about":[{"href":"https:\/\/rosanacl.com\/gl\/wp-json\/wp\/v2\/types\/page"}],"author":[{"embeddable":true,"href":"https:\/\/rosanacl.com\/gl\/wp-json\/wp\/v2\/users\/1"}],"replies":[{"embeddable":true,"href":"https:\/\/rosanacl.com\/gl\/wp-json\/wp\/v2\/comments?post=2879"}],"version-history":[{"count":0,"href":"https:\/\/rosanacl.com\/gl\/wp-json\/wp\/v2\/pages\/2879\/revisions"}],"wp:attachment":[{"href":"https:\/\/rosanacl.com\/gl\/wp-json\/wp\/v2\/media?parent=2879"}],"curies":[{"name":"wp","href":"https:\/\/api.w.org\/{rel}","templated":true}]}}