{"id":3552,"date":"2025-08-19T09:56:34","date_gmt":"2025-08-19T07:56:34","guid":{"rendered":"https:\/\/rosanacl.com\/?post_type=product&#038;p=3552"},"modified":"2026-01-07T23:53:05","modified_gmt":"2026-01-07T22:53:05","slug":"body-selene-cristina","status":"publish","type":"product","link":"https:\/\/rosanacl.com\/gl\/produto\/body-selene-cristina\/","title":{"rendered":"Corpo Selene Cristina"},"content":{"rendered":"<p>Body Selene Cristina: el body moldeador de microfibra que estiliza la silueta con un acabado limpio, elegante y muy c\u00f3modo.<br \/>\nDise\u00f1ado para aportar sujeci\u00f3n real en el pecho (con aros y sin relleno) y, a la vez, una sensaci\u00f3n de control suave en la zona del abdomen.<\/p>\n<p>O body Cristina \u00e9 ideal se buscas un body que &quot;o faga todo&quot;: realza o busto cunha forma fermosa e natural, define a cintura sen sentir constrici\u00f3n e crea unha silueta m\u00e1is definida debaixo da roupa. O seu tecido de microfibra ad\u00e1ptase ao corpo como unha segunda pel, cun tacto suave e unha ca\u00edda favorecedora.<\/p>\n<p>Ademais, incorpora reforzo na zona da barriga, dese\u00f1ado para suavizar visualmente e conseguir un resultado m\u00e1is pulido en vestidos, pezas entalladas e looks de diario.<\/p>\n<p>Detalles que notar\u00e1s ao po\u00f1elo<\/p>\n<ul>\n<li>Body de control con microfibra suave e c\u00f3moda.<\/li>\n<li>Aros para unha suxeici\u00f3n firme e un busto con fermosa forma.<\/li>\n<li>Sen recheo, para un acabado natural e lixeiro.<\/li>\n<li>Reforzo abdominal que axuda a suavizar e estilizar a figura.<\/li>\n<li>Perfecta para levar como lencer\u00eda ou como roupa de abrigo cunha chaqueta\/blazer.<\/li>\n<\/ul>\n<p>\ud83d\udde3\ufe0f Consello: Cristina est\u00e1 dese\u00f1ada para proporcionarche un control suave no abdome e un apoio real no peito cunha sensaci\u00f3n de microfibra de &quot;segunda pel&quot;: def\u00ednete e d\u00e9ixate cun aspecto elegante debaixo da roupa sen sentirte r\u00edxida.<\/p>\n<p>\ud83d\udccf Nota: Antes de mercar, consulta esta gu\u00eda r\u00e1pida de tallas: escolle a t\u00faa talla se o control de abdome queda plano e estable (sen enrolar) e o teu busto est\u00e1 centrado sen ocos. Se adoitas notar que se encolle cando te sentas ou se sente apertado, pide unha talla m\u00e1is; se adoita estar solto na cintura\/abdome ou o teu busto non est\u00e1 suxeito, pide unha talla menos.<\/p>\n<p>Composici\u00f3n: poliamida 84%, poli\u00e9ster 16%.<\/p>\n<p>\u2728 Body Cristina: suxeici\u00f3n, control e unha silueta espectacular\u2026 en canto a po\u00f1as.<\/p>","protected":false},"excerpt":{"rendered":"<p>Body Selene Cristina: el body moldeador de microfibra que estiliza la silueta con un acabado limpio, elegante y muy c\u00f3modo. Dise\u00f1ado para aportar sujeci\u00f3n real en el pecho (con aros y sin relleno) y, a la vez, una sensaci\u00f3n de control suave en la zona del abdomen. El Cristina es ideal si buscas un body [&hellip;]<\/p>\n","protected":false},"featured_media":3563,"comment_status":"closed","ping_status":"closed","template":"","meta":{"content-type":""},"product_brand":[55],"product_cat":[18],"product_tag":[66],"class_list":{"0":"post-3552","1":"product","2":"type-product","3":"status-publish","4":"has-post-thumbnail","6":"product_brand-selene","7":"product_cat-body","8":"product_tag-body","10":"first","11":"instock","12":"taxable","13":"shipping-taxable","14":"purchasable","15":"product-type-variable"},"supplier_id":null,"supplier_sku":"","barcode":null,"atum_controlled":true,"out_stock_date":null,"out_stock_threshold":null,"inheritable":true,"inbound_stock":0,"stock_on_hold":0,"sold_today":null,"sales_last_days":null,"reserved_stock":0,"customer_returns":0,"warehouse_damage":0,"lost_in_post":0,"other_logs":0,"out_stock_days":null,"lost_sales":null,"has_location":false,"update_date":"2026-01-07T22:53:06","atum_locations":[],"atum_stock_status":"instock","restock_status":false,"low_stock_amount":"","sales_update_date":"2025-10-03T04:55:30","calc_backorders":null,"yoast_head":"<!-- This site is optimized with the Yoast SEO plugin v27.4 - https:\/\/yoast.com\/product\/yoast-seo-wordpress\/ -->\n<title>Body Selene Cristina - Rosana CL<\/title>\n<meta name=\"robots\" content=\"index, follow, max-snippet:-1, max-image-preview:large, max-video-preview:-1\" \/>\n<link rel=\"canonical\" href=\"https:\/\/rosanacl.com\/gl\/produto\/body-selene-cristina\/\" \/>\n<meta property=\"og:locale\" content=\"gl_ES\" \/>\n<meta property=\"og:type\" content=\"article\" \/>\n<meta property=\"og:title\" content=\"Body Selene Cristina - Rosana CL\" \/>\n<meta property=\"og:description\" content=\"Body Selene Cristina: el body moldeador de microfibra que estiliza la silueta con un acabado limpio, elegante y muy c\u00f3modo. Dise\u00f1ado para aportar sujeci\u00f3n real en el pecho (con aros y sin relleno) y, a la vez, una sensaci\u00f3n de control suave en la zona del abdomen. El Cristina es ideal si buscas un body [&hellip;]\" \/>\n<meta property=\"og:url\" content=\"https:\/\/rosanacl.com\/gl\/produto\/body-selene-cristina\/\" \/>\n<meta property=\"og:site_name\" content=\"Rosana CL\" \/>\n<meta property=\"article:modified_time\" content=\"2026-01-07T22:53:05+00:00\" \/>\n<meta property=\"og:image\" content=\"https:\/\/rosanacl.com\/wp-content\/uploads\/2025\/08\/1-11.png\" \/>\n\t<meta property=\"og:image:width\" content=\"800\" \/>\n\t<meta property=\"og:image:height\" content=\"800\" \/>\n\t<meta property=\"og:image:type\" content=\"image\/png\" \/>\n<meta name=\"twitter:card\" content=\"summary_large_image\" \/>\n<meta name=\"twitter:label1\" content=\"Tempo de lectura\" \/>\n\t<meta name=\"twitter:data1\" content=\"2 minutos\" \/>\n<script type=\"application\/ld+json\" class=\"yoast-schema-graph\">{\"@context\":\"https:\\\/\\\/schema.org\",\"@graph\":[{\"@type\":\"WebPage\",\"@id\":\"https:\\\/\\\/rosanacl.com\\\/producto\\\/body-selene-cristina\\\/\",\"url\":\"https:\\\/\\\/rosanacl.com\\\/producto\\\/body-selene-cristina\\\/\",\"name\":\"Body Selene Cristina - Rosana CL\",\"isPartOf\":{\"@id\":\"https:\\\/\\\/rosanacl.com\\\/ca\\\/#website\"},\"primaryImageOfPage\":{\"@id\":\"https:\\\/\\\/rosanacl.com\\\/producto\\\/body-selene-cristina\\\/#primaryimage\"},\"image\":{\"@id\":\"https:\\\/\\\/rosanacl.com\\\/producto\\\/body-selene-cristina\\\/#primaryimage\"},\"thumbnailUrl\":\"https:\\\/\\\/rosanacl.com\\\/wp-content\\\/uploads\\\/2025\\\/08\\\/1-11.png\",\"datePublished\":\"2025-08-19T07:56:34+00:00\",\"dateModified\":\"2026-01-07T22:53:05+00:00\",\"breadcrumb\":{\"@id\":\"https:\\\/\\\/rosanacl.com\\\/producto\\\/body-selene-cristina\\\/#breadcrumb\"},\"inLanguage\":\"gl-ES\",\"potentialAction\":[{\"@type\":\"ReadAction\",\"target\":[\"https:\\\/\\\/rosanacl.com\\\/producto\\\/body-selene-cristina\\\/\"]}]},{\"@type\":\"ImageObject\",\"inLanguage\":\"gl-ES\",\"@id\":\"https:\\\/\\\/rosanacl.com\\\/producto\\\/body-selene-cristina\\\/#primaryimage\",\"url\":\"https:\\\/\\\/rosanacl.com\\\/wp-content\\\/uploads\\\/2025\\\/08\\\/1-11.png\",\"contentUrl\":\"https:\\\/\\\/rosanacl.com\\\/wp-content\\\/uploads\\\/2025\\\/08\\\/1-11.png\",\"width\":800,\"height\":800},{\"@type\":\"BreadcrumbList\",\"@id\":\"https:\\\/\\\/rosanacl.com\\\/producto\\\/body-selene-cristina\\\/#breadcrumb\",\"itemListElement\":[{\"@type\":\"ListItem\",\"position\":1,\"name\":\"Portada\",\"item\":\"https:\\\/\\\/rosanacl.com\\\/ca\\\/\"},{\"@type\":\"ListItem\",\"position\":2,\"name\":\"Tienda\",\"item\":\"https:\\\/\\\/rosanacl.com\\\/ca\\\/tienda\\\/\"},{\"@type\":\"ListItem\",\"position\":3,\"name\":\"Body Selene Cristina\"}]},{\"@type\":\"WebSite\",\"@id\":\"https:\\\/\\\/rosanacl.com\\\/ca\\\/#website\",\"url\":\"https:\\\/\\\/rosanacl.com\\\/ca\\\/\",\"name\":\"Rosana CL\",\"description\":\"Somos tu interior\",\"potentialAction\":[{\"@type\":\"SearchAction\",\"target\":{\"@type\":\"EntryPoint\",\"urlTemplate\":\"https:\\\/\\\/rosanacl.com\\\/ca\\\/?s={search_term_string}\"},\"query-input\":{\"@type\":\"PropertyValueSpecification\",\"valueRequired\":true,\"valueName\":\"search_term_string\"}}],\"inLanguage\":\"gl-ES\"}]}<\/script>\n<!-- \/ Yoast SEO plugin. -->","yoast_head_json":{"title":"Body Selene Cristina - Rosana CL","robots":{"index":"index","follow":"follow","max-snippet":"max-snippet:-1","max-image-preview":"max-image-preview:large","max-video-preview":"max-video-preview:-1"},"canonical":"https:\/\/rosanacl.com\/gl\/produto\/body-selene-cristina\/","og_locale":"gl_ES","og_type":"article","og_title":"Body Selene Cristina - Rosana CL","og_description":"Body Selene Cristina: el body moldeador de microfibra que estiliza la silueta con un acabado limpio, elegante y muy c\u00f3modo. Dise\u00f1ado para aportar sujeci\u00f3n real en el pecho (con aros y sin relleno) y, a la vez, una sensaci\u00f3n de control suave en la zona del abdomen. El Cristina es ideal si buscas un body [&hellip;]","og_url":"https:\/\/rosanacl.com\/gl\/produto\/body-selene-cristina\/","og_site_name":"Rosana CL","article_modified_time":"2026-01-07T22:53:05+00:00","og_image":[{"width":800,"height":800,"url":"https:\/\/rosanacl.com\/wp-content\/uploads\/2025\/08\/1-11.png","type":"image\/png"}],"twitter_card":"summary_large_image","twitter_misc":{"Tempo de lectura":"2 minutos"},"schema":{"@context":"https:\/\/schema.org","@graph":[{"@type":"WebPage","@id":"https:\/\/rosanacl.com\/producto\/body-selene-cristina\/","url":"https:\/\/rosanacl.com\/producto\/body-selene-cristina\/","name":"Body Selene Cristina - Rosana CL","isPartOf":{"@id":"https:\/\/rosanacl.com\/ca\/#website"},"primaryImageOfPage":{"@id":"https:\/\/rosanacl.com\/producto\/body-selene-cristina\/#primaryimage"},"image":{"@id":"https:\/\/rosanacl.com\/producto\/body-selene-cristina\/#primaryimage"},"thumbnailUrl":"https:\/\/rosanacl.com\/wp-content\/uploads\/2025\/08\/1-11.png","datePublished":"2025-08-19T07:56:34+00:00","dateModified":"2026-01-07T22:53:05+00:00","breadcrumb":{"@id":"https:\/\/rosanacl.com\/producto\/body-selene-cristina\/#breadcrumb"},"inLanguage":"gl-ES","potentialAction":[{"@type":"ReadAction","target":["https:\/\/rosanacl.com\/producto\/body-selene-cristina\/"]}]},{"@type":"ImageObject","inLanguage":"gl-ES","@id":"https:\/\/rosanacl.com\/producto\/body-selene-cristina\/#primaryimage","url":"https:\/\/rosanacl.com\/wp-content\/uploads\/2025\/08\/1-11.png","contentUrl":"https:\/\/rosanacl.com\/wp-content\/uploads\/2025\/08\/1-11.png","width":800,"height":800},{"@type":"BreadcrumbList","@id":"https:\/\/rosanacl.com\/producto\/body-selene-cristina\/#breadcrumb","itemListElement":[{"@type":"ListItem","position":1,"name":"Portada","item":"https:\/\/rosanacl.com\/ca\/"},{"@type":"ListItem","position":2,"name":"Tienda","item":"https:\/\/rosanacl.com\/ca\/tienda\/"},{"@type":"ListItem","position":3,"name":"Body Selene Cristina"}]},{"@type":"WebSite","@id":"https:\/\/rosanacl.com\/ca\/#website","url":"https:\/\/rosanacl.com\/ca\/","name":"Rosana CL","description":"Somos o teu interior","potentialAction":[{"@type":"SearchAction","target":{"@type":"EntryPoint","urlTemplate":"https:\/\/rosanacl.com\/ca\/?s={search_term_string}"},"query-input":{"@type":"PropertyValueSpecification","valueRequired":true,"valueName":"search_term_string"}}],"inLanguage":"gl-ES"}]}},"_links":{"self":[{"href":"https:\/\/rosanacl.com\/gl\/wp-json\/wp\/v2\/product\/3552","targetHints":{"allow":["GET"]}}],"collection":[{"href":"https:\/\/rosanacl.com\/gl\/wp-json\/wp\/v2\/product"}],"about":[{"href":"https:\/\/rosanacl.com\/gl\/wp-json\/wp\/v2\/types\/product"}],"replies":[{"embeddable":true,"href":"https:\/\/rosanacl.com\/gl\/wp-json\/wp\/v2\/comments?post=3552"}],"version-history":[{"count":5,"href":"https:\/\/rosanacl.com\/gl\/wp-json\/wp\/v2\/product\/3552\/revisions"}],"predecessor-version":[{"id":4632,"href":"https:\/\/rosanacl.com\/gl\/wp-json\/wp\/v2\/product\/3552\/revisions\/4632"}],"wp:featuredmedia":[{"embeddable":true,"href":"https:\/\/rosanacl.com\/gl\/wp-json\/wp\/v2\/media\/3563"}],"wp:attachment":[{"href":"https:\/\/rosanacl.com\/gl\/wp-json\/wp\/v2\/media?parent=3552"}],"wp:term":[{"taxonomy":"product_brand","embeddable":true,"href":"https:\/\/rosanacl.com\/gl\/wp-json\/wp\/v2\/product_brand?post=3552"},{"taxonomy":"product_cat","embeddable":true,"href":"https:\/\/rosanacl.com\/gl\/wp-json\/wp\/v2\/product_cat?post=3552"},{"taxonomy":"product_tag","embeddable":true,"href":"https:\/\/rosanacl.com\/gl\/wp-json\/wp\/v2\/product_tag?post=3552"}],"curies":[{"name":"wp","href":"https:\/\/api.w.org\/{rel}","templated":true}]}}