{"id":16,"date":"2025-03-28T15:59:16","date_gmt":"2025-03-28T18:59:16","guid":{"rendered":"https:\/\/innovacon.simplificandotuweb.com\/?page_id=16"},"modified":"2025-07-09T08:54:15","modified_gmt":"2025-07-09T06:54:15","slug":"politica-de-cookies","status":"publish","type":"page","link":"https:\/\/rosanacl.com\/hr\/politica-de-cookies\/","title":{"rendered":"Pravila o kola\u010di\u0107ima"},"content":{"rendered":"<div data-elementor-type=\"wp-page\" data-elementor-id=\"16\" class=\"elementor elementor-16\" data-elementor-post-type=\"page\">\n\t\t\t\t<div class=\"elementor-element elementor-element-3406fa7 e-flex e-con-boxed e-con e-parent\" data-id=\"3406fa7\" data-element_type=\"container\" data-e-type=\"container\" data-settings=\"{&quot;background_background&quot;:&quot;classic&quot;}\">\n\t\t\t\t\t<div class=\"e-con-inner\">\n\t\t<div class=\"elementor-element elementor-element-d212998 e-con-full e-flex e-con e-child\" data-id=\"d212998\" data-element_type=\"container\" data-e-type=\"container\">\n\t\t\t\t<div class=\"elementor-element elementor-element-973e9ce elementor-widget elementor-widget-heading\" data-id=\"973e9ce\" data-element_type=\"widget\" data-e-type=\"widget\" data-widget_type=\"heading.default\">\n\t\t\t\t<div class=\"elementor-widget-container\">\n\t\t\t\t\t<h2 class=\"elementor-heading-title elementor-size-default\">Pravila o kola\u010di\u0107ima<\/h2>\t\t\t\t<\/div>\n\t\t\t\t<\/div>\n\t\t\t\t<\/div>\n\t\t\t\t\t<\/div>\n\t\t\t\t<\/div>\n\t\t<div class=\"elementor-element elementor-element-504b4f4d e-flex e-con-boxed e-con e-parent\" data-id=\"504b4f4d\" data-element_type=\"container\" data-e-type=\"container\">\n\t\t\t\t\t<div class=\"e-con-inner\">\n\t\t\t\t<div class=\"elementor-element elementor-element-36706845 elementor-widget elementor-widget-text-editor\" data-id=\"36706845\" data-element_type=\"widget\" data-e-type=\"widget\" data-widget_type=\"text-editor.default\">\n\t\t\t\t<div class=\"elementor-widget-container\">\n\t\t\t\t\t\t\t\t\t\n<p>Ova Pravila o kola\u010di\u0107ima zadnji su put a\u017eurirana 8. sije\u010dnja 2024. i primjenjuju se na gra\u0111ane i zakonite stalne stanovnike Europskog gospodarskog prostora i \u0160vicarske.<\/p>\n\n<p><strong>1. Uvod<\/strong><\/p>\n\n<p>Na\u0161a web stranica, <a href=\"https:\/\/rosanacl.com\/hr\/\">https:\/\/rosanacl.com\/<\/a> (u daljnjem tekstu: \u201eweb stranica\u201c) koristi kola\u010di\u0107e i druge srodne tehnologije (radi lak\u0161eg snala\u017eenja, sve se tehnologije nazivaju \u201ekola\u010di\u0107i\u201c). Kola\u010di\u0107e postavljaju i tre\u0107e strane s kojima smo sklopili ugovor. Sljede\u0107i dokument informira vas o kori\u0161tenju kola\u010di\u0107a na na\u0161oj web stranici.<\/p>\n\n<p><strong>2. \u0160to su kola\u010di\u0107i?<\/strong><\/p>\n\n<p>Kola\u010di\u0107 je mala datoteka koja se \u0161alje zajedno sa stranicama ove web stranice i koju va\u0161 preglednik pohranjuje na tvrdi disk va\u0161eg ra\u010dunala ili drugog ure\u0111aja. Pohranjene informacije mogu se vratiti na\u0161im poslu\u017eiteljima ili odgovaraju\u0107im poslu\u017eiteljima tre\u0107ih strana tijekom sljede\u0107eg posjeta.<\/p>\n\n<p><strong>3. \u0160to su skripte?<\/strong><\/p>\n\n<p>Skripta je dio programskog koda koji se koristi za ispravno i interaktivno funkcioniranje na\u0161e web stranice. Ovaj kod se izvr\u0161ava na na\u0161em poslu\u017eitelju ili na va\u0161em ure\u0111aju.<\/p>\n\n<p><strong>4. \u0160to je web-pratilica?<\/strong><\/p>\n\n<p>Web-pratilica (ili piksel oznaka) je mali, nevidljivi dio teksta ili slike na web stranici koji se koristi za pra\u0107enje prometa na web stranici. U tu svrhu, pomo\u0107u ovih web-pratilica pohranjuju se razni podaci o vama.<\/p>\n\n<p><strong>5. Kola\u010di\u0107i<\/strong><\/p>\n\n<p><strong>5.1 Tehni\u010dki ili funkcionalni kola\u010di\u0107i<\/strong><\/p>\n\n<p>Neki kola\u010di\u0107i osiguravaju da odre\u0111eni dijelovi web stranice ispravno funkcioniraju i da va\u0161e korisni\u010dke postavke ostanu poznate. Postavljanjem funkcionalnih kola\u010di\u0107a olak\u0161avamo vam posjet na\u0161oj web stranici. Na taj na\u010din ne morate ponovno unositi iste podatke prilikom posjeta na\u0161oj web stranici i, na primjer, artikli ostaju u va\u0161oj ko\u0161arici dok ne platite. Ove kola\u010di\u0107e mo\u017eemo postaviti bez va\u0161eg pristanka.<\/p>\n\n<p><strong>5.2 Marketin\u0161ki\/pra\u0107eni kola\u010di\u0107i<\/strong><\/p>\n\n<p>Marketin\u0161ki\/pra\u0107eni kola\u010di\u0107i su kola\u010di\u0107i ili drugi oblici lokalne pohrane koji se koriste za stvaranje korisni\u010dkih profila u svrhu prikazivanja oglasa ili pra\u0107enja korisnika na ovoj web stranici ili na vi\u0161e web stranica u sli\u010dne marketin\u0161ke svrhe.<\/p>\n\n<p><strong>6. Kori\u0161teni kola\u010di\u0107i<\/strong><\/p>\n\n<ul class=\"wp-block-list\">\n<li>Elementor \u2013 Statistika (anonimno)<\/li>\n<li>Privola za element usluge<\/li>\n<li>WordPress \u2013 Funkcionalno<\/li>\n<li>Privola za kori\u0161tenje WordPressa<\/li>\n<li>Razno \u2013 Svrha u tijeku istrage<\/li>\n<li>Suglasnost za pru\u017eanje raznih usluga<\/li>\n<\/ul>\n\n<p><strong>7. Suglasnost<\/strong><\/p>\n\n<p>Kada prvi put posjetite na\u0161u web stranicu, prikazat \u0107emo vam sko\u010dni prozor s obja\u0161njenjem o kola\u010di\u0107ima. \u010cim kliknete &quot;Spremi postavke&quot;, pristajete na kori\u0161tenje kategorija kola\u010di\u0107a i dodataka koje ste odabrali u sko\u010dnom prozoru, kako je opisano u ovoj politici kola\u010di\u0107a. Kori\u0161tenje kola\u010di\u0107a mo\u017eete onemogu\u0107iti putem svog preglednika, ali imajte na umu da na\u0161a web stranica mo\u017eda vi\u0161e ne\u0107e ispravno funkcionirati.<\/p>\n\n<p><strong>7.1 Upravljanje postavkama privole<\/strong><\/p>\n\n<ul class=\"wp-block-list\">\n<li>Funkcionalno \u2013 Uvijek aktivno<\/li>\n<li>Marketing \u2013 Marketing<\/li>\n<\/ul>\n\n<p><strong>8. Aktivacija\/deaktivacija i brisanje kola\u010di\u0107a<\/strong><\/p>\n\n<p>Pomo\u0107u internetskog preglednika mo\u017eete automatski ili ru\u010dno izbrisati kola\u010di\u0107e. Tako\u0111er mo\u017eete odrediti da se odre\u0111eni kola\u010di\u0107i ne smiju postavljati. Druga je mogu\u0107nost promijeniti postavke internetskog preglednika tako da primate poruku svaki put kada se postavi kola\u010di\u0107. Za vi\u0161e informacija o tim opcijama pogledajte upute u odjeljku &quot;Pomo\u0107&quot; u svom pregledniku.<\/p>\n\n<p>Imajte na umu da na\u0161a web stranica mo\u017eda ne\u0107e ispravno funkcionirati ako su svi kola\u010di\u0107i onemogu\u0107eni. Ako izbri\u0161ete kola\u010di\u0107e iz svog preglednika, oni \u0107e se ponovno postaviti nakon va\u0161eg pristanka kada ponovno posjetite na\u0161u web stranicu.<\/p>\n\n<p><strong>9. Va\u0161a prava u vezi s osobnim podacima<\/strong><\/p>\n\n<ul class=\"wp-block-list\">\n<li>Imate pravo znati za\u0161to su va\u0161i osobni podaci potrebni, \u0161to \u0107e se s njima dogoditi i koliko dugo \u0107e se \u010duvati.<\/li>\n<li>Pravo pristupa: Imate pravo pristupa va\u0161im osobnim podacima koje poznajemo.<\/li>\n<li>Pravo na ispravak: Imate pravo dopuniti, ispraviti, izbrisati ili blokirati svoje osobne podatke kad god \u017eelite.<\/li>\n<li>Ako nam date privolu za obradu va\u0161ih podataka, imate pravo opozvati tu privolu i izbrisati svoje osobne podatke.<\/li>\n<li>Pravo na prijenos va\u0161ih podataka: Imate pravo zatra\u017eiti sve svoje osobne podatke od voditelja obrade i u cijelosti ih prenijeti drugom voditelju obrade.<\/li>\n<li>Pravo na prigovor: Mo\u017eete ulo\u017eiti prigovor na obradu va\u0161ih podataka. Prihvatit \u0107emo to osim ako postoje opravdani razlozi za obradu.<\/li>\n<\/ul>\n\n<p>Za ostvarivanje ovih prava, molimo kontaktirajte nas. Molimo pogledajte kontakt podatke na dnu ove politike kola\u010di\u0107a. Ako imate bilo kakve pritu\u017ebe na na\u010din na koji obra\u0111ujemo va\u0161e podatke, voljeli bismo \u010duti od vas, ali tako\u0111er imate pravo podnijeti pritu\u017ebu nadzornom tijelu (Agenciji za za\u0161titu podataka).<\/p>\n\n<p><strong>10. Kontaktni podaci<\/strong><\/p>\n\n<p>Za pitanja i\/ili komentare o na\u0161oj politici kola\u010di\u0107a i ovoj izjavi, molimo kontaktirajte nas putem sljede\u0107ih kontaktnih podataka:<\/p>\n\n<ul class=\"wp-block-list\">\n<li>Tvrtka: Pablo Angulo Maspons<\/li>\n<li>Stanovni\u0161tvo: Vinaroz, \u0160panjolska<\/li>\n<li>Telefon: 613395013<\/li>\n<li>Po\u0161ta:<a href=\"mailto:info@rosanacl.com\"> info@rosanacl.com<\/a>\u00a0<\/li>\n<\/ul>\n\n<p>Ova politika kola\u010di\u0107a sinkronizirana je s <a href=\"https:\/\/cookiedatabase.org\">baza_kola\u010di\u0107a.org<\/a> dana 01.08.2024.<\/p>\n\n<p>\u00a0<\/p>\t\t\t\t\t\t\t\t<\/div>\n\t\t\t\t<\/div>\n\t\t\t\t\t<\/div>\n\t\t\t\t<\/div>\n\t\t\t\t<\/div>","protected":false},"excerpt":{"rendered":"<p>Esta pol\u00edtica de cookies fue actualizada por \u00faltima vez el 08\/01\/2024 y se aplica a los ciudadanos y residentes legales permanentes del Espacio Econ\u00f3mico Europeo y Suiza. 1. Introducci\u00f3n Nuestra web, https:\/\/rosanacl.com\/ (en adelante: \u00abla web\u00bb) utiliza cookies y otras tecnolog\u00edas relacionadas (para mayor comodidad, todas las tecnolog\u00edas se denominan \u00abcookies\u00bb). Las cookies tambi\u00e9n son [&hellip;]<\/p>\n","protected":false},"author":1,"featured_media":0,"parent":0,"menu_order":0,"comment_status":"closed","ping_status":"closed","template":"","meta":{"content-type":"","footnotes":""},"class_list":["post-16","page","type-page","status-publish","hentry"],"yoast_head":"<!-- This site is optimized with the Yoast SEO plugin v27.4 - https:\/\/yoast.com\/product\/yoast-seo-wordpress\/ -->\n<title>Pol\u00edtica de Cookies - Rosana CL<\/title>\n<meta name=\"robots\" content=\"index, follow, max-snippet:-1, max-image-preview:large, max-video-preview:-1\" \/>\n<link rel=\"canonical\" href=\"https:\/\/rosanacl.com\/hr\/politica-de-cookies\/\" \/>\n<meta property=\"og:locale\" content=\"hr_HR\" \/>\n<meta property=\"og:type\" content=\"article\" \/>\n<meta property=\"og:title\" content=\"Pol\u00edtica de Cookies - Rosana CL\" \/>\n<meta property=\"og:description\" content=\"Esta pol\u00edtica de cookies fue actualizada por \u00faltima vez el 08\/01\/2024 y se aplica a los ciudadanos y residentes legales permanentes del Espacio Econ\u00f3mico Europeo y Suiza. 1. Introducci\u00f3n Nuestra web, https:\/\/rosanacl.com\/ (en adelante: \u00abla web\u00bb) utiliza cookies y otras tecnolog\u00edas relacionadas (para mayor comodidad, todas las tecnolog\u00edas se denominan \u00abcookies\u00bb). Las cookies tambi\u00e9n son [&hellip;]\" \/>\n<meta property=\"og:url\" content=\"https:\/\/rosanacl.com\/hr\/politica-de-cookies\/\" \/>\n<meta property=\"og:site_name\" content=\"Rosana CL\" \/>\n<meta property=\"article:modified_time\" content=\"2025-07-09T06:54:15+00:00\" \/>\n<meta name=\"twitter:card\" content=\"summary_large_image\" \/>\n<meta name=\"twitter:label1\" content=\"Procijenjeno vrijeme \u010ditanja\" \/>\n\t<meta name=\"twitter:data1\" content=\"4 minute\" \/>\n<script type=\"application\/ld+json\" class=\"yoast-schema-graph\">{\"@context\":\"https:\\\/\\\/schema.org\",\"@graph\":[{\"@type\":\"WebPage\",\"@id\":\"https:\\\/\\\/rosanacl.com\\\/eu\\\/politica-de-cookies\\\/\",\"url\":\"https:\\\/\\\/rosanacl.com\\\/eu\\\/politica-de-cookies\\\/\",\"name\":\"Pol\u00edtica de Cookies - Rosana CL\",\"isPartOf\":{\"@id\":\"https:\\\/\\\/rosanacl.com\\\/ca\\\/#website\"},\"datePublished\":\"2025-03-28T18:59:16+00:00\",\"dateModified\":\"2025-07-09T06:54:15+00:00\",\"breadcrumb\":{\"@id\":\"https:\\\/\\\/rosanacl.com\\\/eu\\\/politica-de-cookies\\\/#breadcrumb\"},\"inLanguage\":\"hr\",\"potentialAction\":[{\"@type\":\"ReadAction\",\"target\":[\"https:\\\/\\\/rosanacl.com\\\/eu\\\/politica-de-cookies\\\/\"]}]},{\"@type\":\"BreadcrumbList\",\"@id\":\"https:\\\/\\\/rosanacl.com\\\/eu\\\/politica-de-cookies\\\/#breadcrumb\",\"itemListElement\":[{\"@type\":\"ListItem\",\"position\":1,\"name\":\"Portada\",\"item\":\"https:\\\/\\\/rosanacl.com\\\/ca\\\/\"},{\"@type\":\"ListItem\",\"position\":2,\"name\":\"Pol\u00edtica de Cookies\"}]},{\"@type\":\"WebSite\",\"@id\":\"https:\\\/\\\/rosanacl.com\\\/ca\\\/#website\",\"url\":\"https:\\\/\\\/rosanacl.com\\\/ca\\\/\",\"name\":\"Rosana CL\",\"description\":\"Somos tu interior\",\"potentialAction\":[{\"@type\":\"SearchAction\",\"target\":{\"@type\":\"EntryPoint\",\"urlTemplate\":\"https:\\\/\\\/rosanacl.com\\\/ca\\\/?s={search_term_string}\"},\"query-input\":{\"@type\":\"PropertyValueSpecification\",\"valueRequired\":true,\"valueName\":\"search_term_string\"}}],\"inLanguage\":\"hr\"}]}<\/script>\n<!-- \/ Yoast SEO plugin. -->","yoast_head_json":{"title":"Pol\u00edtica de Cookies - Rosana CL","robots":{"index":"index","follow":"follow","max-snippet":"max-snippet:-1","max-image-preview":"max-image-preview:large","max-video-preview":"max-video-preview:-1"},"canonical":"https:\/\/rosanacl.com\/hr\/politica-de-cookies\/","og_locale":"hr_HR","og_type":"article","og_title":"Pol\u00edtica de Cookies - Rosana CL","og_description":"Esta pol\u00edtica de cookies fue actualizada por \u00faltima vez el 08\/01\/2024 y se aplica a los ciudadanos y residentes legales permanentes del Espacio Econ\u00f3mico Europeo y Suiza. 1. Introducci\u00f3n Nuestra web, https:\/\/rosanacl.com\/ (en adelante: \u00abla web\u00bb) utiliza cookies y otras tecnolog\u00edas relacionadas (para mayor comodidad, todas las tecnolog\u00edas se denominan \u00abcookies\u00bb). Las cookies tambi\u00e9n son [&hellip;]","og_url":"https:\/\/rosanacl.com\/hr\/politica-de-cookies\/","og_site_name":"Rosana CL","article_modified_time":"2025-07-09T06:54:15+00:00","twitter_card":"summary_large_image","twitter_misc":{"Procijenjeno vrijeme \u010ditanja":"4 minute"},"schema":{"@context":"https:\/\/schema.org","@graph":[{"@type":"WebPage","@id":"https:\/\/rosanacl.com\/eu\/politica-de-cookies\/","url":"https:\/\/rosanacl.com\/eu\/politica-de-cookies\/","name":"Pol\u00edtica de Cookies - Rosana CL","isPartOf":{"@id":"https:\/\/rosanacl.com\/ca\/#website"},"datePublished":"2025-03-28T18:59:16+00:00","dateModified":"2025-07-09T06:54:15+00:00","breadcrumb":{"@id":"https:\/\/rosanacl.com\/eu\/politica-de-cookies\/#breadcrumb"},"inLanguage":"hr","potentialAction":[{"@type":"ReadAction","target":["https:\/\/rosanacl.com\/eu\/politica-de-cookies\/"]}]},{"@type":"BreadcrumbList","@id":"https:\/\/rosanacl.com\/eu\/politica-de-cookies\/#breadcrumb","itemListElement":[{"@type":"ListItem","position":1,"name":"Portada","item":"https:\/\/rosanacl.com\/ca\/"},{"@type":"ListItem","position":2,"name":"Pol\u00edtica de Cookies"}]},{"@type":"WebSite","@id":"https:\/\/rosanacl.com\/ca\/#website","url":"https:\/\/rosanacl.com\/ca\/","name":"Rosana CL","description":"Mi smo tvoje unutarnje ja","potentialAction":[{"@type":"SearchAction","target":{"@type":"EntryPoint","urlTemplate":"https:\/\/rosanacl.com\/ca\/?s={search_term_string}"},"query-input":{"@type":"PropertyValueSpecification","valueRequired":true,"valueName":"search_term_string"}}],"inLanguage":"hr"}]}},"_links":{"self":[{"href":"https:\/\/rosanacl.com\/hr\/wp-json\/wp\/v2\/pages\/16","targetHints":{"allow":["GET"]}}],"collection":[{"href":"https:\/\/rosanacl.com\/hr\/wp-json\/wp\/v2\/pages"}],"about":[{"href":"https:\/\/rosanacl.com\/hr\/wp-json\/wp\/v2\/types\/page"}],"author":[{"embeddable":true,"href":"https:\/\/rosanacl.com\/hr\/wp-json\/wp\/v2\/users\/1"}],"replies":[{"embeddable":true,"href":"https:\/\/rosanacl.com\/hr\/wp-json\/wp\/v2\/comments?post=16"}],"version-history":[{"count":0,"href":"https:\/\/rosanacl.com\/hr\/wp-json\/wp\/v2\/pages\/16\/revisions"}],"wp:attachment":[{"href":"https:\/\/rosanacl.com\/hr\/wp-json\/wp\/v2\/media?parent=16"}],"curies":[{"name":"wp","href":"https:\/\/api.w.org\/{rel}","templated":true}]}}