{"id":21,"date":"2025-03-28T16:06:23","date_gmt":"2025-03-28T19:06:23","guid":{"rendered":"https:\/\/innovacon.simplificandotuweb.com\/?page_id=21"},"modified":"2025-05-10T02:25:08","modified_gmt":"2025-05-10T00:25:08","slug":"declaracion-de-accesibilidad","status":"publish","type":"page","link":"https:\/\/rosanacl.com\/hr\/declaracion-de-accesibilidad\/","title":{"rendered":"Izjava o pristupa\u010dnosti"},"content":{"rendered":"<div data-elementor-type=\"wp-page\" data-elementor-id=\"21\" class=\"elementor elementor-21\" data-elementor-post-type=\"page\">\n\t\t\t\t<div class=\"elementor-element elementor-element-eb41712 e-flex e-con-boxed e-con e-parent\" data-id=\"eb41712\" data-element_type=\"container\" data-e-type=\"container\" data-settings=\"{&quot;background_background&quot;:&quot;classic&quot;}\">\n\t\t\t\t\t<div class=\"e-con-inner\">\n\t\t<div class=\"elementor-element elementor-element-394e804 e-con-full e-flex e-con e-child\" data-id=\"394e804\" data-element_type=\"container\" data-e-type=\"container\">\n\t\t\t\t<div class=\"elementor-element elementor-element-4858173 elementor-widget elementor-widget-heading\" data-id=\"4858173\" data-element_type=\"widget\" data-e-type=\"widget\" data-widget_type=\"heading.default\">\n\t\t\t\t<div class=\"elementor-widget-container\">\n\t\t\t\t\t<h2 class=\"elementor-heading-title elementor-size-default\">Izjava o pristupa\u010dnosti<\/h2>\t\t\t\t<\/div>\n\t\t\t\t<\/div>\n\t\t\t\t<\/div>\n\t\t\t\t\t<\/div>\n\t\t\t\t<\/div>\n\t\t<div class=\"elementor-element elementor-element-3c3c9a51 e-flex e-con-boxed e-con e-parent\" data-id=\"3c3c9a51\" data-element_type=\"container\" data-e-type=\"container\">\n\t\t\t\t\t<div class=\"e-con-inner\">\n\t\t\t\t<div class=\"elementor-element elementor-element-d37677a elementor-widget elementor-widget-text-editor\" data-id=\"d37677a\" data-element_type=\"widget\" data-e-type=\"widget\" data-widget_type=\"text-editor.default\">\n\t\t\t\t<div class=\"elementor-widget-container\">\n\t\t\t\t\t\t\t\t\t\n<p>PABLO ANGULO MASPONS obvezuje se u\u010diniti svoju web stranicu dostupnom u skladu s Kraljevskim dekretom 1112\/2018 od 7. rujna o pristupa\u010dnosti web stranica i mobilnih aplikacija u javnom sektoru. Ova izjava o pristupa\u010dnosti odnosi se na ovu web stranicu.<\/p>\n\n<p><strong>Status uskla\u0111enosti<\/strong><\/p>\n\n<p>Ova web stranica je razvijena u skladu s RD 1112\/2018<\/p>\n\n<p><strong>Priprema za sljede\u0107u izjavu o pristupa\u010dnosti<\/strong><\/p>\n\n<p>Ova izjava je pripremljena 20. travnja 2023. Metoda kori\u0161tena za pripremu izjave bila je samoprocjena.<\/p>\n\n<p><strong>Komentari i kontakt informacije<\/strong><\/p>\n\n<p>Mo\u017eete uputiti priop\u0107enja o zahtjevima za pristupa\u010dnost (\u010dlanak 10.2.a RD 1112\/2018) kao \u0161to su:<\/p>\n\n<ul class=\"wp-block-list\">\n<li>Prijavite svako potencijalno kr\u0161enje od strane ove web stranice<\/li>\n\n<li>Prenesite druge pote\u0161ko\u0107e u pristupu sadr\u017eaju<\/li>\n\n<li>Bilo koji drugi upit ili prijedlog za pobolj\u0161anje u vezi s pristupa\u010dno\u0161\u0107u web stranice mo\u017eete poslati putem kontakt obrasca na ovoj web stranici ili putem telefonskog broja\u00a0<\/li>\n<\/ul>\n\n<p>Mo\u017eete predstaviti:<\/p>\n\n<ul class=\"wp-block-list\">\n<li>Prigovor u vezi s uskla\u0111eno\u0161\u0107u sa zahtjevima RD 1112\/2018<\/li>\n\n<li>Zahtjev za pristup informacijama u vezi s:\n<ul class=\"wp-block-list\">\n<li>Sadr\u017eaji koji su isklju\u010deni iz podru\u010dja primjene RD 1112\/2018 u skladu s onim \u0161to je utvr\u0111eno u \u010dlanku 3., odjeljku 4.<\/li>\n\n<li>Sadr\u017eaj koji je izuzet od uskla\u0111enosti sa zahtjevima pristupa\u010dnosti zbog nametanja nesrazmjernog tereta<\/li>\n\n<li>Zahtjev za pristup informacijama mora jasno navesti \u010dinjenice, razloge i zahtjev kako bi se utvrdilo da je rije\u010d o razumnom i legitimnom zahtjevu.<\/li>\n<\/ul>\n<\/li>\n<\/ul>\n\n<p>Prigovori i zahtjevi u vezi s dostupnim informacijama podnosit \u0107e se putem elektroni\u010dke stranice (https:\/\/sede.red.gob.es\/procedimientos\/quejas-y-sugerencias), a zaprimat \u0107e ih i obra\u0111ivati odjel za informacijske sustave Red.es.<\/p>\n\n<p><strong>Izborni sadr\u017eaj<\/strong><\/p>\n\n<ul class=\"wp-block-list\">\n<li>Za promjenu veli\u010dine fonta u glavnim grafi\u010dkim preglednicima koristite sljede\u0107e izbornike:<\/li>\n\n<li>Safari: Prikaz &gt; Uve\u0107aj tekst<\/li>\n\n<li>Chrome: Kontrola trenutne stranice &gt; Veli\u010dina teksta<\/li>\n<\/ul>\n\n<p>Za promjenu veli\u010dine svega na stranici:<\/p>\n\n<ul class=\"wp-block-list\">\n<li>Ctrl++ za pove\u0107anje<\/li>\n\n<li>Ctrl + \u2013 za smanjenje<\/li>\n\n<li>Ctrl + 0 vra\u0107a izvornu veli\u010dinu teksta<\/li>\n\n<li>Ako \u017eelite poni\u0161titi stilski list ili promijeniti boju teksta, mo\u017eete pogledati WAI-jevu stranicu Kako promijeniti veli\u010dinu ili boje teksta, koja se na \u0161panjolski mo\u017ee pro\u010ditati kao Kako promijeniti veli\u010dinu ili boje teksta?<\/li>\n<\/ul>\n\t\t\t\t\t\t\t\t<\/div>\n\t\t\t\t<\/div>\n\t\t\t\t\t<\/div>\n\t\t\t\t<\/div>\n\t\t\t\t<\/div>","protected":false},"excerpt":{"rendered":"<p>PABLO ANGULO MASPONS se ha comprometido a hacer accesible su sitio web, conforme al Real Decreto 1112\/2018, de 7 de septiembre, sobre accesibilidad de los sitios web y aplicaciones para dispositivos m\u00f3viles del sector p\u00fablico. Esta declaraci\u00f3n de accesibilidad se aplica a esta web. Situaci\u00f3n de cumplimiento Este sitio web est\u00e1 desarrollado seg\u00fan el RD [&hellip;]<\/p>\n","protected":false},"author":1,"featured_media":0,"parent":0,"menu_order":0,"comment_status":"closed","ping_status":"closed","template":"","meta":{"content-type":"","footnotes":""},"class_list":["post-21","page","type-page","status-publish","hentry"],"yoast_head":"<!-- This site is optimized with the Yoast SEO plugin v27.4 - https:\/\/yoast.com\/product\/yoast-seo-wordpress\/ -->\n<title>Declaraci\u00f3n de Accesibilidad - Rosana CL<\/title>\n<meta name=\"robots\" content=\"index, follow, max-snippet:-1, max-image-preview:large, max-video-preview:-1\" \/>\n<link rel=\"canonical\" href=\"https:\/\/rosanacl.com\/hr\/declaracion-de-accesibilidad\/\" \/>\n<meta property=\"og:locale\" content=\"hr_HR\" \/>\n<meta property=\"og:type\" content=\"article\" \/>\n<meta property=\"og:title\" content=\"Declaraci\u00f3n de Accesibilidad - Rosana CL\" \/>\n<meta property=\"og:description\" content=\"PABLO ANGULO MASPONS se ha comprometido a hacer accesible su sitio web, conforme al Real Decreto 1112\/2018, de 7 de septiembre, sobre accesibilidad de los sitios web y aplicaciones para dispositivos m\u00f3viles del sector p\u00fablico. Esta declaraci\u00f3n de accesibilidad se aplica a esta web. Situaci\u00f3n de cumplimiento Este sitio web est\u00e1 desarrollado seg\u00fan el RD [&hellip;]\" \/>\n<meta property=\"og:url\" content=\"https:\/\/rosanacl.com\/hr\/declaracion-de-accesibilidad\/\" \/>\n<meta property=\"og:site_name\" content=\"Rosana CL\" \/>\n<meta property=\"article:modified_time\" content=\"2025-05-10T00:25:08+00:00\" \/>\n<meta name=\"twitter:card\" content=\"summary_large_image\" \/>\n<meta name=\"twitter:label1\" content=\"Procijenjeno vrijeme \u010ditanja\" \/>\n\t<meta name=\"twitter:data1\" content=\"2 minute\" \/>\n<script type=\"application\/ld+json\" class=\"yoast-schema-graph\">{\"@context\":\"https:\\\/\\\/schema.org\",\"@graph\":[{\"@type\":\"WebPage\",\"@id\":\"https:\\\/\\\/rosanacl.com\\\/declaracion-de-accesibilidad\\\/\",\"url\":\"https:\\\/\\\/rosanacl.com\\\/declaracion-de-accesibilidad\\\/\",\"name\":\"Declaraci\u00f3n de Accesibilidad - Rosana CL\",\"isPartOf\":{\"@id\":\"https:\\\/\\\/rosanacl.com\\\/ca\\\/#website\"},\"datePublished\":\"2025-03-28T19:06:23+00:00\",\"dateModified\":\"2025-05-10T00:25:08+00:00\",\"breadcrumb\":{\"@id\":\"https:\\\/\\\/rosanacl.com\\\/declaracion-de-accesibilidad\\\/#breadcrumb\"},\"inLanguage\":\"hr\",\"potentialAction\":[{\"@type\":\"ReadAction\",\"target\":[\"https:\\\/\\\/rosanacl.com\\\/declaracion-de-accesibilidad\\\/\"]}]},{\"@type\":\"BreadcrumbList\",\"@id\":\"https:\\\/\\\/rosanacl.com\\\/declaracion-de-accesibilidad\\\/#breadcrumb\",\"itemListElement\":[{\"@type\":\"ListItem\",\"position\":1,\"name\":\"Portada\",\"item\":\"https:\\\/\\\/rosanacl.com\\\/ca\\\/\"},{\"@type\":\"ListItem\",\"position\":2,\"name\":\"Declaraci\u00f3n de Accesibilidad\"}]},{\"@type\":\"WebSite\",\"@id\":\"https:\\\/\\\/rosanacl.com\\\/ca\\\/#website\",\"url\":\"https:\\\/\\\/rosanacl.com\\\/ca\\\/\",\"name\":\"Rosana CL\",\"description\":\"Somos tu interior\",\"potentialAction\":[{\"@type\":\"SearchAction\",\"target\":{\"@type\":\"EntryPoint\",\"urlTemplate\":\"https:\\\/\\\/rosanacl.com\\\/ca\\\/?s={search_term_string}\"},\"query-input\":{\"@type\":\"PropertyValueSpecification\",\"valueRequired\":true,\"valueName\":\"search_term_string\"}}],\"inLanguage\":\"hr\"}]}<\/script>\n<!-- \/ Yoast SEO plugin. -->","yoast_head_json":{"title":"Declaraci\u00f3n de Accesibilidad - Rosana CL","robots":{"index":"index","follow":"follow","max-snippet":"max-snippet:-1","max-image-preview":"max-image-preview:large","max-video-preview":"max-video-preview:-1"},"canonical":"https:\/\/rosanacl.com\/hr\/declaracion-de-accesibilidad\/","og_locale":"hr_HR","og_type":"article","og_title":"Declaraci\u00f3n de Accesibilidad - Rosana CL","og_description":"PABLO ANGULO MASPONS se ha comprometido a hacer accesible su sitio web, conforme al Real Decreto 1112\/2018, de 7 de septiembre, sobre accesibilidad de los sitios web y aplicaciones para dispositivos m\u00f3viles del sector p\u00fablico. Esta declaraci\u00f3n de accesibilidad se aplica a esta web. Situaci\u00f3n de cumplimiento Este sitio web est\u00e1 desarrollado seg\u00fan el RD [&hellip;]","og_url":"https:\/\/rosanacl.com\/hr\/declaracion-de-accesibilidad\/","og_site_name":"Rosana CL","article_modified_time":"2025-05-10T00:25:08+00:00","twitter_card":"summary_large_image","twitter_misc":{"Procijenjeno vrijeme \u010ditanja":"2 minute"},"schema":{"@context":"https:\/\/schema.org","@graph":[{"@type":"WebPage","@id":"https:\/\/rosanacl.com\/declaracion-de-accesibilidad\/","url":"https:\/\/rosanacl.com\/declaracion-de-accesibilidad\/","name":"Declaraci\u00f3n de Accesibilidad - Rosana CL","isPartOf":{"@id":"https:\/\/rosanacl.com\/ca\/#website"},"datePublished":"2025-03-28T19:06:23+00:00","dateModified":"2025-05-10T00:25:08+00:00","breadcrumb":{"@id":"https:\/\/rosanacl.com\/declaracion-de-accesibilidad\/#breadcrumb"},"inLanguage":"hr","potentialAction":[{"@type":"ReadAction","target":["https:\/\/rosanacl.com\/declaracion-de-accesibilidad\/"]}]},{"@type":"BreadcrumbList","@id":"https:\/\/rosanacl.com\/declaracion-de-accesibilidad\/#breadcrumb","itemListElement":[{"@type":"ListItem","position":1,"name":"Portada","item":"https:\/\/rosanacl.com\/ca\/"},{"@type":"ListItem","position":2,"name":"Declaraci\u00f3n de Accesibilidad"}]},{"@type":"WebSite","@id":"https:\/\/rosanacl.com\/ca\/#website","url":"https:\/\/rosanacl.com\/ca\/","name":"Rosana CL","description":"Mi smo tvoje unutarnje ja","potentialAction":[{"@type":"SearchAction","target":{"@type":"EntryPoint","urlTemplate":"https:\/\/rosanacl.com\/ca\/?s={search_term_string}"},"query-input":{"@type":"PropertyValueSpecification","valueRequired":true,"valueName":"search_term_string"}}],"inLanguage":"hr"}]}},"_links":{"self":[{"href":"https:\/\/rosanacl.com\/hr\/wp-json\/wp\/v2\/pages\/21","targetHints":{"allow":["GET"]}}],"collection":[{"href":"https:\/\/rosanacl.com\/hr\/wp-json\/wp\/v2\/pages"}],"about":[{"href":"https:\/\/rosanacl.com\/hr\/wp-json\/wp\/v2\/types\/page"}],"author":[{"embeddable":true,"href":"https:\/\/rosanacl.com\/hr\/wp-json\/wp\/v2\/users\/1"}],"replies":[{"embeddable":true,"href":"https:\/\/rosanacl.com\/hr\/wp-json\/wp\/v2\/comments?post=21"}],"version-history":[{"count":0,"href":"https:\/\/rosanacl.com\/hr\/wp-json\/wp\/v2\/pages\/21\/revisions"}],"wp:attachment":[{"href":"https:\/\/rosanacl.com\/hr\/wp-json\/wp\/v2\/media?parent=21"}],"curies":[{"name":"wp","href":"https:\/\/api.w.org\/{rel}","templated":true}]}}