{"id":2566,"date":"2025-07-01T12:13:48","date_gmt":"2025-07-01T10:13:48","guid":{"rendered":"https:\/\/rosanacl.com\/?page_id=2566"},"modified":"2025-12-14T20:43:04","modified_gmt":"2025-12-14T19:43:04","slug":"politica-de-envio","status":"publish","type":"page","link":"https:\/\/rosanacl.com\/hr\/politica-de-envio\/","title":{"rendered":"Pravila dostave"},"content":{"rendered":"<div data-elementor-type=\"wp-page\" data-elementor-id=\"2566\" class=\"elementor elementor-2566\" data-elementor-post-type=\"page\">\n\t\t\t\t<div class=\"elementor-element elementor-element-7a0b207 e-flex e-con-boxed e-con e-parent\" data-id=\"7a0b207\" data-element_type=\"container\" data-e-type=\"container\" data-settings=\"{&quot;background_background&quot;:&quot;classic&quot;}\">\n\t\t\t\t\t<div class=\"e-con-inner\">\n\t\t<div class=\"elementor-element elementor-element-2fcf4bc e-con-full e-flex e-con e-child\" data-id=\"2fcf4bc\" data-element_type=\"container\" data-e-type=\"container\">\n\t\t\t\t<div class=\"elementor-element elementor-element-d10b990 elementor-widget elementor-widget-heading\" data-id=\"d10b990\" data-element_type=\"widget\" data-e-type=\"widget\" data-widget_type=\"heading.default\">\n\t\t\t\t<div class=\"elementor-widget-container\">\n\t\t\t\t\t<h2 class=\"elementor-heading-title elementor-size-default\">Pravila dostave<\/h2>\t\t\t\t<\/div>\n\t\t\t\t<\/div>\n\t\t\t\t<\/div>\n\t\t\t\t\t<\/div>\n\t\t\t\t<\/div>\n\t\t<div class=\"elementor-element elementor-element-eca30f2 e-flex e-con-boxed e-con e-parent\" data-id=\"eca30f2\" data-element_type=\"container\" data-e-type=\"container\">\n\t\t\t\t\t<div class=\"e-con-inner\">\n\t\t\t\t<div class=\"elementor-element elementor-element-8328658 elementor-widget elementor-widget-text-editor\" data-id=\"8328658\" data-element_type=\"widget\" data-e-type=\"widget\" data-widget_type=\"text-editor.default\">\n\t\t\t\t<div class=\"elementor-widget-container\">\n\t\t\t\t\t\t\t\t\t<p>Ova pravila dostave zadnji su put a\u017eurirana 01.07.2025. i primjenjuju se na sve kupnje obavljene putem na\u0161e web stranice: <a href=\"https:\/\/rosanacl.com\/hr\/\">https:\/\/rosanacl.com\/<\/a><\/p>\n<p><!-- \/wp:paragraph --><!-- wp:paragraph --><\/p>\n<p data-start=\"261\" data-end=\"494\">U <strong data-start=\"264\" data-end=\"277\">Rosana CL<\/strong> Posve\u0107eni smo osiguravanju da je va\u0161e iskustvo kupovine sigurno, jasno i zadovoljavaju\u0107e od trenutka kada primite svoju narud\u017ebu. U nastavku obja\u0161njavamo sve \u0161to trebate znati o na\u0161oj dostavi:<\/p>\n<p data-start=\"105\" data-end=\"384\"><strong data-start=\"105\" data-end=\"131\">1. Dostava diljem svijeta<\/strong><br data-start=\"131\" data-end=\"134\">Dostavljamo me\u0111unarodno u gotovo svaku zemlju. Bez obzira gdje se nalazite, mo\u017eete naru\u010diti s potpunim povjerenjem. Sura\u0111ujemo s pouzdanim logisti\u010dkim pru\u017eateljima usluga kako bismo osigurali da va\u0161i proizvodi stignu na vrijeme.<\/p>\n<p>U Rosana Cl, svaku narud\u017ebu obra\u0111ujemo s pa\u017enjom i profesionalno\u0161\u0107u. Zato sura\u0111ujemo s MBE (Mail Boxes Etc.), logisti\u010dkom tvrtkom s 2800 centara u 52 zemlje, \u0161to nam omogu\u0107uje sigurnu i u\u010dinkovitu dostavu u zemlji i inozemstvu. Narud\u017ebe dostavljaju renomirani prijevoznici kao \u0161to su:<\/p>\n<ul>\n<li>UPS<\/li>\n<li>SEUR<\/li>\n<li>TNT<\/li>\n<li>FEDEX<\/li>\n<li>CORREOS EXPRESS<\/li>\n<li>Itd.\u2026<\/li>\n<\/ul>\n<p>Svi na\u0161i proizvodi sti\u0107i \u0107e sigurno i brzo. To osigurava pa\u017eljiv i u\u010dinkovit proces dostave, osmi\u0161ljen kako bi na\u0161im kupcima pru\u017eio najbolje mogu\u0107e iskustvo.<\/p>\n<p data-start=\"105\" data-end=\"384\"><strong data-start=\"389\" data-end=\"417\">2. Obrada narud\u017ebe<\/strong><\/p>\n<p>Sve narud\u017ebe se obra\u0111uju nakon \u0161to je uplata potvr\u0111ena.<br data-start=\"520\" data-end=\"523\"><strong data-start=\"523\" data-end=\"643\">Ako se narud\u017eba izvr\u0161i ujutro, bit \u0107e poslana poslijepodne. Ako se izvr\u0161i poslijepodne, bit \u0107e poslana sljede\u0107i dan.<\/strong><br data-start=\"643\" data-end=\"646\">Tijekom promocija, rasprodaja ili drugih posebnih doga\u0111aja, vrijeme obrade mo\u017ee biti ne\u0161to dulje, ali uvijek \u0107emo vas obavje\u0161tavati.<\/p>\n<p data-start=\"809\" data-end=\"1090\"><strong data-start=\"809\" data-end=\"845\">3. Broj za pra\u0107enje<\/strong><br data-start=\"845\" data-end=\"848\">Nakon \u0161to va\u0161a narud\u017eba bude poslana, poslat \u0107emo vam broj za pra\u0107enje putem e-po\u0161te ili komunikacijskog kanala koji ste koristili prilikom kupnje.<br data-start=\"1014\" data-end=\"1017\">Status svoje po\u0161iljke mo\u017eete pratiti u svakom trenutku dok je ne primite.<\/p>\n<p data-start=\"809\" data-end=\"1090\"><strong data-start=\"1095\" data-end=\"1127\">4. Procijenjeno vrijeme isporuke<\/strong><\/p>\n<p data-start=\"1095\" data-end=\"1291\">Rokovi dostave mogu varirati ovisno o zemlji odredi\u0161ta, odabranoj metodi dostave i drugim vanjskim \u010dimbenicima (vrijeme, carina itd.). Za referencu:<\/p>\n<ul data-start=\"1293\" data-end=\"1530\">\n<li data-start=\"1293\" data-end=\"1342\">\n<p data-start=\"1295\" data-end=\"1342\">Doma\u0107a dostava: <strong data-start=\"1314\" data-end=\"1340\">24 do 48 radnih sati.<\/strong><\/p>\n<\/li>\n<li data-start=\"1343\" data-end=\"1434\">\n<p data-start=\"1345\" data-end=\"1434\">Me\u0111unarodna dostava unutar Europe: <strong data-start=\"1386\" data-end=\"1408\">4 do 6 radnih dana<\/strong>, kopnom ili zrakom.<\/p>\n<\/li>\n<li data-start=\"1435\" data-end=\"1530\">\n<p data-start=\"1437\" data-end=\"1530\">Me\u0111unarodna dostava izvan Europe (ostatak svijeta): <strong data-start=\"1495\" data-end=\"1518\">8 do 10 radnih dana<\/strong>, di\u0161ni put.<\/p>\n<\/li>\n<\/ul>\n<p>Usluga dostave uklju\u010duje dva poku\u0161aja dostave tijekom dana ili sljede\u0107eg dana. Ako se dostava ne mo\u017ee izvr\u0161iti zbog nedostaju\u0107ih ili neto\u010dnih podataka ili zbog odsutnosti primatelja, izvr\u0161it \u0107e se tre\u0107a dostava na obli\u017enje mjesto preuzimanja.<\/p>\n<p>Ako kupac ne preuzme proizvod u roku od 10 dana, paket \u0107e biti vra\u0107en u skladi\u0161te s kojim sura\u0111ujemo u Rosana CL, koje \u0107e odbiti nastale tro\u0161kove dostave i povrata.&nbsp;<\/p>\n<p data-start=\"1437\" data-end=\"1530\"><strong>5. Tro\u0161kovi dostave<\/strong><\/p>\n<p data-start=\"1535\" data-end=\"1779\">Tro\u0161kovi dostave izra\u010dunavaju se prilikom pla\u0107anja na temelju adrese za dostavu i te\u017eine paketa. U posebnim prilikama nudimo besplatnu dostavu u odre\u0111ene zemlje ili za narud\u017ebe iznad odre\u0111enog iznosa.<\/p>\n<p data-start=\"1535\" data-end=\"1779\">Za narud\u017ebe iznad 59 \u20ac, dostava je besplatna, samo unutar kopna.<\/p>\n<p data-start=\"1535\" data-end=\"1779\">Ako narud\u017eba mora pro\u0107i carinu, svi dodatni porezi, carine ili naknade bit \u0107e odgovornost kupca.&nbsp;<\/p>\n<p><strong data-start=\"1784\" data-end=\"1815\">6. Carine i lokalni porezi<\/strong><br data-start=\"1815\" data-end=\"1818\">Za me\u0111unarodne po\u0161iljke, neke zemlje mogu primjenjivati poreze ili carine. Ti tro\u0161kovi su odgovornost kupca i nisu uklju\u010deni u cijenu proizvoda ili tro\u0161kove dostave.<\/p>\n<p data-start=\"1784\" data-end=\"2026\"><strong data-start=\"2031\" data-end=\"2059\">7. Problemi s dostavom<\/strong><\/p>\n<p>Ako va\u0161 paket kasni ili ima bilo kakvih problema, mo\u017eete nas izravno kontaktirati i mi \u0107emo vam pomo\u0107i rije\u0161iti problem \u0161to je br\u017ee mogu\u0107e.<\/p>\n<p>Ako imate bilo kakvih pitanja ili trebate pomo\u0107 s va\u0161om po\u0161iljkom, slobodno nas kontaktirajte putem na\u0161eg kontakt obrasca ili putem e-po\u0161te: &nbsp;<a href=\"mailto:info@rosanacl.com\">info@rosanacl.com<\/a><br data-start=\"2620\" data-end=\"2623\">Hvala vam \u0161to nam vjerujete <strong data-start=\"2646\" data-end=\"2659\">Rosana CL<\/strong>.<\/p>\n<h4><b>NAPOMENA: Obavje\u0161tavamo na\u0161e kupce da zbog praznika na\u0161eg dobavlja\u010da mo\u017ee do\u0107i do ka\u0161njenja u isporukama i dostupnosti zaliha tijekom kolovoza.<\/b><\/h4>\t\t\t\t\t\t\t\t<\/div>\n\t\t\t\t<\/div>\n\t\t\t\t\t<\/div>\n\t\t\t\t<\/div>\n\t\t\t\t<\/div>","protected":false},"excerpt":{"rendered":"<p>Esta pol\u00edtica de env\u00edos fue actualizada por \u00faltima vez el 01\/07\/2025 y se aplica a todas las compras realizadas a trav\u00e9s de nuestra web: https:\/\/rosanacl.com\/ En Rosana CL nos comprometemos a que tu experiencia de compra sea segura, clara y satisfactoria desde el primer momento hasta que recibas tu pedido. A continuaci\u00f3n, te explicamos todo [&hellip;]<\/p>\n","protected":false},"author":1,"featured_media":0,"parent":0,"menu_order":0,"comment_status":"closed","ping_status":"closed","template":"","meta":{"content-type":"","footnotes":""},"class_list":["post-2566","page","type-page","status-publish","hentry"],"yoast_head":"<!-- This site is optimized with the Yoast SEO plugin v27.4 - https:\/\/yoast.com\/product\/yoast-seo-wordpress\/ -->\n<title>Pol\u00edtica de Env\u00edo - Rosana CL<\/title>\n<meta name=\"robots\" content=\"index, follow, max-snippet:-1, max-image-preview:large, max-video-preview:-1\" \/>\n<link rel=\"canonical\" href=\"https:\/\/rosanacl.com\/hr\/politica-de-envio\/\" \/>\n<meta property=\"og:locale\" content=\"hr_HR\" \/>\n<meta property=\"og:type\" content=\"article\" \/>\n<meta property=\"og:title\" content=\"Pol\u00edtica de Env\u00edo - Rosana CL\" \/>\n<meta property=\"og:description\" content=\"Esta pol\u00edtica de env\u00edos fue actualizada por \u00faltima vez el 01\/07\/2025 y se aplica a todas las compras realizadas a trav\u00e9s de nuestra web: https:\/\/rosanacl.com\/ En Rosana CL nos comprometemos a que tu experiencia de compra sea segura, clara y satisfactoria desde el primer momento hasta que recibas tu pedido. A continuaci\u00f3n, te explicamos todo [&hellip;]\" \/>\n<meta property=\"og:url\" content=\"https:\/\/rosanacl.com\/hr\/politica-de-envio\/\" \/>\n<meta property=\"og:site_name\" content=\"Rosana CL\" \/>\n<meta property=\"article:modified_time\" content=\"2025-12-14T19:43:04+00:00\" \/>\n<meta name=\"twitter:card\" content=\"summary_large_image\" \/>\n<meta name=\"twitter:label1\" content=\"Procijenjeno vrijeme \u010ditanja\" \/>\n\t<meta name=\"twitter:data1\" content=\"4 minute\" \/>\n<script type=\"application\/ld+json\" class=\"yoast-schema-graph\">{\"@context\":\"https:\\\/\\\/schema.org\",\"@graph\":[{\"@type\":\"WebPage\",\"@id\":\"https:\\\/\\\/rosanacl.com\\\/uk\\\/politica-de-envio\\\/\",\"url\":\"https:\\\/\\\/rosanacl.com\\\/uk\\\/politica-de-envio\\\/\",\"name\":\"Pol\u00edtica de Env\u00edo - Rosana CL\",\"isPartOf\":{\"@id\":\"https:\\\/\\\/rosanacl.com\\\/ca\\\/#website\"},\"datePublished\":\"2025-07-01T10:13:48+00:00\",\"dateModified\":\"2025-12-14T19:43:04+00:00\",\"breadcrumb\":{\"@id\":\"https:\\\/\\\/rosanacl.com\\\/uk\\\/politica-de-envio\\\/#breadcrumb\"},\"inLanguage\":\"hr\",\"potentialAction\":[{\"@type\":\"ReadAction\",\"target\":[\"https:\\\/\\\/rosanacl.com\\\/uk\\\/politica-de-envio\\\/\"]}]},{\"@type\":\"BreadcrumbList\",\"@id\":\"https:\\\/\\\/rosanacl.com\\\/uk\\\/politica-de-envio\\\/#breadcrumb\",\"itemListElement\":[{\"@type\":\"ListItem\",\"position\":1,\"name\":\"Portada\",\"item\":\"https:\\\/\\\/rosanacl.com\\\/ca\\\/\"},{\"@type\":\"ListItem\",\"position\":2,\"name\":\"Pol\u00edtica de Env\u00edo\"}]},{\"@type\":\"WebSite\",\"@id\":\"https:\\\/\\\/rosanacl.com\\\/ca\\\/#website\",\"url\":\"https:\\\/\\\/rosanacl.com\\\/ca\\\/\",\"name\":\"Rosana CL\",\"description\":\"Somos tu interior\",\"potentialAction\":[{\"@type\":\"SearchAction\",\"target\":{\"@type\":\"EntryPoint\",\"urlTemplate\":\"https:\\\/\\\/rosanacl.com\\\/ca\\\/?s={search_term_string}\"},\"query-input\":{\"@type\":\"PropertyValueSpecification\",\"valueRequired\":true,\"valueName\":\"search_term_string\"}}],\"inLanguage\":\"hr\"}]}<\/script>\n<!-- \/ Yoast SEO plugin. -->","yoast_head_json":{"title":"Pol\u00edtica de Env\u00edo - Rosana CL","robots":{"index":"index","follow":"follow","max-snippet":"max-snippet:-1","max-image-preview":"max-image-preview:large","max-video-preview":"max-video-preview:-1"},"canonical":"https:\/\/rosanacl.com\/hr\/politica-de-envio\/","og_locale":"hr_HR","og_type":"article","og_title":"Pol\u00edtica de Env\u00edo - Rosana CL","og_description":"Esta pol\u00edtica de env\u00edos fue actualizada por \u00faltima vez el 01\/07\/2025 y se aplica a todas las compras realizadas a trav\u00e9s de nuestra web: https:\/\/rosanacl.com\/ En Rosana CL nos comprometemos a que tu experiencia de compra sea segura, clara y satisfactoria desde el primer momento hasta que recibas tu pedido. A continuaci\u00f3n, te explicamos todo [&hellip;]","og_url":"https:\/\/rosanacl.com\/hr\/politica-de-envio\/","og_site_name":"Rosana CL","article_modified_time":"2025-12-14T19:43:04+00:00","twitter_card":"summary_large_image","twitter_misc":{"Procijenjeno vrijeme \u010ditanja":"4 minute"},"schema":{"@context":"https:\/\/schema.org","@graph":[{"@type":"WebPage","@id":"https:\/\/rosanacl.com\/uk\/politica-de-envio\/","url":"https:\/\/rosanacl.com\/uk\/politica-de-envio\/","name":"Pol\u00edtica de Env\u00edo - Rosana CL","isPartOf":{"@id":"https:\/\/rosanacl.com\/ca\/#website"},"datePublished":"2025-07-01T10:13:48+00:00","dateModified":"2025-12-14T19:43:04+00:00","breadcrumb":{"@id":"https:\/\/rosanacl.com\/uk\/politica-de-envio\/#breadcrumb"},"inLanguage":"hr","potentialAction":[{"@type":"ReadAction","target":["https:\/\/rosanacl.com\/uk\/politica-de-envio\/"]}]},{"@type":"BreadcrumbList","@id":"https:\/\/rosanacl.com\/uk\/politica-de-envio\/#breadcrumb","itemListElement":[{"@type":"ListItem","position":1,"name":"Portada","item":"https:\/\/rosanacl.com\/ca\/"},{"@type":"ListItem","position":2,"name":"Pol\u00edtica de Env\u00edo"}]},{"@type":"WebSite","@id":"https:\/\/rosanacl.com\/ca\/#website","url":"https:\/\/rosanacl.com\/ca\/","name":"Rosana CL","description":"Mi smo tvoje unutarnje ja","potentialAction":[{"@type":"SearchAction","target":{"@type":"EntryPoint","urlTemplate":"https:\/\/rosanacl.com\/ca\/?s={search_term_string}"},"query-input":{"@type":"PropertyValueSpecification","valueRequired":true,"valueName":"search_term_string"}}],"inLanguage":"hr"}]}},"_links":{"self":[{"href":"https:\/\/rosanacl.com\/hr\/wp-json\/wp\/v2\/pages\/2566","targetHints":{"allow":["GET"]}}],"collection":[{"href":"https:\/\/rosanacl.com\/hr\/wp-json\/wp\/v2\/pages"}],"about":[{"href":"https:\/\/rosanacl.com\/hr\/wp-json\/wp\/v2\/types\/page"}],"author":[{"embeddable":true,"href":"https:\/\/rosanacl.com\/hr\/wp-json\/wp\/v2\/users\/1"}],"replies":[{"embeddable":true,"href":"https:\/\/rosanacl.com\/hr\/wp-json\/wp\/v2\/comments?post=2566"}],"version-history":[{"count":6,"href":"https:\/\/rosanacl.com\/hr\/wp-json\/wp\/v2\/pages\/2566\/revisions"}],"predecessor-version":[{"id":4647,"href":"https:\/\/rosanacl.com\/hr\/wp-json\/wp\/v2\/pages\/2566\/revisions\/4647"}],"wp:attachment":[{"href":"https:\/\/rosanacl.com\/hr\/wp-json\/wp\/v2\/media?parent=2566"}],"curies":[{"name":"wp","href":"https:\/\/api.w.org\/{rel}","templated":true}]}}