{"id":2879,"date":"2025-07-18T11:08:52","date_gmt":"2025-07-18T09:08:52","guid":{"rendered":"https:\/\/rosanacl.com\/?page_id=2879"},"modified":"2025-07-25T08:11:47","modified_gmt":"2025-07-25T06:11:47","slug":"mejor-sujetador-sin-tirantes-para-pecho-grande","status":"publish","type":"page","link":"https:\/\/rosanacl.com\/hr\/mejor-sujetador-sin-tirantes-para-pecho-grande\/","title":{"rendered":"Najbolji grudnjak bez naramenica za velike grudi"},"content":{"rendered":"<div data-elementor-type=\"wp-page\" data-elementor-id=\"2879\" class=\"elementor elementor-2879\" data-elementor-post-type=\"page\">\n\t\t\t\t<div class=\"elementor-element elementor-element-171998c7 e-flex e-con-boxed e-con e-parent\" data-id=\"171998c7\" data-element_type=\"container\" data-e-type=\"container\">\n\t\t\t\t\t<div class=\"e-con-inner\">\n\t\t\t\t<div class=\"elementor-element elementor-element-6575351f elementor-widget elementor-widget-text-editor\" data-id=\"6575351f\" data-element_type=\"widget\" data-e-type=\"widget\" data-widget_type=\"text-editor.default\">\n\t\t\t\t<div class=\"elementor-widget-container\">\n\t\t\t\t\t\t\t\t\t\n<p><\/p>\n\n\n\n<p><\/p>\n\t\t\t\t\t\t\t\t<\/div>\n\t\t\t\t<\/div>\n\t\t\t\t\t<\/div>\n\t\t\t\t<\/div>\n\t\t<div class=\"elementor-element elementor-element-cf7d341 e-flex e-con-boxed e-con e-parent\" data-id=\"cf7d341\" data-element_type=\"container\" data-e-type=\"container\">\n\t\t\t\t\t<div class=\"e-con-inner\">\n\t\t\t\t<div class=\"elementor-element elementor-element-1f1d080 elementor-widget elementor-widget-heading\" data-id=\"1f1d080\" data-element_type=\"widget\" data-e-type=\"widget\" data-widget_type=\"heading.default\">\n\t\t\t\t<div class=\"elementor-widget-container\">\n\t\t\t\t\t<h2 class=\"elementor-heading-title elementor-size-default\">Najbolji grudnjak bez naramenica za velike grudi<\/h2>\t\t\t\t<\/div>\n\t\t\t\t<\/div>\n\t\t\t\t\t<\/div>\n\t\t\t\t<\/div>\n\t\t<div class=\"elementor-element elementor-element-dc1921d e-flex e-con-boxed e-con e-parent\" data-id=\"dc1921d\" data-element_type=\"container\" data-e-type=\"container\">\n\t\t\t\t\t<div class=\"e-con-inner\">\n\t\t<div class=\"elementor-element elementor-element-d19616f e-con-full e-flex e-con e-child\" data-id=\"d19616f\" data-element_type=\"container\" data-e-type=\"container\">\n\t\t\t\t<div class=\"elementor-element elementor-element-8ba1404 elementor-widget elementor-widget-text-editor\" data-id=\"8ba1404\" data-element_type=\"widget\" data-e-type=\"widget\" data-widget_type=\"text-editor.default\">\n\t\t\t\t<div class=\"elementor-widget-container\">\n\t\t\t\t\t\t\t\t\t<h3 data-start=\"437\" data-end=\"547\">Najbolji grudnjak bez naramenica za velike grudi: kako prona\u0107i savr\u0161enu ravnote\u017eu izme\u0111u potpore i stila<\/h3>\n<p data-start=\"549\" data-end=\"1062\">Prona\u0111ite <strong data-start=\"562\" data-end=\"612\">najbolji grudnjak bez naramenica za velike grudi<\/strong> Mo\u017eda se \u010dini kao kompliciran zadatak, posebno kada mnogi brendovi daju prednost dizajnu nad funkcionalno\u0161\u0107u. \u017denama s ve\u0107im poprsjem potrebno je vi\u0161e od samo atraktivnog odjevnog predmeta: one tra\u017ee pravu potporu, slobodu kretanja i cjelodnevnu udobnost. Grudnjak bez naramenica za veliko poprsje trebao bi biti precizno dizajniran, sa strate\u0161kim poja\u010danjima i visokokvalitetnim materijalima koji osiguravaju stabilnost bez \u017ertvovanja stila.<\/p>\n<p data-start=\"1064\" data-end=\"1473\">U tom smislu, Rosana CL se etablirala kao nacionalni lider u \u017eenskoj korzetnoj galanteriji. S vi\u0161e od 40 godina iskustva u sektoru, ova specijalizirana trgovina razumije stvarne potrebe svojih klijenata. Stoga se njezin katalog fokusira na u\u010dinkovita i elegantna rje\u0161enja, kao \u0161to su <strong data-start=\"1357\" data-end=\"1407\">najbolji grudnjak bez naramenica za velike grudi<\/strong> to stvarno djeluje: bez padova, bez tragova, bez nelagode.<\/p>\t\t\t\t\t\t\t\t<\/div>\n\t\t\t\t<\/div>\n\t\t\t\t<\/div>\n\t\t<div class=\"elementor-element elementor-element-5568f8b e-con-full e-flex e-con e-child\" data-id=\"5568f8b\" data-element_type=\"container\" data-e-type=\"container\">\n\t\t\t\t<div class=\"elementor-element elementor-element-980debe elementor-widget elementor-widget-image\" data-id=\"980debe\" data-element_type=\"widget\" data-e-type=\"widget\" data-widget_type=\"image.default\">\n\t\t\t\t<div class=\"elementor-widget-container\">\n\t\t\t\t\t\t\t\t\t\t\t\t\t\t\t<img fetchpriority=\"high\" decoding=\"async\" width=\"800\" height=\"566\" src=\"https:\/\/rosanacl.com\/wp-content\/uploads\/2025\/07\/sujetador-reductor-1024x724.jpg\" class=\"attachment-large size-large wp-image-2865\" alt=\"\" srcset=\"https:\/\/rosanacl.com\/wp-content\/uploads\/2025\/07\/sujetador-reductor-1024x724.jpg 1024w, https:\/\/rosanacl.com\/wp-content\/uploads\/2025\/07\/sujetador-reductor-300x212.jpg 300w, https:\/\/rosanacl.com\/wp-content\/uploads\/2025\/07\/sujetador-reductor-768x543.jpg 768w, https:\/\/rosanacl.com\/wp-content\/uploads\/2025\/07\/sujetador-reductor-1536x1086.jpg 1536w, https:\/\/rosanacl.com\/wp-content\/uploads\/2025\/07\/sujetador-reductor-18x12.jpg 18w, https:\/\/rosanacl.com\/wp-content\/uploads\/2025\/07\/sujetador-reductor-600x424.jpg 600w, https:\/\/rosanacl.com\/wp-content\/uploads\/2025\/07\/sujetador-reductor.jpg 2000w\" sizes=\"(max-width: 800px) 100vw, 800px\" \/>\t\t\t\t\t\t\t\t\t\t\t\t\t\t\t<\/div>\n\t\t\t\t<\/div>\n\t\t\t\t<\/div>\n\t\t\t\t\t<\/div>\n\t\t\t\t<\/div>\n\t\t<div class=\"elementor-element elementor-element-5e380fb e-flex e-con-boxed e-con e-parent\" data-id=\"5e380fb\" data-element_type=\"container\" data-e-type=\"container\">\n\t\t\t\t\t<div class=\"e-con-inner\">\n\t\t<div class=\"elementor-element elementor-element-a763375 e-con-full e-flex e-con e-child\" data-id=\"a763375\" data-element_type=\"container\" data-e-type=\"container\">\n\t\t\t\t<div class=\"elementor-element elementor-element-a8aecc4 elementor-widget elementor-widget-image\" data-id=\"a8aecc4\" data-element_type=\"widget\" data-e-type=\"widget\" data-widget_type=\"image.default\">\n\t\t\t\t<div class=\"elementor-widget-container\">\n\t\t\t\t\t\t\t\t\t\t\t\t\t\t\t<img decoding=\"async\" width=\"589\" height=\"750\" src=\"https:\/\/rosanacl.com\/wp-content\/uploads\/2025\/05\/3-2-804x1024.png\" class=\"attachment-large size-large wp-image-2153\" alt=\"\" srcset=\"https:\/\/rosanacl.com\/wp-content\/uploads\/2025\/05\/3-2-804x1024.png 804w, https:\/\/rosanacl.com\/wp-content\/uploads\/2025\/05\/3-2-9x12.png 9w, https:\/\/rosanacl.com\/wp-content\/uploads\/2025\/05\/3-2-235x300.png 235w, https:\/\/rosanacl.com\/wp-content\/uploads\/2025\/05\/3-2-768x979.png 768w, https:\/\/rosanacl.com\/wp-content\/uploads\/2025\/05\/3-2-600x765.png 600w, https:\/\/rosanacl.com\/wp-content\/uploads\/2025\/05\/3-2.png 1046w\" sizes=\"(max-width: 589px) 100vw, 589px\" \/>\t\t\t\t\t\t\t\t\t\t\t\t\t\t\t<\/div>\n\t\t\t\t<\/div>\n\t\t\t\t<\/div>\n\t\t<div class=\"elementor-element elementor-element-b02b1e9 e-con-full e-flex e-con e-child\" data-id=\"b02b1e9\" data-element_type=\"container\" data-e-type=\"container\">\n\t\t\t\t<div class=\"elementor-element elementor-element-e25a6f0 elementor-widget elementor-widget-text-editor\" data-id=\"e25a6f0\" data-element_type=\"widget\" data-e-type=\"widget\" data-widget_type=\"text-editor.default\">\n\t\t\t\t<div class=\"elementor-widget-container\">\n\t\t\t\t\t\t\t\t\t<h3 data-start=\"1475\" data-end=\"1553\">Za\u0161to Rosana CL nudi najbolji grudnjak bez naramenica za velike grudi<\/h3>\n<p data-start=\"1555\" data-end=\"2061\">Razlika izme\u0111u obi\u010dnog grudnjaka bez naramenica i <strong data-start=\"1612\" data-end=\"1662\">najbolji grudnjak bez naramenica za velike grudi<\/strong> U detaljima je. U Rosana CL rade isklju\u010divo s <strong data-start=\"1726\" data-end=\"1736\">Selena<\/strong>Vode\u0107i \u0161panjolski brend koji proizvodi svoje proizvode u \u0160panjolskoj, kombiniraju\u0107i funkcionalni dizajn s profinjenom estetikom. Svaki model grudnjaka bez naramenica koji nude testiran je i odabran kako bi pru\u017eio \u010dvrstu potporu, \u010dak i u ve\u0107im veli\u010dinama, zahvaljuju\u0107i unutarnjoj strukturi, \u0161irokom pojasu i oja\u010danim ko\u0161aricama.<\/p>\n<p data-start=\"2063\" data-end=\"2464\">\u017dene s ve\u0107im grudima \u010desto izbjegavaju ove vrste grudnjaka iz straha da \u0107e skliznuti ili ne\u0107e pru\u017eiti odgovaraju\u0107u potporu. Me\u0111utim, modeli dostupni u Rosana CL posebno su dizajnirani da se prilagode tijelu bez ugro\u017eavanja stabilnosti. Nadalje, kao minimizer grudnjaci, nude uravnote\u017eeniji i laskaviji vizualni efekt, poma\u017eu\u0107i u definiranju siluete bez pretjeranog pritiska.<\/p>\n<p data-start=\"2466\" data-end=\"2811\">Tim Rosana CL tako\u0111er pru\u017ea personalizirane savjete kako bi vam pomogao odabrati savr\u0161enu veli\u010dinu i stil. Jer nije rije\u010d samo o prodaji odjevnog predmeta, ve\u0107 o osiguravanju da vam on zaista odgovara. Online trgovina uklju\u010duje detaljne vodi\u010de, preporuke i izravnu podr\u0161ku za sva pitanja tijekom procesa kupnje.<\/p>\n<h3 data-start=\"2813\" data-end=\"2900\">Kupite najbolji grudnjak bez naramenica za velike grudi s povjerenjem i udobno\u0161\u0107u.<\/h3>\n<p data-start=\"2902\" data-end=\"3375\">Ako tra\u017eite <strong data-start=\"2923\" data-end=\"2973\">najbolji grudnjak bez naramenica za velike grudi<\/strong>Rosana CL je savr\u0161eno mjesto. Trebate li ne\u0161to za posebnu prigodu ili za svakodnevno no\u0161enje, prona\u0107i \u0107ete prave opcije koje zadovoljavaju va\u0161e potrebe: stil, potporu i izdr\u017eljivost. Zahvaljuju\u0107i njihovoj online trgovini, mo\u017eete naru\u010diti iz udobnosti svog doma, sigurni da kupujete odjevni predmet koji je testiran, proizveden u \u0160panjolskoj i odabran od strane stru\u010dnjaka za donje rublje.<\/p>\t\t\t\t\t\t\t\t<\/div>\n\t\t\t\t<\/div>\n\t\t\t\t<\/div>\n\t\t\t\t\t<\/div>\n\t\t\t\t<\/div>\n\t\t<div class=\"elementor-element elementor-element-495e863 e-flex e-con-boxed e-con e-parent\" data-id=\"495e863\" data-element_type=\"container\" data-e-type=\"container\">\n\t\t\t\t\t<div class=\"e-con-inner\">\n\t\t\t\t<div class=\"elementor-element elementor-element-fe47ba3 elementor-widget elementor-widget-text-editor\" data-id=\"fe47ba3\" data-element_type=\"widget\" data-e-type=\"widget\" data-widget_type=\"text-editor.default\">\n\t\t\t\t<div class=\"elementor-widget-container\">\n\t\t\t\t\t\t\t\t\t<p data-start=\"3377\" data-end=\"3645\">Nadalje, Rosana CL posve\u0107ena je personaliziranoj pa\u017enji, jednostavnom procesu kupnje i brzoj dostavi. Svaki detalj njihove usluge osmi\u0161ljen je kako bi kupovina kod njih bila uistinu ugodno iskustvo. <strong data-start=\"3541\" data-end=\"3591\">najbolji grudnjak bez naramenica za velike grudi<\/strong> Neka to bude pozitivno, produktivno i ugodno iskustvo.<\/p>\n<p data-start=\"3647\" data-end=\"3879\">Jer dobar osje\u0107aj po\u010dinje iznutra. A dobar grudnjak, onaj koji se prilago\u0111ava va\u0161em tijelu, a ne obrnuto, mo\u017ee napraviti veliku razliku. Posjetite Rosana CL i uvjerite se za\u0161to toliko \u017eena ve\u0107 vjeruje njihovom iskustvu i profesionalnosti.<\/p>\t\t\t\t\t\t\t\t<\/div>\n\t\t\t\t<\/div>\n\t\t\t\t\t<\/div>\n\t\t\t\t<\/div>\n\t\t<div class=\"elementor-element elementor-element-d05ed3a e-flex e-con-boxed e-con e-parent\" data-id=\"d05ed3a\" data-element_type=\"container\" data-e-type=\"container\">\n\t\t\t\t\t<div class=\"e-con-inner\">\n\t\t\t\t<div class=\"elementor-element elementor-element-b883e86 elementor-widget elementor-widget-heading\" data-id=\"b883e86\" data-element_type=\"widget\" data-e-type=\"widget\" data-widget_type=\"heading.default\">\n\t\t\t\t<div class=\"elementor-widget-container\">\n\t\t\t\t\t<h2 class=\"elementor-heading-title elementor-size-default\">Kontaktirajte nas <\/h2>\t\t\t\t<\/div>\n\t\t\t\t<\/div>\n\t\t\t\t\t<\/div>\n\t\t\t\t<\/div>\n\t\t<div class=\"elementor-element elementor-element-00e20e2 e-flex e-con-boxed e-con e-parent\" data-id=\"00e20e2\" data-element_type=\"container\" data-e-type=\"container\">\n\t\t\t\t\t<div class=\"e-con-inner\">\n\t\t<div class=\"elementor-element elementor-element-8ad8f7b e-con-full e-flex e-con e-child\" data-id=\"8ad8f7b\" data-element_type=\"container\" data-e-type=\"container\">\n\t\t\t\t<div class=\"elementor-element elementor-element-888944a elementor-widget__width-initial elementor-widget elementor-widget-elementskit-contact-form7\" data-id=\"888944a\" data-element_type=\"widget\" data-e-type=\"widget\" data-widget_type=\"elementskit-contact-form7.default\">\n\t\t\t\t<div class=\"elementor-widget-container\">\n\t\t\t\t\t<div class=\"ekit-wid-con\" ><div class=\"ekit-form\">\n<div class=\"wpcf7 no-js\" id=\"wpcf7-f48-o1\" lang=\"es-ES\" dir=\"ltr\" data-wpcf7-id=\"48\">\n<div class=\"screen-reader-response\"><p role=\"status\" aria-live=\"polite\" aria-atomic=\"true\"><\/p> <ul><\/ul><\/div>\n<form action=\"\/de\/wp-json\/wp\/v2\/pages\/2879#wpcf7-f48-o1\" method=\"post\" class=\"wpcf7-form init\" aria-label=\"Kontaktni obrazac\" novalidate=\"novalidate\" data-status=\"init\" data-trp-original-action=\"\/de\/wp-json\/wp\/v2\/pages\/2879#wpcf7-f48-o1\">\n<fieldset class=\"hidden-fields-container\"><input type=\"hidden\" name=\"_wpcf7\" value=\"48\" \/><input type=\"hidden\" name=\"_wpcf7_version\" value=\"6.1.5\" \/><input type=\"hidden\" name=\"_wpcf7_locale\" value=\"es_ES\" \/><input type=\"hidden\" name=\"_wpcf7_unit_tag\" value=\"wpcf7-f48-o1\" \/><input type=\"hidden\" name=\"_wpcf7_container_post\" value=\"0\" \/><input type=\"hidden\" name=\"_wpcf7_posted_data_hash\" value=\"\" \/><input type=\"hidden\" name=\"_wpcf7_recaptcha_response\" value=\"\" \/>\n<\/fieldset>\n<div class=\"form-row\">\n\t<div class=\"form-column\">\n\t\t<p><span class=\"wpcf7-form-control-wrap\" data-name=\"nombre\"><input size=\"40\" maxlength=\"400\" class=\"wpcf7-form-control wpcf7-text wpcf7-validates-as-required\" aria-required=\"true\" aria-invalid=\"false\" placeholder=\"Ime\" value=\"\" type=\"text\" name=\"nombre\" \/><\/span>\n\t\t<\/p>\n\t<\/div>\n\t<div class=\"form-column\">\n\t\t<p><span class=\"wpcf7-form-control-wrap\" data-name=\"telefono\"><input size=\"40\" maxlength=\"400\" class=\"wpcf7-form-control wpcf7-tel wpcf7-validates-as-required wpcf7-text wpcf7-validates-as-tel\" aria-required=\"true\" aria-invalid=\"false\" placeholder=\"Telefon *\" value=\"\" type=\"tel\" name=\"telefono\" \/><\/span>\n\t\t<\/p>\n\t<\/div>\n<\/div>\n<div class=\"form-row\">\n\t<div class=\"form-column\">\n\t\t<p><span class=\"wpcf7-form-control-wrap\" data-name=\"email\"><input size=\"40\" maxlength=\"400\" class=\"wpcf7-form-control wpcf7-email wpcf7-validates-as-required wpcf7-text wpcf7-validates-as-email\" aria-required=\"true\" aria-invalid=\"false\" placeholder=\"E-po\u0161ta *\" value=\"\" type=\"email\" name=\"email\" \/><\/span>\n\t\t<\/p>\n\t<\/div>\n\t<div class=\"form-column\">\n\t\t<p><span class=\"wpcf7-form-control-wrap\" data-name=\"asunto\"><input size=\"40\" maxlength=\"400\" class=\"wpcf7-form-control wpcf7-text wpcf7-validates-as-required\" aria-required=\"true\" aria-invalid=\"false\" placeholder=\"Afera *\" value=\"\" type=\"text\" name=\"asunto\" \/><\/span>\n\t\t<\/p>\n\t<\/div>\n<\/div>\n<p><span class=\"wpcf7-form-control-wrap\" data-name=\"mensaje\"><textarea cols=\"40\" rows=\"10\" maxlength=\"2000\" class=\"wpcf7-form-control wpcf7-textarea wpcf7-validates-as-required\" aria-required=\"true\" aria-invalid=\"false\" placeholder=\"Poruka\" name=\"mensaje\"><\/textarea><\/span>\n<\/p>\n<p class=\"legal-priv\"><span class=\"wpcf7-form-control-wrap\" data-name=\"acceptance-787\"><span class=\"wpcf7-form-control wpcf7-acceptance\"><span class=\"wpcf7-list-item\"><label><input type=\"checkbox\" name=\"acceptance-787\" value=\"1\" aria-invalid=\"false\" \/><span class=\"wpcf7-list-item-label\">Pro\u010ditao\/la sam i sla\u017eem se s <a href=\"https:\/\/rosanacl.com\/hr\/politica-de-privacidad\/\">Pravila o privatnosti<\/a><\/span><\/label><\/span><\/span><\/span>\n<\/p>\n<p><input class=\"wpcf7-form-control wpcf7-submit has-spinner\" type=\"submit\" value=\"PO\u0160ALJI PORUKU\" \/>\n<\/p><div class=\"wpcf7-response-output\" aria-hidden=\"true\"><\/div>\n<input type=\"hidden\" name=\"trp-form-language\" value=\"hr\"\/><\/form>\n<\/div>\n<\/div><\/div>\t\t\t\t<\/div>\n\t\t\t\t<\/div>\n\t\t\t\t<\/div>\n\t\t\t\t\t<\/div>\n\t\t\t\t<\/div>\n\t\t\t\t<\/div>","protected":false},"excerpt":{"rendered":"<p>Mejor sujetador sin tirantes para pecho grande Mejor sujetador sin tirantes para pecho grande: c\u00f3mo encontrar el equilibrio ideal entre sujeci\u00f3n y estilo Encontrar el mejor sujetador sin tirantes para pecho grande puede parecer una tarea complicada, especialmente cuando muchas marcas priorizan el dise\u00f1o sobre la funcionalidad. Las mujeres con busto generoso necesitan m\u00e1s que [&hellip;]<\/p>\n","protected":false},"author":1,"featured_media":0,"parent":0,"menu_order":0,"comment_status":"closed","ping_status":"closed","template":"","meta":{"content-type":"","footnotes":""},"class_list":["post-2879","page","type-page","status-publish","hentry"],"yoast_head":"<!-- This site is optimized with the Yoast SEO plugin v27.4 - https:\/\/yoast.com\/product\/yoast-seo-wordpress\/ -->\n<title>Mejor sujetador sin tirantes para pecho grande - Rosana CL<\/title>\n<meta name=\"robots\" content=\"index, follow, max-snippet:-1, max-image-preview:large, max-video-preview:-1\" \/>\n<link rel=\"canonical\" href=\"https:\/\/rosanacl.com\/hr\/mejor-sujetador-sin-tirantes-para-pecho-grande\/\" \/>\n<meta property=\"og:locale\" content=\"hr_HR\" \/>\n<meta property=\"og:type\" content=\"article\" \/>\n<meta property=\"og:title\" content=\"Mejor sujetador sin tirantes para pecho grande - Rosana CL\" \/>\n<meta property=\"og:description\" content=\"Mejor sujetador sin tirantes para pecho grande Mejor sujetador sin tirantes para pecho grande: c\u00f3mo encontrar el equilibrio ideal entre sujeci\u00f3n y estilo Encontrar el mejor sujetador sin tirantes para pecho grande puede parecer una tarea complicada, especialmente cuando muchas marcas priorizan el dise\u00f1o sobre la funcionalidad. Las mujeres con busto generoso necesitan m\u00e1s que [&hellip;]\" \/>\n<meta property=\"og:url\" content=\"https:\/\/rosanacl.com\/hr\/mejor-sujetador-sin-tirantes-para-pecho-grande\/\" \/>\n<meta property=\"og:site_name\" content=\"Rosana CL\" \/>\n<meta property=\"article:modified_time\" content=\"2025-07-25T06:11:47+00:00\" \/>\n<meta property=\"og:image\" content=\"https:\/\/rosanacl.com\/wp-content\/uploads\/2025\/07\/sujetador-reductor.jpg\" \/>\n\t<meta property=\"og:image:width\" content=\"2000\" \/>\n\t<meta property=\"og:image:height\" content=\"1414\" \/>\n\t<meta property=\"og:image:type\" content=\"image\/jpeg\" \/>\n<meta name=\"twitter:card\" content=\"summary_large_image\" \/>\n<meta name=\"twitter:label1\" content=\"Procijenjeno vrijeme \u010ditanja\" \/>\n\t<meta name=\"twitter:data1\" content=\"3 minute\" \/>\n<script type=\"application\/ld+json\" class=\"yoast-schema-graph\">{\"@context\":\"https:\\\/\\\/schema.org\",\"@graph\":[{\"@type\":\"WebPage\",\"@id\":\"https:\\\/\\\/rosanacl.com\\\/mejor-sujetador-sin-tirantes-para-pecho-grande\\\/\",\"url\":\"https:\\\/\\\/rosanacl.com\\\/mejor-sujetador-sin-tirantes-para-pecho-grande\\\/\",\"name\":\"Mejor sujetador sin tirantes para pecho grande - Rosana CL\",\"isPartOf\":{\"@id\":\"https:\\\/\\\/rosanacl.com\\\/ca\\\/#website\"},\"primaryImageOfPage\":{\"@id\":\"https:\\\/\\\/rosanacl.com\\\/mejor-sujetador-sin-tirantes-para-pecho-grande\\\/#primaryimage\"},\"image\":{\"@id\":\"https:\\\/\\\/rosanacl.com\\\/mejor-sujetador-sin-tirantes-para-pecho-grande\\\/#primaryimage\"},\"thumbnailUrl\":\"https:\\\/\\\/rosanacl.com\\\/wp-content\\\/uploads\\\/2025\\\/07\\\/sujetador-reductor-1024x724.jpg\",\"datePublished\":\"2025-07-18T09:08:52+00:00\",\"dateModified\":\"2025-07-25T06:11:47+00:00\",\"breadcrumb\":{\"@id\":\"https:\\\/\\\/rosanacl.com\\\/mejor-sujetador-sin-tirantes-para-pecho-grande\\\/#breadcrumb\"},\"inLanguage\":\"hr\",\"potentialAction\":[{\"@type\":\"ReadAction\",\"target\":[\"https:\\\/\\\/rosanacl.com\\\/mejor-sujetador-sin-tirantes-para-pecho-grande\\\/\"]}]},{\"@type\":\"ImageObject\",\"inLanguage\":\"hr\",\"@id\":\"https:\\\/\\\/rosanacl.com\\\/mejor-sujetador-sin-tirantes-para-pecho-grande\\\/#primaryimage\",\"url\":\"https:\\\/\\\/rosanacl.com\\\/wp-content\\\/uploads\\\/2025\\\/07\\\/sujetador-reductor-1024x724.jpg\",\"contentUrl\":\"https:\\\/\\\/rosanacl.com\\\/wp-content\\\/uploads\\\/2025\\\/07\\\/sujetador-reductor-1024x724.jpg\"},{\"@type\":\"BreadcrumbList\",\"@id\":\"https:\\\/\\\/rosanacl.com\\\/mejor-sujetador-sin-tirantes-para-pecho-grande\\\/#breadcrumb\",\"itemListElement\":[{\"@type\":\"ListItem\",\"position\":1,\"name\":\"Portada\",\"item\":\"https:\\\/\\\/rosanacl.com\\\/ca\\\/\"},{\"@type\":\"ListItem\",\"position\":2,\"name\":\"Mejor sujetador sin tirantes para pecho grande\"}]},{\"@type\":\"WebSite\",\"@id\":\"https:\\\/\\\/rosanacl.com\\\/ca\\\/#website\",\"url\":\"https:\\\/\\\/rosanacl.com\\\/ca\\\/\",\"name\":\"Rosana CL\",\"description\":\"Somos tu interior\",\"potentialAction\":[{\"@type\":\"SearchAction\",\"target\":{\"@type\":\"EntryPoint\",\"urlTemplate\":\"https:\\\/\\\/rosanacl.com\\\/ca\\\/?s={search_term_string}\"},\"query-input\":{\"@type\":\"PropertyValueSpecification\",\"valueRequired\":true,\"valueName\":\"search_term_string\"}}],\"inLanguage\":\"hr\"}]}<\/script>\n<!-- \/ Yoast SEO plugin. -->","yoast_head_json":{"title":"Mejor sujetador sin tirantes para pecho grande - Rosana CL","robots":{"index":"index","follow":"follow","max-snippet":"max-snippet:-1","max-image-preview":"max-image-preview:large","max-video-preview":"max-video-preview:-1"},"canonical":"https:\/\/rosanacl.com\/hr\/mejor-sujetador-sin-tirantes-para-pecho-grande\/","og_locale":"hr_HR","og_type":"article","og_title":"Mejor sujetador sin tirantes para pecho grande - Rosana CL","og_description":"Mejor sujetador sin tirantes para pecho grande Mejor sujetador sin tirantes para pecho grande: c\u00f3mo encontrar el equilibrio ideal entre sujeci\u00f3n y estilo Encontrar el mejor sujetador sin tirantes para pecho grande puede parecer una tarea complicada, especialmente cuando muchas marcas priorizan el dise\u00f1o sobre la funcionalidad. Las mujeres con busto generoso necesitan m\u00e1s que [&hellip;]","og_url":"https:\/\/rosanacl.com\/hr\/mejor-sujetador-sin-tirantes-para-pecho-grande\/","og_site_name":"Rosana CL","article_modified_time":"2025-07-25T06:11:47+00:00","og_image":[{"width":2000,"height":1414,"url":"https:\/\/rosanacl.com\/wp-content\/uploads\/2025\/07\/sujetador-reductor.jpg","type":"image\/jpeg"}],"twitter_card":"summary_large_image","twitter_misc":{"Procijenjeno vrijeme \u010ditanja":"3 minute"},"schema":{"@context":"https:\/\/schema.org","@graph":[{"@type":"WebPage","@id":"https:\/\/rosanacl.com\/mejor-sujetador-sin-tirantes-para-pecho-grande\/","url":"https:\/\/rosanacl.com\/mejor-sujetador-sin-tirantes-para-pecho-grande\/","name":"Mejor sujetador sin tirantes para pecho grande - Rosana CL","isPartOf":{"@id":"https:\/\/rosanacl.com\/ca\/#website"},"primaryImageOfPage":{"@id":"https:\/\/rosanacl.com\/mejor-sujetador-sin-tirantes-para-pecho-grande\/#primaryimage"},"image":{"@id":"https:\/\/rosanacl.com\/mejor-sujetador-sin-tirantes-para-pecho-grande\/#primaryimage"},"thumbnailUrl":"https:\/\/rosanacl.com\/wp-content\/uploads\/2025\/07\/sujetador-reductor-1024x724.jpg","datePublished":"2025-07-18T09:08:52+00:00","dateModified":"2025-07-25T06:11:47+00:00","breadcrumb":{"@id":"https:\/\/rosanacl.com\/mejor-sujetador-sin-tirantes-para-pecho-grande\/#breadcrumb"},"inLanguage":"hr","potentialAction":[{"@type":"ReadAction","target":["https:\/\/rosanacl.com\/mejor-sujetador-sin-tirantes-para-pecho-grande\/"]}]},{"@type":"ImageObject","inLanguage":"hr","@id":"https:\/\/rosanacl.com\/mejor-sujetador-sin-tirantes-para-pecho-grande\/#primaryimage","url":"https:\/\/rosanacl.com\/wp-content\/uploads\/2025\/07\/sujetador-reductor-1024x724.jpg","contentUrl":"https:\/\/rosanacl.com\/wp-content\/uploads\/2025\/07\/sujetador-reductor-1024x724.jpg"},{"@type":"BreadcrumbList","@id":"https:\/\/rosanacl.com\/mejor-sujetador-sin-tirantes-para-pecho-grande\/#breadcrumb","itemListElement":[{"@type":"ListItem","position":1,"name":"Portada","item":"https:\/\/rosanacl.com\/ca\/"},{"@type":"ListItem","position":2,"name":"Mejor sujetador sin tirantes para pecho grande"}]},{"@type":"WebSite","@id":"https:\/\/rosanacl.com\/ca\/#website","url":"https:\/\/rosanacl.com\/ca\/","name":"Rosana CL","description":"Mi smo tvoje unutarnje ja","potentialAction":[{"@type":"SearchAction","target":{"@type":"EntryPoint","urlTemplate":"https:\/\/rosanacl.com\/ca\/?s={search_term_string}"},"query-input":{"@type":"PropertyValueSpecification","valueRequired":true,"valueName":"search_term_string"}}],"inLanguage":"hr"}]}},"_links":{"self":[{"href":"https:\/\/rosanacl.com\/hr\/wp-json\/wp\/v2\/pages\/2879","targetHints":{"allow":["GET"]}}],"collection":[{"href":"https:\/\/rosanacl.com\/hr\/wp-json\/wp\/v2\/pages"}],"about":[{"href":"https:\/\/rosanacl.com\/hr\/wp-json\/wp\/v2\/types\/page"}],"author":[{"embeddable":true,"href":"https:\/\/rosanacl.com\/hr\/wp-json\/wp\/v2\/users\/1"}],"replies":[{"embeddable":true,"href":"https:\/\/rosanacl.com\/hr\/wp-json\/wp\/v2\/comments?post=2879"}],"version-history":[{"count":0,"href":"https:\/\/rosanacl.com\/hr\/wp-json\/wp\/v2\/pages\/2879\/revisions"}],"wp:attachment":[{"href":"https:\/\/rosanacl.com\/hr\/wp-json\/wp\/v2\/media?parent=2879"}],"curies":[{"name":"wp","href":"https:\/\/api.w.org\/{rel}","templated":true}]}}