{"id":2885,"date":"2025-07-18T11:11:52","date_gmt":"2025-07-18T09:11:52","guid":{"rendered":"https:\/\/rosanacl.com\/?page_id=2885"},"modified":"2025-07-25T08:10:43","modified_gmt":"2025-07-25T06:10:43","slug":"comprar-lenceria-selene","status":"publish","type":"page","link":"https:\/\/rosanacl.com\/hr\/comprar-lenceria-selene\/","title":{"rendered":"Kupite Selene donje rublje"},"content":{"rendered":"<div data-elementor-type=\"wp-page\" data-elementor-id=\"2885\" class=\"elementor elementor-2885\" data-elementor-post-type=\"page\">\n\t\t\t\t<div class=\"elementor-element elementor-element-171998c7 e-flex e-con-boxed e-con e-parent\" data-id=\"171998c7\" data-element_type=\"container\" data-e-type=\"container\">\n\t\t\t\t\t<div class=\"e-con-inner\">\n\t\t\t\t<div class=\"elementor-element elementor-element-6575351f elementor-widget elementor-widget-text-editor\" data-id=\"6575351f\" data-element_type=\"widget\" data-e-type=\"widget\" data-widget_type=\"text-editor.default\">\n\t\t\t\t<div class=\"elementor-widget-container\">\n\t\t\t\t\t\t\t\t\t\n<p><\/p>\n\n\n\n<p><\/p>\n\t\t\t\t\t\t\t\t<\/div>\n\t\t\t\t<\/div>\n\t\t\t\t\t<\/div>\n\t\t\t\t<\/div>\n\t\t<div class=\"elementor-element elementor-element-cf7d341 e-flex e-con-boxed e-con e-parent\" data-id=\"cf7d341\" data-element_type=\"container\" data-e-type=\"container\">\n\t\t\t\t\t<div class=\"e-con-inner\">\n\t\t\t\t<div class=\"elementor-element elementor-element-1f1d080 elementor-widget elementor-widget-heading\" data-id=\"1f1d080\" data-element_type=\"widget\" data-e-type=\"widget\" data-widget_type=\"heading.default\">\n\t\t\t\t<div class=\"elementor-widget-container\">\n\t\t\t\t\t<h2 class=\"elementor-heading-title elementor-size-default\">Kupite Selene donje rublje<\/h2>\t\t\t\t<\/div>\n\t\t\t\t<\/div>\n\t\t\t\t\t<\/div>\n\t\t\t\t<\/div>\n\t\t<div class=\"elementor-element elementor-element-dc1921d e-flex e-con-boxed e-con e-parent\" data-id=\"dc1921d\" data-element_type=\"container\" data-e-type=\"container\">\n\t\t\t\t\t<div class=\"e-con-inner\">\n\t\t<div class=\"elementor-element elementor-element-d19616f e-con-full e-flex e-con e-child\" data-id=\"d19616f\" data-element_type=\"container\" data-e-type=\"container\">\n\t\t\t\t<div class=\"elementor-element elementor-element-8ba1404 elementor-widget elementor-widget-text-editor\" data-id=\"8ba1404\" data-element_type=\"widget\" data-e-type=\"widget\" data-widget_type=\"text-editor.default\">\n\t\t\t\t<div class=\"elementor-widget-container\">\n\t\t\t\t\t\t\t\t\t<h3 data-start=\"378\" data-end=\"465\">Kupnja Selene donjeg rublja u Rosana CL zna\u010di odabir udobnosti i nacionalnog dizajna.<\/h3>\n<p data-start=\"467\" data-end=\"891\">U vrijeme <strong data-start=\"480\" data-end=\"507\">kupiti Selene donje rublje<\/strong>Mnoge \u017eene tra\u017ee vi\u0161e od lijepog odjevnog predmeta. \u017dele se osje\u0107ati ugodno, sigurno i dobro potpomognuto u svakoj fazi svog \u017eivota. I tu Rosana CL \u010dini razliku. S vi\u0161e od 40 godina iskustva u svijetu donjeg rublja i korzeta, ova je trgovina postala mjerilo za one koji cijene personaliziranu uslugu, iskustvo i istinsku kvalitetu.<\/p>\n<p data-start=\"893\" data-end=\"1449\">Selene je nacionalni brend koji dizajnira i proizvodi sve svoje odjevne predmete u \u0160panjolskoj. Karakterizira ga predanost \u017eenskoj udobnosti, bez \u017ertvovanja elegantnog i modernog stila. <strong data-start=\"1080\" data-end=\"1107\">kupiti Selene donje rublje<\/strong>Ula\u017eete u proizvode izra\u0111ene od mekih, izdr\u017eljivih tkanina prilago\u0111enih stvarnim potrebama va\u0161eg tijela. Tra\u017eite li grudnjak s \u017eicom, model bez \u0161avova, udobne ga\u0107ice ili bodi za oblikovanje tijela, Selene ima savr\u0161enu opciju za vas. A Rosana CL to\u010dno zna koji \u0107e biti najbolji za vas.<\/p>\n<h3 data-start=\"1451\" data-end=\"1520\">Za\u0161to je kupnja Selene donjeg rublja u Rosana CL najbolja odluka<\/h3>\n<p data-start=\"1522\" data-end=\"1908\">Postoji mnogo online trgovina gdje mo\u017eete <strong data-start=\"1563\" data-end=\"1590\">kupiti Selene donje rublje<\/strong>, ali ne nude svi istu razinu znanja i usluge. U Rosana CL-u rade isklju\u010divo sa Seleneom jer poznaju njihove kolekcije, veli\u010dine i dizajne u potpunosti. To im omogu\u0107uje da ponude iskrene preporuke, korisne savjete i pa\u017eljivo odabrani katalog s najboljim artiklima svake sezone.<\/p>\n<p data-start=\"1910\" data-end=\"2347\">\u0160tovi\u0161e, kada kupujete Selene donje rublje u Rosana CL, dobivate dodatnu vrijednost: ljubaznu uslugu stru\u010dnog tima koji zna kako vas saslu\u0161ati i voditi. Ne radi se samo o kupnji, ve\u0107 o pronala\u017eenju pravog odjevnog predmeta za va\u0161e tijelo i na\u010din \u017eivota. Ovdje \u0107ete prona\u0107i sve, od mini grudnjaka do modela bez naramenica za velike grudi, kao i mekanih, udobnih ga\u0107ica s krojevima koji odgovaraju svim oblicima i veli\u010dinama.<\/p>\n<p data-start=\"2349\" data-end=\"2745\">Rosana CL posve\u0107ena je kvaliteti od samog osnutka, zbog \u010dega vjeruje samo brendovima poput Selene, koji obra\u0107aju pa\u017enju na detalje, prilago\u0111avaju se svakodnevnom \u017eivotu pravih \u017eena i inoviraju u dizajnu bez gubitka biti dobre tekstilne izrade. Kupnjom Selene donjeg rublja u ovoj trgovini mo\u017eete biti sigurni da \u0107ete dobiti kvalitetan proizvod, s pa\u017enjom posve\u0107enom detaljima koji se istinski brine o vama.<\/p>\t\t\t\t\t\t\t\t<\/div>\n\t\t\t\t<\/div>\n\t\t\t\t<\/div>\n\t\t<div class=\"elementor-element elementor-element-5568f8b e-con-full e-flex e-con e-child\" data-id=\"5568f8b\" data-element_type=\"container\" data-e-type=\"container\">\n\t\t\t\t<div class=\"elementor-element elementor-element-980debe elementor-widget elementor-widget-image\" data-id=\"980debe\" data-element_type=\"widget\" data-e-type=\"widget\" data-widget_type=\"image.default\">\n\t\t\t\t<div class=\"elementor-widget-container\">\n\t\t\t\t\t\t\t\t\t\t\t\t\t\t\t<img fetchpriority=\"high\" decoding=\"async\" width=\"563\" height=\"750\" src=\"https:\/\/rosanacl.com\/wp-content\/uploads\/2025\/04\/5-2-769x1024.jpg\" class=\"attachment-large size-large wp-image-2372\" alt=\"\" srcset=\"https:\/\/rosanacl.com\/wp-content\/uploads\/2025\/04\/5-2-769x1024.jpg 769w, https:\/\/rosanacl.com\/wp-content\/uploads\/2025\/04\/5-2-9x12.jpg 9w, https:\/\/rosanacl.com\/wp-content\/uploads\/2025\/04\/5-2-225x300.jpg 225w, https:\/\/rosanacl.com\/wp-content\/uploads\/2025\/04\/5-2-768x1023.jpg 768w, https:\/\/rosanacl.com\/wp-content\/uploads\/2025\/04\/5-2-600x799.jpg 600w, https:\/\/rosanacl.com\/wp-content\/uploads\/2025\/04\/5-2.jpg 1001w\" sizes=\"(max-width: 563px) 100vw, 563px\" \/>\t\t\t\t\t\t\t\t\t\t\t\t\t\t\t<\/div>\n\t\t\t\t<\/div>\n\t\t\t\t<\/div>\n\t\t\t\t\t<\/div>\n\t\t\t\t<\/div>\n\t\t<div class=\"elementor-element elementor-element-5e380fb e-flex e-con-boxed e-con e-parent\" data-id=\"5e380fb\" data-element_type=\"container\" data-e-type=\"container\">\n\t\t\t\t\t<div class=\"e-con-inner\">\n\t\t<div class=\"elementor-element elementor-element-a763375 e-con-full e-flex e-con e-child\" data-id=\"a763375\" data-element_type=\"container\" data-e-type=\"container\">\n\t\t\t\t<div class=\"elementor-element elementor-element-a8aecc4 elementor-widget elementor-widget-image\" data-id=\"a8aecc4\" data-element_type=\"widget\" data-e-type=\"widget\" data-widget_type=\"image.default\">\n\t\t\t\t<div class=\"elementor-widget-container\">\n\t\t\t\t\t\t\t\t\t\t\t\t\t\t\t<img decoding=\"async\" width=\"800\" height=\"566\" src=\"https:\/\/rosanacl.com\/wp-content\/uploads\/2025\/07\/sujetador-reductor-1024x724.jpg\" class=\"attachment-large size-large wp-image-2865\" alt=\"\" srcset=\"https:\/\/rosanacl.com\/wp-content\/uploads\/2025\/07\/sujetador-reductor-1024x724.jpg 1024w, https:\/\/rosanacl.com\/wp-content\/uploads\/2025\/07\/sujetador-reductor-300x212.jpg 300w, https:\/\/rosanacl.com\/wp-content\/uploads\/2025\/07\/sujetador-reductor-768x543.jpg 768w, https:\/\/rosanacl.com\/wp-content\/uploads\/2025\/07\/sujetador-reductor-1536x1086.jpg 1536w, https:\/\/rosanacl.com\/wp-content\/uploads\/2025\/07\/sujetador-reductor-18x12.jpg 18w, https:\/\/rosanacl.com\/wp-content\/uploads\/2025\/07\/sujetador-reductor-600x424.jpg 600w, https:\/\/rosanacl.com\/wp-content\/uploads\/2025\/07\/sujetador-reductor.jpg 2000w\" sizes=\"(max-width: 800px) 100vw, 800px\" \/>\t\t\t\t\t\t\t\t\t\t\t\t\t\t\t<\/div>\n\t\t\t\t<\/div>\n\t\t\t\t<\/div>\n\t\t<div class=\"elementor-element elementor-element-b02b1e9 e-con-full e-flex e-con e-child\" data-id=\"b02b1e9\" data-element_type=\"container\" data-e-type=\"container\">\n\t\t\t\t<div class=\"elementor-element elementor-element-e25a6f0 elementor-widget elementor-widget-text-editor\" data-id=\"e25a6f0\" data-element_type=\"widget\" data-e-type=\"widget\" data-widget_type=\"text-editor.default\">\n\t\t\t\t<div class=\"elementor-widget-container\">\n\t\t\t\t\t\t\t\t\t<h3 data-start=\"2747\" data-end=\"2823\">Kupite Selene donje rublje online sigurno, brzo i uz stru\u010dnu pa\u017enju.<\/h3>\n<p data-start=\"2825\" data-end=\"3231\">Zahvaljuju\u0107i svojoj digitalnoj platformi, Rosana CL omogu\u0107uje <strong data-start=\"2876\" data-end=\"2903\">kupiti Selene donje rublje<\/strong> brzo, sigurno i prakti\u010dno s bilo kojeg mjesta. Njihova online trgovina je pregledna, jednostavna za navigaciju i nudi sve potrebne informacije: opis svakog odjevnog predmeta, vodi\u010d za veli\u010dine, savjete i stvarne fotografije. Osim toga, tim vam je na raspolaganju za pomo\u0107 s bilo kakvim pitanjima prije, tijekom i nakon kupnje.<\/p>\n<p data-start=\"3233\" data-end=\"3647\">Svaka narud\u017eba je pa\u017eljivo pripremljena, a dostava je brza i diskretna. No, osim tehni\u010dke usluge, Rosana CL isti\u010de se svojom predano\u0161\u0107u \u017eenama: njihov katalog ne odgovara prolaznim trendovima, ve\u0107 stvarnim potrebama. Ovdje ne\u0107ete prona\u0107i neudobnu, usku ili sumnjivo dizajniranu odje\u0107u. Samo visokokvalitetno Selene donje rublje, s krojevima i tkaninama koje po\u0161tuju va\u0161e tijelo i isti\u010du va\u0161u prirodnu ljepotu.<\/p>\n<p data-start=\"3649\" data-end=\"3984\">Ako tra\u017eite trgovinu u kojoj <strong data-start=\"3684\" data-end=\"3711\">kupiti Selene donje rublje<\/strong> S mirom uma, samopouzdanjem i jamstvom kvalitete, Rosana CL je va\u0161 najbolji izbor. Neka vam savjetuju oni koji zaista poznaju proizvod i \u0161to va\u0161em tijelu treba. Jer dobar osje\u0107aj po\u010dinje iznutra, a odabir pravog donjeg rublja mo\u017ee napraviti veliku razliku.<\/p>\t\t\t\t\t\t\t\t<\/div>\n\t\t\t\t<\/div>\n\t\t\t\t<\/div>\n\t\t\t\t\t<\/div>\n\t\t\t\t<\/div>\n\t\t<div class=\"elementor-element elementor-element-495e863 e-flex e-con-boxed e-con e-parent\" data-id=\"495e863\" data-element_type=\"container\" data-e-type=\"container\">\n\t\t\t\t\t<div class=\"e-con-inner\">\n\t\t\t\t\t<\/div>\n\t\t\t\t<\/div>\n\t\t<div class=\"elementor-element elementor-element-d05ed3a e-flex e-con-boxed e-con e-parent\" data-id=\"d05ed3a\" data-element_type=\"container\" data-e-type=\"container\">\n\t\t\t\t\t<div class=\"e-con-inner\">\n\t\t\t\t<div class=\"elementor-element elementor-element-b883e86 elementor-widget elementor-widget-heading\" data-id=\"b883e86\" data-element_type=\"widget\" data-e-type=\"widget\" data-widget_type=\"heading.default\">\n\t\t\t\t<div class=\"elementor-widget-container\">\n\t\t\t\t\t<h2 class=\"elementor-heading-title elementor-size-default\">Kontaktirajte nas <\/h2>\t\t\t\t<\/div>\n\t\t\t\t<\/div>\n\t\t\t\t\t<\/div>\n\t\t\t\t<\/div>\n\t\t<div class=\"elementor-element elementor-element-00e20e2 e-flex e-con-boxed e-con e-parent\" data-id=\"00e20e2\" data-element_type=\"container\" data-e-type=\"container\">\n\t\t\t\t\t<div class=\"e-con-inner\">\n\t\t<div class=\"elementor-element elementor-element-8ad8f7b e-con-full e-flex e-con e-child\" data-id=\"8ad8f7b\" data-element_type=\"container\" data-e-type=\"container\">\n\t\t\t\t<div class=\"elementor-element elementor-element-888944a elementor-widget__width-initial elementor-widget elementor-widget-elementskit-contact-form7\" data-id=\"888944a\" data-element_type=\"widget\" data-e-type=\"widget\" data-widget_type=\"elementskit-contact-form7.default\">\n\t\t\t\t<div class=\"elementor-widget-container\">\n\t\t\t\t\t<div class=\"ekit-wid-con\" ><div class=\"ekit-form\">\n<div class=\"wpcf7 no-js\" id=\"wpcf7-f48-o1\" lang=\"es-ES\" dir=\"ltr\" data-wpcf7-id=\"48\">\n<div class=\"screen-reader-response\"><p role=\"status\" aria-live=\"polite\" aria-atomic=\"true\"><\/p> <ul><\/ul><\/div>\n<form action=\"\/de\/wp-json\/wp\/v2\/pages\/2885#wpcf7-f48-o1\" method=\"post\" class=\"wpcf7-form init\" aria-label=\"Kontaktni obrazac\" novalidate=\"novalidate\" data-status=\"init\" data-trp-original-action=\"\/de\/wp-json\/wp\/v2\/pages\/2885#wpcf7-f48-o1\">\n<fieldset class=\"hidden-fields-container\"><input type=\"hidden\" name=\"_wpcf7\" value=\"48\" \/><input type=\"hidden\" name=\"_wpcf7_version\" value=\"6.1.5\" \/><input type=\"hidden\" name=\"_wpcf7_locale\" value=\"es_ES\" \/><input type=\"hidden\" name=\"_wpcf7_unit_tag\" value=\"wpcf7-f48-o1\" \/><input type=\"hidden\" name=\"_wpcf7_container_post\" value=\"0\" \/><input type=\"hidden\" name=\"_wpcf7_posted_data_hash\" value=\"\" \/><input type=\"hidden\" name=\"_wpcf7_recaptcha_response\" value=\"\" \/>\n<\/fieldset>\n<div class=\"form-row\">\n\t<div class=\"form-column\">\n\t\t<p><span class=\"wpcf7-form-control-wrap\" data-name=\"nombre\"><input size=\"40\" maxlength=\"400\" class=\"wpcf7-form-control wpcf7-text wpcf7-validates-as-required\" aria-required=\"true\" aria-invalid=\"false\" placeholder=\"Ime\" value=\"\" type=\"text\" name=\"nombre\" \/><\/span>\n\t\t<\/p>\n\t<\/div>\n\t<div class=\"form-column\">\n\t\t<p><span class=\"wpcf7-form-control-wrap\" data-name=\"telefono\"><input size=\"40\" maxlength=\"400\" class=\"wpcf7-form-control wpcf7-tel wpcf7-validates-as-required wpcf7-text wpcf7-validates-as-tel\" aria-required=\"true\" aria-invalid=\"false\" placeholder=\"Telefon *\" value=\"\" type=\"tel\" name=\"telefono\" \/><\/span>\n\t\t<\/p>\n\t<\/div>\n<\/div>\n<div class=\"form-row\">\n\t<div class=\"form-column\">\n\t\t<p><span class=\"wpcf7-form-control-wrap\" data-name=\"email\"><input size=\"40\" maxlength=\"400\" class=\"wpcf7-form-control wpcf7-email wpcf7-validates-as-required wpcf7-text wpcf7-validates-as-email\" aria-required=\"true\" aria-invalid=\"false\" placeholder=\"E-po\u0161ta *\" value=\"\" type=\"email\" name=\"email\" \/><\/span>\n\t\t<\/p>\n\t<\/div>\n\t<div class=\"form-column\">\n\t\t<p><span class=\"wpcf7-form-control-wrap\" data-name=\"asunto\"><input size=\"40\" maxlength=\"400\" class=\"wpcf7-form-control wpcf7-text wpcf7-validates-as-required\" aria-required=\"true\" aria-invalid=\"false\" placeholder=\"Afera *\" value=\"\" type=\"text\" name=\"asunto\" \/><\/span>\n\t\t<\/p>\n\t<\/div>\n<\/div>\n<p><span class=\"wpcf7-form-control-wrap\" data-name=\"mensaje\"><textarea cols=\"40\" rows=\"10\" maxlength=\"2000\" class=\"wpcf7-form-control wpcf7-textarea wpcf7-validates-as-required\" aria-required=\"true\" aria-invalid=\"false\" placeholder=\"Poruka\" name=\"mensaje\"><\/textarea><\/span>\n<\/p>\n<p class=\"legal-priv\"><span class=\"wpcf7-form-control-wrap\" data-name=\"acceptance-787\"><span class=\"wpcf7-form-control wpcf7-acceptance\"><span class=\"wpcf7-list-item\"><label><input type=\"checkbox\" name=\"acceptance-787\" value=\"1\" aria-invalid=\"false\" \/><span class=\"wpcf7-list-item-label\">Pro\u010ditao\/la sam i sla\u017eem se s <a href=\"https:\/\/rosanacl.com\/hr\/politica-de-privacidad\/\">Pravila o privatnosti<\/a><\/span><\/label><\/span><\/span><\/span>\n<\/p>\n<p><input class=\"wpcf7-form-control wpcf7-submit has-spinner\" type=\"submit\" value=\"PO\u0160ALJI PORUKU\" \/>\n<\/p><div class=\"wpcf7-response-output\" aria-hidden=\"true\"><\/div>\n<input type=\"hidden\" name=\"trp-form-language\" value=\"hr\"\/><\/form>\n<\/div>\n<\/div><\/div>\t\t\t\t<\/div>\n\t\t\t\t<\/div>\n\t\t\t\t<\/div>\n\t\t\t\t\t<\/div>\n\t\t\t\t<\/div>\n\t\t\t\t<\/div>","protected":false},"excerpt":{"rendered":"<p>Comprar lencer\u00eda Selene Comprar lencer\u00eda Selene en Rosana CL es apostar por el confort y el dise\u00f1o nacional A la hora de comprar lencer\u00eda Selene, muchas mujeres buscan algo m\u00e1s que una prenda bonita. Quieren sentirse c\u00f3modas, seguras, bien acompa\u00f1adas en cada etapa de su vida. Y ah\u00ed es donde Rosana CL marca la diferencia. [&hellip;]<\/p>\n","protected":false},"author":1,"featured_media":0,"parent":0,"menu_order":0,"comment_status":"closed","ping_status":"closed","template":"","meta":{"content-type":"","footnotes":""},"class_list":["post-2885","page","type-page","status-publish","hentry"],"yoast_head":"<!-- This site is optimized with the Yoast SEO plugin v27.4 - https:\/\/yoast.com\/product\/yoast-seo-wordpress\/ -->\n<title>Comprar lencer\u00eda Selene - Rosana CL<\/title>\n<meta name=\"robots\" content=\"index, follow, max-snippet:-1, max-image-preview:large, max-video-preview:-1\" \/>\n<link rel=\"canonical\" href=\"https:\/\/rosanacl.com\/hr\/comprar-lenceria-selene\/\" \/>\n<meta property=\"og:locale\" content=\"hr_HR\" \/>\n<meta property=\"og:type\" content=\"article\" \/>\n<meta property=\"og:title\" content=\"Comprar lencer\u00eda Selene - Rosana CL\" \/>\n<meta property=\"og:description\" content=\"Comprar lencer\u00eda Selene Comprar lencer\u00eda Selene en Rosana CL es apostar por el confort y el dise\u00f1o nacional A la hora de comprar lencer\u00eda Selene, muchas mujeres buscan algo m\u00e1s que una prenda bonita. Quieren sentirse c\u00f3modas, seguras, bien acompa\u00f1adas en cada etapa de su vida. Y ah\u00ed es donde Rosana CL marca la diferencia. [&hellip;]\" \/>\n<meta property=\"og:url\" content=\"https:\/\/rosanacl.com\/hr\/comprar-lenceria-selene\/\" \/>\n<meta property=\"og:site_name\" content=\"Rosana CL\" \/>\n<meta property=\"article:modified_time\" content=\"2025-07-25T06:10:43+00:00\" \/>\n<meta property=\"og:image\" content=\"https:\/\/rosanacl.com\/wp-content\/uploads\/2025\/04\/5-2.jpg\" \/>\n\t<meta property=\"og:image:width\" content=\"1001\" \/>\n\t<meta property=\"og:image:height\" content=\"1333\" \/>\n\t<meta property=\"og:image:type\" content=\"image\/jpeg\" \/>\n<meta name=\"twitter:card\" content=\"summary_large_image\" \/>\n<meta name=\"twitter:label1\" content=\"Procijenjeno vrijeme \u010ditanja\" \/>\n\t<meta name=\"twitter:data1\" content=\"3 minute\" \/>\n<script type=\"application\/ld+json\" class=\"yoast-schema-graph\">{\"@context\":\"https:\\\/\\\/schema.org\",\"@graph\":[{\"@type\":\"WebPage\",\"@id\":\"https:\\\/\\\/rosanacl.com\\\/comprar-lenceria-selene\\\/\",\"url\":\"https:\\\/\\\/rosanacl.com\\\/comprar-lenceria-selene\\\/\",\"name\":\"Comprar lencer\u00eda Selene - Rosana CL\",\"isPartOf\":{\"@id\":\"https:\\\/\\\/rosanacl.com\\\/ca\\\/#website\"},\"primaryImageOfPage\":{\"@id\":\"https:\\\/\\\/rosanacl.com\\\/comprar-lenceria-selene\\\/#primaryimage\"},\"image\":{\"@id\":\"https:\\\/\\\/rosanacl.com\\\/comprar-lenceria-selene\\\/#primaryimage\"},\"thumbnailUrl\":\"https:\\\/\\\/rosanacl.com\\\/wp-content\\\/uploads\\\/2025\\\/04\\\/5-2-769x1024.jpg\",\"datePublished\":\"2025-07-18T09:11:52+00:00\",\"dateModified\":\"2025-07-25T06:10:43+00:00\",\"breadcrumb\":{\"@id\":\"https:\\\/\\\/rosanacl.com\\\/comprar-lenceria-selene\\\/#breadcrumb\"},\"inLanguage\":\"hr\",\"potentialAction\":[{\"@type\":\"ReadAction\",\"target\":[\"https:\\\/\\\/rosanacl.com\\\/comprar-lenceria-selene\\\/\"]}]},{\"@type\":\"ImageObject\",\"inLanguage\":\"hr\",\"@id\":\"https:\\\/\\\/rosanacl.com\\\/comprar-lenceria-selene\\\/#primaryimage\",\"url\":\"https:\\\/\\\/rosanacl.com\\\/wp-content\\\/uploads\\\/2025\\\/04\\\/5-2-769x1024.jpg\",\"contentUrl\":\"https:\\\/\\\/rosanacl.com\\\/wp-content\\\/uploads\\\/2025\\\/04\\\/5-2-769x1024.jpg\"},{\"@type\":\"BreadcrumbList\",\"@id\":\"https:\\\/\\\/rosanacl.com\\\/comprar-lenceria-selene\\\/#breadcrumb\",\"itemListElement\":[{\"@type\":\"ListItem\",\"position\":1,\"name\":\"Portada\",\"item\":\"https:\\\/\\\/rosanacl.com\\\/ca\\\/\"},{\"@type\":\"ListItem\",\"position\":2,\"name\":\"Comprar lencer\u00eda Selene\"}]},{\"@type\":\"WebSite\",\"@id\":\"https:\\\/\\\/rosanacl.com\\\/ca\\\/#website\",\"url\":\"https:\\\/\\\/rosanacl.com\\\/ca\\\/\",\"name\":\"Rosana CL\",\"description\":\"Somos tu interior\",\"potentialAction\":[{\"@type\":\"SearchAction\",\"target\":{\"@type\":\"EntryPoint\",\"urlTemplate\":\"https:\\\/\\\/rosanacl.com\\\/ca\\\/?s={search_term_string}\"},\"query-input\":{\"@type\":\"PropertyValueSpecification\",\"valueRequired\":true,\"valueName\":\"search_term_string\"}}],\"inLanguage\":\"hr\"}]}<\/script>\n<!-- \/ Yoast SEO plugin. -->","yoast_head_json":{"title":"Comprar lencer\u00eda Selene - Rosana CL","robots":{"index":"index","follow":"follow","max-snippet":"max-snippet:-1","max-image-preview":"max-image-preview:large","max-video-preview":"max-video-preview:-1"},"canonical":"https:\/\/rosanacl.com\/hr\/comprar-lenceria-selene\/","og_locale":"hr_HR","og_type":"article","og_title":"Comprar lencer\u00eda Selene - Rosana CL","og_description":"Comprar lencer\u00eda Selene Comprar lencer\u00eda Selene en Rosana CL es apostar por el confort y el dise\u00f1o nacional A la hora de comprar lencer\u00eda Selene, muchas mujeres buscan algo m\u00e1s que una prenda bonita. Quieren sentirse c\u00f3modas, seguras, bien acompa\u00f1adas en cada etapa de su vida. Y ah\u00ed es donde Rosana CL marca la diferencia. [&hellip;]","og_url":"https:\/\/rosanacl.com\/hr\/comprar-lenceria-selene\/","og_site_name":"Rosana CL","article_modified_time":"2025-07-25T06:10:43+00:00","og_image":[{"width":1001,"height":1333,"url":"https:\/\/rosanacl.com\/wp-content\/uploads\/2025\/04\/5-2.jpg","type":"image\/jpeg"}],"twitter_card":"summary_large_image","twitter_misc":{"Procijenjeno vrijeme \u010ditanja":"3 minute"},"schema":{"@context":"https:\/\/schema.org","@graph":[{"@type":"WebPage","@id":"https:\/\/rosanacl.com\/comprar-lenceria-selene\/","url":"https:\/\/rosanacl.com\/comprar-lenceria-selene\/","name":"Comprar lencer\u00eda Selene - Rosana CL","isPartOf":{"@id":"https:\/\/rosanacl.com\/ca\/#website"},"primaryImageOfPage":{"@id":"https:\/\/rosanacl.com\/comprar-lenceria-selene\/#primaryimage"},"image":{"@id":"https:\/\/rosanacl.com\/comprar-lenceria-selene\/#primaryimage"},"thumbnailUrl":"https:\/\/rosanacl.com\/wp-content\/uploads\/2025\/04\/5-2-769x1024.jpg","datePublished":"2025-07-18T09:11:52+00:00","dateModified":"2025-07-25T06:10:43+00:00","breadcrumb":{"@id":"https:\/\/rosanacl.com\/comprar-lenceria-selene\/#breadcrumb"},"inLanguage":"hr","potentialAction":[{"@type":"ReadAction","target":["https:\/\/rosanacl.com\/comprar-lenceria-selene\/"]}]},{"@type":"ImageObject","inLanguage":"hr","@id":"https:\/\/rosanacl.com\/comprar-lenceria-selene\/#primaryimage","url":"https:\/\/rosanacl.com\/wp-content\/uploads\/2025\/04\/5-2-769x1024.jpg","contentUrl":"https:\/\/rosanacl.com\/wp-content\/uploads\/2025\/04\/5-2-769x1024.jpg"},{"@type":"BreadcrumbList","@id":"https:\/\/rosanacl.com\/comprar-lenceria-selene\/#breadcrumb","itemListElement":[{"@type":"ListItem","position":1,"name":"Portada","item":"https:\/\/rosanacl.com\/ca\/"},{"@type":"ListItem","position":2,"name":"Comprar lencer\u00eda Selene"}]},{"@type":"WebSite","@id":"https:\/\/rosanacl.com\/ca\/#website","url":"https:\/\/rosanacl.com\/ca\/","name":"Rosana CL","description":"Mi smo tvoje unutarnje ja","potentialAction":[{"@type":"SearchAction","target":{"@type":"EntryPoint","urlTemplate":"https:\/\/rosanacl.com\/ca\/?s={search_term_string}"},"query-input":{"@type":"PropertyValueSpecification","valueRequired":true,"valueName":"search_term_string"}}],"inLanguage":"hr"}]}},"_links":{"self":[{"href":"https:\/\/rosanacl.com\/hr\/wp-json\/wp\/v2\/pages\/2885","targetHints":{"allow":["GET"]}}],"collection":[{"href":"https:\/\/rosanacl.com\/hr\/wp-json\/wp\/v2\/pages"}],"about":[{"href":"https:\/\/rosanacl.com\/hr\/wp-json\/wp\/v2\/types\/page"}],"author":[{"embeddable":true,"href":"https:\/\/rosanacl.com\/hr\/wp-json\/wp\/v2\/users\/1"}],"replies":[{"embeddable":true,"href":"https:\/\/rosanacl.com\/hr\/wp-json\/wp\/v2\/comments?post=2885"}],"version-history":[{"count":0,"href":"https:\/\/rosanacl.com\/hr\/wp-json\/wp\/v2\/pages\/2885\/revisions"}],"wp:attachment":[{"href":"https:\/\/rosanacl.com\/hr\/wp-json\/wp\/v2\/media?parent=2885"}],"curies":[{"name":"wp","href":"https:\/\/api.w.org\/{rel}","templated":true}]}}