{"id":2891,"date":"2025-07-18T11:14:21","date_gmt":"2025-07-18T09:14:21","guid":{"rendered":"https:\/\/rosanacl.com\/?page_id=2891"},"modified":"2025-07-25T08:09:48","modified_gmt":"2025-07-25T06:09:48","slug":"comprar-bragas","status":"publish","type":"page","link":"https:\/\/rosanacl.com\/hr\/comprar-bragas\/","title":{"rendered":"Kupite ga\u0107ice"},"content":{"rendered":"<div data-elementor-type=\"wp-page\" data-elementor-id=\"2891\" class=\"elementor elementor-2891\" data-elementor-post-type=\"page\">\n\t\t\t\t<div class=\"elementor-element elementor-element-171998c7 e-flex e-con-boxed e-con e-parent\" data-id=\"171998c7\" data-element_type=\"container\" data-e-type=\"container\">\n\t\t\t\t\t<div class=\"e-con-inner\">\n\t\t\t\t<div class=\"elementor-element elementor-element-6575351f elementor-widget elementor-widget-text-editor\" data-id=\"6575351f\" data-element_type=\"widget\" data-e-type=\"widget\" data-widget_type=\"text-editor.default\">\n\t\t\t\t<div class=\"elementor-widget-container\">\n\t\t\t\t\t\t\t\t\t\n<p><\/p>\n\n\n\n<p><\/p>\n\t\t\t\t\t\t\t\t<\/div>\n\t\t\t\t<\/div>\n\t\t\t\t\t<\/div>\n\t\t\t\t<\/div>\n\t\t<div class=\"elementor-element elementor-element-cf7d341 e-flex e-con-boxed e-con e-parent\" data-id=\"cf7d341\" data-element_type=\"container\" data-e-type=\"container\">\n\t\t\t\t\t<div class=\"e-con-inner\">\n\t\t\t\t<div class=\"elementor-element elementor-element-1f1d080 elementor-widget elementor-widget-heading\" data-id=\"1f1d080\" data-element_type=\"widget\" data-e-type=\"widget\" data-widget_type=\"heading.default\">\n\t\t\t\t<div class=\"elementor-widget-container\">\n\t\t\t\t\t<h2 class=\"elementor-heading-title elementor-size-default\">Kupite ga\u0107ice<\/h2>\t\t\t\t<\/div>\n\t\t\t\t<\/div>\n\t\t\t\t\t<\/div>\n\t\t\t\t<\/div>\n\t\t<div class=\"elementor-element elementor-element-dc1921d e-flex e-con-boxed e-con e-parent\" data-id=\"dc1921d\" data-element_type=\"container\" data-e-type=\"container\">\n\t\t\t\t\t<div class=\"e-con-inner\">\n\t\t<div class=\"elementor-element elementor-element-d19616f e-con-full e-flex e-con e-child\" data-id=\"d19616f\" data-element_type=\"container\" data-e-type=\"container\">\n\t\t\t\t<div class=\"elementor-element elementor-element-8ba1404 elementor-widget elementor-widget-text-editor\" data-id=\"8ba1404\" data-element_type=\"widget\" data-e-type=\"widget\" data-widget_type=\"text-editor.default\">\n\t\t\t\t<div class=\"elementor-widget-container\">\n\t\t\t\t\t\t\t\t\t<h3 data-start=\"311\" data-end=\"385\">Mudra kupnja ga\u0107ica: va\u017enost svjesnog izbora<\/h3>\n<p data-start=\"387\" data-end=\"838\">U vrijeme <strong data-start=\"400\" data-end=\"418\">kupiti ga\u0107ice<\/strong>Mnogi ljudi skloni su podcijeniti utjecaj koji ovaj odjevni predmet mo\u017ee imati na njihov svakodnevni \u017eivot. Me\u0111utim, odabir pravih ga\u0107ica klju\u010dan je za osiguranje udobnosti, intimnog zdravlja i dobrog pristajanja. To nije samo pitanje estetike, ve\u0107 i op\u0107eg blagostanja. Upravo u toj svakodnevnoj potrebi stru\u010dnost Rosane CL postaje bitna vrijednost.<\/p>\n<p data-start=\"840\" data-end=\"1268\">S vi\u0161e od 40 godina iskustva u industriji donjeg rublja i korzeta, Rosana CL etablirala se kao referentna to\u010dka za one koji tra\u017ee funkcionalnu, udobnu i pripijenu odje\u0107u. Rade\u0107i isklju\u010divo s nacionalnim brendom Selene, trgovina nudi stilove ga\u0107ica dizajniranih i proizvedenih u \u0160panjolskoj, s kvalitetnim tkaninama, krojevima dizajniranim za udobnost i izdr\u017eljivo\u0161\u0107u koja nadma\u0161uje o\u010dekivanja.<\/p>\n<p data-start=\"1270\" data-end=\"1458\"><strong data-start=\"1270\" data-end=\"1288\">Kupite ga\u0107ice<\/strong> To ne bi trebao biti slu\u010dajan zadatak. U Rosana CL-u, svaki je model odabran zbog svoje sposobnosti da se glatko prilagodi \u017eenskom tijelu, bez tragova ili nelagode.<\/p>\t\t\t\t\t\t\t\t<\/div>\n\t\t\t\t<\/div>\n\t\t\t\t<\/div>\n\t\t<div class=\"elementor-element elementor-element-5568f8b e-con-full e-flex e-con e-child\" data-id=\"5568f8b\" data-element_type=\"container\" data-e-type=\"container\">\n\t\t\t\t<div class=\"elementor-element elementor-element-980debe elementor-widget elementor-widget-image\" data-id=\"980debe\" data-element_type=\"widget\" data-e-type=\"widget\" data-widget_type=\"image.default\">\n\t\t\t\t<div class=\"elementor-widget-container\">\n\t\t\t\t\t\t\t\t\t\t\t\t\t\t\t<img fetchpriority=\"high\" decoding=\"async\" width=\"800\" height=\"457\" src=\"https:\/\/rosanacl.com\/wp-content\/uploads\/2025\/07\/Imagen-de-WhatsApp-2025-07-24-a-las-12.25.19_78b75d41-1024x585.jpg\" class=\"attachment-large size-large wp-image-2971\" alt=\"\" srcset=\"https:\/\/rosanacl.com\/wp-content\/uploads\/2025\/07\/Imagen-de-WhatsApp-2025-07-24-a-las-12.25.19_78b75d41-1024x585.jpg 1024w, https:\/\/rosanacl.com\/wp-content\/uploads\/2025\/07\/Imagen-de-WhatsApp-2025-07-24-a-las-12.25.19_78b75d41-300x171.jpg 300w, https:\/\/rosanacl.com\/wp-content\/uploads\/2025\/07\/Imagen-de-WhatsApp-2025-07-24-a-las-12.25.19_78b75d41-768x439.jpg 768w, https:\/\/rosanacl.com\/wp-content\/uploads\/2025\/07\/Imagen-de-WhatsApp-2025-07-24-a-las-12.25.19_78b75d41-1536x877.jpg 1536w, https:\/\/rosanacl.com\/wp-content\/uploads\/2025\/07\/Imagen-de-WhatsApp-2025-07-24-a-las-12.25.19_78b75d41-18x10.jpg 18w, https:\/\/rosanacl.com\/wp-content\/uploads\/2025\/07\/Imagen-de-WhatsApp-2025-07-24-a-las-12.25.19_78b75d41-600x343.jpg 600w, https:\/\/rosanacl.com\/wp-content\/uploads\/2025\/07\/Imagen-de-WhatsApp-2025-07-24-a-las-12.25.19_78b75d41.jpg 1891w\" sizes=\"(max-width: 800px) 100vw, 800px\" \/>\t\t\t\t\t\t\t\t\t\t\t\t\t\t\t<\/div>\n\t\t\t\t<\/div>\n\t\t\t\t<\/div>\n\t\t\t\t\t<\/div>\n\t\t\t\t<\/div>\n\t\t<div class=\"elementor-element elementor-element-5e380fb e-flex e-con-boxed e-con e-parent\" data-id=\"5e380fb\" data-element_type=\"container\" data-e-type=\"container\">\n\t\t\t\t\t<div class=\"e-con-inner\">\n\t\t<div class=\"elementor-element elementor-element-a763375 e-con-full e-flex e-con e-child\" data-id=\"a763375\" data-element_type=\"container\" data-e-type=\"container\">\n\t\t\t\t<div class=\"elementor-element elementor-element-a8aecc4 elementor-widget elementor-widget-image\" data-id=\"a8aecc4\" data-element_type=\"widget\" data-e-type=\"widget\" data-widget_type=\"image.default\">\n\t\t\t\t<div class=\"elementor-widget-container\">\n\t\t\t\t\t\t\t\t\t\t\t\t\t\t\t<img decoding=\"async\" width=\"800\" height=\"475\" src=\"https:\/\/rosanacl.com\/wp-content\/uploads\/2025\/07\/Imagen-de-WhatsApp-2025-07-24-a-las-12.25.19_55beb4bc-1024x608.jpg\" class=\"attachment-large size-large wp-image-2972\" alt=\"\" srcset=\"https:\/\/rosanacl.com\/wp-content\/uploads\/2025\/07\/Imagen-de-WhatsApp-2025-07-24-a-las-12.25.19_55beb4bc-1024x608.jpg 1024w, https:\/\/rosanacl.com\/wp-content\/uploads\/2025\/07\/Imagen-de-WhatsApp-2025-07-24-a-las-12.25.19_55beb4bc-300x178.jpg 300w, https:\/\/rosanacl.com\/wp-content\/uploads\/2025\/07\/Imagen-de-WhatsApp-2025-07-24-a-las-12.25.19_55beb4bc-768x456.jpg 768w, https:\/\/rosanacl.com\/wp-content\/uploads\/2025\/07\/Imagen-de-WhatsApp-2025-07-24-a-las-12.25.19_55beb4bc-1536x912.jpg 1536w, https:\/\/rosanacl.com\/wp-content\/uploads\/2025\/07\/Imagen-de-WhatsApp-2025-07-24-a-las-12.25.19_55beb4bc-18x12.jpg 18w, https:\/\/rosanacl.com\/wp-content\/uploads\/2025\/07\/Imagen-de-WhatsApp-2025-07-24-a-las-12.25.19_55beb4bc-600x356.jpg 600w, https:\/\/rosanacl.com\/wp-content\/uploads\/2025\/07\/Imagen-de-WhatsApp-2025-07-24-a-las-12.25.19_55beb4bc.jpg 1775w\" sizes=\"(max-width: 800px) 100vw, 800px\" \/>\t\t\t\t\t\t\t\t\t\t\t\t\t\t\t<\/div>\n\t\t\t\t<\/div>\n\t\t\t\t<\/div>\n\t\t<div class=\"elementor-element elementor-element-b02b1e9 e-con-full e-flex e-con e-child\" data-id=\"b02b1e9\" data-element_type=\"container\" data-e-type=\"container\">\n\t\t\t\t<div class=\"elementor-element elementor-element-e25a6f0 elementor-widget elementor-widget-text-editor\" data-id=\"e25a6f0\" data-element_type=\"widget\" data-e-type=\"widget\" data-widget_type=\"text-editor.default\">\n\t\t\t\t<div class=\"elementor-widget-container\">\n\t\t\t\t\t\t\t\t\t<h3 data-start=\"1460\" data-end=\"1526\">Kupite Selene ga\u0107ice: kvaliteta koja se primje\u0107uje ve\u0107 od prve upotrebe<\/h3>\n<p data-start=\"1528\" data-end=\"1979\">Jedan od klju\u010deva za <strong data-start=\"1549\" data-end=\"1567\">kupiti ga\u0107ice<\/strong> To zna\u010di razumjeti da ne nude svi odjevni predmeti istu razinu udobnosti. \u010cesto lo\u0161 izbor tkanine ili kroja mo\u017ee uzrokovati trenje, iritaciju ili nelagodu koja utje\u010de na cjelokupno blagostanje. Zato Rosana CL isklju\u010divo koristi ga\u0107ice Selene, brend koji duboko razumije \u017eenske potrebe i dizajnira svoje odjevne predmete uzimaju\u0107i u obzir jednaka tehni\u010dka i estetska razmatranja.<\/p>\n<p data-start=\"1981\" data-end=\"2329\">U njihovom katalogu prona\u0107i \u0107ete opcije za sve ukuse i trenutke u danu: klasi\u010dne ga\u0107ice, bikinije, modele visokog struka i diskretnije modele, sve izra\u0111eno od mekih, rastezljivih i prozra\u010dnih materijala. \u0160avovi su dizajnirani kako bi se sprije\u010dile mrlje, a kroj se savr\u0161eno prilago\u0111ava prirodnim konturama tijela.<\/p>\n<p data-start=\"2331\" data-end=\"2640\">Do <strong data-start=\"2334\" data-end=\"2352\">kupiti ga\u0107ice<\/strong> U Rosana CL-u zajam\u010deno \u0107ete prona\u0107i odjevni predmet koji nije samo lijep, ve\u0107 i zdrav za va\u0161u ko\u017eu i intimno blagostanje. Osim toga, trgovina nudi personalizirane savjete koji \u0107e vam pomo\u0107i da prona\u0111ete savr\u0161en stil na temelju va\u0161e veli\u010dine, na\u010dina \u017eivota i preferencija u pogledu kroja.<\/p>\t\t\t\t\t\t\t\t<\/div>\n\t\t\t\t<\/div>\n\t\t\t\t<\/div>\n\t\t\t\t\t<\/div>\n\t\t\t\t<\/div>\n\t\t<div class=\"elementor-element elementor-element-495e863 e-flex e-con-boxed e-con e-parent\" data-id=\"495e863\" data-element_type=\"container\" data-e-type=\"container\">\n\t\t\t\t\t<div class=\"e-con-inner\">\n\t\t\t\t<div class=\"elementor-element elementor-element-fe47ba3 elementor-widget elementor-widget-text-editor\" data-id=\"fe47ba3\" data-element_type=\"widget\" data-e-type=\"widget\" data-widget_type=\"text-editor.default\">\n\t\t\t\t<div class=\"elementor-widget-container\">\n\t\t\t\t\t\t\t\t\t<h3 data-start=\"2642\" data-end=\"2724\">Kupite ga\u0107ice online u Rosana CL: jednostavno, sigurno i uz personaliziranu uslugu.<\/h3>\n<p data-start=\"2726\" data-end=\"3079\">Danas, <strong data-start=\"2738\" data-end=\"2756\">kupiti ga\u0107ice<\/strong> Online kupovina je prakti\u010dna i brza opcija, ali ne nude sve trgovine istu razinu povjerenja i stru\u010dnosti. U Rosana CL, svaku kupnju podr\u017eava tim ljudi koji su temeljito upoznati s proizvodom, znaju kako se svaki model pona\u0161a u svakodnevnoj upotrebi i dostupni su vam da vam pomognu tijekom cijelog procesa.<\/p>\n<p data-start=\"3081\" data-end=\"3341\">Njihova online platforma je intuitivna, sa stvarnim slikama, jasnim opisima i detaljnim vodi\u010dem za veli\u010dine kako bi se izbjegle pogre\u0161ke. Dostava je tako\u0111er brza i diskretna, a korisni\u010dka slu\u017eba dostupna je za sva pitanja.<\/p>\n<p data-start=\"3343\" data-end=\"3625\">Kupnja ga\u0107ica u Rosana CL zna\u010di u\u017eivanje u prijateljskom, profesionalnom i wellness iskustvu kupovine. Ovdje \u0107ete prona\u0107i ne samo prekrasno donje rublje, ve\u0107 i odjevne predmete dizajnirane da traju, da po\u0161tuju va\u0161e tijelo i da vas udobno prate u svakom trenutku dana.<\/p>\n<p data-start=\"3627\" data-end=\"3837\">Trebate li osvje\u017eiti svoju ladicu s donjim rubljem ili tra\u017eite odre\u0111eni stil, Rosana CL ima ono \u0161to vam treba. Jer kada dobro birate iznutra, sve ostalo te\u010de s vi\u0161e samopouzdanja.<\/p>\t\t\t\t\t\t\t\t<\/div>\n\t\t\t\t<\/div>\n\t\t\t\t\t<\/div>\n\t\t\t\t<\/div>\n\t\t<div class=\"elementor-element elementor-element-d05ed3a e-flex e-con-boxed e-con e-parent\" data-id=\"d05ed3a\" data-element_type=\"container\" data-e-type=\"container\">\n\t\t\t\t\t<div class=\"e-con-inner\">\n\t\t\t\t<div class=\"elementor-element elementor-element-b883e86 elementor-widget elementor-widget-heading\" data-id=\"b883e86\" data-element_type=\"widget\" data-e-type=\"widget\" data-widget_type=\"heading.default\">\n\t\t\t\t<div class=\"elementor-widget-container\">\n\t\t\t\t\t<h2 class=\"elementor-heading-title elementor-size-default\">Kontaktirajte nas <\/h2>\t\t\t\t<\/div>\n\t\t\t\t<\/div>\n\t\t\t\t\t<\/div>\n\t\t\t\t<\/div>\n\t\t<div class=\"elementor-element elementor-element-00e20e2 e-flex e-con-boxed e-con e-parent\" data-id=\"00e20e2\" data-element_type=\"container\" data-e-type=\"container\">\n\t\t\t\t\t<div class=\"e-con-inner\">\n\t\t<div class=\"elementor-element elementor-element-8ad8f7b e-con-full e-flex e-con e-child\" data-id=\"8ad8f7b\" data-element_type=\"container\" data-e-type=\"container\">\n\t\t\t\t<div class=\"elementor-element elementor-element-888944a elementor-widget__width-initial elementor-widget elementor-widget-elementskit-contact-form7\" data-id=\"888944a\" data-element_type=\"widget\" data-e-type=\"widget\" data-widget_type=\"elementskit-contact-form7.default\">\n\t\t\t\t<div class=\"elementor-widget-container\">\n\t\t\t\t\t<div class=\"ekit-wid-con\" ><div class=\"ekit-form\">\n<div class=\"wpcf7 no-js\" id=\"wpcf7-f48-o1\" lang=\"es-ES\" dir=\"ltr\" data-wpcf7-id=\"48\">\n<div class=\"screen-reader-response\"><p role=\"status\" aria-live=\"polite\" aria-atomic=\"true\"><\/p> <ul><\/ul><\/div>\n<form action=\"\/de\/wp-json\/wp\/v2\/pages\/2891#wpcf7-f48-o1\" method=\"post\" class=\"wpcf7-form init\" aria-label=\"Kontaktni obrazac\" novalidate=\"novalidate\" data-status=\"init\" data-trp-original-action=\"\/de\/wp-json\/wp\/v2\/pages\/2891#wpcf7-f48-o1\">\n<fieldset class=\"hidden-fields-container\"><input type=\"hidden\" name=\"_wpcf7\" value=\"48\" \/><input type=\"hidden\" name=\"_wpcf7_version\" value=\"6.1.5\" \/><input type=\"hidden\" name=\"_wpcf7_locale\" value=\"es_ES\" \/><input type=\"hidden\" name=\"_wpcf7_unit_tag\" value=\"wpcf7-f48-o1\" \/><input type=\"hidden\" name=\"_wpcf7_container_post\" value=\"0\" \/><input type=\"hidden\" name=\"_wpcf7_posted_data_hash\" value=\"\" \/><input type=\"hidden\" name=\"_wpcf7_recaptcha_response\" value=\"\" \/>\n<\/fieldset>\n<div class=\"form-row\">\n\t<div class=\"form-column\">\n\t\t<p><span class=\"wpcf7-form-control-wrap\" data-name=\"nombre\"><input size=\"40\" maxlength=\"400\" class=\"wpcf7-form-control wpcf7-text wpcf7-validates-as-required\" aria-required=\"true\" aria-invalid=\"false\" placeholder=\"Ime\" value=\"\" type=\"text\" name=\"nombre\" \/><\/span>\n\t\t<\/p>\n\t<\/div>\n\t<div class=\"form-column\">\n\t\t<p><span class=\"wpcf7-form-control-wrap\" data-name=\"telefono\"><input size=\"40\" maxlength=\"400\" class=\"wpcf7-form-control wpcf7-tel wpcf7-validates-as-required wpcf7-text wpcf7-validates-as-tel\" aria-required=\"true\" aria-invalid=\"false\" placeholder=\"Telefon *\" value=\"\" type=\"tel\" name=\"telefono\" \/><\/span>\n\t\t<\/p>\n\t<\/div>\n<\/div>\n<div class=\"form-row\">\n\t<div class=\"form-column\">\n\t\t<p><span class=\"wpcf7-form-control-wrap\" data-name=\"email\"><input size=\"40\" maxlength=\"400\" class=\"wpcf7-form-control wpcf7-email wpcf7-validates-as-required wpcf7-text wpcf7-validates-as-email\" aria-required=\"true\" aria-invalid=\"false\" placeholder=\"E-po\u0161ta *\" value=\"\" type=\"email\" name=\"email\" \/><\/span>\n\t\t<\/p>\n\t<\/div>\n\t<div class=\"form-column\">\n\t\t<p><span class=\"wpcf7-form-control-wrap\" data-name=\"asunto\"><input size=\"40\" maxlength=\"400\" class=\"wpcf7-form-control wpcf7-text wpcf7-validates-as-required\" aria-required=\"true\" aria-invalid=\"false\" placeholder=\"Afera *\" value=\"\" type=\"text\" name=\"asunto\" \/><\/span>\n\t\t<\/p>\n\t<\/div>\n<\/div>\n<p><span class=\"wpcf7-form-control-wrap\" data-name=\"mensaje\"><textarea cols=\"40\" rows=\"10\" maxlength=\"2000\" class=\"wpcf7-form-control wpcf7-textarea wpcf7-validates-as-required\" aria-required=\"true\" aria-invalid=\"false\" placeholder=\"Poruka\" name=\"mensaje\"><\/textarea><\/span>\n<\/p>\n<p class=\"legal-priv\"><span class=\"wpcf7-form-control-wrap\" data-name=\"acceptance-787\"><span class=\"wpcf7-form-control wpcf7-acceptance\"><span class=\"wpcf7-list-item\"><label><input type=\"checkbox\" name=\"acceptance-787\" value=\"1\" aria-invalid=\"false\" \/><span class=\"wpcf7-list-item-label\">Pro\u010ditao\/la sam i sla\u017eem se s <a href=\"https:\/\/rosanacl.com\/hr\/politica-de-privacidad\/\">Pravila o privatnosti<\/a><\/span><\/label><\/span><\/span><\/span>\n<\/p>\n<p><input class=\"wpcf7-form-control wpcf7-submit has-spinner\" type=\"submit\" value=\"PO\u0160ALJI PORUKU\" \/>\n<\/p><div class=\"wpcf7-response-output\" aria-hidden=\"true\"><\/div>\n<input type=\"hidden\" name=\"trp-form-language\" value=\"hr\"\/><\/form>\n<\/div>\n<\/div><\/div>\t\t\t\t<\/div>\n\t\t\t\t<\/div>\n\t\t\t\t<\/div>\n\t\t\t\t\t<\/div>\n\t\t\t\t<\/div>\n\t\t\t\t<\/div>","protected":false},"excerpt":{"rendered":"<p>Comprar bragas Comprar bragas con criterio: la importancia de una elecci\u00f3n consciente A la hora de comprar bragas, muchas personas tienden a subestimar el impacto que esta prenda puede tener en su d\u00eda a d\u00eda. Sin embargo, elegir la braguita adecuada es fundamental para garantizar la comodidad, la salud \u00edntima y el buen ajuste de [&hellip;]<\/p>\n","protected":false},"author":1,"featured_media":0,"parent":0,"menu_order":0,"comment_status":"closed","ping_status":"closed","template":"","meta":{"content-type":"","footnotes":""},"class_list":["post-2891","page","type-page","status-publish","hentry"],"yoast_head":"<!-- This site is optimized with the Yoast SEO plugin v27.4 - https:\/\/yoast.com\/product\/yoast-seo-wordpress\/ -->\n<title>Comprar bragas - Rosana CL<\/title>\n<meta name=\"robots\" content=\"index, follow, max-snippet:-1, max-image-preview:large, max-video-preview:-1\" \/>\n<link rel=\"canonical\" href=\"https:\/\/rosanacl.com\/hr\/comprar-bragas\/\" \/>\n<meta property=\"og:locale\" content=\"hr_HR\" \/>\n<meta property=\"og:type\" content=\"article\" \/>\n<meta property=\"og:title\" content=\"Comprar bragas - Rosana CL\" \/>\n<meta property=\"og:description\" content=\"Comprar bragas Comprar bragas con criterio: la importancia de una elecci\u00f3n consciente A la hora de comprar bragas, muchas personas tienden a subestimar el impacto que esta prenda puede tener en su d\u00eda a d\u00eda. Sin embargo, elegir la braguita adecuada es fundamental para garantizar la comodidad, la salud \u00edntima y el buen ajuste de [&hellip;]\" \/>\n<meta property=\"og:url\" content=\"https:\/\/rosanacl.com\/hr\/comprar-bragas\/\" \/>\n<meta property=\"og:site_name\" content=\"Rosana CL\" \/>\n<meta property=\"article:modified_time\" content=\"2025-07-25T06:09:48+00:00\" \/>\n<meta property=\"og:image\" content=\"https:\/\/rosanacl.com\/wp-content\/uploads\/2025\/07\/Imagen-de-WhatsApp-2025-07-24-a-las-12.25.19_78b75d41.jpg\" \/>\n\t<meta property=\"og:image:width\" content=\"1891\" \/>\n\t<meta property=\"og:image:height\" content=\"1080\" \/>\n\t<meta property=\"og:image:type\" content=\"image\/jpeg\" \/>\n<meta name=\"twitter:card\" content=\"summary_large_image\" \/>\n<meta name=\"twitter:label1\" content=\"Procijenjeno vrijeme \u010ditanja\" \/>\n\t<meta name=\"twitter:data1\" content=\"3 minute\" \/>\n<script type=\"application\/ld+json\" class=\"yoast-schema-graph\">{\"@context\":\"https:\\\/\\\/schema.org\",\"@graph\":[{\"@type\":\"WebPage\",\"@id\":\"https:\\\/\\\/rosanacl.com\\\/comprar-bragas\\\/\",\"url\":\"https:\\\/\\\/rosanacl.com\\\/comprar-bragas\\\/\",\"name\":\"Comprar bragas - Rosana CL\",\"isPartOf\":{\"@id\":\"https:\\\/\\\/rosanacl.com\\\/ca\\\/#website\"},\"primaryImageOfPage\":{\"@id\":\"https:\\\/\\\/rosanacl.com\\\/comprar-bragas\\\/#primaryimage\"},\"image\":{\"@id\":\"https:\\\/\\\/rosanacl.com\\\/comprar-bragas\\\/#primaryimage\"},\"thumbnailUrl\":\"https:\\\/\\\/rosanacl.com\\\/wp-content\\\/uploads\\\/2025\\\/07\\\/Imagen-de-WhatsApp-2025-07-24-a-las-12.25.19_78b75d41-1024x585.jpg\",\"datePublished\":\"2025-07-18T09:14:21+00:00\",\"dateModified\":\"2025-07-25T06:09:48+00:00\",\"breadcrumb\":{\"@id\":\"https:\\\/\\\/rosanacl.com\\\/comprar-bragas\\\/#breadcrumb\"},\"inLanguage\":\"hr\",\"potentialAction\":[{\"@type\":\"ReadAction\",\"target\":[\"https:\\\/\\\/rosanacl.com\\\/comprar-bragas\\\/\"]}]},{\"@type\":\"ImageObject\",\"inLanguage\":\"hr\",\"@id\":\"https:\\\/\\\/rosanacl.com\\\/comprar-bragas\\\/#primaryimage\",\"url\":\"https:\\\/\\\/rosanacl.com\\\/wp-content\\\/uploads\\\/2025\\\/07\\\/Imagen-de-WhatsApp-2025-07-24-a-las-12.25.19_78b75d41-1024x585.jpg\",\"contentUrl\":\"https:\\\/\\\/rosanacl.com\\\/wp-content\\\/uploads\\\/2025\\\/07\\\/Imagen-de-WhatsApp-2025-07-24-a-las-12.25.19_78b75d41-1024x585.jpg\"},{\"@type\":\"BreadcrumbList\",\"@id\":\"https:\\\/\\\/rosanacl.com\\\/comprar-bragas\\\/#breadcrumb\",\"itemListElement\":[{\"@type\":\"ListItem\",\"position\":1,\"name\":\"Portada\",\"item\":\"https:\\\/\\\/rosanacl.com\\\/ca\\\/\"},{\"@type\":\"ListItem\",\"position\":2,\"name\":\"Comprar bragas\"}]},{\"@type\":\"WebSite\",\"@id\":\"https:\\\/\\\/rosanacl.com\\\/ca\\\/#website\",\"url\":\"https:\\\/\\\/rosanacl.com\\\/ca\\\/\",\"name\":\"Rosana CL\",\"description\":\"Somos tu interior\",\"potentialAction\":[{\"@type\":\"SearchAction\",\"target\":{\"@type\":\"EntryPoint\",\"urlTemplate\":\"https:\\\/\\\/rosanacl.com\\\/ca\\\/?s={search_term_string}\"},\"query-input\":{\"@type\":\"PropertyValueSpecification\",\"valueRequired\":true,\"valueName\":\"search_term_string\"}}],\"inLanguage\":\"hr\"}]}<\/script>\n<!-- \/ Yoast SEO plugin. -->","yoast_head_json":{"title":"Comprar bragas - Rosana CL","robots":{"index":"index","follow":"follow","max-snippet":"max-snippet:-1","max-image-preview":"max-image-preview:large","max-video-preview":"max-video-preview:-1"},"canonical":"https:\/\/rosanacl.com\/hr\/comprar-bragas\/","og_locale":"hr_HR","og_type":"article","og_title":"Comprar bragas - Rosana CL","og_description":"Comprar bragas Comprar bragas con criterio: la importancia de una elecci\u00f3n consciente A la hora de comprar bragas, muchas personas tienden a subestimar el impacto que esta prenda puede tener en su d\u00eda a d\u00eda. Sin embargo, elegir la braguita adecuada es fundamental para garantizar la comodidad, la salud \u00edntima y el buen ajuste de [&hellip;]","og_url":"https:\/\/rosanacl.com\/hr\/comprar-bragas\/","og_site_name":"Rosana CL","article_modified_time":"2025-07-25T06:09:48+00:00","og_image":[{"width":1891,"height":1080,"url":"https:\/\/rosanacl.com\/wp-content\/uploads\/2025\/07\/Imagen-de-WhatsApp-2025-07-24-a-las-12.25.19_78b75d41.jpg","type":"image\/jpeg"}],"twitter_card":"summary_large_image","twitter_misc":{"Procijenjeno vrijeme \u010ditanja":"3 minute"},"schema":{"@context":"https:\/\/schema.org","@graph":[{"@type":"WebPage","@id":"https:\/\/rosanacl.com\/comprar-bragas\/","url":"https:\/\/rosanacl.com\/comprar-bragas\/","name":"Comprar bragas - Rosana CL","isPartOf":{"@id":"https:\/\/rosanacl.com\/ca\/#website"},"primaryImageOfPage":{"@id":"https:\/\/rosanacl.com\/comprar-bragas\/#primaryimage"},"image":{"@id":"https:\/\/rosanacl.com\/comprar-bragas\/#primaryimage"},"thumbnailUrl":"https:\/\/rosanacl.com\/wp-content\/uploads\/2025\/07\/Imagen-de-WhatsApp-2025-07-24-a-las-12.25.19_78b75d41-1024x585.jpg","datePublished":"2025-07-18T09:14:21+00:00","dateModified":"2025-07-25T06:09:48+00:00","breadcrumb":{"@id":"https:\/\/rosanacl.com\/comprar-bragas\/#breadcrumb"},"inLanguage":"hr","potentialAction":[{"@type":"ReadAction","target":["https:\/\/rosanacl.com\/comprar-bragas\/"]}]},{"@type":"ImageObject","inLanguage":"hr","@id":"https:\/\/rosanacl.com\/comprar-bragas\/#primaryimage","url":"https:\/\/rosanacl.com\/wp-content\/uploads\/2025\/07\/Imagen-de-WhatsApp-2025-07-24-a-las-12.25.19_78b75d41-1024x585.jpg","contentUrl":"https:\/\/rosanacl.com\/wp-content\/uploads\/2025\/07\/Imagen-de-WhatsApp-2025-07-24-a-las-12.25.19_78b75d41-1024x585.jpg"},{"@type":"BreadcrumbList","@id":"https:\/\/rosanacl.com\/comprar-bragas\/#breadcrumb","itemListElement":[{"@type":"ListItem","position":1,"name":"Portada","item":"https:\/\/rosanacl.com\/ca\/"},{"@type":"ListItem","position":2,"name":"Comprar bragas"}]},{"@type":"WebSite","@id":"https:\/\/rosanacl.com\/ca\/#website","url":"https:\/\/rosanacl.com\/ca\/","name":"Rosana CL","description":"Mi smo tvoje unutarnje ja","potentialAction":[{"@type":"SearchAction","target":{"@type":"EntryPoint","urlTemplate":"https:\/\/rosanacl.com\/ca\/?s={search_term_string}"},"query-input":{"@type":"PropertyValueSpecification","valueRequired":true,"valueName":"search_term_string"}}],"inLanguage":"hr"}]}},"_links":{"self":[{"href":"https:\/\/rosanacl.com\/hr\/wp-json\/wp\/v2\/pages\/2891","targetHints":{"allow":["GET"]}}],"collection":[{"href":"https:\/\/rosanacl.com\/hr\/wp-json\/wp\/v2\/pages"}],"about":[{"href":"https:\/\/rosanacl.com\/hr\/wp-json\/wp\/v2\/types\/page"}],"author":[{"embeddable":true,"href":"https:\/\/rosanacl.com\/hr\/wp-json\/wp\/v2\/users\/1"}],"replies":[{"embeddable":true,"href":"https:\/\/rosanacl.com\/hr\/wp-json\/wp\/v2\/comments?post=2891"}],"version-history":[{"count":0,"href":"https:\/\/rosanacl.com\/hr\/wp-json\/wp\/v2\/pages\/2891\/revisions"}],"wp:attachment":[{"href":"https:\/\/rosanacl.com\/hr\/wp-json\/wp\/v2\/media?parent=2891"}],"curies":[{"name":"wp","href":"https:\/\/api.w.org\/{rel}","templated":true}]}}