{"id":31,"date":"2025-03-28T16:10:30","date_gmt":"2025-03-28T19:10:30","guid":{"rendered":"https:\/\/innovacon.simplificandotuweb.com\/?page_id=31"},"modified":"2025-07-09T08:56:36","modified_gmt":"2025-07-09T06:56:36","slug":"politica-de-privacidad","status":"publish","type":"page","link":"https:\/\/rosanacl.com\/hr\/politica-de-privacidad\/","title":{"rendered":"Pravila o privatnosti"},"content":{"rendered":"<div data-elementor-type=\"wp-page\" data-elementor-id=\"31\" class=\"elementor elementor-31\" data-elementor-post-type=\"page\">\n\t\t\t\t<div class=\"elementor-element elementor-element-1ca8157 e-flex e-con-boxed e-con e-parent\" data-id=\"1ca8157\" data-element_type=\"container\" data-e-type=\"container\" data-settings=\"{&quot;background_background&quot;:&quot;classic&quot;}\">\n\t\t\t\t\t<div class=\"e-con-inner\">\n\t\t<div class=\"elementor-element elementor-element-ee95924 e-con-full e-flex e-con e-child\" data-id=\"ee95924\" data-element_type=\"container\" data-e-type=\"container\">\n\t\t\t\t<div class=\"elementor-element elementor-element-fbdd061 elementor-widget elementor-widget-heading\" data-id=\"fbdd061\" data-element_type=\"widget\" data-e-type=\"widget\" data-widget_type=\"heading.default\">\n\t\t\t\t<div class=\"elementor-widget-container\">\n\t\t\t\t\t<h2 class=\"elementor-heading-title elementor-size-default\">Pravila o privatnosti<\/h2>\t\t\t\t<\/div>\n\t\t\t\t<\/div>\n\t\t\t\t<\/div>\n\t\t\t\t\t<\/div>\n\t\t\t\t<\/div>\n\t\t<div class=\"elementor-element elementor-element-5a8dd38e e-flex e-con-boxed e-con e-parent\" data-id=\"5a8dd38e\" data-element_type=\"container\" data-e-type=\"container\">\n\t\t\t\t\t<div class=\"e-con-inner\">\n\t\t\t\t<div class=\"elementor-element elementor-element-6ea5a565 elementor-widget elementor-widget-text-editor\" data-id=\"6ea5a565\" data-element_type=\"widget\" data-e-type=\"widget\" data-widget_type=\"text-editor.default\">\n\t\t\t\t<div class=\"elementor-widget-container\">\n\t\t\t\t\t\t\t\t\t\n<p><strong>1. INFORMACIJE ZA KORISNIKA<\/strong><\/p>\n\n<p>Web stranica obavje\u0161tava korisnike web stranice o svojoj politici u vezi s obradom i za\u0161titom osobnih podataka korisnika i kupaca koji mogu biti zatra\u017eeni prilikom pregledavanja njezine web stranice.<\/p>\n\n<p>Web stranica je odgovorna za obradu osobnih podataka korisnika, stoga pru\u017eamo sljede\u0107e informacije o obradi va\u0161ih podataka:<\/p>\n\n<p><strong>Kriteriji zadr\u017eavanja podataka:<\/strong>\u00a0Pru\u017eeni osobni podaci bit \u0107e zadr\u017eani dok zainteresirana strana ne zatra\u017ei njihovu suspenziju, koriste\u0107i svoja prava nad podacima, a u svakom slu\u010daju u skladu sa svim primjenjivim zakonskim rokovima zastare.<\/p>\n\n<p><strong>Prava zainteresiranih strana:<\/strong><\/p>\n\n<p>Pravo na povla\u010denje privole u bilo kojem trenutku.<br \/>Pravo na pristup, ispravak, brisanje i prijenos va\u0161ih podataka, kao i na ograni\u010davanje ili protivljenje njihovoj obradi, kao i da ne budete predmet automatiziranih individualnih odluka.<\/p>\n\n<p><strong>Kontaktni podaci za ostvarivanje va\u0161ih prava:<\/strong><\/p>\n\n<p>Morate se pravilno identificirati i jasno zatra\u017eiti pravo na ostvarivanje.<\/p>\n\n<ul class=\"wp-block-list\">\n<li>Tvrtka: Pablo Angulo Maspons<\/li>\n<li>Stanovni\u0161tvo: Vinaroz, \u0160panjolska<\/li>\n<li>Telefon: 613395013<\/li>\n<li>Po\u0161ta: <a class=\"css-1rn59kg\" title=\"info@rosanacl.com\" href=\"mailto:info@rosanacl.com\" data-testid=\"link-with-safety\" data-renderer-mark=\"true\">info@rosanacl.com\u00a0<\/a><\/li>\n<\/ul>\n\n<p><strong>2. INFORMACIJE KOJE JE DAVIO KORISNIK<\/strong><\/p>\n\n<p>Ako imate manje od 18 godina, nije vam dopu\u0161teno koristiti obrasce na na\u0161oj web stranici.<\/p>\n\n<p>Unosom svojih podataka u kontaktne obrasce ili slanjem istih u obrasce za preuzimanje, Korisnici izri\u010dito, slobodno i nedvosmisleno prihva\u0107aju da su njihovi podaci potrebni Kontroloru za obradu njihovog zahtjeva. Uklju\u010divanje podataka u preostala polja je dobrovoljno.<\/p>\n\n<p>Korisnik jam\u010di da su navedeni osobni podaci istiniti te je odgovoran za obavje\u0161tavanje o svim promjenama.<\/p>\n\n<p>Svi podaci zatra\u017eeni putem web stranice potrebni su kako bi se korisniku pru\u017eila optimalna usluga. Ako se ne dostave svi podaci, ne postoji jamstvo da \u0107e informacije i usluge koje pru\u017ea Kontrolor biti u potpunosti prilago\u0111ene njegovim potrebama.<\/p>\n\n<p><strong>3. SIGURNOSNE MJERE<\/strong><\/p>\n\n<p>Da se, u skladu s odredbama va\u017ee\u0107ih propisa o za\u0161titi osobnih podataka, Voditelj obrade pridr\u017eava svih odredbi GDPR-a i LOPD-a za obradu osobnih podataka za koje je odgovoran, koji se obra\u0111uju zakonito, po\u0161teno i transparentno u odnosu na ispitanika te su primjereni, relevantni i ograni\u010deni na ono \u0161to je nu\u017eno u odnosu na svrhe za koje se obra\u0111uju.<\/p>\n\n<p>Kontrolor jam\u010di da je implementirao odgovaraju\u0107e tehni\u010dke i organizacijske politike za primjenu sigurnosnih mjera utvr\u0111enih GDPR-om i LOPD-om radi za\u0161tite prava i sloboda Korisnika te im je pru\u017eio odgovaraju\u0107e informacije kako bi ih mogli ostvariti.<\/p>\n\n<p><strong>4. - NARU\u0160AVANJE SIGURNOSTI<\/strong><\/p>\n\n<p>Kontrolor \u0107e prijaviti svako sigurnosno kr\u0161enje koje utje\u010de na bazu podataka koju koristi ova web stranica ili bilo koja od na\u0161ih usluga tre\u0107ih strana svakoj osobi \u010diji su podaci mogli biti pogo\u0111eni, te nadle\u017enim tijelima u roku od 72 sata od otkrivanja kr\u0161enja.<\/p>\n\n<p><strong>PRIMJENJIVO ZAKONODAVSTVO I NADLE\u017dNOST<\/strong><\/p>\n\n<p>Za rje\u0161avanje svih sporova ili pitanja vezanih uz ovu web stranicu ili aktivnosti koje se na njoj provode primjenjuje se \u0161panjolsko pravo, s \u010dime se stranke izri\u010dito sla\u017eu. Sudovi i tribunali u Barceloni imaju nadle\u017enost za rje\u0161avanje svih sukoba koji proizlaze iz ili su povezani s kori\u0161tenjem ove web stranice.<\/p>\n\n<p>\u00a0<\/p>\n\t\t\t\t\t\t\t\t<\/div>\n\t\t\t\t<\/div>\n\t\t\t\t\t<\/div>\n\t\t\t\t<\/div>\n\t\t\t\t<\/div>","protected":false},"excerpt":{"rendered":"<p>1.- INFORMACI\u00d3N AL USUARIO El sitio web informa a los usuarios del sitio web sobre su pol\u00edtica respecto al tratamiento y protecci\u00f3n de los datos de car\u00e1cter personal de los usuarios y clientes que puedan ser solicitados por la navegaci\u00f3n a trav\u00e9s de su sitio web. El sitio web es el Responsable del tratamiento de [&hellip;]<\/p>\n","protected":false},"author":1,"featured_media":0,"parent":0,"menu_order":0,"comment_status":"closed","ping_status":"closed","template":"","meta":{"content-type":"","footnotes":""},"class_list":["post-31","page","type-page","status-publish","hentry"],"yoast_head":"<!-- This site is optimized with the Yoast SEO plugin v27.4 - https:\/\/yoast.com\/product\/yoast-seo-wordpress\/ -->\n<title>Pol\u00edtica de Privacidad - Rosana CL<\/title>\n<meta name=\"robots\" content=\"index, follow, max-snippet:-1, max-image-preview:large, max-video-preview:-1\" \/>\n<link rel=\"canonical\" href=\"https:\/\/rosanacl.com\/hr\/politica-de-privacidad\/\" \/>\n<meta property=\"og:locale\" content=\"hr_HR\" \/>\n<meta property=\"og:type\" content=\"article\" \/>\n<meta property=\"og:title\" content=\"Pol\u00edtica de Privacidad - Rosana CL\" \/>\n<meta property=\"og:description\" content=\"1.- INFORMACI\u00d3N AL USUARIO El sitio web informa a los usuarios del sitio web sobre su pol\u00edtica respecto al tratamiento y protecci\u00f3n de los datos de car\u00e1cter personal de los usuarios y clientes que puedan ser solicitados por la navegaci\u00f3n a trav\u00e9s de su sitio web. El sitio web es el Responsable del tratamiento de [&hellip;]\" \/>\n<meta property=\"og:url\" content=\"https:\/\/rosanacl.com\/hr\/politica-de-privacidad\/\" \/>\n<meta property=\"og:site_name\" content=\"Rosana CL\" \/>\n<meta property=\"article:modified_time\" content=\"2025-07-09T06:56:36+00:00\" \/>\n<meta name=\"twitter:card\" content=\"summary_large_image\" \/>\n<meta name=\"twitter:label1\" content=\"Procijenjeno vrijeme \u010ditanja\" \/>\n\t<meta name=\"twitter:data1\" content=\"3 minute\" \/>\n<script type=\"application\/ld+json\" class=\"yoast-schema-graph\">{\"@context\":\"https:\\\/\\\/schema.org\",\"@graph\":[{\"@type\":\"WebPage\",\"@id\":\"https:\\\/\\\/rosanacl.com\\\/politica-de-privacidad\\\/\",\"url\":\"https:\\\/\\\/rosanacl.com\\\/politica-de-privacidad\\\/\",\"name\":\"Pol\u00edtica de Privacidad - Rosana CL\",\"isPartOf\":{\"@id\":\"https:\\\/\\\/rosanacl.com\\\/ca\\\/#website\"},\"datePublished\":\"2025-03-28T19:10:30+00:00\",\"dateModified\":\"2025-07-09T06:56:36+00:00\",\"breadcrumb\":{\"@id\":\"https:\\\/\\\/rosanacl.com\\\/politica-de-privacidad\\\/#breadcrumb\"},\"inLanguage\":\"hr\",\"potentialAction\":[{\"@type\":\"ReadAction\",\"target\":[\"https:\\\/\\\/rosanacl.com\\\/politica-de-privacidad\\\/\"]}]},{\"@type\":\"BreadcrumbList\",\"@id\":\"https:\\\/\\\/rosanacl.com\\\/politica-de-privacidad\\\/#breadcrumb\",\"itemListElement\":[{\"@type\":\"ListItem\",\"position\":1,\"name\":\"Portada\",\"item\":\"https:\\\/\\\/rosanacl.com\\\/ca\\\/\"},{\"@type\":\"ListItem\",\"position\":2,\"name\":\"Pol\u00edtica de Privacidad\"}]},{\"@type\":\"WebSite\",\"@id\":\"https:\\\/\\\/rosanacl.com\\\/ca\\\/#website\",\"url\":\"https:\\\/\\\/rosanacl.com\\\/ca\\\/\",\"name\":\"Rosana CL\",\"description\":\"Somos tu interior\",\"potentialAction\":[{\"@type\":\"SearchAction\",\"target\":{\"@type\":\"EntryPoint\",\"urlTemplate\":\"https:\\\/\\\/rosanacl.com\\\/ca\\\/?s={search_term_string}\"},\"query-input\":{\"@type\":\"PropertyValueSpecification\",\"valueRequired\":true,\"valueName\":\"search_term_string\"}}],\"inLanguage\":\"hr\"}]}<\/script>\n<!-- \/ Yoast SEO plugin. -->","yoast_head_json":{"title":"Pol\u00edtica de Privacidad - Rosana CL","robots":{"index":"index","follow":"follow","max-snippet":"max-snippet:-1","max-image-preview":"max-image-preview:large","max-video-preview":"max-video-preview:-1"},"canonical":"https:\/\/rosanacl.com\/hr\/politica-de-privacidad\/","og_locale":"hr_HR","og_type":"article","og_title":"Pol\u00edtica de Privacidad - Rosana CL","og_description":"1.- INFORMACI\u00d3N AL USUARIO El sitio web informa a los usuarios del sitio web sobre su pol\u00edtica respecto al tratamiento y protecci\u00f3n de los datos de car\u00e1cter personal de los usuarios y clientes que puedan ser solicitados por la navegaci\u00f3n a trav\u00e9s de su sitio web. El sitio web es el Responsable del tratamiento de [&hellip;]","og_url":"https:\/\/rosanacl.com\/hr\/politica-de-privacidad\/","og_site_name":"Rosana CL","article_modified_time":"2025-07-09T06:56:36+00:00","twitter_card":"summary_large_image","twitter_misc":{"Procijenjeno vrijeme \u010ditanja":"3 minute"},"schema":{"@context":"https:\/\/schema.org","@graph":[{"@type":"WebPage","@id":"https:\/\/rosanacl.com\/politica-de-privacidad\/","url":"https:\/\/rosanacl.com\/politica-de-privacidad\/","name":"Pol\u00edtica de Privacidad - Rosana CL","isPartOf":{"@id":"https:\/\/rosanacl.com\/ca\/#website"},"datePublished":"2025-03-28T19:10:30+00:00","dateModified":"2025-07-09T06:56:36+00:00","breadcrumb":{"@id":"https:\/\/rosanacl.com\/politica-de-privacidad\/#breadcrumb"},"inLanguage":"hr","potentialAction":[{"@type":"ReadAction","target":["https:\/\/rosanacl.com\/politica-de-privacidad\/"]}]},{"@type":"BreadcrumbList","@id":"https:\/\/rosanacl.com\/politica-de-privacidad\/#breadcrumb","itemListElement":[{"@type":"ListItem","position":1,"name":"Portada","item":"https:\/\/rosanacl.com\/ca\/"},{"@type":"ListItem","position":2,"name":"Pol\u00edtica de Privacidad"}]},{"@type":"WebSite","@id":"https:\/\/rosanacl.com\/ca\/#website","url":"https:\/\/rosanacl.com\/ca\/","name":"Rosana CL","description":"Mi smo tvoje unutarnje ja","potentialAction":[{"@type":"SearchAction","target":{"@type":"EntryPoint","urlTemplate":"https:\/\/rosanacl.com\/ca\/?s={search_term_string}"},"query-input":{"@type":"PropertyValueSpecification","valueRequired":true,"valueName":"search_term_string"}}],"inLanguage":"hr"}]}},"_links":{"self":[{"href":"https:\/\/rosanacl.com\/hr\/wp-json\/wp\/v2\/pages\/31","targetHints":{"allow":["GET"]}}],"collection":[{"href":"https:\/\/rosanacl.com\/hr\/wp-json\/wp\/v2\/pages"}],"about":[{"href":"https:\/\/rosanacl.com\/hr\/wp-json\/wp\/v2\/types\/page"}],"author":[{"embeddable":true,"href":"https:\/\/rosanacl.com\/hr\/wp-json\/wp\/v2\/users\/1"}],"replies":[{"embeddable":true,"href":"https:\/\/rosanacl.com\/hr\/wp-json\/wp\/v2\/comments?post=31"}],"version-history":[{"count":0,"href":"https:\/\/rosanacl.com\/hr\/wp-json\/wp\/v2\/pages\/31\/revisions"}],"wp:attachment":[{"href":"https:\/\/rosanacl.com\/hr\/wp-json\/wp\/v2\/media?parent=31"}],"curies":[{"name":"wp","href":"https:\/\/api.w.org\/{rel}","templated":true}]}}