{"id":1368,"date":"2025-04-30T01:15:16","date_gmt":"2025-04-29T23:15:16","guid":{"rendered":"https:\/\/rosanacl.com\/?post_type=product&#038;p=1368"},"modified":"2026-01-07T19:22:38","modified_gmt":"2026-01-07T18:22:38","slug":"braga-faja-selene-901-soft","status":"publish","type":"product","link":"https:\/\/rosanacl.com\/hr\/proizvod\/braga-faja-selene-901-soft\/","title":{"rendered":"Selene 901 ga\u0107ice s mekim steznikom"},"content":{"rendered":"<p>Mekane ga\u0107ice za oblikovanje tijela Selene 901 su pravi &quot;spas&quot; odjevni predmet koji trenutno transformira va\u0161u figuru: zagla\u0111uju, podi\u017eu i definiraju uz blagi, udobni u\u010dinak kontrole. Njihov dizajn s visokim strukom poma\u017ee zagladiti podru\u010dje trbuha i stvoriti \u010di\u0161\u0107u siluetu, savr\u0161enu za svakodnevno no\u0161enje ili kada \u017eelite izgledati najbolje u pripijenijoj odje\u0107i.<\/p>\n<p>Nadalje, dizajniran je da bude diskretan: be\u0161avni i s laserski izrezanim le\u0111ima, posti\u017ee vrlo \u010distu zavr\u0161nu obradu tako da se ne\u0107e vidjeti ispod haljina, suknji ili hla\u010da. To je udobnost, oblik i diskrecija, sve u jednom odjevnom predmetu.<\/p>\n<p>Najbolja stvar kod Selene 901 mekih ga\u0107ica za oblikovanje tijela<\/p>\n<ul>\n<li>&quot;Meki&quot; efekt oblikovanja: nje\u017ena kontrola koja oblikuje bez prekomjernog zatezanja.<\/li>\n<li>Visoki struk: nabire se i oblikuje za ujedna\u010deniju siluetu.<\/li>\n<li>Be\u0161avne: gladak i udoban osje\u0107aj, idealne za no\u0161enje satima.<\/li>\n<li>Laserski rezani stra\u017enji dio: manje oznaka, nevidljivija zavr\u0161na obrada.<\/li>\n<li>Savr\u0161eno za usku odje\u0107u: izgleda sjajno ispod uske odje\u0107e.<\/li>\n<\/ul>\n<p>\ud83d\udde3\ufe0f Savjet: 901 Soft je savr\u0161eno oblikovanje tijela kada \u017eelite glatkiju, ujedna\u010deniju siluetu bez osje\u0107aja stezanja. Nosite ga posebno uz haljine, suknje ili uske hla\u010de: visoki struk podupire va\u0161 trbuh, a be\u0161avni zavr\u0161etak poma\u017ee u stvaranju \u010di\u0161\u0107eg izgleda.<\/p>\n<p>\ud83d\udccf Napomena: Prije kupnje razmislite o razini kontrole koja vam se svi\u0111a: ako \u017eelite da vam bude udobnije i laganije za no\u0161enje satima, odaberite svoju uobi\u010dajenu veli\u010dinu; ako ste izme\u0111u dvije veli\u010dine i tra\u017eite malo u\u017ei efekt, manja veli\u010dina \u0107e vam obi\u010dno bolje pristajati (uvijek bez ostavljanja tragova ili smetanja).<\/p>\n<p>Sastav: 63% Poliamid 37% Elastan<\/p>\n<p>\ud83c\udf3a Tvoj plan B da se osje\u0107a\u0161 10\/10 bez razmi\u0161ljanja dvaput.<\/p>\n<div id=\"v1ms-outlook-mobile-body-separator-line\" dir=\"auto\"><\/div>","protected":false},"excerpt":{"rendered":"<p>La Braga faja Selene 901 soft es la t\u00edpica prenda \u00absalvavidas\u00bb que te pones y de repente todo queda m\u00e1s bonito: alisa, recoge y define con un efecto control suave que no agobia. Su dise\u00f1o de cintura alta ayuda a asentar la zona del abdomen y a dejar una silueta m\u00e1s limpia, perfecta para el [&hellip;]<\/p>\n","protected":false},"featured_media":1405,"comment_status":"open","ping_status":"closed","template":"","meta":{"content-type":""},"product_brand":[55],"product_cat":[19,31],"product_tag":[69,68,70],"class_list":{"0":"post-1368","1":"product","2":"type-product","3":"status-publish","4":"has-post-thumbnail","6":"product_brand-selene","7":"product_cat-braga","8":"product_cat-faja","9":"product_tag-braga","10":"product_tag-braga-faja","11":"product_tag-faja","13":"first","14":"instock","15":"taxable","16":"shipping-taxable","17":"purchasable","18":"product-type-variable"},"supplier_id":null,"supplier_sku":"","barcode":null,"atum_controlled":true,"out_stock_date":null,"out_stock_threshold":null,"inheritable":true,"inbound_stock":0,"stock_on_hold":0,"sold_today":0,"sales_last_days":0,"reserved_stock":0,"customer_returns":0,"warehouse_damage":0,"lost_in_post":0,"other_logs":0,"out_stock_days":0,"lost_sales":0,"has_location":false,"update_date":"2026-01-07T18:22:39","atum_locations":[],"atum_stock_status":"instock","restock_status":false,"low_stock_amount":"","sales_update_date":"2025-10-03T04:56:27","calc_backorders":null,"yoast_head":"<!-- This site is optimized with the Yoast SEO plugin v27.4 - https:\/\/yoast.com\/product\/yoast-seo-wordpress\/ -->\n<title>Braga faja Selene 901 soft - Rosana CL<\/title>\n<meta name=\"robots\" content=\"index, follow, max-snippet:-1, max-image-preview:large, max-video-preview:-1\" \/>\n<link rel=\"canonical\" href=\"https:\/\/rosanacl.com\/hr\/proizvod\/braga-faja-selene-901-soft\/\" \/>\n<meta property=\"og:locale\" content=\"hr_HR\" \/>\n<meta property=\"og:type\" content=\"article\" \/>\n<meta property=\"og:title\" content=\"Braga faja Selene 901 soft - Rosana CL\" \/>\n<meta property=\"og:description\" content=\"La Braga faja Selene 901 soft es la t\u00edpica prenda \u00absalvavidas\u00bb que te pones y de repente todo queda m\u00e1s bonito: alisa, recoge y define con un efecto control suave que no agobia. Su dise\u00f1o de cintura alta ayuda a asentar la zona del abdomen y a dejar una silueta m\u00e1s limpia, perfecta para el [&hellip;]\" \/>\n<meta property=\"og:url\" content=\"https:\/\/rosanacl.com\/hr\/proizvod\/braga-faja-selene-901-soft\/\" \/>\n<meta property=\"og:site_name\" content=\"Rosana CL\" \/>\n<meta property=\"article:modified_time\" content=\"2026-01-07T18:22:38+00:00\" \/>\n<meta property=\"og:image\" content=\"https:\/\/rosanacl.com\/wp-content\/uploads\/2025\/04\/Braga-faja-Selene-modelo-901-soft_00001.webp\" \/>\n\t<meta property=\"og:image:width\" content=\"1000\" \/>\n\t<meta property=\"og:image:height\" content=\"1000\" \/>\n\t<meta property=\"og:image:type\" content=\"image\/webp\" \/>\n<meta name=\"twitter:card\" content=\"summary_large_image\" \/>\n<meta name=\"twitter:label1\" content=\"Procijenjeno vrijeme \u010ditanja\" \/>\n\t<meta name=\"twitter:data1\" content=\"2 minute\" \/>\n<script type=\"application\/ld+json\" class=\"yoast-schema-graph\">{\"@context\":\"https:\\\/\\\/schema.org\",\"@graph\":[{\"@type\":\"WebPage\",\"@id\":\"https:\\\/\\\/rosanacl.com\\\/producto\\\/braga-faja-selene-901-soft\\\/\",\"url\":\"https:\\\/\\\/rosanacl.com\\\/producto\\\/braga-faja-selene-901-soft\\\/\",\"name\":\"Braga faja Selene 901 soft - Rosana CL\",\"isPartOf\":{\"@id\":\"https:\\\/\\\/rosanacl.com\\\/ca\\\/#website\"},\"primaryImageOfPage\":{\"@id\":\"https:\\\/\\\/rosanacl.com\\\/producto\\\/braga-faja-selene-901-soft\\\/#primaryimage\"},\"image\":{\"@id\":\"https:\\\/\\\/rosanacl.com\\\/producto\\\/braga-faja-selene-901-soft\\\/#primaryimage\"},\"thumbnailUrl\":\"https:\\\/\\\/rosanacl.com\\\/wp-content\\\/uploads\\\/2025\\\/04\\\/Braga-faja-Selene-modelo-901-soft_00001.webp\",\"datePublished\":\"2025-04-29T23:15:16+00:00\",\"dateModified\":\"2026-01-07T18:22:38+00:00\",\"breadcrumb\":{\"@id\":\"https:\\\/\\\/rosanacl.com\\\/producto\\\/braga-faja-selene-901-soft\\\/#breadcrumb\"},\"inLanguage\":\"hr\",\"potentialAction\":[{\"@type\":\"ReadAction\",\"target\":[\"https:\\\/\\\/rosanacl.com\\\/producto\\\/braga-faja-selene-901-soft\\\/\"]}]},{\"@type\":\"ImageObject\",\"inLanguage\":\"hr\",\"@id\":\"https:\\\/\\\/rosanacl.com\\\/producto\\\/braga-faja-selene-901-soft\\\/#primaryimage\",\"url\":\"https:\\\/\\\/rosanacl.com\\\/wp-content\\\/uploads\\\/2025\\\/04\\\/Braga-faja-Selene-modelo-901-soft_00001.webp\",\"contentUrl\":\"https:\\\/\\\/rosanacl.com\\\/wp-content\\\/uploads\\\/2025\\\/04\\\/Braga-faja-Selene-modelo-901-soft_00001.webp\",\"width\":1000,\"height\":1000},{\"@type\":\"BreadcrumbList\",\"@id\":\"https:\\\/\\\/rosanacl.com\\\/producto\\\/braga-faja-selene-901-soft\\\/#breadcrumb\",\"itemListElement\":[{\"@type\":\"ListItem\",\"position\":1,\"name\":\"Portada\",\"item\":\"https:\\\/\\\/rosanacl.com\\\/ca\\\/\"},{\"@type\":\"ListItem\",\"position\":2,\"name\":\"Tienda\",\"item\":\"https:\\\/\\\/rosanacl.com\\\/ca\\\/tienda\\\/\"},{\"@type\":\"ListItem\",\"position\":3,\"name\":\"Braga faja Selene 901 soft\"}]},{\"@type\":\"WebSite\",\"@id\":\"https:\\\/\\\/rosanacl.com\\\/ca\\\/#website\",\"url\":\"https:\\\/\\\/rosanacl.com\\\/ca\\\/\",\"name\":\"Rosana CL\",\"description\":\"Somos tu interior\",\"potentialAction\":[{\"@type\":\"SearchAction\",\"target\":{\"@type\":\"EntryPoint\",\"urlTemplate\":\"https:\\\/\\\/rosanacl.com\\\/ca\\\/?s={search_term_string}\"},\"query-input\":{\"@type\":\"PropertyValueSpecification\",\"valueRequired\":true,\"valueName\":\"search_term_string\"}}],\"inLanguage\":\"hr\"}]}<\/script>\n<!-- \/ Yoast SEO plugin. -->","yoast_head_json":{"title":"Braga faja Selene 901 soft - Rosana CL","robots":{"index":"index","follow":"follow","max-snippet":"max-snippet:-1","max-image-preview":"max-image-preview:large","max-video-preview":"max-video-preview:-1"},"canonical":"https:\/\/rosanacl.com\/hr\/proizvod\/braga-faja-selene-901-soft\/","og_locale":"hr_HR","og_type":"article","og_title":"Braga faja Selene 901 soft - Rosana CL","og_description":"La Braga faja Selene 901 soft es la t\u00edpica prenda \u00absalvavidas\u00bb que te pones y de repente todo queda m\u00e1s bonito: alisa, recoge y define con un efecto control suave que no agobia. Su dise\u00f1o de cintura alta ayuda a asentar la zona del abdomen y a dejar una silueta m\u00e1s limpia, perfecta para el [&hellip;]","og_url":"https:\/\/rosanacl.com\/hr\/proizvod\/braga-faja-selene-901-soft\/","og_site_name":"Rosana CL","article_modified_time":"2026-01-07T18:22:38+00:00","og_image":[{"width":1000,"height":1000,"url":"https:\/\/rosanacl.com\/wp-content\/uploads\/2025\/04\/Braga-faja-Selene-modelo-901-soft_00001.webp","type":"image\/webp"}],"twitter_card":"summary_large_image","twitter_misc":{"Procijenjeno vrijeme \u010ditanja":"2 minute"},"schema":{"@context":"https:\/\/schema.org","@graph":[{"@type":"WebPage","@id":"https:\/\/rosanacl.com\/producto\/braga-faja-selene-901-soft\/","url":"https:\/\/rosanacl.com\/producto\/braga-faja-selene-901-soft\/","name":"Braga faja Selene 901 soft - Rosana CL","isPartOf":{"@id":"https:\/\/rosanacl.com\/ca\/#website"},"primaryImageOfPage":{"@id":"https:\/\/rosanacl.com\/producto\/braga-faja-selene-901-soft\/#primaryimage"},"image":{"@id":"https:\/\/rosanacl.com\/producto\/braga-faja-selene-901-soft\/#primaryimage"},"thumbnailUrl":"https:\/\/rosanacl.com\/wp-content\/uploads\/2025\/04\/Braga-faja-Selene-modelo-901-soft_00001.webp","datePublished":"2025-04-29T23:15:16+00:00","dateModified":"2026-01-07T18:22:38+00:00","breadcrumb":{"@id":"https:\/\/rosanacl.com\/producto\/braga-faja-selene-901-soft\/#breadcrumb"},"inLanguage":"hr","potentialAction":[{"@type":"ReadAction","target":["https:\/\/rosanacl.com\/producto\/braga-faja-selene-901-soft\/"]}]},{"@type":"ImageObject","inLanguage":"hr","@id":"https:\/\/rosanacl.com\/producto\/braga-faja-selene-901-soft\/#primaryimage","url":"https:\/\/rosanacl.com\/wp-content\/uploads\/2025\/04\/Braga-faja-Selene-modelo-901-soft_00001.webp","contentUrl":"https:\/\/rosanacl.com\/wp-content\/uploads\/2025\/04\/Braga-faja-Selene-modelo-901-soft_00001.webp","width":1000,"height":1000},{"@type":"BreadcrumbList","@id":"https:\/\/rosanacl.com\/producto\/braga-faja-selene-901-soft\/#breadcrumb","itemListElement":[{"@type":"ListItem","position":1,"name":"Portada","item":"https:\/\/rosanacl.com\/ca\/"},{"@type":"ListItem","position":2,"name":"Tienda","item":"https:\/\/rosanacl.com\/ca\/tienda\/"},{"@type":"ListItem","position":3,"name":"Braga faja Selene 901 soft"}]},{"@type":"WebSite","@id":"https:\/\/rosanacl.com\/ca\/#website","url":"https:\/\/rosanacl.com\/ca\/","name":"Rosana CL","description":"Mi smo tvoje unutarnje ja","potentialAction":[{"@type":"SearchAction","target":{"@type":"EntryPoint","urlTemplate":"https:\/\/rosanacl.com\/ca\/?s={search_term_string}"},"query-input":{"@type":"PropertyValueSpecification","valueRequired":true,"valueName":"search_term_string"}}],"inLanguage":"hr"}]}},"_links":{"self":[{"href":"https:\/\/rosanacl.com\/hr\/wp-json\/wp\/v2\/product\/1368","targetHints":{"allow":["GET"]}}],"collection":[{"href":"https:\/\/rosanacl.com\/hr\/wp-json\/wp\/v2\/product"}],"about":[{"href":"https:\/\/rosanacl.com\/hr\/wp-json\/wp\/v2\/types\/product"}],"replies":[{"embeddable":true,"href":"https:\/\/rosanacl.com\/hr\/wp-json\/wp\/v2\/comments?post=1368"}],"version-history":[{"count":5,"href":"https:\/\/rosanacl.com\/hr\/wp-json\/wp\/v2\/product\/1368\/revisions"}],"predecessor-version":[{"id":4603,"href":"https:\/\/rosanacl.com\/hr\/wp-json\/wp\/v2\/product\/1368\/revisions\/4603"}],"wp:featuredmedia":[{"embeddable":true,"href":"https:\/\/rosanacl.com\/hr\/wp-json\/wp\/v2\/media\/1405"}],"wp:attachment":[{"href":"https:\/\/rosanacl.com\/hr\/wp-json\/wp\/v2\/media?parent=1368"}],"wp:term":[{"taxonomy":"product_brand","embeddable":true,"href":"https:\/\/rosanacl.com\/hr\/wp-json\/wp\/v2\/product_brand?post=1368"},{"taxonomy":"product_cat","embeddable":true,"href":"https:\/\/rosanacl.com\/hr\/wp-json\/wp\/v2\/product_cat?post=1368"},{"taxonomy":"product_tag","embeddable":true,"href":"https:\/\/rosanacl.com\/hr\/wp-json\/wp\/v2\/product_tag?post=1368"}],"curies":[{"name":"wp","href":"https:\/\/api.w.org\/{rel}","templated":true}]}}