{"id":2027,"date":"2025-05-23T09:53:07","date_gmt":"2025-05-23T07:53:07","guid":{"rendered":"https:\/\/rosanacl.com\/?post_type=product&#038;p=2027"},"modified":"2026-01-07T19:18:29","modified_gmt":"2026-01-07T18:18:29","slug":"braga-selene-modelo-mariluz","status":"publish","type":"product","link":"https:\/\/rosanacl.com\/hr\/proizvod\/braga-selene-modelo-mariluz\/","title":{"rendered":"Braga Selene Mariluz"},"content":{"rendered":"<p>Mariluz ga\u0107ice marke Selene su visokog struka dizajnirane za one koji tra\u017ee udobnu potporu i elegantan zavr\u0161etak. Njihova prugasta tkanina vizualno vitkije izgleda i dodaje sofisticirani dodir, idealne za svakodnevno no\u0161enje u potpunoj udobnosti.<\/p>\n<p>\u0160to \u0107e ti se svidjeti<\/p>\n<ul>\n<li>Visoki struk: pru\u017ea potporu bez stezanja i poma\u017ee da odjevni predmet dobro pristaje.<\/li>\n<li>Prugasti dizajn tkanine: profinjeniji i laskaviji izgled.<\/li>\n<li>Udobnost za svakodnevnu upotrebu: dizajnirana da vas prati satima.<\/li>\n<li>Savr\u0161en set: Odli\u010dno se sla\u017ee s grudnjakom Selene Mariluz za uskla\u0111en izgled.<\/li>\n<\/ul>\n<p>Savjet za odabir veli\u010dine: Ako nosite izme\u0111u dvije veli\u010dine i \u017eelite da vam donje rublje pripijenije pristaje, odaberite manju veli\u010dinu; ako \u017eelite ve\u0107u udobnost, odaberite ve\u0107u veli\u010dinu.<\/p>\n<p>\ud83d\udde3\ufe0f Savjet: Mariluz je idealan ako volite osje\u0107ati da vam je struk dobro pozicioniran i s tim efektom &quot;dobro mi stoji&quot;, a da nije previ\u0161e uski: pruge stvaraju elegantniji izgled, a ga\u0107ice su dovoljno stabilne da se mogu nositi satima, posebno uz uske ili svakodnevne outfite.<\/p>\n<p>\ud83d\udccf Napomena: Kako biste prvi put pogodili, razmislite o tome kako vam se svi\u0111a visoki struk: ako \u017eelite da bude mekan i udoban oko struka (bez osje\u0107aja pritiska), va\u0161a uobi\u010dajena veli\u010dina ili ve\u0107a ako ste izme\u0111u veli\u010dina je obi\u010dno najbolja; ako volite skupljeniji i \u010dvr\u0161\u0107i efekt, manja veli\u010dina je obi\u010dno laskavija.<\/p>\n<p>Sastav: 71% poliamid, 18% elastan, 11% poliester.<\/p>\n<p>\u2728 Upotpunite svoj izgled Mariluz setom i osje\u0107ajte se ugodno i polaskano cijeli dan.<\/p>\n<div id=\"v1ms-outlook-mobile-body-separator-line\" dir=\"auto\"><\/div>\n<p>&nbsp;<\/p>\n<p>&nbsp;<\/p>\n<p>&nbsp;<\/p>\n<p>&nbsp;<\/p>\n<p>&nbsp;<\/p>\n<p>&nbsp;<\/p>\n<p>&nbsp;<\/p>","protected":false},"excerpt":{"rendered":"<p>La braga Mariluz de Selene es una braga alta pensada para quienes buscan sujeci\u00f3n c\u00f3moda y un acabado elegante. Su tejido con efecto franjas estiliza visualmente y aporta un toque sofisticado, ideal para llevar a diario con total confort. Lo que te va a gustar Cintura alta: sujeta sin oprimir y ayuda a que la [&hellip;]<\/p>\n","protected":false},"featured_media":2135,"comment_status":"open","ping_status":"closed","template":"","meta":{"content-type":""},"product_brand":[55],"product_cat":[19],"product_tag":[69],"class_list":{"0":"post-2027","1":"product","2":"type-product","3":"status-publish","4":"has-post-thumbnail","6":"product_brand-selene","7":"product_cat-braga","8":"product_tag-braga","10":"first","11":"instock","12":"taxable","13":"shipping-taxable","14":"purchasable","15":"product-type-variable"},"supplier_id":null,"supplier_sku":"","barcode":null,"atum_controlled":true,"out_stock_date":null,"out_stock_threshold":null,"inheritable":true,"inbound_stock":0,"stock_on_hold":0,"sold_today":0,"sales_last_days":0,"reserved_stock":0,"customer_returns":0,"warehouse_damage":0,"lost_in_post":0,"other_logs":0,"out_stock_days":0,"lost_sales":0,"has_location":false,"update_date":"2026-01-07T18:18:30","atum_locations":[],"atum_stock_status":"instock","restock_status":false,"low_stock_amount":"","sales_update_date":"2025-10-03T04:56:26","calc_backorders":null,"yoast_head":"<!-- This site is optimized with the Yoast SEO plugin v27.4 - https:\/\/yoast.com\/product\/yoast-seo-wordpress\/ -->\n<title>Braga Selene Mariluz - Rosana CL<\/title>\n<meta name=\"robots\" content=\"index, follow, max-snippet:-1, max-image-preview:large, max-video-preview:-1\" \/>\n<link rel=\"canonical\" href=\"https:\/\/rosanacl.com\/hr\/proizvod\/braga-selene-modelo-mariluz\/\" \/>\n<meta property=\"og:locale\" content=\"hr_HR\" \/>\n<meta property=\"og:type\" content=\"article\" \/>\n<meta property=\"og:title\" content=\"Braga Selene Mariluz - Rosana CL\" \/>\n<meta property=\"og:description\" content=\"La braga Mariluz de Selene es una braga alta pensada para quienes buscan sujeci\u00f3n c\u00f3moda y un acabado elegante. Su tejido con efecto franjas estiliza visualmente y aporta un toque sofisticado, ideal para llevar a diario con total confort. Lo que te va a gustar Cintura alta: sujeta sin oprimir y ayuda a que la [&hellip;]\" \/>\n<meta property=\"og:url\" content=\"https:\/\/rosanacl.com\/hr\/proizvod\/braga-selene-modelo-mariluz\/\" \/>\n<meta property=\"og:site_name\" content=\"Rosana CL\" \/>\n<meta property=\"article:modified_time\" content=\"2026-01-07T18:18:29+00:00\" \/>\n<meta property=\"og:image\" content=\"https:\/\/rosanacl.com\/wp-content\/uploads\/2025\/05\/1.jpg\" \/>\n\t<meta property=\"og:image:width\" content=\"1105\" \/>\n\t<meta property=\"og:image:height\" content=\"1333\" \/>\n\t<meta property=\"og:image:type\" content=\"image\/jpeg\" \/>\n<meta name=\"twitter:card\" content=\"summary_large_image\" \/>\n<meta name=\"twitter:label1\" content=\"Procijenjeno vrijeme \u010ditanja\" \/>\n\t<meta name=\"twitter:data1\" content=\"2 minute\" \/>\n<script type=\"application\/ld+json\" class=\"yoast-schema-graph\">{\"@context\":\"https:\\\/\\\/schema.org\",\"@graph\":[{\"@type\":\"WebPage\",\"@id\":\"https:\\\/\\\/rosanacl.com\\\/producto\\\/braga-selene-modelo-mariluz\\\/\",\"url\":\"https:\\\/\\\/rosanacl.com\\\/producto\\\/braga-selene-modelo-mariluz\\\/\",\"name\":\"Braga Selene Mariluz - Rosana CL\",\"isPartOf\":{\"@id\":\"https:\\\/\\\/rosanacl.com\\\/ca\\\/#website\"},\"primaryImageOfPage\":{\"@id\":\"https:\\\/\\\/rosanacl.com\\\/producto\\\/braga-selene-modelo-mariluz\\\/#primaryimage\"},\"image\":{\"@id\":\"https:\\\/\\\/rosanacl.com\\\/producto\\\/braga-selene-modelo-mariluz\\\/#primaryimage\"},\"thumbnailUrl\":\"https:\\\/\\\/rosanacl.com\\\/wp-content\\\/uploads\\\/2025\\\/05\\\/1.jpg\",\"datePublished\":\"2025-05-23T07:53:07+00:00\",\"dateModified\":\"2026-01-07T18:18:29+00:00\",\"breadcrumb\":{\"@id\":\"https:\\\/\\\/rosanacl.com\\\/producto\\\/braga-selene-modelo-mariluz\\\/#breadcrumb\"},\"inLanguage\":\"hr\",\"potentialAction\":[{\"@type\":\"ReadAction\",\"target\":[\"https:\\\/\\\/rosanacl.com\\\/producto\\\/braga-selene-modelo-mariluz\\\/\"]}]},{\"@type\":\"ImageObject\",\"inLanguage\":\"hr\",\"@id\":\"https:\\\/\\\/rosanacl.com\\\/producto\\\/braga-selene-modelo-mariluz\\\/#primaryimage\",\"url\":\"https:\\\/\\\/rosanacl.com\\\/wp-content\\\/uploads\\\/2025\\\/05\\\/1.jpg\",\"contentUrl\":\"https:\\\/\\\/rosanacl.com\\\/wp-content\\\/uploads\\\/2025\\\/05\\\/1.jpg\",\"width\":1105,\"height\":1333},{\"@type\":\"BreadcrumbList\",\"@id\":\"https:\\\/\\\/rosanacl.com\\\/producto\\\/braga-selene-modelo-mariluz\\\/#breadcrumb\",\"itemListElement\":[{\"@type\":\"ListItem\",\"position\":1,\"name\":\"Portada\",\"item\":\"https:\\\/\\\/rosanacl.com\\\/ca\\\/\"},{\"@type\":\"ListItem\",\"position\":2,\"name\":\"Tienda\",\"item\":\"https:\\\/\\\/rosanacl.com\\\/ca\\\/tienda\\\/\"},{\"@type\":\"ListItem\",\"position\":3,\"name\":\"Braga Selene Mariluz\"}]},{\"@type\":\"WebSite\",\"@id\":\"https:\\\/\\\/rosanacl.com\\\/ca\\\/#website\",\"url\":\"https:\\\/\\\/rosanacl.com\\\/ca\\\/\",\"name\":\"Rosana CL\",\"description\":\"Somos tu interior\",\"potentialAction\":[{\"@type\":\"SearchAction\",\"target\":{\"@type\":\"EntryPoint\",\"urlTemplate\":\"https:\\\/\\\/rosanacl.com\\\/ca\\\/?s={search_term_string}\"},\"query-input\":{\"@type\":\"PropertyValueSpecification\",\"valueRequired\":true,\"valueName\":\"search_term_string\"}}],\"inLanguage\":\"hr\"}]}<\/script>\n<!-- \/ Yoast SEO plugin. -->","yoast_head_json":{"title":"Braga Selene Mariluz - Rosana CL","robots":{"index":"index","follow":"follow","max-snippet":"max-snippet:-1","max-image-preview":"max-image-preview:large","max-video-preview":"max-video-preview:-1"},"canonical":"https:\/\/rosanacl.com\/hr\/proizvod\/braga-selene-modelo-mariluz\/","og_locale":"hr_HR","og_type":"article","og_title":"Braga Selene Mariluz - Rosana CL","og_description":"La braga Mariluz de Selene es una braga alta pensada para quienes buscan sujeci\u00f3n c\u00f3moda y un acabado elegante. Su tejido con efecto franjas estiliza visualmente y aporta un toque sofisticado, ideal para llevar a diario con total confort. Lo que te va a gustar Cintura alta: sujeta sin oprimir y ayuda a que la [&hellip;]","og_url":"https:\/\/rosanacl.com\/hr\/proizvod\/braga-selene-modelo-mariluz\/","og_site_name":"Rosana CL","article_modified_time":"2026-01-07T18:18:29+00:00","og_image":[{"width":1105,"height":1333,"url":"https:\/\/rosanacl.com\/wp-content\/uploads\/2025\/05\/1.jpg","type":"image\/jpeg"}],"twitter_card":"summary_large_image","twitter_misc":{"Procijenjeno vrijeme \u010ditanja":"2 minute"},"schema":{"@context":"https:\/\/schema.org","@graph":[{"@type":"WebPage","@id":"https:\/\/rosanacl.com\/producto\/braga-selene-modelo-mariluz\/","url":"https:\/\/rosanacl.com\/producto\/braga-selene-modelo-mariluz\/","name":"Braga Selene Mariluz - Rosana CL","isPartOf":{"@id":"https:\/\/rosanacl.com\/ca\/#website"},"primaryImageOfPage":{"@id":"https:\/\/rosanacl.com\/producto\/braga-selene-modelo-mariluz\/#primaryimage"},"image":{"@id":"https:\/\/rosanacl.com\/producto\/braga-selene-modelo-mariluz\/#primaryimage"},"thumbnailUrl":"https:\/\/rosanacl.com\/wp-content\/uploads\/2025\/05\/1.jpg","datePublished":"2025-05-23T07:53:07+00:00","dateModified":"2026-01-07T18:18:29+00:00","breadcrumb":{"@id":"https:\/\/rosanacl.com\/producto\/braga-selene-modelo-mariluz\/#breadcrumb"},"inLanguage":"hr","potentialAction":[{"@type":"ReadAction","target":["https:\/\/rosanacl.com\/producto\/braga-selene-modelo-mariluz\/"]}]},{"@type":"ImageObject","inLanguage":"hr","@id":"https:\/\/rosanacl.com\/producto\/braga-selene-modelo-mariluz\/#primaryimage","url":"https:\/\/rosanacl.com\/wp-content\/uploads\/2025\/05\/1.jpg","contentUrl":"https:\/\/rosanacl.com\/wp-content\/uploads\/2025\/05\/1.jpg","width":1105,"height":1333},{"@type":"BreadcrumbList","@id":"https:\/\/rosanacl.com\/producto\/braga-selene-modelo-mariluz\/#breadcrumb","itemListElement":[{"@type":"ListItem","position":1,"name":"Portada","item":"https:\/\/rosanacl.com\/ca\/"},{"@type":"ListItem","position":2,"name":"Tienda","item":"https:\/\/rosanacl.com\/ca\/tienda\/"},{"@type":"ListItem","position":3,"name":"Braga Selene Mariluz"}]},{"@type":"WebSite","@id":"https:\/\/rosanacl.com\/ca\/#website","url":"https:\/\/rosanacl.com\/ca\/","name":"Rosana CL","description":"Mi smo tvoje unutarnje ja","potentialAction":[{"@type":"SearchAction","target":{"@type":"EntryPoint","urlTemplate":"https:\/\/rosanacl.com\/ca\/?s={search_term_string}"},"query-input":{"@type":"PropertyValueSpecification","valueRequired":true,"valueName":"search_term_string"}}],"inLanguage":"hr"}]}},"_links":{"self":[{"href":"https:\/\/rosanacl.com\/hr\/wp-json\/wp\/v2\/product\/2027","targetHints":{"allow":["GET"]}}],"collection":[{"href":"https:\/\/rosanacl.com\/hr\/wp-json\/wp\/v2\/product"}],"about":[{"href":"https:\/\/rosanacl.com\/hr\/wp-json\/wp\/v2\/types\/product"}],"replies":[{"embeddable":true,"href":"https:\/\/rosanacl.com\/hr\/wp-json\/wp\/v2\/comments?post=2027"}],"version-history":[{"count":5,"href":"https:\/\/rosanacl.com\/hr\/wp-json\/wp\/v2\/product\/2027\/revisions"}],"predecessor-version":[{"id":4602,"href":"https:\/\/rosanacl.com\/hr\/wp-json\/wp\/v2\/product\/2027\/revisions\/4602"}],"wp:featuredmedia":[{"embeddable":true,"href":"https:\/\/rosanacl.com\/hr\/wp-json\/wp\/v2\/media\/2135"}],"wp:attachment":[{"href":"https:\/\/rosanacl.com\/hr\/wp-json\/wp\/v2\/media?parent=2027"}],"wp:term":[{"taxonomy":"product_brand","embeddable":true,"href":"https:\/\/rosanacl.com\/hr\/wp-json\/wp\/v2\/product_brand?post=2027"},{"taxonomy":"product_cat","embeddable":true,"href":"https:\/\/rosanacl.com\/hr\/wp-json\/wp\/v2\/product_cat?post=2027"},{"taxonomy":"product_tag","embeddable":true,"href":"https:\/\/rosanacl.com\/hr\/wp-json\/wp\/v2\/product_tag?post=2027"}],"curies":[{"name":"wp","href":"https:\/\/api.w.org\/{rel}","templated":true}]}}