{"id":353,"date":"2025-04-29T14:25:52","date_gmt":"2025-04-29T12:25:52","guid":{"rendered":"https:\/\/rosanacl.com\/?post_type=product&#038;p=353"},"modified":"2026-01-07T22:01:53","modified_gmt":"2026-01-07T21:01:53","slug":"sujetador-modelo-zafiro","status":"publish","type":"product","link":"https:\/\/rosanacl.com\/hr\/proizvod\/sujetador-modelo-zafiro\/","title":{"rendered":"Selene safirni grudnjak"},"content":{"rendered":"<p>Postoje odjevni predmeti koji ne proizvode zvuk... ali mijenjaju va\u0161 dan. Zafiro je dizajniran za one koji \u017eele izgledati besprijekorno bez napora: potporne \u017eice, mekana mikrovlakna i \u010dista zavr\u0161na obrada koja se besprijekorno stapa s odje\u0107om kao da je dio vas.<\/p>\n<p>Njegov poseban dodir le\u017ei u ravnote\u017ei: \u010dvrsto\u0107e i lako\u0107e, s vanjskim slojem tila koji dodaje elegantan, suptilan i \u017eenstven dodir. Idealan ako tra\u017eite grudnjak za svaki dan... s butik osje\u0107ajem.<\/p>\n<p>Detalji koji se isti\u010du<\/p>\n<ul>\n<li>Obru\u010di koji skupljaju i pobolj\u0161avaju bez pretjerivanja.<\/li>\n<li>Mekana i elasti\u010dna mikrofibra, osje\u0107aj &quot;druge ko\u017ee&quot;\u00ab<\/li>\n<li>Nje\u017eni vanjski til, za finiji i elegantniji efekt.<\/li>\n<li>\u010cvrsta i stabilna podr\u0161ka tijekom cijelog dana.<\/li>\n<li>Diskretna zavr\u0161na obrada ispod majica kratkih rukava i uske odje\u0107e.<\/li>\n<\/ul>\n<p>\ud83d\udde3\ufe0f Savjet: Ako tra\u017eite onaj efekt &quot;sve izgleda \u010di\u0161\u0107e&quot; bez osje\u0107aja glomaznosti, Zafiro je idealan: dr\u017ei i podupire, ostavlja siluetu ugla\u0111enijom, a til joj daje taj nje\u017ean dodir koji primje\u0107ujete tek kad se pogledate u ogledalo.<\/p>\n<p>\ud83d\udccf Napomena: Kako biste odmah pogodili, odaberite veli\u010dinu na temelju osje\u0107aja koji vam odgovara: ako volite usko prianjanje i potporu, dajte prednost veli\u010dini remena; ako preferirate mek\u0161i kroj, dajte prednost veli\u010dini grudi. A ako ste izme\u0111u dvije veli\u010dine, odaberite onu koja vam omogu\u0107uje udobno disanje bez pomicanja remena.<\/p>\n<p>Sastav: poliamid 82%, elastan 18%.<\/p>\n<p>\ud83e\udd8b Za one kada \u017eeli\u0161 izgledati dobro bez razmi\u0161ljanja o tome.<\/p>","protected":false},"excerpt":{"rendered":"<p>Hay prendas que no hacen ruido&#8230; pero cambian el d\u00eda. Zafiro est\u00e1 pensado para cuando quieres verte impecable sin esforzarte: aros que sujetan, microfibra suave y un acabado limpio que se integra bajo la ropa como si fuera parte de ti. Su toque especial est\u00e1 en el equilibrio: firmeza y ligereza, con una capa exterior [&hellip;]<\/p>\n","protected":false},"featured_media":1474,"comment_status":"open","ping_status":"closed","template":"","meta":{"content-type":""},"product_brand":[55],"product_cat":[80,24,20],"product_tag":[57,56],"class_list":{"0":"post-353","1":"product","2":"type-product","3":"status-publish","4":"has-post-thumbnail","6":"product_brand-selene","7":"product_cat-con-aros-sin-relleno","8":"product_cat-sin-relleno","9":"product_cat-sujetador","10":"product_tag-sin-relleno","11":"product_tag-sujetador","13":"first","14":"instock","15":"taxable","16":"shipping-taxable","17":"purchasable","18":"product-type-variable"},"supplier_id":null,"supplier_sku":"","barcode":null,"atum_controlled":true,"out_stock_date":null,"out_stock_threshold":null,"inheritable":true,"inbound_stock":0,"stock_on_hold":0,"sold_today":0,"sales_last_days":0,"reserved_stock":0,"customer_returns":0,"warehouse_damage":0,"lost_in_post":0,"other_logs":0,"out_stock_days":0,"lost_sales":0,"has_location":false,"update_date":"2026-01-07T21:01:54","atum_locations":[],"atum_stock_status":"instock","restock_status":false,"low_stock_amount":"","sales_update_date":"2025-10-03T04:57:16","calc_backorders":null,"yoast_head":"<!-- This site is optimized with the Yoast SEO plugin v27.4 - https:\/\/yoast.com\/product\/yoast-seo-wordpress\/ -->\n<title>Sujetador Selene Zafiro - Rosana CL<\/title>\n<meta name=\"robots\" content=\"index, follow, max-snippet:-1, max-image-preview:large, max-video-preview:-1\" \/>\n<link rel=\"canonical\" href=\"https:\/\/rosanacl.com\/hr\/proizvod\/sujetador-modelo-zafiro\/\" \/>\n<meta property=\"og:locale\" content=\"hr_HR\" \/>\n<meta property=\"og:type\" content=\"article\" \/>\n<meta property=\"og:title\" content=\"Sujetador Selene Zafiro - Rosana CL\" \/>\n<meta property=\"og:description\" content=\"Hay prendas que no hacen ruido&#8230; pero cambian el d\u00eda. Zafiro est\u00e1 pensado para cuando quieres verte impecable sin esforzarte: aros que sujetan, microfibra suave y un acabado limpio que se integra bajo la ropa como si fuera parte de ti. Su toque especial est\u00e1 en el equilibrio: firmeza y ligereza, con una capa exterior [&hellip;]\" \/>\n<meta property=\"og:url\" content=\"https:\/\/rosanacl.com\/hr\/proizvod\/sujetador-modelo-zafiro\/\" \/>\n<meta property=\"og:site_name\" content=\"Rosana CL\" \/>\n<meta property=\"article:modified_time\" content=\"2026-01-07T21:01:53+00:00\" \/>\n<meta property=\"og:image\" content=\"https:\/\/rosanacl.com\/wp-content\/uploads\/2025\/04\/Sujetador-modelo-Zafiro-000001.webp\" \/>\n\t<meta property=\"og:image:width\" content=\"1000\" \/>\n\t<meta property=\"og:image:height\" content=\"1000\" \/>\n\t<meta property=\"og:image:type\" content=\"image\/webp\" \/>\n<meta name=\"twitter:card\" content=\"summary_large_image\" \/>\n<meta name=\"twitter:label1\" content=\"Procijenjeno vrijeme \u010ditanja\" \/>\n\t<meta name=\"twitter:data1\" content=\"2 minute\" \/>\n<script type=\"application\/ld+json\" class=\"yoast-schema-graph\">{\"@context\":\"https:\\\/\\\/schema.org\",\"@graph\":[{\"@type\":\"WebPage\",\"@id\":\"https:\\\/\\\/rosanacl.com\\\/producto\\\/sujetador-modelo-zafiro\\\/\",\"url\":\"https:\\\/\\\/rosanacl.com\\\/producto\\\/sujetador-modelo-zafiro\\\/\",\"name\":\"Sujetador Selene Zafiro - Rosana CL\",\"isPartOf\":{\"@id\":\"https:\\\/\\\/rosanacl.com\\\/ca\\\/#website\"},\"primaryImageOfPage\":{\"@id\":\"https:\\\/\\\/rosanacl.com\\\/producto\\\/sujetador-modelo-zafiro\\\/#primaryimage\"},\"image\":{\"@id\":\"https:\\\/\\\/rosanacl.com\\\/producto\\\/sujetador-modelo-zafiro\\\/#primaryimage\"},\"thumbnailUrl\":\"https:\\\/\\\/rosanacl.com\\\/wp-content\\\/uploads\\\/2025\\\/04\\\/Sujetador-modelo-Zafiro-000001.webp\",\"datePublished\":\"2025-04-29T12:25:52+00:00\",\"dateModified\":\"2026-01-07T21:01:53+00:00\",\"breadcrumb\":{\"@id\":\"https:\\\/\\\/rosanacl.com\\\/producto\\\/sujetador-modelo-zafiro\\\/#breadcrumb\"},\"inLanguage\":\"hr\",\"potentialAction\":[{\"@type\":\"ReadAction\",\"target\":[\"https:\\\/\\\/rosanacl.com\\\/producto\\\/sujetador-modelo-zafiro\\\/\"]}]},{\"@type\":\"ImageObject\",\"inLanguage\":\"hr\",\"@id\":\"https:\\\/\\\/rosanacl.com\\\/producto\\\/sujetador-modelo-zafiro\\\/#primaryimage\",\"url\":\"https:\\\/\\\/rosanacl.com\\\/wp-content\\\/uploads\\\/2025\\\/04\\\/Sujetador-modelo-Zafiro-000001.webp\",\"contentUrl\":\"https:\\\/\\\/rosanacl.com\\\/wp-content\\\/uploads\\\/2025\\\/04\\\/Sujetador-modelo-Zafiro-000001.webp\",\"width\":1000,\"height\":1000},{\"@type\":\"BreadcrumbList\",\"@id\":\"https:\\\/\\\/rosanacl.com\\\/producto\\\/sujetador-modelo-zafiro\\\/#breadcrumb\",\"itemListElement\":[{\"@type\":\"ListItem\",\"position\":1,\"name\":\"Portada\",\"item\":\"https:\\\/\\\/rosanacl.com\\\/ca\\\/\"},{\"@type\":\"ListItem\",\"position\":2,\"name\":\"Tienda\",\"item\":\"https:\\\/\\\/rosanacl.com\\\/ca\\\/tienda\\\/\"},{\"@type\":\"ListItem\",\"position\":3,\"name\":\"Sujetador Selene Zafiro\"}]},{\"@type\":\"WebSite\",\"@id\":\"https:\\\/\\\/rosanacl.com\\\/ca\\\/#website\",\"url\":\"https:\\\/\\\/rosanacl.com\\\/ca\\\/\",\"name\":\"Rosana CL\",\"description\":\"Somos tu interior\",\"potentialAction\":[{\"@type\":\"SearchAction\",\"target\":{\"@type\":\"EntryPoint\",\"urlTemplate\":\"https:\\\/\\\/rosanacl.com\\\/ca\\\/?s={search_term_string}\"},\"query-input\":{\"@type\":\"PropertyValueSpecification\",\"valueRequired\":true,\"valueName\":\"search_term_string\"}}],\"inLanguage\":\"hr\"}]}<\/script>\n<!-- \/ Yoast SEO plugin. -->","yoast_head_json":{"title":"Sujetador Selene Zafiro - Rosana CL","robots":{"index":"index","follow":"follow","max-snippet":"max-snippet:-1","max-image-preview":"max-image-preview:large","max-video-preview":"max-video-preview:-1"},"canonical":"https:\/\/rosanacl.com\/hr\/proizvod\/sujetador-modelo-zafiro\/","og_locale":"hr_HR","og_type":"article","og_title":"Sujetador Selene Zafiro - Rosana CL","og_description":"Hay prendas que no hacen ruido&#8230; pero cambian el d\u00eda. Zafiro est\u00e1 pensado para cuando quieres verte impecable sin esforzarte: aros que sujetan, microfibra suave y un acabado limpio que se integra bajo la ropa como si fuera parte de ti. Su toque especial est\u00e1 en el equilibrio: firmeza y ligereza, con una capa exterior [&hellip;]","og_url":"https:\/\/rosanacl.com\/hr\/proizvod\/sujetador-modelo-zafiro\/","og_site_name":"Rosana CL","article_modified_time":"2026-01-07T21:01:53+00:00","og_image":[{"width":1000,"height":1000,"url":"https:\/\/rosanacl.com\/wp-content\/uploads\/2025\/04\/Sujetador-modelo-Zafiro-000001.webp","type":"image\/webp"}],"twitter_card":"summary_large_image","twitter_misc":{"Procijenjeno vrijeme \u010ditanja":"2 minute"},"schema":{"@context":"https:\/\/schema.org","@graph":[{"@type":"WebPage","@id":"https:\/\/rosanacl.com\/producto\/sujetador-modelo-zafiro\/","url":"https:\/\/rosanacl.com\/producto\/sujetador-modelo-zafiro\/","name":"Sujetador Selene Zafiro - Rosana CL","isPartOf":{"@id":"https:\/\/rosanacl.com\/ca\/#website"},"primaryImageOfPage":{"@id":"https:\/\/rosanacl.com\/producto\/sujetador-modelo-zafiro\/#primaryimage"},"image":{"@id":"https:\/\/rosanacl.com\/producto\/sujetador-modelo-zafiro\/#primaryimage"},"thumbnailUrl":"https:\/\/rosanacl.com\/wp-content\/uploads\/2025\/04\/Sujetador-modelo-Zafiro-000001.webp","datePublished":"2025-04-29T12:25:52+00:00","dateModified":"2026-01-07T21:01:53+00:00","breadcrumb":{"@id":"https:\/\/rosanacl.com\/producto\/sujetador-modelo-zafiro\/#breadcrumb"},"inLanguage":"hr","potentialAction":[{"@type":"ReadAction","target":["https:\/\/rosanacl.com\/producto\/sujetador-modelo-zafiro\/"]}]},{"@type":"ImageObject","inLanguage":"hr","@id":"https:\/\/rosanacl.com\/producto\/sujetador-modelo-zafiro\/#primaryimage","url":"https:\/\/rosanacl.com\/wp-content\/uploads\/2025\/04\/Sujetador-modelo-Zafiro-000001.webp","contentUrl":"https:\/\/rosanacl.com\/wp-content\/uploads\/2025\/04\/Sujetador-modelo-Zafiro-000001.webp","width":1000,"height":1000},{"@type":"BreadcrumbList","@id":"https:\/\/rosanacl.com\/producto\/sujetador-modelo-zafiro\/#breadcrumb","itemListElement":[{"@type":"ListItem","position":1,"name":"Portada","item":"https:\/\/rosanacl.com\/ca\/"},{"@type":"ListItem","position":2,"name":"Tienda","item":"https:\/\/rosanacl.com\/ca\/tienda\/"},{"@type":"ListItem","position":3,"name":"Sujetador Selene Zafiro"}]},{"@type":"WebSite","@id":"https:\/\/rosanacl.com\/ca\/#website","url":"https:\/\/rosanacl.com\/ca\/","name":"Rosana CL","description":"Mi smo tvoje unutarnje ja","potentialAction":[{"@type":"SearchAction","target":{"@type":"EntryPoint","urlTemplate":"https:\/\/rosanacl.com\/ca\/?s={search_term_string}"},"query-input":{"@type":"PropertyValueSpecification","valueRequired":true,"valueName":"search_term_string"}}],"inLanguage":"hr"}]}},"_links":{"self":[{"href":"https:\/\/rosanacl.com\/hr\/wp-json\/wp\/v2\/product\/353","targetHints":{"allow":["GET"]}}],"collection":[{"href":"https:\/\/rosanacl.com\/hr\/wp-json\/wp\/v2\/product"}],"about":[{"href":"https:\/\/rosanacl.com\/hr\/wp-json\/wp\/v2\/types\/product"}],"replies":[{"embeddable":true,"href":"https:\/\/rosanacl.com\/hr\/wp-json\/wp\/v2\/comments?post=353"}],"version-history":[{"count":5,"href":"https:\/\/rosanacl.com\/hr\/wp-json\/wp\/v2\/product\/353\/revisions"}],"predecessor-version":[{"id":4623,"href":"https:\/\/rosanacl.com\/hr\/wp-json\/wp\/v2\/product\/353\/revisions\/4623"}],"wp:featuredmedia":[{"embeddable":true,"href":"https:\/\/rosanacl.com\/hr\/wp-json\/wp\/v2\/media\/1474"}],"wp:attachment":[{"href":"https:\/\/rosanacl.com\/hr\/wp-json\/wp\/v2\/media?parent=353"}],"wp:term":[{"taxonomy":"product_brand","embeddable":true,"href":"https:\/\/rosanacl.com\/hr\/wp-json\/wp\/v2\/product_brand?post=353"},{"taxonomy":"product_cat","embeddable":true,"href":"https:\/\/rosanacl.com\/hr\/wp-json\/wp\/v2\/product_cat?post=353"},{"taxonomy":"product_tag","embeddable":true,"href":"https:\/\/rosanacl.com\/hr\/wp-json\/wp\/v2\/product_tag?post=353"}],"curies":[{"name":"wp","href":"https:\/\/api.w.org\/{rel}","templated":true}]}}