{"id":618,"date":"2025-04-29T19:20:58","date_gmt":"2025-04-29T17:20:58","guid":{"rendered":"https:\/\/rosanacl.com\/?post_type=product&#038;p=618"},"modified":"2026-01-07T21:23:54","modified_gmt":"2026-01-07T20:23:54","slug":"sujetador-modelo-maite","status":"publish","type":"product","link":"https:\/\/rosanacl.com\/hr\/proizvod\/sujetador-modelo-maite\/","title":{"rendered":"Selene Maite Bra"},"content":{"rendered":"<p>Grudnjak Selene Maite jedan je od onih modela koji vam olak\u0161avaju dan: klasi\u010dan stil, bez \u017eice i podstavljen, s dizajnom koji pru\u017ea pravu potporu bez stezanja ili udubljivanja. Njegova Simplex tkanina nudi \u010dvrsto\u0107u i stabilnost, idealno ako tra\u017eite udoban grudnjak za svaki dan koji odr\u017eava va\u0161e grudi u dobrom polo\u017eaju i prirodnom obliku.<\/p>\n<p>Najbolja stvar kod Maite je \u0161to kombinira udobnost i potporu u \u010distom, decentnom dizajnu: prekrasno pristaje tijelu, izgleda sjajno ispod majica i bluza te vam daje osje\u0107aj da ste dobro pripijeni satima. Osnovni dio garderobe za one koji daju prioritet udobnosti, pristajanju i sigurnosti.<\/p>\n<p>\u0160to mi se najvi\u0161e svi\u0111a kod Maite<\/p>\n<ul>\n<li>Bez \u017eica: potpuna udobnost, bez pritiska na konturu.<\/li>\n<li>Bez podstave: prirodan i lagan oblik, bez dodatnog volumena.<\/li>\n<li>Simplex tkanina: \u010dvrsto i stabilno dr\u017eanje, s dobrom potporom.<\/li>\n<li>Klasi\u010dan dizajn: diskretan i jednostavan za no\u0161enje uz svaku odjevnu kombinaciju.<\/li>\n<li>Savr\u0161eno za svakodnevno no\u0161enje: udobno pristajanje i osje\u0107aj sigurnosti.<\/li>\n<\/ul>\n<p>\ud83d\udde3\ufe0f Savjet: S Maite grudnjakom, va\u0161e grudi su &quot;potpomognute&quot; i na mjestu, ali uz ugodan osje\u0107aj: \u010dvrste iznutra, mekane izvana. Savr\u0161eno za one dane kada se \u017eelite osje\u0107ati sigurno bez razmi\u0161ljanja o grudnjaku.<\/p>\n<p>\ud83d\udccf Napomena: Ako volite \u010dvrsto i stabilno pristajanje, odaberite svoju uobi\u010dajenu veli\u010dinu; ako ste izme\u0111u veli\u010dina ili preferirate udobnije pristajanje za dulje no\u0161enje, odaberite veli\u010dinu ve\u0107u. Ako niste sigurni, brzo mjerenje opsega prsa pomo\u0107i \u0107e vam da odlu\u010dite prije nego \u0161to odaberete.<\/p>\n<p>Sastav: 45% poliamid 10% elastan 45% poliester.<\/p>\n<p>\ud83d\udd4a\ufe0f Klasi\u010dna udobnost\u2026 s pravom potporom.<\/p>","protected":false},"excerpt":{"rendered":"<p>El sujetador Selene modelo Maite es de esos modelos que te solucionan el d\u00eda: l\u00ednea cl\u00e1sica, sin aros y sin relleno, con un patr\u00f3n pensado para dar sujeci\u00f3n de verdad sin apretar ni marcar. Su tejido Simplex aporta firmeza y estabilidad, ideal si buscas un sujetador c\u00f3modo para diario que mantenga el pecho bien colocado [&hellip;]<\/p>\n","protected":false},"featured_media":1444,"comment_status":"open","ping_status":"closed","template":"","meta":{"content-type":""},"product_brand":[55],"product_cat":[25,20],"product_tag":[56,60],"class_list":{"0":"post-618","1":"product","2":"type-product","3":"status-publish","4":"has-post-thumbnail","6":"product_brand-selene","7":"product_cat-sin-aros","8":"product_cat-sujetador","9":"product_tag-sujetador","10":"product_tag-sujetador-sin-aros","12":"first","13":"instock","14":"taxable","15":"shipping-taxable","16":"purchasable","17":"product-type-variable"},"supplier_id":null,"supplier_sku":"","barcode":null,"atum_controlled":true,"out_stock_date":null,"out_stock_threshold":null,"inheritable":true,"inbound_stock":null,"stock_on_hold":0,"sold_today":0,"sales_last_days":0,"reserved_stock":null,"customer_returns":null,"warehouse_damage":null,"lost_in_post":null,"other_logs":null,"out_stock_days":0,"lost_sales":0,"has_location":false,"update_date":"2026-01-07T20:23:55","atum_locations":[],"atum_stock_status":"instock","restock_status":false,"low_stock_amount":"","sales_update_date":"2025-08-19T02:35:53","calc_backorders":null,"yoast_head":"<!-- This site is optimized with the Yoast SEO plugin v27.4 - https:\/\/yoast.com\/product\/yoast-seo-wordpress\/ -->\n<title>Sujetador Selene Maite - Rosana CL<\/title>\n<meta name=\"robots\" content=\"index, follow, max-snippet:-1, max-image-preview:large, max-video-preview:-1\" \/>\n<link rel=\"canonical\" href=\"https:\/\/rosanacl.com\/hr\/proizvod\/sujetador-modelo-maite\/\" \/>\n<meta property=\"og:locale\" content=\"hr_HR\" \/>\n<meta property=\"og:type\" content=\"article\" \/>\n<meta property=\"og:title\" content=\"Sujetador Selene Maite - Rosana CL\" \/>\n<meta property=\"og:description\" content=\"El sujetador Selene modelo Maite es de esos modelos que te solucionan el d\u00eda: l\u00ednea cl\u00e1sica, sin aros y sin relleno, con un patr\u00f3n pensado para dar sujeci\u00f3n de verdad sin apretar ni marcar. Su tejido Simplex aporta firmeza y estabilidad, ideal si buscas un sujetador c\u00f3modo para diario que mantenga el pecho bien colocado [&hellip;]\" \/>\n<meta property=\"og:url\" content=\"https:\/\/rosanacl.com\/hr\/proizvod\/sujetador-modelo-maite\/\" \/>\n<meta property=\"og:site_name\" content=\"Rosana CL\" \/>\n<meta property=\"article:modified_time\" content=\"2026-01-07T20:23:54+00:00\" \/>\n<meta property=\"og:image\" content=\"https:\/\/rosanacl.com\/wp-content\/uploads\/2025\/04\/Sujetador-modelo-Maite-000001.webp\" \/>\n\t<meta property=\"og:image:width\" content=\"1000\" \/>\n\t<meta property=\"og:image:height\" content=\"1000\" \/>\n\t<meta property=\"og:image:type\" content=\"image\/webp\" \/>\n<meta name=\"twitter:card\" content=\"summary_large_image\" \/>\n<meta name=\"twitter:label1\" content=\"Procijenjeno vrijeme \u010ditanja\" \/>\n\t<meta name=\"twitter:data1\" content=\"2 minute\" \/>\n<script type=\"application\/ld+json\" class=\"yoast-schema-graph\">{\"@context\":\"https:\\\/\\\/schema.org\",\"@graph\":[{\"@type\":\"WebPage\",\"@id\":\"https:\\\/\\\/rosanacl.com\\\/producto\\\/sujetador-modelo-maite\\\/\",\"url\":\"https:\\\/\\\/rosanacl.com\\\/producto\\\/sujetador-modelo-maite\\\/\",\"name\":\"Sujetador Selene Maite - Rosana CL\",\"isPartOf\":{\"@id\":\"https:\\\/\\\/rosanacl.com\\\/ca\\\/#website\"},\"primaryImageOfPage\":{\"@id\":\"https:\\\/\\\/rosanacl.com\\\/producto\\\/sujetador-modelo-maite\\\/#primaryimage\"},\"image\":{\"@id\":\"https:\\\/\\\/rosanacl.com\\\/producto\\\/sujetador-modelo-maite\\\/#primaryimage\"},\"thumbnailUrl\":\"https:\\\/\\\/rosanacl.com\\\/wp-content\\\/uploads\\\/2025\\\/04\\\/Sujetador-modelo-Maite-000001.webp\",\"datePublished\":\"2025-04-29T17:20:58+00:00\",\"dateModified\":\"2026-01-07T20:23:54+00:00\",\"breadcrumb\":{\"@id\":\"https:\\\/\\\/rosanacl.com\\\/producto\\\/sujetador-modelo-maite\\\/#breadcrumb\"},\"inLanguage\":\"hr\",\"potentialAction\":[{\"@type\":\"ReadAction\",\"target\":[\"https:\\\/\\\/rosanacl.com\\\/producto\\\/sujetador-modelo-maite\\\/\"]}]},{\"@type\":\"ImageObject\",\"inLanguage\":\"hr\",\"@id\":\"https:\\\/\\\/rosanacl.com\\\/producto\\\/sujetador-modelo-maite\\\/#primaryimage\",\"url\":\"https:\\\/\\\/rosanacl.com\\\/wp-content\\\/uploads\\\/2025\\\/04\\\/Sujetador-modelo-Maite-000001.webp\",\"contentUrl\":\"https:\\\/\\\/rosanacl.com\\\/wp-content\\\/uploads\\\/2025\\\/04\\\/Sujetador-modelo-Maite-000001.webp\",\"width\":1000,\"height\":1000},{\"@type\":\"BreadcrumbList\",\"@id\":\"https:\\\/\\\/rosanacl.com\\\/producto\\\/sujetador-modelo-maite\\\/#breadcrumb\",\"itemListElement\":[{\"@type\":\"ListItem\",\"position\":1,\"name\":\"Portada\",\"item\":\"https:\\\/\\\/rosanacl.com\\\/ca\\\/\"},{\"@type\":\"ListItem\",\"position\":2,\"name\":\"Tienda\",\"item\":\"https:\\\/\\\/rosanacl.com\\\/ca\\\/tienda\\\/\"},{\"@type\":\"ListItem\",\"position\":3,\"name\":\"Sujetador Selene Maite\"}]},{\"@type\":\"WebSite\",\"@id\":\"https:\\\/\\\/rosanacl.com\\\/ca\\\/#website\",\"url\":\"https:\\\/\\\/rosanacl.com\\\/ca\\\/\",\"name\":\"Rosana CL\",\"description\":\"Somos tu interior\",\"potentialAction\":[{\"@type\":\"SearchAction\",\"target\":{\"@type\":\"EntryPoint\",\"urlTemplate\":\"https:\\\/\\\/rosanacl.com\\\/ca\\\/?s={search_term_string}\"},\"query-input\":{\"@type\":\"PropertyValueSpecification\",\"valueRequired\":true,\"valueName\":\"search_term_string\"}}],\"inLanguage\":\"hr\"}]}<\/script>\n<!-- \/ Yoast SEO plugin. -->","yoast_head_json":{"title":"Sujetador Selene Maite - Rosana CL","robots":{"index":"index","follow":"follow","max-snippet":"max-snippet:-1","max-image-preview":"max-image-preview:large","max-video-preview":"max-video-preview:-1"},"canonical":"https:\/\/rosanacl.com\/hr\/proizvod\/sujetador-modelo-maite\/","og_locale":"hr_HR","og_type":"article","og_title":"Sujetador Selene Maite - Rosana CL","og_description":"El sujetador Selene modelo Maite es de esos modelos que te solucionan el d\u00eda: l\u00ednea cl\u00e1sica, sin aros y sin relleno, con un patr\u00f3n pensado para dar sujeci\u00f3n de verdad sin apretar ni marcar. Su tejido Simplex aporta firmeza y estabilidad, ideal si buscas un sujetador c\u00f3modo para diario que mantenga el pecho bien colocado [&hellip;]","og_url":"https:\/\/rosanacl.com\/hr\/proizvod\/sujetador-modelo-maite\/","og_site_name":"Rosana CL","article_modified_time":"2026-01-07T20:23:54+00:00","og_image":[{"width":1000,"height":1000,"url":"https:\/\/rosanacl.com\/wp-content\/uploads\/2025\/04\/Sujetador-modelo-Maite-000001.webp","type":"image\/webp"}],"twitter_card":"summary_large_image","twitter_misc":{"Procijenjeno vrijeme \u010ditanja":"2 minute"},"schema":{"@context":"https:\/\/schema.org","@graph":[{"@type":"WebPage","@id":"https:\/\/rosanacl.com\/producto\/sujetador-modelo-maite\/","url":"https:\/\/rosanacl.com\/producto\/sujetador-modelo-maite\/","name":"Sujetador Selene Maite - Rosana CL","isPartOf":{"@id":"https:\/\/rosanacl.com\/ca\/#website"},"primaryImageOfPage":{"@id":"https:\/\/rosanacl.com\/producto\/sujetador-modelo-maite\/#primaryimage"},"image":{"@id":"https:\/\/rosanacl.com\/producto\/sujetador-modelo-maite\/#primaryimage"},"thumbnailUrl":"https:\/\/rosanacl.com\/wp-content\/uploads\/2025\/04\/Sujetador-modelo-Maite-000001.webp","datePublished":"2025-04-29T17:20:58+00:00","dateModified":"2026-01-07T20:23:54+00:00","breadcrumb":{"@id":"https:\/\/rosanacl.com\/producto\/sujetador-modelo-maite\/#breadcrumb"},"inLanguage":"hr","potentialAction":[{"@type":"ReadAction","target":["https:\/\/rosanacl.com\/producto\/sujetador-modelo-maite\/"]}]},{"@type":"ImageObject","inLanguage":"hr","@id":"https:\/\/rosanacl.com\/producto\/sujetador-modelo-maite\/#primaryimage","url":"https:\/\/rosanacl.com\/wp-content\/uploads\/2025\/04\/Sujetador-modelo-Maite-000001.webp","contentUrl":"https:\/\/rosanacl.com\/wp-content\/uploads\/2025\/04\/Sujetador-modelo-Maite-000001.webp","width":1000,"height":1000},{"@type":"BreadcrumbList","@id":"https:\/\/rosanacl.com\/producto\/sujetador-modelo-maite\/#breadcrumb","itemListElement":[{"@type":"ListItem","position":1,"name":"Portada","item":"https:\/\/rosanacl.com\/ca\/"},{"@type":"ListItem","position":2,"name":"Tienda","item":"https:\/\/rosanacl.com\/ca\/tienda\/"},{"@type":"ListItem","position":3,"name":"Sujetador Selene Maite"}]},{"@type":"WebSite","@id":"https:\/\/rosanacl.com\/ca\/#website","url":"https:\/\/rosanacl.com\/ca\/","name":"Rosana CL","description":"Mi smo tvoje unutarnje ja","potentialAction":[{"@type":"SearchAction","target":{"@type":"EntryPoint","urlTemplate":"https:\/\/rosanacl.com\/ca\/?s={search_term_string}"},"query-input":{"@type":"PropertyValueSpecification","valueRequired":true,"valueName":"search_term_string"}}],"inLanguage":"hr"}]}},"_links":{"self":[{"href":"https:\/\/rosanacl.com\/hr\/wp-json\/wp\/v2\/product\/618","targetHints":{"allow":["GET"]}}],"collection":[{"href":"https:\/\/rosanacl.com\/hr\/wp-json\/wp\/v2\/product"}],"about":[{"href":"https:\/\/rosanacl.com\/hr\/wp-json\/wp\/v2\/types\/product"}],"replies":[{"embeddable":true,"href":"https:\/\/rosanacl.com\/hr\/wp-json\/wp\/v2\/comments?post=618"}],"version-history":[{"count":5,"href":"https:\/\/rosanacl.com\/hr\/wp-json\/wp\/v2\/product\/618\/revisions"}],"predecessor-version":[{"id":4618,"href":"https:\/\/rosanacl.com\/hr\/wp-json\/wp\/v2\/product\/618\/revisions\/4618"}],"wp:featuredmedia":[{"embeddable":true,"href":"https:\/\/rosanacl.com\/hr\/wp-json\/wp\/v2\/media\/1444"}],"wp:attachment":[{"href":"https:\/\/rosanacl.com\/hr\/wp-json\/wp\/v2\/media?parent=618"}],"wp:term":[{"taxonomy":"product_brand","embeddable":true,"href":"https:\/\/rosanacl.com\/hr\/wp-json\/wp\/v2\/product_brand?post=618"},{"taxonomy":"product_cat","embeddable":true,"href":"https:\/\/rosanacl.com\/hr\/wp-json\/wp\/v2\/product_cat?post=618"},{"taxonomy":"product_tag","embeddable":true,"href":"https:\/\/rosanacl.com\/hr\/wp-json\/wp\/v2\/product_tag?post=618"}],"curies":[{"name":"wp","href":"https:\/\/api.w.org\/{rel}","templated":true}]}}