{"id":15,"date":"2025-03-28T15:58:30","date_gmt":"2025-03-28T18:58:30","guid":{"rendered":"https:\/\/innovacon.simplificandotuweb.com\/?page_id=15"},"modified":"2025-05-02T02:16:09","modified_gmt":"2025-05-02T00:16:09","slug":"mapa-web","status":"publish","type":"page","link":"https:\/\/rosanacl.com\/hu\/mapa-web\/","title":{"rendered":"Webt\u00e9rk\u00e9p"},"content":{"rendered":"<div data-elementor-type=\"wp-page\" data-elementor-id=\"15\" class=\"elementor elementor-15\" data-elementor-post-type=\"page\">\n\t\t\t\t<div class=\"elementor-element elementor-element-2147d22 e-flex e-con-boxed e-con e-parent\" data-id=\"2147d22\" data-element_type=\"container\" data-e-type=\"container\" data-settings=\"{&quot;background_background&quot;:&quot;classic&quot;}\">\n\t\t\t\t\t<div class=\"e-con-inner\">\n\t\t<div class=\"elementor-element elementor-element-e502161 e-con-full e-flex e-con e-child\" data-id=\"e502161\" data-element_type=\"container\" data-e-type=\"container\">\n\t\t\t\t<div class=\"elementor-element elementor-element-b69ebee elementor-widget elementor-widget-heading\" data-id=\"b69ebee\" data-element_type=\"widget\" data-e-type=\"widget\" data-widget_type=\"heading.default\">\n\t\t\t\t<div class=\"elementor-widget-container\">\n\t\t\t\t\t<h2 class=\"elementor-heading-title elementor-size-default\">Webt\u00e9rk\u00e9p<\/h2>\t\t\t\t<\/div>\n\t\t\t\t<\/div>\n\t\t\t\t<\/div>\n\t\t\t\t\t<\/div>\n\t\t\t\t<\/div>\n\t\t<div class=\"elementor-element elementor-element-268470e e-flex e-con-boxed e-con e-parent\" data-id=\"268470e\" data-element_type=\"container\" data-e-type=\"container\">\n\t\t\t\t\t<div class=\"e-con-inner\">\n\t\t\t\t<div class=\"elementor-element elementor-element-7b9e7c6 elementor-widget elementor-widget-sitemap\" data-id=\"7b9e7c6\" data-element_type=\"widget\" data-e-type=\"widget\" data-widget_type=\"sitemap.default\">\n\t\t\t\t<div class=\"elementor-widget-container\">\n\t\t\t\t\t<div class=\"elementor-sitemap-wrap\"><div class=\"elementor-sitemap-section\"><h2 class=\"elementor-sitemap-title elementor-sitemap-page-title\">Oldalak<\/h2><ul class=\"elementor-sitemap-list elementor-sitemap-page-list\"><li class=\"elementor-sitemap-item elementor-sitemap-item-page page_item page-item-4941\"><a href=\"https:\/\/rosanacl.com\/hu\/prueba\/\">prueba<\/a><\/li><li class=\"elementor-sitemap-item elementor-sitemap-item-page page_item page-item-4806\"><a href=\"https:\/\/rosanacl.com\/hu\/selene-ropa-interior\/\">Selene ropa interior<\/a><\/li><li class=\"elementor-sitemap-item elementor-sitemap-item-page page_item page-item-4781\"><a href=\"https:\/\/rosanacl.com\/hu\/comprar-bragas-selene\/\">Comprar bragas Selene<\/a><\/li><li class=\"elementor-sitemap-item elementor-sitemap-item-page page_item page-item-4776\"><a href=\"https:\/\/rosanacl.com\/hu\/sujetadores-reductores-selene\/\">Sujetadores reductores Selene<\/a><\/li><li class=\"elementor-sitemap-item elementor-sitemap-item-page page_item page-item-4770\"><a href=\"https:\/\/rosanacl.com\/hu\/bodys-lenceria-mujer\/\">Bodys lencer\u00eda Mujer<\/a><\/li><li class=\"elementor-sitemap-item elementor-sitemap-item-page page_item page-item-4765\"><a href=\"https:\/\/rosanacl.com\/hu\/sujetadores-selene-sin-aros\/\">Sujetadores Selene sin aros<\/a><\/li><li class=\"elementor-sitemap-item elementor-sitemap-item-page page_item page-item-4760\"><a href=\"https:\/\/rosanacl.com\/hu\/sujetador-lenceria\/\">Sujetador lencer\u00eda<\/a><\/li><li class=\"elementor-sitemap-item elementor-sitemap-item-page page_item page-item-4755\"><a href=\"https:\/\/rosanacl.com\/hu\/sujetadores-selene-sin-aro\/\">Sujetadores Selene sin aro<\/a><\/li><li class=\"elementor-sitemap-item elementor-sitemap-item-page page_item page-item-4738\"><a href=\"https:\/\/rosanacl.com\/hu\/comprar-sujetador-selene-online\/\">Comprar sujetador Selene online<\/a><\/li><li class=\"elementor-sitemap-item elementor-sitemap-item-page page_item page-item-4733\"><a href=\"https:\/\/rosanacl.com\/hu\/selene-lenceria\/\">Selene lencer\u00eda<\/a><\/li><li class=\"elementor-sitemap-item elementor-sitemap-item-page page_item page-item-4549\"><a href=\"https:\/\/rosanacl.com\/hu\/comprar-bragas-online-en-valencia\/\">V\u00e1s\u00e1roljon bugyit online Valenci\u00e1ban<\/a><\/li><li class=\"elementor-sitemap-item elementor-sitemap-item-page page_item page-item-4548\"><a href=\"https:\/\/rosanacl.com\/hu\/bragas-de-selene-en-valencia\/\">Selene bugyija Valenci\u00e1ban<\/a><\/li><li class=\"elementor-sitemap-item elementor-sitemap-item-page page_item page-item-4675\"><a href=\"https:\/\/rosanacl.com\/hu\/corseteria-valencia\/\">Landing Page<\/a><\/li><li class=\"elementor-sitemap-item elementor-sitemap-item-page page_item page-item-4547\"><a href=\"https:\/\/rosanacl.com\/hu\/body-de-mujer-en-valencia\/\">N\u0151i body Valenci\u00e1ban<\/a><\/li><li class=\"elementor-sitemap-item elementor-sitemap-item-page page_item page-item-4542\"><a href=\"https:\/\/rosanacl.com\/hu\/sujetadores-reductores-selene-en-valencia\/\">Selene minimizing melltart\u00f3k Valenci\u00e1ban<\/a><\/li><li class=\"elementor-sitemap-item elementor-sitemap-item-page page_item page-item-4532\"><a href=\"https:\/\/rosanacl.com\/hu\/sujetador-selene-sin-aros-en-valencia\/\">Selene merev\u00edt\u0151 n\u00e9lk\u00fcli melltart\u00f3 Valenci\u00e1ban<\/a><\/li><li class=\"elementor-sitemap-item elementor-sitemap-item-page page_item page-item-4526\"><a href=\"https:\/\/rosanacl.com\/hu\/comprar-sujetadores-selene-online-en-valencia\/\">Selene melltart\u00f3k v\u00e1s\u00e1rl\u00e1sa online Valenci\u00e1ban<\/a><\/li><li class=\"elementor-sitemap-item elementor-sitemap-item-page page_item page-item-4521\"><a href=\"https:\/\/rosanacl.com\/hu\/comprar-sujetadores-selene-en-valencia\/\">Selene melltart\u00f3k v\u00e1s\u00e1rl\u00e1sa Valenci\u00e1ban<\/a><\/li><li class=\"elementor-sitemap-item elementor-sitemap-item-page page_item page-item-4192\"><a href=\"https:\/\/rosanacl.com\/hu\/sujetador-selene-sin-aros-en-barcelona\/\">Selene merev\u00edt\u0151 n\u00e9lk\u00fcli melltart\u00f3 Barcelon\u00e1ban<\/a><\/li><li class=\"elementor-sitemap-item elementor-sitemap-item-page page_item page-item-4187\"><a href=\"https:\/\/rosanacl.com\/hu\/comprar-sujetadores-selene-online-en-barcelona\/\">Selene melltart\u00f3k v\u00e1s\u00e1rl\u00e1sa online Barcelon\u00e1ban<\/a><\/li><li class=\"elementor-sitemap-item elementor-sitemap-item-page page_item page-item-4182\"><a href=\"https:\/\/rosanacl.com\/hu\/comprar-sujetadores-selene-en-barcelona\/\">Selene melltart\u00f3k v\u00e1s\u00e1rl\u00e1sa Barcelon\u00e1ban<\/a><\/li><li class=\"elementor-sitemap-item elementor-sitemap-item-page page_item page-item-4000\"><a href=\"https:\/\/rosanacl.com\/hu\/comprar-sujetador-selene\/\">Selene melltart\u00f3k v\u00e1s\u00e1rl\u00e1sa<\/a><\/li><li class=\"elementor-sitemap-item elementor-sitemap-item-page page_item page-item-3995\"><a href=\"https:\/\/rosanacl.com\/hu\/comprar-sujetadores-selene-online\/\">Selene melltart\u00f3k v\u00e1s\u00e1rl\u00e1sa online<\/a><\/li><li class=\"elementor-sitemap-item elementor-sitemap-item-page page_item page-item-3925\"><a href=\"https:\/\/rosanacl.com\/hu\/sujetador-selene-sin-aros\/\">Selene merev\u00edt\u0151 n\u00e9lk\u00fcli melltart\u00f3<\/a><\/li><li class=\"elementor-sitemap-item elementor-sitemap-item-page page_item page-item-2875\"><a href=\"https:\/\/rosanacl.com\/hu\/comprar-sujetadores-selene\/\">Selene melltart\u00f3k v\u00e1s\u00e1rl\u00e1sa<\/a><\/li><li class=\"elementor-sitemap-item elementor-sitemap-item-page page_item page-item-3704\"><a href=\"https:\/\/rosanacl.com\/hu\/bragas-de-selene\/\">Selene bugyija<\/a><\/li><li class=\"elementor-sitemap-item elementor-sitemap-item-page page_item page-item-3931\"><a href=\"https:\/\/rosanacl.com\/hu\/tanga-de-selene\/\">Selene tang\u00e1ja<\/a><\/li><li class=\"elementor-sitemap-item elementor-sitemap-item-page page_item page-item-3926\"><a href=\"https:\/\/rosanacl.com\/hu\/sujetador-sin-tirantes\/\">P\u00e1nt n\u00e9lk\u00fcli melltart\u00f3<\/a><\/li><li class=\"elementor-sitemap-item elementor-sitemap-item-page page_item page-item-2868\"><a href=\"https:\/\/rosanacl.com\/hu\/comprar-bragas-online\/\">V\u00e1s\u00e1roljon bugyit online<\/a><\/li><li class=\"elementor-sitemap-item elementor-sitemap-item-page page_item page-item-3726\"><a href=\"https:\/\/rosanacl.com\/hu\/lenceria-selene-en-espana\/\">Selene Lingerie Spanyolorsz\u00e1gban<\/a><\/li><li class=\"elementor-sitemap-item elementor-sitemap-item-page page_item page-item-3716\"><a href=\"https:\/\/rosanacl.com\/hu\/body-de-mujer\/\">N\u0151i body<\/a><\/li><li class=\"elementor-sitemap-item elementor-sitemap-item-page page_item page-item-3710\"><a href=\"https:\/\/rosanacl.com\/hu\/comprar-ropa-interior-online\/\">V\u00e1s\u00e1roljon feh\u00e9rnem\u0171t online<\/a><\/li><li class=\"elementor-sitemap-item elementor-sitemap-item-page page_item page-item-3703\"><a href=\"https:\/\/rosanacl.com\/hu\/mejor-sujetador-sin-tirantes\/\">Legjobb p\u00e1nt n\u00e9lk\u00fcli melltart\u00f3<\/a><\/li><li class=\"elementor-sitemap-item elementor-sitemap-item-page page_item page-item-2968\"><a href=\"https:\/\/rosanacl.com\/hu\/seguimiento-del-pedido\/\">Rendel\u00e9sk\u00f6vet\u00e9s<\/a><\/li><li class=\"elementor-sitemap-item elementor-sitemap-item-page page_item page-item-2897\"><a href=\"https:\/\/rosanacl.com\/hu\/lenceria-selene\/\">Selene feh\u00e9rnem\u0171<\/a><\/li><li class=\"elementor-sitemap-item elementor-sitemap-item-page page_item page-item-2891\"><a href=\"https:\/\/rosanacl.com\/hu\/comprar-bragas\/\">V\u00e1s\u00e1roljon bugyit<\/a><\/li><li class=\"elementor-sitemap-item elementor-sitemap-item-page page_item page-item-2885\"><a href=\"https:\/\/rosanacl.com\/hu\/comprar-lenceria-selene\/\">Selene feh\u00e9rnem\u0171 v\u00e1s\u00e1rl\u00e1sa<\/a><\/li><li class=\"elementor-sitemap-item elementor-sitemap-item-page page_item page-item-2879\"><a href=\"https:\/\/rosanacl.com\/hu\/mejor-sujetador-sin-tirantes-para-pecho-grande\/\">A legjobb p\u00e1nt n\u00e9lk\u00fcli melltart\u00f3 nagy mellekhez<\/a><\/li><li class=\"elementor-sitemap-item elementor-sitemap-item-page page_item page-item-2668\"><a href=\"https:\/\/rosanacl.com\/hu\/metodos-de-pago\/\">Fizet\u00e9si m\u00f3dok<\/a><\/li><li class=\"elementor-sitemap-item elementor-sitemap-item-page page_item page-item-2566\"><a href=\"https:\/\/rosanacl.com\/hu\/politica-de-envio\/\">Sz\u00e1ll\u00edt\u00e1si szab\u00e1lyzat<\/a><\/li><li class=\"elementor-sitemap-item elementor-sitemap-item-page page_item page-item-2006\"><a href=\"https:\/\/rosanacl.com\/hu\/politica-de-devolucion\/\">Visszak\u00fcld\u00e9si szab\u00e1lyzat<\/a><\/li><li class=\"elementor-sitemap-item elementor-sitemap-item-page page_item page-item-82\"><a href=\"https:\/\/rosanacl.com\/hu\/mi-cuenta\/\">Fi\u00f3kom<\/a><\/li><li class=\"elementor-sitemap-item elementor-sitemap-item-page page_item page-item-80\"><a href=\"https:\/\/rosanacl.com\/hu\/finalizar-compra\/\">V\u00e1s\u00e1rl\u00e1s befejez\u00e9se<\/a><\/li><li class=\"elementor-sitemap-item elementor-sitemap-item-page page_item page-item-78\"><a href=\"https:\/\/rosanacl.com\/hu\/carrito\/\">Kos\u00e1r<\/a><\/li><li class=\"elementor-sitemap-item elementor-sitemap-item-page page_item page-item-76\"><a href=\"https:\/\/rosanacl.com\/hu\/tienda\/\">Bolt<\/a><\/li><li class=\"elementor-sitemap-item elementor-sitemap-item-page page_item page-item-64\"><a href=\"https:\/\/rosanacl.com\/hu\/contacto\/\">\u00c9rintkez\u00e9s<\/a><\/li><li class=\"elementor-sitemap-item elementor-sitemap-item-page page_item page-item-63 current_page_parent\"><a href=\"https:\/\/rosanacl.com\/hu\/blog\/\">Blog<\/a><\/li><li class=\"elementor-sitemap-item elementor-sitemap-item-page page_item page-item-62\"><a href=\"https:\/\/rosanacl.com\/hu\/nosotros\/\">Minket<\/a><\/li><li class=\"elementor-sitemap-item elementor-sitemap-item-page page_item page-item-42\"><a href=\"https:\/\/rosanacl.com\/hu\/\">Indul<\/a><\/li><li class=\"elementor-sitemap-item elementor-sitemap-item-page page_item page-item-31\"><a href=\"https:\/\/rosanacl.com\/hu\/politica-de-privacidad\/\">Adatv\u00e9delmi ir\u00e1nyelvek<\/a><\/li><li class=\"elementor-sitemap-item elementor-sitemap-item-page page_item page-item-21\"><a href=\"https:\/\/rosanacl.com\/hu\/declaracion-de-accesibilidad\/\">Akad\u00e1lymentes\u00edt\u00e9si nyilatkozat<\/a><\/li><li class=\"elementor-sitemap-item elementor-sitemap-item-page page_item page-item-18\"><a href=\"https:\/\/rosanacl.com\/hu\/aviso-legal\/\">Jogi nyilatkozat<\/a><\/li><li class=\"elementor-sitemap-item elementor-sitemap-item-page page_item page-item-16\"><a href=\"https:\/\/rosanacl.com\/hu\/politica-de-cookies\/\">S\u00fctikre vonatkoz\u00f3 szab\u00e1lyzat<\/a><\/li><li class=\"elementor-sitemap-item elementor-sitemap-item-page page_item page-item-15\"><a href=\"https:\/\/rosanacl.com\/hu\/mapa-web\/\">Webt\u00e9rk\u00e9p<\/a><\/li><\/ul><\/div><div class=\"elementor-sitemap-section\"><h2 class=\"elementor-sitemap-title elementor-sitemap-category-title\">Kateg\u00f3ri\u00e1k<\/h2><ul class=\"elementor-sitemap-list elementor-sitemap-category-list\">\t<li class=\"elementor-sitemap-item elementor-sitemap-item-category cat-item cat-item-110\"><a href=\"https:\/\/rosanacl.com\/hu\/category\/sujetador\/\">melltart\u00f3<\/a>\n<\/li>\n\t<li class=\"elementor-sitemap-item elementor-sitemap-item-category cat-item cat-item-131\"><a href=\"https:\/\/rosanacl.com\/hu\/category\/ropa-interior-selene\/\">Szel\u00e9n\u00e9 als\u00f3nem\u0171<\/a>\n<\/li>\n\t<li class=\"elementor-sitemap-item elementor-sitemap-item-category cat-item cat-item-126\"><a href=\"https:\/\/rosanacl.com\/hu\/category\/lenceria-selena\/\">Selena feh\u00e9rnem\u0171<\/a>\n<\/li>\n\t<li class=\"elementor-sitemap-item elementor-sitemap-item-category cat-item cat-item-136\"><a href=\"https:\/\/rosanacl.com\/hu\/category\/comprar-sujetadores\/\">melltart\u00f3kat venni<\/a>\n<\/li>\n\t<li class=\"elementor-sitemap-item elementor-sitemap-item-category cat-item cat-item-108\"><a href=\"https:\/\/rosanacl.com\/hu\/category\/bragas\/\">Bugyi<\/a>\n<\/li>\n\t<li class=\"elementor-sitemap-item elementor-sitemap-item-category cat-item cat-item-1\"><a href=\"https:\/\/rosanacl.com\/hu\/category\/blog\/\">Blog<\/a>\n<\/li>\n<\/ul><\/div><\/div>\t\t\t\t<\/div>\n\t\t\t\t<\/div>\n\t\t\t\t\t<\/div>\n\t\t\t\t<\/div>\n\t\t\t\t<\/div>","protected":false},"excerpt":{"rendered":"","protected":false},"author":1,"featured_media":0,"parent":0,"menu_order":0,"comment_status":"closed","ping_status":"closed","template":"","meta":{"content-type":"","footnotes":""},"class_list":["post-15","page","type-page","status-publish","hentry"],"yoast_head":"<!-- This site is optimized with the Yoast SEO plugin v27.4 - https:\/\/yoast.com\/product\/yoast-seo-wordpress\/ -->\n<title>Mapa Web - Rosana CL<\/title>\n<meta name=\"robots\" content=\"index, follow, max-snippet:-1, max-image-preview:large, max-video-preview:-1\" \/>\n<link rel=\"canonical\" href=\"https:\/\/rosanacl.com\/hu\/mapa-web\/\" \/>\n<meta property=\"og:locale\" content=\"hu_HU\" \/>\n<meta property=\"og:type\" content=\"article\" \/>\n<meta property=\"og:title\" content=\"Mapa Web - Rosana CL\" \/>\n<meta property=\"og:url\" content=\"https:\/\/rosanacl.com\/hu\/mapa-web\/\" \/>\n<meta property=\"og:site_name\" content=\"Rosana CL\" \/>\n<meta property=\"article:modified_time\" content=\"2025-05-02T00:16:09+00:00\" \/>\n<meta name=\"twitter:card\" content=\"summary_large_image\" \/>\n<script type=\"application\/ld+json\" class=\"yoast-schema-graph\">{\"@context\":\"https:\\\/\\\/schema.org\",\"@graph\":[{\"@type\":\"WebPage\",\"@id\":\"https:\\\/\\\/rosanacl.com\\\/mapa-web\\\/\",\"url\":\"https:\\\/\\\/rosanacl.com\\\/mapa-web\\\/\",\"name\":\"Mapa Web - Rosana CL\",\"isPartOf\":{\"@id\":\"https:\\\/\\\/rosanacl.com\\\/ca\\\/#website\"},\"datePublished\":\"2025-03-28T18:58:30+00:00\",\"dateModified\":\"2025-05-02T00:16:09+00:00\",\"breadcrumb\":{\"@id\":\"https:\\\/\\\/rosanacl.com\\\/mapa-web\\\/#breadcrumb\"},\"inLanguage\":\"hu\",\"potentialAction\":[{\"@type\":\"ReadAction\",\"target\":[\"https:\\\/\\\/rosanacl.com\\\/mapa-web\\\/\"]}]},{\"@type\":\"BreadcrumbList\",\"@id\":\"https:\\\/\\\/rosanacl.com\\\/mapa-web\\\/#breadcrumb\",\"itemListElement\":[{\"@type\":\"ListItem\",\"position\":1,\"name\":\"Portada\",\"item\":\"https:\\\/\\\/rosanacl.com\\\/ca\\\/\"},{\"@type\":\"ListItem\",\"position\":2,\"name\":\"Mapa Web\"}]},{\"@type\":\"WebSite\",\"@id\":\"https:\\\/\\\/rosanacl.com\\\/ca\\\/#website\",\"url\":\"https:\\\/\\\/rosanacl.com\\\/ca\\\/\",\"name\":\"Rosana CL\",\"description\":\"Somos tu interior\",\"potentialAction\":[{\"@type\":\"SearchAction\",\"target\":{\"@type\":\"EntryPoint\",\"urlTemplate\":\"https:\\\/\\\/rosanacl.com\\\/ca\\\/?s={search_term_string}\"},\"query-input\":{\"@type\":\"PropertyValueSpecification\",\"valueRequired\":true,\"valueName\":\"search_term_string\"}}],\"inLanguage\":\"hu\"}]}<\/script>\n<!-- \/ Yoast SEO plugin. -->","yoast_head_json":{"title":"Mapa Web - Rosana CL","robots":{"index":"index","follow":"follow","max-snippet":"max-snippet:-1","max-image-preview":"max-image-preview:large","max-video-preview":"max-video-preview:-1"},"canonical":"https:\/\/rosanacl.com\/hu\/mapa-web\/","og_locale":"hu_HU","og_type":"article","og_title":"Mapa Web - Rosana CL","og_url":"https:\/\/rosanacl.com\/hu\/mapa-web\/","og_site_name":"Rosana CL","article_modified_time":"2025-05-02T00:16:09+00:00","twitter_card":"summary_large_image","schema":{"@context":"https:\/\/schema.org","@graph":[{"@type":"WebPage","@id":"https:\/\/rosanacl.com\/mapa-web\/","url":"https:\/\/rosanacl.com\/mapa-web\/","name":"Mapa Web - Rosana CL","isPartOf":{"@id":"https:\/\/rosanacl.com\/ca\/#website"},"datePublished":"2025-03-28T18:58:30+00:00","dateModified":"2025-05-02T00:16:09+00:00","breadcrumb":{"@id":"https:\/\/rosanacl.com\/mapa-web\/#breadcrumb"},"inLanguage":"hu","potentialAction":[{"@type":"ReadAction","target":["https:\/\/rosanacl.com\/mapa-web\/"]}]},{"@type":"BreadcrumbList","@id":"https:\/\/rosanacl.com\/mapa-web\/#breadcrumb","itemListElement":[{"@type":"ListItem","position":1,"name":"Portada","item":"https:\/\/rosanacl.com\/ca\/"},{"@type":"ListItem","position":2,"name":"Mapa Web"}]},{"@type":"WebSite","@id":"https:\/\/rosanacl.com\/ca\/#website","url":"https:\/\/rosanacl.com\/ca\/","name":"Rosana CL","description":"Mi vagyunk a bels\u0151 \u00e9ned","potentialAction":[{"@type":"SearchAction","target":{"@type":"EntryPoint","urlTemplate":"https:\/\/rosanacl.com\/ca\/?s={search_term_string}"},"query-input":{"@type":"PropertyValueSpecification","valueRequired":true,"valueName":"search_term_string"}}],"inLanguage":"hu"}]}},"_links":{"self":[{"href":"https:\/\/rosanacl.com\/hu\/wp-json\/wp\/v2\/pages\/15","targetHints":{"allow":["GET"]}}],"collection":[{"href":"https:\/\/rosanacl.com\/hu\/wp-json\/wp\/v2\/pages"}],"about":[{"href":"https:\/\/rosanacl.com\/hu\/wp-json\/wp\/v2\/types\/page"}],"author":[{"embeddable":true,"href":"https:\/\/rosanacl.com\/hu\/wp-json\/wp\/v2\/users\/1"}],"replies":[{"embeddable":true,"href":"https:\/\/rosanacl.com\/hu\/wp-json\/wp\/v2\/comments?post=15"}],"version-history":[{"count":0,"href":"https:\/\/rosanacl.com\/hu\/wp-json\/wp\/v2\/pages\/15\/revisions"}],"wp:attachment":[{"href":"https:\/\/rosanacl.com\/hu\/wp-json\/wp\/v2\/media?parent=15"}],"curies":[{"name":"wp","href":"https:\/\/api.w.org\/{rel}","templated":true}]}}