{"id":16,"date":"2025-03-28T15:59:16","date_gmt":"2025-03-28T18:59:16","guid":{"rendered":"https:\/\/innovacon.simplificandotuweb.com\/?page_id=16"},"modified":"2025-07-09T08:54:15","modified_gmt":"2025-07-09T06:54:15","slug":"politica-de-cookies","status":"publish","type":"page","link":"https:\/\/rosanacl.com\/hu\/politica-de-cookies\/","title":{"rendered":"S\u00fctikre vonatkoz\u00f3 szab\u00e1lyzat"},"content":{"rendered":"<div data-elementor-type=\"wp-page\" data-elementor-id=\"16\" class=\"elementor elementor-16\" data-elementor-post-type=\"page\">\n\t\t\t\t<div class=\"elementor-element elementor-element-3406fa7 e-flex e-con-boxed e-con e-parent\" data-id=\"3406fa7\" data-element_type=\"container\" data-e-type=\"container\" data-settings=\"{&quot;background_background&quot;:&quot;classic&quot;}\">\n\t\t\t\t\t<div class=\"e-con-inner\">\n\t\t<div class=\"elementor-element elementor-element-d212998 e-con-full e-flex e-con e-child\" data-id=\"d212998\" data-element_type=\"container\" data-e-type=\"container\">\n\t\t\t\t<div class=\"elementor-element elementor-element-973e9ce elementor-widget elementor-widget-heading\" data-id=\"973e9ce\" data-element_type=\"widget\" data-e-type=\"widget\" data-widget_type=\"heading.default\">\n\t\t\t\t<div class=\"elementor-widget-container\">\n\t\t\t\t\t<h2 class=\"elementor-heading-title elementor-size-default\">S\u00fctikre vonatkoz\u00f3 szab\u00e1lyzat<\/h2>\t\t\t\t<\/div>\n\t\t\t\t<\/div>\n\t\t\t\t<\/div>\n\t\t\t\t\t<\/div>\n\t\t\t\t<\/div>\n\t\t<div class=\"elementor-element elementor-element-504b4f4d e-flex e-con-boxed e-con e-parent\" data-id=\"504b4f4d\" data-element_type=\"container\" data-e-type=\"container\">\n\t\t\t\t\t<div class=\"e-con-inner\">\n\t\t\t\t<div class=\"elementor-element elementor-element-36706845 elementor-widget elementor-widget-text-editor\" data-id=\"36706845\" data-element_type=\"widget\" data-e-type=\"widget\" data-widget_type=\"text-editor.default\">\n\t\t\t\t<div class=\"elementor-widget-container\">\n\t\t\t\t\t\t\t\t\t\n<p>Ez a s\u00fctikre vonatkoz\u00f3 szab\u00e1lyzat utolj\u00e1ra 2024.01.08-\u00e1n friss\u00fclt, \u00e9s az Eur\u00f3pai Gazdas\u00e1gi T\u00e9rs\u00e9g \u00e9s Sv\u00e1jc \u00e1llampolg\u00e1raira \u00e9s \u00e1lland\u00f3 lakosaira vonatkozik.<\/p>\n\n<p><strong>1. Bevezet\u00e9s<\/strong><\/p>\n\n<p>Weboldalunk, <a href=\"https:\/\/rosanacl.com\/hu\/\">https:\/\/rosanacl.com\/<\/a> (a tov\u00e1bbiakban: \u201ea weboldal\u201d) s\u00fctiket \u00e9s m\u00e1s kapcsol\u00f3d\u00f3 technol\u00f3gi\u00e1kat haszn\u00e1l (az egyszer\u0171s\u00e9g kedv\u00e9\u00e9rt minden technol\u00f3gi\u00e1t \u201es\u00fctiknek\u201d nevez\u00fcnk). S\u00fctiket az \u00e1ltalunk ig\u00e9nybe vett harmadik felek is elhelyeznek. A k\u00f6vetkez\u0151 dokumentumban t\u00e1j\u00e9koztatjuk \u00d6nt a s\u00fctik weboldalunkon t\u00f6rt\u00e9n\u0151 haszn\u00e1lat\u00e1r\u00f3l.<\/p>\n\n<p><strong>2. Mik azok a s\u00fctik?<\/strong><\/p>\n\n<p>A s\u00fcti egy kis f\u00e1jl, amelyet a weboldal oldalaival egy\u00fctt k\u00fcld\u00fcnk el, \u00e9s amelyet a b\u00f6ng\u00e9sz\u0151je t\u00e1rol a sz\u00e1m\u00edt\u00f3g\u00e9pe vagy m\u00e1s eszk\u00f6ze merevlemez\u00e9n. A t\u00e1rolt inform\u00e1ci\u00f3k egy k\u00e9s\u0151bbi l\u00e1togat\u00e1s sor\u00e1n visszaker\u00fclhetnek a szervereinkre vagy a megfelel\u0151 harmadik f\u00e9l szervereire.<\/p>\n\n<p><strong>3. Mik azok a szkriptek?<\/strong><\/p>\n\n<p>A szkript egy programk\u00f3d, amelyet weboldalunk megfelel\u0151 \u00e9s interakt\u00edv m\u0171k\u00f6d\u00e9s\u00e9hez haszn\u00e1lunk. Ez a k\u00f3d a szerver\u00fcnk\u00f6n vagy az \u00d6n eszk\u00f6z\u00e9n fut.<\/p>\n\n<p><strong>4. Mi az a webjelz\u0151?<\/strong><\/p>\n\n<p>A webjelz\u0151 (vagy pixelc\u00edmke) egy kis, l\u00e1thatatlan sz\u00f6veg vagy k\u00e9p egy weboldalon, amelyet a webforgalom figyel\u00e9s\u00e9re haszn\u00e1lnak. K\u00fcl\u00f6nb\u00f6z\u0151 adatokat t\u00e1rolnak \u00d6nr\u0151l ezeknek a webjelz\u0151knek a seg\u00edts\u00e9g\u00e9vel.<\/p>\n\n<p><strong>5. S\u00fctik<\/strong><\/p>\n\n<p><strong>5.1 Technikai vagy funkcion\u00e1lis s\u00fctik<\/strong><\/p>\n\n<p>Bizonyos s\u00fctik biztos\u00edtj\u00e1k, hogy a weboldal bizonyos r\u00e9szei megfelel\u0151en m\u0171k\u00f6djenek, \u00e9s hogy a rendszer megjegyezze a felhaszn\u00e1l\u00f3i be\u00e1ll\u00edt\u00e1sait. Funkcion\u00e1lis s\u00fctik elhelyez\u00e9s\u00e9vel megk\u00f6nny\u00edtj\u00fck weboldalunk l\u00e1togat\u00e1s\u00e1t. \u00cdgy nem kell ism\u00e9telten megadnia ugyanazokat az inform\u00e1ci\u00f3kat, amikor megl\u00e1togatja weboldalunkat, \u00e9s p\u00e9ld\u00e1ul a t\u00e9telek a bev\u00e1s\u00e1rl\u00f3kos\u00e1rban maradnak, am\u00edg ki nem fizeti a rendel\u00e9st. Ezeket a s\u00fctiket az \u00d6n beleegyez\u00e9se n\u00e9lk\u00fcl is elhelyezhetj\u00fck.<\/p>\n\n<p><strong>5.2 Marketing\/k\u00f6vet\u0151 s\u00fctik<\/strong><\/p>\n\n<p>A marketing\/k\u00f6vet\u0151 s\u00fctik olyan s\u00fctik, vagy b\u00e1rmilyen m\u00e1s helyi t\u00e1rol\u00e1si forma, amelyeket felhaszn\u00e1l\u00f3i profilok l\u00e9trehoz\u00e1s\u00e1ra haszn\u00e1lnak hirdet\u00e9sek megjelen\u00edt\u00e9se vagy a felhaszn\u00e1l\u00f3 nyomon k\u00f6vet\u00e9se c\u00e9lj\u00e1b\u00f3l ezen a weboldalon vagy t\u00f6bb weboldalon hasonl\u00f3 marketing c\u00e9lokra.<\/p>\n\n<p><strong>6. Haszn\u00e1lt s\u00fctik<\/strong><\/p>\n\n<ul class=\"wp-block-list\">\n<li>Elementor \u2013 Statisztik\u00e1k (anonim)<\/li>\n<li>Hozz\u00e1j\u00e1rul\u00e1s a szolg\u00e1ltat\u00e1shoz elem<\/li>\n<li>WordPress \u2013 Funkcion\u00e1lis<\/li>\n<li>Hozz\u00e1j\u00e1rul\u00e1s a WordPress szolg\u00e1ltat\u00e1shoz<\/li>\n<li>K\u00fcl\u00f6nb\u00f6z\u0151 \u2013 A c\u00e9l vizsg\u00e1lat alatt \u00e1ll<\/li>\n<li>Hozz\u00e1j\u00e1rul\u00e1s k\u00fcl\u00f6nf\u00e9le szolg\u00e1ltat\u00e1sokhoz<\/li>\n<\/ul>\n\n<p><strong>7. Hozz\u00e1j\u00e1rul\u00e1s<\/strong><\/p>\n\n<p>Amikor el\u0151sz\u00f6r l\u00e1togatja meg weboldalunkat, egy felugr\u00f3 ablakban elmagyar\u00e1zzuk a s\u00fctiket. Amint a \u201eBe\u00e1ll\u00edt\u00e1sok ment\u00e9se\u201d gombra kattint, elfogadja a felugr\u00f3 ablakban kiv\u00e1lasztott s\u00fctikateg\u00f3ri\u00e1k \u00e9s b\u0151v\u00edtm\u00e9nyek haszn\u00e1lat\u00e1t, a jelen s\u00fctihaszn\u00e1lati szab\u00e1lyzatban le\u00edrtak szerint. A s\u00fctik haszn\u00e1lat\u00e1t letilthatja b\u00f6ng\u00e9sz\u0151j\u00e9n kereszt\u00fcl, de k\u00e9rj\u00fck, vegye figyelembe, hogy ebben az esetben el\u0151fordulhat, hogy weboldalunk nem fog megfelel\u0151en m\u0171k\u00f6dni.<\/p>\n\n<p><strong>7.1 Hozz\u00e1j\u00e1rul\u00e1si be\u00e1ll\u00edt\u00e1sok kezel\u00e9se<\/strong><\/p>\n\n<ul class=\"wp-block-list\">\n<li>Funkcion\u00e1lis \u2013 Mindig akt\u00edv<\/li>\n<li>Marketing \u2013 Marketing<\/li>\n<\/ul>\n\n<p><strong>8. S\u00fctik aktiv\u00e1l\u00e1sa\/deaktiv\u00e1l\u00e1sa \u00e9s t\u00f6rl\u00e9se<\/strong><\/p>\n\n<p>Az internetb\u00f6ng\u00e9sz\u0151j\u00e9vel automatikusan vagy manu\u00e1lisan is t\u00f6r\u00f6lheti a s\u00fctiket. Azt is be\u00e1ll\u00edthatja, hogy bizonyos s\u00fctik ne ker\u00fcljenek elhelyez\u00e9sre. Egy m\u00e1sik lehet\u0151s\u00e9g az internetb\u00f6ng\u00e9sz\u0151 be\u00e1ll\u00edt\u00e1sainak m\u00f3dos\u00edt\u00e1sa, hogy minden alkalommal \u00fczenetet kapjon, amikor s\u00fcti ker\u00fcl elhelyez\u00e9sre. Tov\u00e1bbi inform\u00e1ci\u00f3k\u00e9rt ezekr\u0151l a lehet\u0151s\u00e9gekr\u0151l tekintse meg a b\u00f6ng\u00e9sz\u0151 \u201eS\u00fag\u00f3\u201d r\u00e9sz\u00e9ben tal\u00e1lhat\u00f3 utas\u00edt\u00e1sokat.<\/p>\n\n<p>Felh\u00edvjuk figyelm\u00e9t, hogy weboldalunk nem biztos, hogy megfelel\u0151en fog m\u0171k\u00f6dni, ha az \u00f6sszes s\u00fcti le van tiltva. Ha t\u00f6rli a s\u00fctiket a b\u00f6ng\u00e9sz\u0151j\u00e9b\u0151l, azok a weboldalunk ism\u00e9telt megl\u00e1togat\u00e1sakor, miut\u00e1n hozz\u00e1j\u00e1rult, \u00fajra el lesznek helyezve.<\/p>\n\n<p><strong>9. Az \u00d6n szem\u00e9lyes adataival kapcsolatos jogai<\/strong><\/p>\n\n<ul class=\"wp-block-list\">\n<li>Jogod van tudni, hogy mi\u00e9rt van sz\u00fcks\u00e9g a szem\u00e9lyes adataidra, mi fog t\u00f6rt\u00e9nni vel\u00fck, \u00e9s mennyi ideig t\u00e1roljuk azokat.<\/li>\n<li>Hozz\u00e1f\u00e9r\u00e9si jog: \u00d6nnek joga van hozz\u00e1f\u00e9rni az \u00e1ltalunk t\u00e1rolt szem\u00e9lyes adataihoz.<\/li>\n<li>Helyesb\u00edt\u00e9shez val\u00f3 jog: \u00d6nnek joga van szem\u00e9lyes adatainak kieg\u00e9sz\u00edt\u00e9s\u00e9hez, helyesb\u00edt\u00e9s\u00e9hez, t\u00f6rl\u00e9s\u00e9hez vagy z\u00e1rol\u00e1s\u00e1hoz, amikor csak akarja.<\/li>\n<li>Ha hozz\u00e1j\u00e1rul adatainak feldolgoz\u00e1s\u00e1hoz, joga van visszavonni ezt a hozz\u00e1j\u00e1rul\u00e1st, amint szem\u00e9lyes adatait t\u00f6r\u00f6lt\u00fck.<\/li>\n<li>Adathordozhat\u00f3s\u00e1ghoz val\u00f3 jog: \u00d6nnek joga van az adatkezel\u0151t\u0151l k\u00e9rni az \u00f6sszes szem\u00e9lyes adat\u00e1t, \u00e9s azokat hi\u00e1nytalanul \u00e1tadni egy m\u00e1sik adatkezel\u0151nek.<\/li>\n<li>Tiltakoz\u00e1shoz val\u00f3 jog: \u00d6n tiltakozhat az adatainak kezel\u00e9se ellen. Ezt betartjuk, kiv\u00e9ve, ha az adatkezel\u00e9sre jogos okok \u00e1llnak fenn.<\/li>\n<\/ul>\n\n<p>Ezen jogok gyakorl\u00e1s\u00e1hoz k\u00e9rj\u00fck, vegye fel vel\u00fcnk a kapcsolatot. K\u00e9rj\u00fck, tekintse meg az el\u00e9rhet\u0151s\u00e9geket a s\u00fctikre vonatkoz\u00f3 szab\u00e1lyzat alj\u00e1n. Ha b\u00e1rmilyen panasza van az adatainak kezel\u00e9s\u00e9vel kapcsolatban, nagyra \u00e9rt\u00e9keln\u00e9nk, ha jelezn\u00e9 nek\u00fcnk, de \u00d6nnek joga van panaszt beny\u00fajtani a fel\u00fcgyeleti hat\u00f3s\u00e1ghoz (adatv\u00e9delmi hat\u00f3s\u00e1g).<\/p>\n\n<p><strong>10. El\u00e9rhet\u0151s\u00e9gek<\/strong><\/p>\n\n<p>S\u00fctikre vonatkoz\u00f3 ir\u00e1nyelveinkkel \u00e9s ezzel a nyilatkozattal kapcsolatos k\u00e9rd\u00e9seivel \u00e9s\/vagy \u00e9szrev\u00e9teleivel k\u00e9rj\u00fck, vegye fel vel\u00fcnk a kapcsolatot az al\u00e1bbi el\u00e9rhet\u0151s\u00e9geken:<\/p>\n\n<ul class=\"wp-block-list\">\n<li>C\u00e9g: Pablo Angulo Maspons<\/li>\n<li>Lakoss\u00e1g: Vinaroz, Spanyolorsz\u00e1g<\/li>\n<li>Telefon: 613395013<\/li>\n<li>Felad:<a href=\"mailto:info@rosanacl.com\"> info@rosanacl.com<\/a>\u00a0<\/li>\n<\/ul>\n\n<p>Ez a s\u00fcti szab\u00e1lyzat szinkroniz\u00e1lva lett a k\u00f6vetkez\u0151vel: <a href=\"https:\/\/cookiedatabase.org\">s\u00fctiadatb\u00e1zis.org<\/a> 2024.08.01.<\/p>\n\n<p>\u00a0<\/p>\t\t\t\t\t\t\t\t<\/div>\n\t\t\t\t<\/div>\n\t\t\t\t\t<\/div>\n\t\t\t\t<\/div>\n\t\t\t\t<\/div>","protected":false},"excerpt":{"rendered":"<p>Esta pol\u00edtica de cookies fue actualizada por \u00faltima vez el 08\/01\/2024 y se aplica a los ciudadanos y residentes legales permanentes del Espacio Econ\u00f3mico Europeo y Suiza. 1. Introducci\u00f3n Nuestra web, https:\/\/rosanacl.com\/ (en adelante: \u00abla web\u00bb) utiliza cookies y otras tecnolog\u00edas relacionadas (para mayor comodidad, todas las tecnolog\u00edas se denominan \u00abcookies\u00bb). Las cookies tambi\u00e9n son [&hellip;]<\/p>\n","protected":false},"author":1,"featured_media":0,"parent":0,"menu_order":0,"comment_status":"closed","ping_status":"closed","template":"","meta":{"content-type":"","footnotes":""},"class_list":["post-16","page","type-page","status-publish","hentry"],"yoast_head":"<!-- This site is optimized with the Yoast SEO plugin v27.4 - https:\/\/yoast.com\/product\/yoast-seo-wordpress\/ -->\n<title>Pol\u00edtica de Cookies - Rosana CL<\/title>\n<meta name=\"robots\" content=\"index, follow, max-snippet:-1, max-image-preview:large, max-video-preview:-1\" \/>\n<link rel=\"canonical\" href=\"https:\/\/rosanacl.com\/hu\/politica-de-cookies\/\" \/>\n<meta property=\"og:locale\" content=\"hu_HU\" \/>\n<meta property=\"og:type\" content=\"article\" \/>\n<meta property=\"og:title\" content=\"Pol\u00edtica de Cookies - Rosana CL\" \/>\n<meta property=\"og:description\" content=\"Esta pol\u00edtica de cookies fue actualizada por \u00faltima vez el 08\/01\/2024 y se aplica a los ciudadanos y residentes legales permanentes del Espacio Econ\u00f3mico Europeo y Suiza. 1. Introducci\u00f3n Nuestra web, https:\/\/rosanacl.com\/ (en adelante: \u00abla web\u00bb) utiliza cookies y otras tecnolog\u00edas relacionadas (para mayor comodidad, todas las tecnolog\u00edas se denominan \u00abcookies\u00bb). Las cookies tambi\u00e9n son [&hellip;]\" \/>\n<meta property=\"og:url\" content=\"https:\/\/rosanacl.com\/hu\/politica-de-cookies\/\" \/>\n<meta property=\"og:site_name\" content=\"Rosana CL\" \/>\n<meta property=\"article:modified_time\" content=\"2025-07-09T06:54:15+00:00\" \/>\n<meta name=\"twitter:card\" content=\"summary_large_image\" \/>\n<meta name=\"twitter:label1\" content=\"Becs\u00fclt olvas\u00e1si id\u0151\" \/>\n\t<meta name=\"twitter:data1\" content=\"4 perc\" \/>\n<script type=\"application\/ld+json\" class=\"yoast-schema-graph\">{\"@context\":\"https:\\\/\\\/schema.org\",\"@graph\":[{\"@type\":\"WebPage\",\"@id\":\"https:\\\/\\\/rosanacl.com\\\/eu\\\/politica-de-cookies\\\/\",\"url\":\"https:\\\/\\\/rosanacl.com\\\/eu\\\/politica-de-cookies\\\/\",\"name\":\"Pol\u00edtica de Cookies - Rosana CL\",\"isPartOf\":{\"@id\":\"https:\\\/\\\/rosanacl.com\\\/ca\\\/#website\"},\"datePublished\":\"2025-03-28T18:59:16+00:00\",\"dateModified\":\"2025-07-09T06:54:15+00:00\",\"breadcrumb\":{\"@id\":\"https:\\\/\\\/rosanacl.com\\\/eu\\\/politica-de-cookies\\\/#breadcrumb\"},\"inLanguage\":\"hu\",\"potentialAction\":[{\"@type\":\"ReadAction\",\"target\":[\"https:\\\/\\\/rosanacl.com\\\/eu\\\/politica-de-cookies\\\/\"]}]},{\"@type\":\"BreadcrumbList\",\"@id\":\"https:\\\/\\\/rosanacl.com\\\/eu\\\/politica-de-cookies\\\/#breadcrumb\",\"itemListElement\":[{\"@type\":\"ListItem\",\"position\":1,\"name\":\"Portada\",\"item\":\"https:\\\/\\\/rosanacl.com\\\/ca\\\/\"},{\"@type\":\"ListItem\",\"position\":2,\"name\":\"Pol\u00edtica de Cookies\"}]},{\"@type\":\"WebSite\",\"@id\":\"https:\\\/\\\/rosanacl.com\\\/ca\\\/#website\",\"url\":\"https:\\\/\\\/rosanacl.com\\\/ca\\\/\",\"name\":\"Rosana CL\",\"description\":\"Somos tu interior\",\"potentialAction\":[{\"@type\":\"SearchAction\",\"target\":{\"@type\":\"EntryPoint\",\"urlTemplate\":\"https:\\\/\\\/rosanacl.com\\\/ca\\\/?s={search_term_string}\"},\"query-input\":{\"@type\":\"PropertyValueSpecification\",\"valueRequired\":true,\"valueName\":\"search_term_string\"}}],\"inLanguage\":\"hu\"}]}<\/script>\n<!-- \/ Yoast SEO plugin. -->","yoast_head_json":{"title":"Pol\u00edtica de Cookies - Rosana CL","robots":{"index":"index","follow":"follow","max-snippet":"max-snippet:-1","max-image-preview":"max-image-preview:large","max-video-preview":"max-video-preview:-1"},"canonical":"https:\/\/rosanacl.com\/hu\/politica-de-cookies\/","og_locale":"hu_HU","og_type":"article","og_title":"Pol\u00edtica de Cookies - Rosana CL","og_description":"Esta pol\u00edtica de cookies fue actualizada por \u00faltima vez el 08\/01\/2024 y se aplica a los ciudadanos y residentes legales permanentes del Espacio Econ\u00f3mico Europeo y Suiza. 1. Introducci\u00f3n Nuestra web, https:\/\/rosanacl.com\/ (en adelante: \u00abla web\u00bb) utiliza cookies y otras tecnolog\u00edas relacionadas (para mayor comodidad, todas las tecnolog\u00edas se denominan \u00abcookies\u00bb). Las cookies tambi\u00e9n son [&hellip;]","og_url":"https:\/\/rosanacl.com\/hu\/politica-de-cookies\/","og_site_name":"Rosana CL","article_modified_time":"2025-07-09T06:54:15+00:00","twitter_card":"summary_large_image","twitter_misc":{"Becs\u00fclt olvas\u00e1si id\u0151":"4 perc"},"schema":{"@context":"https:\/\/schema.org","@graph":[{"@type":"WebPage","@id":"https:\/\/rosanacl.com\/eu\/politica-de-cookies\/","url":"https:\/\/rosanacl.com\/eu\/politica-de-cookies\/","name":"Pol\u00edtica de Cookies - Rosana CL","isPartOf":{"@id":"https:\/\/rosanacl.com\/ca\/#website"},"datePublished":"2025-03-28T18:59:16+00:00","dateModified":"2025-07-09T06:54:15+00:00","breadcrumb":{"@id":"https:\/\/rosanacl.com\/eu\/politica-de-cookies\/#breadcrumb"},"inLanguage":"hu","potentialAction":[{"@type":"ReadAction","target":["https:\/\/rosanacl.com\/eu\/politica-de-cookies\/"]}]},{"@type":"BreadcrumbList","@id":"https:\/\/rosanacl.com\/eu\/politica-de-cookies\/#breadcrumb","itemListElement":[{"@type":"ListItem","position":1,"name":"Portada","item":"https:\/\/rosanacl.com\/ca\/"},{"@type":"ListItem","position":2,"name":"Pol\u00edtica de Cookies"}]},{"@type":"WebSite","@id":"https:\/\/rosanacl.com\/ca\/#website","url":"https:\/\/rosanacl.com\/ca\/","name":"Rosana CL","description":"Mi vagyunk a bels\u0151 \u00e9ned","potentialAction":[{"@type":"SearchAction","target":{"@type":"EntryPoint","urlTemplate":"https:\/\/rosanacl.com\/ca\/?s={search_term_string}"},"query-input":{"@type":"PropertyValueSpecification","valueRequired":true,"valueName":"search_term_string"}}],"inLanguage":"hu"}]}},"_links":{"self":[{"href":"https:\/\/rosanacl.com\/hu\/wp-json\/wp\/v2\/pages\/16","targetHints":{"allow":["GET"]}}],"collection":[{"href":"https:\/\/rosanacl.com\/hu\/wp-json\/wp\/v2\/pages"}],"about":[{"href":"https:\/\/rosanacl.com\/hu\/wp-json\/wp\/v2\/types\/page"}],"author":[{"embeddable":true,"href":"https:\/\/rosanacl.com\/hu\/wp-json\/wp\/v2\/users\/1"}],"replies":[{"embeddable":true,"href":"https:\/\/rosanacl.com\/hu\/wp-json\/wp\/v2\/comments?post=16"}],"version-history":[{"count":0,"href":"https:\/\/rosanacl.com\/hu\/wp-json\/wp\/v2\/pages\/16\/revisions"}],"wp:attachment":[{"href":"https:\/\/rosanacl.com\/hu\/wp-json\/wp\/v2\/media?parent=16"}],"curies":[{"name":"wp","href":"https:\/\/api.w.org\/{rel}","templated":true}]}}