{"id":18,"date":"2025-03-28T16:03:06","date_gmt":"2025-03-28T19:03:06","guid":{"rendered":"https:\/\/innovacon.simplificandotuweb.com\/?page_id=18"},"modified":"2025-08-01T14:33:36","modified_gmt":"2025-08-01T12:33:36","slug":"aviso-legal","status":"publish","type":"page","link":"https:\/\/rosanacl.com\/hu\/aviso-legal\/","title":{"rendered":"Jogi nyilatkozat"},"content":{"rendered":"<div data-elementor-type=\"wp-page\" data-elementor-id=\"18\" class=\"elementor elementor-18\" data-elementor-post-type=\"page\">\n\t\t\t\t<div class=\"elementor-element elementor-element-1f18319 e-flex e-con-boxed e-con e-parent\" data-id=\"1f18319\" data-element_type=\"container\" data-e-type=\"container\" data-settings=\"{&quot;background_background&quot;:&quot;classic&quot;}\">\n\t\t\t\t\t<div class=\"e-con-inner\">\n\t\t<div class=\"elementor-element elementor-element-c2acaab e-con-full e-flex e-con e-child\" data-id=\"c2acaab\" data-element_type=\"container\" data-e-type=\"container\">\n\t\t\t\t<div class=\"elementor-element elementor-element-6f29856 elementor-widget elementor-widget-heading\" data-id=\"6f29856\" data-element_type=\"widget\" data-e-type=\"widget\" data-widget_type=\"heading.default\">\n\t\t\t\t<div class=\"elementor-widget-container\">\n\t\t\t\t\t<h2 class=\"elementor-heading-title elementor-size-default\">Jogi nyilatkozat<\/h2>\t\t\t\t<\/div>\n\t\t\t\t<\/div>\n\t\t\t\t<\/div>\n\t\t\t\t\t<\/div>\n\t\t\t\t<\/div>\n\t\t<div class=\"elementor-element elementor-element-7b2ac5e6 e-flex e-con-boxed e-con e-parent\" data-id=\"7b2ac5e6\" data-element_type=\"container\" data-e-type=\"container\">\n\t\t\t\t\t<div class=\"e-con-inner\">\n\t\t\t\t<div class=\"elementor-element elementor-element-2e23d7df elementor-widget elementor-widget-text-editor\" data-id=\"2e23d7df\" data-element_type=\"widget\" data-e-type=\"widget\" data-widget_type=\"text-editor.default\">\n\t\t\t\t<div class=\"elementor-widget-container\">\n\t\t\t\t\t\t\t\t\t\n<p><strong>Adatkezel\u0151<\/strong><\/p>\n\n<p>Az inform\u00e1ci\u00f3s t\u00e1rsadalommal \u00f6sszef\u00fcgg\u0151 szolg\u00e1ltat\u00e1sokr\u00f3l \u00e9s az elektronikus kereskedelemr\u0151l sz\u00f3l\u00f3 2002. j\u00falius 11-i 34\/2002. t\u00f6rv\u00e9nyben el\u0151\u00edrt t\u00e1j\u00e9koztat\u00e1si k\u00f6telezetts\u00e9gnek megfelel\u0151en t\u00e1j\u00e9koztatjuk, hogy a jelen weboldal tulajdonosa:<\/p>\n\n<ul class=\"wp-block-list\">\n<li>C\u00e9g: Pablo Angulo Maspons<\/li>\n<li>NIF: 73394866A<\/li>\n<li>Lakoss\u00e1g: Vinaroz, Spanyolorsz\u00e1g<\/li>\n<li>Telefon: 613395013<\/li>\n<li>Felad: <a href=\"mailto:info@rosanacl.com\">info@rosanacl.com<\/a><a href=\"mailto:info@rosanacl.com\">\u00a0<\/a><\/li>\n<\/ul>\n\n<p><strong>Objektum<\/strong><\/p>\n\n<p>Az Adatkezel\u0151 ezt a dokumentumot a felhaszn\u00e1l\u00f3k rendelkez\u00e9s\u00e9re bocs\u00e1tja azzal a c\u00e9llal, hogy megfeleljen az adatv\u00e9delemre vonatkoz\u00f3 hat\u00e1lyos szab\u00e1lyoz\u00e1s rendelkez\u00e9seinek, valamint az Eur\u00f3pai Parlament \u00e9s a Tan\u00e1cs (EU) 2016\/679 rendelete (2016. \u00e1prilis 27.) a term\u00e9szetes szem\u00e9lyeknek a szem\u00e9lyes adatok kezel\u00e9se tekintet\u00e9ben t\u00f6rt\u00e9n\u0151 v\u00e9delm\u00e9r\u0151l \u00e9s az ilyen adatok szabad \u00e1raml\u00e1s\u00e1r\u00f3l (a tov\u00e1bbiakban: GDPR) sz\u00f3l\u00f3 \u00faj szab\u00e1lyoz\u00e1si keretrendszer\u00e9nek \u00e9s a szem\u00e9lyes adatok v\u00e9delm\u00e9re vonatkoz\u00f3 nemzeti szab\u00e1lyoz\u00e1soknak, tov\u00e1bb\u00e1 hogy a weboldal minden felhaszn\u00e1l\u00f3j\u00e1t t\u00e1j\u00e9koztassa a weboldal haszn\u00e1lat\u00e1nak felt\u00e9teleir\u0151l. A weboldalt felkeres\u0151 szem\u00e9ly felhaszn\u00e1l\u00f3k\u00e9nt tekinti mag\u00e1t, \u00e9s elk\u00f6telezi mag\u00e1t a jelen dokumentumban foglalt rendelkez\u00e9sek, valamint az egy\u00e9b alkalmazand\u00f3 jogszab\u00e1lyok betart\u00e1sa \u00e9s szigor\u00fa betart\u00e1sa mellett. Az Adatkezel\u0151 fenntartja a jogot, hogy a weboldalon megjelen\u0151 b\u00e1rmilyen t\u00edpus\u00fa inform\u00e1ci\u00f3t m\u00f3dos\u00edtson an\u00e9lk\u00fcl, hogy k\u00f6teles lenne \u00e9rtes\u00edteni vagy t\u00e1j\u00e9koztatni a felhaszn\u00e1l\u00f3kat ezekr\u0151l a k\u00f6telezetts\u00e9gekr\u0151l, azzal, hogy az Adatkezel\u0151 weboldal\u00e1n val\u00f3 k\u00f6zz\u00e9t\u00e9tel elegend\u0151nek tekinthet\u0151.<\/p>\n\n<p><strong>Felel\u0151ss\u00e9g<\/strong><\/p>\n\n<p>Az Adatkezel\u0151 kiz\u00e1r minden felel\u0151ss\u00e9get a weboldal\u00e1n k\u00f6zz\u00e9tett inform\u00e1ci\u00f3kb\u00f3l ered\u0151en, felt\u00e9ve, hogy ezeket az inform\u00e1ci\u00f3kat az Adatkezel\u0151n k\u00edv\u00fcli harmadik f\u00e9l manipul\u00e1lta vagy vitte be.<\/p>\n\n<p><strong>IP-c\u00edmek<\/strong><\/p>\n\n<p>A weboldal szerverei automatikusan felismerik a felhaszn\u00e1l\u00f3 \u00e1ltal haszn\u00e1lt IP-c\u00edmet \u00e9s domain nevet. Az IP-c\u00edm egy olyan sz\u00e1m, amelyet a sz\u00e1m\u00edt\u00f3g\u00e9p automatikusan rendel hozz\u00e1, amikor az csatlakozik az internethez. Mindezeket az inform\u00e1ci\u00f3kat egy megfelel\u0151en regisztr\u00e1lt szervertev\u00e9kenys\u00e9gi napl\u00f3ban r\u00f6gz\u00edtik, amely lehet\u0151v\u00e9 teszi az adatok k\u00e9s\u0151bbi feldolgoz\u00e1s\u00e1t, hogy tiszt\u00e1n statisztikai m\u00e9r\u00e9seket kapjunk, p\u00e9ld\u00e1ul az oldalmegtekint\u00e9sek sz\u00e1m\u00e1t, a webszervereken tett l\u00e1togat\u00e1sok sz\u00e1m\u00e1t, a l\u00e1togat\u00e1sok sorrendj\u00e9t, a hozz\u00e1f\u00e9r\u00e9si pontot stb.<\/p>\n\n<p><strong>Linkekre vonatkoz\u00f3 ir\u00e1nyelvek<\/strong><\/p>\n\n<p>Err\u0151l a weboldalr\u00f3l \u00e1tir\u00e1ny\u00edthatjuk \u00d6nt harmadik f\u00e9l weboldalain tal\u00e1lhat\u00f3 tartalmakra. Mivel az Adatkezel\u0151 nem mindig tudja ellen\u0151rizni a harmadik felek \u00e1ltal a weboldalaikon k\u00f6zz\u00e9tett tartalmakat, nem v\u00e1llal felel\u0151ss\u00e9get az ilyen tartalmak\u00e9rt. Mindenesetre az Adatkezel\u0151 kijelenti, hogy halad\u00e9ktalanul elt\u00e1vol\u00edt minden olyan tartalmat, amely s\u00e9rtheti a nemzeti vagy nemzetk\u00f6zi jogszab\u00e1lyokat, az erk\u00f6lcs\u00f6t vagy a k\u00f6zrendet, \u00e9s azonnal elt\u00e1vol\u00edtja az erre a weboldalra mutat\u00f3 \u00e1tir\u00e1ny\u00edt\u00e1st, \u00e9s \u00e9rtes\u00edti az illet\u00e9kes hat\u00f3s\u00e1gokat a sz\u00f3ban forg\u00f3 tartalomr\u00f3l. Az Adatkezel\u0151 nem v\u00e1llal felel\u0151ss\u00e9get a t\u00e1rolt inform\u00e1ci\u00f3k\u00e9rt \u00e9s tartalmak\u00e9rt, bele\u00e9rtve, de nem kiz\u00e1r\u00f3lagosan a f\u00f3rumokat, cseveg\u00e9seket, bloggener\u00e1torokat, hozz\u00e1sz\u00f3l\u00e1sokat, k\u00f6z\u00f6ss\u00e9gi h\u00e1l\u00f3zatokat vagy b\u00e1rmely m\u00e1s olyan eszk\u00f6zt, amely lehet\u0151v\u00e9 teszi harmadik felek sz\u00e1m\u00e1ra, hogy \u00f6n\u00e1ll\u00f3an tartalmat tegyenek k\u00f6zz\u00e9 az Adatkezel\u0151 weboldal\u00e1n. Az LSSICE (spanyol inform\u00e1ci\u00f3s t\u00e1rsadalmi szolg\u00e1ltat\u00e1sokr\u00f3l sz\u00f3l\u00f3 t\u00f6rv\u00e9ny) 11. \u00e9s 16. cikk\u00e9nek megfelel\u0151en az Adatkezel\u0151 minden felhaszn\u00e1l\u00f3, hat\u00f3s\u00e1g \u00e9s biztons\u00e1gi er\u0151 rendelkez\u00e9s\u00e9re \u00e1ll, akt\u00edvan egy\u00fcttm\u0171k\u00f6dve minden olyan tartalom elt\u00e1vol\u00edt\u00e1s\u00e1ban vagy adott esetben blokkol\u00e1s\u00e1ban, amely befoly\u00e1solhatja vagy s\u00e9rtheti a nemzeti vagy nemzetk\u00f6zi jogszab\u00e1lyokat, harmadik felek jogait, az erk\u00f6lcs\u00f6t \u00e9s a k\u00f6zrendet. Ha a felhaszn\u00e1l\u00f3 \u00fagy v\u00e9li, hogy a weboldalon b\u00e1rmilyen tartalom tal\u00e1lhat\u00f3, amely ilyennek min\u0151s\u00edthet\u0151, k\u00e9rj\u00fck, halad\u00e9ktalanul \u00e9rtes\u00edtse a weboldal adminisztr\u00e1tor\u00e1t. Ezt a weboldalt \u00e1ttekintett\u00fck \u00e9s tesztelt\u00fck a megfelel\u0151 m\u0171k\u00f6d\u00e9s biztos\u00edt\u00e1sa \u00e9rdek\u00e9ben. Elvileg a megfelel\u0151 m\u0171k\u00f6d\u00e9s az \u00e9v 365 napj\u00e1n, a nap 24 \u00f3r\u00e1j\u00e1ban garant\u00e1lhat\u00f3. Az Adatkezel\u0151 azonban nem z\u00e1rja ki a programoz\u00e1si hib\u00e1k lehet\u0151s\u00e9g\u00e9t, illetve azt, hogy ezek vis maior, term\u00e9szeti katasztr\u00f3f\u00e1k, sztr\u00e1jkok vagy hasonl\u00f3 k\u00f6r\u00fclm\u00e9nyek ok\u00e1v\u00e1 v\u00e1ljanak, amelyek lehetetlenn\u00e9 teszik a weboldalhoz val\u00f3 hozz\u00e1f\u00e9r\u00e9st.<\/p>\n\n<p><strong>Adatv\u00e9delem<\/strong><\/p>\n\n<p>Az Adatkezel\u0151 m\u00e9lyen elk\u00f6telezett a jelenlegi adatv\u00e9delmi szab\u00e1lyoz\u00e1sok betart\u00e1sa mellett, valamint az Eur\u00f3pai Parlament \u00e9s a Tan\u00e1cs (EU) 2016\/679 rendelete (2016. \u00e1prilis 27.) a term\u00e9szetes szem\u00e9lyeknek a szem\u00e9lyes adatok kezel\u00e9se tekintet\u00e9ben t\u00f6rt\u00e9n\u0151 v\u00e9delm\u00e9r\u0151l \u00e9s az ilyen adatok szabad \u00e1raml\u00e1s\u00e1r\u00f3l (a tov\u00e1bbiakban: GDPR) sz\u00f3l\u00f3 rendelkez\u00e9sei, valamint a szem\u00e9lyes adatok v\u00e9delm\u00e9re vonatkoz\u00f3 nemzeti szab\u00e1lyoz\u00e1sok alapj\u00e1n l\u00e9trehozott \u00faj szab\u00e1lyoz\u00e1si keretrendszer betart\u00e1sa mellett. Az Adatkezel\u0151 tov\u00e1bb\u00e1 t\u00e1j\u00e9koztatja, hogy megfelel az inform\u00e1ci\u00f3s t\u00e1rsadalommal \u00f6sszef\u00fcgg\u0151 szolg\u00e1ltat\u00e1sokr\u00f3l \u00e9s az elektronikus kereskedelemr\u0151l sz\u00f3l\u00f3 2002. j\u00falius 11-i 34\/2002. t\u00f6rv\u00e9nynek, \u00e9s mindenkor k\u00e9ri az \u00d6n hozz\u00e1j\u00e1rul\u00e1s\u00e1t adatainak kereskedelmi c\u00e9l\u00fa feldolgoz\u00e1s\u00e1hoz.<\/p>\n\n<p><strong>Szellemi \u00e9s ipari tulajdon<\/strong><\/p>\n\n<p>A weboldal, bele\u00e9rtve, de nem kiz\u00e1r\u00f3lagosan, annak programoz\u00e1s\u00e1t, szerkeszt\u00e9s\u00e9t, \u00f6ssze\u00e1ll\u00edt\u00e1s\u00e1t \u00e9s a m\u0171k\u00f6d\u00e9s\u00e9hez sz\u00fcks\u00e9ges egy\u00e9b elemeket, a designokat, log\u00f3kat, sz\u00f6veget \u00e9s\/vagy grafik\u00e1t, az Adatkezel\u0151 tulajdon\u00e1t k\u00e9pezi, vagy adott esetben a szerz\u0151k licenc\u00e9vel vagy kifejezett enged\u00e9ly\u00e9vel rendelkezik. A weboldalon tal\u00e1lhat\u00f3 \u00f6sszes tartalom szellemi \u00e9s ipari tulajdonjogi szab\u00e1lyoz\u00e1sok v\u00e9delme alatt \u00e1ll. A rendeltet\u00e9st\u0151l f\u00fcggetlen\u00fcl a teljes vagy r\u00e9szleges reproduk\u00e1l\u00e1s, felhaszn\u00e1l\u00e1s, hasznos\u00edt\u00e1s, terjeszt\u00e9s \u00e9s marketing mindig az Adatkezel\u0151 el\u0151zetes \u00edr\u00e1sbeli enged\u00e9ly\u00e9t ig\u00e9nyli. Az Adatkezel\u0151 \u00e1ltal el\u0151zetesen nem enged\u00e9lyezett b\u00e1rmilyen felhaszn\u00e1l\u00e1s a szerz\u0151 szellemi vagy ipari tulajdonjogainak s\u00falyos megs\u00e9rt\u00e9s\u00e9nek min\u0151s\u00fcl. A weboldalon megjelen\u0151, nem a k\u00f6lcs\u00f6nad\u00f3 tulajdon\u00e1t k\u00e9pez\u0151 designok, log\u00f3k, sz\u00f6vegek \u00e9s\/vagy grafik\u00e1k a megfelel\u0151 tulajdonosokhoz tartoznak, akik felel\u0151sek az ezekkel kapcsolatban esetlegesen felmer\u00fcl\u0151 vit\u00e1k\u00e9rt. Az Adatkezel\u0151 minden esetben rendelkezik az el\u0151zetes kifejezett enged\u00e9ly\u00fckkel. Az Adatkezel\u0151 kifejezetten felhatalmazza harmadik feleket arra, hogy k\u00f6zvetlen\u00fcl \u00e1tir\u00e1ny\u00edtsanak a weboldalon tal\u00e1lhat\u00f3 adott tartalomra, \u00e9s minden esetben az Adatkezel\u0151 honlapj\u00e1ra kell \u00e1tir\u00e1ny\u00edtaniuk. Az Adatkezel\u0151 elismeri a tulajdonosok szellemi \u00e9s ipari tulajdonjogait, \u00e9s azok weboldalon val\u00f3 puszta eml\u00edt\u00e9se vagy megjelen\u00e9se nem jelenti az Adatkezel\u0151 ezen jogokkal kapcsolatos jogainak vagy felel\u0151ss\u00e9g\u00e9nek megl\u00e9t\u00e9t, \u00e9s nem jelenti a t\u00e1mogat\u00e1sukat, szponzor\u00e1l\u00e1sukat vagy aj\u00e1nl\u00e1sukat sem. Minden olyan k\u00e9p eset\u00e9ben, ahol a tervez\u0151szoftver ezt lehet\u0151v\u00e9 teszi, felt\u00fcntett\u00fck a szerz\u0151s\u00e9gre \u00e9s a megfelel\u0151 licencre val\u00f3 hivatkoz\u00e1sokat. A szellemi vagy ipari tulajdonjogok esetleges megs\u00e9rt\u00e9s\u00e9vel, valamint a weboldal b\u00e1rmely tartalm\u00e1val kapcsolatos \u00e9szrev\u00e9teleit a k\u00f6vetkez\u0151 e-mail c\u00edmen teheti meg: <a href=\"mailto:info@rosanacl.com\">info@rosanacl.com<\/a><\/p>\n\n<p>\u00a0<\/p>\n\t\t\t\t\t\t\t\t<\/div>\n\t\t\t\t<\/div>\n\t\t\t\t\t<\/div>\n\t\t\t\t<\/div>\n\t\t\t\t<\/div>","protected":false},"excerpt":{"rendered":"<p>Responsable del tratamiento de los datos En cumplimiento del deber de informaci\u00f3n que establece la Ley La 34\/2002, de 11 de julio, de Servicios de la Sociedad de la Informaci\u00f3n y del Comercio Electr\u00f3nico, le comunicamos que esta web es titularidad de: Objeto El Responsable pone a disposici\u00f3n de los usuarios este documento con el [&hellip;]<\/p>\n","protected":false},"author":1,"featured_media":0,"parent":0,"menu_order":0,"comment_status":"closed","ping_status":"closed","template":"","meta":{"content-type":"","footnotes":""},"class_list":["post-18","page","type-page","status-publish","hentry"],"yoast_head":"<!-- This site is optimized with the Yoast SEO plugin v27.4 - https:\/\/yoast.com\/product\/yoast-seo-wordpress\/ -->\n<title>Aviso Legal - Rosana CL<\/title>\n<meta name=\"robots\" content=\"index, follow, max-snippet:-1, max-image-preview:large, max-video-preview:-1\" \/>\n<link rel=\"canonical\" href=\"https:\/\/rosanacl.com\/hu\/aviso-legal\/\" \/>\n<meta property=\"og:locale\" content=\"hu_HU\" \/>\n<meta property=\"og:type\" content=\"article\" \/>\n<meta property=\"og:title\" content=\"Aviso Legal - Rosana CL\" \/>\n<meta property=\"og:description\" content=\"Responsable del tratamiento de los datos En cumplimiento del deber de informaci\u00f3n que establece la Ley La 34\/2002, de 11 de julio, de Servicios de la Sociedad de la Informaci\u00f3n y del Comercio Electr\u00f3nico, le comunicamos que esta web es titularidad de: Objeto El Responsable pone a disposici\u00f3n de los usuarios este documento con el [&hellip;]\" \/>\n<meta property=\"og:url\" content=\"https:\/\/rosanacl.com\/hu\/aviso-legal\/\" \/>\n<meta property=\"og:site_name\" content=\"Rosana CL\" \/>\n<meta property=\"article:modified_time\" content=\"2025-08-01T12:33:36+00:00\" \/>\n<meta name=\"twitter:card\" content=\"summary_large_image\" \/>\n<meta name=\"twitter:label1\" content=\"Becs\u00fclt olvas\u00e1si id\u0151\" \/>\n\t<meta name=\"twitter:data1\" content=\"6 perc\" \/>\n<script type=\"application\/ld+json\" class=\"yoast-schema-graph\">{\"@context\":\"https:\\\/\\\/schema.org\",\"@graph\":[{\"@type\":\"WebPage\",\"@id\":\"https:\\\/\\\/rosanacl.com\\\/aviso-legal\\\/\",\"url\":\"https:\\\/\\\/rosanacl.com\\\/aviso-legal\\\/\",\"name\":\"Aviso Legal - Rosana CL\",\"isPartOf\":{\"@id\":\"https:\\\/\\\/rosanacl.com\\\/ca\\\/#website\"},\"datePublished\":\"2025-03-28T19:03:06+00:00\",\"dateModified\":\"2025-08-01T12:33:36+00:00\",\"breadcrumb\":{\"@id\":\"https:\\\/\\\/rosanacl.com\\\/aviso-legal\\\/#breadcrumb\"},\"inLanguage\":\"hu\",\"potentialAction\":[{\"@type\":\"ReadAction\",\"target\":[\"https:\\\/\\\/rosanacl.com\\\/aviso-legal\\\/\"]}]},{\"@type\":\"BreadcrumbList\",\"@id\":\"https:\\\/\\\/rosanacl.com\\\/aviso-legal\\\/#breadcrumb\",\"itemListElement\":[{\"@type\":\"ListItem\",\"position\":1,\"name\":\"Portada\",\"item\":\"https:\\\/\\\/rosanacl.com\\\/ca\\\/\"},{\"@type\":\"ListItem\",\"position\":2,\"name\":\"Aviso Legal\"}]},{\"@type\":\"WebSite\",\"@id\":\"https:\\\/\\\/rosanacl.com\\\/ca\\\/#website\",\"url\":\"https:\\\/\\\/rosanacl.com\\\/ca\\\/\",\"name\":\"Rosana CL\",\"description\":\"Somos tu interior\",\"potentialAction\":[{\"@type\":\"SearchAction\",\"target\":{\"@type\":\"EntryPoint\",\"urlTemplate\":\"https:\\\/\\\/rosanacl.com\\\/ca\\\/?s={search_term_string}\"},\"query-input\":{\"@type\":\"PropertyValueSpecification\",\"valueRequired\":true,\"valueName\":\"search_term_string\"}}],\"inLanguage\":\"hu\"}]}<\/script>\n<!-- \/ Yoast SEO plugin. -->","yoast_head_json":{"title":"Aviso Legal - Rosana CL","robots":{"index":"index","follow":"follow","max-snippet":"max-snippet:-1","max-image-preview":"max-image-preview:large","max-video-preview":"max-video-preview:-1"},"canonical":"https:\/\/rosanacl.com\/hu\/aviso-legal\/","og_locale":"hu_HU","og_type":"article","og_title":"Aviso Legal - Rosana CL","og_description":"Responsable del tratamiento de los datos En cumplimiento del deber de informaci\u00f3n que establece la Ley La 34\/2002, de 11 de julio, de Servicios de la Sociedad de la Informaci\u00f3n y del Comercio Electr\u00f3nico, le comunicamos que esta web es titularidad de: Objeto El Responsable pone a disposici\u00f3n de los usuarios este documento con el [&hellip;]","og_url":"https:\/\/rosanacl.com\/hu\/aviso-legal\/","og_site_name":"Rosana CL","article_modified_time":"2025-08-01T12:33:36+00:00","twitter_card":"summary_large_image","twitter_misc":{"Becs\u00fclt olvas\u00e1si id\u0151":"6 perc"},"schema":{"@context":"https:\/\/schema.org","@graph":[{"@type":"WebPage","@id":"https:\/\/rosanacl.com\/aviso-legal\/","url":"https:\/\/rosanacl.com\/aviso-legal\/","name":"Aviso Legal - Rosana CL","isPartOf":{"@id":"https:\/\/rosanacl.com\/ca\/#website"},"datePublished":"2025-03-28T19:03:06+00:00","dateModified":"2025-08-01T12:33:36+00:00","breadcrumb":{"@id":"https:\/\/rosanacl.com\/aviso-legal\/#breadcrumb"},"inLanguage":"hu","potentialAction":[{"@type":"ReadAction","target":["https:\/\/rosanacl.com\/aviso-legal\/"]}]},{"@type":"BreadcrumbList","@id":"https:\/\/rosanacl.com\/aviso-legal\/#breadcrumb","itemListElement":[{"@type":"ListItem","position":1,"name":"Portada","item":"https:\/\/rosanacl.com\/ca\/"},{"@type":"ListItem","position":2,"name":"Aviso Legal"}]},{"@type":"WebSite","@id":"https:\/\/rosanacl.com\/ca\/#website","url":"https:\/\/rosanacl.com\/ca\/","name":"Rosana CL","description":"Mi vagyunk a bels\u0151 \u00e9ned","potentialAction":[{"@type":"SearchAction","target":{"@type":"EntryPoint","urlTemplate":"https:\/\/rosanacl.com\/ca\/?s={search_term_string}"},"query-input":{"@type":"PropertyValueSpecification","valueRequired":true,"valueName":"search_term_string"}}],"inLanguage":"hu"}]}},"_links":{"self":[{"href":"https:\/\/rosanacl.com\/hu\/wp-json\/wp\/v2\/pages\/18","targetHints":{"allow":["GET"]}}],"collection":[{"href":"https:\/\/rosanacl.com\/hu\/wp-json\/wp\/v2\/pages"}],"about":[{"href":"https:\/\/rosanacl.com\/hu\/wp-json\/wp\/v2\/types\/page"}],"author":[{"embeddable":true,"href":"https:\/\/rosanacl.com\/hu\/wp-json\/wp\/v2\/users\/1"}],"replies":[{"embeddable":true,"href":"https:\/\/rosanacl.com\/hu\/wp-json\/wp\/v2\/comments?post=18"}],"version-history":[{"count":0,"href":"https:\/\/rosanacl.com\/hu\/wp-json\/wp\/v2\/pages\/18\/revisions"}],"wp:attachment":[{"href":"https:\/\/rosanacl.com\/hu\/wp-json\/wp\/v2\/media?parent=18"}],"curies":[{"name":"wp","href":"https:\/\/api.w.org\/{rel}","templated":true}]}}