{"id":2006,"date":"2025-05-23T08:26:39","date_gmt":"2025-05-23T06:26:39","guid":{"rendered":"https:\/\/rosanacl.com\/?page_id=2006"},"modified":"2025-12-14T22:28:46","modified_gmt":"2025-12-14T21:28:46","slug":"politica-de-devolucion","status":"publish","type":"page","link":"https:\/\/rosanacl.com\/hu\/politica-de-devolucion\/","title":{"rendered":"Visszak\u00fcld\u00e9si szab\u00e1lyzat"},"content":{"rendered":"<div data-elementor-type=\"wp-page\" data-elementor-id=\"2006\" class=\"elementor elementor-2006\" data-elementor-post-type=\"page\">\n\t\t\t\t<div class=\"elementor-element elementor-element-7a0b207 e-flex e-con-boxed e-con e-parent\" data-id=\"7a0b207\" data-element_type=\"container\" data-e-type=\"container\" data-settings=\"{&quot;background_background&quot;:&quot;classic&quot;}\">\n\t\t\t\t\t<div class=\"e-con-inner\">\n\t\t<div class=\"elementor-element elementor-element-2fcf4bc e-con-full e-flex e-con e-child\" data-id=\"2fcf4bc\" data-element_type=\"container\" data-e-type=\"container\">\n\t\t\t\t<div class=\"elementor-element elementor-element-d10b990 elementor-widget elementor-widget-heading\" data-id=\"d10b990\" data-element_type=\"widget\" data-e-type=\"widget\" data-widget_type=\"heading.default\">\n\t\t\t\t<div class=\"elementor-widget-container\">\n\t\t\t\t\t<h2 class=\"elementor-heading-title elementor-size-default\">Visszak\u00fcld\u00e9si szab\u00e1lyzat<\/h2>\t\t\t\t<\/div>\n\t\t\t\t<\/div>\n\t\t\t\t<\/div>\n\t\t\t\t\t<\/div>\n\t\t\t\t<\/div>\n\t\t<div class=\"elementor-element elementor-element-eca30f2 e-flex e-con-boxed e-con e-parent\" data-id=\"eca30f2\" data-element_type=\"container\" data-e-type=\"container\">\n\t\t\t\t\t<div class=\"e-con-inner\">\n\t\t\t\t<div class=\"elementor-element elementor-element-8328658 elementor-widget elementor-widget-text-editor\" data-id=\"8328658\" data-element_type=\"widget\" data-e-type=\"widget\" data-widget_type=\"text-editor.default\">\n\t\t\t\t<div class=\"elementor-widget-container\">\n\t\t\t\t\t\t\t\t\t<p>Ez a visszak\u00fcld\u00e9si szab\u00e1lyzat utolj\u00e1ra 2025. m\u00e1jus 23-\u00e1n friss\u00fclt, \u00e9s a weboldalunkon kereszt\u00fcl lebonyol\u00edtott \u00f6sszes v\u00e1s\u00e1rl\u00e1sra vonatkozik: <a href=\"https:\/\/rosanacl.com\/hu\/\">https:\/\/rosanacl.com\/<\/a><\/p>\n<p><!-- \/wp:paragraph --><!-- wp:paragraph --><\/p>\n<p><strong>1. El\u00e1ll\u00e1si jog<\/strong><\/p>\n<p><!-- \/wp:paragraph --><!-- wp:paragraph --><\/p>\n<p>\u00d6nnek joga van a term\u00e9k k\u00e9zhezv\u00e9tel\u00e9t\u0151l sz\u00e1m\u00edtott 14 napt\u00e1ri napon bel\u00fcl indokl\u00e1s n\u00e9lk\u00fcl el\u00e1llni a v\u00e1s\u00e1rl\u00e1st\u00f3l. Ezen jog gyakorl\u00e1s\u00e1hoz a jelen szab\u00e1lyzat v\u00e9g\u00e9n tal\u00e1lhat\u00f3 el\u00e9rhet\u0151s\u00e9geken kereszt\u00fcl veheti fel vel\u00fcnk a kapcsolatot.<\/p>\n<p><!-- \/wp:paragraph --><!-- wp:paragraph --><\/p>\n<p><strong>2. Visszak\u00fcld\u00e9si felt\u00e9telek<\/strong><\/p>\n<p><!-- \/wp:paragraph --><!-- wp:paragraph --><\/p>\n<p>A visszak\u00fcld\u00e9shez a term\u00e9knek t\u00f6k\u00e9letes \u00e1llapotban kell lennie, haszn\u00e1lat vagy mos\u00e1s nyomait\u00f3l mentesnek, \u00e9s tartalmaznia kell az eredeti csomagol\u00e1s\u00e1t, s\u00e9rtetlen c\u00edmk\u00e9it, valamint az \u00f6sszes tartoz\u00e9kot vagy k\u00e9zik\u00f6nyvet, ha van ilyen.<\/p>\n<p><!-- \/wp:paragraph --><!-- wp:paragraph --><\/p>\n<p>Azon term\u00e9kek visszak\u00fcld\u00e9s\u00e9t, amelyek nem felelnek meg ezeknek a felt\u00e9teleknek, vagy az al\u00e1bbi kateg\u00f3ri\u00e1kba tartoznak, nem fogadjuk el:<\/p>\n<p><!-- \/wp:paragraph --><!-- wp:list --><\/p>\n<ul>\n<li>Als\u00f3nem\u0171 (tang\u00e1k, bugyik, bokszerals\u00f3, harisnyanadr\u00e1g, cs\u00edp\u0151szor\u00edt\u00f3, culottes, body vagy egy\u00e9b, intim ter\u00fcletekkel \u00e9rintkez\u00e9sbe ker\u00fcl\u0151 ruhadarabok).<\/li>\n<li>Nyitott higi\u00e9niai vagy eg\u00e9szs\u00e9g\u00fcgyi term\u00e9kek.<\/li>\n<li>Szem\u00e9lyre szabott, romland\u00f3 vagy digit\u00e1lis term\u00e9kek.<\/li>\n<li>Szilikon melltart\u00f3k \u00e9s h\u00e1t n\u00e9lk\u00fcli melltart\u00f3k.<\/li>\n<li>Csomagol\u00e1s n\u00e9lk\u00fcli vagy s\u00e9r\u00fclt doboz\u00fa term\u00e9kek.<\/li>\n<li>Haszn\u00e1lt, s\u00e9r\u00fclt, foltos vagy c\u00edmk\u00e9zetlen term\u00e9kek.<\/li>\n<li>K\u00e9sedelmi csere \u00e9s visszak\u00fcld\u00e9s \u00e9rtes\u00edt\u00e9se.<\/li>\n<\/ul>\n<p><!-- \/wp:list --><!-- wp:paragraph --><\/p>\n<p>Ha a k\u00f6vetelm\u00e9nyek nem teljes\u00fclnek, a v\u00e1s\u00e1rl\u00f3t \u00e9rtes\u00edtj\u00fck, \u00e9s a visszak\u00fcld\u00e9st elutas\u00edtjuk.<\/p>\n<p><!-- \/wp:paragraph --><!-- wp:paragraph --><\/p>\n<p><strong>3. T\u00f6rt\u00e9nnek v\u00e1ltoztat\u00e1sok?<\/strong><\/p>\n<p><!-- \/wp:paragraph --><!-- wp:paragraph --><\/p>\n<p data-start=\"157\" data-end=\"432\"><span style=\"font-size: 1rem;\">Igen, elfogadunk term\u00e9kcser\u00e9t, amennyiben azok t\u00f6k\u00e9letes \u00e1llapotban vannak, haszn\u00e1latlanok \u00e9s eredeti csomagol\u00e1sukban. Ha egy term\u00e9ket egy m\u00e1sikra szeretne cser\u00e9lni (p\u00e9ld\u00e1ul m\u00e1s m\u00e9ret\u0171re, sz\u00edn\u0171re vagy modellre), k\u00e9rj\u00fck, vegye fel vel\u00fcnk a kapcsolatot a csere megszervez\u00e9se \u00e9rdek\u00e9ben.<\/span><\/p>\n<p data-start=\"157\" data-end=\"432\">\n<\/p><p data-start=\"436\" data-end=\"601\"><span style=\"font-size: 1rem;\">Ha a csere nem lehets\u00e9ges k\u00f6zvetlen\u00fcl, b\u00e1rmikor \u00e9lhet el\u00e1ll\u00e1si jog\u00e1val, \u00e9s k\u00e9rheti a visszat\u00e9r\u00edt\u00e9st a hat\u00e1lyos szab\u00e1lyoz\u00e1soknak megfelel\u0151en \u00e9s a jelen szab\u00e1lyzat 1. pontj\u00e1ban foglaltak szerint.<\/span><\/p>\n<p data-start=\"436\" data-end=\"601\">A term\u00e9kek cser\u00e9je a k\u00e9zhezv\u00e9telt\u0151l sz\u00e1m\u00edtott 3 napon bel\u00fcl lehets\u00e9ges.<\/p>\n<p><!-- \/wp:paragraph --><!-- wp:paragraph --><\/p>\n<p><strong>4. Visszak\u00fcld\u00e9si folyamat<\/strong><\/p>\n<p><!-- \/wp:paragraph --><!-- wp:paragraph --><\/p>\n<p>Miut\u00e1n \u00e9rtes\u00edt minket a term\u00e9k visszak\u00fcld\u00e9si sz\u00e1nd\u00e9k\u00e1r\u00f3l, elk\u00fcldj\u00fck \u00d6nnek a term\u00e9k visszak\u00fcld\u00e9s\u00e9re vonatkoz\u00f3 utas\u00edt\u00e1sokat.<\/p>\n<p><!-- \/wp:paragraph --><!-- wp:paragraph --><\/p>\n<p>A visszak\u00fcld\u00e9s k\u00f6lts\u00e9geit, valamint az esetlegesen felmer\u00fcl\u0151 egy\u00e9b k\u00f6lts\u00e9geket, p\u00e9ld\u00e1ul a v\u00e1mot, a vev\u0151 viseli, kiv\u00e9ve, ha a term\u00e9k hib\u00e1s, vagy a mi hib\u00e1nkb\u00f3l ered. Ilyen esetekben mi \u00e1lljuk az elsz\u00e1ll\u00edt\u00e1s \u00e9s a visszak\u00fcld\u00e9s k\u00f6lts\u00e9geit.<\/p>\n<p><!-- \/wp:paragraph --><!-- wp:paragraph --><\/p>\n<p><strong>5. Visszat\u00e9r\u00edt\u00e9s<\/strong><\/p>\n<p><!-- \/wp:paragraph --><!-- wp:paragraph --><\/p>\n<p>A visszak\u00fcld\u00f6tt term\u00e9k \u00e1tv\u00e9tel\u00e9t \u00e9s ellen\u0151rz\u00e9s\u00e9t k\u00f6vet\u0151en legfeljebb 14 napt\u00e1ri napon bel\u00fcl feldolgozzuk a visszat\u00e9r\u00edt\u00e9st. A visszat\u00e9r\u00edt\u00e9st a v\u00e1s\u00e1rl\u00e1skor haszn\u00e1lt fizet\u00e9si m\u00f3ddal megegyez\u0151 m\u00f3don teljes\u00edtj\u00fck, kiv\u00e9ve, ha m\u00e1sk\u00e9nt \u00e1llapodtunk meg.<\/p>\n<p><!-- \/wp:paragraph --><!-- wp:paragraph --><\/p>\n<p>A fizet\u00e9si m\u00f3dt\u00f3l f\u00fcgg\u0151en a visszat\u00e9r\u00edt\u00e9s a k\u00f6vetkez\u0151k\u00e9ppen t\u00f6rt\u00e9nik:<\/p>\n<p><!-- \/wp:paragraph --><!-- wp:list --><\/p>\n<ul>\n<li>Bankk\u00e1rtya: j\u00f3v\u00e1\u00edr\u00e1s a csatolt sz\u00e1ml\u00e1ra.<\/li>\n<li>Bizum: befizet\u00e9s a hozz\u00e1 tartoz\u00f3 sz\u00e1ml\u00e1ra.<\/li>\n<li>\u00c1tutal\u00e1s: visszat\u00e9r\u00edt\u00e9s arra a sz\u00e1ml\u00e1ra, amelyr\u0151l a fizet\u00e9s t\u00f6rt\u00e9nt.<\/li>\n<\/ul>\n<p><!-- \/wp:list --><!-- wp:paragraph --><\/p>\n<p><strong>6. Hib\u00e1s term\u00e9kek vagy hib\u00e1k a megrendel\u00e9sben<\/strong><\/p>\n<p><!-- \/wp:paragraph --><!-- wp:paragraph --><\/p>\n<p>Ha a term\u00e9k hib\u00e1san \u00e9rkezik, vagy hiba t\u00f6rt\u00e9nt a megrendel\u00e9sben, k\u00e9rj\u00fck, a lehet\u0151 leghamarabb vegye fel vel\u00fcnk a kapcsolatot. Mi \u00e1lljuk az \u00f6sszes sz\u00e1ll\u00edt\u00e1si k\u00f6lts\u00e9get, \u00e9s int\u00e9zked\u00fcnk a hib\u00e1s term\u00e9k visszat\u00e9r\u00edt\u00e9s\u00e9r\u0151l vagy cser\u00e9j\u00e9r\u0151l.<\/p>\n<p><!-- \/wp:paragraph --><!-- wp:paragraph --><\/p>\n<p><strong>7. Sz\u00e1ll\u00edt\u00e1si szab\u00e1lyzat<\/strong><\/p>\n<p>A visszak\u00fcld\u00e9shez sz\u00fcks\u00e9ges sz\u00e1ll\u00edt\u00e1si \u00e9s v\u00e1mkezel\u00e9si k\u00f6lts\u00e9geket a vev\u0151 viseli.<\/p>\n<p data-start=\"92\" data-end=\"137\"><strong data-start=\"92\" data-end=\"137\">Aj\u00e1nl\u00e1s rendel\u00e9s lead\u00e1sa el\u0151tt<\/strong><\/p>\n<p data-start=\"139\" data-end=\"351\">Javasoljuk, hogy a v\u00e1s\u00e1rl\u00e1s v\u00e9gleges\u00edt\u00e9se el\u0151tt gondosan ellen\u0151rizze a m\u00e9reteket. Fontos, hogy vegye fel a m\u00e9reteit, \u00e9s hasonl\u00edtsa \u00f6ssze azokat a m\u00e9rett\u00e1bl\u00e1zatunkkal vagy kalkul\u00e1torunkkal, hogy biztosan a legmegfelel\u0151bb opci\u00f3t v\u00e1lassza.<\/p>\n<p data-start=\"353\" data-end=\"571\">\u00cdgy egy\u00fcttm\u0171k\u00f6dve ker\u00fclj\u00fck el a felesleges cser\u00e9ket vagy visszak\u00fcld\u00e9seket, ami nemcsak a sz\u00e1ll\u00edt\u00e1si \u00e9s visszak\u00fcld\u00e9si k\u00f6lts\u00e9geket cs\u00f6kkenti az \u00fcgyf\u00e9l sz\u00e1m\u00e1ra, hanem seg\u00edt minimaliz\u00e1lni a k\u00f6rnyezeti terhel\u00e9st is.<\/p>\n<p><\/p>\n<p data-start=\"573\" data-end=\"615\">K\u00f6sz\u00f6nj\u00fck meg\u00e9rt\u00e9s\u00e9t \u00e9s egy\u00fcttm\u0171k\u00f6d\u00e9s\u00e9t.<\/p>\n<p><!-- \/wp:paragraph --><!-- wp:paragraph --><\/p>\n<p>Visszak\u00fcld\u00e9ssel kapcsolatos k\u00e9r\u00e9sekkel k\u00e9rj\u00fck, vegye fel vel\u00fcnk a kapcsolatot:<\/p>\n<p><!-- \/wp:paragraph --><!-- wp:list --><\/p>\n<ul>\n<li>C\u00e9g: Pablo Angulo Maspons<\/li>\n<li>Lakoss\u00e1g: Vinaroz, Spanyolorsz\u00e1g<\/li>\n<li>Telefon: 613395013<\/li>\n<li>Felad: <a href=\"mailto:info@rosanacl.com\">info@rosanacl.com <\/a><\/li>\n<\/ul>\t\t\t\t\t\t\t\t<\/div>\n\t\t\t\t<\/div>\n\t\t\t\t\t<\/div>\n\t\t\t\t<\/div>\n\t\t\t\t<\/div>","protected":false},"excerpt":{"rendered":"<p>Esta pol\u00edtica de devoluciones fue actualizada por \u00faltima vez el 23\/05\/2025 y se aplica a todas las compras realizadas a trav\u00e9s de nuestra web: https:\/\/rosanacl.com\/ 1. Derecho de desistimiento Tienes derecho a desistir de tu compra dentro de un plazo de 14 d\u00edas naturales desde la recepci\u00f3n del producto, sin necesidad de justificaci\u00f3n. Para ejercer [&hellip;]<\/p>\n","protected":false},"author":1,"featured_media":0,"parent":0,"menu_order":0,"comment_status":"closed","ping_status":"closed","template":"","meta":{"content-type":"","footnotes":""},"class_list":["post-2006","page","type-page","status-publish","hentry"],"yoast_head":"<!-- This site is optimized with the Yoast SEO plugin v27.4 - https:\/\/yoast.com\/product\/yoast-seo-wordpress\/ -->\n<title>Pol\u00edtica de Devoluci\u00f3n - Rosana CL<\/title>\n<meta name=\"robots\" content=\"index, follow, max-snippet:-1, max-image-preview:large, max-video-preview:-1\" \/>\n<link rel=\"canonical\" href=\"https:\/\/rosanacl.com\/hu\/politica-de-devolucion\/\" \/>\n<meta property=\"og:locale\" content=\"hu_HU\" \/>\n<meta property=\"og:type\" content=\"article\" \/>\n<meta property=\"og:title\" content=\"Pol\u00edtica de Devoluci\u00f3n - Rosana CL\" \/>\n<meta property=\"og:description\" content=\"Esta pol\u00edtica de devoluciones fue actualizada por \u00faltima vez el 23\/05\/2025 y se aplica a todas las compras realizadas a trav\u00e9s de nuestra web: https:\/\/rosanacl.com\/ 1. Derecho de desistimiento Tienes derecho a desistir de tu compra dentro de un plazo de 14 d\u00edas naturales desde la recepci\u00f3n del producto, sin necesidad de justificaci\u00f3n. Para ejercer [&hellip;]\" \/>\n<meta property=\"og:url\" content=\"https:\/\/rosanacl.com\/hu\/politica-de-devolucion\/\" \/>\n<meta property=\"og:site_name\" content=\"Rosana CL\" \/>\n<meta property=\"article:modified_time\" content=\"2025-12-14T21:28:46+00:00\" \/>\n<meta name=\"twitter:card\" content=\"summary_large_image\" \/>\n<meta name=\"twitter:label1\" content=\"Becs\u00fclt olvas\u00e1si id\u0151\" \/>\n\t<meta name=\"twitter:data1\" content=\"3 perc\" \/>\n<script type=\"application\/ld+json\" class=\"yoast-schema-graph\">{\"@context\":\"https:\\\/\\\/schema.org\",\"@graph\":[{\"@type\":\"WebPage\",\"@id\":\"https:\\\/\\\/rosanacl.com\\\/politica-de-devolucion\\\/\",\"url\":\"https:\\\/\\\/rosanacl.com\\\/politica-de-devolucion\\\/\",\"name\":\"Pol\u00edtica de Devoluci\u00f3n - Rosana CL\",\"isPartOf\":{\"@id\":\"https:\\\/\\\/rosanacl.com\\\/ca\\\/#website\"},\"datePublished\":\"2025-05-23T06:26:39+00:00\",\"dateModified\":\"2025-12-14T21:28:46+00:00\",\"breadcrumb\":{\"@id\":\"https:\\\/\\\/rosanacl.com\\\/politica-de-devolucion\\\/#breadcrumb\"},\"inLanguage\":\"hu\",\"potentialAction\":[{\"@type\":\"ReadAction\",\"target\":[\"https:\\\/\\\/rosanacl.com\\\/politica-de-devolucion\\\/\"]}]},{\"@type\":\"BreadcrumbList\",\"@id\":\"https:\\\/\\\/rosanacl.com\\\/politica-de-devolucion\\\/#breadcrumb\",\"itemListElement\":[{\"@type\":\"ListItem\",\"position\":1,\"name\":\"Portada\",\"item\":\"https:\\\/\\\/rosanacl.com\\\/ca\\\/\"},{\"@type\":\"ListItem\",\"position\":2,\"name\":\"Pol\u00edtica de Devoluci\u00f3n\"}]},{\"@type\":\"WebSite\",\"@id\":\"https:\\\/\\\/rosanacl.com\\\/ca\\\/#website\",\"url\":\"https:\\\/\\\/rosanacl.com\\\/ca\\\/\",\"name\":\"Rosana CL\",\"description\":\"Somos tu interior\",\"potentialAction\":[{\"@type\":\"SearchAction\",\"target\":{\"@type\":\"EntryPoint\",\"urlTemplate\":\"https:\\\/\\\/rosanacl.com\\\/ca\\\/?s={search_term_string}\"},\"query-input\":{\"@type\":\"PropertyValueSpecification\",\"valueRequired\":true,\"valueName\":\"search_term_string\"}}],\"inLanguage\":\"hu\"}]}<\/script>\n<!-- \/ Yoast SEO plugin. -->","yoast_head_json":{"title":"Pol\u00edtica de Devoluci\u00f3n - Rosana CL","robots":{"index":"index","follow":"follow","max-snippet":"max-snippet:-1","max-image-preview":"max-image-preview:large","max-video-preview":"max-video-preview:-1"},"canonical":"https:\/\/rosanacl.com\/hu\/politica-de-devolucion\/","og_locale":"hu_HU","og_type":"article","og_title":"Pol\u00edtica de Devoluci\u00f3n - Rosana CL","og_description":"Esta pol\u00edtica de devoluciones fue actualizada por \u00faltima vez el 23\/05\/2025 y se aplica a todas las compras realizadas a trav\u00e9s de nuestra web: https:\/\/rosanacl.com\/ 1. Derecho de desistimiento Tienes derecho a desistir de tu compra dentro de un plazo de 14 d\u00edas naturales desde la recepci\u00f3n del producto, sin necesidad de justificaci\u00f3n. Para ejercer [&hellip;]","og_url":"https:\/\/rosanacl.com\/hu\/politica-de-devolucion\/","og_site_name":"Rosana CL","article_modified_time":"2025-12-14T21:28:46+00:00","twitter_card":"summary_large_image","twitter_misc":{"Becs\u00fclt olvas\u00e1si id\u0151":"3 perc"},"schema":{"@context":"https:\/\/schema.org","@graph":[{"@type":"WebPage","@id":"https:\/\/rosanacl.com\/politica-de-devolucion\/","url":"https:\/\/rosanacl.com\/politica-de-devolucion\/","name":"Pol\u00edtica de Devoluci\u00f3n - Rosana CL","isPartOf":{"@id":"https:\/\/rosanacl.com\/ca\/#website"},"datePublished":"2025-05-23T06:26:39+00:00","dateModified":"2025-12-14T21:28:46+00:00","breadcrumb":{"@id":"https:\/\/rosanacl.com\/politica-de-devolucion\/#breadcrumb"},"inLanguage":"hu","potentialAction":[{"@type":"ReadAction","target":["https:\/\/rosanacl.com\/politica-de-devolucion\/"]}]},{"@type":"BreadcrumbList","@id":"https:\/\/rosanacl.com\/politica-de-devolucion\/#breadcrumb","itemListElement":[{"@type":"ListItem","position":1,"name":"Portada","item":"https:\/\/rosanacl.com\/ca\/"},{"@type":"ListItem","position":2,"name":"Pol\u00edtica de Devoluci\u00f3n"}]},{"@type":"WebSite","@id":"https:\/\/rosanacl.com\/ca\/#website","url":"https:\/\/rosanacl.com\/ca\/","name":"Rosana CL","description":"Mi vagyunk a bels\u0151 \u00e9ned","potentialAction":[{"@type":"SearchAction","target":{"@type":"EntryPoint","urlTemplate":"https:\/\/rosanacl.com\/ca\/?s={search_term_string}"},"query-input":{"@type":"PropertyValueSpecification","valueRequired":true,"valueName":"search_term_string"}}],"inLanguage":"hu"}]}},"_links":{"self":[{"href":"https:\/\/rosanacl.com\/hu\/wp-json\/wp\/v2\/pages\/2006","targetHints":{"allow":["GET"]}}],"collection":[{"href":"https:\/\/rosanacl.com\/hu\/wp-json\/wp\/v2\/pages"}],"about":[{"href":"https:\/\/rosanacl.com\/hu\/wp-json\/wp\/v2\/types\/page"}],"author":[{"embeddable":true,"href":"https:\/\/rosanacl.com\/hu\/wp-json\/wp\/v2\/users\/1"}],"replies":[{"embeddable":true,"href":"https:\/\/rosanacl.com\/hu\/wp-json\/wp\/v2\/comments?post=2006"}],"version-history":[{"count":5,"href":"https:\/\/rosanacl.com\/hu\/wp-json\/wp\/v2\/pages\/2006\/revisions"}],"predecessor-version":[{"id":4262,"href":"https:\/\/rosanacl.com\/hu\/wp-json\/wp\/v2\/pages\/2006\/revisions\/4262"}],"wp:attachment":[{"href":"https:\/\/rosanacl.com\/hu\/wp-json\/wp\/v2\/media?parent=2006"}],"curies":[{"name":"wp","href":"https:\/\/api.w.org\/{rel}","templated":true}]}}