{"id":2566,"date":"2025-07-01T12:13:48","date_gmt":"2025-07-01T10:13:48","guid":{"rendered":"https:\/\/rosanacl.com\/?page_id=2566"},"modified":"2025-12-14T20:43:04","modified_gmt":"2025-12-14T19:43:04","slug":"politica-de-envio","status":"publish","type":"page","link":"https:\/\/rosanacl.com\/hu\/politica-de-envio\/","title":{"rendered":"Sz\u00e1ll\u00edt\u00e1si szab\u00e1lyzat"},"content":{"rendered":"<div data-elementor-type=\"wp-page\" data-elementor-id=\"2566\" class=\"elementor elementor-2566\" data-elementor-post-type=\"page\">\n\t\t\t\t<div class=\"elementor-element elementor-element-7a0b207 e-flex e-con-boxed e-con e-parent\" data-id=\"7a0b207\" data-element_type=\"container\" data-e-type=\"container\" data-settings=\"{&quot;background_background&quot;:&quot;classic&quot;}\">\n\t\t\t\t\t<div class=\"e-con-inner\">\n\t\t<div class=\"elementor-element elementor-element-2fcf4bc e-con-full e-flex e-con e-child\" data-id=\"2fcf4bc\" data-element_type=\"container\" data-e-type=\"container\">\n\t\t\t\t<div class=\"elementor-element elementor-element-d10b990 elementor-widget elementor-widget-heading\" data-id=\"d10b990\" data-element_type=\"widget\" data-e-type=\"widget\" data-widget_type=\"heading.default\">\n\t\t\t\t<div class=\"elementor-widget-container\">\n\t\t\t\t\t<h2 class=\"elementor-heading-title elementor-size-default\">Sz\u00e1ll\u00edt\u00e1si szab\u00e1lyzat<\/h2>\t\t\t\t<\/div>\n\t\t\t\t<\/div>\n\t\t\t\t<\/div>\n\t\t\t\t\t<\/div>\n\t\t\t\t<\/div>\n\t\t<div class=\"elementor-element elementor-element-eca30f2 e-flex e-con-boxed e-con e-parent\" data-id=\"eca30f2\" data-element_type=\"container\" data-e-type=\"container\">\n\t\t\t\t\t<div class=\"e-con-inner\">\n\t\t\t\t<div class=\"elementor-element elementor-element-8328658 elementor-widget elementor-widget-text-editor\" data-id=\"8328658\" data-element_type=\"widget\" data-e-type=\"widget\" data-widget_type=\"text-editor.default\">\n\t\t\t\t<div class=\"elementor-widget-container\">\n\t\t\t\t\t\t\t\t\t<p>Ez a sz\u00e1ll\u00edt\u00e1si szab\u00e1lyzat utolj\u00e1ra 2025.07.01-\u00e9n friss\u00fclt, \u00e9s a weboldalunkon kereszt\u00fcl lebonyol\u00edtott \u00f6sszes v\u00e1s\u00e1rl\u00e1sra vonatkozik: <a href=\"https:\/\/rosanacl.com\/hu\/\">https:\/\/rosanacl.com\/<\/a><\/p>\n<p><!-- \/wp:paragraph --><!-- wp:paragraph --><\/p>\n<p data-start=\"261\" data-end=\"494\">Be <strong data-start=\"264\" data-end=\"277\">Rosana CL<\/strong> Elk\u00f6telezettek vagyunk az ir\u00e1nt, hogy v\u00e1s\u00e1rl\u00e1si \u00e9lm\u00e9nye biztons\u00e1gos, g\u00f6rd\u00fcl\u00e9keny \u00e9s kiel\u00e9g\u00edt\u0151 legyen att\u00f3l a pillanatt\u00f3l kezdve, hogy megkapja rendel\u00e9s\u00e9t. Az al\u00e1bbiakban mindent elmagyar\u00e1zunk, amit tudnia kell a sz\u00e1ll\u00edt\u00e1sunkr\u00f3l:<\/p>\n<p data-start=\"105\" data-end=\"384\"><strong data-start=\"105\" data-end=\"131\">1. Sz\u00e1ll\u00edt\u00e1s vil\u00e1gszerte<\/strong><br data-start=\"131\" data-end=\"134\">Nemzetk\u00f6zi sz\u00e1ll\u00edt\u00e1st biztos\u00edtunk gyakorlatilag b\u00e1rmely orsz\u00e1gba. Nem sz\u00e1m\u00edt, hol tart\u00f3zkodik, teljes bizalommal leadhatja rendel\u00e9s\u00e9t. Megb\u00edzhat\u00f3 logisztikai szolg\u00e1ltat\u00f3kkal dolgozunk egy\u00fctt, hogy term\u00e9kei id\u0151ben meg\u00e9rkezzenek.<\/p>\n<p>A Rosana Cl-n\u00e9l minden megrendel\u00e9st gondosan \u00e9s professzion\u00e1lisan kezel\u00fcnk. Ez\u00e9rt m\u0171k\u00f6d\u00fcnk egy\u00fctt az MBE-vel (Mail Boxes Etc.), egy logisztikai c\u00e9ggel, amely 2800 k\u00f6zponttal rendelkezik 52 orsz\u00e1gban, \u00edgy biztons\u00e1gos \u00e9s hat\u00e9kony sz\u00e1ll\u00edt\u00e1st tudunk k\u00edn\u00e1lni mind belf\u00f6ld\u00f6n, mind k\u00fclf\u00f6ld\u00f6n. A megrendel\u00e9seket olyan j\u00f3 h\u00edr\u0171 sz\u00e1ll\u00edt\u00f3k k\u00e9zbes\u00edtik, mint:<\/p>\n<ul>\n<li>UPS<\/li>\n<li>SEUR<\/li>\n<li>TNT<\/li>\n<li>FEDEX<\/li>\n<li>CORREOS EXPRESSZ<\/li>\n<li>Stb\u2026<\/li>\n<\/ul>\n<p>Minden term\u00e9k\u00fcnk biztons\u00e1gosan \u00e9s gyorsan meg\u00e9rkezik. Ez biztos\u00edtja a gondos \u00e9s hat\u00e9kony sz\u00e1ll\u00edt\u00e1si folyamatot, amelyet \u00fagy tervezt\u00fcnk, hogy a lehet\u0151 legjobb \u00e9lm\u00e9nyt ny\u00fajtsuk \u00fcgyfeleinknek.<\/p>\n<p data-start=\"105\" data-end=\"384\"><strong data-start=\"389\" data-end=\"417\">2. Rendel\u00e9sfeldolgoz\u00e1s<\/strong><\/p>\n<p>Minden megrendel\u00e9s feldolgoz\u00e1sra ker\u00fcl, amint a fizet\u00e9s visszaigazol\u00e1sra ker\u00fclt.<br data-start=\"520\" data-end=\"523\"><strong data-start=\"523\" data-end=\"643\">Ha a rendel\u00e9st d\u00e9lel\u0151tt adj\u00e1k le, d\u00e9lut\u00e1n ker\u00fcl felad\u00e1sra. Ha d\u00e9lut\u00e1n adj\u00e1k le, akkor m\u00e1snap ker\u00fcl felad\u00e1sra.<\/strong><br data-start=\"643\" data-end=\"646\">Prom\u00f3ci\u00f3k, le\u00e1raz\u00e1sok vagy egy\u00e9b k\u00fcl\u00f6nleges esem\u00e9nyek idej\u00e9n a feldolgoz\u00e1si id\u0151 kiss\u00e9 hosszabb lehet, de err\u0151l mindig t\u00e1j\u00e9koztatni fogjuk.<\/p>\n<p data-start=\"809\" data-end=\"1090\"><strong data-start=\"809\" data-end=\"845\">3. K\u00f6vet\u00e9si sz\u00e1m<\/strong><br data-start=\"845\" data-end=\"848\">Amint a rendel\u00e9sed felad\u00e1sra ker\u00fclt, k\u00fcld\u00fcnk neked egy k\u00f6vet\u00e9si sz\u00e1mot e-mailben vagy a v\u00e1s\u00e1rl\u00e1skor haszn\u00e1lt kommunik\u00e1ci\u00f3s csatorn\u00e1n kereszt\u00fcl.<br data-start=\"1014\" data-end=\"1017\">A k\u00fcldem\u00e9nyed \u00e1llapot\u00e1t folyamatosan nyomon k\u00f6vetheted, am\u00edg meg nem kapod.<\/p>\n<p data-start=\"809\" data-end=\"1090\"><strong data-start=\"1095\" data-end=\"1127\">4. V\u00e1rhat\u00f3 sz\u00e1ll\u00edt\u00e1si id\u0151k<\/strong><\/p>\n<p data-start=\"1095\" data-end=\"1291\">A sz\u00e1ll\u00edt\u00e1si id\u0151 a c\u00e9lorsz\u00e1gt\u00f3l, a kiv\u00e1lasztott sz\u00e1ll\u00edt\u00e1si m\u00f3dt\u00f3l \u00e9s egy\u00e9b k\u00fcls\u0151 t\u00e9nyez\u0151kt\u0151l (id\u0151j\u00e1r\u00e1s, v\u00e1m stb.) f\u00fcgg\u0151en v\u00e1ltozhat. T\u00e1j\u00e9koztat\u00e1sul:<\/p>\n<ul data-start=\"1293\" data-end=\"1530\">\n<li data-start=\"1293\" data-end=\"1342\">\n<p data-start=\"1295\" data-end=\"1342\">Belf\u00f6ldi sz\u00e1ll\u00edt\u00e1s: <strong data-start=\"1314\" data-end=\"1340\">24-48 \u00f3r\u00e1s nyitvatart\u00e1ssal.<\/strong><\/p>\n<\/li>\n<li data-start=\"1343\" data-end=\"1434\">\n<p data-start=\"1345\" data-end=\"1434\">Nemzetk\u00f6zi sz\u00e1ll\u00edt\u00e1s Eur\u00f3p\u00e1n bel\u00fcl: <strong data-start=\"1386\" data-end=\"1408\">4-6 munkanap<\/strong>, sz\u00e1razf\u00f6ld\u00f6n vagy leveg\u0151ben.<\/p>\n<\/li>\n<li data-start=\"1435\" data-end=\"1530\">\n<p data-start=\"1437\" data-end=\"1530\">Nemzetk\u00f6zi sz\u00e1ll\u00edt\u00e1s Eur\u00f3p\u00e1n k\u00edv\u00fclre (a vil\u00e1g t\u00f6bbi r\u00e9sze): <strong data-start=\"1495\" data-end=\"1518\">8-10 munkanap<\/strong>, l\u00e9g\u00fat.<\/p>\n<\/li>\n<\/ul>\n<p>A sz\u00e1ll\u00edt\u00e1si szolg\u00e1ltat\u00e1s k\u00e9t k\u00e9zbes\u00edt\u00e9si k\u00eds\u00e9rletet tartalmaz a nap folyam\u00e1n vagy a k\u00f6vetkez\u0151 napon. Amennyiben a k\u00e9zbes\u00edt\u00e9s hi\u00e1nyz\u00f3 vagy helytelen adatok, illetve a c\u00edmzett t\u00e1voll\u00e9te miatt nem lehets\u00e9ges, egy harmadik k\u00e9zbes\u00edt\u00e9st is v\u00e9grehajtunk egy k\u00f6zeli \u00e1tv\u00e9teli pontra.<\/p>\n<p>Amennyiben a v\u00e1s\u00e1rl\u00f3 10 napon bel\u00fcl nem veszi \u00e1t a term\u00e9ket, a csomag visszaker\u00fcl a Rosana CL rakt\u00e1r\u00e1ba, ahol a sz\u00e1ll\u00edt\u00e1si \u00e9s visszak\u00fcld\u00e9si k\u00f6lts\u00e9geket levonjuk.&nbsp;<\/p>\n<p data-start=\"1437\" data-end=\"1530\"><strong>5. Sz\u00e1ll\u00edt\u00e1si k\u00f6lts\u00e9gek<\/strong><\/p>\n<p data-start=\"1535\" data-end=\"1779\">A sz\u00e1ll\u00edt\u00e1si k\u00f6lts\u00e9geket a p\u00e9nzt\u00e1rn\u00e1l sz\u00e1moljuk ki a sz\u00e1ll\u00edt\u00e1si c\u00edm \u00e9s a csomag s\u00falya alapj\u00e1n. K\u00fcl\u00f6nleges alkalmakkor bizonyos orsz\u00e1gokba vagy egy bizonyos \u00f6sszeghat\u00e1r feletti megrendel\u00e9sek eset\u00e9n ingyenes sz\u00e1ll\u00edt\u00e1st k\u00edn\u00e1lunk.<\/p>\n<p data-start=\"1535\" data-end=\"1779\">59 eur\u00f3 feletti megrendel\u00e9sek eset\u00e9n a sz\u00e1ll\u00edt\u00e1s ingyenes, kiz\u00e1r\u00f3lag az Egyes\u00fclt Kir\u00e1lys\u00e1g sz\u00e1razf\u00f6ldj\u00e9n bel\u00fcl.<\/p>\n<p data-start=\"1535\" data-end=\"1779\">Ha a megrendel\u00e9st v\u00e1mkezel\u00e9snek kell al\u00e1vetni, minden tov\u00e1bbi ad\u00f3, illet\u00e9k vagy d\u00edj a vev\u0151t terheli.&nbsp;<\/p>\n<p><strong data-start=\"1784\" data-end=\"1815\">6. V\u00e1mok \u00e9s helyi ad\u00f3k<\/strong><br data-start=\"1815\" data-end=\"1818\">Nemzetk\u00f6zi sz\u00e1ll\u00edt\u00e1sok eset\u00e9n egyes orsz\u00e1gok ad\u00f3kat vagy v\u00e1mokat sz\u00e1m\u00edthatnak fel. Ezek a d\u00edjak a v\u00e1s\u00e1rl\u00f3t terhelik, \u00e9s nem r\u00e9szei a term\u00e9k \u00e1r\u00e1nak vagy a sz\u00e1ll\u00edt\u00e1si k\u00f6lts\u00e9geknek.<\/p>\n<p data-start=\"1784\" data-end=\"2026\"><strong data-start=\"2031\" data-end=\"2059\">7. Sz\u00e1ll\u00edt\u00e1si probl\u00e9m\u00e1k<\/strong><\/p>\n<p>Ha a csomagod k\u00e9sik, vagy b\u00e1rmilyen probl\u00e9ma mer\u00fcl fel, k\u00f6zvetlen\u00fcl kapcsolatba l\u00e9phetsz vel\u00fcnk, \u00e9s mi a lehet\u0151 leggyorsabban seg\u00edt\u00fcnk megoldani a probl\u00e9m\u00e1t.<\/p>\n<p>Ha b\u00e1rmilyen k\u00e9rd\u00e9se van, vagy seg\u00edts\u00e9gre van sz\u00fcks\u00e9ge a sz\u00e1ll\u00edtm\u00e1nnyal kapcsolatban, k\u00e9rj\u00fck, vegye fel vel\u00fcnk a kapcsolatot a kapcsolatfelv\u00e9teli \u0171rlapunkon vagy e-mailben: &nbsp;<a href=\"mailto:info@rosanacl.com\">info@rosanacl.com<\/a><br data-start=\"2620\" data-end=\"2623\">K\u00f6sz\u00f6nj\u00fck a bizalmatokat <strong data-start=\"2646\" data-end=\"2659\">Rosana CL<\/strong>.<\/p>\n<h4><b>MEGJEGYZ\u00c9S: T\u00e1j\u00e9koztatjuk \u00fcgyfeleinket, hogy besz\u00e1ll\u00edt\u00f3 c\u00e9g\u00fcnk szabads\u00e1gol\u00e1si id\u0151szaka miatt augusztus h\u00f3napban sz\u00e1ll\u00edt\u00e1si \u00e9s k\u00e9szlethi\u00e1nyos k\u00e9sedelmek el\u0151fordulhatnak.<\/b><\/h4>\t\t\t\t\t\t\t\t<\/div>\n\t\t\t\t<\/div>\n\t\t\t\t\t<\/div>\n\t\t\t\t<\/div>\n\t\t\t\t<\/div>","protected":false},"excerpt":{"rendered":"<p>Esta pol\u00edtica de env\u00edos fue actualizada por \u00faltima vez el 01\/07\/2025 y se aplica a todas las compras realizadas a trav\u00e9s de nuestra web: https:\/\/rosanacl.com\/ En Rosana CL nos comprometemos a que tu experiencia de compra sea segura, clara y satisfactoria desde el primer momento hasta que recibas tu pedido. A continuaci\u00f3n, te explicamos todo [&hellip;]<\/p>\n","protected":false},"author":1,"featured_media":0,"parent":0,"menu_order":0,"comment_status":"closed","ping_status":"closed","template":"","meta":{"content-type":"","footnotes":""},"class_list":["post-2566","page","type-page","status-publish","hentry"],"yoast_head":"<!-- This site is optimized with the Yoast SEO plugin v27.4 - https:\/\/yoast.com\/product\/yoast-seo-wordpress\/ -->\n<title>Pol\u00edtica de Env\u00edo - Rosana CL<\/title>\n<meta name=\"robots\" content=\"index, follow, max-snippet:-1, max-image-preview:large, max-video-preview:-1\" \/>\n<link rel=\"canonical\" href=\"https:\/\/rosanacl.com\/hu\/politica-de-envio\/\" \/>\n<meta property=\"og:locale\" content=\"hu_HU\" \/>\n<meta property=\"og:type\" content=\"article\" \/>\n<meta property=\"og:title\" content=\"Pol\u00edtica de Env\u00edo - Rosana CL\" \/>\n<meta property=\"og:description\" content=\"Esta pol\u00edtica de env\u00edos fue actualizada por \u00faltima vez el 01\/07\/2025 y se aplica a todas las compras realizadas a trav\u00e9s de nuestra web: https:\/\/rosanacl.com\/ En Rosana CL nos comprometemos a que tu experiencia de compra sea segura, clara y satisfactoria desde el primer momento hasta que recibas tu pedido. A continuaci\u00f3n, te explicamos todo [&hellip;]\" \/>\n<meta property=\"og:url\" content=\"https:\/\/rosanacl.com\/hu\/politica-de-envio\/\" \/>\n<meta property=\"og:site_name\" content=\"Rosana CL\" \/>\n<meta property=\"article:modified_time\" content=\"2025-12-14T19:43:04+00:00\" \/>\n<meta name=\"twitter:card\" content=\"summary_large_image\" \/>\n<meta name=\"twitter:label1\" content=\"Becs\u00fclt olvas\u00e1si id\u0151\" \/>\n\t<meta name=\"twitter:data1\" content=\"4 perc\" \/>\n<script type=\"application\/ld+json\" class=\"yoast-schema-graph\">{\"@context\":\"https:\\\/\\\/schema.org\",\"@graph\":[{\"@type\":\"WebPage\",\"@id\":\"https:\\\/\\\/rosanacl.com\\\/uk\\\/politica-de-envio\\\/\",\"url\":\"https:\\\/\\\/rosanacl.com\\\/uk\\\/politica-de-envio\\\/\",\"name\":\"Pol\u00edtica de Env\u00edo - Rosana CL\",\"isPartOf\":{\"@id\":\"https:\\\/\\\/rosanacl.com\\\/ca\\\/#website\"},\"datePublished\":\"2025-07-01T10:13:48+00:00\",\"dateModified\":\"2025-12-14T19:43:04+00:00\",\"breadcrumb\":{\"@id\":\"https:\\\/\\\/rosanacl.com\\\/uk\\\/politica-de-envio\\\/#breadcrumb\"},\"inLanguage\":\"hu\",\"potentialAction\":[{\"@type\":\"ReadAction\",\"target\":[\"https:\\\/\\\/rosanacl.com\\\/uk\\\/politica-de-envio\\\/\"]}]},{\"@type\":\"BreadcrumbList\",\"@id\":\"https:\\\/\\\/rosanacl.com\\\/uk\\\/politica-de-envio\\\/#breadcrumb\",\"itemListElement\":[{\"@type\":\"ListItem\",\"position\":1,\"name\":\"Portada\",\"item\":\"https:\\\/\\\/rosanacl.com\\\/ca\\\/\"},{\"@type\":\"ListItem\",\"position\":2,\"name\":\"Pol\u00edtica de Env\u00edo\"}]},{\"@type\":\"WebSite\",\"@id\":\"https:\\\/\\\/rosanacl.com\\\/ca\\\/#website\",\"url\":\"https:\\\/\\\/rosanacl.com\\\/ca\\\/\",\"name\":\"Rosana CL\",\"description\":\"Somos tu interior\",\"potentialAction\":[{\"@type\":\"SearchAction\",\"target\":{\"@type\":\"EntryPoint\",\"urlTemplate\":\"https:\\\/\\\/rosanacl.com\\\/ca\\\/?s={search_term_string}\"},\"query-input\":{\"@type\":\"PropertyValueSpecification\",\"valueRequired\":true,\"valueName\":\"search_term_string\"}}],\"inLanguage\":\"hu\"}]}<\/script>\n<!-- \/ Yoast SEO plugin. -->","yoast_head_json":{"title":"Pol\u00edtica de Env\u00edo - Rosana CL","robots":{"index":"index","follow":"follow","max-snippet":"max-snippet:-1","max-image-preview":"max-image-preview:large","max-video-preview":"max-video-preview:-1"},"canonical":"https:\/\/rosanacl.com\/hu\/politica-de-envio\/","og_locale":"hu_HU","og_type":"article","og_title":"Pol\u00edtica de Env\u00edo - Rosana CL","og_description":"Esta pol\u00edtica de env\u00edos fue actualizada por \u00faltima vez el 01\/07\/2025 y se aplica a todas las compras realizadas a trav\u00e9s de nuestra web: https:\/\/rosanacl.com\/ En Rosana CL nos comprometemos a que tu experiencia de compra sea segura, clara y satisfactoria desde el primer momento hasta que recibas tu pedido. A continuaci\u00f3n, te explicamos todo [&hellip;]","og_url":"https:\/\/rosanacl.com\/hu\/politica-de-envio\/","og_site_name":"Rosana CL","article_modified_time":"2025-12-14T19:43:04+00:00","twitter_card":"summary_large_image","twitter_misc":{"Becs\u00fclt olvas\u00e1si id\u0151":"4 perc"},"schema":{"@context":"https:\/\/schema.org","@graph":[{"@type":"WebPage","@id":"https:\/\/rosanacl.com\/uk\/politica-de-envio\/","url":"https:\/\/rosanacl.com\/uk\/politica-de-envio\/","name":"Pol\u00edtica de Env\u00edo - Rosana CL","isPartOf":{"@id":"https:\/\/rosanacl.com\/ca\/#website"},"datePublished":"2025-07-01T10:13:48+00:00","dateModified":"2025-12-14T19:43:04+00:00","breadcrumb":{"@id":"https:\/\/rosanacl.com\/uk\/politica-de-envio\/#breadcrumb"},"inLanguage":"hu","potentialAction":[{"@type":"ReadAction","target":["https:\/\/rosanacl.com\/uk\/politica-de-envio\/"]}]},{"@type":"BreadcrumbList","@id":"https:\/\/rosanacl.com\/uk\/politica-de-envio\/#breadcrumb","itemListElement":[{"@type":"ListItem","position":1,"name":"Portada","item":"https:\/\/rosanacl.com\/ca\/"},{"@type":"ListItem","position":2,"name":"Pol\u00edtica de Env\u00edo"}]},{"@type":"WebSite","@id":"https:\/\/rosanacl.com\/ca\/#website","url":"https:\/\/rosanacl.com\/ca\/","name":"Rosana CL","description":"Mi vagyunk a bels\u0151 \u00e9ned","potentialAction":[{"@type":"SearchAction","target":{"@type":"EntryPoint","urlTemplate":"https:\/\/rosanacl.com\/ca\/?s={search_term_string}"},"query-input":{"@type":"PropertyValueSpecification","valueRequired":true,"valueName":"search_term_string"}}],"inLanguage":"hu"}]}},"_links":{"self":[{"href":"https:\/\/rosanacl.com\/hu\/wp-json\/wp\/v2\/pages\/2566","targetHints":{"allow":["GET"]}}],"collection":[{"href":"https:\/\/rosanacl.com\/hu\/wp-json\/wp\/v2\/pages"}],"about":[{"href":"https:\/\/rosanacl.com\/hu\/wp-json\/wp\/v2\/types\/page"}],"author":[{"embeddable":true,"href":"https:\/\/rosanacl.com\/hu\/wp-json\/wp\/v2\/users\/1"}],"replies":[{"embeddable":true,"href":"https:\/\/rosanacl.com\/hu\/wp-json\/wp\/v2\/comments?post=2566"}],"version-history":[{"count":6,"href":"https:\/\/rosanacl.com\/hu\/wp-json\/wp\/v2\/pages\/2566\/revisions"}],"predecessor-version":[{"id":4647,"href":"https:\/\/rosanacl.com\/hu\/wp-json\/wp\/v2\/pages\/2566\/revisions\/4647"}],"wp:attachment":[{"href":"https:\/\/rosanacl.com\/hu\/wp-json\/wp\/v2\/media?parent=2566"}],"curies":[{"name":"wp","href":"https:\/\/api.w.org\/{rel}","templated":true}]}}