{"id":2885,"date":"2025-07-18T11:11:52","date_gmt":"2025-07-18T09:11:52","guid":{"rendered":"https:\/\/rosanacl.com\/?page_id=2885"},"modified":"2025-07-25T08:10:43","modified_gmt":"2025-07-25T06:10:43","slug":"comprar-lenceria-selene","status":"publish","type":"page","link":"https:\/\/rosanacl.com\/hu\/comprar-lenceria-selene\/","title":{"rendered":"Selene feh\u00e9rnem\u0171 v\u00e1s\u00e1rl\u00e1sa"},"content":{"rendered":"<div data-elementor-type=\"wp-page\" data-elementor-id=\"2885\" class=\"elementor elementor-2885\" data-elementor-post-type=\"page\">\n\t\t\t\t<div class=\"elementor-element elementor-element-171998c7 e-flex e-con-boxed e-con e-parent\" data-id=\"171998c7\" data-element_type=\"container\" data-e-type=\"container\">\n\t\t\t\t\t<div class=\"e-con-inner\">\n\t\t\t\t<div class=\"elementor-element elementor-element-6575351f elementor-widget elementor-widget-text-editor\" data-id=\"6575351f\" data-element_type=\"widget\" data-e-type=\"widget\" data-widget_type=\"text-editor.default\">\n\t\t\t\t<div class=\"elementor-widget-container\">\n\t\t\t\t\t\t\t\t\t\n<p><\/p>\n\n\n\n<p><\/p>\n\t\t\t\t\t\t\t\t<\/div>\n\t\t\t\t<\/div>\n\t\t\t\t\t<\/div>\n\t\t\t\t<\/div>\n\t\t<div class=\"elementor-element elementor-element-cf7d341 e-flex e-con-boxed e-con e-parent\" data-id=\"cf7d341\" data-element_type=\"container\" data-e-type=\"container\">\n\t\t\t\t\t<div class=\"e-con-inner\">\n\t\t\t\t<div class=\"elementor-element elementor-element-1f1d080 elementor-widget elementor-widget-heading\" data-id=\"1f1d080\" data-element_type=\"widget\" data-e-type=\"widget\" data-widget_type=\"heading.default\">\n\t\t\t\t<div class=\"elementor-widget-container\">\n\t\t\t\t\t<h2 class=\"elementor-heading-title elementor-size-default\">Selene feh\u00e9rnem\u0171 v\u00e1s\u00e1rl\u00e1sa<\/h2>\t\t\t\t<\/div>\n\t\t\t\t<\/div>\n\t\t\t\t\t<\/div>\n\t\t\t\t<\/div>\n\t\t<div class=\"elementor-element elementor-element-dc1921d e-flex e-con-boxed e-con e-parent\" data-id=\"dc1921d\" data-element_type=\"container\" data-e-type=\"container\">\n\t\t\t\t\t<div class=\"e-con-inner\">\n\t\t<div class=\"elementor-element elementor-element-d19616f e-con-full e-flex e-con e-child\" data-id=\"d19616f\" data-element_type=\"container\" data-e-type=\"container\">\n\t\t\t\t<div class=\"elementor-element elementor-element-8ba1404 elementor-widget elementor-widget-text-editor\" data-id=\"8ba1404\" data-element_type=\"widget\" data-e-type=\"widget\" data-widget_type=\"text-editor.default\">\n\t\t\t\t<div class=\"elementor-widget-container\">\n\t\t\t\t\t\t\t\t\t<h3 data-start=\"378\" data-end=\"465\">A Rosana CL-n\u00e9l Selene feh\u00e9rnem\u0171 v\u00e1s\u00e1rl\u00e1sa a k\u00e9nyelmet \u00e9s a nemzeti diz\u00e1jnt jelenti.<\/h3>\n<p data-start=\"467\" data-end=\"891\">Abban az id\u0151ben <strong data-start=\"480\" data-end=\"507\">Selene feh\u00e9rnem\u0171 v\u00e1s\u00e1rl\u00e1s<\/strong>Sok n\u0151 t\u00f6bbet keres, mint puszt\u00e1n egy sz\u00e9p ruhadarabot. K\u00e9nyelmesen, biztons\u00e1gban \u00e9s j\u00f3l al\u00e1t\u00e1masztva szeretn\u00e9k \u00e9rezni magukat \u00e9let\u00fck minden szakasz\u00e1ban. \u00c9s ebben rejlik a k\u00fcl\u00f6nbs\u00e9g a Rosana CL sz\u00e1m\u00e1ra. T\u00f6bb mint 40 \u00e9ves tapasztalattal a feh\u00e9rnem\u0171k \u00e9s f\u0171z\u0151k vil\u00e1g\u00e1ban, ez az \u00fczlet m\u00e9rc\u00e9v\u00e9 v\u00e1lt azok sz\u00e1m\u00e1ra, akik \u00e9rt\u00e9kelik a szem\u00e9lyre szabott kiszolg\u00e1l\u00e1st, a tapasztalatot \u00e9s a val\u00f3di min\u0151s\u00e9get.<\/p>\n<p data-start=\"893\" data-end=\"1449\">A Selene egy nemzeti m\u00e1rka, amely minden ruhadarabj\u00e1t Spanyolorsz\u00e1gban tervezi \u00e9s gy\u00e1rtja. Jellemz\u0151je a n\u0151ies k\u00e9nyelem ir\u00e1nti elk\u00f6telezetts\u00e9g, an\u00e9lk\u00fcl, hogy fel\u00e1ldozn\u00e1 az eleg\u00e1ns \u00e9s modern st\u00edlust. <strong data-start=\"1080\" data-end=\"1107\">Selene feh\u00e9rnem\u0171 v\u00e1s\u00e1rl\u00e1s<\/strong>Olyan term\u00e9kekbe fektetsz be, amelyek puha, tart\u00f3s anyagokb\u00f3l k\u00e9sz\u00fclnek, \u00e9s a tested val\u00f3di ig\u00e9nyeihez igazodnak. Ak\u00e1r merev\u00edt\u0151s melltart\u00f3t, varr\u00e1s n\u00e9lk\u00fcli modellt, k\u00e9nyelmes bugyit vagy alakform\u00e1l\u00f3 bodyt keresel, a Selene-n\u00e9l megtal\u00e1lod a t\u00f6k\u00e9letes v\u00e1laszt\u00e1st. A Rosana CL pedig pontosan tudja, melyik a legjobb sz\u00e1modra.<\/p>\n<h3 data-start=\"1451\" data-end=\"1520\">Mi\u00e9rt a legjobb d\u00f6nt\u00e9s Selene feh\u00e9rnem\u0171t v\u00e1s\u00e1rolni a Rosana CL-n\u00e9l?<\/h3>\n<p data-start=\"1522\" data-end=\"1908\">Sok online \u00e1ruh\u00e1z van, ahol lehet <strong data-start=\"1563\" data-end=\"1590\">Selene feh\u00e9rnem\u0171 v\u00e1s\u00e1rl\u00e1s<\/strong>, de nem mindegyik k\u00edn\u00e1l azonos szint\u0171 tud\u00e1st \u00e9s szolg\u00e1ltat\u00e1st. A Rosana CL-n\u00e9l kiz\u00e1r\u00f3lag a Selene-nel dolgoznak, mert k\u00edv\u00fclr\u0151l-bel\u00fclr\u0151l ismerik a kollekci\u00f3ikat, m\u00e9reteiket \u00e9s diz\u00e1jnjaikat. Ez lehet\u0151v\u00e9 teszi sz\u00e1mukra, hogy val\u00f3di aj\u00e1nl\u00e1sokat, hasznos tan\u00e1csokat \u00e9s gondosan \u00f6ssze\u00e1ll\u00edtott katal\u00f3gust k\u00edn\u00e1ljanak, amely az egyes szezonok legjav\u00e1t tartalmazza.<\/p>\n<p data-start=\"1910\" data-end=\"2347\">R\u00e1ad\u00e1sul, amikor Selene feh\u00e9rnem\u0171t v\u00e1s\u00e1rolsz a Rosana CL-n\u00e9l, egy hozz\u00e1adott \u00e9rt\u00e9ket kapsz: egy szak\u00e9rt\u0151 csapat bar\u00e1ts\u00e1gos kiszolg\u00e1l\u00e1s\u00e1t, akik tudj\u00e1k, hogyan kell meghallgatni \u00e9s \u00fatmutat\u00e1st adni neked. Nem csak a v\u00e1s\u00e1rl\u00e1sr\u00f3l van sz\u00f3, hanem arr\u00f3l is, hogy megtal\u00e1ld a testednek \u00e9s \u00e9letst\u00edlusodnak megfelel\u0151 ruhadarabot. N\u00e1lunk mindent megtal\u00e1lsz a minimalista melltart\u00f3kt\u00f3l a p\u00e1nt n\u00e9lk\u00fcli fazonokig, nagy mellekhez, valamint puha, k\u00e9nyelmes bugyikat, amelyek minden alkathoz \u00e9s m\u00e9rethez illeszkednek.<\/p>\n<p data-start=\"2349\" data-end=\"2745\">A Rosana CL a kezdetekt\u0151l fogva elk\u00f6telezett a min\u0151s\u00e9g ir\u00e1nt, ez\u00e9rt csak olyan m\u00e1rk\u00e1kban b\u00edzik, mint a Selene, amelyek odafigyelnek a r\u00e9szletekre, alkalmazkodnak a val\u00f3di n\u0151k mindennapi \u00e9let\u00e9hez, \u00e9s meg\u00fajulnak a diz\u00e1jnban an\u00e9lk\u00fcl, hogy elvesz\u00edten\u00e9k a j\u00f3 textilipari k\u00e9zm\u0171vess\u00e9g l\u00e9nyeg\u00e9t. Ha Selene feh\u00e9rnem\u0171t v\u00e1s\u00e1rol ebben az \u00fczletben, biztos lehet benne, hogy min\u0151s\u00e9gi term\u00e9ket kap, amelynek apr\u00f3l\u00e9kos odafigyel\u00e9se val\u00f3ban t\u00f6r\u0151dik \u00d6nnel.<\/p>\t\t\t\t\t\t\t\t<\/div>\n\t\t\t\t<\/div>\n\t\t\t\t<\/div>\n\t\t<div class=\"elementor-element elementor-element-5568f8b e-con-full e-flex e-con e-child\" data-id=\"5568f8b\" data-element_type=\"container\" data-e-type=\"container\">\n\t\t\t\t<div class=\"elementor-element elementor-element-980debe elementor-widget elementor-widget-image\" data-id=\"980debe\" data-element_type=\"widget\" data-e-type=\"widget\" data-widget_type=\"image.default\">\n\t\t\t\t<div class=\"elementor-widget-container\">\n\t\t\t\t\t\t\t\t\t\t\t\t\t\t\t<img fetchpriority=\"high\" decoding=\"async\" width=\"563\" height=\"750\" src=\"https:\/\/rosanacl.com\/wp-content\/uploads\/2025\/04\/5-2-769x1024.jpg\" class=\"attachment-large size-large wp-image-2372\" alt=\"\" srcset=\"https:\/\/rosanacl.com\/wp-content\/uploads\/2025\/04\/5-2-769x1024.jpg 769w, https:\/\/rosanacl.com\/wp-content\/uploads\/2025\/04\/5-2-9x12.jpg 9w, https:\/\/rosanacl.com\/wp-content\/uploads\/2025\/04\/5-2-225x300.jpg 225w, https:\/\/rosanacl.com\/wp-content\/uploads\/2025\/04\/5-2-768x1023.jpg 768w, https:\/\/rosanacl.com\/wp-content\/uploads\/2025\/04\/5-2-600x799.jpg 600w, https:\/\/rosanacl.com\/wp-content\/uploads\/2025\/04\/5-2.jpg 1001w\" sizes=\"(max-width: 563px) 100vw, 563px\" \/>\t\t\t\t\t\t\t\t\t\t\t\t\t\t\t<\/div>\n\t\t\t\t<\/div>\n\t\t\t\t<\/div>\n\t\t\t\t\t<\/div>\n\t\t\t\t<\/div>\n\t\t<div class=\"elementor-element elementor-element-5e380fb e-flex e-con-boxed e-con e-parent\" data-id=\"5e380fb\" data-element_type=\"container\" data-e-type=\"container\">\n\t\t\t\t\t<div class=\"e-con-inner\">\n\t\t<div class=\"elementor-element elementor-element-a763375 e-con-full e-flex e-con e-child\" data-id=\"a763375\" data-element_type=\"container\" data-e-type=\"container\">\n\t\t\t\t<div class=\"elementor-element elementor-element-a8aecc4 elementor-widget elementor-widget-image\" data-id=\"a8aecc4\" data-element_type=\"widget\" data-e-type=\"widget\" data-widget_type=\"image.default\">\n\t\t\t\t<div class=\"elementor-widget-container\">\n\t\t\t\t\t\t\t\t\t\t\t\t\t\t\t<img decoding=\"async\" width=\"800\" height=\"566\" src=\"https:\/\/rosanacl.com\/wp-content\/uploads\/2025\/07\/sujetador-reductor-1024x724.jpg\" class=\"attachment-large size-large wp-image-2865\" alt=\"\" srcset=\"https:\/\/rosanacl.com\/wp-content\/uploads\/2025\/07\/sujetador-reductor-1024x724.jpg 1024w, https:\/\/rosanacl.com\/wp-content\/uploads\/2025\/07\/sujetador-reductor-300x212.jpg 300w, https:\/\/rosanacl.com\/wp-content\/uploads\/2025\/07\/sujetador-reductor-768x543.jpg 768w, https:\/\/rosanacl.com\/wp-content\/uploads\/2025\/07\/sujetador-reductor-1536x1086.jpg 1536w, https:\/\/rosanacl.com\/wp-content\/uploads\/2025\/07\/sujetador-reductor-18x12.jpg 18w, https:\/\/rosanacl.com\/wp-content\/uploads\/2025\/07\/sujetador-reductor-600x424.jpg 600w, https:\/\/rosanacl.com\/wp-content\/uploads\/2025\/07\/sujetador-reductor.jpg 2000w\" sizes=\"(max-width: 800px) 100vw, 800px\" \/>\t\t\t\t\t\t\t\t\t\t\t\t\t\t\t<\/div>\n\t\t\t\t<\/div>\n\t\t\t\t<\/div>\n\t\t<div class=\"elementor-element elementor-element-b02b1e9 e-con-full e-flex e-con e-child\" data-id=\"b02b1e9\" data-element_type=\"container\" data-e-type=\"container\">\n\t\t\t\t<div class=\"elementor-element elementor-element-e25a6f0 elementor-widget elementor-widget-text-editor\" data-id=\"e25a6f0\" data-element_type=\"widget\" data-e-type=\"widget\" data-widget_type=\"text-editor.default\">\n\t\t\t\t<div class=\"elementor-widget-container\">\n\t\t\t\t\t\t\t\t\t<h3 data-start=\"2747\" data-end=\"2823\">V\u00e1s\u00e1roljon Selene feh\u00e9rnem\u0171t online biztons\u00e1gosan, gyorsan \u00e9s szak\u00e9rt\u0151i figyelemmel.<\/h3>\n<p data-start=\"2825\" data-end=\"3231\">Digit\u00e1lis platformj\u00e1nak k\u00f6sz\u00f6nhet\u0151en a Rosana CL lehet\u0151v\u00e9 teszi <strong data-start=\"2876\" data-end=\"2903\">Selene feh\u00e9rnem\u0171 v\u00e1s\u00e1rl\u00e1s<\/strong> gyorsan, biztons\u00e1gosan \u00e9s k\u00e9nyelmesen b\u00e1rhonnan. Online \u00e1ruh\u00e1zuk \u00e1ttekinthet\u0151, k\u00f6nnyen navig\u00e1lhat\u00f3, \u00e9s minden sz\u00fcks\u00e9ges inform\u00e1ci\u00f3t tartalmaz: minden ruhadarab le\u00edr\u00e1s\u00e1t, m\u00e9retez\u00e9si \u00fatmutat\u00f3t, tippeket \u00e9s val\u00f3s f\u00e9nyk\u00e9peket. R\u00e1ad\u00e1sul a csapat k\u00e9szs\u00e9ggel \u00e1ll rendelkez\u00e9s\u00e9re b\u00e1rmilyen k\u00e9rd\u00e9s eset\u00e9n a v\u00e1s\u00e1rl\u00e1s el\u0151tt, alatt \u00e9s ut\u00e1n.<\/p>\n<p data-start=\"3233\" data-end=\"3647\">Minden rendel\u00e9st gondosan el\u0151k\u00e9sz\u00edt\u00fcnk, a sz\u00e1ll\u00edt\u00e1s pedig gyors \u00e9s diszkr\u00e9t. De a technikai kiszolg\u00e1l\u00e1son t\u00fal a Rosana CL kiemelkedik a n\u0151k ir\u00e1nti elk\u00f6telezetts\u00e9g\u00e9vel is: katal\u00f3gusuk nem m\u00fal\u00f3 trendekre, hanem val\u00f3s ig\u00e9nyekre reag\u00e1l. Itt nem tal\u00e1l k\u00e9nyelmetlen, sz\u0171k szab\u00e1s\u00fa vagy k\u00e9tes diz\u00e1jn\u00fa ruhadarabokat. Kiz\u00e1r\u00f3lag kiv\u00e1l\u00f3 min\u0151s\u00e9g\u0171 Selene feh\u00e9rnem\u0171ket k\u00edn\u00e1lunk, olyan szab\u00e1svonalakkal \u00e9s anyagokkal, amelyek tiszteletben tartj\u00e1k a tested \u00e9s kiemelik term\u00e9szetes sz\u00e9ps\u00e9gedet.<\/p>\n<p data-start=\"3649\" data-end=\"3984\">Ha olyan boltot keres, ahol <strong data-start=\"3684\" data-end=\"3711\">Selene feh\u00e9rnem\u0171 v\u00e1s\u00e1rl\u00e1s<\/strong> Nyugalommal, magabiztoss\u00e1ggal \u00e9s min\u0151s\u00e9gi garanci\u00e1val a Rosana CL a legjobb v\u00e1laszt\u00e1s. Hagyd, hogy olyanok tan\u00e1csolj\u00e1k, akik val\u00f3ban ismerik a term\u00e9ket \u00e9s a tested ig\u00e9nyeit. Mert a j\u00f3 k\u00f6z\u00e9rzet bel\u00fclr\u0151l fakad, \u00e9s a megfelel\u0151 feh\u00e9rnem\u0171 kiv\u00e1laszt\u00e1sa mindent megv\u00e1ltoztathat.<\/p>\t\t\t\t\t\t\t\t<\/div>\n\t\t\t\t<\/div>\n\t\t\t\t<\/div>\n\t\t\t\t\t<\/div>\n\t\t\t\t<\/div>\n\t\t<div class=\"elementor-element elementor-element-495e863 e-flex e-con-boxed e-con e-parent\" data-id=\"495e863\" data-element_type=\"container\" data-e-type=\"container\">\n\t\t\t\t\t<div class=\"e-con-inner\">\n\t\t\t\t\t<\/div>\n\t\t\t\t<\/div>\n\t\t<div class=\"elementor-element elementor-element-d05ed3a e-flex e-con-boxed e-con e-parent\" data-id=\"d05ed3a\" data-element_type=\"container\" data-e-type=\"container\">\n\t\t\t\t\t<div class=\"e-con-inner\">\n\t\t\t\t<div class=\"elementor-element elementor-element-b883e86 elementor-widget elementor-widget-heading\" data-id=\"b883e86\" data-element_type=\"widget\" data-e-type=\"widget\" data-widget_type=\"heading.default\">\n\t\t\t\t<div class=\"elementor-widget-container\">\n\t\t\t\t\t<h2 class=\"elementor-heading-title elementor-size-default\">Kapcsolat <\/h2>\t\t\t\t<\/div>\n\t\t\t\t<\/div>\n\t\t\t\t\t<\/div>\n\t\t\t\t<\/div>\n\t\t<div class=\"elementor-element elementor-element-00e20e2 e-flex e-con-boxed e-con e-parent\" data-id=\"00e20e2\" data-element_type=\"container\" data-e-type=\"container\">\n\t\t\t\t\t<div class=\"e-con-inner\">\n\t\t<div class=\"elementor-element elementor-element-8ad8f7b e-con-full e-flex e-con e-child\" data-id=\"8ad8f7b\" data-element_type=\"container\" data-e-type=\"container\">\n\t\t\t\t<div class=\"elementor-element elementor-element-888944a elementor-widget__width-initial elementor-widget elementor-widget-elementskit-contact-form7\" data-id=\"888944a\" data-element_type=\"widget\" data-e-type=\"widget\" data-widget_type=\"elementskit-contact-form7.default\">\n\t\t\t\t<div class=\"elementor-widget-container\">\n\t\t\t\t\t<div class=\"ekit-wid-con\" ><div class=\"ekit-form\">\n<div class=\"wpcf7 no-js\" id=\"wpcf7-f48-o1\" lang=\"es-ES\" dir=\"ltr\" data-wpcf7-id=\"48\">\n<div class=\"screen-reader-response\"><p role=\"status\" aria-live=\"polite\" aria-atomic=\"true\"><\/p> <ul><\/ul><\/div>\n<form action=\"\/de\/wp-json\/wp\/v2\/pages\/2885#wpcf7-f48-o1\" method=\"post\" class=\"wpcf7-form init\" aria-label=\"Kapcsolatfelv\u00e9teli \u0171rlap\" novalidate=\"novalidate\" data-status=\"init\" data-trp-original-action=\"\/de\/wp-json\/wp\/v2\/pages\/2885#wpcf7-f48-o1\">\n<fieldset class=\"hidden-fields-container\"><input type=\"hidden\" name=\"_wpcf7\" value=\"48\" \/><input type=\"hidden\" name=\"_wpcf7_version\" value=\"6.1.5\" \/><input type=\"hidden\" name=\"_wpcf7_locale\" value=\"es_ES\" \/><input type=\"hidden\" name=\"_wpcf7_unit_tag\" value=\"wpcf7-f48-o1\" \/><input type=\"hidden\" name=\"_wpcf7_container_post\" value=\"0\" \/><input type=\"hidden\" name=\"_wpcf7_posted_data_hash\" value=\"\" \/><input type=\"hidden\" name=\"_wpcf7_recaptcha_response\" value=\"\" \/>\n<\/fieldset>\n<div class=\"form-row\">\n\t<div class=\"form-column\">\n\t\t<p><span class=\"wpcf7-form-control-wrap\" data-name=\"nombre\"><input size=\"40\" maxlength=\"400\" class=\"wpcf7-form-control wpcf7-text wpcf7-validates-as-required\" aria-required=\"true\" aria-invalid=\"false\" placeholder=\"N\u00e9v\" value=\"\" type=\"text\" name=\"nombre\" \/><\/span>\n\t\t<\/p>\n\t<\/div>\n\t<div class=\"form-column\">\n\t\t<p><span class=\"wpcf7-form-control-wrap\" data-name=\"telefono\"><input size=\"40\" maxlength=\"400\" class=\"wpcf7-form-control wpcf7-tel wpcf7-validates-as-required wpcf7-text wpcf7-validates-as-tel\" aria-required=\"true\" aria-invalid=\"false\" placeholder=\"Telefonsz\u00e1m *\" value=\"\" type=\"tel\" name=\"telefono\" \/><\/span>\n\t\t<\/p>\n\t<\/div>\n<\/div>\n<div class=\"form-row\">\n\t<div class=\"form-column\">\n\t\t<p><span class=\"wpcf7-form-control-wrap\" data-name=\"email\"><input size=\"40\" maxlength=\"400\" class=\"wpcf7-form-control wpcf7-email wpcf7-validates-as-required wpcf7-text wpcf7-validates-as-email\" aria-required=\"true\" aria-invalid=\"false\" placeholder=\"E-mail c\u00edm *\" value=\"\" type=\"email\" name=\"email\" \/><\/span>\n\t\t<\/p>\n\t<\/div>\n\t<div class=\"form-column\">\n\t\t<p><span class=\"wpcf7-form-control-wrap\" data-name=\"asunto\"><input size=\"40\" maxlength=\"400\" class=\"wpcf7-form-control wpcf7-text wpcf7-validates-as-required\" aria-required=\"true\" aria-invalid=\"false\" placeholder=\"\u00dcgy *\" value=\"\" type=\"text\" name=\"asunto\" \/><\/span>\n\t\t<\/p>\n\t<\/div>\n<\/div>\n<p><span class=\"wpcf7-form-control-wrap\" data-name=\"mensaje\"><textarea cols=\"40\" rows=\"10\" maxlength=\"2000\" class=\"wpcf7-form-control wpcf7-textarea wpcf7-validates-as-required\" aria-required=\"true\" aria-invalid=\"false\" placeholder=\"\u00dczenet\" name=\"mensaje\"><\/textarea><\/span>\n<\/p>\n<p class=\"legal-priv\"><span class=\"wpcf7-form-control-wrap\" data-name=\"acceptance-787\"><span class=\"wpcf7-form-control wpcf7-acceptance\"><span class=\"wpcf7-list-item\"><label><input type=\"checkbox\" name=\"acceptance-787\" value=\"1\" aria-invalid=\"false\" \/><span class=\"wpcf7-list-item-label\">Elolvastam \u00e9s elfogadom a <a href=\"https:\/\/rosanacl.com\/hu\/politica-de-privacidad\/\">Adatv\u00e9delmi ir\u00e1nyelvek<\/a><\/span><\/label><\/span><\/span><\/span>\n<\/p>\n<p><input class=\"wpcf7-form-control wpcf7-submit has-spinner\" type=\"submit\" value=\"\u00dcZENET K\u00dcLD\u00c9SE\" \/>\n<\/p><div class=\"wpcf7-response-output\" aria-hidden=\"true\"><\/div>\n<input type=\"hidden\" name=\"trp-form-language\" value=\"hu\"\/><\/form>\n<\/div>\n<\/div><\/div>\t\t\t\t<\/div>\n\t\t\t\t<\/div>\n\t\t\t\t<\/div>\n\t\t\t\t\t<\/div>\n\t\t\t\t<\/div>\n\t\t\t\t<\/div>","protected":false},"excerpt":{"rendered":"<p>Comprar lencer\u00eda Selene Comprar lencer\u00eda Selene en Rosana CL es apostar por el confort y el dise\u00f1o nacional A la hora de comprar lencer\u00eda Selene, muchas mujeres buscan algo m\u00e1s que una prenda bonita. Quieren sentirse c\u00f3modas, seguras, bien acompa\u00f1adas en cada etapa de su vida. Y ah\u00ed es donde Rosana CL marca la diferencia. [&hellip;]<\/p>\n","protected":false},"author":1,"featured_media":0,"parent":0,"menu_order":0,"comment_status":"closed","ping_status":"closed","template":"","meta":{"content-type":"","footnotes":""},"class_list":["post-2885","page","type-page","status-publish","hentry"],"yoast_head":"<!-- This site is optimized with the Yoast SEO plugin v27.4 - https:\/\/yoast.com\/product\/yoast-seo-wordpress\/ -->\n<title>Comprar lencer\u00eda Selene - Rosana CL<\/title>\n<meta name=\"robots\" content=\"index, follow, max-snippet:-1, max-image-preview:large, max-video-preview:-1\" \/>\n<link rel=\"canonical\" href=\"https:\/\/rosanacl.com\/hu\/comprar-lenceria-selene\/\" \/>\n<meta property=\"og:locale\" content=\"hu_HU\" \/>\n<meta property=\"og:type\" content=\"article\" \/>\n<meta property=\"og:title\" content=\"Comprar lencer\u00eda Selene - Rosana CL\" \/>\n<meta property=\"og:description\" content=\"Comprar lencer\u00eda Selene Comprar lencer\u00eda Selene en Rosana CL es apostar por el confort y el dise\u00f1o nacional A la hora de comprar lencer\u00eda Selene, muchas mujeres buscan algo m\u00e1s que una prenda bonita. Quieren sentirse c\u00f3modas, seguras, bien acompa\u00f1adas en cada etapa de su vida. Y ah\u00ed es donde Rosana CL marca la diferencia. [&hellip;]\" \/>\n<meta property=\"og:url\" content=\"https:\/\/rosanacl.com\/hu\/comprar-lenceria-selene\/\" \/>\n<meta property=\"og:site_name\" content=\"Rosana CL\" \/>\n<meta property=\"article:modified_time\" content=\"2025-07-25T06:10:43+00:00\" \/>\n<meta property=\"og:image\" content=\"https:\/\/rosanacl.com\/wp-content\/uploads\/2025\/04\/5-2.jpg\" \/>\n\t<meta property=\"og:image:width\" content=\"1001\" \/>\n\t<meta property=\"og:image:height\" content=\"1333\" \/>\n\t<meta property=\"og:image:type\" content=\"image\/jpeg\" \/>\n<meta name=\"twitter:card\" content=\"summary_large_image\" \/>\n<meta name=\"twitter:label1\" content=\"Becs\u00fclt olvas\u00e1si id\u0151\" \/>\n\t<meta name=\"twitter:data1\" content=\"3 perc\" \/>\n<script type=\"application\/ld+json\" class=\"yoast-schema-graph\">{\"@context\":\"https:\\\/\\\/schema.org\",\"@graph\":[{\"@type\":\"WebPage\",\"@id\":\"https:\\\/\\\/rosanacl.com\\\/comprar-lenceria-selene\\\/\",\"url\":\"https:\\\/\\\/rosanacl.com\\\/comprar-lenceria-selene\\\/\",\"name\":\"Comprar lencer\u00eda Selene - Rosana CL\",\"isPartOf\":{\"@id\":\"https:\\\/\\\/rosanacl.com\\\/ca\\\/#website\"},\"primaryImageOfPage\":{\"@id\":\"https:\\\/\\\/rosanacl.com\\\/comprar-lenceria-selene\\\/#primaryimage\"},\"image\":{\"@id\":\"https:\\\/\\\/rosanacl.com\\\/comprar-lenceria-selene\\\/#primaryimage\"},\"thumbnailUrl\":\"https:\\\/\\\/rosanacl.com\\\/wp-content\\\/uploads\\\/2025\\\/04\\\/5-2-769x1024.jpg\",\"datePublished\":\"2025-07-18T09:11:52+00:00\",\"dateModified\":\"2025-07-25T06:10:43+00:00\",\"breadcrumb\":{\"@id\":\"https:\\\/\\\/rosanacl.com\\\/comprar-lenceria-selene\\\/#breadcrumb\"},\"inLanguage\":\"hu\",\"potentialAction\":[{\"@type\":\"ReadAction\",\"target\":[\"https:\\\/\\\/rosanacl.com\\\/comprar-lenceria-selene\\\/\"]}]},{\"@type\":\"ImageObject\",\"inLanguage\":\"hu\",\"@id\":\"https:\\\/\\\/rosanacl.com\\\/comprar-lenceria-selene\\\/#primaryimage\",\"url\":\"https:\\\/\\\/rosanacl.com\\\/wp-content\\\/uploads\\\/2025\\\/04\\\/5-2-769x1024.jpg\",\"contentUrl\":\"https:\\\/\\\/rosanacl.com\\\/wp-content\\\/uploads\\\/2025\\\/04\\\/5-2-769x1024.jpg\"},{\"@type\":\"BreadcrumbList\",\"@id\":\"https:\\\/\\\/rosanacl.com\\\/comprar-lenceria-selene\\\/#breadcrumb\",\"itemListElement\":[{\"@type\":\"ListItem\",\"position\":1,\"name\":\"Portada\",\"item\":\"https:\\\/\\\/rosanacl.com\\\/ca\\\/\"},{\"@type\":\"ListItem\",\"position\":2,\"name\":\"Comprar lencer\u00eda Selene\"}]},{\"@type\":\"WebSite\",\"@id\":\"https:\\\/\\\/rosanacl.com\\\/ca\\\/#website\",\"url\":\"https:\\\/\\\/rosanacl.com\\\/ca\\\/\",\"name\":\"Rosana CL\",\"description\":\"Somos tu interior\",\"potentialAction\":[{\"@type\":\"SearchAction\",\"target\":{\"@type\":\"EntryPoint\",\"urlTemplate\":\"https:\\\/\\\/rosanacl.com\\\/ca\\\/?s={search_term_string}\"},\"query-input\":{\"@type\":\"PropertyValueSpecification\",\"valueRequired\":true,\"valueName\":\"search_term_string\"}}],\"inLanguage\":\"hu\"}]}<\/script>\n<!-- \/ Yoast SEO plugin. -->","yoast_head_json":{"title":"Comprar lencer\u00eda Selene - Rosana CL","robots":{"index":"index","follow":"follow","max-snippet":"max-snippet:-1","max-image-preview":"max-image-preview:large","max-video-preview":"max-video-preview:-1"},"canonical":"https:\/\/rosanacl.com\/hu\/comprar-lenceria-selene\/","og_locale":"hu_HU","og_type":"article","og_title":"Comprar lencer\u00eda Selene - Rosana CL","og_description":"Comprar lencer\u00eda Selene Comprar lencer\u00eda Selene en Rosana CL es apostar por el confort y el dise\u00f1o nacional A la hora de comprar lencer\u00eda Selene, muchas mujeres buscan algo m\u00e1s que una prenda bonita. Quieren sentirse c\u00f3modas, seguras, bien acompa\u00f1adas en cada etapa de su vida. Y ah\u00ed es donde Rosana CL marca la diferencia. [&hellip;]","og_url":"https:\/\/rosanacl.com\/hu\/comprar-lenceria-selene\/","og_site_name":"Rosana CL","article_modified_time":"2025-07-25T06:10:43+00:00","og_image":[{"width":1001,"height":1333,"url":"https:\/\/rosanacl.com\/wp-content\/uploads\/2025\/04\/5-2.jpg","type":"image\/jpeg"}],"twitter_card":"summary_large_image","twitter_misc":{"Becs\u00fclt olvas\u00e1si id\u0151":"3 perc"},"schema":{"@context":"https:\/\/schema.org","@graph":[{"@type":"WebPage","@id":"https:\/\/rosanacl.com\/comprar-lenceria-selene\/","url":"https:\/\/rosanacl.com\/comprar-lenceria-selene\/","name":"Comprar lencer\u00eda Selene - Rosana CL","isPartOf":{"@id":"https:\/\/rosanacl.com\/ca\/#website"},"primaryImageOfPage":{"@id":"https:\/\/rosanacl.com\/comprar-lenceria-selene\/#primaryimage"},"image":{"@id":"https:\/\/rosanacl.com\/comprar-lenceria-selene\/#primaryimage"},"thumbnailUrl":"https:\/\/rosanacl.com\/wp-content\/uploads\/2025\/04\/5-2-769x1024.jpg","datePublished":"2025-07-18T09:11:52+00:00","dateModified":"2025-07-25T06:10:43+00:00","breadcrumb":{"@id":"https:\/\/rosanacl.com\/comprar-lenceria-selene\/#breadcrumb"},"inLanguage":"hu","potentialAction":[{"@type":"ReadAction","target":["https:\/\/rosanacl.com\/comprar-lenceria-selene\/"]}]},{"@type":"ImageObject","inLanguage":"hu","@id":"https:\/\/rosanacl.com\/comprar-lenceria-selene\/#primaryimage","url":"https:\/\/rosanacl.com\/wp-content\/uploads\/2025\/04\/5-2-769x1024.jpg","contentUrl":"https:\/\/rosanacl.com\/wp-content\/uploads\/2025\/04\/5-2-769x1024.jpg"},{"@type":"BreadcrumbList","@id":"https:\/\/rosanacl.com\/comprar-lenceria-selene\/#breadcrumb","itemListElement":[{"@type":"ListItem","position":1,"name":"Portada","item":"https:\/\/rosanacl.com\/ca\/"},{"@type":"ListItem","position":2,"name":"Comprar lencer\u00eda Selene"}]},{"@type":"WebSite","@id":"https:\/\/rosanacl.com\/ca\/#website","url":"https:\/\/rosanacl.com\/ca\/","name":"Rosana CL","description":"Mi vagyunk a bels\u0151 \u00e9ned","potentialAction":[{"@type":"SearchAction","target":{"@type":"EntryPoint","urlTemplate":"https:\/\/rosanacl.com\/ca\/?s={search_term_string}"},"query-input":{"@type":"PropertyValueSpecification","valueRequired":true,"valueName":"search_term_string"}}],"inLanguage":"hu"}]}},"_links":{"self":[{"href":"https:\/\/rosanacl.com\/hu\/wp-json\/wp\/v2\/pages\/2885","targetHints":{"allow":["GET"]}}],"collection":[{"href":"https:\/\/rosanacl.com\/hu\/wp-json\/wp\/v2\/pages"}],"about":[{"href":"https:\/\/rosanacl.com\/hu\/wp-json\/wp\/v2\/types\/page"}],"author":[{"embeddable":true,"href":"https:\/\/rosanacl.com\/hu\/wp-json\/wp\/v2\/users\/1"}],"replies":[{"embeddable":true,"href":"https:\/\/rosanacl.com\/hu\/wp-json\/wp\/v2\/comments?post=2885"}],"version-history":[{"count":0,"href":"https:\/\/rosanacl.com\/hu\/wp-json\/wp\/v2\/pages\/2885\/revisions"}],"wp:attachment":[{"href":"https:\/\/rosanacl.com\/hu\/wp-json\/wp\/v2\/media?parent=2885"}],"curies":[{"name":"wp","href":"https:\/\/api.w.org\/{rel}","templated":true}]}}