{"id":31,"date":"2025-03-28T16:10:30","date_gmt":"2025-03-28T19:10:30","guid":{"rendered":"https:\/\/innovacon.simplificandotuweb.com\/?page_id=31"},"modified":"2025-07-09T08:56:36","modified_gmt":"2025-07-09T06:56:36","slug":"politica-de-privacidad","status":"publish","type":"page","link":"https:\/\/rosanacl.com\/hu\/politica-de-privacidad\/","title":{"rendered":"Adatv\u00e9delmi ir\u00e1nyelvek"},"content":{"rendered":"<div data-elementor-type=\"wp-page\" data-elementor-id=\"31\" class=\"elementor elementor-31\" data-elementor-post-type=\"page\">\n\t\t\t\t<div class=\"elementor-element elementor-element-1ca8157 e-flex e-con-boxed e-con e-parent\" data-id=\"1ca8157\" data-element_type=\"container\" data-e-type=\"container\" data-settings=\"{&quot;background_background&quot;:&quot;classic&quot;}\">\n\t\t\t\t\t<div class=\"e-con-inner\">\n\t\t<div class=\"elementor-element elementor-element-ee95924 e-con-full e-flex e-con e-child\" data-id=\"ee95924\" data-element_type=\"container\" data-e-type=\"container\">\n\t\t\t\t<div class=\"elementor-element elementor-element-fbdd061 elementor-widget elementor-widget-heading\" data-id=\"fbdd061\" data-element_type=\"widget\" data-e-type=\"widget\" data-widget_type=\"heading.default\">\n\t\t\t\t<div class=\"elementor-widget-container\">\n\t\t\t\t\t<h2 class=\"elementor-heading-title elementor-size-default\">Adatv\u00e9delmi ir\u00e1nyelvek<\/h2>\t\t\t\t<\/div>\n\t\t\t\t<\/div>\n\t\t\t\t<\/div>\n\t\t\t\t\t<\/div>\n\t\t\t\t<\/div>\n\t\t<div class=\"elementor-element elementor-element-5a8dd38e e-flex e-con-boxed e-con e-parent\" data-id=\"5a8dd38e\" data-element_type=\"container\" data-e-type=\"container\">\n\t\t\t\t\t<div class=\"e-con-inner\">\n\t\t\t\t<div class=\"elementor-element elementor-element-6ea5a565 elementor-widget elementor-widget-text-editor\" data-id=\"6ea5a565\" data-element_type=\"widget\" data-e-type=\"widget\" data-widget_type=\"text-editor.default\">\n\t\t\t\t<div class=\"elementor-widget-container\">\n\t\t\t\t\t\t\t\t\t\n<p><strong>1. FELHASZN\u00c1L\u00d3I INFORM\u00c1CI\u00d3K<\/strong><\/p>\n\n<p>A weboldal t\u00e1j\u00e9koztatja a weboldal felhaszn\u00e1l\u00f3it a szem\u00e9lyes adatok kezel\u00e9s\u00e9re \u00e9s v\u00e9delm\u00e9re vonatkoz\u00f3 szab\u00e1lyzat\u00e1r\u00f3l, amely a felhaszn\u00e1l\u00f3k \u00e9s az \u00fcgyfelek szem\u00e9lyes adatainak kezel\u00e9s\u00e9re \u00e9s v\u00e9delm\u00e9re vonatkozik, \u00e9s amelyet a weboldalon val\u00f3 b\u00f6ng\u00e9sz\u00e9s sor\u00e1n k\u00e9rhetnek.<\/p>\n\n<p>A weboldal felel\u0151s a felhaszn\u00e1l\u00f3k szem\u00e9lyes adatainak feldolgoz\u00e1s\u00e1\u00e9rt, ez\u00e9rt a k\u00f6vetkez\u0151 inform\u00e1ci\u00f3kat ny\u00fajtja az adataik feldolgoz\u00e1s\u00e1val kapcsolatban:<\/p>\n\n<p><strong>Adatmeg\u0151rz\u00e9si krit\u00e9riumok:<\/strong>\u00a0A megadott szem\u00e9lyes adatokat mindaddig t\u00e1roljuk, am\u00edg az \u00e9rdekelt f\u00e9l nem k\u00e9ri azok felf\u00fcggeszt\u00e9s\u00e9t, gyakorolva az adatokkal kapcsolatos jogait, \u00e9s minden esetben a vonatkoz\u00f3 t\u00f6rv\u00e9nyi el\u00e9v\u00fcl\u00e9si id\u0151k betart\u00e1s\u00e1val.<\/p>\n\n<p><strong>Az \u00e9rdekelt felek jogai:<\/strong><\/p>\n\n<p>Jogod van b\u00e1rmikor visszavonni a hozz\u00e1j\u00e1rul\u00e1sodat.<br \/>Az adataihoz val\u00f3 hozz\u00e1f\u00e9r\u00e9s, azok helyesb\u00edt\u00e9se, t\u00f6rl\u00e9se, hordozhat\u00f3s\u00e1ga, valamint azok kezel\u00e9se korl\u00e1toz\u00e1s\u00e1nak vagy tiltakoz\u00e1s\u00e1nak joga, tov\u00e1bb\u00e1 az automatiz\u00e1lt egyedi d\u00f6nt\u00e9sek hat\u00e1lya al\u00f3li mentes\u00fcl\u00e9s joga.<\/p>\n\n<p><strong>El\u00e9rhet\u0151s\u00e9gek a jogai gyakorl\u00e1s\u00e1hoz:<\/strong><\/p>\n\n<p>Megfelel\u0151en azonos\u00edtania kell mag\u00e1t, \u00e9s egy\u00e9rtelm\u0171en k\u00e9rnie kell a gyakorl\u00e1shoz val\u00f3 jog\u00e1t.<\/p>\n\n<ul class=\"wp-block-list\">\n<li>C\u00e9g: Pablo Angulo Maspons<\/li>\n<li>Lakoss\u00e1g: Vinaroz, Spanyolorsz\u00e1g<\/li>\n<li>Telefon: 613395013<\/li>\n<li>Felad: <a class=\"css-1rn59kg\" title=\"info@rosanacl.com\" href=\"mailto:info@rosanacl.com\" data-testid=\"link-with-safety\" data-renderer-mark=\"true\">info@rosanacl.com\u00a0<\/a><\/li>\n<\/ul>\n\n<p><strong>2.- A FELHASZN\u00c1L\u00d3 \u00c1LTAL MEGADOTT INFORM\u00c1CI\u00d3K<\/strong><\/p>\n\n<p>Ha 18 \u00e9v alatti vagy, nem haszn\u00e1lhatod a weboldalunkon tal\u00e1lhat\u00f3 \u0171rlapokat.<\/p>\n\n<p>A felhaszn\u00e1l\u00f3k adataiknak a kapcsolatfelv\u00e9teli \u0171rlapokon t\u00f6rt\u00e9n\u0151 megad\u00e1s\u00e1val vagy a let\u00f6lt\u00e9si \u0171rlapokon t\u00f6rt\u00e9n\u0151 megjelen\u00edt\u00e9s\u00e9vel kifejezetten, \u00f6nk\u00e9nt \u00e9s egy\u00e9rtelm\u0171en elfogadj\u00e1k, hogy adataik sz\u00fcks\u00e9gesek az Adatkezel\u0151 \u00e1ltali k\u00e9r\u00e9s\u00fck teljes\u00edt\u00e9s\u00e9hez, a fennmarad\u00f3 mez\u0151kben az adatok megad\u00e1sa \u00f6nk\u00e9ntes.<\/p>\n\n<p>A Felhaszn\u00e1l\u00f3 szavatolja, hogy a megadott szem\u00e9lyes adatok a val\u00f3s\u00e1gnak megfelelnek, \u00e9s felel\u0151ss\u00e9get v\u00e1llal az esetleges v\u00e1ltoz\u00e1sok k\u00f6zl\u00e9s\u00e9\u00e9rt.<\/p>\n\n<p>A weboldalon kereszt\u00fcl k\u00e9rt \u00f6sszes adat sz\u00fcks\u00e9ges a Felhaszn\u00e1l\u00f3 optim\u00e1lis kiszolg\u00e1l\u00e1s\u00e1hoz. Amennyiben nem ker\u00fcl megad\u00e1sra minden adat, az Adatkezel\u0151 \u00e1ltal ny\u00fajtott inform\u00e1ci\u00f3k \u00e9s szolg\u00e1ltat\u00e1sok nem garant\u00e1lhat\u00f3k teljes m\u00e9rt\u00e9kben a Felhaszn\u00e1l\u00f3 ig\u00e9nyeire szabva.<\/p>\n\n<p><strong>3. BIZTONS\u00c1GI INT\u00c9ZKED\u00c9SEK<\/strong><\/p>\n\n<p>Hogy a szem\u00e9lyes adatok v\u00e9delm\u00e9re vonatkoz\u00f3 hat\u00e1lyos szab\u00e1lyoz\u00e1soknak megfelel\u0151en az Adatkezel\u0151 betartja a GDPR \u00e9s az LOPD rendeletek minden rendelkez\u00e9s\u00e9t a felel\u0151ss\u00e9gi k\u00f6r\u00e9be tartoz\u00f3 szem\u00e9lyes adatok kezel\u00e9se tekintet\u00e9ben, amelyeket jogszer\u0171en, tisztess\u00e9gesen \u00e9s az \u00e9rdekelt f\u00e9l sz\u00e1m\u00e1ra \u00e1tl\u00e1that\u00f3an kezel, valamint amelyek megfelel\u0151ek, relev\u00e1nsak \u00e9s a feldolgoz\u00e1s c\u00e9ljai szempontj\u00e1b\u00f3l sz\u00fcks\u00e9gesre korl\u00e1toz\u00f3dnak.<\/p>\n\n<p>Az Adatkezel\u0151 szavatolja, hogy megfelel\u0151 technikai \u00e9s szervez\u00e9si szab\u00e1lyzatokat vezetett be a GDPR \u00e9s az LOPD \u00e1ltal a Felhaszn\u00e1l\u00f3k jogainak \u00e9s szabads\u00e1gainak v\u00e9delme \u00e9rdek\u00e9ben meghat\u00e1rozott biztons\u00e1gi int\u00e9zked\u00e9sek alkalmaz\u00e1s\u00e1ra, \u00e9s t\u00e1j\u00e9koztatta \u0151ket a megfelel\u0151 inform\u00e1ci\u00f3kr\u00f3l, hogy ezeket gyakorolhass\u00e1k.<\/p>\n\n<p><strong>4. BIZTONS\u00c1GI R\u00c9SEK<\/strong><\/p>\n\n<p>Az Adatkezel\u0151 a weboldal \u00e1ltal haszn\u00e1lt adatb\u00e1zist vagy b\u00e1rmely harmadik f\u00e9lt\u0151l sz\u00e1rmaz\u00f3 szolg\u00e1ltat\u00e1sunkat \u00e9rint\u0151 biztons\u00e1gi incidenst 72 \u00f3r\u00e1n bel\u00fcl jelenti minden olyan szem\u00e9lynek, adatkezel\u0151nek \u00e9s a hat\u00f3s\u00e1goknak, akit esetleg \u00e9rinthetett az incidens.<\/p>\n\n<p><strong>ALKALMAZAND\u00d3 JOG \u00c9S JOGHAT\u00d3S\u00c1G<\/strong><\/p>\n\n<p>A jelen weboldallal vagy az ott v\u00e9gzett tev\u00e9kenys\u00e9gekkel kapcsolatos \u00f6sszes vita vagy k\u00e9rd\u00e9s rendez\u00e9s\u00e9re a spanyol jogszab\u00e1lyok az ir\u00e1nyad\u00f3k, amelyeket a felek kifejezetten al\u00e1vetik magukat, \u00e9s a weboldal haszn\u00e1lat\u00e1b\u00f3l ered\u0151 vagy azzal kapcsolatos \u00f6sszes konfliktus rendez\u00e9s\u00e9re a barcelonai b\u00edr\u00f3s\u00e1gok \u00e9s t\u00f6rv\u00e9nysz\u00e9kek illet\u00e9kesek.<\/p>\n\n<p>\u00a0<\/p>\n\t\t\t\t\t\t\t\t<\/div>\n\t\t\t\t<\/div>\n\t\t\t\t\t<\/div>\n\t\t\t\t<\/div>\n\t\t\t\t<\/div>","protected":false},"excerpt":{"rendered":"<p>1.- INFORMACI\u00d3N AL USUARIO El sitio web informa a los usuarios del sitio web sobre su pol\u00edtica respecto al tratamiento y protecci\u00f3n de los datos de car\u00e1cter personal de los usuarios y clientes que puedan ser solicitados por la navegaci\u00f3n a trav\u00e9s de su sitio web. El sitio web es el Responsable del tratamiento de [&hellip;]<\/p>\n","protected":false},"author":1,"featured_media":0,"parent":0,"menu_order":0,"comment_status":"closed","ping_status":"closed","template":"","meta":{"content-type":"","footnotes":""},"class_list":["post-31","page","type-page","status-publish","hentry"],"yoast_head":"<!-- This site is optimized with the Yoast SEO plugin v27.4 - https:\/\/yoast.com\/product\/yoast-seo-wordpress\/ -->\n<title>Pol\u00edtica de Privacidad - Rosana CL<\/title>\n<meta name=\"robots\" content=\"index, follow, max-snippet:-1, max-image-preview:large, max-video-preview:-1\" \/>\n<link rel=\"canonical\" href=\"https:\/\/rosanacl.com\/hu\/politica-de-privacidad\/\" \/>\n<meta property=\"og:locale\" content=\"hu_HU\" \/>\n<meta property=\"og:type\" content=\"article\" \/>\n<meta property=\"og:title\" content=\"Pol\u00edtica de Privacidad - Rosana CL\" \/>\n<meta property=\"og:description\" content=\"1.- INFORMACI\u00d3N AL USUARIO El sitio web informa a los usuarios del sitio web sobre su pol\u00edtica respecto al tratamiento y protecci\u00f3n de los datos de car\u00e1cter personal de los usuarios y clientes que puedan ser solicitados por la navegaci\u00f3n a trav\u00e9s de su sitio web. El sitio web es el Responsable del tratamiento de [&hellip;]\" \/>\n<meta property=\"og:url\" content=\"https:\/\/rosanacl.com\/hu\/politica-de-privacidad\/\" \/>\n<meta property=\"og:site_name\" content=\"Rosana CL\" \/>\n<meta property=\"article:modified_time\" content=\"2025-07-09T06:56:36+00:00\" \/>\n<meta name=\"twitter:card\" content=\"summary_large_image\" \/>\n<meta name=\"twitter:label1\" content=\"Becs\u00fclt olvas\u00e1si id\u0151\" \/>\n\t<meta name=\"twitter:data1\" content=\"3 perc\" \/>\n<script type=\"application\/ld+json\" class=\"yoast-schema-graph\">{\"@context\":\"https:\\\/\\\/schema.org\",\"@graph\":[{\"@type\":\"WebPage\",\"@id\":\"https:\\\/\\\/rosanacl.com\\\/politica-de-privacidad\\\/\",\"url\":\"https:\\\/\\\/rosanacl.com\\\/politica-de-privacidad\\\/\",\"name\":\"Pol\u00edtica de Privacidad - Rosana CL\",\"isPartOf\":{\"@id\":\"https:\\\/\\\/rosanacl.com\\\/ca\\\/#website\"},\"datePublished\":\"2025-03-28T19:10:30+00:00\",\"dateModified\":\"2025-07-09T06:56:36+00:00\",\"breadcrumb\":{\"@id\":\"https:\\\/\\\/rosanacl.com\\\/politica-de-privacidad\\\/#breadcrumb\"},\"inLanguage\":\"hu\",\"potentialAction\":[{\"@type\":\"ReadAction\",\"target\":[\"https:\\\/\\\/rosanacl.com\\\/politica-de-privacidad\\\/\"]}]},{\"@type\":\"BreadcrumbList\",\"@id\":\"https:\\\/\\\/rosanacl.com\\\/politica-de-privacidad\\\/#breadcrumb\",\"itemListElement\":[{\"@type\":\"ListItem\",\"position\":1,\"name\":\"Portada\",\"item\":\"https:\\\/\\\/rosanacl.com\\\/ca\\\/\"},{\"@type\":\"ListItem\",\"position\":2,\"name\":\"Pol\u00edtica de Privacidad\"}]},{\"@type\":\"WebSite\",\"@id\":\"https:\\\/\\\/rosanacl.com\\\/ca\\\/#website\",\"url\":\"https:\\\/\\\/rosanacl.com\\\/ca\\\/\",\"name\":\"Rosana CL\",\"description\":\"Somos tu interior\",\"potentialAction\":[{\"@type\":\"SearchAction\",\"target\":{\"@type\":\"EntryPoint\",\"urlTemplate\":\"https:\\\/\\\/rosanacl.com\\\/ca\\\/?s={search_term_string}\"},\"query-input\":{\"@type\":\"PropertyValueSpecification\",\"valueRequired\":true,\"valueName\":\"search_term_string\"}}],\"inLanguage\":\"hu\"}]}<\/script>\n<!-- \/ Yoast SEO plugin. -->","yoast_head_json":{"title":"Pol\u00edtica de Privacidad - Rosana CL","robots":{"index":"index","follow":"follow","max-snippet":"max-snippet:-1","max-image-preview":"max-image-preview:large","max-video-preview":"max-video-preview:-1"},"canonical":"https:\/\/rosanacl.com\/hu\/politica-de-privacidad\/","og_locale":"hu_HU","og_type":"article","og_title":"Pol\u00edtica de Privacidad - Rosana CL","og_description":"1.- INFORMACI\u00d3N AL USUARIO El sitio web informa a los usuarios del sitio web sobre su pol\u00edtica respecto al tratamiento y protecci\u00f3n de los datos de car\u00e1cter personal de los usuarios y clientes que puedan ser solicitados por la navegaci\u00f3n a trav\u00e9s de su sitio web. El sitio web es el Responsable del tratamiento de [&hellip;]","og_url":"https:\/\/rosanacl.com\/hu\/politica-de-privacidad\/","og_site_name":"Rosana CL","article_modified_time":"2025-07-09T06:56:36+00:00","twitter_card":"summary_large_image","twitter_misc":{"Becs\u00fclt olvas\u00e1si id\u0151":"3 perc"},"schema":{"@context":"https:\/\/schema.org","@graph":[{"@type":"WebPage","@id":"https:\/\/rosanacl.com\/politica-de-privacidad\/","url":"https:\/\/rosanacl.com\/politica-de-privacidad\/","name":"Pol\u00edtica de Privacidad - Rosana CL","isPartOf":{"@id":"https:\/\/rosanacl.com\/ca\/#website"},"datePublished":"2025-03-28T19:10:30+00:00","dateModified":"2025-07-09T06:56:36+00:00","breadcrumb":{"@id":"https:\/\/rosanacl.com\/politica-de-privacidad\/#breadcrumb"},"inLanguage":"hu","potentialAction":[{"@type":"ReadAction","target":["https:\/\/rosanacl.com\/politica-de-privacidad\/"]}]},{"@type":"BreadcrumbList","@id":"https:\/\/rosanacl.com\/politica-de-privacidad\/#breadcrumb","itemListElement":[{"@type":"ListItem","position":1,"name":"Portada","item":"https:\/\/rosanacl.com\/ca\/"},{"@type":"ListItem","position":2,"name":"Pol\u00edtica de Privacidad"}]},{"@type":"WebSite","@id":"https:\/\/rosanacl.com\/ca\/#website","url":"https:\/\/rosanacl.com\/ca\/","name":"Rosana CL","description":"Mi vagyunk a bels\u0151 \u00e9ned","potentialAction":[{"@type":"SearchAction","target":{"@type":"EntryPoint","urlTemplate":"https:\/\/rosanacl.com\/ca\/?s={search_term_string}"},"query-input":{"@type":"PropertyValueSpecification","valueRequired":true,"valueName":"search_term_string"}}],"inLanguage":"hu"}]}},"_links":{"self":[{"href":"https:\/\/rosanacl.com\/hu\/wp-json\/wp\/v2\/pages\/31","targetHints":{"allow":["GET"]}}],"collection":[{"href":"https:\/\/rosanacl.com\/hu\/wp-json\/wp\/v2\/pages"}],"about":[{"href":"https:\/\/rosanacl.com\/hu\/wp-json\/wp\/v2\/types\/page"}],"author":[{"embeddable":true,"href":"https:\/\/rosanacl.com\/hu\/wp-json\/wp\/v2\/users\/1"}],"replies":[{"embeddable":true,"href":"https:\/\/rosanacl.com\/hu\/wp-json\/wp\/v2\/comments?post=31"}],"version-history":[{"count":0,"href":"https:\/\/rosanacl.com\/hu\/wp-json\/wp\/v2\/pages\/31\/revisions"}],"wp:attachment":[{"href":"https:\/\/rosanacl.com\/hu\/wp-json\/wp\/v2\/media?parent=31"}],"curies":[{"name":"wp","href":"https:\/\/api.w.org\/{rel}","templated":true}]}}