{"id":3931,"date":"2025-09-29T23:44:18","date_gmt":"2025-09-29T21:44:18","guid":{"rendered":"https:\/\/rosanacl.com\/?page_id=3931"},"modified":"2025-09-29T23:45:53","modified_gmt":"2025-09-29T21:45:53","slug":"tanga-de-selene","status":"publish","type":"page","link":"https:\/\/rosanacl.com\/hu\/tanga-de-selene\/","title":{"rendered":"Selene tang\u00e1ja"},"content":{"rendered":"<div data-elementor-type=\"wp-page\" data-elementor-id=\"3931\" class=\"elementor elementor-3931\" data-elementor-post-type=\"page\">\n\t\t\t\t<div class=\"elementor-element elementor-element-171998c7 e-flex e-con-boxed e-con e-parent\" data-id=\"171998c7\" data-element_type=\"container\" data-e-type=\"container\">\n\t\t\t\t\t<div class=\"e-con-inner\">\n\t\t\t\t<div class=\"elementor-element elementor-element-6575351f elementor-widget elementor-widget-text-editor\" data-id=\"6575351f\" data-element_type=\"widget\" data-e-type=\"widget\" data-widget_type=\"text-editor.default\">\n\t\t\t\t<div class=\"elementor-widget-container\">\n\t\t\t\t\t\t\t\t\t\n<p><\/p>\n\n\n\n<p><\/p>\n\t\t\t\t\t\t\t\t<\/div>\n\t\t\t\t<\/div>\n\t\t\t\t\t<\/div>\n\t\t\t\t<\/div>\n\t\t<div class=\"elementor-element elementor-element-cf7d341 e-flex e-con-boxed e-con e-parent\" data-id=\"cf7d341\" data-element_type=\"container\" data-e-type=\"container\">\n\t\t\t\t\t<div class=\"e-con-inner\">\n\t\t\t\t<div class=\"elementor-element elementor-element-1f1d080 elementor-widget elementor-widget-heading\" data-id=\"1f1d080\" data-element_type=\"widget\" data-e-type=\"widget\" data-widget_type=\"heading.default\">\n\t\t\t\t<div class=\"elementor-widget-container\">\n\t\t\t\t\t<h2 class=\"elementor-heading-title elementor-size-default\">Selene tang\u00e1ja<\/h2>\t\t\t\t<\/div>\n\t\t\t\t<\/div>\n\t\t\t\t\t<\/div>\n\t\t\t\t<\/div>\n\t\t<div class=\"elementor-element elementor-element-dc1921d e-flex e-con-boxed e-con e-parent\" data-id=\"dc1921d\" data-element_type=\"container\" data-e-type=\"container\">\n\t\t\t\t\t<div class=\"e-con-inner\">\n\t\t<div class=\"elementor-element elementor-element-d19616f e-con-full e-flex e-con e-child\" data-id=\"d19616f\" data-element_type=\"container\" data-e-type=\"container\">\n\t\t\t\t<div class=\"elementor-element elementor-element-d2092be elementor-widget elementor-widget-text-editor\" data-id=\"d2092be\" data-element_type=\"widget\" data-e-type=\"widget\" data-widget_type=\"text-editor.default\">\n\t\t\t\t<div class=\"elementor-widget-container\">\n\t\t\t\t\t\t\t\t\t<h3 data-start=\"257\" data-end=\"345\"><strong data-start=\"261\" data-end=\"343\">Selene tanga: t\u00f6k\u00e9letes v\u00e1laszt\u00e1s mindennapi viseletre \u00e9s k\u00fcl\u00f6nleges alkalmakra is<\/strong><\/h3>\n<p data-start=\"346\" data-end=\"747\">\u0150 <strong data-start=\"349\" data-end=\"368\">Selene tang\u00e1ja<\/strong> Kedvenc\u00e9v\u00e9 v\u00e1lt a st\u00edlust \u00e9s a k\u00e9nyelmet \u00f6tv\u00f6z\u0151 n\u0151k k\u00f6r\u00e9ben. A Rosana CL-n\u00e9l sz\u00e9les v\u00e1laszt\u00e9kban k\u00edn\u00e1lunk Selene tanga darabokat, melyeket \u00fagy tervezt\u00fcnk, hogy a k\u00e9nyelem fel\u00e1ldoz\u00e1sa n\u00e9lk\u00fcl fokozz\u00e1k a n\u0151iess\u00e9get. Minden egyes tanga puha, tart\u00f3s anyagokb\u00f3l k\u00e9sz\u00fclt, amelyek alkalmazkodnak a testhez, \u00e9s szabad mozg\u00e1st biztos\u00edtanak eg\u00e9sz nap.<\/p>\n<p data-start=\"749\" data-end=\"1174\">V\u00e1lasszon egy <strong data-start=\"759\" data-end=\"778\">Selene tang\u00e1ja<\/strong> Arr\u00f3l sz\u00f3l, hogy olyan ruhadarabokat v\u00e1lasszunk, amelyek nemcsak praktikus funkci\u00f3t t\u00f6ltenek be, hanem magabiztoss\u00e1got \u00e9s biztons\u00e1got is ny\u00fajtanak. A m\u00e1rka arra \u00f6sszpontos\u00edt, hogy olyan formaterveket alkosson, amelyek t\u00f6k\u00e9letesen illeszkednek, elker\u00fclve a ruh\u00e1zaton l\u00e1that\u00f3 vonalakat, \u00e9s m\u00e1sodik b\u0151r \u00e9rzetet keltve. A diz\u00e1jn \u00e9s a k\u00e9nyelem ezen kombin\u00e1ci\u00f3ja tette lehet\u0151v\u00e9 a... <strong data-start=\"1093\" data-end=\"1112\">Selene tang\u00e1ja<\/strong> n\u00e9lk\u00fcl\u00f6zhetetlen alapdarab lehet minden n\u0151 ruhat\u00e1r\u00e1ban.<\/p>\t\t\t\t\t\t\t\t<\/div>\n\t\t\t\t<\/div>\n\t\t\t\t<\/div>\n\t\t<div class=\"elementor-element elementor-element-5568f8b e-con-full e-flex e-con e-child\" data-id=\"5568f8b\" data-element_type=\"container\" data-e-type=\"container\">\n\t\t\t\t<div class=\"elementor-element elementor-element-980debe elementor-widget elementor-widget-image\" data-id=\"980debe\" data-element_type=\"widget\" data-e-type=\"widget\" data-widget_type=\"image.default\">\n\t\t\t\t<div class=\"elementor-widget-container\">\n\t\t\t\t\t\t\t\t\t\t\t\t\t\t\t<img fetchpriority=\"high\" decoding=\"async\" width=\"750\" height=\"750\" src=\"https:\/\/rosanacl.com\/wp-content\/uploads\/2025\/08\/1-9-1024x1024.png\" class=\"attachment-large size-large wp-image-3524\" alt=\"\" srcset=\"https:\/\/rosanacl.com\/wp-content\/uploads\/2025\/08\/1-9-1024x1024.png 1024w, https:\/\/rosanacl.com\/wp-content\/uploads\/2025\/08\/1-9-300x300.png 300w, https:\/\/rosanacl.com\/wp-content\/uploads\/2025\/08\/1-9-150x150.png 150w, https:\/\/rosanacl.com\/wp-content\/uploads\/2025\/08\/1-9-768x768.png 768w, https:\/\/rosanacl.com\/wp-content\/uploads\/2025\/08\/1-9-12x12.png 12w, https:\/\/rosanacl.com\/wp-content\/uploads\/2025\/08\/1-9-600x600.png 600w, https:\/\/rosanacl.com\/wp-content\/uploads\/2025\/08\/1-9-100x100.png 100w, https:\/\/rosanacl.com\/wp-content\/uploads\/2025\/08\/1-9-50x50.png 50w, https:\/\/rosanacl.com\/wp-content\/uploads\/2025\/08\/1-9.png 1333w\" sizes=\"(max-width: 750px) 100vw, 750px\" \/>\t\t\t\t\t\t\t\t\t\t\t\t\t\t\t<\/div>\n\t\t\t\t<\/div>\n\t\t\t\t<\/div>\n\t\t\t\t\t<\/div>\n\t\t\t\t<\/div>\n\t\t<div class=\"elementor-element elementor-element-5e380fb e-flex e-con-boxed e-con e-parent\" data-id=\"5e380fb\" data-element_type=\"container\" data-e-type=\"container\">\n\t\t\t\t\t<div class=\"e-con-inner\">\n\t\t<div class=\"elementor-element elementor-element-a763375 e-con-full e-flex e-con e-child\" data-id=\"a763375\" data-element_type=\"container\" data-e-type=\"container\">\n\t\t\t\t<div class=\"elementor-element elementor-element-a8aecc4 elementor-widget elementor-widget-image\" data-id=\"a8aecc4\" data-element_type=\"widget\" data-e-type=\"widget\" data-widget_type=\"image.default\">\n\t\t\t\t<div class=\"elementor-widget-container\">\n\t\t\t\t\t\t\t\t\t\t\t\t\t\t\t<img decoding=\"async\" width=\"656\" height=\"750\" src=\"https:\/\/rosanacl.com\/wp-content\/uploads\/2025\/08\/1-10-896x1024.png\" class=\"attachment-large size-large wp-image-3547\" alt=\"\" srcset=\"https:\/\/rosanacl.com\/wp-content\/uploads\/2025\/08\/1-10-896x1024.png 896w, https:\/\/rosanacl.com\/wp-content\/uploads\/2025\/08\/1-10-262x300.png 262w, https:\/\/rosanacl.com\/wp-content\/uploads\/2025\/08\/1-10-768x878.png 768w, https:\/\/rosanacl.com\/wp-content\/uploads\/2025\/08\/1-10-10x12.png 10w, https:\/\/rosanacl.com\/wp-content\/uploads\/2025\/08\/1-10-600x686.png 600w, https:\/\/rosanacl.com\/wp-content\/uploads\/2025\/08\/1-10.png 1166w\" sizes=\"(max-width: 656px) 100vw, 656px\" \/>\t\t\t\t\t\t\t\t\t\t\t\t\t\t\t<\/div>\n\t\t\t\t<\/div>\n\t\t\t\t<\/div>\n\t\t<div class=\"elementor-element elementor-element-b02b1e9 e-con-full e-flex e-con e-child\" data-id=\"b02b1e9\" data-element_type=\"container\" data-e-type=\"container\">\n\t\t\t\t<div class=\"elementor-element elementor-element-bc41bfc elementor-widget elementor-widget-text-editor\" data-id=\"bc41bfc\" data-element_type=\"widget\" data-e-type=\"widget\" data-widget_type=\"text-editor.default\">\n\t\t\t\t<div class=\"elementor-widget-container\">\n\t\t\t\t\t\t\t\t\t<h3 data-start=\"1176\" data-end=\"1235\"><strong data-start=\"1180\" data-end=\"1233\">Selene tanga: k\u00fcl\u00f6nf\u00e9le st\u00edlusok \u00e9s anyagok<\/strong><\/h3>\n<p data-start=\"1236\" data-end=\"1681\">A Selene egyik legnagyobb er\u0151ss\u00e9ge, hogy minden st\u00edlushoz \u00e9s ig\u00e9nyhez testreszabott tanga szand\u00e1lokat k\u00edn\u00e1l. A Rosana CL-n\u00e9l minden <strong data-start=\"1366\" data-end=\"1385\">Selene tang\u00e1ja<\/strong> Gondosan v\u00e1logatott k\u00edn\u00e1latunk az egyszer\u0171 \u00e9s diszkr\u00e9t st\u00edlusokt\u00f3l a csipk\u00e9s, \u00e1ttetsz\u0151 anyagokkal \u00e9s eleg\u00e1ns r\u00e9szletekkel d\u00edsz\u00edtett diz\u00e1jnokig terjed. Ez a soksz\u00edn\u0171s\u00e9g lehet\u0151v\u00e9 teszi, hogy minden n\u0151 megtal\u00e1lja a t\u00f6k\u00e9letes tang\u00e1t minden alkalomra, legyen sz\u00f3 mindennapi viseletr\u0151l vagy k\u00fcl\u00f6nleges esem\u00e9nyekr\u0151l.<\/p>\n<p data-start=\"1683\" data-end=\"2037\">A Selene tanga anyagai puh\u00e1k, l\u00e9g\u00e1tereszt\u0151ek \u00e9s rugalmasak, \u00edgy tart\u00f3sak \u00e9s k\u00e9nyelmesek. Tov\u00e1bb\u00e1, mos\u00e1s\u00e1ll\u00f3s\u00e1guk lehet\u0151v\u00e9 teszi, hogy hossz\u00fa ideig meg\u0151rzik alakjukat \u00e9s eredeti sz\u00edn\u00fcket. V\u00e1s\u00e1rolj egyet! <strong data-start=\"1916\" data-end=\"1935\">Selene tang\u00e1ja<\/strong> A Rosana CL-n\u00e9l befektet\u00e9s a min\u0151s\u00e9gbe \u00e9s a st\u00edlusba, amely minden tev\u00e9kenys\u00e9g\u00fckben elk\u00eds\u00e9ri a n\u0151ket.<\/p>\t\t\t\t\t\t\t\t<\/div>\n\t\t\t\t<\/div>\n\t\t\t\t<\/div>\n\t\t\t\t\t<\/div>\n\t\t\t\t<\/div>\n\t\t<div class=\"elementor-element elementor-element-495e863 e-flex e-con-boxed e-con e-parent\" data-id=\"495e863\" data-element_type=\"container\" data-e-type=\"container\">\n\t\t\t\t\t<div class=\"e-con-inner\">\n\t\t\t\t<div class=\"elementor-element elementor-element-fe47ba3 elementor-widget elementor-widget-text-editor\" data-id=\"fe47ba3\" data-element_type=\"widget\" data-e-type=\"widget\" data-widget_type=\"text-editor.default\">\n\t\t\t\t<div class=\"elementor-widget-container\">\n\t\t\t\t\t\t\t\t\t<h3 data-start=\"2039\" data-end=\"2100\"><strong data-start=\"2043\" data-end=\"2098\">Selene tangaja: magabiztoss\u00e1g \u00e9s biztons\u00e1g a Rosana CL-n\u00e9l<\/strong><\/h3>\n<p data-start=\"2101\" data-end=\"2466\">Amikor kiv\u00e1lasztunk egy <strong data-start=\"2114\" data-end=\"2133\">Selene tang\u00e1ja<\/strong> A Rosana CL-n\u00e9l v\u00e1s\u00e1rl\u00f3ink 100%-ban eredeti, kiv\u00e1l\u00f3 min\u0151s\u00e9g\u0171 term\u00e9kekhez f\u00e9rhetnek hozz\u00e1. Elk\u00f6telezettek vagyunk a biztons\u00e1gos, egyszer\u0171 \u00e9s szem\u00e9lyre szabott v\u00e1s\u00e1rl\u00e1si \u00e9lm\u00e9ny ir\u00e1nt. Minden ruhadarabhoz r\u00e9szletes le\u00edr\u00e1sok \u00e9s nagy felbont\u00e1s\u00fa f\u00e9nyk\u00e9pek tartoznak a kiv\u00e1laszt\u00e1s megk\u00f6nny\u00edt\u00e9se \u00e9rdek\u00e9ben, biztos\u00edtva a kiel\u00e9g\u00edt\u0151 \u00e9s megb\u00edzhat\u00f3 v\u00e1s\u00e1rl\u00e1st.<\/p>\n<p data-start=\"2468\" data-end=\"2834\">Ezenk\u00edv\u00fcl a Rosana CL csapata tan\u00e1csot ad a m\u00e9retekkel, anyagokkal \u00e9s st\u00edlusokkal kapcsolatban, biztos\u00edtva, hogy minden <strong data-start=\"2587\" data-end=\"2606\">Selene tang\u00e1ja<\/strong> A kiv\u00e1lasztott st\u00edlus t\u00f6k\u00e9letesen illik az \u00fcgyf\u00e9l testalkat\u00e1hoz \u00e9s \u00e9letst\u00edlus\u00e1hoz. A min\u0151s\u00e9g, a diz\u00e1jn \u00e9s a szak\u00e9rt\u0151 szolg\u00e1ltat\u00e1s kombin\u00e1ci\u00f3ja okos \u00e9s kiel\u00e9g\u00edt\u0151 d\u00f6nt\u00e9ss\u00e9 teszi a Rosana CL-n\u00e9l tal\u00e1lhat\u00f3 Selene tanga kiv\u00e1laszt\u00e1s\u00e1t.<\/p>\n<p data-start=\"2836\" data-end=\"3069\">\u00d6sszefoglalva, a <strong data-start=\"2851\" data-end=\"2870\">Selene tang\u00e1ja<\/strong> Ez sokkal t\u00f6bb, mint egy egyszer\u0171 als\u00f3nem\u0171: befektet\u00e9s a k\u00e9nyelembe, a st\u00edlusba \u00e9s az \u00f6nbizalomba. <strong data-start=\"2969\" data-end=\"2988\">Selene tang\u00e1ja<\/strong> A Rosana CL min\u0151s\u00e9get, tart\u00f3ss\u00e1got \u00e9s egyedi v\u00e1s\u00e1rl\u00e1si \u00e9lm\u00e9nyt garant\u00e1l.<\/p>\t\t\t\t\t\t\t\t<\/div>\n\t\t\t\t<\/div>\n\t\t\t\t\t<\/div>\n\t\t\t\t<\/div>\n\t\t<div class=\"elementor-element elementor-element-d05ed3a e-flex e-con-boxed e-con e-parent\" data-id=\"d05ed3a\" data-element_type=\"container\" data-e-type=\"container\">\n\t\t\t\t\t<div class=\"e-con-inner\">\n\t\t\t\t<div class=\"elementor-element elementor-element-b883e86 elementor-widget elementor-widget-heading\" data-id=\"b883e86\" data-element_type=\"widget\" data-e-type=\"widget\" data-widget_type=\"heading.default\">\n\t\t\t\t<div class=\"elementor-widget-container\">\n\t\t\t\t\t<h2 class=\"elementor-heading-title elementor-size-default\">Kapcsolat <\/h2>\t\t\t\t<\/div>\n\t\t\t\t<\/div>\n\t\t\t\t\t<\/div>\n\t\t\t\t<\/div>\n\t\t<div class=\"elementor-element elementor-element-00e20e2 e-flex e-con-boxed e-con e-parent\" data-id=\"00e20e2\" data-element_type=\"container\" data-e-type=\"container\">\n\t\t\t\t\t<div class=\"e-con-inner\">\n\t\t<div class=\"elementor-element elementor-element-8ad8f7b e-con-full e-flex e-con e-child\" data-id=\"8ad8f7b\" data-element_type=\"container\" data-e-type=\"container\">\n\t\t\t\t<div class=\"elementor-element elementor-element-888944a elementor-widget__width-initial elementor-widget elementor-widget-elementskit-contact-form7\" data-id=\"888944a\" data-element_type=\"widget\" data-e-type=\"widget\" data-widget_type=\"elementskit-contact-form7.default\">\n\t\t\t\t<div class=\"elementor-widget-container\">\n\t\t\t\t\t<div class=\"ekit-wid-con\" ><div class=\"ekit-form\">\n<div class=\"wpcf7 no-js\" id=\"wpcf7-f48-o1\" lang=\"es-ES\" dir=\"ltr\" data-wpcf7-id=\"48\">\n<div class=\"screen-reader-response\"><p role=\"status\" aria-live=\"polite\" aria-atomic=\"true\"><\/p> <ul><\/ul><\/div>\n<form action=\"\/de\/wp-json\/wp\/v2\/pages\/3931#wpcf7-f48-o1\" method=\"post\" class=\"wpcf7-form init\" aria-label=\"Kapcsolatfelv\u00e9teli \u0171rlap\" novalidate=\"novalidate\" data-status=\"init\" data-trp-original-action=\"\/de\/wp-json\/wp\/v2\/pages\/3931#wpcf7-f48-o1\">\n<fieldset class=\"hidden-fields-container\"><input type=\"hidden\" name=\"_wpcf7\" value=\"48\" \/><input type=\"hidden\" name=\"_wpcf7_version\" value=\"6.1.5\" \/><input type=\"hidden\" name=\"_wpcf7_locale\" value=\"es_ES\" \/><input type=\"hidden\" name=\"_wpcf7_unit_tag\" value=\"wpcf7-f48-o1\" \/><input type=\"hidden\" name=\"_wpcf7_container_post\" value=\"0\" \/><input type=\"hidden\" name=\"_wpcf7_posted_data_hash\" value=\"\" \/><input type=\"hidden\" name=\"_wpcf7_recaptcha_response\" value=\"\" \/>\n<\/fieldset>\n<div class=\"form-row\">\n\t<div class=\"form-column\">\n\t\t<p><span class=\"wpcf7-form-control-wrap\" data-name=\"nombre\"><input size=\"40\" maxlength=\"400\" class=\"wpcf7-form-control wpcf7-text wpcf7-validates-as-required\" aria-required=\"true\" aria-invalid=\"false\" placeholder=\"N\u00e9v\" value=\"\" type=\"text\" name=\"nombre\" \/><\/span>\n\t\t<\/p>\n\t<\/div>\n\t<div class=\"form-column\">\n\t\t<p><span class=\"wpcf7-form-control-wrap\" data-name=\"telefono\"><input size=\"40\" maxlength=\"400\" class=\"wpcf7-form-control wpcf7-tel wpcf7-validates-as-required wpcf7-text wpcf7-validates-as-tel\" aria-required=\"true\" aria-invalid=\"false\" placeholder=\"Telefonsz\u00e1m *\" value=\"\" type=\"tel\" name=\"telefono\" \/><\/span>\n\t\t<\/p>\n\t<\/div>\n<\/div>\n<div class=\"form-row\">\n\t<div class=\"form-column\">\n\t\t<p><span class=\"wpcf7-form-control-wrap\" data-name=\"email\"><input size=\"40\" maxlength=\"400\" class=\"wpcf7-form-control wpcf7-email wpcf7-validates-as-required wpcf7-text wpcf7-validates-as-email\" aria-required=\"true\" aria-invalid=\"false\" placeholder=\"E-mail c\u00edm *\" value=\"\" type=\"email\" name=\"email\" \/><\/span>\n\t\t<\/p>\n\t<\/div>\n\t<div class=\"form-column\">\n\t\t<p><span class=\"wpcf7-form-control-wrap\" data-name=\"asunto\"><input size=\"40\" maxlength=\"400\" class=\"wpcf7-form-control wpcf7-text wpcf7-validates-as-required\" aria-required=\"true\" aria-invalid=\"false\" placeholder=\"\u00dcgy *\" value=\"\" type=\"text\" name=\"asunto\" \/><\/span>\n\t\t<\/p>\n\t<\/div>\n<\/div>\n<p><span class=\"wpcf7-form-control-wrap\" data-name=\"mensaje\"><textarea cols=\"40\" rows=\"10\" maxlength=\"2000\" class=\"wpcf7-form-control wpcf7-textarea wpcf7-validates-as-required\" aria-required=\"true\" aria-invalid=\"false\" placeholder=\"\u00dczenet\" name=\"mensaje\"><\/textarea><\/span>\n<\/p>\n<p class=\"legal-priv\"><span class=\"wpcf7-form-control-wrap\" data-name=\"acceptance-787\"><span class=\"wpcf7-form-control wpcf7-acceptance\"><span class=\"wpcf7-list-item\"><label><input type=\"checkbox\" name=\"acceptance-787\" value=\"1\" aria-invalid=\"false\" \/><span class=\"wpcf7-list-item-label\">Elolvastam \u00e9s elfogadom a <a href=\"https:\/\/rosanacl.com\/hu\/politica-de-privacidad\/\">Adatv\u00e9delmi ir\u00e1nyelvek<\/a><\/span><\/label><\/span><\/span><\/span>\n<\/p>\n<p><input class=\"wpcf7-form-control wpcf7-submit has-spinner\" type=\"submit\" value=\"\u00dcZENET K\u00dcLD\u00c9SE\" \/>\n<\/p><div class=\"wpcf7-response-output\" aria-hidden=\"true\"><\/div>\n<input type=\"hidden\" name=\"trp-form-language\" value=\"hu\"\/><\/form>\n<\/div>\n<\/div><\/div>\t\t\t\t<\/div>\n\t\t\t\t<\/div>\n\t\t\t\t<\/div>\n\t\t\t\t\t<\/div>\n\t\t\t\t<\/div>\n\t\t\t\t<\/div>","protected":false},"excerpt":{"rendered":"<p>Tanga de Selene Tanga de Selene: la elecci\u00f3n perfecta para el d\u00eda a d\u00eda y ocasiones especiales El tanga de Selene se ha consolidado como una de las prendas favoritas de las mujeres que buscan combinar estilo y comodidad. En Rosana CL, ofrecemos una amplia selecci\u00f3n de tangas de Selene, pensadas para realzar la feminidad [&hellip;]<\/p>\n","protected":false},"author":1,"featured_media":0,"parent":0,"menu_order":0,"comment_status":"closed","ping_status":"closed","template":"","meta":{"content-type":"","footnotes":""},"class_list":["post-3931","page","type-page","status-publish","hentry"],"yoast_head":"<!-- This site is optimized with the Yoast SEO plugin v27.4 - https:\/\/yoast.com\/product\/yoast-seo-wordpress\/ -->\n<title>Tanga de Selene - Rosana CL<\/title>\n<meta name=\"robots\" content=\"index, follow, max-snippet:-1, max-image-preview:large, max-video-preview:-1\" \/>\n<link rel=\"canonical\" href=\"https:\/\/rosanacl.com\/hu\/tanga-de-selene\/\" \/>\n<meta property=\"og:locale\" content=\"hu_HU\" \/>\n<meta property=\"og:type\" content=\"article\" \/>\n<meta property=\"og:title\" content=\"Tanga de Selene - Rosana CL\" \/>\n<meta property=\"og:description\" content=\"Tanga de Selene Tanga de Selene: la elecci\u00f3n perfecta para el d\u00eda a d\u00eda y ocasiones especiales El tanga de Selene se ha consolidado como una de las prendas favoritas de las mujeres que buscan combinar estilo y comodidad. En Rosana CL, ofrecemos una amplia selecci\u00f3n de tangas de Selene, pensadas para realzar la feminidad [&hellip;]\" \/>\n<meta property=\"og:url\" content=\"https:\/\/rosanacl.com\/hu\/tanga-de-selene\/\" \/>\n<meta property=\"og:site_name\" content=\"Rosana CL\" \/>\n<meta property=\"article:modified_time\" content=\"2025-09-29T21:45:53+00:00\" \/>\n<meta property=\"og:image\" content=\"https:\/\/rosanacl.com\/wp-content\/uploads\/2025\/08\/1-9.png\" \/>\n\t<meta property=\"og:image:width\" content=\"1333\" \/>\n\t<meta property=\"og:image:height\" content=\"1333\" \/>\n\t<meta property=\"og:image:type\" content=\"image\/png\" \/>\n<meta name=\"twitter:card\" content=\"summary_large_image\" \/>\n<meta name=\"twitter:label1\" content=\"Becs\u00fclt olvas\u00e1si id\u0151\" \/>\n\t<meta name=\"twitter:data1\" content=\"2 perc\" \/>\n<script type=\"application\/ld+json\" class=\"yoast-schema-graph\">{\"@context\":\"https:\\\/\\\/schema.org\",\"@graph\":[{\"@type\":\"WebPage\",\"@id\":\"https:\\\/\\\/rosanacl.com\\\/tanga-de-selene\\\/\",\"url\":\"https:\\\/\\\/rosanacl.com\\\/tanga-de-selene\\\/\",\"name\":\"Tanga de Selene - Rosana CL\",\"isPartOf\":{\"@id\":\"https:\\\/\\\/rosanacl.com\\\/ca\\\/#website\"},\"primaryImageOfPage\":{\"@id\":\"https:\\\/\\\/rosanacl.com\\\/tanga-de-selene\\\/#primaryimage\"},\"image\":{\"@id\":\"https:\\\/\\\/rosanacl.com\\\/tanga-de-selene\\\/#primaryimage\"},\"thumbnailUrl\":\"https:\\\/\\\/rosanacl.com\\\/wp-content\\\/uploads\\\/2025\\\/08\\\/1-9-1024x1024.png\",\"datePublished\":\"2025-09-29T21:44:18+00:00\",\"dateModified\":\"2025-09-29T21:45:53+00:00\",\"breadcrumb\":{\"@id\":\"https:\\\/\\\/rosanacl.com\\\/tanga-de-selene\\\/#breadcrumb\"},\"inLanguage\":\"hu\",\"potentialAction\":[{\"@type\":\"ReadAction\",\"target\":[\"https:\\\/\\\/rosanacl.com\\\/tanga-de-selene\\\/\"]}]},{\"@type\":\"ImageObject\",\"inLanguage\":\"hu\",\"@id\":\"https:\\\/\\\/rosanacl.com\\\/tanga-de-selene\\\/#primaryimage\",\"url\":\"https:\\\/\\\/rosanacl.com\\\/wp-content\\\/uploads\\\/2025\\\/08\\\/1-9-1024x1024.png\",\"contentUrl\":\"https:\\\/\\\/rosanacl.com\\\/wp-content\\\/uploads\\\/2025\\\/08\\\/1-9-1024x1024.png\"},{\"@type\":\"BreadcrumbList\",\"@id\":\"https:\\\/\\\/rosanacl.com\\\/tanga-de-selene\\\/#breadcrumb\",\"itemListElement\":[{\"@type\":\"ListItem\",\"position\":1,\"name\":\"Portada\",\"item\":\"https:\\\/\\\/rosanacl.com\\\/ca\\\/\"},{\"@type\":\"ListItem\",\"position\":2,\"name\":\"Tanga de Selene\"}]},{\"@type\":\"WebSite\",\"@id\":\"https:\\\/\\\/rosanacl.com\\\/ca\\\/#website\",\"url\":\"https:\\\/\\\/rosanacl.com\\\/ca\\\/\",\"name\":\"Rosana CL\",\"description\":\"Somos tu interior\",\"potentialAction\":[{\"@type\":\"SearchAction\",\"target\":{\"@type\":\"EntryPoint\",\"urlTemplate\":\"https:\\\/\\\/rosanacl.com\\\/ca\\\/?s={search_term_string}\"},\"query-input\":{\"@type\":\"PropertyValueSpecification\",\"valueRequired\":true,\"valueName\":\"search_term_string\"}}],\"inLanguage\":\"hu\"}]}<\/script>\n<!-- \/ Yoast SEO plugin. -->","yoast_head_json":{"title":"Tanga de Selene - Rosana CL","robots":{"index":"index","follow":"follow","max-snippet":"max-snippet:-1","max-image-preview":"max-image-preview:large","max-video-preview":"max-video-preview:-1"},"canonical":"https:\/\/rosanacl.com\/hu\/tanga-de-selene\/","og_locale":"hu_HU","og_type":"article","og_title":"Tanga de Selene - Rosana CL","og_description":"Tanga de Selene Tanga de Selene: la elecci\u00f3n perfecta para el d\u00eda a d\u00eda y ocasiones especiales El tanga de Selene se ha consolidado como una de las prendas favoritas de las mujeres que buscan combinar estilo y comodidad. En Rosana CL, ofrecemos una amplia selecci\u00f3n de tangas de Selene, pensadas para realzar la feminidad [&hellip;]","og_url":"https:\/\/rosanacl.com\/hu\/tanga-de-selene\/","og_site_name":"Rosana CL","article_modified_time":"2025-09-29T21:45:53+00:00","og_image":[{"width":1333,"height":1333,"url":"https:\/\/rosanacl.com\/wp-content\/uploads\/2025\/08\/1-9.png","type":"image\/png"}],"twitter_card":"summary_large_image","twitter_misc":{"Becs\u00fclt olvas\u00e1si id\u0151":"2 perc"},"schema":{"@context":"https:\/\/schema.org","@graph":[{"@type":"WebPage","@id":"https:\/\/rosanacl.com\/tanga-de-selene\/","url":"https:\/\/rosanacl.com\/tanga-de-selene\/","name":"Tanga de Selene - Rosana CL","isPartOf":{"@id":"https:\/\/rosanacl.com\/ca\/#website"},"primaryImageOfPage":{"@id":"https:\/\/rosanacl.com\/tanga-de-selene\/#primaryimage"},"image":{"@id":"https:\/\/rosanacl.com\/tanga-de-selene\/#primaryimage"},"thumbnailUrl":"https:\/\/rosanacl.com\/wp-content\/uploads\/2025\/08\/1-9-1024x1024.png","datePublished":"2025-09-29T21:44:18+00:00","dateModified":"2025-09-29T21:45:53+00:00","breadcrumb":{"@id":"https:\/\/rosanacl.com\/tanga-de-selene\/#breadcrumb"},"inLanguage":"hu","potentialAction":[{"@type":"ReadAction","target":["https:\/\/rosanacl.com\/tanga-de-selene\/"]}]},{"@type":"ImageObject","inLanguage":"hu","@id":"https:\/\/rosanacl.com\/tanga-de-selene\/#primaryimage","url":"https:\/\/rosanacl.com\/wp-content\/uploads\/2025\/08\/1-9-1024x1024.png","contentUrl":"https:\/\/rosanacl.com\/wp-content\/uploads\/2025\/08\/1-9-1024x1024.png"},{"@type":"BreadcrumbList","@id":"https:\/\/rosanacl.com\/tanga-de-selene\/#breadcrumb","itemListElement":[{"@type":"ListItem","position":1,"name":"Portada","item":"https:\/\/rosanacl.com\/ca\/"},{"@type":"ListItem","position":2,"name":"Tanga de Selene"}]},{"@type":"WebSite","@id":"https:\/\/rosanacl.com\/ca\/#website","url":"https:\/\/rosanacl.com\/ca\/","name":"Rosana CL","description":"Mi vagyunk a bels\u0151 \u00e9ned","potentialAction":[{"@type":"SearchAction","target":{"@type":"EntryPoint","urlTemplate":"https:\/\/rosanacl.com\/ca\/?s={search_term_string}"},"query-input":{"@type":"PropertyValueSpecification","valueRequired":true,"valueName":"search_term_string"}}],"inLanguage":"hu"}]}},"_links":{"self":[{"href":"https:\/\/rosanacl.com\/hu\/wp-json\/wp\/v2\/pages\/3931","targetHints":{"allow":["GET"]}}],"collection":[{"href":"https:\/\/rosanacl.com\/hu\/wp-json\/wp\/v2\/pages"}],"about":[{"href":"https:\/\/rosanacl.com\/hu\/wp-json\/wp\/v2\/types\/page"}],"author":[{"embeddable":true,"href":"https:\/\/rosanacl.com\/hu\/wp-json\/wp\/v2\/users\/1"}],"replies":[{"embeddable":true,"href":"https:\/\/rosanacl.com\/hu\/wp-json\/wp\/v2\/comments?post=3931"}],"version-history":[{"count":0,"href":"https:\/\/rosanacl.com\/hu\/wp-json\/wp\/v2\/pages\/3931\/revisions"}],"wp:attachment":[{"href":"https:\/\/rosanacl.com\/hu\/wp-json\/wp\/v2\/media?parent=3931"}],"curies":[{"name":"wp","href":"https:\/\/api.w.org\/{rel}","templated":true}]}}