{"id":4000,"date":"2025-10-10T12:52:40","date_gmt":"2025-10-10T10:52:40","guid":{"rendered":"https:\/\/rosanacl.com\/?page_id=4000"},"modified":"2025-10-10T12:56:22","modified_gmt":"2025-10-10T10:56:22","slug":"comprar-sujetador-selene","status":"publish","type":"page","link":"https:\/\/rosanacl.com\/hu\/comprar-sujetador-selene\/","title":{"rendered":"Selene melltart\u00f3k v\u00e1s\u00e1rl\u00e1sa"},"content":{"rendered":"<div data-elementor-type=\"wp-page\" data-elementor-id=\"4000\" class=\"elementor elementor-4000\" data-elementor-post-type=\"page\">\n\t\t\t\t<div class=\"elementor-element elementor-element-171998c7 e-flex e-con-boxed e-con e-parent\" data-id=\"171998c7\" data-element_type=\"container\" data-e-type=\"container\">\n\t\t\t\t\t<div class=\"e-con-inner\">\n\t\t\t\t<div class=\"elementor-element elementor-element-6575351f elementor-widget elementor-widget-text-editor\" data-id=\"6575351f\" data-element_type=\"widget\" data-e-type=\"widget\" data-widget_type=\"text-editor.default\">\n\t\t\t\t<div class=\"elementor-widget-container\">\n\t\t\t\t\t\t\t\t\t\n<p><\/p>\n\n\n\n<p><\/p>\n\t\t\t\t\t\t\t\t<\/div>\n\t\t\t\t<\/div>\n\t\t\t\t\t<\/div>\n\t\t\t\t<\/div>\n\t\t<div class=\"elementor-element elementor-element-cf7d341 e-flex e-con-boxed e-con e-parent\" data-id=\"cf7d341\" data-element_type=\"container\" data-e-type=\"container\">\n\t\t\t\t\t<div class=\"e-con-inner\">\n\t\t\t\t<div class=\"elementor-element elementor-element-1f1d080 elementor-widget elementor-widget-heading\" data-id=\"1f1d080\" data-element_type=\"widget\" data-e-type=\"widget\" data-widget_type=\"heading.default\">\n\t\t\t\t<div class=\"elementor-widget-container\">\n\t\t\t\t\t<h2 class=\"elementor-heading-title elementor-size-default\">Selene melltart\u00f3k v\u00e1s\u00e1rl\u00e1sa<\/h2>\t\t\t\t<\/div>\n\t\t\t\t<\/div>\n\t\t\t\t\t<\/div>\n\t\t\t\t<\/div>\n\t\t<div class=\"elementor-element elementor-element-dc1921d e-flex e-con-boxed e-con e-parent\" data-id=\"dc1921d\" data-element_type=\"container\" data-e-type=\"container\">\n\t\t\t\t\t<div class=\"e-con-inner\">\n\t\t<div class=\"elementor-element elementor-element-d19616f e-con-full e-flex e-con e-child\" data-id=\"d19616f\" data-element_type=\"container\" data-e-type=\"container\">\n\t\t\t\t<div class=\"elementor-element elementor-element-7d9df57 elementor-widget elementor-widget-text-editor\" data-id=\"7d9df57\" data-element_type=\"widget\" data-e-type=\"widget\" data-widget_type=\"text-editor.default\">\n\t\t\t\t<div class=\"elementor-widget-container\">\n\t\t\t\t\t\t\t\t\t<h3 data-start=\"476\" data-end=\"552\"><strong data-start=\"480\" data-end=\"552\">Selene melltart\u00f3k v\u00e1s\u00e1rl\u00e1sa: okos v\u00e1laszt\u00e1s minden n\u0151 sz\u00e1m\u00e1ra<\/strong><\/h3>\n<p data-start=\"554\" data-end=\"983\">Az ide\u00e1lis feh\u00e9rnem\u0171 kiv\u00e1laszt\u00e1sakor a k\u00e9nyelemnek, a min\u0151s\u00e9gnek \u00e9s a diz\u00e1jnnak k\u00e9z a k\u00e9zben kell j\u00e1rnia. Ez\u00e9rt v\u00e1lasztja egyre t\u00f6bb n\u0151... <strong data-start=\"699\" data-end=\"729\">Selene melltart\u00f3k v\u00e1s\u00e1rl\u00e1sa<\/strong>, egy olyan m\u00e1rka, amely arr\u00f3l ismert, hogy minden ruhadarabj\u00e1ban \u00f6tv\u00f6zi a tart\u00e1st, az eleganci\u00e1t \u00e9s a tart\u00f3ss\u00e1got. <strong data-start=\"835\" data-end=\"848\">Rosana CL<\/strong>, a m\u00e1rka legjobb modelljeinek gondosan v\u00e1logatott k\u00edn\u00e1lat\u00e1t tal\u00e1lod, amelyeket minden testalkathoz \u00e9s \u00e9letst\u00edlushoz terveztek.<\/p>\n<p data-start=\"985\" data-end=\"1384\">Selene melltart\u00f3 v\u00e1s\u00e1rl\u00e1sa egy olyan m\u00e1rka kiv\u00e1laszt\u00e1s\u00e1t jelenti, amely \u00e9vtizedes tapasztalattal rendelkezik a n\u0151i feh\u00e9rnem\u0171 tervez\u00e9s\u00e9ben. Melltart\u00f3ik t\u00f6k\u00e9letesen illeszkednek a test vonalaihoz, term\u00e9szetes tart\u00e1st biztos\u00edtva, amely kiemeli az alakot an\u00e9lk\u00fcl, hogy kellemetlens\u00e9get okozna. Ak\u00e1r mindennapi viseletr\u0151l, sportr\u00f3l vagy k\u00fcl\u00f6nleges alkalmakr\u00f3l van sz\u00f3, a Selene olyan modelleket k\u00edn\u00e1l, amelyek minden ig\u00e9nyt kiel\u00e9g\u00edtenek.<\/p>\n<p data-start=\"1386\" data-end=\"1633\">Be <strong data-start=\"1389\" data-end=\"1402\">Rosana CL<\/strong>Minden egyes darabunkat azzal a c\u00e9llal v\u00e1logatjuk \u00f6ssze, hogy kifog\u00e1stalan visel\u00e9si \u00e9lm\u00e9nyt ny\u00fajtsunk v\u00e1s\u00e1rl\u00f3inknak. Mert tudjuk, hogy a melltart\u00f3 nem csup\u00e1n egy ruhadarab: a j\u00f3ll\u00e9t \u00e9s a szem\u00e9lyes \u00f6nbizalom elengedhetetlen eleme.<\/p>\t\t\t\t\t\t\t\t<\/div>\n\t\t\t\t<\/div>\n\t\t\t\t<\/div>\n\t\t<div class=\"elementor-element elementor-element-5568f8b e-con-full e-flex e-con e-child\" data-id=\"5568f8b\" data-element_type=\"container\" data-e-type=\"container\">\n\t\t\t\t<div class=\"elementor-element elementor-element-980debe elementor-widget elementor-widget-image\" data-id=\"980debe\" data-element_type=\"widget\" data-e-type=\"widget\" data-widget_type=\"image.default\">\n\t\t\t\t<div class=\"elementor-widget-container\">\n\t\t\t\t\t\t\t\t\t\t\t\t\t\t\t<img fetchpriority=\"high\" decoding=\"async\" width=\"800\" height=\"566\" src=\"https:\/\/rosanacl.com\/wp-content\/uploads\/2025\/10\/sujetadores-selene-1-1024x724.jpg\" class=\"attachment-large size-large wp-image-3978\" alt=\"\" srcset=\"https:\/\/rosanacl.com\/wp-content\/uploads\/2025\/10\/sujetadores-selene-1-1024x724.jpg 1024w, https:\/\/rosanacl.com\/wp-content\/uploads\/2025\/10\/sujetadores-selene-1-300x212.jpg 300w, https:\/\/rosanacl.com\/wp-content\/uploads\/2025\/10\/sujetadores-selene-1-768x543.jpg 768w, https:\/\/rosanacl.com\/wp-content\/uploads\/2025\/10\/sujetadores-selene-1-1536x1086.jpg 1536w, https:\/\/rosanacl.com\/wp-content\/uploads\/2025\/10\/sujetadores-selene-1-18x12.jpg 18w, https:\/\/rosanacl.com\/wp-content\/uploads\/2025\/10\/sujetadores-selene-1-600x424.jpg 600w, https:\/\/rosanacl.com\/wp-content\/uploads\/2025\/10\/sujetadores-selene-1.jpg 2000w\" sizes=\"(max-width: 800px) 100vw, 800px\" \/>\t\t\t\t\t\t\t\t\t\t\t\t\t\t\t<\/div>\n\t\t\t\t<\/div>\n\t\t\t\t<\/div>\n\t\t\t\t\t<\/div>\n\t\t\t\t<\/div>\n\t\t<div class=\"elementor-element elementor-element-5e380fb e-flex e-con-boxed e-con e-parent\" data-id=\"5e380fb\" data-element_type=\"container\" data-e-type=\"container\">\n\t\t\t\t\t<div class=\"e-con-inner\">\n\t\t<div class=\"elementor-element elementor-element-a763375 e-con-full e-flex e-con e-child\" data-id=\"a763375\" data-element_type=\"container\" data-e-type=\"container\">\n\t\t\t\t<div class=\"elementor-element elementor-element-a8aecc4 elementor-widget elementor-widget-image\" data-id=\"a8aecc4\" data-element_type=\"widget\" data-e-type=\"widget\" data-widget_type=\"image.default\">\n\t\t\t\t<div class=\"elementor-widget-container\">\n\t\t\t\t\t\t\t\t\t\t\t\t\t\t\t<img decoding=\"async\" width=\"800\" height=\"566\" src=\"https:\/\/rosanacl.com\/wp-content\/uploads\/2025\/10\/comprar-sujetadores-online-1-1024x724.jpg\" class=\"attachment-large size-large wp-image-3976\" alt=\"\" srcset=\"https:\/\/rosanacl.com\/wp-content\/uploads\/2025\/10\/comprar-sujetadores-online-1-1024x724.jpg 1024w, https:\/\/rosanacl.com\/wp-content\/uploads\/2025\/10\/comprar-sujetadores-online-1-300x212.jpg 300w, https:\/\/rosanacl.com\/wp-content\/uploads\/2025\/10\/comprar-sujetadores-online-1-768x543.jpg 768w, https:\/\/rosanacl.com\/wp-content\/uploads\/2025\/10\/comprar-sujetadores-online-1-1536x1086.jpg 1536w, https:\/\/rosanacl.com\/wp-content\/uploads\/2025\/10\/comprar-sujetadores-online-1-18x12.jpg 18w, https:\/\/rosanacl.com\/wp-content\/uploads\/2025\/10\/comprar-sujetadores-online-1-600x424.jpg 600w, https:\/\/rosanacl.com\/wp-content\/uploads\/2025\/10\/comprar-sujetadores-online-1.jpg 2000w\" sizes=\"(max-width: 800px) 100vw, 800px\" \/>\t\t\t\t\t\t\t\t\t\t\t\t\t\t\t<\/div>\n\t\t\t\t<\/div>\n\t\t\t\t<\/div>\n\t\t<div class=\"elementor-element elementor-element-b02b1e9 e-con-full e-flex e-con e-child\" data-id=\"b02b1e9\" data-element_type=\"container\" data-e-type=\"container\">\n\t\t\t\t<div class=\"elementor-element elementor-element-f1ad30d elementor-widget elementor-widget-text-editor\" data-id=\"f1ad30d\" data-element_type=\"widget\" data-e-type=\"widget\" data-widget_type=\"text-editor.default\">\n\t\t\t\t<div class=\"elementor-widget-container\">\n\t\t\t\t\t\t\t\t\t<h3 data-start=\"1640\" data-end=\"1714\"><strong data-start=\"1644\" data-end=\"1714\">Selene melltart\u00f3k v\u00e1s\u00e1rl\u00e1sa: min\u0151s\u00e9g, innov\u00e1ci\u00f3 \u00e9s id\u0151tlen design<\/strong><\/h3>\n<p data-start=\"1716\" data-end=\"2137\">Az egyik oka annak, hogy n\u0151k ezrei d\u00f6ntenek \u00fagy, hogy <strong data-start=\"1772\" data-end=\"1802\">Selene melltart\u00f3k v\u00e1s\u00e1rl\u00e1sa<\/strong> a textil innov\u00e1ci\u00f3 ir\u00e1nti elk\u00f6telezetts\u00e9g\u00fck. A m\u00e1rka \u00e9lvonalbeli technikai anyagokat haszn\u00e1l, mint p\u00e9ld\u00e1ul a l\u00e9legz\u0151 mikrosz\u00e1las anyagot \u00e9s a rugalmas csipk\u00e9t, amelyek garant\u00e1lj\u00e1k a k\u00e9nyelmet \u00e9s a tart\u00f3ss\u00e1got a st\u00edlus fel\u00e1ldoz\u00e1sa n\u00e9lk\u00fcl. Minden modell prec\u00edzen \u00fagy van kialak\u00edtva, hogy anat\u00f3miai illeszked\u00e9st biztos\u00edtson, elker\u00fclve a felesleges nyom\u00e1st vagy kid\u00f6rzs\u00f6l\u00e9st.<\/p>\n<p data-start=\"2139\" data-end=\"2514\">A <strong data-start=\"2143\" data-end=\"2165\">Selene melltart\u00f3k<\/strong> Tart\u00f3ss\u00e1gukkal t\u0171nnek ki. T\u00f6bb mos\u00e1s ut\u00e1n is meg\u0151rzik form\u00e1jukat, rugalmass\u00e1gukat \u00e9s puhas\u00e1gukat, \u00edgy biztons\u00e1gos befektet\u00e9snek sz\u00e1m\u00edtanak. Tov\u00e1bb\u00e1, a sz\u00e9les v\u00e1laszt\u00e9kban kaphat\u00f3 modellek \u2013 merev\u00edt\u0151s vagy merev\u00edt\u0151 n\u00e9lk\u00fcli, reduk\u00e1lt, sport vagy p\u00e1rn\u00e1zott \u2013 lehet\u0151v\u00e9 teszik, hogy minden n\u0151 megtal\u00e1lja az \u00edzl\u00e9s\u00e9nek \u00e9s ig\u00e9nyeinek t\u00f6k\u00e9letesen megfelel\u0151 melltart\u00f3t.<\/p>\n<p data-start=\"2516\" data-end=\"2856\">Egy m\u00e1sik elt\u00e9r\u0151 aspektusa <strong data-start=\"2544\" data-end=\"2574\">Selene melltart\u00f3k v\u00e1s\u00e1rl\u00e1sa<\/strong> Eszt\u00e9tikai sokoldal\u00fas\u00e1gukr\u00f3l van sz\u00f3. A formatervez\u00e9s az eleganci\u00e1t \u00e9s a funkcionalit\u00e1st \u00f6tv\u00f6zi, csipke r\u00e9szletekkel, finom \u00e1ttetsz\u0151s\u00e9ggel \u00e9s finom kidolgoz\u00e1ssal, amelyek a k\u00e9nyelem fel\u00e1ldoz\u00e1sa n\u00e9lk\u00fcl fokozz\u00e1k a n\u0151iess\u00e9get. Ezek olyan ruhadarabok, amelyek ugyanolyan j\u00f3l \u00e9rzik magukat, mint amilyen j\u00f3l n\u00e9znek ki, \u00e9s ez teszi \u0151ket egyediv\u00e9.<\/p>\n<p data-start=\"2858\" data-end=\"3059\">Be <strong data-start=\"2861\" data-end=\"2874\">Rosana CL<\/strong>R\u00e9szletes le\u00edr\u00e1sokkal, nagy felbont\u00e1s\u00fa f\u00e9nyk\u00e9pekkel \u00e9s pontos m\u00e9retez\u00e9si \u00fatmutat\u00f3val seg\u00edt\u00fcnk megtal\u00e1lni a t\u00f6k\u00e9letes modellt, hogy minden v\u00e1s\u00e1rl\u00e1skor a megfelel\u0151 d\u00f6nt\u00e9st hozhasd.<\/p>\t\t\t\t\t\t\t\t<\/div>\n\t\t\t\t<\/div>\n\t\t\t\t<\/div>\n\t\t\t\t\t<\/div>\n\t\t\t\t<\/div>\n\t\t<div class=\"elementor-element elementor-element-495e863 e-flex e-con-boxed e-con e-parent\" data-id=\"495e863\" data-element_type=\"container\" data-e-type=\"container\">\n\t\t\t\t\t<div class=\"e-con-inner\">\n\t\t\t\t<div class=\"elementor-element elementor-element-fe47ba3 elementor-widget elementor-widget-text-editor\" data-id=\"fe47ba3\" data-element_type=\"widget\" data-e-type=\"widget\" data-widget_type=\"text-editor.default\">\n\t\t\t\t<div class=\"elementor-widget-container\">\n\t\t\t\t\t\t\t\t\t<h3 data-start=\"3066\" data-end=\"3148\"><strong data-start=\"3070\" data-end=\"3148\">Selene melltart\u00f3k v\u00e1s\u00e1rl\u00e1sa a Rosana CL-n\u00e9l: bizalom, tan\u00e1csad\u00e1s \u00e9s st\u00edlus<\/strong><\/h3>\n<p data-start=\"3150\" data-end=\"3509\">V\u00e1lassza ki a helyet <strong data-start=\"3163\" data-end=\"3193\">Selene melltart\u00f3k v\u00e1s\u00e1rl\u00e1sa<\/strong> ugyanolyan fontos, mint a megfelel\u0151 modell kiv\u00e1laszt\u00e1sa. <strong data-start=\"3248\" data-end=\"3261\">Rosana CL<\/strong>K\u00f6zvetlen\u00fcl a m\u00e1rk\u00e1val dolgozunk egy\u00fctt, hogy csak eredeti, garant\u00e1ltan hiteles \u00e9s a legmagasabb min\u0151s\u00e9g\u0171 term\u00e9keket k\u00edn\u00e1lhassunk. B\u00fcszk\u00e9k vagyunk arra, hogy n\u0151i feh\u00e9rnem\u0171 specialistak\u00e9nt meg\u00e9rtj\u00fck minden n\u0151 val\u00f3di ig\u00e9nyeit.<\/p>\n<p data-start=\"3511\" data-end=\"3827\">Online \u00e1ruh\u00e1zunk egyszer\u0171, biztons\u00e1gos \u00e9s bar\u00e1ts\u00e1gos v\u00e1s\u00e1rl\u00e1si \u00e9lm\u00e9nyt k\u00edn\u00e1l. Szem\u00e9lyre szabott \u00fcgyf\u00e9lszolg\u00e1latot is k\u00edn\u00e1lunk, amely seg\u00edt a m\u00e9retek, st\u00edlusok \u00e9s az egyes modellekhez tartoz\u00f3 egyedi jellemz\u0151k kiv\u00e1laszt\u00e1s\u00e1ban. Tudjuk, hogy minden testalkat m\u00e1s, \u00e9s meg\u00e9rdemli a t\u00f6k\u00e9letesen illeszked\u0151 melltart\u00f3t.<\/p>\n<p data-start=\"3829\" data-end=\"4157\">Be <strong data-start=\"3832\" data-end=\"3845\">Rosana CL<\/strong>A Selene melltart\u00f3k v\u00e1s\u00e1rl\u00e1sa egyet jelent a magabiztoss\u00e1ggal. Katal\u00f3gusunkban megtal\u00e1lhat\u00f3k a m\u00e1rka leg\u00fajabb kollekci\u00f3i, mindennapi viseletre, k\u00fcl\u00f6nleges esem\u00e9nyekre \u00e9s sporttev\u00e9kenys\u00e9gekre egyar\u00e1nt alkalmas darabok. Minden ruhadarabunkat \u00fagy tervezt\u00fck, hogy tart\u00e1st, k\u00e9nyelmet \u00e9s egy csipetnyi eleganci\u00e1t ny\u00fajtson, ami igaz\u00e1n k\u00fcl\u00f6nlegess\u00e9 teszi a megjelen\u00e9st.<\/p>\t\t\t\t\t\t\t\t<\/div>\n\t\t\t\t<\/div>\n\t\t\t\t\t<\/div>\n\t\t\t\t<\/div>\n\t\t<div class=\"elementor-element elementor-element-d05ed3a e-flex e-con-boxed e-con e-parent\" data-id=\"d05ed3a\" data-element_type=\"container\" data-e-type=\"container\">\n\t\t\t\t\t<div class=\"e-con-inner\">\n\t\t\t\t<div class=\"elementor-element elementor-element-b883e86 elementor-widget elementor-widget-heading\" data-id=\"b883e86\" data-element_type=\"widget\" data-e-type=\"widget\" data-widget_type=\"heading.default\">\n\t\t\t\t<div class=\"elementor-widget-container\">\n\t\t\t\t\t<h2 class=\"elementor-heading-title elementor-size-default\">Kapcsolat <\/h2>\t\t\t\t<\/div>\n\t\t\t\t<\/div>\n\t\t\t\t\t<\/div>\n\t\t\t\t<\/div>\n\t\t<div class=\"elementor-element elementor-element-00e20e2 e-flex e-con-boxed e-con e-parent\" data-id=\"00e20e2\" data-element_type=\"container\" data-e-type=\"container\">\n\t\t\t\t\t<div class=\"e-con-inner\">\n\t\t<div class=\"elementor-element elementor-element-8ad8f7b e-con-full e-flex e-con e-child\" data-id=\"8ad8f7b\" data-element_type=\"container\" data-e-type=\"container\">\n\t\t\t\t<div class=\"elementor-element elementor-element-888944a elementor-widget__width-initial elementor-widget elementor-widget-elementskit-contact-form7\" data-id=\"888944a\" data-element_type=\"widget\" data-e-type=\"widget\" data-widget_type=\"elementskit-contact-form7.default\">\n\t\t\t\t<div class=\"elementor-widget-container\">\n\t\t\t\t\t<div class=\"ekit-wid-con\" ><div class=\"ekit-form\">\n<div class=\"wpcf7 no-js\" id=\"wpcf7-f48-o1\" lang=\"es-ES\" dir=\"ltr\" data-wpcf7-id=\"48\">\n<div class=\"screen-reader-response\"><p role=\"status\" aria-live=\"polite\" aria-atomic=\"true\"><\/p> <ul><\/ul><\/div>\n<form action=\"\/eu\/wp-json\/wp\/v2\/pages\/4000#wpcf7-f48-o1\" method=\"post\" class=\"wpcf7-form init\" aria-label=\"Kapcsolatfelv\u00e9teli \u0171rlap\" novalidate=\"novalidate\" data-status=\"init\" data-trp-original-action=\"\/eu\/wp-json\/wp\/v2\/pages\/4000#wpcf7-f48-o1\">\n<fieldset class=\"hidden-fields-container\"><input type=\"hidden\" name=\"_wpcf7\" value=\"48\" \/><input type=\"hidden\" name=\"_wpcf7_version\" value=\"6.1.5\" \/><input type=\"hidden\" name=\"_wpcf7_locale\" value=\"es_ES\" \/><input type=\"hidden\" name=\"_wpcf7_unit_tag\" value=\"wpcf7-f48-o1\" \/><input type=\"hidden\" name=\"_wpcf7_container_post\" value=\"0\" \/><input type=\"hidden\" name=\"_wpcf7_posted_data_hash\" value=\"\" \/><input type=\"hidden\" name=\"_wpcf7_recaptcha_response\" value=\"\" \/>\n<\/fieldset>\n<div class=\"form-row\">\n\t<div class=\"form-column\">\n\t\t<p><span class=\"wpcf7-form-control-wrap\" data-name=\"nombre\"><input size=\"40\" maxlength=\"400\" class=\"wpcf7-form-control wpcf7-text wpcf7-validates-as-required\" aria-required=\"true\" aria-invalid=\"false\" placeholder=\"N\u00e9v\" value=\"\" type=\"text\" name=\"nombre\" \/><\/span>\n\t\t<\/p>\n\t<\/div>\n\t<div class=\"form-column\">\n\t\t<p><span class=\"wpcf7-form-control-wrap\" data-name=\"telefono\"><input size=\"40\" maxlength=\"400\" class=\"wpcf7-form-control wpcf7-tel wpcf7-validates-as-required wpcf7-text wpcf7-validates-as-tel\" aria-required=\"true\" aria-invalid=\"false\" placeholder=\"Telefonsz\u00e1m *\" value=\"\" type=\"tel\" name=\"telefono\" \/><\/span>\n\t\t<\/p>\n\t<\/div>\n<\/div>\n<div class=\"form-row\">\n\t<div class=\"form-column\">\n\t\t<p><span class=\"wpcf7-form-control-wrap\" data-name=\"email\"><input size=\"40\" maxlength=\"400\" class=\"wpcf7-form-control wpcf7-email wpcf7-validates-as-required wpcf7-text wpcf7-validates-as-email\" aria-required=\"true\" aria-invalid=\"false\" placeholder=\"E-mail c\u00edm *\" value=\"\" type=\"email\" name=\"email\" \/><\/span>\n\t\t<\/p>\n\t<\/div>\n\t<div class=\"form-column\">\n\t\t<p><span class=\"wpcf7-form-control-wrap\" data-name=\"asunto\"><input size=\"40\" maxlength=\"400\" class=\"wpcf7-form-control wpcf7-text wpcf7-validates-as-required\" aria-required=\"true\" aria-invalid=\"false\" placeholder=\"\u00dcgy *\" value=\"\" type=\"text\" name=\"asunto\" \/><\/span>\n\t\t<\/p>\n\t<\/div>\n<\/div>\n<p><span class=\"wpcf7-form-control-wrap\" data-name=\"mensaje\"><textarea cols=\"40\" rows=\"10\" maxlength=\"2000\" class=\"wpcf7-form-control wpcf7-textarea wpcf7-validates-as-required\" aria-required=\"true\" aria-invalid=\"false\" placeholder=\"\u00dczenet\" name=\"mensaje\"><\/textarea><\/span>\n<\/p>\n<p class=\"legal-priv\"><span class=\"wpcf7-form-control-wrap\" data-name=\"acceptance-787\"><span class=\"wpcf7-form-control wpcf7-acceptance\"><span class=\"wpcf7-list-item\"><label><input type=\"checkbox\" name=\"acceptance-787\" value=\"1\" aria-invalid=\"false\" \/><span class=\"wpcf7-list-item-label\">Elolvastam \u00e9s elfogadom a <a href=\"https:\/\/rosanacl.com\/hu\/politica-de-privacidad\/\">Adatv\u00e9delmi ir\u00e1nyelvek<\/a><\/span><\/label><\/span><\/span><\/span>\n<\/p>\n<p><input class=\"wpcf7-form-control wpcf7-submit has-spinner\" type=\"submit\" value=\"\u00dcZENET K\u00dcLD\u00c9SE\" \/>\n<\/p><div class=\"wpcf7-response-output\" aria-hidden=\"true\"><\/div>\n<input type=\"hidden\" name=\"trp-form-language\" value=\"hu\"\/><\/form>\n<\/div>\n<\/div><\/div>\t\t\t\t<\/div>\n\t\t\t\t<\/div>\n\t\t\t\t<\/div>\n\t\t\t\t\t<\/div>\n\t\t\t\t<\/div>\n\t\t\t\t<\/div>","protected":false},"excerpt":{"rendered":"<p>Comprar sujetadores Selene Comprar sujetadores Selene: una elecci\u00f3n inteligente para cada mujer Cuando se trata de elegir la ropa interior ideal, la comodidad, la calidad y el dise\u00f1o deben ir de la mano. Por eso, cada vez m\u00e1s mujeres eligen comprar sujetadores Selene, una marca reconocida por su capacidad para combinar soporte, elegancia y durabilidad [&hellip;]<\/p>\n","protected":false},"author":1,"featured_media":0,"parent":0,"menu_order":0,"comment_status":"closed","ping_status":"closed","template":"","meta":{"content-type":"","footnotes":""},"class_list":["post-4000","page","type-page","status-publish","hentry"],"yoast_head":"<!-- This site is optimized with the Yoast SEO plugin v27.4 - https:\/\/yoast.com\/product\/yoast-seo-wordpress\/ -->\n<title>Comprar sujetadores Selene - Rosana CL<\/title>\n<meta name=\"robots\" content=\"index, follow, max-snippet:-1, max-image-preview:large, max-video-preview:-1\" \/>\n<link rel=\"canonical\" href=\"https:\/\/rosanacl.com\/hu\/comprar-sujetador-selene\/\" \/>\n<meta property=\"og:locale\" content=\"hu_HU\" \/>\n<meta property=\"og:type\" content=\"article\" \/>\n<meta property=\"og:title\" content=\"Comprar sujetadores Selene - Rosana CL\" \/>\n<meta property=\"og:description\" content=\"Comprar sujetadores Selene Comprar sujetadores Selene: una elecci\u00f3n inteligente para cada mujer Cuando se trata de elegir la ropa interior ideal, la comodidad, la calidad y el dise\u00f1o deben ir de la mano. Por eso, cada vez m\u00e1s mujeres eligen comprar sujetadores Selene, una marca reconocida por su capacidad para combinar soporte, elegancia y durabilidad [&hellip;]\" \/>\n<meta property=\"og:url\" content=\"https:\/\/rosanacl.com\/hu\/comprar-sujetador-selene\/\" \/>\n<meta property=\"og:site_name\" content=\"Rosana CL\" \/>\n<meta property=\"article:modified_time\" content=\"2025-10-10T10:56:22+00:00\" \/>\n<meta property=\"og:image\" content=\"https:\/\/rosanacl.com\/wp-content\/uploads\/2025\/10\/sujetadores-selene-1.jpg\" \/>\n\t<meta property=\"og:image:width\" content=\"2000\" \/>\n\t<meta property=\"og:image:height\" content=\"1414\" \/>\n\t<meta property=\"og:image:type\" content=\"image\/jpeg\" \/>\n<meta name=\"twitter:card\" content=\"summary_large_image\" \/>\n<meta name=\"twitter:label1\" content=\"Becs\u00fclt olvas\u00e1si id\u0151\" \/>\n\t<meta name=\"twitter:data1\" content=\"3 perc\" \/>\n<script type=\"application\/ld+json\" class=\"yoast-schema-graph\">{\"@context\":\"https:\\\/\\\/schema.org\",\"@graph\":[{\"@type\":\"WebPage\",\"@id\":\"https:\\\/\\\/rosanacl.com\\\/comprar-sujetador-selene\\\/\",\"url\":\"https:\\\/\\\/rosanacl.com\\\/comprar-sujetador-selene\\\/\",\"name\":\"Comprar sujetadores Selene - Rosana CL\",\"isPartOf\":{\"@id\":\"https:\\\/\\\/rosanacl.com\\\/ca\\\/#website\"},\"primaryImageOfPage\":{\"@id\":\"https:\\\/\\\/rosanacl.com\\\/comprar-sujetador-selene\\\/#primaryimage\"},\"image\":{\"@id\":\"https:\\\/\\\/rosanacl.com\\\/comprar-sujetador-selene\\\/#primaryimage\"},\"thumbnailUrl\":\"https:\\\/\\\/rosanacl.com\\\/wp-content\\\/uploads\\\/2025\\\/10\\\/sujetadores-selene-1-1024x724.jpg\",\"datePublished\":\"2025-10-10T10:52:40+00:00\",\"dateModified\":\"2025-10-10T10:56:22+00:00\",\"breadcrumb\":{\"@id\":\"https:\\\/\\\/rosanacl.com\\\/comprar-sujetador-selene\\\/#breadcrumb\"},\"inLanguage\":\"hu\",\"potentialAction\":[{\"@type\":\"ReadAction\",\"target\":[\"https:\\\/\\\/rosanacl.com\\\/comprar-sujetador-selene\\\/\"]}]},{\"@type\":\"ImageObject\",\"inLanguage\":\"hu\",\"@id\":\"https:\\\/\\\/rosanacl.com\\\/comprar-sujetador-selene\\\/#primaryimage\",\"url\":\"https:\\\/\\\/rosanacl.com\\\/wp-content\\\/uploads\\\/2025\\\/10\\\/sujetadores-selene-1-1024x724.jpg\",\"contentUrl\":\"https:\\\/\\\/rosanacl.com\\\/wp-content\\\/uploads\\\/2025\\\/10\\\/sujetadores-selene-1-1024x724.jpg\"},{\"@type\":\"BreadcrumbList\",\"@id\":\"https:\\\/\\\/rosanacl.com\\\/comprar-sujetador-selene\\\/#breadcrumb\",\"itemListElement\":[{\"@type\":\"ListItem\",\"position\":1,\"name\":\"Portada\",\"item\":\"https:\\\/\\\/rosanacl.com\\\/ca\\\/\"},{\"@type\":\"ListItem\",\"position\":2,\"name\":\"Comprar sujetadores Selene\"}]},{\"@type\":\"WebSite\",\"@id\":\"https:\\\/\\\/rosanacl.com\\\/ca\\\/#website\",\"url\":\"https:\\\/\\\/rosanacl.com\\\/ca\\\/\",\"name\":\"Rosana CL\",\"description\":\"Somos tu interior\",\"potentialAction\":[{\"@type\":\"SearchAction\",\"target\":{\"@type\":\"EntryPoint\",\"urlTemplate\":\"https:\\\/\\\/rosanacl.com\\\/ca\\\/?s={search_term_string}\"},\"query-input\":{\"@type\":\"PropertyValueSpecification\",\"valueRequired\":true,\"valueName\":\"search_term_string\"}}],\"inLanguage\":\"hu\"}]}<\/script>\n<!-- \/ Yoast SEO plugin. -->","yoast_head_json":{"title":"Comprar sujetadores Selene - Rosana CL","robots":{"index":"index","follow":"follow","max-snippet":"max-snippet:-1","max-image-preview":"max-image-preview:large","max-video-preview":"max-video-preview:-1"},"canonical":"https:\/\/rosanacl.com\/hu\/comprar-sujetador-selene\/","og_locale":"hu_HU","og_type":"article","og_title":"Comprar sujetadores Selene - Rosana CL","og_description":"Comprar sujetadores Selene Comprar sujetadores Selene: una elecci\u00f3n inteligente para cada mujer Cuando se trata de elegir la ropa interior ideal, la comodidad, la calidad y el dise\u00f1o deben ir de la mano. Por eso, cada vez m\u00e1s mujeres eligen comprar sujetadores Selene, una marca reconocida por su capacidad para combinar soporte, elegancia y durabilidad [&hellip;]","og_url":"https:\/\/rosanacl.com\/hu\/comprar-sujetador-selene\/","og_site_name":"Rosana CL","article_modified_time":"2025-10-10T10:56:22+00:00","og_image":[{"width":2000,"height":1414,"url":"https:\/\/rosanacl.com\/wp-content\/uploads\/2025\/10\/sujetadores-selene-1.jpg","type":"image\/jpeg"}],"twitter_card":"summary_large_image","twitter_misc":{"Becs\u00fclt olvas\u00e1si id\u0151":"3 perc"},"schema":{"@context":"https:\/\/schema.org","@graph":[{"@type":"WebPage","@id":"https:\/\/rosanacl.com\/comprar-sujetador-selene\/","url":"https:\/\/rosanacl.com\/comprar-sujetador-selene\/","name":"Comprar sujetadores Selene - Rosana CL","isPartOf":{"@id":"https:\/\/rosanacl.com\/ca\/#website"},"primaryImageOfPage":{"@id":"https:\/\/rosanacl.com\/comprar-sujetador-selene\/#primaryimage"},"image":{"@id":"https:\/\/rosanacl.com\/comprar-sujetador-selene\/#primaryimage"},"thumbnailUrl":"https:\/\/rosanacl.com\/wp-content\/uploads\/2025\/10\/sujetadores-selene-1-1024x724.jpg","datePublished":"2025-10-10T10:52:40+00:00","dateModified":"2025-10-10T10:56:22+00:00","breadcrumb":{"@id":"https:\/\/rosanacl.com\/comprar-sujetador-selene\/#breadcrumb"},"inLanguage":"hu","potentialAction":[{"@type":"ReadAction","target":["https:\/\/rosanacl.com\/comprar-sujetador-selene\/"]}]},{"@type":"ImageObject","inLanguage":"hu","@id":"https:\/\/rosanacl.com\/comprar-sujetador-selene\/#primaryimage","url":"https:\/\/rosanacl.com\/wp-content\/uploads\/2025\/10\/sujetadores-selene-1-1024x724.jpg","contentUrl":"https:\/\/rosanacl.com\/wp-content\/uploads\/2025\/10\/sujetadores-selene-1-1024x724.jpg"},{"@type":"BreadcrumbList","@id":"https:\/\/rosanacl.com\/comprar-sujetador-selene\/#breadcrumb","itemListElement":[{"@type":"ListItem","position":1,"name":"Portada","item":"https:\/\/rosanacl.com\/ca\/"},{"@type":"ListItem","position":2,"name":"Comprar sujetadores Selene"}]},{"@type":"WebSite","@id":"https:\/\/rosanacl.com\/ca\/#website","url":"https:\/\/rosanacl.com\/ca\/","name":"Rosana CL","description":"Mi vagyunk a bels\u0151 \u00e9ned","potentialAction":[{"@type":"SearchAction","target":{"@type":"EntryPoint","urlTemplate":"https:\/\/rosanacl.com\/ca\/?s={search_term_string}"},"query-input":{"@type":"PropertyValueSpecification","valueRequired":true,"valueName":"search_term_string"}}],"inLanguage":"hu"}]}},"_links":{"self":[{"href":"https:\/\/rosanacl.com\/hu\/wp-json\/wp\/v2\/pages\/4000","targetHints":{"allow":["GET"]}}],"collection":[{"href":"https:\/\/rosanacl.com\/hu\/wp-json\/wp\/v2\/pages"}],"about":[{"href":"https:\/\/rosanacl.com\/hu\/wp-json\/wp\/v2\/types\/page"}],"author":[{"embeddable":true,"href":"https:\/\/rosanacl.com\/hu\/wp-json\/wp\/v2\/users\/1"}],"replies":[{"embeddable":true,"href":"https:\/\/rosanacl.com\/hu\/wp-json\/wp\/v2\/comments?post=4000"}],"version-history":[{"count":0,"href":"https:\/\/rosanacl.com\/hu\/wp-json\/wp\/v2\/pages\/4000\/revisions"}],"wp:attachment":[{"href":"https:\/\/rosanacl.com\/hu\/wp-json\/wp\/v2\/media?parent=4000"}],"curies":[{"name":"wp","href":"https:\/\/api.w.org\/{rel}","templated":true}]}}