{"id":1017,"date":"2025-04-30T00:35:59","date_gmt":"2025-04-29T22:35:59","guid":{"rendered":"https:\/\/rosanacl.com\/?post_type=product&#038;p=1017"},"modified":"2026-01-07T20:56:28","modified_gmt":"2026-01-07T19:56:28","slug":"sujetador-modelo-laia","status":"publish","type":"product","link":"https:\/\/rosanacl.com\/hu\/termek\/sujetador-modelo-laia\/","title":{"rendered":"Selene Laia Bra"},"content":{"rendered":"<p>A Selene Laia melltart\u00f3t azokra a napokra tervezt\u00e9k, amikor mindenf\u00e9le macera n\u00e9lk\u00fcl szeretn\u00e9l a lehet\u0151 legjobban kin\u00e9zni: merev\u00edt\u0151s \u00e9s k\u00f6nny\u0171 p\u00e1rn\u00e1z\u00e1s a term\u00e9szetes emel\u00e9s\u00e9rt, a t\u00fcll \u00e9s a csipke \u00f6tv\u00f6zet\u00e9b\u0151l k\u00e9sz\u00fclt diz\u00e1jn pedig eleg\u00e1ns \u00e9s nagyon n\u0151ies megjelen\u00e9st k\u00f6lcs\u00f6n\u00f6z. Ez egyike azoknak a melltart\u00f3knak, amelyek \u00f6nmagukban is megmutatkoznak: sz\u00e9pek, k\u00e9nyelmesek \u00e9s t\u00f6k\u00e9letesek a mindennapi viseletre.<\/p>\n<p>Tov\u00e1bb\u00e1, a k\u00f6nny\u0171 habszivacs kosarak kerekebb, eszt\u00e9tikusabb form\u00e1t adnak a mellkasnak an\u00e9lk\u00fcl, hogy terjedelmesnek \u00e9rezn\u00e9d. A Laia ide\u00e1lis v\u00e1laszt\u00e1s, ha egy merev\u00edt\u0151s, p\u00e1rn\u00e1zott melltart\u00f3t keresel, amely j\u00f3l illeszkedik, k\u00e9nyelmes, \u00e9s kieg\u00e9sz\u00edti mind a testhez\u00e1ll\u00f3 ruhadarabokat, mind a form\u00e1lisabb megjelen\u00e9st.<\/p>\n<p>A Laia r\u00e9szletei, amiket im\u00e1dni fogsz<\/p>\n<ul>\n<li>Karik\u00e1k, amelyek tart\u00e1st \u00e9s hat\u00e1rozottabb nyakkiv\u00e1g\u00e1st biztos\u00edtanak.<\/li>\n<li>K\u00f6nny\u0171 p\u00e1rn\u00e1z\u00e1s (hab) a lekerek\u00edtett \u00e9s el\u0151ny\u00f6s forma \u00e9rdek\u00e9ben.<\/li>\n<li>T\u00fcll \u00e9s csipke kombin\u00e1ci\u00f3ja: finom \u00e9s nagyon n\u0151ies kidolgoz\u00e1s.<\/li>\n<li>J\u00f3 v\u00e1laszt\u00e1s testhez\u00e1ll\u00f3 ruh\u00e1zattal viselni: eleg\u00e1nsabb hat\u00e1st kelt alatta.<\/li>\n<li>Kombin\u00e1ld a Selene 3121 brazil bugyival egy gy\u00f6ny\u00f6r\u0171 szett\u00e9rt.<\/li>\n<\/ul>\n<p>\ud83d\udde3\ufe0f Tipp: A Laia egyike azoknak a melltart\u00f3knak, amelyeket felveszel, \u00e9s azonnal \u00e9szreveszed az &quot;extr\u00e1t&quot;: egy gy\u00f6ny\u00f6r\u0171, lekerek\u00edtett \u00e9s nagyon n\u0151ies nyakkiv\u00e1g\u00e1st, k\u00f6nny\u0171 p\u00e1rn\u00e1z\u00e1ssal, amely kieg\u00e9sz\u00edti az alakot an\u00e9lk\u00fcl, hogy t\u00falz\u00e1sba esne. K\u00e9nyelmes \u00e9s eleg\u00e1ns \u00e9rzetet ny\u00fajt, t\u00f6k\u00e9letes azokra a napokra, amikor a lehet\u0151 legjobban szeretn\u00e9l kin\u00e9zni, mindenf\u00e9le macera n\u00e9lk\u00fcl.<\/p>\n<p>\ud83d\udccf Megjegyz\u00e9s: A Laia melltart\u00f3 megfelel\u0151 m\u00e9ret\u00e9nek megtal\u00e1l\u00e1s\u00e1hoz vedd figyelembe a melltart\u00f3m\u00e9retedet \u00e9s a kos\u00e1rm\u00e9retedet: ha k\u00e9t m\u00e9ret k\u00f6z\u00f6tt ingadozol, \u00e9s jobban megt\u00e1maszt\u00f3, defini\u00e1lt megjelen\u00e9st szeretn\u00e9l, v\u00e1laszd a kisebb m\u00e9retet; ha nagyobb k\u00e9nyelmet szeretn\u00e9l, vagy nem szeretn\u00e9l nyom\u00e1st a melltart\u00f3 k\u00f6r\u00fcl, v\u00e1lassz egy sz\u00e1mmal nagyobbat. Ha pedig bizonytalan vagy, m\u00e9rd meg a melled alatti ker\u00fcletedet, \u00e9s hasonl\u00edtsd \u00f6ssze a szok\u00e1sos m\u00e9reteddel, miel\u0151tt v\u00e1lasztasz.<\/p>\n<p>\u00d6sszet\u00e9tel: 48% poli\u00e9szter, 44% poliamid, 8% elaszt\u00e1n.<\/p>\n<p>\ud83c\udfad Egy kis misztikum, sok elegancia.<\/p>\n<div id=\"v1ms-outlook-mobile-body-separator-line\" dir=\"auto\"><\/div>","protected":false},"excerpt":{"rendered":"<p>El sujetador Selene Laia est\u00e1 pensado para esos d\u00edas en los que quieres verte m\u00e1s favorecida sin complicarte: aros + relleno ligero que realza con naturalidad, y un dise\u00f1o que mezcla tul y encaje para conseguir un acabado elegante y muy femenino. Es de esos sujetadores que \u00abvisten\u00bb por s\u00ed solos: bonito a la vista, [&hellip;]<\/p>\n","protected":false},"featured_media":2358,"comment_status":"open","ping_status":"closed","template":"","meta":{"content-type":""},"product_brand":[55],"product_cat":[26,102,20],"product_tag":[56,62],"class_list":{"0":"post-1017","1":"product","2":"type-product","3":"status-publish","4":"has-post-thumbnail","6":"product_brand-selene","7":"product_cat-con-aros-y-relleno","8":"product_cat-laia","9":"product_cat-sujetador","10":"product_tag-sujetador","11":"product_tag-sujetador-con-aros-y-rellenos","13":"first","14":"instock","15":"taxable","16":"shipping-taxable","17":"purchasable","18":"product-type-variable"},"supplier_id":null,"supplier_sku":"","barcode":null,"atum_controlled":true,"out_stock_date":null,"out_stock_threshold":null,"inheritable":true,"inbound_stock":null,"stock_on_hold":0,"sold_today":0,"sales_last_days":0,"reserved_stock":null,"customer_returns":null,"warehouse_damage":null,"lost_in_post":null,"other_logs":null,"out_stock_days":0,"lost_sales":0,"has_location":false,"update_date":"2026-01-07T19:56:29","atum_locations":[],"atum_stock_status":"instock","restock_status":false,"low_stock_amount":"","sales_update_date":"2025-08-19T02:35:53","calc_backorders":null,"yoast_head":"<!-- This site is optimized with the Yoast SEO plugin v27.4 - https:\/\/yoast.com\/product\/yoast-seo-wordpress\/ -->\n<title>Sujetador Selene Laia - Rosana CL<\/title>\n<meta name=\"robots\" content=\"index, follow, max-snippet:-1, max-image-preview:large, max-video-preview:-1\" \/>\n<link rel=\"canonical\" href=\"https:\/\/rosanacl.com\/hu\/termek\/sujetador-modelo-laia\/\" \/>\n<meta property=\"og:locale\" content=\"hu_HU\" \/>\n<meta property=\"og:type\" content=\"article\" \/>\n<meta property=\"og:title\" content=\"Sujetador Selene Laia - Rosana CL\" \/>\n<meta property=\"og:description\" content=\"El sujetador Selene Laia est\u00e1 pensado para esos d\u00edas en los que quieres verte m\u00e1s favorecida sin complicarte: aros + relleno ligero que realza con naturalidad, y un dise\u00f1o que mezcla tul y encaje para conseguir un acabado elegante y muy femenino. Es de esos sujetadores que \u00abvisten\u00bb por s\u00ed solos: bonito a la vista, [&hellip;]\" \/>\n<meta property=\"og:url\" content=\"https:\/\/rosanacl.com\/hu\/termek\/sujetador-modelo-laia\/\" \/>\n<meta property=\"og:site_name\" content=\"Rosana CL\" \/>\n<meta property=\"article:modified_time\" content=\"2026-01-07T19:56:28+00:00\" \/>\n<meta property=\"og:image\" content=\"https:\/\/rosanacl.com\/wp-content\/uploads\/2025\/04\/2-3-e1756816590538.jpg\" \/>\n\t<meta property=\"og:image:width\" content=\"830\" \/>\n\t<meta property=\"og:image:height\" content=\"1017\" \/>\n\t<meta property=\"og:image:type\" content=\"image\/jpeg\" \/>\n<meta name=\"twitter:card\" content=\"summary_large_image\" \/>\n<meta name=\"twitter:label1\" content=\"Becs\u00fclt olvas\u00e1si id\u0151\" \/>\n\t<meta name=\"twitter:data1\" content=\"2 perc\" \/>\n<script type=\"application\/ld+json\" class=\"yoast-schema-graph\">{\"@context\":\"https:\\\/\\\/schema.org\",\"@graph\":[{\"@type\":\"WebPage\",\"@id\":\"https:\\\/\\\/rosanacl.com\\\/producto\\\/sujetador-modelo-laia\\\/\",\"url\":\"https:\\\/\\\/rosanacl.com\\\/producto\\\/sujetador-modelo-laia\\\/\",\"name\":\"Sujetador Selene Laia - Rosana CL\",\"isPartOf\":{\"@id\":\"https:\\\/\\\/rosanacl.com\\\/ca\\\/#website\"},\"primaryImageOfPage\":{\"@id\":\"https:\\\/\\\/rosanacl.com\\\/producto\\\/sujetador-modelo-laia\\\/#primaryimage\"},\"image\":{\"@id\":\"https:\\\/\\\/rosanacl.com\\\/producto\\\/sujetador-modelo-laia\\\/#primaryimage\"},\"thumbnailUrl\":\"https:\\\/\\\/rosanacl.com\\\/wp-content\\\/uploads\\\/2025\\\/04\\\/2-3-e1756816590538.jpg\",\"datePublished\":\"2025-04-29T22:35:59+00:00\",\"dateModified\":\"2026-01-07T19:56:28+00:00\",\"breadcrumb\":{\"@id\":\"https:\\\/\\\/rosanacl.com\\\/producto\\\/sujetador-modelo-laia\\\/#breadcrumb\"},\"inLanguage\":\"hu\",\"potentialAction\":[{\"@type\":\"ReadAction\",\"target\":[\"https:\\\/\\\/rosanacl.com\\\/producto\\\/sujetador-modelo-laia\\\/\"]}]},{\"@type\":\"ImageObject\",\"inLanguage\":\"hu\",\"@id\":\"https:\\\/\\\/rosanacl.com\\\/producto\\\/sujetador-modelo-laia\\\/#primaryimage\",\"url\":\"https:\\\/\\\/rosanacl.com\\\/wp-content\\\/uploads\\\/2025\\\/04\\\/2-3-e1756816590538.jpg\",\"contentUrl\":\"https:\\\/\\\/rosanacl.com\\\/wp-content\\\/uploads\\\/2025\\\/04\\\/2-3-e1756816590538.jpg\",\"width\":830,\"height\":1017},{\"@type\":\"BreadcrumbList\",\"@id\":\"https:\\\/\\\/rosanacl.com\\\/producto\\\/sujetador-modelo-laia\\\/#breadcrumb\",\"itemListElement\":[{\"@type\":\"ListItem\",\"position\":1,\"name\":\"Portada\",\"item\":\"https:\\\/\\\/rosanacl.com\\\/ca\\\/\"},{\"@type\":\"ListItem\",\"position\":2,\"name\":\"Tienda\",\"item\":\"https:\\\/\\\/rosanacl.com\\\/ca\\\/tienda\\\/\"},{\"@type\":\"ListItem\",\"position\":3,\"name\":\"Sujetador Selene Laia\"}]},{\"@type\":\"WebSite\",\"@id\":\"https:\\\/\\\/rosanacl.com\\\/ca\\\/#website\",\"url\":\"https:\\\/\\\/rosanacl.com\\\/ca\\\/\",\"name\":\"Rosana CL\",\"description\":\"Somos tu interior\",\"potentialAction\":[{\"@type\":\"SearchAction\",\"target\":{\"@type\":\"EntryPoint\",\"urlTemplate\":\"https:\\\/\\\/rosanacl.com\\\/ca\\\/?s={search_term_string}\"},\"query-input\":{\"@type\":\"PropertyValueSpecification\",\"valueRequired\":true,\"valueName\":\"search_term_string\"}}],\"inLanguage\":\"hu\"}]}<\/script>\n<!-- \/ Yoast SEO plugin. -->","yoast_head_json":{"title":"Sujetador Selene Laia - Rosana CL","robots":{"index":"index","follow":"follow","max-snippet":"max-snippet:-1","max-image-preview":"max-image-preview:large","max-video-preview":"max-video-preview:-1"},"canonical":"https:\/\/rosanacl.com\/hu\/termek\/sujetador-modelo-laia\/","og_locale":"hu_HU","og_type":"article","og_title":"Sujetador Selene Laia - Rosana CL","og_description":"El sujetador Selene Laia est\u00e1 pensado para esos d\u00edas en los que quieres verte m\u00e1s favorecida sin complicarte: aros + relleno ligero que realza con naturalidad, y un dise\u00f1o que mezcla tul y encaje para conseguir un acabado elegante y muy femenino. Es de esos sujetadores que \u00abvisten\u00bb por s\u00ed solos: bonito a la vista, [&hellip;]","og_url":"https:\/\/rosanacl.com\/hu\/termek\/sujetador-modelo-laia\/","og_site_name":"Rosana CL","article_modified_time":"2026-01-07T19:56:28+00:00","og_image":[{"width":830,"height":1017,"url":"https:\/\/rosanacl.com\/wp-content\/uploads\/2025\/04\/2-3-e1756816590538.jpg","type":"image\/jpeg"}],"twitter_card":"summary_large_image","twitter_misc":{"Becs\u00fclt olvas\u00e1si id\u0151":"2 perc"},"schema":{"@context":"https:\/\/schema.org","@graph":[{"@type":"WebPage","@id":"https:\/\/rosanacl.com\/producto\/sujetador-modelo-laia\/","url":"https:\/\/rosanacl.com\/producto\/sujetador-modelo-laia\/","name":"Sujetador Selene Laia - Rosana CL","isPartOf":{"@id":"https:\/\/rosanacl.com\/ca\/#website"},"primaryImageOfPage":{"@id":"https:\/\/rosanacl.com\/producto\/sujetador-modelo-laia\/#primaryimage"},"image":{"@id":"https:\/\/rosanacl.com\/producto\/sujetador-modelo-laia\/#primaryimage"},"thumbnailUrl":"https:\/\/rosanacl.com\/wp-content\/uploads\/2025\/04\/2-3-e1756816590538.jpg","datePublished":"2025-04-29T22:35:59+00:00","dateModified":"2026-01-07T19:56:28+00:00","breadcrumb":{"@id":"https:\/\/rosanacl.com\/producto\/sujetador-modelo-laia\/#breadcrumb"},"inLanguage":"hu","potentialAction":[{"@type":"ReadAction","target":["https:\/\/rosanacl.com\/producto\/sujetador-modelo-laia\/"]}]},{"@type":"ImageObject","inLanguage":"hu","@id":"https:\/\/rosanacl.com\/producto\/sujetador-modelo-laia\/#primaryimage","url":"https:\/\/rosanacl.com\/wp-content\/uploads\/2025\/04\/2-3-e1756816590538.jpg","contentUrl":"https:\/\/rosanacl.com\/wp-content\/uploads\/2025\/04\/2-3-e1756816590538.jpg","width":830,"height":1017},{"@type":"BreadcrumbList","@id":"https:\/\/rosanacl.com\/producto\/sujetador-modelo-laia\/#breadcrumb","itemListElement":[{"@type":"ListItem","position":1,"name":"Portada","item":"https:\/\/rosanacl.com\/ca\/"},{"@type":"ListItem","position":2,"name":"Tienda","item":"https:\/\/rosanacl.com\/ca\/tienda\/"},{"@type":"ListItem","position":3,"name":"Sujetador Selene Laia"}]},{"@type":"WebSite","@id":"https:\/\/rosanacl.com\/ca\/#website","url":"https:\/\/rosanacl.com\/ca\/","name":"Rosana CL","description":"Mi vagyunk a bels\u0151 \u00e9ned","potentialAction":[{"@type":"SearchAction","target":{"@type":"EntryPoint","urlTemplate":"https:\/\/rosanacl.com\/ca\/?s={search_term_string}"},"query-input":{"@type":"PropertyValueSpecification","valueRequired":true,"valueName":"search_term_string"}}],"inLanguage":"hu"}]}},"_links":{"self":[{"href":"https:\/\/rosanacl.com\/hu\/wp-json\/wp\/v2\/product\/1017","targetHints":{"allow":["GET"]}}],"collection":[{"href":"https:\/\/rosanacl.com\/hu\/wp-json\/wp\/v2\/product"}],"about":[{"href":"https:\/\/rosanacl.com\/hu\/wp-json\/wp\/v2\/types\/product"}],"replies":[{"embeddable":true,"href":"https:\/\/rosanacl.com\/hu\/wp-json\/wp\/v2\/comments?post=1017"}],"version-history":[{"count":5,"href":"https:\/\/rosanacl.com\/hu\/wp-json\/wp\/v2\/product\/1017\/revisions"}],"predecessor-version":[{"id":4612,"href":"https:\/\/rosanacl.com\/hu\/wp-json\/wp\/v2\/product\/1017\/revisions\/4612"}],"wp:featuredmedia":[{"embeddable":true,"href":"https:\/\/rosanacl.com\/hu\/wp-json\/wp\/v2\/media\/2358"}],"wp:attachment":[{"href":"https:\/\/rosanacl.com\/hu\/wp-json\/wp\/v2\/media?parent=1017"}],"wp:term":[{"taxonomy":"product_brand","embeddable":true,"href":"https:\/\/rosanacl.com\/hu\/wp-json\/wp\/v2\/product_brand?post=1017"},{"taxonomy":"product_cat","embeddable":true,"href":"https:\/\/rosanacl.com\/hu\/wp-json\/wp\/v2\/product_cat?post=1017"},{"taxonomy":"product_tag","embeddable":true,"href":"https:\/\/rosanacl.com\/hu\/wp-json\/wp\/v2\/product_tag?post=1017"}],"curies":[{"name":"wp","href":"https:\/\/api.w.org\/{rel}","templated":true}]}}