{"id":1066,"date":"2025-04-30T00:46:30","date_gmt":"2025-04-29T22:46:30","guid":{"rendered":"https:\/\/rosanacl.com\/?post_type=product&#038;p=1066"},"modified":"2026-01-07T20:51:25","modified_gmt":"2026-01-07T19:51:25","slug":"sujetador-modelo-violeta","status":"publish","type":"product","link":"https:\/\/rosanacl.com\/hu\/termek\/sujetador-modelo-violeta\/","title":{"rendered":"Selene Violet melltart\u00f3"},"content":{"rendered":"<p>A Selene Violeta melltart\u00f3t azoknak tervezt\u00fck, akik gy\u00f6ny\u00f6r\u0171, j\u00f3l elhelyezett keblekre v\u00e1gynak, de egy olyan plusz r\u00e9szletre is, ami \u00e9szrevehet\u0151 k\u00fcl\u00f6nbs\u00e9get jelent: sim\u00e1bb oldalak \u00e9s h\u00f3nalj, olyan takar\u00e1ssal, amely t\u00f6k\u00e9letesen illeszkedik a ruh\u00e1zat al\u00e1. Merev\u00edt\u0151vel rendelkezik a hat\u00e1rozottabb tart\u00e1s\u00e9rt, p\u00e1rn\u00e1zott kosarakkal pedig, amelyek elt\u00falz\u00e1s n\u00e9lk\u00fcl emelik ki a kebleket.<\/p>\n<p>Er\u0151ss\u00e9ge a l\u00e9zerrel v\u00e1gott, keresztbe varrt kontrollt\u00fcllben rejlik, amelyet az oldals\u00f3 kidudorod\u00e1sok minimaliz\u00e1l\u00e1s\u00e1ra \u00e9s \u00e1ramvonalasabb sziluett kialak\u00edt\u00e1s\u00e1ra terveztek. Nagyszer\u0171 v\u00e1laszt\u00e1s p\u00f3l\u00f3khoz, testhez\u00e1ll\u00f3 ruhadarabokhoz \u00e9s mindennapi megjelen\u00e9shez, amikor magabiztosnak \u00e9s el\u0151ny\u00f6snek szeretn\u00e9d \u00e9rezni magad att\u00f3l a pillanatt\u00f3l kezdve, hogy felveszed.<\/p>\n<p>A Violeta k\u00fcl\u00f6nlegess\u00e9gei<\/p>\n<ul>\n<li>P\u00e1rn\u00e1zott kos\u00e1r, amely term\u00e9szetesen kiemeli \u00e9s szebb\u00e9 teszi a dekolt\u00e1zst.<\/li>\n<li>Stabil tart\u00e1st \u00e9s centr\u00e1ltabb form\u00e1t biztos\u00edt\u00f3 karik\u00e1k.<\/li>\n<li>Keresztbe tett kontrollt\u00fcll az oldalak \u00e9s a h\u00f3nalj eltakar\u00e1s\u00e1ra \u00e9s sim\u00edt\u00e1s\u00e1ra.<\/li>\n<li>L\u00e9zerv\u00e1g\u00e1s a tiszt\u00e1bb, diszkr\u00e9tebb megjelen\u00e9s\u00e9rt a ruh\u00e1zat alatt.<\/li>\n<li>Sim\u00edt\u00f3 hat\u00e1s, amely vizu\u00e1lisan stiliz\u00e1l a k\u00e9nyelem fel\u00e1ldoz\u00e1sa n\u00e9lk\u00fcl.<\/li>\n<\/ul>\n<p>\ud83d\udde3\ufe0f Tipp: A Violeta azokra a napokra val\u00f3, amikor a felv\u00e9telt\u0151l kezdve kifinomultnak \u00e9s magabiztosnak szeretn\u00e9d \u00e9rezni magad: a melled gy\u00f6ny\u00f6r\u0171nek \u00e9s k\u00f6z\u00e9pre igaz\u00edtottnak t\u0171nik, az oldalak pedig sim\u00e1bbak a ruh\u00e1k alatt. Ez az a fajta tart\u00e1s, amit\u0151l magabiztosabban j\u00e1rhatsz.<\/p>\n<p>\ud83d\udccf Megjegyz\u00e9s: Ha k\u00e9t m\u00e9ret k\u00f6z\u00f6tt vagy, add meg a ker\u00fcletet: ha feszesebb \u00e9s stabilabb illeszked\u00e9st szeretn\u00e9l, v\u00e1laszd a kisebbet; ha nagyobb k\u00e9nyelmet szeretn\u00e9l (vagy \u00e9rz\u00e9keny az oldalad), v\u00e1lassz egyel nagyobb m\u00e9retet.<\/p>\n<p>\u00d6sszet\u00e9tel: 50% poliamid, 40% poli\u00e9szter, 10% elaszt\u00e1n.<\/p>\n<p>\ud83e\ude9e Magadba n\u00e9zel, \u00e9s meg\u00e9rted: ma kifog\u00e1stalanul n\u00e9zel ki.<\/p>\n<div id=\"v1ms-outlook-mobile-body-separator-line\" dir=\"auto\"><\/div>","protected":false},"excerpt":{"rendered":"<p>El sujetador Selene modelo Violeta est\u00e1 pensado para cuando buscas un pecho bonito y bien colocado, pero tambi\u00e9n quieres ese extra que se nota en el conjunto: costados y zona de axila m\u00e1s lisos, con una cobertura que se integra mejor bajo la ropa. Lleva aros para una sujeci\u00f3n m\u00e1s firme y una copa con [&hellip;]<\/p>\n","protected":false},"featured_media":2368,"comment_status":"open","ping_status":"closed","template":"","meta":{"content-type":""},"product_brand":[55],"product_cat":[26,20,113],"product_tag":[56,62],"class_list":{"0":"post-1066","1":"product","2":"type-product","3":"status-publish","4":"has-post-thumbnail","6":"product_brand-selene","7":"product_cat-con-aros-y-relleno","8":"product_cat-sujetador","9":"product_cat-violeta","10":"product_tag-sujetador","11":"product_tag-sujetador-con-aros-y-rellenos","13":"first","14":"instock","15":"taxable","16":"shipping-taxable","17":"purchasable","18":"product-type-variable"},"supplier_id":null,"supplier_sku":"","barcode":null,"atum_controlled":true,"out_stock_date":null,"out_stock_threshold":null,"inheritable":true,"inbound_stock":0,"stock_on_hold":0,"sold_today":0,"sales_last_days":0,"reserved_stock":0,"customer_returns":0,"warehouse_damage":0,"lost_in_post":0,"other_logs":0,"out_stock_days":0,"lost_sales":0,"has_location":false,"update_date":"2026-01-07T19:51:26","atum_locations":[],"atum_stock_status":"instock","restock_status":false,"low_stock_amount":"","sales_update_date":"2025-10-03T04:56:54","calc_backorders":null,"yoast_head":"<!-- This site is optimized with the Yoast SEO plugin v27.4 - https:\/\/yoast.com\/product\/yoast-seo-wordpress\/ -->\n<title>Sujetador Selene Violeta - Rosana CL<\/title>\n<meta name=\"robots\" content=\"index, follow, max-snippet:-1, max-image-preview:large, max-video-preview:-1\" \/>\n<link rel=\"canonical\" href=\"https:\/\/rosanacl.com\/hu\/termek\/sujetador-modelo-violeta\/\" \/>\n<meta property=\"og:locale\" content=\"hu_HU\" \/>\n<meta property=\"og:type\" content=\"article\" \/>\n<meta property=\"og:title\" content=\"Sujetador Selene Violeta - Rosana CL\" \/>\n<meta property=\"og:description\" content=\"El sujetador Selene modelo Violeta est\u00e1 pensado para cuando buscas un pecho bonito y bien colocado, pero tambi\u00e9n quieres ese extra que se nota en el conjunto: costados y zona de axila m\u00e1s lisos, con una cobertura que se integra mejor bajo la ropa. Lleva aros para una sujeci\u00f3n m\u00e1s firme y una copa con [&hellip;]\" \/>\n<meta property=\"og:url\" content=\"https:\/\/rosanacl.com\/hu\/termek\/sujetador-modelo-violeta\/\" \/>\n<meta property=\"og:site_name\" content=\"Rosana CL\" \/>\n<meta property=\"article:modified_time\" content=\"2026-01-07T19:51:25+00:00\" \/>\n<meta property=\"og:image\" content=\"https:\/\/rosanacl.com\/wp-content\/uploads\/2025\/04\/1-5.jpg\" \/>\n\t<meta property=\"og:image:width\" content=\"889\" \/>\n\t<meta property=\"og:image:height\" content=\"1333\" \/>\n\t<meta property=\"og:image:type\" content=\"image\/jpeg\" \/>\n<meta name=\"twitter:card\" content=\"summary_large_image\" \/>\n<meta name=\"twitter:label1\" content=\"Becs\u00fclt olvas\u00e1si id\u0151\" \/>\n\t<meta name=\"twitter:data1\" content=\"2 perc\" \/>\n<script type=\"application\/ld+json\" class=\"yoast-schema-graph\">{\"@context\":\"https:\\\/\\\/schema.org\",\"@graph\":[{\"@type\":\"WebPage\",\"@id\":\"https:\\\/\\\/rosanacl.com\\\/producto\\\/sujetador-modelo-violeta\\\/\",\"url\":\"https:\\\/\\\/rosanacl.com\\\/producto\\\/sujetador-modelo-violeta\\\/\",\"name\":\"Sujetador Selene Violeta - Rosana CL\",\"isPartOf\":{\"@id\":\"https:\\\/\\\/rosanacl.com\\\/ca\\\/#website\"},\"primaryImageOfPage\":{\"@id\":\"https:\\\/\\\/rosanacl.com\\\/producto\\\/sujetador-modelo-violeta\\\/#primaryimage\"},\"image\":{\"@id\":\"https:\\\/\\\/rosanacl.com\\\/producto\\\/sujetador-modelo-violeta\\\/#primaryimage\"},\"thumbnailUrl\":\"https:\\\/\\\/rosanacl.com\\\/wp-content\\\/uploads\\\/2025\\\/04\\\/1-5.jpg\",\"datePublished\":\"2025-04-29T22:46:30+00:00\",\"dateModified\":\"2026-01-07T19:51:25+00:00\",\"breadcrumb\":{\"@id\":\"https:\\\/\\\/rosanacl.com\\\/producto\\\/sujetador-modelo-violeta\\\/#breadcrumb\"},\"inLanguage\":\"hu\",\"potentialAction\":[{\"@type\":\"ReadAction\",\"target\":[\"https:\\\/\\\/rosanacl.com\\\/producto\\\/sujetador-modelo-violeta\\\/\"]}]},{\"@type\":\"ImageObject\",\"inLanguage\":\"hu\",\"@id\":\"https:\\\/\\\/rosanacl.com\\\/producto\\\/sujetador-modelo-violeta\\\/#primaryimage\",\"url\":\"https:\\\/\\\/rosanacl.com\\\/wp-content\\\/uploads\\\/2025\\\/04\\\/1-5.jpg\",\"contentUrl\":\"https:\\\/\\\/rosanacl.com\\\/wp-content\\\/uploads\\\/2025\\\/04\\\/1-5.jpg\",\"width\":889,\"height\":1333},{\"@type\":\"BreadcrumbList\",\"@id\":\"https:\\\/\\\/rosanacl.com\\\/producto\\\/sujetador-modelo-violeta\\\/#breadcrumb\",\"itemListElement\":[{\"@type\":\"ListItem\",\"position\":1,\"name\":\"Portada\",\"item\":\"https:\\\/\\\/rosanacl.com\\\/ca\\\/\"},{\"@type\":\"ListItem\",\"position\":2,\"name\":\"Tienda\",\"item\":\"https:\\\/\\\/rosanacl.com\\\/ca\\\/tienda\\\/\"},{\"@type\":\"ListItem\",\"position\":3,\"name\":\"Sujetador Selene Violeta\"}]},{\"@type\":\"WebSite\",\"@id\":\"https:\\\/\\\/rosanacl.com\\\/ca\\\/#website\",\"url\":\"https:\\\/\\\/rosanacl.com\\\/ca\\\/\",\"name\":\"Rosana CL\",\"description\":\"Somos tu interior\",\"potentialAction\":[{\"@type\":\"SearchAction\",\"target\":{\"@type\":\"EntryPoint\",\"urlTemplate\":\"https:\\\/\\\/rosanacl.com\\\/ca\\\/?s={search_term_string}\"},\"query-input\":{\"@type\":\"PropertyValueSpecification\",\"valueRequired\":true,\"valueName\":\"search_term_string\"}}],\"inLanguage\":\"hu\"}]}<\/script>\n<!-- \/ Yoast SEO plugin. -->","yoast_head_json":{"title":"Sujetador Selene Violeta - Rosana CL","robots":{"index":"index","follow":"follow","max-snippet":"max-snippet:-1","max-image-preview":"max-image-preview:large","max-video-preview":"max-video-preview:-1"},"canonical":"https:\/\/rosanacl.com\/hu\/termek\/sujetador-modelo-violeta\/","og_locale":"hu_HU","og_type":"article","og_title":"Sujetador Selene Violeta - Rosana CL","og_description":"El sujetador Selene modelo Violeta est\u00e1 pensado para cuando buscas un pecho bonito y bien colocado, pero tambi\u00e9n quieres ese extra que se nota en el conjunto: costados y zona de axila m\u00e1s lisos, con una cobertura que se integra mejor bajo la ropa. Lleva aros para una sujeci\u00f3n m\u00e1s firme y una copa con [&hellip;]","og_url":"https:\/\/rosanacl.com\/hu\/termek\/sujetador-modelo-violeta\/","og_site_name":"Rosana CL","article_modified_time":"2026-01-07T19:51:25+00:00","og_image":[{"width":889,"height":1333,"url":"https:\/\/rosanacl.com\/wp-content\/uploads\/2025\/04\/1-5.jpg","type":"image\/jpeg"}],"twitter_card":"summary_large_image","twitter_misc":{"Becs\u00fclt olvas\u00e1si id\u0151":"2 perc"},"schema":{"@context":"https:\/\/schema.org","@graph":[{"@type":"WebPage","@id":"https:\/\/rosanacl.com\/producto\/sujetador-modelo-violeta\/","url":"https:\/\/rosanacl.com\/producto\/sujetador-modelo-violeta\/","name":"Sujetador Selene Violeta - Rosana CL","isPartOf":{"@id":"https:\/\/rosanacl.com\/ca\/#website"},"primaryImageOfPage":{"@id":"https:\/\/rosanacl.com\/producto\/sujetador-modelo-violeta\/#primaryimage"},"image":{"@id":"https:\/\/rosanacl.com\/producto\/sujetador-modelo-violeta\/#primaryimage"},"thumbnailUrl":"https:\/\/rosanacl.com\/wp-content\/uploads\/2025\/04\/1-5.jpg","datePublished":"2025-04-29T22:46:30+00:00","dateModified":"2026-01-07T19:51:25+00:00","breadcrumb":{"@id":"https:\/\/rosanacl.com\/producto\/sujetador-modelo-violeta\/#breadcrumb"},"inLanguage":"hu","potentialAction":[{"@type":"ReadAction","target":["https:\/\/rosanacl.com\/producto\/sujetador-modelo-violeta\/"]}]},{"@type":"ImageObject","inLanguage":"hu","@id":"https:\/\/rosanacl.com\/producto\/sujetador-modelo-violeta\/#primaryimage","url":"https:\/\/rosanacl.com\/wp-content\/uploads\/2025\/04\/1-5.jpg","contentUrl":"https:\/\/rosanacl.com\/wp-content\/uploads\/2025\/04\/1-5.jpg","width":889,"height":1333},{"@type":"BreadcrumbList","@id":"https:\/\/rosanacl.com\/producto\/sujetador-modelo-violeta\/#breadcrumb","itemListElement":[{"@type":"ListItem","position":1,"name":"Portada","item":"https:\/\/rosanacl.com\/ca\/"},{"@type":"ListItem","position":2,"name":"Tienda","item":"https:\/\/rosanacl.com\/ca\/tienda\/"},{"@type":"ListItem","position":3,"name":"Sujetador Selene Violeta"}]},{"@type":"WebSite","@id":"https:\/\/rosanacl.com\/ca\/#website","url":"https:\/\/rosanacl.com\/ca\/","name":"Rosana CL","description":"Mi vagyunk a bels\u0151 \u00e9ned","potentialAction":[{"@type":"SearchAction","target":{"@type":"EntryPoint","urlTemplate":"https:\/\/rosanacl.com\/ca\/?s={search_term_string}"},"query-input":{"@type":"PropertyValueSpecification","valueRequired":true,"valueName":"search_term_string"}}],"inLanguage":"hu"}]}},"_links":{"self":[{"href":"https:\/\/rosanacl.com\/hu\/wp-json\/wp\/v2\/product\/1066","targetHints":{"allow":["GET"]}}],"collection":[{"href":"https:\/\/rosanacl.com\/hu\/wp-json\/wp\/v2\/product"}],"about":[{"href":"https:\/\/rosanacl.com\/hu\/wp-json\/wp\/v2\/types\/product"}],"replies":[{"embeddable":true,"href":"https:\/\/rosanacl.com\/hu\/wp-json\/wp\/v2\/comments?post=1066"}],"version-history":[{"count":5,"href":"https:\/\/rosanacl.com\/hu\/wp-json\/wp\/v2\/product\/1066\/revisions"}],"predecessor-version":[{"id":4611,"href":"https:\/\/rosanacl.com\/hu\/wp-json\/wp\/v2\/product\/1066\/revisions\/4611"}],"wp:featuredmedia":[{"embeddable":true,"href":"https:\/\/rosanacl.com\/hu\/wp-json\/wp\/v2\/media\/2368"}],"wp:attachment":[{"href":"https:\/\/rosanacl.com\/hu\/wp-json\/wp\/v2\/media?parent=1066"}],"wp:term":[{"taxonomy":"product_brand","embeddable":true,"href":"https:\/\/rosanacl.com\/hu\/wp-json\/wp\/v2\/product_brand?post=1066"},{"taxonomy":"product_cat","embeddable":true,"href":"https:\/\/rosanacl.com\/hu\/wp-json\/wp\/v2\/product_cat?post=1066"},{"taxonomy":"product_tag","embeddable":true,"href":"https:\/\/rosanacl.com\/hu\/wp-json\/wp\/v2\/product_tag?post=1066"}],"curies":[{"name":"wp","href":"https:\/\/api.w.org\/{rel}","templated":true}]}}