{"id":1158,"date":"2025-04-30T00:57:25","date_gmt":"2025-04-29T22:57:25","guid":{"rendered":"https:\/\/rosanacl.com\/?post_type=product&#038;p=1158"},"modified":"2026-01-07T20:41:03","modified_gmt":"2026-01-07T19:41:03","slug":"sujetador-modelo-manuela","status":"publish","type":"product","link":"https:\/\/rosanacl.com\/hu\/termek\/sujetador-modelo-manuela\/","title":{"rendered":"Selene Manuela Bra"},"content":{"rendered":"<p>A Selene Manuela melltart\u00f3t azoknak tervezt\u00e9k, akik val\u00f3di k\u00e9nyelmet szeretn\u00e9nek an\u00e9lk\u00fcl, hogy fel\u00e1ldozn\u00e1k a gy\u00f6ny\u00f6r\u0171 sziluettet. Merev\u00edt\u0151 n\u00e9lk\u00fcli kialak\u00edt\u00e1s\u00e1nak \u00e9s t\u00e1vtart\u00f3 kosarainak k\u00f6sz\u00f6nhet\u0151en szuper k\u00e9nyelmes v\u00e1laszt\u00e1s a mindennapi viselethez: gyeng\u00e9den alkalmazkodik a mellkashoz, egy\u00fctt mozog veled, \u00e9s az els\u0151 pillanatt\u00f3l kezdve k\u00f6nny\u0171nek \u00e9rz\u0151dik.<\/p>\n<p>A t\u00e1vtart\u00f3 kos\u00e1r kiemelkedik a l\u00e9g\u00e1tereszt\u0151 k\u00e9pess\u00e9g\u00e9vel \u00e9s a \u00abm\u00e1sodik b\u0151r\u00bb \u00e9rzet\u00e9vel, amely remek\u00fcl mutat p\u00f3l\u00f3k, bl\u00fazok vagy testhez\u00e1ll\u00f3bb ruh\u00e1k alatt. Ez a st\u00edlus term\u00e9szetes form\u00e1t, k\u00e9nyelmes tart\u00e1st \u00e9s letisztult kidolgoz\u00e1st biztos\u00edt \u2013 ide\u00e1lis, ha praktikus, m\u00e9gis st\u00edlusos feh\u00e9rnem\u0171t keresel.<\/p>\n<p>Amit im\u00e1dni fogsz Manuel\u00e1ban<\/p>\n<ul>\n<li>Vezet\u00e9k n\u00e9lk\u00fcli: folyamatos k\u00e9nyelem, nyom\u00e1s n\u00e9lk\u00fcl.<\/li>\n<li>T\u00e1vols\u00e1gtart\u00f3 kos\u00e1r: maxim\u00e1lis l\u00e9g\u00e1tereszt\u0151 k\u00e9pess\u00e9g \u00e9s alkalmazkod\u00f3k\u00e9pess\u00e9g a mellkashoz.<\/li>\n<li>K\u00e9nyelmes \u00e9s stabil tart\u00e1s a mindennapi haszn\u00e1latra.<\/li>\n<li>Sima \u00e9s diszkr\u00e9t fel\u00fclet a ruh\u00e1zat alatt.<\/li>\n<li>T\u00f6k\u00e9letes testhez\u00e1ll\u00f3 megjelen\u00e9shez: gy\u00f6ny\u00f6r\u0171 \u00e9s term\u00e9szetes hat\u00e1s\u00fa.<\/li>\n<\/ul>\n<p>\ud83d\udde3\ufe0f Tipp: A Manuela akkor aj\u00e1nlott, ha eg\u00e9sz nap teljesen k\u00e9nyelmesen szeretn\u00e9d \u00e9rezni magad: k\u00f6nny\u0171 \u00e9rzet, nyom\u00e1smentes, \u00e9s a fazon egy\u00fctt mozog veled an\u00e9lk\u00fcl, hogy benyomn\u00e1 a tested. A t\u00e1vtart\u00f3 kos\u00e1r h\u0171v\u00f6s \u00e9s puha tapint\u00e1s\u00fa, \u00e9s azt a &quot;m\u00e1sodik b\u0151r&quot; k\u00e9nyelmet biztos\u00edtja, amit\u0151l el is felejted, hogy egy\u00e1ltal\u00e1n viseled, m\u00e9g sz\u0171kebb p\u00f3l\u00f3kkal \u00e9s bl\u00fazokkal is.<\/p>\n<p>\ud83d\udccf Megjegyz\u00e9s: Ha k\u00e9t m\u00e9ret k\u00f6z\u00f6tt vagy, v\u00e1laszd a nagyobb m\u00e9retet a k\u00e9nyelmesebb \u00e9s laz\u00e1bb illeszked\u00e9s\u00e9rt; a kisebb m\u00e9retet a feszesebb, jobb tart\u00e1st ad\u00f3 \u00e9rzet\u00e9rt. \u00c9s ha lehets\u00e9ges, ellen\u0151rizd a mell alatti ker\u00fcletedet, hogy megbizonyosodj arr\u00f3l, hogy els\u0151re j\u00f3l v\u00e1lasztott\u00e1l, \u00e9s hogy az els\u0151 visel\u00e9st\u0151l t\u00f6k\u00e9letesen illeszkedik.<\/p>\n<p>\u00d6sszet\u00e9tel: 70% poli\u00e9szter \/ 18% poliamid \/ 12% elaszt\u00e1n.<\/p>\n<p>\u2601\ufe0f &quot;M\u00e1sodik b\u0151r&quot; \u00e9rz\u00e9s eg\u00e9sz nap.<\/p>","protected":false},"excerpt":{"rendered":"<p>El sujetador Selene modelo Manuela est\u00e1 pensado para cuando quieres comodidad real sin renunciar a una silueta bonita. Su dise\u00f1o sin aros y su copa spacer lo convierten en una opci\u00f3n s\u00faper agradable para el d\u00eda a d\u00eda: se adapta al pecho con suavidad, acompa\u00f1a el movimiento y se siente ligero desde el primer momento. [&hellip;]<\/p>\n","protected":false},"featured_media":1445,"comment_status":"open","ping_status":"closed","template":"","meta":{"content-type":""},"product_brand":[55],"product_cat":[101,27,20],"product_tag":[56,63],"class_list":{"0":"post-1158","1":"product","2":"type-product","3":"status-publish","4":"has-post-thumbnail","6":"product_brand-selene","7":"product_cat-manuela","8":"product_cat-sin-aros-con-relleno","9":"product_cat-sujetador","10":"product_tag-sujetador","11":"product_tag-sujetador-sin-aros-con-relleno","13":"first","14":"instock","15":"taxable","16":"shipping-taxable","17":"purchasable","18":"product-type-variable"},"supplier_id":null,"supplier_sku":"","barcode":null,"atum_controlled":true,"out_stock_date":null,"out_stock_threshold":null,"inheritable":true,"inbound_stock":0,"stock_on_hold":0,"sold_today":0,"sales_last_days":0,"reserved_stock":0,"customer_returns":0,"warehouse_damage":0,"lost_in_post":0,"other_logs":0,"out_stock_days":0,"lost_sales":0,"has_location":false,"update_date":"2026-01-07T19:41:04","atum_locations":[],"atum_stock_status":"instock","restock_status":false,"low_stock_amount":"","sales_update_date":"2025-10-03T04:56:44","calc_backorders":null,"yoast_head":"<!-- This site is optimized with the Yoast SEO plugin v27.4 - https:\/\/yoast.com\/product\/yoast-seo-wordpress\/ -->\n<title>Sujetador Selene Manuela - Rosana CL<\/title>\n<meta name=\"robots\" content=\"index, follow, max-snippet:-1, max-image-preview:large, max-video-preview:-1\" \/>\n<link rel=\"canonical\" href=\"https:\/\/rosanacl.com\/hu\/termek\/sujetador-modelo-manuela\/\" \/>\n<meta property=\"og:locale\" content=\"hu_HU\" \/>\n<meta property=\"og:type\" content=\"article\" \/>\n<meta property=\"og:title\" content=\"Sujetador Selene Manuela - Rosana CL\" \/>\n<meta property=\"og:description\" content=\"El sujetador Selene modelo Manuela est\u00e1 pensado para cuando quieres comodidad real sin renunciar a una silueta bonita. Su dise\u00f1o sin aros y su copa spacer lo convierten en una opci\u00f3n s\u00faper agradable para el d\u00eda a d\u00eda: se adapta al pecho con suavidad, acompa\u00f1a el movimiento y se siente ligero desde el primer momento. [&hellip;]\" \/>\n<meta property=\"og:url\" content=\"https:\/\/rosanacl.com\/hu\/termek\/sujetador-modelo-manuela\/\" \/>\n<meta property=\"og:site_name\" content=\"Rosana CL\" \/>\n<meta property=\"article:modified_time\" content=\"2026-01-07T19:41:03+00:00\" \/>\n<meta property=\"og:image\" content=\"https:\/\/rosanacl.com\/wp-content\/uploads\/2025\/04\/Sujetador-modelo-Manuela-000001.webp\" \/>\n\t<meta property=\"og:image:width\" content=\"1000\" \/>\n\t<meta property=\"og:image:height\" content=\"1000\" \/>\n\t<meta property=\"og:image:type\" content=\"image\/webp\" \/>\n<meta name=\"twitter:card\" content=\"summary_large_image\" \/>\n<meta name=\"twitter:label1\" content=\"Becs\u00fclt olvas\u00e1si id\u0151\" \/>\n\t<meta name=\"twitter:data1\" content=\"2 perc\" \/>\n<script type=\"application\/ld+json\" class=\"yoast-schema-graph\">{\"@context\":\"https:\\\/\\\/schema.org\",\"@graph\":[{\"@type\":\"WebPage\",\"@id\":\"https:\\\/\\\/rosanacl.com\\\/producto\\\/sujetador-modelo-manuela\\\/\",\"url\":\"https:\\\/\\\/rosanacl.com\\\/producto\\\/sujetador-modelo-manuela\\\/\",\"name\":\"Sujetador Selene Manuela - Rosana CL\",\"isPartOf\":{\"@id\":\"https:\\\/\\\/rosanacl.com\\\/ca\\\/#website\"},\"primaryImageOfPage\":{\"@id\":\"https:\\\/\\\/rosanacl.com\\\/producto\\\/sujetador-modelo-manuela\\\/#primaryimage\"},\"image\":{\"@id\":\"https:\\\/\\\/rosanacl.com\\\/producto\\\/sujetador-modelo-manuela\\\/#primaryimage\"},\"thumbnailUrl\":\"https:\\\/\\\/rosanacl.com\\\/wp-content\\\/uploads\\\/2025\\\/04\\\/Sujetador-modelo-Manuela-000001.webp\",\"datePublished\":\"2025-04-29T22:57:25+00:00\",\"dateModified\":\"2026-01-07T19:41:03+00:00\",\"breadcrumb\":{\"@id\":\"https:\\\/\\\/rosanacl.com\\\/producto\\\/sujetador-modelo-manuela\\\/#breadcrumb\"},\"inLanguage\":\"hu\",\"potentialAction\":[{\"@type\":\"ReadAction\",\"target\":[\"https:\\\/\\\/rosanacl.com\\\/producto\\\/sujetador-modelo-manuela\\\/\"]}]},{\"@type\":\"ImageObject\",\"inLanguage\":\"hu\",\"@id\":\"https:\\\/\\\/rosanacl.com\\\/producto\\\/sujetador-modelo-manuela\\\/#primaryimage\",\"url\":\"https:\\\/\\\/rosanacl.com\\\/wp-content\\\/uploads\\\/2025\\\/04\\\/Sujetador-modelo-Manuela-000001.webp\",\"contentUrl\":\"https:\\\/\\\/rosanacl.com\\\/wp-content\\\/uploads\\\/2025\\\/04\\\/Sujetador-modelo-Manuela-000001.webp\",\"width\":1000,\"height\":1000},{\"@type\":\"BreadcrumbList\",\"@id\":\"https:\\\/\\\/rosanacl.com\\\/producto\\\/sujetador-modelo-manuela\\\/#breadcrumb\",\"itemListElement\":[{\"@type\":\"ListItem\",\"position\":1,\"name\":\"Portada\",\"item\":\"https:\\\/\\\/rosanacl.com\\\/ca\\\/\"},{\"@type\":\"ListItem\",\"position\":2,\"name\":\"Tienda\",\"item\":\"https:\\\/\\\/rosanacl.com\\\/ca\\\/tienda\\\/\"},{\"@type\":\"ListItem\",\"position\":3,\"name\":\"Sujetador Selene Manuela\"}]},{\"@type\":\"WebSite\",\"@id\":\"https:\\\/\\\/rosanacl.com\\\/ca\\\/#website\",\"url\":\"https:\\\/\\\/rosanacl.com\\\/ca\\\/\",\"name\":\"Rosana CL\",\"description\":\"Somos tu interior\",\"potentialAction\":[{\"@type\":\"SearchAction\",\"target\":{\"@type\":\"EntryPoint\",\"urlTemplate\":\"https:\\\/\\\/rosanacl.com\\\/ca\\\/?s={search_term_string}\"},\"query-input\":{\"@type\":\"PropertyValueSpecification\",\"valueRequired\":true,\"valueName\":\"search_term_string\"}}],\"inLanguage\":\"hu\"}]}<\/script>\n<!-- \/ Yoast SEO plugin. -->","yoast_head_json":{"title":"Sujetador Selene Manuela - Rosana CL","robots":{"index":"index","follow":"follow","max-snippet":"max-snippet:-1","max-image-preview":"max-image-preview:large","max-video-preview":"max-video-preview:-1"},"canonical":"https:\/\/rosanacl.com\/hu\/termek\/sujetador-modelo-manuela\/","og_locale":"hu_HU","og_type":"article","og_title":"Sujetador Selene Manuela - Rosana CL","og_description":"El sujetador Selene modelo Manuela est\u00e1 pensado para cuando quieres comodidad real sin renunciar a una silueta bonita. Su dise\u00f1o sin aros y su copa spacer lo convierten en una opci\u00f3n s\u00faper agradable para el d\u00eda a d\u00eda: se adapta al pecho con suavidad, acompa\u00f1a el movimiento y se siente ligero desde el primer momento. [&hellip;]","og_url":"https:\/\/rosanacl.com\/hu\/termek\/sujetador-modelo-manuela\/","og_site_name":"Rosana CL","article_modified_time":"2026-01-07T19:41:03+00:00","og_image":[{"width":1000,"height":1000,"url":"https:\/\/rosanacl.com\/wp-content\/uploads\/2025\/04\/Sujetador-modelo-Manuela-000001.webp","type":"image\/webp"}],"twitter_card":"summary_large_image","twitter_misc":{"Becs\u00fclt olvas\u00e1si id\u0151":"2 perc"},"schema":{"@context":"https:\/\/schema.org","@graph":[{"@type":"WebPage","@id":"https:\/\/rosanacl.com\/producto\/sujetador-modelo-manuela\/","url":"https:\/\/rosanacl.com\/producto\/sujetador-modelo-manuela\/","name":"Sujetador Selene Manuela - Rosana CL","isPartOf":{"@id":"https:\/\/rosanacl.com\/ca\/#website"},"primaryImageOfPage":{"@id":"https:\/\/rosanacl.com\/producto\/sujetador-modelo-manuela\/#primaryimage"},"image":{"@id":"https:\/\/rosanacl.com\/producto\/sujetador-modelo-manuela\/#primaryimage"},"thumbnailUrl":"https:\/\/rosanacl.com\/wp-content\/uploads\/2025\/04\/Sujetador-modelo-Manuela-000001.webp","datePublished":"2025-04-29T22:57:25+00:00","dateModified":"2026-01-07T19:41:03+00:00","breadcrumb":{"@id":"https:\/\/rosanacl.com\/producto\/sujetador-modelo-manuela\/#breadcrumb"},"inLanguage":"hu","potentialAction":[{"@type":"ReadAction","target":["https:\/\/rosanacl.com\/producto\/sujetador-modelo-manuela\/"]}]},{"@type":"ImageObject","inLanguage":"hu","@id":"https:\/\/rosanacl.com\/producto\/sujetador-modelo-manuela\/#primaryimage","url":"https:\/\/rosanacl.com\/wp-content\/uploads\/2025\/04\/Sujetador-modelo-Manuela-000001.webp","contentUrl":"https:\/\/rosanacl.com\/wp-content\/uploads\/2025\/04\/Sujetador-modelo-Manuela-000001.webp","width":1000,"height":1000},{"@type":"BreadcrumbList","@id":"https:\/\/rosanacl.com\/producto\/sujetador-modelo-manuela\/#breadcrumb","itemListElement":[{"@type":"ListItem","position":1,"name":"Portada","item":"https:\/\/rosanacl.com\/ca\/"},{"@type":"ListItem","position":2,"name":"Tienda","item":"https:\/\/rosanacl.com\/ca\/tienda\/"},{"@type":"ListItem","position":3,"name":"Sujetador Selene Manuela"}]},{"@type":"WebSite","@id":"https:\/\/rosanacl.com\/ca\/#website","url":"https:\/\/rosanacl.com\/ca\/","name":"Rosana CL","description":"Mi vagyunk a bels\u0151 \u00e9ned","potentialAction":[{"@type":"SearchAction","target":{"@type":"EntryPoint","urlTemplate":"https:\/\/rosanacl.com\/ca\/?s={search_term_string}"},"query-input":{"@type":"PropertyValueSpecification","valueRequired":true,"valueName":"search_term_string"}}],"inLanguage":"hu"}]}},"_links":{"self":[{"href":"https:\/\/rosanacl.com\/hu\/wp-json\/wp\/v2\/product\/1158","targetHints":{"allow":["GET"]}}],"collection":[{"href":"https:\/\/rosanacl.com\/hu\/wp-json\/wp\/v2\/product"}],"about":[{"href":"https:\/\/rosanacl.com\/hu\/wp-json\/wp\/v2\/types\/product"}],"replies":[{"embeddable":true,"href":"https:\/\/rosanacl.com\/hu\/wp-json\/wp\/v2\/comments?post=1158"}],"version-history":[{"count":5,"href":"https:\/\/rosanacl.com\/hu\/wp-json\/wp\/v2\/product\/1158\/revisions"}],"predecessor-version":[{"id":4609,"href":"https:\/\/rosanacl.com\/hu\/wp-json\/wp\/v2\/product\/1158\/revisions\/4609"}],"wp:featuredmedia":[{"embeddable":true,"href":"https:\/\/rosanacl.com\/hu\/wp-json\/wp\/v2\/media\/1445"}],"wp:attachment":[{"href":"https:\/\/rosanacl.com\/hu\/wp-json\/wp\/v2\/media?parent=1158"}],"wp:term":[{"taxonomy":"product_brand","embeddable":true,"href":"https:\/\/rosanacl.com\/hu\/wp-json\/wp\/v2\/product_brand?post=1158"},{"taxonomy":"product_cat","embeddable":true,"href":"https:\/\/rosanacl.com\/hu\/wp-json\/wp\/v2\/product_cat?post=1158"},{"taxonomy":"product_tag","embeddable":true,"href":"https:\/\/rosanacl.com\/hu\/wp-json\/wp\/v2\/product_tag?post=1158"}],"curies":[{"name":"wp","href":"https:\/\/api.w.org\/{rel}","templated":true}]}}