{"id":2027,"date":"2025-05-23T09:53:07","date_gmt":"2025-05-23T07:53:07","guid":{"rendered":"https:\/\/rosanacl.com\/?post_type=product&#038;p=2027"},"modified":"2026-01-07T19:18:29","modified_gmt":"2026-01-07T18:18:29","slug":"braga-selene-modelo-mariluz","status":"publish","type":"product","link":"https:\/\/rosanacl.com\/hu\/termek\/braga-selene-modelo-mariluz\/","title":{"rendered":"Braga Selene Mariluz"},"content":{"rendered":"<p>A Selene Mariluz als\u00f3ja egy magas derek\u00fa, k\u00e9nyelmes tart\u00e1st \u00e9s eleg\u00e1ns kidolgoz\u00e1st keres\u0151knek k\u00e9sz\u00fclt. Cs\u00edkos anyaga vizu\u00e1lisan karcs\u00fas\u00edtja az alakot \u00e9s kifinomult megjelen\u00e9st k\u00f6lcs\u00f6n\u00f6z, \u00edgy ide\u00e1lis a mindennapi viseletre, teljes k\u00e9nyelemmel.<\/p>\n<p>Ami tetszeni fog<\/p>\n<ul>\n<li>Magas der\u00e9k: szor\u00edt\u00e1s n\u00e9lk\u00fcl t\u00e1maszt, \u00e9s seg\u00edti a ruhadarab j\u00f3 illeszked\u00e9s\u00e9t.<\/li>\n<li>Cs\u00edkos anyagminta: kifinomultabb \u00e9s el\u0151ny\u00f6sebb megjelen\u00e9s.<\/li>\n<li>K\u00e9nyelem a mindennapi haszn\u00e1latra: \u00fagy tervezt\u00e9k, hogy \u00f3r\u00e1kon \u00e1t elk\u00eds\u00e9rjen.<\/li>\n<li>T\u00f6k\u00e9letes szett: Remek\u00fcl illik a Selene Mariluz melltart\u00f3hoz az \u00f6sszehangolt megjelen\u00e9s\u00e9rt.<\/li>\n<\/ul>\n<p>M\u00e9retez\u00e9si tan\u00e1cs: Ha k\u00e9t m\u00e9ret k\u00f6z\u00f6tt vagy, \u00e9s szeretn\u00e9d, ha a feh\u00e9rnem\u0171d jobban illeszkedne, v\u00e1laszd a kisebb m\u00e9retet; ha a nagyobb k\u00e9nyelmet kedveled, v\u00e1laszd a nagyobb m\u00e9retet.<\/p>\n<p>\ud83d\udde3\ufe0f Tipp: A Mariluz ide\u00e1lis v\u00e1laszt\u00e1s, ha szereted, ha a derekad j\u00f3l van elhelyezve, \u00e9s szeretn\u00e9d el\u00e9rni a \u00abj\u00f3l \u00e1ll rajtam\u00bb hat\u00e1st an\u00e9lk\u00fcl, hogy t\u00fal szoros lenne: a cs\u00edkok \u00e1ramvonalasabb megjelen\u00e9st k\u00f6lcs\u00f6n\u00f6znek, a bugyi pedig el\u00e9g stabilnak \u00e9rz\u0151dik ahhoz, hogy \u00f3r\u00e1kon \u00e1t viselhesd, k\u00fcl\u00f6n\u00f6sen testhez\u00e1ll\u00f3 vagy mindennapi megjelen\u00e9shez.<\/p>\n<p>\ud83d\udccf Megjegyz\u00e9s: Hogy els\u0151re j\u00f3l csin\u00e1ld, gondold \u00e1t, hogy mennyire tetszik a magas derekad: ha azt szeretn\u00e9d, hogy puha \u00e9s k\u00e9nyelmes legyen a derekad k\u00f6r\u00fcl (nyom\u00e1s n\u00e9lk\u00fcl), akkor \u00e1ltal\u00e1ban a szok\u00e1sos m\u00e9reted, vagy ha a m\u00e9retek k\u00f6z\u00f6tt vagy, a nagyobb a legjobb; ha a feszesebb \u00e9s feszesebb hat\u00e1st kedveled, akkor a kisebb m\u00e9ret \u00e1ltal\u00e1ban el\u0151ny\u00f6sebb.<\/p>\n<p>\u00d6sszet\u00e9tel: 71% poliamid, 18% elaszt\u00e1n, 11% poli\u00e9szter.<\/p>\n<p>\u2728 Tedd teljess\u00e9 a megjelen\u00e9sedet a Mariluz szettel, \u00e9s \u00e9rezd magad k\u00e9nyelmesen \u00e9s el\u0151ny\u00f6sen eg\u00e9sz nap.<\/p>\n<div id=\"v1ms-outlook-mobile-body-separator-line\" dir=\"auto\"><\/div>\n<p>&nbsp;<\/p>\n<p>&nbsp;<\/p>\n<p>&nbsp;<\/p>\n<p>&nbsp;<\/p>\n<p>&nbsp;<\/p>\n<p>&nbsp;<\/p>\n<p>&nbsp;<\/p>","protected":false},"excerpt":{"rendered":"<p>La braga Mariluz de Selene es una braga alta pensada para quienes buscan sujeci\u00f3n c\u00f3moda y un acabado elegante. Su tejido con efecto franjas estiliza visualmente y aporta un toque sofisticado, ideal para llevar a diario con total confort. Lo que te va a gustar Cintura alta: sujeta sin oprimir y ayuda a que la [&hellip;]<\/p>\n","protected":false},"featured_media":2135,"comment_status":"open","ping_status":"closed","template":"","meta":{"content-type":""},"product_brand":[55],"product_cat":[19],"product_tag":[69],"class_list":{"0":"post-2027","1":"product","2":"type-product","3":"status-publish","4":"has-post-thumbnail","6":"product_brand-selene","7":"product_cat-braga","8":"product_tag-braga","10":"first","11":"instock","12":"taxable","13":"shipping-taxable","14":"purchasable","15":"product-type-variable"},"supplier_id":null,"supplier_sku":"","barcode":null,"atum_controlled":true,"out_stock_date":null,"out_stock_threshold":null,"inheritable":true,"inbound_stock":0,"stock_on_hold":0,"sold_today":0,"sales_last_days":0,"reserved_stock":0,"customer_returns":0,"warehouse_damage":0,"lost_in_post":0,"other_logs":0,"out_stock_days":0,"lost_sales":0,"has_location":false,"update_date":"2026-01-07T18:18:30","atum_locations":[],"atum_stock_status":"instock","restock_status":false,"low_stock_amount":"","sales_update_date":"2025-10-03T04:56:26","calc_backorders":null,"yoast_head":"<!-- This site is optimized with the Yoast SEO plugin v27.4 - https:\/\/yoast.com\/product\/yoast-seo-wordpress\/ -->\n<title>Braga Selene Mariluz - Rosana CL<\/title>\n<meta name=\"robots\" content=\"index, follow, max-snippet:-1, max-image-preview:large, max-video-preview:-1\" \/>\n<link rel=\"canonical\" href=\"https:\/\/rosanacl.com\/hu\/termek\/braga-selene-modelo-mariluz\/\" \/>\n<meta property=\"og:locale\" content=\"hu_HU\" \/>\n<meta property=\"og:type\" content=\"article\" \/>\n<meta property=\"og:title\" content=\"Braga Selene Mariluz - Rosana CL\" \/>\n<meta property=\"og:description\" content=\"La braga Mariluz de Selene es una braga alta pensada para quienes buscan sujeci\u00f3n c\u00f3moda y un acabado elegante. Su tejido con efecto franjas estiliza visualmente y aporta un toque sofisticado, ideal para llevar a diario con total confort. Lo que te va a gustar Cintura alta: sujeta sin oprimir y ayuda a que la [&hellip;]\" \/>\n<meta property=\"og:url\" content=\"https:\/\/rosanacl.com\/hu\/termek\/braga-selene-modelo-mariluz\/\" \/>\n<meta property=\"og:site_name\" content=\"Rosana CL\" \/>\n<meta property=\"article:modified_time\" content=\"2026-01-07T18:18:29+00:00\" \/>\n<meta property=\"og:image\" content=\"https:\/\/rosanacl.com\/wp-content\/uploads\/2025\/05\/1.jpg\" \/>\n\t<meta property=\"og:image:width\" content=\"1105\" \/>\n\t<meta property=\"og:image:height\" content=\"1333\" \/>\n\t<meta property=\"og:image:type\" content=\"image\/jpeg\" \/>\n<meta name=\"twitter:card\" content=\"summary_large_image\" \/>\n<meta name=\"twitter:label1\" content=\"Becs\u00fclt olvas\u00e1si id\u0151\" \/>\n\t<meta name=\"twitter:data1\" content=\"2 perc\" \/>\n<script type=\"application\/ld+json\" class=\"yoast-schema-graph\">{\"@context\":\"https:\\\/\\\/schema.org\",\"@graph\":[{\"@type\":\"WebPage\",\"@id\":\"https:\\\/\\\/rosanacl.com\\\/producto\\\/braga-selene-modelo-mariluz\\\/\",\"url\":\"https:\\\/\\\/rosanacl.com\\\/producto\\\/braga-selene-modelo-mariluz\\\/\",\"name\":\"Braga Selene Mariluz - Rosana CL\",\"isPartOf\":{\"@id\":\"https:\\\/\\\/rosanacl.com\\\/ca\\\/#website\"},\"primaryImageOfPage\":{\"@id\":\"https:\\\/\\\/rosanacl.com\\\/producto\\\/braga-selene-modelo-mariluz\\\/#primaryimage\"},\"image\":{\"@id\":\"https:\\\/\\\/rosanacl.com\\\/producto\\\/braga-selene-modelo-mariluz\\\/#primaryimage\"},\"thumbnailUrl\":\"https:\\\/\\\/rosanacl.com\\\/wp-content\\\/uploads\\\/2025\\\/05\\\/1.jpg\",\"datePublished\":\"2025-05-23T07:53:07+00:00\",\"dateModified\":\"2026-01-07T18:18:29+00:00\",\"breadcrumb\":{\"@id\":\"https:\\\/\\\/rosanacl.com\\\/producto\\\/braga-selene-modelo-mariluz\\\/#breadcrumb\"},\"inLanguage\":\"hu\",\"potentialAction\":[{\"@type\":\"ReadAction\",\"target\":[\"https:\\\/\\\/rosanacl.com\\\/producto\\\/braga-selene-modelo-mariluz\\\/\"]}]},{\"@type\":\"ImageObject\",\"inLanguage\":\"hu\",\"@id\":\"https:\\\/\\\/rosanacl.com\\\/producto\\\/braga-selene-modelo-mariluz\\\/#primaryimage\",\"url\":\"https:\\\/\\\/rosanacl.com\\\/wp-content\\\/uploads\\\/2025\\\/05\\\/1.jpg\",\"contentUrl\":\"https:\\\/\\\/rosanacl.com\\\/wp-content\\\/uploads\\\/2025\\\/05\\\/1.jpg\",\"width\":1105,\"height\":1333},{\"@type\":\"BreadcrumbList\",\"@id\":\"https:\\\/\\\/rosanacl.com\\\/producto\\\/braga-selene-modelo-mariluz\\\/#breadcrumb\",\"itemListElement\":[{\"@type\":\"ListItem\",\"position\":1,\"name\":\"Portada\",\"item\":\"https:\\\/\\\/rosanacl.com\\\/ca\\\/\"},{\"@type\":\"ListItem\",\"position\":2,\"name\":\"Tienda\",\"item\":\"https:\\\/\\\/rosanacl.com\\\/ca\\\/tienda\\\/\"},{\"@type\":\"ListItem\",\"position\":3,\"name\":\"Braga Selene Mariluz\"}]},{\"@type\":\"WebSite\",\"@id\":\"https:\\\/\\\/rosanacl.com\\\/ca\\\/#website\",\"url\":\"https:\\\/\\\/rosanacl.com\\\/ca\\\/\",\"name\":\"Rosana CL\",\"description\":\"Somos tu interior\",\"potentialAction\":[{\"@type\":\"SearchAction\",\"target\":{\"@type\":\"EntryPoint\",\"urlTemplate\":\"https:\\\/\\\/rosanacl.com\\\/ca\\\/?s={search_term_string}\"},\"query-input\":{\"@type\":\"PropertyValueSpecification\",\"valueRequired\":true,\"valueName\":\"search_term_string\"}}],\"inLanguage\":\"hu\"}]}<\/script>\n<!-- \/ Yoast SEO plugin. -->","yoast_head_json":{"title":"Braga Selene Mariluz - Rosana CL","robots":{"index":"index","follow":"follow","max-snippet":"max-snippet:-1","max-image-preview":"max-image-preview:large","max-video-preview":"max-video-preview:-1"},"canonical":"https:\/\/rosanacl.com\/hu\/termek\/braga-selene-modelo-mariluz\/","og_locale":"hu_HU","og_type":"article","og_title":"Braga Selene Mariluz - Rosana CL","og_description":"La braga Mariluz de Selene es una braga alta pensada para quienes buscan sujeci\u00f3n c\u00f3moda y un acabado elegante. Su tejido con efecto franjas estiliza visualmente y aporta un toque sofisticado, ideal para llevar a diario con total confort. Lo que te va a gustar Cintura alta: sujeta sin oprimir y ayuda a que la [&hellip;]","og_url":"https:\/\/rosanacl.com\/hu\/termek\/braga-selene-modelo-mariluz\/","og_site_name":"Rosana CL","article_modified_time":"2026-01-07T18:18:29+00:00","og_image":[{"width":1105,"height":1333,"url":"https:\/\/rosanacl.com\/wp-content\/uploads\/2025\/05\/1.jpg","type":"image\/jpeg"}],"twitter_card":"summary_large_image","twitter_misc":{"Becs\u00fclt olvas\u00e1si id\u0151":"2 perc"},"schema":{"@context":"https:\/\/schema.org","@graph":[{"@type":"WebPage","@id":"https:\/\/rosanacl.com\/producto\/braga-selene-modelo-mariluz\/","url":"https:\/\/rosanacl.com\/producto\/braga-selene-modelo-mariluz\/","name":"Braga Selene Mariluz - Rosana CL","isPartOf":{"@id":"https:\/\/rosanacl.com\/ca\/#website"},"primaryImageOfPage":{"@id":"https:\/\/rosanacl.com\/producto\/braga-selene-modelo-mariluz\/#primaryimage"},"image":{"@id":"https:\/\/rosanacl.com\/producto\/braga-selene-modelo-mariluz\/#primaryimage"},"thumbnailUrl":"https:\/\/rosanacl.com\/wp-content\/uploads\/2025\/05\/1.jpg","datePublished":"2025-05-23T07:53:07+00:00","dateModified":"2026-01-07T18:18:29+00:00","breadcrumb":{"@id":"https:\/\/rosanacl.com\/producto\/braga-selene-modelo-mariluz\/#breadcrumb"},"inLanguage":"hu","potentialAction":[{"@type":"ReadAction","target":["https:\/\/rosanacl.com\/producto\/braga-selene-modelo-mariluz\/"]}]},{"@type":"ImageObject","inLanguage":"hu","@id":"https:\/\/rosanacl.com\/producto\/braga-selene-modelo-mariluz\/#primaryimage","url":"https:\/\/rosanacl.com\/wp-content\/uploads\/2025\/05\/1.jpg","contentUrl":"https:\/\/rosanacl.com\/wp-content\/uploads\/2025\/05\/1.jpg","width":1105,"height":1333},{"@type":"BreadcrumbList","@id":"https:\/\/rosanacl.com\/producto\/braga-selene-modelo-mariluz\/#breadcrumb","itemListElement":[{"@type":"ListItem","position":1,"name":"Portada","item":"https:\/\/rosanacl.com\/ca\/"},{"@type":"ListItem","position":2,"name":"Tienda","item":"https:\/\/rosanacl.com\/ca\/tienda\/"},{"@type":"ListItem","position":3,"name":"Braga Selene Mariluz"}]},{"@type":"WebSite","@id":"https:\/\/rosanacl.com\/ca\/#website","url":"https:\/\/rosanacl.com\/ca\/","name":"Rosana CL","description":"Mi vagyunk a bels\u0151 \u00e9ned","potentialAction":[{"@type":"SearchAction","target":{"@type":"EntryPoint","urlTemplate":"https:\/\/rosanacl.com\/ca\/?s={search_term_string}"},"query-input":{"@type":"PropertyValueSpecification","valueRequired":true,"valueName":"search_term_string"}}],"inLanguage":"hu"}]}},"_links":{"self":[{"href":"https:\/\/rosanacl.com\/hu\/wp-json\/wp\/v2\/product\/2027","targetHints":{"allow":["GET"]}}],"collection":[{"href":"https:\/\/rosanacl.com\/hu\/wp-json\/wp\/v2\/product"}],"about":[{"href":"https:\/\/rosanacl.com\/hu\/wp-json\/wp\/v2\/types\/product"}],"replies":[{"embeddable":true,"href":"https:\/\/rosanacl.com\/hu\/wp-json\/wp\/v2\/comments?post=2027"}],"version-history":[{"count":5,"href":"https:\/\/rosanacl.com\/hu\/wp-json\/wp\/v2\/product\/2027\/revisions"}],"predecessor-version":[{"id":4602,"href":"https:\/\/rosanacl.com\/hu\/wp-json\/wp\/v2\/product\/2027\/revisions\/4602"}],"wp:featuredmedia":[{"embeddable":true,"href":"https:\/\/rosanacl.com\/hu\/wp-json\/wp\/v2\/media\/2135"}],"wp:attachment":[{"href":"https:\/\/rosanacl.com\/hu\/wp-json\/wp\/v2\/media?parent=2027"}],"wp:term":[{"taxonomy":"product_brand","embeddable":true,"href":"https:\/\/rosanacl.com\/hu\/wp-json\/wp\/v2\/product_brand?post=2027"},{"taxonomy":"product_cat","embeddable":true,"href":"https:\/\/rosanacl.com\/hu\/wp-json\/wp\/v2\/product_cat?post=2027"},{"taxonomy":"product_tag","embeddable":true,"href":"https:\/\/rosanacl.com\/hu\/wp-json\/wp\/v2\/product_tag?post=2027"}],"curies":[{"name":"wp","href":"https:\/\/api.w.org\/{rel}","templated":true}]}}