{"id":211,"date":"2025-04-29T12:22:28","date_gmt":"2025-04-29T10:22:28","guid":{"rendered":"https:\/\/rosanacl.com\/?post_type=product&#038;p=211"},"modified":"2026-01-08T03:42:43","modified_gmt":"2026-01-08T02:42:43","slug":"sujetador-modelo-teresa","status":"publish","type":"product","link":"https:\/\/rosanacl.com\/hu\/termek\/sujetador-modelo-teresa\/","title":{"rendered":"Selene Teresa Bra"},"content":{"rendered":"<p>Vannak olyan ruhadarabok, amelyek nem csak \u00abk\u00eds\u00e9rnek\u00bb: meghat\u00e1roznak. A Teresa melltart\u00f3t akkor tal\u00e1lod ki, ha letisztult, eleg\u00e1ns \u00e9s magabiztos sziluettet szeretn\u00e9l, olyan kidolgoz\u00e1ssal, ami akkor is \u00e9szrevehet\u0151 a t\u00fck\u00f6rben, ha senki m\u00e1s nem l\u00e1tja.<\/p>\n<p>A merev\u00edt\u0151s \u00e9s form\u00e1zott kosarak term\u00e9szetes emel\u00e9st, prec\u00edz tart\u00e1st \u00e9s \u00f3r\u00e1kon \u00e1t tart\u00f3 hib\u00e1tlan form\u00e1t biztos\u00edtanak. Az eredm\u00e9ny egy stabil, el\u0151ny\u00f6s \u00e9s hihetetlen\u00fcl k\u00e9nyelmes illeszked\u00e9s, amely ide\u00e1lis azoknak a n\u0151knek, akik hat\u00e1rozott tart\u00e1st keresnek a st\u00edlus fel\u00e1ldoz\u00e1sa n\u00e9lk\u00fcl. A jellegzetes r\u00e9szlet a jacquard\/nyomott anyagban rejlik, amely text\u00far\u00e1t \u00e9s vizu\u00e1lis vonzer\u0151t k\u00f6lcs\u00f6n\u00f6z an\u00e9lk\u00fcl, hogy t\u00fal felt\u0171n\u0151 lenne.<\/p>\n<p>Ez a fazon mindennapi viseletre k\u00e9sz\u00fclt, de olyan est\u00e9kre is, amikor alul is ugyanolyan st\u00edlusosnak szeretn\u00e9d \u00e9rezni magad, mint k\u00edv\u00fcl. P\u00e1ros\u00edtsd a Selene 3123 als\u00f3nadr\u00e1ggal egy komplett szett\u00e9rt: kifinomult, n\u0151ies \u00e9s k\u00f6nnyen viselhet\u0151.<\/p>\n<p>Pr\u00e9mium r\u00e9szletek<\/p>\n<ul>\n<li>Integr\u00e1lt karik\u00e1k, amelyek term\u00e9szetes form\u00e1jukkal gy\u0171jtik \u00e9s emelik a t\u00e1rgyat.<\/li>\n<li>El\u0151re form\u00e1zott kos\u00e1r a hangs\u00falyosabb \u00e9s egys\u00e9gesebb melltart\u00f3\u00e9rt ruha alatt.<\/li>\n<li>Eleg\u00e1ns jacquard, amely ink\u00e1bb &quot;\u00e9kszer&quot; mint &quot;alap&quot; kidolgoz\u00e1st biztos\u00edt\u00ab<\/li>\n<li>Stabil p\u00e1ntok a folyamatos ut\u00e1n\u00e1ll\u00edt\u00e1s n\u00e9lk\u00fcli tart\u00e1s\u00e9rt.<\/li>\n<li>T\u00f6k\u00e9letes szett a hozz\u00e1 ill\u0151 Selene 3123 als\u00f3nadr\u00e1ggal.<\/li>\n<\/ul>\n<p>\ud83d\udde3\ufe0fTipp: A Teresa melltart\u00f3t akkor \u00e9rdemes v\u00e1lasztani, ha egy olyan melltart\u00f3ra v\u00e1gysz, amit \u00abelfelejtesz\u00bb, de a t\u00fck\u00f6rben m\u00e9gis \u00e9szreveszel: megt\u00e1masztott mellek, letisztult vonalak \u00e9s a rend \u00e9rzete. Ennek az \u00e9rz\u00e9snek az el\u00e9r\u00e9s\u00e9hez a k\u00f6vetkez\u0151kre figyelj felv\u00e9telkor: puha anyag a b\u0151r\u00f6n, k\u00f6z\u00e9pre igaz\u00edtott mellkas \u00e9s eleg\u00e1ns k\u00e9nyelem (nincs benyom\u00f3d\u00e1s vagy k\u00ednos nyom\u00e1s), mintha minden term\u00e9szetesen a hely\u00e9n lenne.<\/p>\n<p>\ud83d\udccfMegjegyz\u00e9s: A m\u00e9ret kiv\u00e1laszt\u00e1sa el\u0151tt v\u00e9gezz k\u00e9t gyors m\u00e9r\u00e9st m\u00e9r\u0151szalaggal: a mell alatti ker\u00fcletet \u00e9s a mellb\u0151s\u00e9get. Ha a m\u00e9retek k\u00f6z\u00f6tt vagy, v\u00e1lassz egy kem\u00e9ny \u00e9s k\u00e9nyelmes p\u00e1ntot (ami megtart, de nem t\u00fal szoros), \u00e9s ennek megfelel\u0151en \u00e1ll\u00edtsd be a kos\u00e1rm\u00e9retet, hogy a melled k\u00f6z\u00e9pen legyen \u00e9s term\u00e9szetesnek t\u0171nj\u00f6n.<\/p>\n<p>\u00d6sszet\u00e9tel: 56% poliamid, 32% pamut, 12% elaszt\u00e1n.<\/p>\n<p>\ud83d\udc84 Egy ruha, ami dr\u00e1g\u00e1nak t\u0171nik\u2026 m\u00e9g akkor is, ha nem mondod ki.<\/p>","protected":false},"excerpt":{"rendered":"<p>Hay prendas que no \u00abacompa\u00f1an\u00bb: definen. El sujetador Teresa est\u00e1 hecho para cuando quieres una silueta limpia, elegante y segura, con ese acabado que se nota en el espejo aunque nadie lo vea. Aros + copa preformada para realzar con naturalidad, recoger con precisi\u00f3n y mantener la forma impecable durante horas. El resultado es un [&hellip;]<\/p>\n","protected":false},"featured_media":1472,"comment_status":"open","ping_status":"closed","template":"","meta":{"content-type":""},"product_brand":[55],"product_cat":[80,24,20,106],"product_tag":[57,56],"class_list":{"0":"post-211","1":"product","2":"type-product","3":"status-publish","4":"has-post-thumbnail","6":"product_brand-selene","7":"product_cat-con-aros-sin-relleno","8":"product_cat-sin-relleno","9":"product_cat-sujetador","10":"product_cat-teresa","11":"product_tag-sin-relleno","12":"product_tag-sujetador","14":"first","15":"instock","16":"taxable","17":"shipping-taxable","18":"purchasable","19":"product-type-variable"},"supplier_id":null,"supplier_sku":"","barcode":null,"atum_controlled":true,"out_stock_date":null,"out_stock_threshold":null,"inheritable":true,"inbound_stock":0,"stock_on_hold":0,"sold_today":0,"sales_last_days":0,"reserved_stock":0,"customer_returns":0,"warehouse_damage":0,"lost_in_post":0,"other_logs":0,"out_stock_days":0,"lost_sales":0,"has_location":false,"update_date":"2026-01-08T02:42:44","atum_locations":[],"atum_stock_status":"instock","restock_status":false,"low_stock_amount":"","sales_update_date":"2025-10-03T04:57:33","calc_backorders":null,"yoast_head":"<!-- This site is optimized with the Yoast SEO plugin v27.4 - https:\/\/yoast.com\/product\/yoast-seo-wordpress\/ -->\n<title>Sujetador Selene Teresa - Rosana CL<\/title>\n<meta name=\"robots\" content=\"index, follow, max-snippet:-1, max-image-preview:large, max-video-preview:-1\" \/>\n<link rel=\"canonical\" href=\"https:\/\/rosanacl.com\/hu\/termek\/sujetador-modelo-teresa\/\" \/>\n<meta property=\"og:locale\" content=\"hu_HU\" \/>\n<meta property=\"og:type\" content=\"article\" \/>\n<meta property=\"og:title\" content=\"Sujetador Selene Teresa - Rosana CL\" \/>\n<meta property=\"og:description\" content=\"Hay prendas que no \u00abacompa\u00f1an\u00bb: definen. El sujetador Teresa est\u00e1 hecho para cuando quieres una silueta limpia, elegante y segura, con ese acabado que se nota en el espejo aunque nadie lo vea. Aros + copa preformada para realzar con naturalidad, recoger con precisi\u00f3n y mantener la forma impecable durante horas. El resultado es un [&hellip;]\" \/>\n<meta property=\"og:url\" content=\"https:\/\/rosanacl.com\/hu\/termek\/sujetador-modelo-teresa\/\" \/>\n<meta property=\"og:site_name\" content=\"Rosana CL\" \/>\n<meta property=\"article:modified_time\" content=\"2026-01-08T02:42:43+00:00\" \/>\n<meta property=\"og:image\" content=\"https:\/\/rosanacl.com\/wp-content\/uploads\/2025\/04\/Sujetador-modelo-Teresa-000001.png\" \/>\n\t<meta property=\"og:image:width\" content=\"1000\" \/>\n\t<meta property=\"og:image:height\" content=\"1000\" \/>\n\t<meta property=\"og:image:type\" content=\"image\/png\" \/>\n<meta name=\"twitter:card\" content=\"summary_large_image\" \/>\n<meta name=\"twitter:label1\" content=\"Becs\u00fclt olvas\u00e1si id\u0151\" \/>\n\t<meta name=\"twitter:data1\" content=\"2 perc\" \/>\n<script type=\"application\/ld+json\" class=\"yoast-schema-graph\">{\"@context\":\"https:\\\/\\\/schema.org\",\"@graph\":[{\"@type\":\"WebPage\",\"@id\":\"https:\\\/\\\/rosanacl.com\\\/producto\\\/sujetador-modelo-teresa\\\/\",\"url\":\"https:\\\/\\\/rosanacl.com\\\/producto\\\/sujetador-modelo-teresa\\\/\",\"name\":\"Sujetador Selene Teresa - Rosana CL\",\"isPartOf\":{\"@id\":\"https:\\\/\\\/rosanacl.com\\\/ca\\\/#website\"},\"primaryImageOfPage\":{\"@id\":\"https:\\\/\\\/rosanacl.com\\\/producto\\\/sujetador-modelo-teresa\\\/#primaryimage\"},\"image\":{\"@id\":\"https:\\\/\\\/rosanacl.com\\\/producto\\\/sujetador-modelo-teresa\\\/#primaryimage\"},\"thumbnailUrl\":\"https:\\\/\\\/rosanacl.com\\\/wp-content\\\/uploads\\\/2025\\\/04\\\/Sujetador-modelo-Teresa-000001.png\",\"datePublished\":\"2025-04-29T10:22:28+00:00\",\"dateModified\":\"2026-01-08T02:42:43+00:00\",\"breadcrumb\":{\"@id\":\"https:\\\/\\\/rosanacl.com\\\/producto\\\/sujetador-modelo-teresa\\\/#breadcrumb\"},\"inLanguage\":\"hu\",\"potentialAction\":[{\"@type\":\"ReadAction\",\"target\":[\"https:\\\/\\\/rosanacl.com\\\/producto\\\/sujetador-modelo-teresa\\\/\"]}]},{\"@type\":\"ImageObject\",\"inLanguage\":\"hu\",\"@id\":\"https:\\\/\\\/rosanacl.com\\\/producto\\\/sujetador-modelo-teresa\\\/#primaryimage\",\"url\":\"https:\\\/\\\/rosanacl.com\\\/wp-content\\\/uploads\\\/2025\\\/04\\\/Sujetador-modelo-Teresa-000001.png\",\"contentUrl\":\"https:\\\/\\\/rosanacl.com\\\/wp-content\\\/uploads\\\/2025\\\/04\\\/Sujetador-modelo-Teresa-000001.png\",\"width\":1000,\"height\":1000},{\"@type\":\"BreadcrumbList\",\"@id\":\"https:\\\/\\\/rosanacl.com\\\/producto\\\/sujetador-modelo-teresa\\\/#breadcrumb\",\"itemListElement\":[{\"@type\":\"ListItem\",\"position\":1,\"name\":\"Portada\",\"item\":\"https:\\\/\\\/rosanacl.com\\\/ca\\\/\"},{\"@type\":\"ListItem\",\"position\":2,\"name\":\"Tienda\",\"item\":\"https:\\\/\\\/rosanacl.com\\\/ca\\\/tienda\\\/\"},{\"@type\":\"ListItem\",\"position\":3,\"name\":\"Sujetador Selene Teresa\"}]},{\"@type\":\"WebSite\",\"@id\":\"https:\\\/\\\/rosanacl.com\\\/ca\\\/#website\",\"url\":\"https:\\\/\\\/rosanacl.com\\\/ca\\\/\",\"name\":\"Rosana CL\",\"description\":\"Somos tu interior\",\"potentialAction\":[{\"@type\":\"SearchAction\",\"target\":{\"@type\":\"EntryPoint\",\"urlTemplate\":\"https:\\\/\\\/rosanacl.com\\\/ca\\\/?s={search_term_string}\"},\"query-input\":{\"@type\":\"PropertyValueSpecification\",\"valueRequired\":true,\"valueName\":\"search_term_string\"}}],\"inLanguage\":\"hu\"}]}<\/script>\n<!-- \/ Yoast SEO plugin. -->","yoast_head_json":{"title":"Sujetador Selene Teresa - Rosana CL","robots":{"index":"index","follow":"follow","max-snippet":"max-snippet:-1","max-image-preview":"max-image-preview:large","max-video-preview":"max-video-preview:-1"},"canonical":"https:\/\/rosanacl.com\/hu\/termek\/sujetador-modelo-teresa\/","og_locale":"hu_HU","og_type":"article","og_title":"Sujetador Selene Teresa - Rosana CL","og_description":"Hay prendas que no \u00abacompa\u00f1an\u00bb: definen. El sujetador Teresa est\u00e1 hecho para cuando quieres una silueta limpia, elegante y segura, con ese acabado que se nota en el espejo aunque nadie lo vea. Aros + copa preformada para realzar con naturalidad, recoger con precisi\u00f3n y mantener la forma impecable durante horas. El resultado es un [&hellip;]","og_url":"https:\/\/rosanacl.com\/hu\/termek\/sujetador-modelo-teresa\/","og_site_name":"Rosana CL","article_modified_time":"2026-01-08T02:42:43+00:00","og_image":[{"width":1000,"height":1000,"url":"https:\/\/rosanacl.com\/wp-content\/uploads\/2025\/04\/Sujetador-modelo-Teresa-000001.png","type":"image\/png"}],"twitter_card":"summary_large_image","twitter_misc":{"Becs\u00fclt olvas\u00e1si id\u0151":"2 perc"},"schema":{"@context":"https:\/\/schema.org","@graph":[{"@type":"WebPage","@id":"https:\/\/rosanacl.com\/producto\/sujetador-modelo-teresa\/","url":"https:\/\/rosanacl.com\/producto\/sujetador-modelo-teresa\/","name":"Sujetador Selene Teresa - Rosana CL","isPartOf":{"@id":"https:\/\/rosanacl.com\/ca\/#website"},"primaryImageOfPage":{"@id":"https:\/\/rosanacl.com\/producto\/sujetador-modelo-teresa\/#primaryimage"},"image":{"@id":"https:\/\/rosanacl.com\/producto\/sujetador-modelo-teresa\/#primaryimage"},"thumbnailUrl":"https:\/\/rosanacl.com\/wp-content\/uploads\/2025\/04\/Sujetador-modelo-Teresa-000001.png","datePublished":"2025-04-29T10:22:28+00:00","dateModified":"2026-01-08T02:42:43+00:00","breadcrumb":{"@id":"https:\/\/rosanacl.com\/producto\/sujetador-modelo-teresa\/#breadcrumb"},"inLanguage":"hu","potentialAction":[{"@type":"ReadAction","target":["https:\/\/rosanacl.com\/producto\/sujetador-modelo-teresa\/"]}]},{"@type":"ImageObject","inLanguage":"hu","@id":"https:\/\/rosanacl.com\/producto\/sujetador-modelo-teresa\/#primaryimage","url":"https:\/\/rosanacl.com\/wp-content\/uploads\/2025\/04\/Sujetador-modelo-Teresa-000001.png","contentUrl":"https:\/\/rosanacl.com\/wp-content\/uploads\/2025\/04\/Sujetador-modelo-Teresa-000001.png","width":1000,"height":1000},{"@type":"BreadcrumbList","@id":"https:\/\/rosanacl.com\/producto\/sujetador-modelo-teresa\/#breadcrumb","itemListElement":[{"@type":"ListItem","position":1,"name":"Portada","item":"https:\/\/rosanacl.com\/ca\/"},{"@type":"ListItem","position":2,"name":"Tienda","item":"https:\/\/rosanacl.com\/ca\/tienda\/"},{"@type":"ListItem","position":3,"name":"Sujetador Selene Teresa"}]},{"@type":"WebSite","@id":"https:\/\/rosanacl.com\/ca\/#website","url":"https:\/\/rosanacl.com\/ca\/","name":"Rosana CL","description":"Mi vagyunk a bels\u0151 \u00e9ned","potentialAction":[{"@type":"SearchAction","target":{"@type":"EntryPoint","urlTemplate":"https:\/\/rosanacl.com\/ca\/?s={search_term_string}"},"query-input":{"@type":"PropertyValueSpecification","valueRequired":true,"valueName":"search_term_string"}}],"inLanguage":"hu"}]}},"_links":{"self":[{"href":"https:\/\/rosanacl.com\/hu\/wp-json\/wp\/v2\/product\/211","targetHints":{"allow":["GET"]}}],"collection":[{"href":"https:\/\/rosanacl.com\/hu\/wp-json\/wp\/v2\/product"}],"about":[{"href":"https:\/\/rosanacl.com\/hu\/wp-json\/wp\/v2\/types\/product"}],"replies":[{"embeddable":true,"href":"https:\/\/rosanacl.com\/hu\/wp-json\/wp\/v2\/comments?post=211"}],"version-history":[{"count":5,"href":"https:\/\/rosanacl.com\/hu\/wp-json\/wp\/v2\/product\/211\/revisions"}],"predecessor-version":[{"id":4646,"href":"https:\/\/rosanacl.com\/hu\/wp-json\/wp\/v2\/product\/211\/revisions\/4646"}],"wp:featuredmedia":[{"embeddable":true,"href":"https:\/\/rosanacl.com\/hu\/wp-json\/wp\/v2\/media\/1472"}],"wp:attachment":[{"href":"https:\/\/rosanacl.com\/hu\/wp-json\/wp\/v2\/media?parent=211"}],"wp:term":[{"taxonomy":"product_brand","embeddable":true,"href":"https:\/\/rosanacl.com\/hu\/wp-json\/wp\/v2\/product_brand?post=211"},{"taxonomy":"product_cat","embeddable":true,"href":"https:\/\/rosanacl.com\/hu\/wp-json\/wp\/v2\/product_cat?post=211"},{"taxonomy":"product_tag","embeddable":true,"href":"https:\/\/rosanacl.com\/hu\/wp-json\/wp\/v2\/product_tag?post=211"}],"curies":[{"name":"wp","href":"https:\/\/api.w.org\/{rel}","templated":true}]}}