{"id":2112,"date":"2025-05-23T10:17:39","date_gmt":"2025-05-23T08:17:39","guid":{"rendered":"https:\/\/rosanacl.com\/?post_type=product&#038;p=2112"},"modified":"2026-01-07T18:50:14","modified_gmt":"2026-01-07T17:50:14","slug":"sujetador-selene-modelo-vilma","status":"publish","type":"product","link":"https:\/\/rosanacl.com\/hu\/termek\/sujetador-selene-modelo-vilma\/","title":{"rendered":"Selene Vilma Bra"},"content":{"rendered":"<p>A Selene Vilma melltart\u00f3 megmenti a napot, ha p\u00e1nt n\u00e9lk\u00fcli melltart\u00f3t szeretn\u00e9l viselni, de m\u00e9gis szeretn\u00e9d tudni, hogy minden a hely\u00e9n marad. Merev\u00edt\u0151s \u00e9s p\u00e1rn\u00e1zott kosarakkal rendelkezik, letisztult \u00e9s eleg\u00e1ns kialak\u00edt\u00e1s\u00e1val, amely term\u00e9szetesen kiemeli a kebleket an\u00e9lk\u00fcl, hogy d\u00fasabb\u00e1 tenn\u00e9 a testet.<\/p>\n<p>Tov\u00e1bb\u00e1, l\u00e9zerrel v\u00e1gott fel\u00fclete \u00e9s t\u00fcll r\u00e1t\u00e9tei elfedik \u00e9s vizu\u00e1lisan minimaliz\u00e1lj\u00e1k az oldalakon \u00e9s a h\u00f3naljban tal\u00e1lhat\u00f3 egyenetlens\u00e9geket, sokkal sim\u00e1bb vonalat hagyva a ruh\u00e1zat alatt. T\u00f6k\u00e9letes p\u00e1nt n\u00e9lk\u00fcli ruh\u00e1khoz, fels\u0151kh\u00f6z \u00e9s testhez\u00e1ll\u00f3 megjelen\u00e9sekhez.<\/p>\n<p>Im\u00e1dnival\u00f3 r\u00e9szletek<\/p>\n<ul>\n<li>P\u00e1nt n\u00e9lk\u00fcli (bandone), ide\u00e1lis m\u00e9lyen dekolt\u00e1lt ruhadarabokhoz \u00e9s csupasz v\u00e1llakhoz.<\/li>\n<li>Merev\u00edt\u0151s + p\u00e1rn\u00e1zott kos\u00e1r: hat\u00e1rozott tart\u00e1s \u00e9s gy\u00f6ny\u00f6r\u0171 dekolt\u00e1zs.<\/li>\n<li>T\u00fcll keresztez\u00e9se: eleg\u00e1ns hat\u00e1s \u00e9s nagyobb stabilit\u00e1s a k\u00f6rvonalban.<\/li>\n<li>L\u00e9zerv\u00e1g\u00e1s: tiszt\u00e1bb, diszkr\u00e9tebb \u00e9s k\u00e9nyelmesebb fel\u00fclet a ruh\u00e1zat alatt.<\/li>\n<li>Sim\u00edtsd \u00e9s form\u00e1zd az oldals\u00f3 \u00e9s h\u00f3nalji ter\u00fcletet az egyenletesebb hat\u00e1s \u00e9rdek\u00e9ben.<\/li>\n<\/ul>\n<p>\ud83d\udde3\ufe0f Tipp: A Vilma azokra a v\u00e1ll n\u00e9lk\u00fcli napokra val\u00f3, amikor biztons\u00e1gban, de m\u00e9gis k\u00f6nnyed\u00e9n szeretn\u00e9d \u00e9rezni magad: a kont\u00farvonal \u00f6lel an\u00e9lk\u00fcl, hogy fullad\u00e1st okozna, \u00e9s azt a j\u00f3l elhelyezett mellkas \u00e9s tiszta vonal \u00e9rzet\u00e9t hagyja, amit\u0151l el is felejted, hogy viseled.<\/p>\n<p>\ud83d\udccf Megjegyz\u00e9s: A v\u00e1s\u00e1rl\u00e1s el\u0151tti megfelel\u0151 m\u00e9ret kiv\u00e1laszt\u00e1s\u00e1hoz a p\u00e1nt n\u00e9lk\u00fcli melltart\u00f3kn\u00e1l a legfontosabb szempont a p\u00e1ntm\u00e9ret: az els\u0151 be\u00e1ll\u00edt\u00e1st\u00f3l kezdve szorosan kell illeszkednie (v\u00e1g\u00e1s n\u00e9lk\u00fcl), \u00e9s nem kell elmozdulnia, amikor felemeled a karjaidat vagy lehajolsz. Ha k\u00e9t m\u00e9ret k\u00f6z\u00f6tt vacill\u00e1lsz, v\u00e1laszd azt a p\u00e1ntm\u00e9retet, amelyik a legnagyobb stabilit\u00e1st biztos\u00edtja, mivel ez biztos\u00edtja, hogy a hely\u00e9n maradjon, \u00e9s a v\u00e9geredm\u00e9ny eg\u00e9sz nap kifinomultabb legyen.<\/p>\n<p>\u00d6sszet\u00e9tel: 46% poliamid \u00b7 42% poli\u00e9szter \u00b7 12% elaszt\u00e1n<\/p>\n<p>\ud83d\udc60 Elegancia, ami a gesztusokban is \u00e9szrevehet\u0151\u2026 \u00e9s a tekintetben is megmarad.<\/p>\n<div id=\"v1ms-outlook-mobile-body-separator-line\" dir=\"auto\"><\/div>\n<div id=\"v1ms-outlook-mobile-body-separator-line\" dir=\"auto\"><\/div>","protected":false},"excerpt":{"rendered":"<p>El Selene Vilma es ese sujetador que te salva el d\u00eda cuando quieres ir sin tirantes pero con la seguridad de que todo queda en su sitio. Lleva aros y copa con relleno, con un dise\u00f1o muy limpio y elegante que realza el pecho de forma natural, sin recargar. Adem\u00e1s, su acabado corte l\u00e1ser y [&hellip;]<\/p>\n","protected":false},"featured_media":2157,"comment_status":"open","ping_status":"closed","template":"","meta":{"content-type":""},"product_brand":[55],"product_cat":[82,20,99],"product_tag":[84,56],"class_list":{"0":"post-2112","1":"product","2":"type-product","3":"status-publish","4":"has-post-thumbnail","6":"product_brand-selene","7":"product_cat-sin-tirantes","8":"product_cat-sujetador","9":"product_cat-vilma","10":"product_tag-sin-tirantes","11":"product_tag-sujetador","13":"first","14":"instock","15":"taxable","16":"shipping-taxable","17":"purchasable","18":"product-type-variable"},"supplier_id":null,"supplier_sku":"","barcode":null,"atum_controlled":true,"out_stock_date":null,"out_stock_threshold":null,"inheritable":true,"inbound_stock":0,"stock_on_hold":0,"sold_today":0,"sales_last_days":0,"reserved_stock":0,"customer_returns":0,"warehouse_damage":0,"lost_in_post":0,"other_logs":0,"out_stock_days":0,"lost_sales":0,"has_location":false,"update_date":"2026-01-07T17:50:15","atum_locations":[],"atum_stock_status":"instock","restock_status":false,"low_stock_amount":"","sales_update_date":"2025-10-03T04:55:36","calc_backorders":null,"yoast_head":"<!-- This site is optimized with the Yoast SEO plugin v27.4 - https:\/\/yoast.com\/product\/yoast-seo-wordpress\/ -->\n<title>Sujetador Selene Vilma - Rosana CL<\/title>\n<meta name=\"robots\" content=\"index, follow, max-snippet:-1, max-image-preview:large, max-video-preview:-1\" \/>\n<link rel=\"canonical\" href=\"https:\/\/rosanacl.com\/hu\/termek\/sujetador-selene-modelo-vilma\/\" \/>\n<meta property=\"og:locale\" content=\"hu_HU\" \/>\n<meta property=\"og:type\" content=\"article\" \/>\n<meta property=\"og:title\" content=\"Sujetador Selene Vilma - Rosana CL\" \/>\n<meta property=\"og:description\" content=\"El Selene Vilma es ese sujetador que te salva el d\u00eda cuando quieres ir sin tirantes pero con la seguridad de que todo queda en su sitio. Lleva aros y copa con relleno, con un dise\u00f1o muy limpio y elegante que realza el pecho de forma natural, sin recargar. Adem\u00e1s, su acabado corte l\u00e1ser y [&hellip;]\" \/>\n<meta property=\"og:url\" content=\"https:\/\/rosanacl.com\/hu\/termek\/sujetador-selene-modelo-vilma\/\" \/>\n<meta property=\"og:site_name\" content=\"Rosana CL\" \/>\n<meta property=\"article:modified_time\" content=\"2026-01-07T17:50:14+00:00\" \/>\n<meta property=\"og:image\" content=\"https:\/\/rosanacl.com\/wp-content\/uploads\/2025\/05\/1-4.png\" \/>\n\t<meta property=\"og:image:width\" content=\"1100\" \/>\n\t<meta property=\"og:image:height\" content=\"1333\" \/>\n\t<meta property=\"og:image:type\" content=\"image\/png\" \/>\n<meta name=\"twitter:card\" content=\"summary_large_image\" \/>\n<meta name=\"twitter:label1\" content=\"Becs\u00fclt olvas\u00e1si id\u0151\" \/>\n\t<meta name=\"twitter:data1\" content=\"2 perc\" \/>\n<script type=\"application\/ld+json\" class=\"yoast-schema-graph\">{\"@context\":\"https:\\\/\\\/schema.org\",\"@graph\":[{\"@type\":\"WebPage\",\"@id\":\"https:\\\/\\\/rosanacl.com\\\/producto\\\/sujetador-selene-modelo-vilma\\\/\",\"url\":\"https:\\\/\\\/rosanacl.com\\\/producto\\\/sujetador-selene-modelo-vilma\\\/\",\"name\":\"Sujetador Selene Vilma - Rosana CL\",\"isPartOf\":{\"@id\":\"https:\\\/\\\/rosanacl.com\\\/ca\\\/#website\"},\"primaryImageOfPage\":{\"@id\":\"https:\\\/\\\/rosanacl.com\\\/producto\\\/sujetador-selene-modelo-vilma\\\/#primaryimage\"},\"image\":{\"@id\":\"https:\\\/\\\/rosanacl.com\\\/producto\\\/sujetador-selene-modelo-vilma\\\/#primaryimage\"},\"thumbnailUrl\":\"https:\\\/\\\/rosanacl.com\\\/wp-content\\\/uploads\\\/2025\\\/05\\\/1-4.png\",\"datePublished\":\"2025-05-23T08:17:39+00:00\",\"dateModified\":\"2026-01-07T17:50:14+00:00\",\"breadcrumb\":{\"@id\":\"https:\\\/\\\/rosanacl.com\\\/producto\\\/sujetador-selene-modelo-vilma\\\/#breadcrumb\"},\"inLanguage\":\"hu\",\"potentialAction\":[{\"@type\":\"ReadAction\",\"target\":[\"https:\\\/\\\/rosanacl.com\\\/producto\\\/sujetador-selene-modelo-vilma\\\/\"]}]},{\"@type\":\"ImageObject\",\"inLanguage\":\"hu\",\"@id\":\"https:\\\/\\\/rosanacl.com\\\/producto\\\/sujetador-selene-modelo-vilma\\\/#primaryimage\",\"url\":\"https:\\\/\\\/rosanacl.com\\\/wp-content\\\/uploads\\\/2025\\\/05\\\/1-4.png\",\"contentUrl\":\"https:\\\/\\\/rosanacl.com\\\/wp-content\\\/uploads\\\/2025\\\/05\\\/1-4.png\",\"width\":1100,\"height\":1333},{\"@type\":\"BreadcrumbList\",\"@id\":\"https:\\\/\\\/rosanacl.com\\\/producto\\\/sujetador-selene-modelo-vilma\\\/#breadcrumb\",\"itemListElement\":[{\"@type\":\"ListItem\",\"position\":1,\"name\":\"Portada\",\"item\":\"https:\\\/\\\/rosanacl.com\\\/ca\\\/\"},{\"@type\":\"ListItem\",\"position\":2,\"name\":\"Tienda\",\"item\":\"https:\\\/\\\/rosanacl.com\\\/ca\\\/tienda\\\/\"},{\"@type\":\"ListItem\",\"position\":3,\"name\":\"Sujetador Selene Vilma\"}]},{\"@type\":\"WebSite\",\"@id\":\"https:\\\/\\\/rosanacl.com\\\/ca\\\/#website\",\"url\":\"https:\\\/\\\/rosanacl.com\\\/ca\\\/\",\"name\":\"Rosana CL\",\"description\":\"Somos tu interior\",\"potentialAction\":[{\"@type\":\"SearchAction\",\"target\":{\"@type\":\"EntryPoint\",\"urlTemplate\":\"https:\\\/\\\/rosanacl.com\\\/ca\\\/?s={search_term_string}\"},\"query-input\":{\"@type\":\"PropertyValueSpecification\",\"valueRequired\":true,\"valueName\":\"search_term_string\"}}],\"inLanguage\":\"hu\"}]}<\/script>\n<!-- \/ Yoast SEO plugin. -->","yoast_head_json":{"title":"Sujetador Selene Vilma - Rosana CL","robots":{"index":"index","follow":"follow","max-snippet":"max-snippet:-1","max-image-preview":"max-image-preview:large","max-video-preview":"max-video-preview:-1"},"canonical":"https:\/\/rosanacl.com\/hu\/termek\/sujetador-selene-modelo-vilma\/","og_locale":"hu_HU","og_type":"article","og_title":"Sujetador Selene Vilma - Rosana CL","og_description":"El Selene Vilma es ese sujetador que te salva el d\u00eda cuando quieres ir sin tirantes pero con la seguridad de que todo queda en su sitio. Lleva aros y copa con relleno, con un dise\u00f1o muy limpio y elegante que realza el pecho de forma natural, sin recargar. Adem\u00e1s, su acabado corte l\u00e1ser y [&hellip;]","og_url":"https:\/\/rosanacl.com\/hu\/termek\/sujetador-selene-modelo-vilma\/","og_site_name":"Rosana CL","article_modified_time":"2026-01-07T17:50:14+00:00","og_image":[{"width":1100,"height":1333,"url":"https:\/\/rosanacl.com\/wp-content\/uploads\/2025\/05\/1-4.png","type":"image\/png"}],"twitter_card":"summary_large_image","twitter_misc":{"Becs\u00fclt olvas\u00e1si id\u0151":"2 perc"},"schema":{"@context":"https:\/\/schema.org","@graph":[{"@type":"WebPage","@id":"https:\/\/rosanacl.com\/producto\/sujetador-selene-modelo-vilma\/","url":"https:\/\/rosanacl.com\/producto\/sujetador-selene-modelo-vilma\/","name":"Sujetador Selene Vilma - Rosana CL","isPartOf":{"@id":"https:\/\/rosanacl.com\/ca\/#website"},"primaryImageOfPage":{"@id":"https:\/\/rosanacl.com\/producto\/sujetador-selene-modelo-vilma\/#primaryimage"},"image":{"@id":"https:\/\/rosanacl.com\/producto\/sujetador-selene-modelo-vilma\/#primaryimage"},"thumbnailUrl":"https:\/\/rosanacl.com\/wp-content\/uploads\/2025\/05\/1-4.png","datePublished":"2025-05-23T08:17:39+00:00","dateModified":"2026-01-07T17:50:14+00:00","breadcrumb":{"@id":"https:\/\/rosanacl.com\/producto\/sujetador-selene-modelo-vilma\/#breadcrumb"},"inLanguage":"hu","potentialAction":[{"@type":"ReadAction","target":["https:\/\/rosanacl.com\/producto\/sujetador-selene-modelo-vilma\/"]}]},{"@type":"ImageObject","inLanguage":"hu","@id":"https:\/\/rosanacl.com\/producto\/sujetador-selene-modelo-vilma\/#primaryimage","url":"https:\/\/rosanacl.com\/wp-content\/uploads\/2025\/05\/1-4.png","contentUrl":"https:\/\/rosanacl.com\/wp-content\/uploads\/2025\/05\/1-4.png","width":1100,"height":1333},{"@type":"BreadcrumbList","@id":"https:\/\/rosanacl.com\/producto\/sujetador-selene-modelo-vilma\/#breadcrumb","itemListElement":[{"@type":"ListItem","position":1,"name":"Portada","item":"https:\/\/rosanacl.com\/ca\/"},{"@type":"ListItem","position":2,"name":"Tienda","item":"https:\/\/rosanacl.com\/ca\/tienda\/"},{"@type":"ListItem","position":3,"name":"Sujetador Selene Vilma"}]},{"@type":"WebSite","@id":"https:\/\/rosanacl.com\/ca\/#website","url":"https:\/\/rosanacl.com\/ca\/","name":"Rosana CL","description":"Mi vagyunk a bels\u0151 \u00e9ned","potentialAction":[{"@type":"SearchAction","target":{"@type":"EntryPoint","urlTemplate":"https:\/\/rosanacl.com\/ca\/?s={search_term_string}"},"query-input":{"@type":"PropertyValueSpecification","valueRequired":true,"valueName":"search_term_string"}}],"inLanguage":"hu"}]}},"_links":{"self":[{"href":"https:\/\/rosanacl.com\/hu\/wp-json\/wp\/v2\/product\/2112","targetHints":{"allow":["GET"]}}],"collection":[{"href":"https:\/\/rosanacl.com\/hu\/wp-json\/wp\/v2\/product"}],"about":[{"href":"https:\/\/rosanacl.com\/hu\/wp-json\/wp\/v2\/types\/product"}],"replies":[{"embeddable":true,"href":"https:\/\/rosanacl.com\/hu\/wp-json\/wp\/v2\/comments?post=2112"}],"version-history":[{"count":5,"href":"https:\/\/rosanacl.com\/hu\/wp-json\/wp\/v2\/product\/2112\/revisions"}],"predecessor-version":[{"id":4597,"href":"https:\/\/rosanacl.com\/hu\/wp-json\/wp\/v2\/product\/2112\/revisions\/4597"}],"wp:featuredmedia":[{"embeddable":true,"href":"https:\/\/rosanacl.com\/hu\/wp-json\/wp\/v2\/media\/2157"}],"wp:attachment":[{"href":"https:\/\/rosanacl.com\/hu\/wp-json\/wp\/v2\/media?parent=2112"}],"wp:term":[{"taxonomy":"product_brand","embeddable":true,"href":"https:\/\/rosanacl.com\/hu\/wp-json\/wp\/v2\/product_brand?post=2112"},{"taxonomy":"product_cat","embeddable":true,"href":"https:\/\/rosanacl.com\/hu\/wp-json\/wp\/v2\/product_cat?post=2112"},{"taxonomy":"product_tag","embeddable":true,"href":"https:\/\/rosanacl.com\/hu\/wp-json\/wp\/v2\/product_tag?post=2112"}],"curies":[{"name":"wp","href":"https:\/\/api.w.org\/{rel}","templated":true}]}}