{"id":290,"date":"2025-04-29T13:19:48","date_gmt":"2025-04-29T11:19:48","guid":{"rendered":"https:\/\/rosanacl.com\/?post_type=product&#038;p=290"},"modified":"2026-01-08T03:36:24","modified_gmt":"2026-01-08T02:36:24","slug":"sujetador-modelo-lorea","status":"publish","type":"product","link":"https:\/\/rosanacl.com\/hu\/termek\/sujetador-modelo-lorea\/","title":{"rendered":"Selene Lorea Bra"},"content":{"rendered":"<p>A Selene Lorea melltart\u00f3j\u00e1t \u00fagy tervezt\u00e9k, hogy hat\u00e1rozott \u00e9s k\u00e9nyelmes tart\u00e1st ny\u00fajtson an\u00e9lk\u00fcl, hogy fel\u00e1ldozn\u00e1 az eleg\u00e1ns megjelen\u00e9st. Minimalista hat\u00e1sa vizu\u00e1lisan karcs\u00fas\u00edtja a mellet, m\u00edg a merev\u00edt\u0151p\u00e1nt p\u00e1rn\u00e1z\u00e1s n\u00e9lk\u00fcl is tart\u00e1st \u00e9s gy\u00f6ny\u00f6r\u0171 form\u00e1t biztos\u00edt.<\/p>\n<p>A nagy kapacit\u00e1st \u00e9s stabilit\u00e1st keres\u0151 n\u0151k sz\u00e1m\u00e1ra tervezett Lorea dupla lamin\u00e1lt mikrosz\u00e1las anyagb\u00f3l k\u00e9sz\u00fclt, amely alkalmazkodik a testhez \u00e9s kellemes \u00e9rzetet biztos\u00edt eg\u00e9sz nap.<\/p>\n<p>Ezenk\u00edv\u00fcl a p\u00e1rn\u00e1zott p\u00e1ntjai cs\u00f6kkentik a szor\u00edt\u00f3 vagy nyomot hagy\u00f3 p\u00e1ntokra jellemz\u0151 kellemetlens\u00e9get, \u00edgy jav\u00edtva a k\u00e9nyelmet hosszabb haszn\u00e1lat sor\u00e1n.<\/p>\n<p>R\u00e9szletek, amiket \u00e9szreveszel, amikor felveszed<\/p>\n<ul>\n<li>Karcs\u00fas\u00edt\u00f3 hat\u00e1s val\u00f3di t\u00e1maszt\u00e9kkal (p\u00e1rn\u00e1z\u00e1s n\u00e9lk\u00fcl).<\/li>\n<li>Karik\u00e1k a stabil tart\u00e1s\u00e9rt \u00e9s az el\u0151ny\u00f6s forma\u00e9rt.<\/li>\n<li>K\u00f6nny\u0171, rugalmas anyag, amely egy\u00fctt mozog veled.<\/li>\n<li>Sz\u00e9les, p\u00e1rn\u00e1zott p\u00e1ntok a fokozott k\u00e9nyelem \u00e9rdek\u00e9ben.<\/li>\n<\/ul>\n<p>\ud83d\udde3\ufe0f Tipp: Ha \u00abj\u00f3l al\u00e1t\u00e1masztottnak\u00bb szeretn\u00e9d \u00e9rezni magad an\u00e9lk\u00fcl, hogy folyamatosan ut\u00e1n kellene igaz\u00edtanod a m\u00e9reted, a Lorea neked val\u00f3: olyan \u00e9rzetet ad, mintha megt\u00e1masztott \u00e9s k\u00f6z\u00e9pre helyezett mellkas lenne, de olyan val\u00f3di k\u00e9nyelemmel, amir\u0151l napk\u00f6zben megfeledkezel.<\/p>\n<p>\ud83d\udccf Megjegyz\u00e9s: A Lorea megfelel\u0151 illeszked\u00e9s\u00e9nek el\u00e9r\u00e9s\u00e9hez (karcs\u00fas\u00edt\u00f3 hat\u00e1s + sz\u00e9les p\u00e1ntok) \u00fcgyelj arra, hogy a p\u00e1nt az els\u0151 be\u00e1ll\u00edt\u00e1st\u00f3l kezdve szil\u00e1rdan \u00e9s egyenesen \u00fclj\u00f6n a h\u00e1tadon: ha felcs\u00faszik, amikor mozgatod a karjaidat, az nem biztos\u00edt elegend\u0151 tart\u00e1st. Ha pedig k\u00e9t p\u00e1ntm\u00e9ret k\u00f6z\u00f6tt vagy, akkor \u00e1ltal\u00e1ban a stabilabb m\u0171k\u00f6dik a legjobban, mivel biztos\u00edtja a sz\u00fcks\u00e9ges tart\u00e1st, \u00e9s megakad\u00e1lyozza, hogy a p\u00e1ntok extra terhel\u00e9st gyakoroljanak a derekadra.<\/p>\n<p>\u00d6sszet\u00e9tel: 80% poliamid, 20% elaszt\u00e1n.<\/p>\n<p>\u2728 V\u00e1laszd a Lore\u00e1t \u00e9s \u00e9rezd a k\u00fcl\u00f6nbs\u00e9get: tart\u00e1st, k\u00e9nyelmet \u00e9s gy\u00f6ny\u00f6r\u0171 melleket\u2026 eg\u00e9sz nap.<\/p>\n<p>&nbsp;<\/p>\n<p>&nbsp;<\/p>\n<p>&nbsp;<\/p>\n<p>&nbsp;<\/p>","protected":false},"excerpt":{"rendered":"<p>El sujetador Lorea de Selene est\u00e1 dise\u00f1ado para ofrecer una sujeci\u00f3n firme y c\u00f3moda sin renunciar a un acabado elegante. Su efecto reductor ayuda a estilizar visualmente el busto, mientras que los aros aportan soporte y una forma bonita, sin necesidad de relleno. Pensado para mujeres que buscan gran capacidad y estabilidad, Lorea incorpora un [&hellip;]<\/p>\n","protected":false},"featured_media":1442,"comment_status":"open","ping_status":"closed","template":"","meta":{"content-type":""},"product_brand":[55],"product_cat":[80,24,20],"product_tag":[57,56,58],"class_list":{"0":"post-290","1":"product","2":"type-product","3":"status-publish","4":"has-post-thumbnail","6":"product_brand-selene","7":"product_cat-con-aros-sin-relleno","8":"product_cat-sin-relleno","9":"product_cat-sujetador","10":"product_tag-sin-relleno","11":"product_tag-sujetador","12":"product_tag-sujetador-reductor","14":"first","15":"instock","16":"taxable","17":"shipping-taxable","18":"purchasable","19":"product-type-variable"},"supplier_id":null,"supplier_sku":"","barcode":null,"atum_controlled":true,"out_stock_date":null,"out_stock_threshold":null,"inheritable":true,"inbound_stock":0,"stock_on_hold":0,"sold_today":0,"sales_last_days":0,"reserved_stock":0,"customer_returns":0,"warehouse_damage":0,"lost_in_post":0,"other_logs":0,"out_stock_days":0,"lost_sales":0,"has_location":false,"update_date":"2026-01-08T02:36:25","atum_locations":[],"atum_stock_status":"instock","restock_status":false,"low_stock_amount":"","sales_update_date":"2025-10-03T04:57:20","calc_backorders":null,"yoast_head":"<!-- This site is optimized with the Yoast SEO plugin v27.4 - https:\/\/yoast.com\/product\/yoast-seo-wordpress\/ -->\n<title>Sujetador Selene Lorea - Rosana CL<\/title>\n<meta name=\"robots\" content=\"index, follow, max-snippet:-1, max-image-preview:large, max-video-preview:-1\" \/>\n<link rel=\"canonical\" href=\"https:\/\/rosanacl.com\/hu\/termek\/sujetador-modelo-lorea\/\" \/>\n<meta property=\"og:locale\" content=\"hu_HU\" \/>\n<meta property=\"og:type\" content=\"article\" \/>\n<meta property=\"og:title\" content=\"Sujetador Selene Lorea - Rosana CL\" \/>\n<meta property=\"og:description\" content=\"El sujetador Lorea de Selene est\u00e1 dise\u00f1ado para ofrecer una sujeci\u00f3n firme y c\u00f3moda sin renunciar a un acabado elegante. Su efecto reductor ayuda a estilizar visualmente el busto, mientras que los aros aportan soporte y una forma bonita, sin necesidad de relleno. Pensado para mujeres que buscan gran capacidad y estabilidad, Lorea incorpora un [&hellip;]\" \/>\n<meta property=\"og:url\" content=\"https:\/\/rosanacl.com\/hu\/termek\/sujetador-modelo-lorea\/\" \/>\n<meta property=\"og:site_name\" content=\"Rosana CL\" \/>\n<meta property=\"article:modified_time\" content=\"2026-01-08T02:36:24+00:00\" \/>\n<meta property=\"og:image\" content=\"https:\/\/rosanacl.com\/wp-content\/uploads\/2025\/04\/Sujetador-modelo-Lorea-000001.webp\" \/>\n\t<meta property=\"og:image:width\" content=\"1000\" \/>\n\t<meta property=\"og:image:height\" content=\"1000\" \/>\n\t<meta property=\"og:image:type\" content=\"image\/webp\" \/>\n<meta name=\"twitter:card\" content=\"summary_large_image\" \/>\n<meta name=\"twitter:label1\" content=\"Becs\u00fclt olvas\u00e1si id\u0151\" \/>\n\t<meta name=\"twitter:data1\" content=\"2 perc\" \/>\n<script type=\"application\/ld+json\" class=\"yoast-schema-graph\">{\"@context\":\"https:\\\/\\\/schema.org\",\"@graph\":[{\"@type\":\"WebPage\",\"@id\":\"https:\\\/\\\/rosanacl.com\\\/producto\\\/sujetador-modelo-lorea\\\/\",\"url\":\"https:\\\/\\\/rosanacl.com\\\/producto\\\/sujetador-modelo-lorea\\\/\",\"name\":\"Sujetador Selene Lorea - Rosana CL\",\"isPartOf\":{\"@id\":\"https:\\\/\\\/rosanacl.com\\\/ca\\\/#website\"},\"primaryImageOfPage\":{\"@id\":\"https:\\\/\\\/rosanacl.com\\\/producto\\\/sujetador-modelo-lorea\\\/#primaryimage\"},\"image\":{\"@id\":\"https:\\\/\\\/rosanacl.com\\\/producto\\\/sujetador-modelo-lorea\\\/#primaryimage\"},\"thumbnailUrl\":\"https:\\\/\\\/rosanacl.com\\\/wp-content\\\/uploads\\\/2025\\\/04\\\/Sujetador-modelo-Lorea-000001.webp\",\"datePublished\":\"2025-04-29T11:19:48+00:00\",\"dateModified\":\"2026-01-08T02:36:24+00:00\",\"breadcrumb\":{\"@id\":\"https:\\\/\\\/rosanacl.com\\\/producto\\\/sujetador-modelo-lorea\\\/#breadcrumb\"},\"inLanguage\":\"hu\",\"potentialAction\":[{\"@type\":\"ReadAction\",\"target\":[\"https:\\\/\\\/rosanacl.com\\\/producto\\\/sujetador-modelo-lorea\\\/\"]}]},{\"@type\":\"ImageObject\",\"inLanguage\":\"hu\",\"@id\":\"https:\\\/\\\/rosanacl.com\\\/producto\\\/sujetador-modelo-lorea\\\/#primaryimage\",\"url\":\"https:\\\/\\\/rosanacl.com\\\/wp-content\\\/uploads\\\/2025\\\/04\\\/Sujetador-modelo-Lorea-000001.webp\",\"contentUrl\":\"https:\\\/\\\/rosanacl.com\\\/wp-content\\\/uploads\\\/2025\\\/04\\\/Sujetador-modelo-Lorea-000001.webp\",\"width\":1000,\"height\":1000},{\"@type\":\"BreadcrumbList\",\"@id\":\"https:\\\/\\\/rosanacl.com\\\/producto\\\/sujetador-modelo-lorea\\\/#breadcrumb\",\"itemListElement\":[{\"@type\":\"ListItem\",\"position\":1,\"name\":\"Portada\",\"item\":\"https:\\\/\\\/rosanacl.com\\\/ca\\\/\"},{\"@type\":\"ListItem\",\"position\":2,\"name\":\"Tienda\",\"item\":\"https:\\\/\\\/rosanacl.com\\\/ca\\\/tienda\\\/\"},{\"@type\":\"ListItem\",\"position\":3,\"name\":\"Sujetador Selene Lorea\"}]},{\"@type\":\"WebSite\",\"@id\":\"https:\\\/\\\/rosanacl.com\\\/ca\\\/#website\",\"url\":\"https:\\\/\\\/rosanacl.com\\\/ca\\\/\",\"name\":\"Rosana CL\",\"description\":\"Somos tu interior\",\"potentialAction\":[{\"@type\":\"SearchAction\",\"target\":{\"@type\":\"EntryPoint\",\"urlTemplate\":\"https:\\\/\\\/rosanacl.com\\\/ca\\\/?s={search_term_string}\"},\"query-input\":{\"@type\":\"PropertyValueSpecification\",\"valueRequired\":true,\"valueName\":\"search_term_string\"}}],\"inLanguage\":\"hu\"}]}<\/script>\n<!-- \/ Yoast SEO plugin. -->","yoast_head_json":{"title":"Sujetador Selene Lorea - Rosana CL","robots":{"index":"index","follow":"follow","max-snippet":"max-snippet:-1","max-image-preview":"max-image-preview:large","max-video-preview":"max-video-preview:-1"},"canonical":"https:\/\/rosanacl.com\/hu\/termek\/sujetador-modelo-lorea\/","og_locale":"hu_HU","og_type":"article","og_title":"Sujetador Selene Lorea - Rosana CL","og_description":"El sujetador Lorea de Selene est\u00e1 dise\u00f1ado para ofrecer una sujeci\u00f3n firme y c\u00f3moda sin renunciar a un acabado elegante. Su efecto reductor ayuda a estilizar visualmente el busto, mientras que los aros aportan soporte y una forma bonita, sin necesidad de relleno. Pensado para mujeres que buscan gran capacidad y estabilidad, Lorea incorpora un [&hellip;]","og_url":"https:\/\/rosanacl.com\/hu\/termek\/sujetador-modelo-lorea\/","og_site_name":"Rosana CL","article_modified_time":"2026-01-08T02:36:24+00:00","og_image":[{"width":1000,"height":1000,"url":"https:\/\/rosanacl.com\/wp-content\/uploads\/2025\/04\/Sujetador-modelo-Lorea-000001.webp","type":"image\/webp"}],"twitter_card":"summary_large_image","twitter_misc":{"Becs\u00fclt olvas\u00e1si id\u0151":"2 perc"},"schema":{"@context":"https:\/\/schema.org","@graph":[{"@type":"WebPage","@id":"https:\/\/rosanacl.com\/producto\/sujetador-modelo-lorea\/","url":"https:\/\/rosanacl.com\/producto\/sujetador-modelo-lorea\/","name":"Sujetador Selene Lorea - Rosana CL","isPartOf":{"@id":"https:\/\/rosanacl.com\/ca\/#website"},"primaryImageOfPage":{"@id":"https:\/\/rosanacl.com\/producto\/sujetador-modelo-lorea\/#primaryimage"},"image":{"@id":"https:\/\/rosanacl.com\/producto\/sujetador-modelo-lorea\/#primaryimage"},"thumbnailUrl":"https:\/\/rosanacl.com\/wp-content\/uploads\/2025\/04\/Sujetador-modelo-Lorea-000001.webp","datePublished":"2025-04-29T11:19:48+00:00","dateModified":"2026-01-08T02:36:24+00:00","breadcrumb":{"@id":"https:\/\/rosanacl.com\/producto\/sujetador-modelo-lorea\/#breadcrumb"},"inLanguage":"hu","potentialAction":[{"@type":"ReadAction","target":["https:\/\/rosanacl.com\/producto\/sujetador-modelo-lorea\/"]}]},{"@type":"ImageObject","inLanguage":"hu","@id":"https:\/\/rosanacl.com\/producto\/sujetador-modelo-lorea\/#primaryimage","url":"https:\/\/rosanacl.com\/wp-content\/uploads\/2025\/04\/Sujetador-modelo-Lorea-000001.webp","contentUrl":"https:\/\/rosanacl.com\/wp-content\/uploads\/2025\/04\/Sujetador-modelo-Lorea-000001.webp","width":1000,"height":1000},{"@type":"BreadcrumbList","@id":"https:\/\/rosanacl.com\/producto\/sujetador-modelo-lorea\/#breadcrumb","itemListElement":[{"@type":"ListItem","position":1,"name":"Portada","item":"https:\/\/rosanacl.com\/ca\/"},{"@type":"ListItem","position":2,"name":"Tienda","item":"https:\/\/rosanacl.com\/ca\/tienda\/"},{"@type":"ListItem","position":3,"name":"Sujetador Selene Lorea"}]},{"@type":"WebSite","@id":"https:\/\/rosanacl.com\/ca\/#website","url":"https:\/\/rosanacl.com\/ca\/","name":"Rosana CL","description":"Mi vagyunk a bels\u0151 \u00e9ned","potentialAction":[{"@type":"SearchAction","target":{"@type":"EntryPoint","urlTemplate":"https:\/\/rosanacl.com\/ca\/?s={search_term_string}"},"query-input":{"@type":"PropertyValueSpecification","valueRequired":true,"valueName":"search_term_string"}}],"inLanguage":"hu"}]}},"_links":{"self":[{"href":"https:\/\/rosanacl.com\/hu\/wp-json\/wp\/v2\/product\/290","targetHints":{"allow":["GET"]}}],"collection":[{"href":"https:\/\/rosanacl.com\/hu\/wp-json\/wp\/v2\/product"}],"about":[{"href":"https:\/\/rosanacl.com\/hu\/wp-json\/wp\/v2\/types\/product"}],"replies":[{"embeddable":true,"href":"https:\/\/rosanacl.com\/hu\/wp-json\/wp\/v2\/comments?post=290"}],"version-history":[{"count":5,"href":"https:\/\/rosanacl.com\/hu\/wp-json\/wp\/v2\/product\/290\/revisions"}],"predecessor-version":[{"id":4644,"href":"https:\/\/rosanacl.com\/hu\/wp-json\/wp\/v2\/product\/290\/revisions\/4644"}],"wp:featuredmedia":[{"embeddable":true,"href":"https:\/\/rosanacl.com\/hu\/wp-json\/wp\/v2\/media\/1442"}],"wp:attachment":[{"href":"https:\/\/rosanacl.com\/hu\/wp-json\/wp\/v2\/media?parent=290"}],"wp:term":[{"taxonomy":"product_brand","embeddable":true,"href":"https:\/\/rosanacl.com\/hu\/wp-json\/wp\/v2\/product_brand?post=290"},{"taxonomy":"product_cat","embeddable":true,"href":"https:\/\/rosanacl.com\/hu\/wp-json\/wp\/v2\/product_cat?post=290"},{"taxonomy":"product_tag","embeddable":true,"href":"https:\/\/rosanacl.com\/hu\/wp-json\/wp\/v2\/product_tag?post=290"}],"curies":[{"name":"wp","href":"https:\/\/api.w.org\/{rel}","templated":true}]}}