{"id":3186,"date":"2025-08-14T13:22:07","date_gmt":"2025-08-14T11:22:07","guid":{"rendered":"https:\/\/rosanacl.com\/?post_type=product&#038;p=3186"},"modified":"2026-01-07T18:43:36","modified_gmt":"2026-01-07T17:43:36","slug":"sujetador-modelo-roxana","status":"publish","type":"product","link":"https:\/\/rosanacl.com\/hu\/termek\/sujetador-modelo-roxana\/","title":{"rendered":"Selene Roxana melltart\u00f3"},"content":{"rendered":"<p>A Selene Roxana melltart\u00f3 olyan ruhadarab, amelyr\u0151l amint felveszed, tudod, hogy val\u00f3ban el\u0151ny\u00f6s a testhez: merev\u00edt\u0151vel rendelkezik a sz\u00e9p, hat\u00e1rozott tart\u00e1s\u00e9rt, de nincs p\u00e1rn\u00e1z\u00e1sa, \u00edgy az eredm\u00e9ny term\u00e9szetes, eleg\u00e1ns \u00e9s nagyon n\u0151ies. A nyakkiv\u00e1g\u00e1s finom \u00e9s kifinomult, ide\u00e1lis mindennapi viseletre, valamint akkor is, ha teltebbnek szeretn\u00e9l t\u0171nni an\u00e9lk\u00fcl, hogy t\u00falz\u00e1sba esn\u00e9l.<\/p>\n<p>A h\u00e1tuls\u00f3 t\u00fcll r\u00e1t\u00e9t k\u00fcl\u00f6nleges hat\u00e1st kelt: vizu\u00e1lisan k\u00f6nnyed \u00e9rzetet kelt, mik\u00f6zben finoman elrejti az oldalakon tal\u00e1lhat\u00f3 apr\u00f3bb t\u00f6k\u00e9letlens\u00e9geket, \u00edgy kifinomultabb \u00e9s k\u00e9nyelmesebb megjelen\u00e9st k\u00f6lcs\u00f6n\u00f6z. \u00d6sszess\u00e9g\u00e9ben a Roxana egyike azoknak a melltart\u00f3knak, amelyek egyszer\u0171nek t\u0171nnek... m\u00e9gis m\u00e1r az els\u0151 visel\u00e9skor pr\u00e9miumnak \u00e9rz\u0151dnek.<\/p>\n<p>F\u0151bb r\u00e9szletek<\/p>\n<ul>\n<li>Merev\u00edt\u0151 n\u00e9lk\u00fcli \u00e9s p\u00e1rn\u00e1z\u00e1s n\u00e9lk\u00fcli: term\u00e9szetes tart\u00e1s, gy\u00f6ny\u00f6r\u0171 forma \u00e9s eleg\u00e1ns nyakkiv\u00e1g\u00e1s.<\/li>\n<li>Tul superpuesto en la espalda: toque sofisticado y efecto visual m\u00e1s limpio en el costado.<\/li\n\n\n<li>K\u00e9nyelmes \u00e9s kifinomult kialak\u00edt\u00e1s: t\u00f6k\u00e9letes mindennapi viseletre, de &quot;k\u00fcl\u00f6nleges&quot; kidolgoz\u00e1ssal.<\/li>\n<li>Egy\u00fcttes viselet: t\u00f6k\u00e9letesen kombin\u00e1lhat\u00f3 a Braga Selene Roxana \u00e9s a Braga Selene Katia term\u00e9kekkel.<\/li>\n<\/ul>\n<p>\ud83d\udde3\ufe0f Tipp: A Roxana maga a \u00abdiszkr\u00e9t pr\u00e9mium\u00bb: p\u00e1rn\u00e1z\u00e1s n\u00e9lk\u00fcli merev\u00edt\u0151 a term\u00e9szetes forma \u00e9s a finom nyakkiv\u00e1g\u00e1s \u00e9rdek\u00e9ben, h\u00e1tul pedig t\u00fcll r\u00e9teggel, ami k\u00f6nny\u0171nek \u00e9rz\u0151dik \u00e9s az eg\u00e9szet kifinomultabb\u00e1 teszi (k\u00e9nyelem + eleg\u00e1ns megjelen\u00e9s t\u00falz\u00e1s n\u00e9lk\u00fcl).<\/p>\n<p>\ud83d\udccf Megjegyz\u00e9s: Ahhoz, hogy m\u00e1r az els\u0151 rendel\u00e9st\u0151l kezdve t\u00f6k\u00e9letes legyen, fontos a p\u00e1ntm\u00e9ret: szorosan kell illeszkednie az utols\u00f3\/utols\u00f3 el\u0151tti horogra an\u00e9lk\u00fcl, hogy felcs\u00faszna, amikor felemeled a karjaidat. Ha k\u00e9t p\u00e1ntm\u00e9ret k\u00f6z\u00f6tt vacill\u00e1lsz, v\u00e1laszd azt, amelyik k\u00e9nyelmesen illeszkedik an\u00e9lk\u00fcl, hogy szor\u00edt\u00e1snak \u00e9rezn\u00e9d (nincsenek kem\u00e9ny nyomok), mert egy p\u00e1rn\u00e1z\u00e1s n\u00e9lk\u00fcli modelln\u00e9l a t\u00f6k\u00e9letes illeszked\u00e9s eg\u00e9sz nap stabil \u00e9s &quot;tiszta&quot; \u00e9rz\u00e9st ny\u00fajt.<\/p>\n<p>\u00d6sszet\u00e9tel: 49% poli\u00e9szter + 36% poliamid + 15% elaszt\u00e1n<\/p>\n<p>\ud83d\udc57 A nyakkiv\u00e1g\u00e1s, ami feldobja a nappalodat... \u00e9s az \u00e9jszak\u00e1dat.<\/p>\n<div id=\"v1ms-outlook-mobile-body-separator-line\" dir=\"auto\"><\/div>","protected":false},"excerpt":{"rendered":"<div style=\"position: relative; padding-bottom: 56.25%; height: 0; overflow: hidden; max-width: 100%;\"><iframe style=\"position: absolute; top: 0; left: 0; width: 100%; height: 100%;\" src=\"https:\/\/www.youtube.com\/embed\/XfAvWw4IVj8?autoplay=1&amp;mute=1&amp;playsinline=1&amp;rel=0&amp;controls=1&amp;loop=1&amp;playlist=XfAvWw4IVj8\" frameborder=\"0\" allowfullscreen=\"allowfullscreen\"><br \/>\n<\/iframe><\/div>","protected":false},"featured_media":3243,"comment_status":"open","ping_status":"closed","template":"","meta":{"content-type":""},"product_brand":[55],"product_cat":[26,20],"product_tag":[56,62],"class_list":{"0":"post-3186","1":"product","2":"type-product","3":"status-publish","4":"has-post-thumbnail","6":"product_brand-selene","7":"product_cat-con-aros-y-relleno","8":"product_cat-sujetador","9":"product_tag-sujetador","10":"product_tag-sujetador-con-aros-y-rellenos","12":"first","13":"instock","14":"taxable","15":"shipping-taxable","16":"purchasable","17":"product-type-variable"},"supplier_id":null,"supplier_sku":"","barcode":null,"atum_controlled":true,"out_stock_date":null,"out_stock_threshold":null,"inheritable":true,"inbound_stock":0,"stock_on_hold":0,"sold_today":0,"sales_last_days":0,"reserved_stock":0,"customer_returns":0,"warehouse_damage":0,"lost_in_post":0,"other_logs":0,"out_stock_days":0,"lost_sales":0,"has_location":false,"update_date":"2026-01-07T17:43:37","atum_locations":[],"atum_stock_status":"instock","restock_status":false,"low_stock_amount":"","sales_update_date":"2025-10-03T04:55:36","calc_backorders":null,"yoast_head":"<!-- This site is optimized with the Yoast SEO plugin v27.4 - https:\/\/yoast.com\/product\/yoast-seo-wordpress\/ -->\n<title>Sujetador Selene Roxana - Rosana CL<\/title>\n<meta name=\"robots\" content=\"index, follow, max-snippet:-1, max-image-preview:large, max-video-preview:-1\" \/>\n<link rel=\"canonical\" href=\"https:\/\/rosanacl.com\/hu\/termek\/sujetador-modelo-roxana\/\" \/>\n<meta property=\"og:locale\" content=\"hu_HU\" \/>\n<meta property=\"og:type\" content=\"article\" \/>\n<meta property=\"og:title\" content=\"Sujetador Selene Roxana - Rosana CL\" \/>\n<meta property=\"og:url\" content=\"https:\/\/rosanacl.com\/hu\/termek\/sujetador-modelo-roxana\/\" \/>\n<meta property=\"og:site_name\" content=\"Rosana CL\" \/>\n<meta property=\"article:modified_time\" content=\"2026-01-07T17:43:36+00:00\" \/>\n<meta property=\"og:image\" content=\"https:\/\/rosanacl.com\/wp-content\/uploads\/2025\/08\/1-1024x1024.png\" \/>\n\t<meta property=\"og:image:width\" content=\"1024\" \/>\n\t<meta property=\"og:image:height\" content=\"1024\" \/>\n\t<meta property=\"og:image:type\" content=\"image\/png\" \/>\n<meta name=\"twitter:card\" content=\"summary_large_image\" \/>\n<meta name=\"twitter:label1\" content=\"Becs\u00fclt olvas\u00e1si id\u0151\" \/>\n\t<meta name=\"twitter:data1\" content=\"2 perc\" \/>\n<script type=\"application\/ld+json\" class=\"yoast-schema-graph\">{\"@context\":\"https:\\\/\\\/schema.org\",\"@graph\":[{\"@type\":\"WebPage\",\"@id\":\"https:\\\/\\\/rosanacl.com\\\/producto\\\/sujetador-modelo-roxana\\\/\",\"url\":\"https:\\\/\\\/rosanacl.com\\\/producto\\\/sujetador-modelo-roxana\\\/\",\"name\":\"Sujetador Selene Roxana - Rosana CL\",\"isPartOf\":{\"@id\":\"https:\\\/\\\/rosanacl.com\\\/ca\\\/#website\"},\"primaryImageOfPage\":{\"@id\":\"https:\\\/\\\/rosanacl.com\\\/producto\\\/sujetador-modelo-roxana\\\/#primaryimage\"},\"image\":{\"@id\":\"https:\\\/\\\/rosanacl.com\\\/producto\\\/sujetador-modelo-roxana\\\/#primaryimage\"},\"thumbnailUrl\":\"https:\\\/\\\/rosanacl.com\\\/wp-content\\\/uploads\\\/2025\\\/08\\\/1.png\",\"datePublished\":\"2025-08-14T11:22:07+00:00\",\"dateModified\":\"2026-01-07T17:43:36+00:00\",\"breadcrumb\":{\"@id\":\"https:\\\/\\\/rosanacl.com\\\/producto\\\/sujetador-modelo-roxana\\\/#breadcrumb\"},\"inLanguage\":\"hu\",\"potentialAction\":[{\"@type\":\"ReadAction\",\"target\":[\"https:\\\/\\\/rosanacl.com\\\/producto\\\/sujetador-modelo-roxana\\\/\"]}]},{\"@type\":\"ImageObject\",\"inLanguage\":\"hu\",\"@id\":\"https:\\\/\\\/rosanacl.com\\\/producto\\\/sujetador-modelo-roxana\\\/#primaryimage\",\"url\":\"https:\\\/\\\/rosanacl.com\\\/wp-content\\\/uploads\\\/2025\\\/08\\\/1.png\",\"contentUrl\":\"https:\\\/\\\/rosanacl.com\\\/wp-content\\\/uploads\\\/2025\\\/08\\\/1.png\",\"width\":1333,\"height\":1333},{\"@type\":\"BreadcrumbList\",\"@id\":\"https:\\\/\\\/rosanacl.com\\\/producto\\\/sujetador-modelo-roxana\\\/#breadcrumb\",\"itemListElement\":[{\"@type\":\"ListItem\",\"position\":1,\"name\":\"Portada\",\"item\":\"https:\\\/\\\/rosanacl.com\\\/ca\\\/\"},{\"@type\":\"ListItem\",\"position\":2,\"name\":\"Tienda\",\"item\":\"https:\\\/\\\/rosanacl.com\\\/ca\\\/tienda\\\/\"},{\"@type\":\"ListItem\",\"position\":3,\"name\":\"Sujetador Selene Roxana\"}]},{\"@type\":\"WebSite\",\"@id\":\"https:\\\/\\\/rosanacl.com\\\/ca\\\/#website\",\"url\":\"https:\\\/\\\/rosanacl.com\\\/ca\\\/\",\"name\":\"Rosana CL\",\"description\":\"Somos tu interior\",\"potentialAction\":[{\"@type\":\"SearchAction\",\"target\":{\"@type\":\"EntryPoint\",\"urlTemplate\":\"https:\\\/\\\/rosanacl.com\\\/ca\\\/?s={search_term_string}\"},\"query-input\":{\"@type\":\"PropertyValueSpecification\",\"valueRequired\":true,\"valueName\":\"search_term_string\"}}],\"inLanguage\":\"hu\"}]}<\/script>\n<!-- \/ Yoast SEO plugin. -->","yoast_head_json":{"title":"Sujetador Selene Roxana - Rosana CL","robots":{"index":"index","follow":"follow","max-snippet":"max-snippet:-1","max-image-preview":"max-image-preview:large","max-video-preview":"max-video-preview:-1"},"canonical":"https:\/\/rosanacl.com\/hu\/termek\/sujetador-modelo-roxana\/","og_locale":"hu_HU","og_type":"article","og_title":"Sujetador Selene Roxana - Rosana CL","og_url":"https:\/\/rosanacl.com\/hu\/termek\/sujetador-modelo-roxana\/","og_site_name":"Rosana CL","article_modified_time":"2026-01-07T17:43:36+00:00","og_image":[{"width":1024,"height":1024,"url":"https:\/\/rosanacl.com\/wp-content\/uploads\/2025\/08\/1-1024x1024.png","type":"image\/png"}],"twitter_card":"summary_large_image","twitter_misc":{"Becs\u00fclt olvas\u00e1si id\u0151":"2 perc"},"schema":{"@context":"https:\/\/schema.org","@graph":[{"@type":"WebPage","@id":"https:\/\/rosanacl.com\/producto\/sujetador-modelo-roxana\/","url":"https:\/\/rosanacl.com\/producto\/sujetador-modelo-roxana\/","name":"Sujetador Selene Roxana - Rosana CL","isPartOf":{"@id":"https:\/\/rosanacl.com\/ca\/#website"},"primaryImageOfPage":{"@id":"https:\/\/rosanacl.com\/producto\/sujetador-modelo-roxana\/#primaryimage"},"image":{"@id":"https:\/\/rosanacl.com\/producto\/sujetador-modelo-roxana\/#primaryimage"},"thumbnailUrl":"https:\/\/rosanacl.com\/wp-content\/uploads\/2025\/08\/1.png","datePublished":"2025-08-14T11:22:07+00:00","dateModified":"2026-01-07T17:43:36+00:00","breadcrumb":{"@id":"https:\/\/rosanacl.com\/producto\/sujetador-modelo-roxana\/#breadcrumb"},"inLanguage":"hu","potentialAction":[{"@type":"ReadAction","target":["https:\/\/rosanacl.com\/producto\/sujetador-modelo-roxana\/"]}]},{"@type":"ImageObject","inLanguage":"hu","@id":"https:\/\/rosanacl.com\/producto\/sujetador-modelo-roxana\/#primaryimage","url":"https:\/\/rosanacl.com\/wp-content\/uploads\/2025\/08\/1.png","contentUrl":"https:\/\/rosanacl.com\/wp-content\/uploads\/2025\/08\/1.png","width":1333,"height":1333},{"@type":"BreadcrumbList","@id":"https:\/\/rosanacl.com\/producto\/sujetador-modelo-roxana\/#breadcrumb","itemListElement":[{"@type":"ListItem","position":1,"name":"Portada","item":"https:\/\/rosanacl.com\/ca\/"},{"@type":"ListItem","position":2,"name":"Tienda","item":"https:\/\/rosanacl.com\/ca\/tienda\/"},{"@type":"ListItem","position":3,"name":"Sujetador Selene Roxana"}]},{"@type":"WebSite","@id":"https:\/\/rosanacl.com\/ca\/#website","url":"https:\/\/rosanacl.com\/ca\/","name":"Rosana CL","description":"Mi vagyunk a bels\u0151 \u00e9ned","potentialAction":[{"@type":"SearchAction","target":{"@type":"EntryPoint","urlTemplate":"https:\/\/rosanacl.com\/ca\/?s={search_term_string}"},"query-input":{"@type":"PropertyValueSpecification","valueRequired":true,"valueName":"search_term_string"}}],"inLanguage":"hu"}]}},"_links":{"self":[{"href":"https:\/\/rosanacl.com\/hu\/wp-json\/wp\/v2\/product\/3186","targetHints":{"allow":["GET"]}}],"collection":[{"href":"https:\/\/rosanacl.com\/hu\/wp-json\/wp\/v2\/product"}],"about":[{"href":"https:\/\/rosanacl.com\/hu\/wp-json\/wp\/v2\/types\/product"}],"replies":[{"embeddable":true,"href":"https:\/\/rosanacl.com\/hu\/wp-json\/wp\/v2\/comments?post=3186"}],"version-history":[{"count":5,"href":"https:\/\/rosanacl.com\/hu\/wp-json\/wp\/v2\/product\/3186\/revisions"}],"predecessor-version":[{"id":4596,"href":"https:\/\/rosanacl.com\/hu\/wp-json\/wp\/v2\/product\/3186\/revisions\/4596"}],"wp:featuredmedia":[{"embeddable":true,"href":"https:\/\/rosanacl.com\/hu\/wp-json\/wp\/v2\/media\/3243"}],"wp:attachment":[{"href":"https:\/\/rosanacl.com\/hu\/wp-json\/wp\/v2\/media?parent=3186"}],"wp:term":[{"taxonomy":"product_brand","embeddable":true,"href":"https:\/\/rosanacl.com\/hu\/wp-json\/wp\/v2\/product_brand?post=3186"},{"taxonomy":"product_cat","embeddable":true,"href":"https:\/\/rosanacl.com\/hu\/wp-json\/wp\/v2\/product_cat?post=3186"},{"taxonomy":"product_tag","embeddable":true,"href":"https:\/\/rosanacl.com\/hu\/wp-json\/wp\/v2\/product_tag?post=3186"}],"curies":[{"name":"wp","href":"https:\/\/api.w.org\/{rel}","templated":true}]}}