{"id":3327,"date":"2025-08-19T08:39:42","date_gmt":"2025-08-19T06:39:42","guid":{"rendered":"https:\/\/rosanacl.com\/?post_type=product&#038;p=3327"},"modified":"2026-01-07T18:30:47","modified_gmt":"2026-01-07T17:30:47","slug":"sujetador-modelo-noah","status":"publish","type":"product","link":"https:\/\/rosanacl.com\/hu\/termek\/sujetador-modelo-noah\/","title":{"rendered":"Selene Noah melltart\u00f3"},"content":{"rendered":"<p>A Noah melltart\u00f3 az a \u00absz\u00e1nd\u00e9kosan\u00bb kidolgozott alapdarab, ami feldobja az \u00f6lt\u00f6z\u00e9kedet: merev\u00edt\u0151s + push-up kos\u00e1r, jacquard bevonat \u00e9s csipke r\u00e9szletek, amelyek fiatalos, eleg\u00e1ns \u00e9s nagyon sokoldal\u00fa megjelen\u00e9st k\u00f6lcs\u00f6n\u00f6znek neki.<\/p>\n<p>\u00dagy tervezt\u00e9k, hogy gy\u00f6ny\u00f6r\u0171 \u00e9s term\u00e9szetes form\u00e1val kiemelje a kebleket, k\u00e9nyelmes tart\u00e1st \u00e9s illeszked\u00e9st biztos\u00edt, amely mind a mindennapi viselethez, mind pedig akkor j\u00f3, amikor k\u00f6nnyed\u00e9n szeretn\u00e9d a lehet\u0151 legjobban kin\u00e9zni.<\/p>\n<p>R\u00e9szletek, amikbe beleszeretsz<\/p>\n<ul>\n<li>Merev\u00edt\u0151s + push-up kos\u00e1r: finom kiemel\u00e9s \u00e9s szebb dekolt\u00e1zs, j\u00f3 tart\u00e1st biztos\u00edtva.<\/li>\n<li>Jacquard anyag csipk\u00e9vel: eleg\u00e1ns text\u00fara \u00e9s pr\u00e9mium kidolgoz\u00e1s.<\/li>\n<li>Csipke d\u00edsz\u00edt\u00e9ssel a h\u00e1t\u00e1n: n\u0151ies \u00e9s modern hat\u00e1s.<\/li>\n<li>T\u00f6k\u00e9letes szett: kombin\u00e1ld a Selene 3124 bikinials\u00f3val vagy a Selene 3125 tang\u00e1val, hogy teljes legyen a szett.<\/li>\n<\/ul>\n<p>\ud83d\udde3\ufe0f Tipp: A Noah melltart\u00f3 \u00abt\u00f6k\u00e9letes\u00bb dekolt\u00e1zst k\u00f6lcs\u00f6n\u00f6z a k\u00e9nyelem fel\u00e1ldoz\u00e1sa n\u00e9lk\u00fcl: a push-up fiatalos hat\u00e1st kelt, a jacquard pedig pr\u00e9miumabb tapint\u00e1s\u00fa, \u00edgy az eg\u00e9sz szett gy\u00f6ny\u00f6r\u0171en n\u00e9z ki att\u00f3l a pillanatt\u00f3l kezdve, hogy felveszed.<\/p>\n<p>\ud83d\udccf Megjegyz\u00e9s: V\u00e1s\u00e1rl\u00e1s el\u0151tt ellen\u0151rizd a kos\u00e1rm\u00e9retet: mivel push-up melltart\u00f3r\u00f3l van sz\u00f3, ha a m\u00e9retek k\u00f6z\u00f6tt vagy, vagy nem szereted az extra p\u00e1rn\u00e1zotts\u00e1g \u00e9rz\u00e9s\u00e9t, v\u00e1laszd a k\u00e9nyelmesebb opci\u00f3t (egy kos\u00e1rsz\u00e1mmal kisebbet) a term\u00e9szetes megjelen\u00e9s \u00e9rdek\u00e9ben. A p\u00e1ntnak mindig szorosan kell illeszkednie (felh\u00faz\u00e1s n\u00e9lk\u00fcl) a megfelel\u0151 tart\u00e1s \u00e9rdek\u00e9ben.<\/p>\n<p>\u00d6sszet\u00e9tel: 76% poliamid, 13% elaszt\u00e1n, 11% pamut.<\/p>\n<p>\ud83d\udc8e A melltart\u00f3, ami ott adja a &quot;WOW&quot;-t, ahol a legink\u00e1bb felt\u0171n\u0151: a dekolt\u00e1zsban.<\/p>\n<p>&nbsp;<\/p>\n<div id=\"v1ms-outlook-mobile-body-separator-line\" dir=\"auto\"><\/div>","protected":false},"excerpt":{"rendered":"<div style=\"position: relative; padding-bottom: 56.25%; height: 0; overflow: hidden; max-width: 100%;\"><iframe style=\"position: absolute; top: 0; left: 0; width: 100%; height: 100%;\" src=\"https:\/\/www.youtube.com\/embed\/glE84AF5iGo?autoplay=1&amp;mute=1&amp;playsinline=1&amp;rel=0&amp;controls=1&amp;loop=1&amp;playlist=glE84AF5iGo\" frameborder=\"0\" allowfullscreen=\"allowfullscreen\"><br \/>\n<\/iframe><\/div>","protected":false},"featured_media":3348,"comment_status":"closed","ping_status":"closed","template":"","meta":{"content-type":""},"product_brand":[55],"product_cat":[26,20],"product_tag":[56,61],"class_list":{"0":"post-3327","1":"product","2":"type-product","3":"status-publish","4":"has-post-thumbnail","6":"product_brand-selene","7":"product_cat-con-aros-y-relleno","8":"product_cat-sujetador","9":"product_tag-sujetador","10":"product_tag-sujetador-con-aros-y-relleno","12":"first","13":"instock","14":"taxable","15":"shipping-taxable","16":"purchasable","17":"product-type-variable"},"supplier_id":null,"supplier_sku":"","barcode":null,"atum_controlled":true,"out_stock_date":null,"out_stock_threshold":null,"inheritable":true,"inbound_stock":0,"stock_on_hold":0,"sold_today":0,"sales_last_days":0,"reserved_stock":0,"customer_returns":0,"warehouse_damage":0,"lost_in_post":0,"other_logs":0,"out_stock_days":null,"lost_sales":0,"has_location":false,"update_date":"2026-01-07T17:30:48","atum_locations":[],"atum_stock_status":"instock","restock_status":false,"low_stock_amount":"","sales_update_date":"2025-10-03T04:55:35","calc_backorders":null,"yoast_head":"<!-- This site is optimized with the Yoast SEO plugin v27.4 - https:\/\/yoast.com\/product\/yoast-seo-wordpress\/ -->\n<title>Sujetador Selene Noah - Rosana CL<\/title>\n<meta name=\"robots\" content=\"index, follow, max-snippet:-1, max-image-preview:large, max-video-preview:-1\" \/>\n<link rel=\"canonical\" href=\"https:\/\/rosanacl.com\/hu\/termek\/sujetador-modelo-noah\/\" \/>\n<meta property=\"og:locale\" content=\"hu_HU\" \/>\n<meta property=\"og:type\" content=\"article\" \/>\n<meta property=\"og:title\" content=\"Sujetador Selene Noah - Rosana CL\" \/>\n<meta property=\"og:url\" content=\"https:\/\/rosanacl.com\/hu\/termek\/sujetador-modelo-noah\/\" \/>\n<meta property=\"og:site_name\" content=\"Rosana CL\" \/>\n<meta property=\"article:modified_time\" content=\"2026-01-07T17:30:47+00:00\" \/>\n<meta property=\"og:image\" content=\"https:\/\/rosanacl.com\/wp-content\/uploads\/2025\/08\/1-2-e1756816366207-777x1024.png\" \/>\n\t<meta property=\"og:image:width\" content=\"777\" \/>\n\t<meta property=\"og:image:height\" content=\"1024\" \/>\n\t<meta property=\"og:image:type\" content=\"image\/png\" \/>\n<meta name=\"twitter:card\" content=\"summary_large_image\" \/>\n<meta name=\"twitter:label1\" content=\"Becs\u00fclt olvas\u00e1si id\u0151\" \/>\n\t<meta name=\"twitter:data1\" content=\"2 perc\" \/>\n<script type=\"application\/ld+json\" class=\"yoast-schema-graph\">{\"@context\":\"https:\\\/\\\/schema.org\",\"@graph\":[{\"@type\":\"WebPage\",\"@id\":\"https:\\\/\\\/rosanacl.com\\\/producto\\\/sujetador-modelo-noah\\\/\",\"url\":\"https:\\\/\\\/rosanacl.com\\\/producto\\\/sujetador-modelo-noah\\\/\",\"name\":\"Sujetador Selene Noah - Rosana CL\",\"isPartOf\":{\"@id\":\"https:\\\/\\\/rosanacl.com\\\/ca\\\/#website\"},\"primaryImageOfPage\":{\"@id\":\"https:\\\/\\\/rosanacl.com\\\/producto\\\/sujetador-modelo-noah\\\/#primaryimage\"},\"image\":{\"@id\":\"https:\\\/\\\/rosanacl.com\\\/producto\\\/sujetador-modelo-noah\\\/#primaryimage\"},\"thumbnailUrl\":\"https:\\\/\\\/rosanacl.com\\\/wp-content\\\/uploads\\\/2025\\\/08\\\/1-2-e1756816366207.png\",\"datePublished\":\"2025-08-19T06:39:42+00:00\",\"dateModified\":\"2026-01-07T17:30:47+00:00\",\"breadcrumb\":{\"@id\":\"https:\\\/\\\/rosanacl.com\\\/producto\\\/sujetador-modelo-noah\\\/#breadcrumb\"},\"inLanguage\":\"hu\",\"potentialAction\":[{\"@type\":\"ReadAction\",\"target\":[\"https:\\\/\\\/rosanacl.com\\\/producto\\\/sujetador-modelo-noah\\\/\"]}]},{\"@type\":\"ImageObject\",\"inLanguage\":\"hu\",\"@id\":\"https:\\\/\\\/rosanacl.com\\\/producto\\\/sujetador-modelo-noah\\\/#primaryimage\",\"url\":\"https:\\\/\\\/rosanacl.com\\\/wp-content\\\/uploads\\\/2025\\\/08\\\/1-2-e1756816366207.png\",\"contentUrl\":\"https:\\\/\\\/rosanacl.com\\\/wp-content\\\/uploads\\\/2025\\\/08\\\/1-2-e1756816366207.png\",\"width\":873,\"height\":1150},{\"@type\":\"BreadcrumbList\",\"@id\":\"https:\\\/\\\/rosanacl.com\\\/producto\\\/sujetador-modelo-noah\\\/#breadcrumb\",\"itemListElement\":[{\"@type\":\"ListItem\",\"position\":1,\"name\":\"Portada\",\"item\":\"https:\\\/\\\/rosanacl.com\\\/ca\\\/\"},{\"@type\":\"ListItem\",\"position\":2,\"name\":\"Tienda\",\"item\":\"https:\\\/\\\/rosanacl.com\\\/ca\\\/tienda\\\/\"},{\"@type\":\"ListItem\",\"position\":3,\"name\":\"Sujetador Selene Noah\"}]},{\"@type\":\"WebSite\",\"@id\":\"https:\\\/\\\/rosanacl.com\\\/ca\\\/#website\",\"url\":\"https:\\\/\\\/rosanacl.com\\\/ca\\\/\",\"name\":\"Rosana CL\",\"description\":\"Somos tu interior\",\"potentialAction\":[{\"@type\":\"SearchAction\",\"target\":{\"@type\":\"EntryPoint\",\"urlTemplate\":\"https:\\\/\\\/rosanacl.com\\\/ca\\\/?s={search_term_string}\"},\"query-input\":{\"@type\":\"PropertyValueSpecification\",\"valueRequired\":true,\"valueName\":\"search_term_string\"}}],\"inLanguage\":\"hu\"}]}<\/script>\n<!-- \/ Yoast SEO plugin. -->","yoast_head_json":{"title":"Sujetador Selene Noah - Rosana CL","robots":{"index":"index","follow":"follow","max-snippet":"max-snippet:-1","max-image-preview":"max-image-preview:large","max-video-preview":"max-video-preview:-1"},"canonical":"https:\/\/rosanacl.com\/hu\/termek\/sujetador-modelo-noah\/","og_locale":"hu_HU","og_type":"article","og_title":"Sujetador Selene Noah - Rosana CL","og_url":"https:\/\/rosanacl.com\/hu\/termek\/sujetador-modelo-noah\/","og_site_name":"Rosana CL","article_modified_time":"2026-01-07T17:30:47+00:00","og_image":[{"width":777,"height":1024,"url":"https:\/\/rosanacl.com\/wp-content\/uploads\/2025\/08\/1-2-e1756816366207-777x1024.png","type":"image\/png"}],"twitter_card":"summary_large_image","twitter_misc":{"Becs\u00fclt olvas\u00e1si id\u0151":"2 perc"},"schema":{"@context":"https:\/\/schema.org","@graph":[{"@type":"WebPage","@id":"https:\/\/rosanacl.com\/producto\/sujetador-modelo-noah\/","url":"https:\/\/rosanacl.com\/producto\/sujetador-modelo-noah\/","name":"Sujetador Selene Noah - Rosana CL","isPartOf":{"@id":"https:\/\/rosanacl.com\/ca\/#website"},"primaryImageOfPage":{"@id":"https:\/\/rosanacl.com\/producto\/sujetador-modelo-noah\/#primaryimage"},"image":{"@id":"https:\/\/rosanacl.com\/producto\/sujetador-modelo-noah\/#primaryimage"},"thumbnailUrl":"https:\/\/rosanacl.com\/wp-content\/uploads\/2025\/08\/1-2-e1756816366207.png","datePublished":"2025-08-19T06:39:42+00:00","dateModified":"2026-01-07T17:30:47+00:00","breadcrumb":{"@id":"https:\/\/rosanacl.com\/producto\/sujetador-modelo-noah\/#breadcrumb"},"inLanguage":"hu","potentialAction":[{"@type":"ReadAction","target":["https:\/\/rosanacl.com\/producto\/sujetador-modelo-noah\/"]}]},{"@type":"ImageObject","inLanguage":"hu","@id":"https:\/\/rosanacl.com\/producto\/sujetador-modelo-noah\/#primaryimage","url":"https:\/\/rosanacl.com\/wp-content\/uploads\/2025\/08\/1-2-e1756816366207.png","contentUrl":"https:\/\/rosanacl.com\/wp-content\/uploads\/2025\/08\/1-2-e1756816366207.png","width":873,"height":1150},{"@type":"BreadcrumbList","@id":"https:\/\/rosanacl.com\/producto\/sujetador-modelo-noah\/#breadcrumb","itemListElement":[{"@type":"ListItem","position":1,"name":"Portada","item":"https:\/\/rosanacl.com\/ca\/"},{"@type":"ListItem","position":2,"name":"Tienda","item":"https:\/\/rosanacl.com\/ca\/tienda\/"},{"@type":"ListItem","position":3,"name":"Sujetador Selene Noah"}]},{"@type":"WebSite","@id":"https:\/\/rosanacl.com\/ca\/#website","url":"https:\/\/rosanacl.com\/ca\/","name":"Rosana CL","description":"Mi vagyunk a bels\u0151 \u00e9ned","potentialAction":[{"@type":"SearchAction","target":{"@type":"EntryPoint","urlTemplate":"https:\/\/rosanacl.com\/ca\/?s={search_term_string}"},"query-input":{"@type":"PropertyValueSpecification","valueRequired":true,"valueName":"search_term_string"}}],"inLanguage":"hu"}]}},"_links":{"self":[{"href":"https:\/\/rosanacl.com\/hu\/wp-json\/wp\/v2\/product\/3327","targetHints":{"allow":["GET"]}}],"collection":[{"href":"https:\/\/rosanacl.com\/hu\/wp-json\/wp\/v2\/product"}],"about":[{"href":"https:\/\/rosanacl.com\/hu\/wp-json\/wp\/v2\/types\/product"}],"replies":[{"embeddable":true,"href":"https:\/\/rosanacl.com\/hu\/wp-json\/wp\/v2\/comments?post=3327"}],"version-history":[{"count":5,"href":"https:\/\/rosanacl.com\/hu\/wp-json\/wp\/v2\/product\/3327\/revisions"}],"predecessor-version":[{"id":4594,"href":"https:\/\/rosanacl.com\/hu\/wp-json\/wp\/v2\/product\/3327\/revisions\/4594"}],"wp:featuredmedia":[{"embeddable":true,"href":"https:\/\/rosanacl.com\/hu\/wp-json\/wp\/v2\/media\/3348"}],"wp:attachment":[{"href":"https:\/\/rosanacl.com\/hu\/wp-json\/wp\/v2\/media?parent=3327"}],"wp:term":[{"taxonomy":"product_brand","embeddable":true,"href":"https:\/\/rosanacl.com\/hu\/wp-json\/wp\/v2\/product_brand?post=3327"},{"taxonomy":"product_cat","embeddable":true,"href":"https:\/\/rosanacl.com\/hu\/wp-json\/wp\/v2\/product_cat?post=3327"},{"taxonomy":"product_tag","embeddable":true,"href":"https:\/\/rosanacl.com\/hu\/wp-json\/wp\/v2\/product_tag?post=3327"}],"curies":[{"name":"wp","href":"https:\/\/api.w.org\/{rel}","templated":true}]}}