{"id":3353,"date":"2025-08-19T08:46:54","date_gmt":"2025-08-19T06:46:54","guid":{"rendered":"https:\/\/rosanacl.com\/?post_type=product&#038;p=3353"},"modified":"2026-01-08T03:15:40","modified_gmt":"2026-01-08T02:15:40","slug":"sujetador-modelo-katia","status":"publish","type":"product","link":"https:\/\/rosanacl.com\/hu\/termek\/sujetador-modelo-katia\/","title":{"rendered":"Selene Katia Bra"},"content":{"rendered":"<p>A Selene Katia egy fiatalos \u00e9s kifinomult melltart\u00f3, melyet gy\u00f6ny\u00f6r\u0171 nyakkiv\u00e1g\u00e1ssal \u00e9s b\u00e1jos szab\u00e1ssal terveztek, hogy kiemelje a kebleket. A puha mikrosz\u00e1las anyagot t\u00fcll r\u00e9szletekkel \u00f6tv\u00f6zi, \u00edgy eleg\u00e1ns \u00e9s el\u0151ny\u00f6s megjelen\u00e9st k\u00f6lcs\u00f6n\u00f6z a k\u00e9nyelem fel\u00e1ldoz\u00e1sa n\u00e9lk\u00fcl.<\/p>\n<p>Tov\u00e1bb\u00e1, a kialak\u00edt\u00e1sa kiemelkedik a h\u00e1toldalon tal\u00e1lhat\u00f3 dupla t\u00fcllr\u00e9teggel, amely extra tart\u00e1st biztos\u00edt, \u00e9s seg\u00edt vizu\u00e1lisan elrejteni az oldals\u00f3 apr\u00f3 egyenetlens\u00e9geket, \u00edgy finomabb \u00e9s kifinomultabb fel\u00fcletet biztos\u00edt a ruh\u00e1zat alatt.<\/p>\n<p>F\u0151bb pontok<\/p>\n<ul>\n<li>Merev\u00edt\u0151s + p\u00e1rn\u00e1zott kos\u00e1r m\u00e9lyen dekolt\u00e1zzsal: term\u00e9szetes hangs\u00faly \u00e9s nagyon vonz\u00f3 dekolt\u00e1zs.<\/li>\n<li>K\u00e9tr\u00e9teg\u0171 t\u00fcll h\u00e1tr\u00e9sz: extra tart\u00e1s \u00e9s \u00e1ramvonalasabb hat\u00e1s.<\/li>\n<li>K\u00e9nyelmes mikrosz\u00e1las anyag: puha tapint\u00e1s\u00fa, ide\u00e1lis t\u00f6bb \u00f3r\u00e1s viseletre.<\/li>\n<li>\u00d6sszeill\u0151 szett: kombin\u00e1ld a Katia Selene vagy a Roxana Selene als\u00f3nadr\u00e1ggal a megjelen\u00e9s teljess\u00e9 t\u00e9tel\u00e9hez.<\/li>\n<\/ul>\n<p>\ud83d\udde3\ufe0f Tipp: A Selene Kati\u00e1n\u00e1l a \u00abpr\u00e9mium\u00bb min\u0151s\u00e9g mindenhol megmutatkozik: az el\u00fcls\u0151 r\u00e9sz gy\u00f6ny\u00f6r\u0171 \u00e9s el\u0151ny\u00f6s nyakkiv\u00e1g\u00e1st biztos\u00edt, a h\u00e1tulja pedig dupla t\u00fcllb\u0151l k\u00e9sz\u00fclt a kifinomultabb hat\u00e1s \u00e9rdek\u00e9ben, amely megt\u00e1maszt \u00e9s stiliz\u00e1l an\u00e9lk\u00fcl, hogy a ruha alatt \u00abneh\u00e9znek\u00bb t\u0171nne.<\/p>\n<p>\ud83d\udccf Megjegyz\u00e9s: V\u00e1s\u00e1rl\u00e1s el\u0151tt fontos szempont a p\u00e1nt illeszked\u00e9se: kem\u00e9nynek \u00e9s k\u00e9nyelmesnek kell lennie (an\u00e9lk\u00fcl, hogy felcs\u00faszna a h\u00e1tadra). Ha a p\u00e1nt t\u00f6k\u00e9letesen illeszkedik, de \u00fagy \u00e9rzed, hogy a kosara &quot;pont j\u00f3&quot;, vagy a melleid mozg\u00e1s k\u00f6zben kicsit kil\u00f3gnak, akkor menj egy kosarassal feljebb; ha t\u00fal laza, menj egy kosarassal lejjebb, mik\u00f6zben a p\u00e1ntot megtartod.<\/p>\n<p>\u00d6sszet\u00e9tel: Rugalmas mikrosz\u00e1las anyag t\u00fcll r\u00e9szletekkel. 53% poli\u00e9szter \u00b7 33% poliamid \u00b7 14% elaszt\u00e1n<\/p>\n<p>\ud83e\udee6 Kifinomult, k\u00e9nyelmes \u00e9s vesz\u00e9lyesen el\u0151ny\u00f6s.<\/p>\n<div id=\"v1ms-outlook-mobile-body-separator-line\" dir=\"auto\"><\/div>","protected":false},"excerpt":{"rendered":"<div style=\"position: relative; padding-bottom: 56.25%; height: 0; overflow: hidden; max-width: 100%;\"><iframe style=\"position: absolute; top: 0; left: 0; width: 100%; height: 100%;\" src=\"https:\/\/www.youtube.com\/embed\/7AuznBKBTI8?autoplay=1&amp;mute=1&amp;playsinline=1&amp;rel=0&amp;controls=1&amp;loop=1&amp;playlist=7AuznBKBTI8\" frameborder=\"0\" allowfullscreen=\"allowfullscreen\"><br \/>\n<\/iframe><\/div>","protected":false},"featured_media":3374,"comment_status":"closed","ping_status":"closed","template":"","meta":{"content-type":""},"product_brand":[55],"product_cat":[26,20],"product_tag":[56,62],"class_list":{"0":"post-3353","1":"product","2":"type-product","3":"status-publish","4":"has-post-thumbnail","6":"product_brand-selene","7":"product_cat-con-aros-y-relleno","8":"product_cat-sujetador","9":"product_tag-sujetador","10":"product_tag-sujetador-con-aros-y-rellenos","12":"first","13":"instock","14":"taxable","15":"shipping-taxable","16":"purchasable","17":"product-type-variable"},"supplier_id":null,"supplier_sku":"","barcode":null,"atum_controlled":true,"out_stock_date":null,"out_stock_threshold":null,"inheritable":true,"inbound_stock":0,"stock_on_hold":0,"sold_today":0,"sales_last_days":0,"reserved_stock":0,"customer_returns":0,"warehouse_damage":0,"lost_in_post":0,"other_logs":0,"out_stock_days":null,"lost_sales":0,"has_location":false,"update_date":"2026-01-26T08:12:35","atum_locations":[],"atum_stock_status":"instock","restock_status":false,"low_stock_amount":"","sales_update_date":"2025-10-03T04:55:34","calc_backorders":null,"yoast_head":"<!-- This site is optimized with the Yoast SEO plugin v27.4 - https:\/\/yoast.com\/product\/yoast-seo-wordpress\/ -->\n<title>Sujetador Selene Katia - Rosana CL<\/title>\n<meta name=\"robots\" content=\"index, follow, max-snippet:-1, max-image-preview:large, max-video-preview:-1\" \/>\n<link rel=\"canonical\" href=\"https:\/\/rosanacl.com\/hu\/termek\/sujetador-modelo-katia\/\" \/>\n<meta property=\"og:locale\" content=\"hu_HU\" \/>\n<meta property=\"og:type\" content=\"article\" \/>\n<meta property=\"og:title\" content=\"Sujetador Selene Katia - Rosana CL\" \/>\n<meta property=\"og:url\" content=\"https:\/\/rosanacl.com\/hu\/termek\/sujetador-modelo-katia\/\" \/>\n<meta property=\"og:site_name\" content=\"Rosana CL\" \/>\n<meta property=\"article:modified_time\" content=\"2026-01-08T02:15:40+00:00\" \/>\n<meta property=\"og:image\" content=\"https:\/\/rosanacl.com\/wp-content\/uploads\/2025\/08\/1-3-1024x1024.png\" \/>\n\t<meta property=\"og:image:width\" content=\"1024\" \/>\n\t<meta property=\"og:image:height\" content=\"1024\" \/>\n\t<meta property=\"og:image:type\" content=\"image\/png\" \/>\n<meta name=\"twitter:card\" content=\"summary_large_image\" \/>\n<meta name=\"twitter:label1\" content=\"Becs\u00fclt olvas\u00e1si id\u0151\" \/>\n\t<meta name=\"twitter:data1\" content=\"2 perc\" \/>\n<script type=\"application\/ld+json\" class=\"yoast-schema-graph\">{\"@context\":\"https:\\\/\\\/schema.org\",\"@graph\":[{\"@type\":\"WebPage\",\"@id\":\"https:\\\/\\\/rosanacl.com\\\/producto\\\/sujetador-modelo-katia\\\/\",\"url\":\"https:\\\/\\\/rosanacl.com\\\/producto\\\/sujetador-modelo-katia\\\/\",\"name\":\"Sujetador Selene Katia - Rosana CL\",\"isPartOf\":{\"@id\":\"https:\\\/\\\/rosanacl.com\\\/ca\\\/#website\"},\"primaryImageOfPage\":{\"@id\":\"https:\\\/\\\/rosanacl.com\\\/producto\\\/sujetador-modelo-katia\\\/#primaryimage\"},\"image\":{\"@id\":\"https:\\\/\\\/rosanacl.com\\\/producto\\\/sujetador-modelo-katia\\\/#primaryimage\"},\"thumbnailUrl\":\"https:\\\/\\\/rosanacl.com\\\/wp-content\\\/uploads\\\/2025\\\/08\\\/1-3.png\",\"datePublished\":\"2025-08-19T06:46:54+00:00\",\"dateModified\":\"2026-01-08T02:15:40+00:00\",\"breadcrumb\":{\"@id\":\"https:\\\/\\\/rosanacl.com\\\/producto\\\/sujetador-modelo-katia\\\/#breadcrumb\"},\"inLanguage\":\"hu\",\"potentialAction\":[{\"@type\":\"ReadAction\",\"target\":[\"https:\\\/\\\/rosanacl.com\\\/producto\\\/sujetador-modelo-katia\\\/\"]}]},{\"@type\":\"ImageObject\",\"inLanguage\":\"hu\",\"@id\":\"https:\\\/\\\/rosanacl.com\\\/producto\\\/sujetador-modelo-katia\\\/#primaryimage\",\"url\":\"https:\\\/\\\/rosanacl.com\\\/wp-content\\\/uploads\\\/2025\\\/08\\\/1-3.png\",\"contentUrl\":\"https:\\\/\\\/rosanacl.com\\\/wp-content\\\/uploads\\\/2025\\\/08\\\/1-3.png\",\"width\":1333,\"height\":1333},{\"@type\":\"BreadcrumbList\",\"@id\":\"https:\\\/\\\/rosanacl.com\\\/producto\\\/sujetador-modelo-katia\\\/#breadcrumb\",\"itemListElement\":[{\"@type\":\"ListItem\",\"position\":1,\"name\":\"Portada\",\"item\":\"https:\\\/\\\/rosanacl.com\\\/ca\\\/\"},{\"@type\":\"ListItem\",\"position\":2,\"name\":\"Tienda\",\"item\":\"https:\\\/\\\/rosanacl.com\\\/ca\\\/tienda\\\/\"},{\"@type\":\"ListItem\",\"position\":3,\"name\":\"Sujetador Selene Katia\"}]},{\"@type\":\"WebSite\",\"@id\":\"https:\\\/\\\/rosanacl.com\\\/ca\\\/#website\",\"url\":\"https:\\\/\\\/rosanacl.com\\\/ca\\\/\",\"name\":\"Rosana CL\",\"description\":\"Somos tu interior\",\"potentialAction\":[{\"@type\":\"SearchAction\",\"target\":{\"@type\":\"EntryPoint\",\"urlTemplate\":\"https:\\\/\\\/rosanacl.com\\\/ca\\\/?s={search_term_string}\"},\"query-input\":{\"@type\":\"PropertyValueSpecification\",\"valueRequired\":true,\"valueName\":\"search_term_string\"}}],\"inLanguage\":\"hu\"}]}<\/script>\n<!-- \/ Yoast SEO plugin. -->","yoast_head_json":{"title":"Sujetador Selene Katia - Rosana CL","robots":{"index":"index","follow":"follow","max-snippet":"max-snippet:-1","max-image-preview":"max-image-preview:large","max-video-preview":"max-video-preview:-1"},"canonical":"https:\/\/rosanacl.com\/hu\/termek\/sujetador-modelo-katia\/","og_locale":"hu_HU","og_type":"article","og_title":"Sujetador Selene Katia - Rosana CL","og_url":"https:\/\/rosanacl.com\/hu\/termek\/sujetador-modelo-katia\/","og_site_name":"Rosana CL","article_modified_time":"2026-01-08T02:15:40+00:00","og_image":[{"width":1024,"height":1024,"url":"https:\/\/rosanacl.com\/wp-content\/uploads\/2025\/08\/1-3-1024x1024.png","type":"image\/png"}],"twitter_card":"summary_large_image","twitter_misc":{"Becs\u00fclt olvas\u00e1si id\u0151":"2 perc"},"schema":{"@context":"https:\/\/schema.org","@graph":[{"@type":"WebPage","@id":"https:\/\/rosanacl.com\/producto\/sujetador-modelo-katia\/","url":"https:\/\/rosanacl.com\/producto\/sujetador-modelo-katia\/","name":"Sujetador Selene Katia - Rosana CL","isPartOf":{"@id":"https:\/\/rosanacl.com\/ca\/#website"},"primaryImageOfPage":{"@id":"https:\/\/rosanacl.com\/producto\/sujetador-modelo-katia\/#primaryimage"},"image":{"@id":"https:\/\/rosanacl.com\/producto\/sujetador-modelo-katia\/#primaryimage"},"thumbnailUrl":"https:\/\/rosanacl.com\/wp-content\/uploads\/2025\/08\/1-3.png","datePublished":"2025-08-19T06:46:54+00:00","dateModified":"2026-01-08T02:15:40+00:00","breadcrumb":{"@id":"https:\/\/rosanacl.com\/producto\/sujetador-modelo-katia\/#breadcrumb"},"inLanguage":"hu","potentialAction":[{"@type":"ReadAction","target":["https:\/\/rosanacl.com\/producto\/sujetador-modelo-katia\/"]}]},{"@type":"ImageObject","inLanguage":"hu","@id":"https:\/\/rosanacl.com\/producto\/sujetador-modelo-katia\/#primaryimage","url":"https:\/\/rosanacl.com\/wp-content\/uploads\/2025\/08\/1-3.png","contentUrl":"https:\/\/rosanacl.com\/wp-content\/uploads\/2025\/08\/1-3.png","width":1333,"height":1333},{"@type":"BreadcrumbList","@id":"https:\/\/rosanacl.com\/producto\/sujetador-modelo-katia\/#breadcrumb","itemListElement":[{"@type":"ListItem","position":1,"name":"Portada","item":"https:\/\/rosanacl.com\/ca\/"},{"@type":"ListItem","position":2,"name":"Tienda","item":"https:\/\/rosanacl.com\/ca\/tienda\/"},{"@type":"ListItem","position":3,"name":"Sujetador Selene Katia"}]},{"@type":"WebSite","@id":"https:\/\/rosanacl.com\/ca\/#website","url":"https:\/\/rosanacl.com\/ca\/","name":"Rosana CL","description":"Mi vagyunk a bels\u0151 \u00e9ned","potentialAction":[{"@type":"SearchAction","target":{"@type":"EntryPoint","urlTemplate":"https:\/\/rosanacl.com\/ca\/?s={search_term_string}"},"query-input":{"@type":"PropertyValueSpecification","valueRequired":true,"valueName":"search_term_string"}}],"inLanguage":"hu"}]}},"_links":{"self":[{"href":"https:\/\/rosanacl.com\/hu\/wp-json\/wp\/v2\/product\/3353","targetHints":{"allow":["GET"]}}],"collection":[{"href":"https:\/\/rosanacl.com\/hu\/wp-json\/wp\/v2\/product"}],"about":[{"href":"https:\/\/rosanacl.com\/hu\/wp-json\/wp\/v2\/types\/product"}],"replies":[{"embeddable":true,"href":"https:\/\/rosanacl.com\/hu\/wp-json\/wp\/v2\/comments?post=3353"}],"version-history":[{"count":5,"href":"https:\/\/rosanacl.com\/hu\/wp-json\/wp\/v2\/product\/3353\/revisions"}],"predecessor-version":[{"id":4641,"href":"https:\/\/rosanacl.com\/hu\/wp-json\/wp\/v2\/product\/3353\/revisions\/4641"}],"wp:featuredmedia":[{"embeddable":true,"href":"https:\/\/rosanacl.com\/hu\/wp-json\/wp\/v2\/media\/3374"}],"wp:attachment":[{"href":"https:\/\/rosanacl.com\/hu\/wp-json\/wp\/v2\/media?parent=3353"}],"wp:term":[{"taxonomy":"product_brand","embeddable":true,"href":"https:\/\/rosanacl.com\/hu\/wp-json\/wp\/v2\/product_brand?post=3353"},{"taxonomy":"product_cat","embeddable":true,"href":"https:\/\/rosanacl.com\/hu\/wp-json\/wp\/v2\/product_cat?post=3353"},{"taxonomy":"product_tag","embeddable":true,"href":"https:\/\/rosanacl.com\/hu\/wp-json\/wp\/v2\/product_tag?post=3353"}],"curies":[{"name":"wp","href":"https:\/\/api.w.org\/{rel}","templated":true}]}}