{"id":3378,"date":"2025-08-19T08:56:35","date_gmt":"2025-08-19T06:56:35","guid":{"rendered":"https:\/\/rosanacl.com\/?post_type=product&#038;p=3378"},"modified":"2026-01-08T03:13:46","modified_gmt":"2026-01-08T02:13:46","slug":"sujetador-modelo-natalia","status":"publish","type":"product","link":"https:\/\/rosanacl.com\/hu\/termek\/sujetador-modelo-natalia\/","title":{"rendered":"Selene Natalia Bra"},"content":{"rendered":"<p>A Selene Natalia melltart\u00f3 egy n\u00e9lk\u00fcl\u00f6zhetetlen alapdarab, puha mikrosz\u00e1las anyagb\u00f3l, merev\u00edt\u0151vel \u00e9s push-up kosarakkal, amely term\u00e9szetes m\u00f3don hangs\u00falyozza a kebleket \u00e9s gy\u00f6ny\u00f6r\u0171, lekerek\u00edtett dekolt\u00e1zst hoz l\u00e9tre a k\u00e9nyelem fel\u00e1ldoz\u00e1sa n\u00e9lk\u00fcl. Ez az a melltart\u00f3, amelyet minden nap viselsz, \u00e9s amely az els\u0151 pillanatt\u00f3l kezdve nagyobb tart\u00e1st, \u00e1ramvonalass\u00e1got \u00e9s magabiztoss\u00e1got biztos\u00edt.<\/p>\n<p>Mikrosz\u00e1las anyaga puha tapint\u00e1s\u00fa \u00e9s sz\u00e9pen alkalmazkodik a testhez, m\u00edg a merev\u00edt\u0151 merev\u00edt\u0151 stabil tart\u00e1st biztos\u00edt. A push-up kos\u00e1r seg\u00edt megemelni \u00e9s k\u00f6z\u00e9pre igaz\u00edtani a melltart\u00f3t, \u00edgy ide\u00e1lis, ha p\u00f3l\u00f3kkal, bl\u00fazokkal vagy ruh\u00e1kkal szeretn\u00e9l el\u0151ny\u00f6sebb hat\u00e1st el\u00e9rni.<\/p>\n<p>Tov\u00e1bb\u00e1, mivel t\u00f6bb poz\u00edci\u00f3ban \u00e1ll\u00edthat\u00f3 melltart\u00f3r\u00f3l van sz\u00f3, a p\u00e1ntokat a ruh\u00e1zat t\u00edpus\u00e1hoz \u00e9s a nyakkiv\u00e1g\u00e1shoz igaz\u00edthatod. A melltart\u00f3hoz tartozik egy sz\u00f6vetp\u00e1nt is, amely t\u00f6k\u00e9letesen illeszti a st\u00edlust \u00e9s a tart\u00e1st a mindennapi ig\u00e9nyekhez.<\/p>\n<p>F\u0151bb r\u00e9szletek<\/p>\n<ul>\n<li>Puha \u00e9s k\u00e9nyelmes mikrosz\u00e1las anyag mindennapi haszn\u00e1latra.<\/li>\n<li>Gy\u0171r\u0171kkel: szil\u00e1rd \u00e9s stabil tart\u00e1s.<\/li>\n<li>Push-up kos\u00e1r: kiemel\u00e9s \u00e9s lekerek\u00edtett nyakkiv\u00e1g\u00e1s.<\/li>\n<li>T\u00f6bb poz\u00edci\u00f3ban \u00e1ll\u00edthat\u00f3: alkalmazkodik a k\u00fcl\u00f6nb\u00f6z\u0151 ruhadarabokhoz \u00e9s nyakkiv\u00e1g\u00e1sokhoz.<\/li>\n<li>Textil nadr\u00e1gtart\u00f3 k\u00e9szletet tartalmaz.<\/li>\n<\/ul>\n<p>\ud83d\udde3\ufe0f Tipp: A Natalian\u00e1l a var\u00e1zslat a &quot;sz\u00e9p push-up&quot; + t\u00f6bbpoz\u00edci\u00f3s kialak\u00edt\u00e1sban rejlik: a mikrosz\u00e1las anyag puh\u00e1n alkalmazkodik, a merev\u00edt\u0151k igaz\u00e1n tartanak, a p\u00e1ntok nyakkiv\u00e1g\u00e1s szerinti v\u00e1ltoztat\u00e1s\u00e1val pedig k\u00f6z\u00e9pre igaz\u00edtott \u00e9s lekerek\u00edtett hat\u00e1st \u00e9rhetsz el a k\u00e9nyelem fel\u00e1ldoz\u00e1sa n\u00e9lk\u00fcl.<\/p>\n<p>\ud83d\udccf Megjegyz\u00e9s: V\u00e1s\u00e1rl\u00e1s el\u0151tt gondold \u00e1t, milyen eredm\u00e9nyt szeretn\u00e9l: ha hangs\u00falyosabb \u00e9s jobban megt\u00e1masztott melltart\u00f3t szeretn\u00e9l, v\u00e1laszd a szok\u00e1sos m\u00e9reted; ha k\u00e9t m\u00e9ret k\u00f6z\u00f6tt vagy, vagy a puh\u00e1bb kos\u00e1rsz\u00e9lt r\u00e9szes\u00edted el\u0151nyben (an\u00e9lk\u00fcl, hogy szor\u00edtan\u00e1l vagy \u00abdupla mellet\u00bb csin\u00e1ln\u00e1l), v\u00e1lassz egyel nagyobb kos\u00e1rm\u00e9retet (vagy a k\u00f6vetkez\u0151 sz\u00e1mmal nagyobbat, ha a p\u00e1nt m\u00e1r eleve sz\u0171k).<\/p>\n<p>\u00d6sszet\u00e9tel: 55% poliamid \u00b7 38% poli\u00e9szter \u00b7 7% elaszt\u00e1n<\/p>\n<p>\ud83c\udf80 Ez a gy\u00f6ny\u00f6r\u0171 nyakkiv\u00e1g\u00e1s nem v\u00e9letlen: Natalia az.<\/p>\n<div id=\"v1ms-outlook-mobile-body-separator-line\" dir=\"auto\"><\/div>","protected":false},"excerpt":{"rendered":"<p>El Sujetador Selene Natalia es un b\u00e1sico imprescindible de microfibra suave con aros y copa push-up, pensado para realzar el pecho de forma natural y conseguir un escote bonito y redondeado sin perder comodidad. Es ese sujetador que te pones a diario y te deja la sensaci\u00f3n de ir m\u00e1s recogida, m\u00e1s estilizada y m\u00e1s [&hellip;]<\/p>\n","protected":false},"featured_media":3394,"comment_status":"closed","ping_status":"closed","template":"","meta":{"content-type":""},"product_brand":[55],"product_cat":[29,20],"product_tag":[56,65],"class_list":{"0":"post-3378","1":"product","2":"type-product","3":"status-publish","4":"has-post-thumbnail","6":"product_brand-selene","7":"product_cat-push-up","8":"product_cat-sujetador","9":"product_tag-sujetador","10":"product_tag-sujetador-push-up","12":"first","13":"instock","14":"taxable","15":"shipping-taxable","16":"purchasable","17":"product-type-variable"},"supplier_id":null,"supplier_sku":"","barcode":null,"atum_controlled":true,"out_stock_date":null,"out_stock_threshold":null,"inheritable":true,"inbound_stock":0,"stock_on_hold":0,"sold_today":null,"sales_last_days":null,"reserved_stock":0,"customer_returns":0,"warehouse_damage":0,"lost_in_post":0,"other_logs":0,"out_stock_days":null,"lost_sales":null,"has_location":false,"update_date":"2026-01-08T02:13:47","atum_locations":[],"atum_stock_status":"instock","restock_status":false,"low_stock_amount":"","sales_update_date":"2025-10-03T04:55:34","calc_backorders":null,"yoast_head":"<!-- This site is optimized with the Yoast SEO plugin v27.4 - https:\/\/yoast.com\/product\/yoast-seo-wordpress\/ -->\n<title>Sujetador Selene Natalia - Rosana CL<\/title>\n<meta name=\"robots\" content=\"index, follow, max-snippet:-1, max-image-preview:large, max-video-preview:-1\" \/>\n<link rel=\"canonical\" href=\"https:\/\/rosanacl.com\/hu\/termek\/sujetador-modelo-natalia\/\" \/>\n<meta property=\"og:locale\" content=\"hu_HU\" \/>\n<meta property=\"og:type\" content=\"article\" \/>\n<meta property=\"og:title\" content=\"Sujetador Selene Natalia - Rosana CL\" \/>\n<meta property=\"og:description\" content=\"El Sujetador Selene Natalia es un b\u00e1sico imprescindible de microfibra suave con aros y copa push-up, pensado para realzar el pecho de forma natural y conseguir un escote bonito y redondeado sin perder comodidad. Es ese sujetador que te pones a diario y te deja la sensaci\u00f3n de ir m\u00e1s recogida, m\u00e1s estilizada y m\u00e1s [&hellip;]\" \/>\n<meta property=\"og:url\" content=\"https:\/\/rosanacl.com\/hu\/termek\/sujetador-modelo-natalia\/\" \/>\n<meta property=\"og:site_name\" content=\"Rosana CL\" \/>\n<meta property=\"article:modified_time\" content=\"2026-01-08T02:13:46+00:00\" \/>\n<meta property=\"og:image\" content=\"https:\/\/rosanacl.com\/wp-content\/uploads\/2025\/08\/1-4-671x1024.png\" \/>\n\t<meta property=\"og:image:width\" content=\"671\" \/>\n\t<meta property=\"og:image:height\" content=\"1024\" \/>\n\t<meta property=\"og:image:type\" content=\"image\/png\" \/>\n<meta name=\"twitter:card\" content=\"summary_large_image\" \/>\n<meta name=\"twitter:label1\" content=\"Becs\u00fclt olvas\u00e1si id\u0151\" \/>\n\t<meta name=\"twitter:data1\" content=\"2 perc\" \/>\n<script type=\"application\/ld+json\" class=\"yoast-schema-graph\">{\"@context\":\"https:\\\/\\\/schema.org\",\"@graph\":[{\"@type\":\"WebPage\",\"@id\":\"https:\\\/\\\/rosanacl.com\\\/producto\\\/sujetador-modelo-natalia\\\/\",\"url\":\"https:\\\/\\\/rosanacl.com\\\/producto\\\/sujetador-modelo-natalia\\\/\",\"name\":\"Sujetador Selene Natalia - Rosana CL\",\"isPartOf\":{\"@id\":\"https:\\\/\\\/rosanacl.com\\\/ca\\\/#website\"},\"primaryImageOfPage\":{\"@id\":\"https:\\\/\\\/rosanacl.com\\\/producto\\\/sujetador-modelo-natalia\\\/#primaryimage\"},\"image\":{\"@id\":\"https:\\\/\\\/rosanacl.com\\\/producto\\\/sujetador-modelo-natalia\\\/#primaryimage\"},\"thumbnailUrl\":\"https:\\\/\\\/rosanacl.com\\\/wp-content\\\/uploads\\\/2025\\\/08\\\/1-4.png\",\"datePublished\":\"2025-08-19T06:56:35+00:00\",\"dateModified\":\"2026-01-08T02:13:46+00:00\",\"breadcrumb\":{\"@id\":\"https:\\\/\\\/rosanacl.com\\\/producto\\\/sujetador-modelo-natalia\\\/#breadcrumb\"},\"inLanguage\":\"hu\",\"potentialAction\":[{\"@type\":\"ReadAction\",\"target\":[\"https:\\\/\\\/rosanacl.com\\\/producto\\\/sujetador-modelo-natalia\\\/\"]}]},{\"@type\":\"ImageObject\",\"inLanguage\":\"hu\",\"@id\":\"https:\\\/\\\/rosanacl.com\\\/producto\\\/sujetador-modelo-natalia\\\/#primaryimage\",\"url\":\"https:\\\/\\\/rosanacl.com\\\/wp-content\\\/uploads\\\/2025\\\/08\\\/1-4.png\",\"contentUrl\":\"https:\\\/\\\/rosanacl.com\\\/wp-content\\\/uploads\\\/2025\\\/08\\\/1-4.png\",\"width\":873,\"height\":1333},{\"@type\":\"BreadcrumbList\",\"@id\":\"https:\\\/\\\/rosanacl.com\\\/producto\\\/sujetador-modelo-natalia\\\/#breadcrumb\",\"itemListElement\":[{\"@type\":\"ListItem\",\"position\":1,\"name\":\"Portada\",\"item\":\"https:\\\/\\\/rosanacl.com\\\/ca\\\/\"},{\"@type\":\"ListItem\",\"position\":2,\"name\":\"Tienda\",\"item\":\"https:\\\/\\\/rosanacl.com\\\/ca\\\/tienda\\\/\"},{\"@type\":\"ListItem\",\"position\":3,\"name\":\"Sujetador Selene Natalia\"}]},{\"@type\":\"WebSite\",\"@id\":\"https:\\\/\\\/rosanacl.com\\\/ca\\\/#website\",\"url\":\"https:\\\/\\\/rosanacl.com\\\/ca\\\/\",\"name\":\"Rosana CL\",\"description\":\"Somos tu interior\",\"potentialAction\":[{\"@type\":\"SearchAction\",\"target\":{\"@type\":\"EntryPoint\",\"urlTemplate\":\"https:\\\/\\\/rosanacl.com\\\/ca\\\/?s={search_term_string}\"},\"query-input\":{\"@type\":\"PropertyValueSpecification\",\"valueRequired\":true,\"valueName\":\"search_term_string\"}}],\"inLanguage\":\"hu\"}]}<\/script>\n<!-- \/ Yoast SEO plugin. -->","yoast_head_json":{"title":"Sujetador Selene Natalia - Rosana CL","robots":{"index":"index","follow":"follow","max-snippet":"max-snippet:-1","max-image-preview":"max-image-preview:large","max-video-preview":"max-video-preview:-1"},"canonical":"https:\/\/rosanacl.com\/hu\/termek\/sujetador-modelo-natalia\/","og_locale":"hu_HU","og_type":"article","og_title":"Sujetador Selene Natalia - Rosana CL","og_description":"El Sujetador Selene Natalia es un b\u00e1sico imprescindible de microfibra suave con aros y copa push-up, pensado para realzar el pecho de forma natural y conseguir un escote bonito y redondeado sin perder comodidad. Es ese sujetador que te pones a diario y te deja la sensaci\u00f3n de ir m\u00e1s recogida, m\u00e1s estilizada y m\u00e1s [&hellip;]","og_url":"https:\/\/rosanacl.com\/hu\/termek\/sujetador-modelo-natalia\/","og_site_name":"Rosana CL","article_modified_time":"2026-01-08T02:13:46+00:00","og_image":[{"width":671,"height":1024,"url":"https:\/\/rosanacl.com\/wp-content\/uploads\/2025\/08\/1-4-671x1024.png","type":"image\/png"}],"twitter_card":"summary_large_image","twitter_misc":{"Becs\u00fclt olvas\u00e1si id\u0151":"2 perc"},"schema":{"@context":"https:\/\/schema.org","@graph":[{"@type":"WebPage","@id":"https:\/\/rosanacl.com\/producto\/sujetador-modelo-natalia\/","url":"https:\/\/rosanacl.com\/producto\/sujetador-modelo-natalia\/","name":"Sujetador Selene Natalia - Rosana CL","isPartOf":{"@id":"https:\/\/rosanacl.com\/ca\/#website"},"primaryImageOfPage":{"@id":"https:\/\/rosanacl.com\/producto\/sujetador-modelo-natalia\/#primaryimage"},"image":{"@id":"https:\/\/rosanacl.com\/producto\/sujetador-modelo-natalia\/#primaryimage"},"thumbnailUrl":"https:\/\/rosanacl.com\/wp-content\/uploads\/2025\/08\/1-4.png","datePublished":"2025-08-19T06:56:35+00:00","dateModified":"2026-01-08T02:13:46+00:00","breadcrumb":{"@id":"https:\/\/rosanacl.com\/producto\/sujetador-modelo-natalia\/#breadcrumb"},"inLanguage":"hu","potentialAction":[{"@type":"ReadAction","target":["https:\/\/rosanacl.com\/producto\/sujetador-modelo-natalia\/"]}]},{"@type":"ImageObject","inLanguage":"hu","@id":"https:\/\/rosanacl.com\/producto\/sujetador-modelo-natalia\/#primaryimage","url":"https:\/\/rosanacl.com\/wp-content\/uploads\/2025\/08\/1-4.png","contentUrl":"https:\/\/rosanacl.com\/wp-content\/uploads\/2025\/08\/1-4.png","width":873,"height":1333},{"@type":"BreadcrumbList","@id":"https:\/\/rosanacl.com\/producto\/sujetador-modelo-natalia\/#breadcrumb","itemListElement":[{"@type":"ListItem","position":1,"name":"Portada","item":"https:\/\/rosanacl.com\/ca\/"},{"@type":"ListItem","position":2,"name":"Tienda","item":"https:\/\/rosanacl.com\/ca\/tienda\/"},{"@type":"ListItem","position":3,"name":"Sujetador Selene Natalia"}]},{"@type":"WebSite","@id":"https:\/\/rosanacl.com\/ca\/#website","url":"https:\/\/rosanacl.com\/ca\/","name":"Rosana CL","description":"Mi vagyunk a bels\u0151 \u00e9ned","potentialAction":[{"@type":"SearchAction","target":{"@type":"EntryPoint","urlTemplate":"https:\/\/rosanacl.com\/ca\/?s={search_term_string}"},"query-input":{"@type":"PropertyValueSpecification","valueRequired":true,"valueName":"search_term_string"}}],"inLanguage":"hu"}]}},"_links":{"self":[{"href":"https:\/\/rosanacl.com\/hu\/wp-json\/wp\/v2\/product\/3378","targetHints":{"allow":["GET"]}}],"collection":[{"href":"https:\/\/rosanacl.com\/hu\/wp-json\/wp\/v2\/product"}],"about":[{"href":"https:\/\/rosanacl.com\/hu\/wp-json\/wp\/v2\/types\/product"}],"replies":[{"embeddable":true,"href":"https:\/\/rosanacl.com\/hu\/wp-json\/wp\/v2\/comments?post=3378"}],"version-history":[{"count":5,"href":"https:\/\/rosanacl.com\/hu\/wp-json\/wp\/v2\/product\/3378\/revisions"}],"predecessor-version":[{"id":4639,"href":"https:\/\/rosanacl.com\/hu\/wp-json\/wp\/v2\/product\/3378\/revisions\/4639"}],"wp:featuredmedia":[{"embeddable":true,"href":"https:\/\/rosanacl.com\/hu\/wp-json\/wp\/v2\/media\/3394"}],"wp:attachment":[{"href":"https:\/\/rosanacl.com\/hu\/wp-json\/wp\/v2\/media?parent=3378"}],"wp:term":[{"taxonomy":"product_brand","embeddable":true,"href":"https:\/\/rosanacl.com\/hu\/wp-json\/wp\/v2\/product_brand?post=3378"},{"taxonomy":"product_cat","embeddable":true,"href":"https:\/\/rosanacl.com\/hu\/wp-json\/wp\/v2\/product_cat?post=3378"},{"taxonomy":"product_tag","embeddable":true,"href":"https:\/\/rosanacl.com\/hu\/wp-json\/wp\/v2\/product_tag?post=3378"}],"curies":[{"name":"wp","href":"https:\/\/api.w.org\/{rel}","templated":true}]}}