{"id":3410,"date":"2025-08-19T09:05:06","date_gmt":"2025-08-19T07:05:06","guid":{"rendered":"https:\/\/rosanacl.com\/?post_type=product&#038;p=3410"},"modified":"2026-01-08T03:12:21","modified_gmt":"2026-01-08T02:12:21","slug":"body-selene-agata","status":"publish","type":"product","link":"https:\/\/rosanacl.com\/hu\/termek\/body-selene-agata\/","title":{"rendered":"Test Selene Agata"},"content":{"rendered":"<p>A Body Selene \u00c1gata egy mikrosz\u00e1las, kontroll\u00e1l\u00f3 body, amelyet eleg\u00e1ns \u00e9s nagyon el\u0151ny\u00f6s kidolgoz\u00e1ssal terveztek, hogy stiliz\u00e1lja az alakot.<\/p>\n<p>T\u00fcll nyakkiv\u00e1g\u00e1sa n\u0151ies \u00e9s kifinomult hat\u00e1st k\u00f6lcs\u00f6n\u00f6z, m\u00edg a hasr\u00e9szen tal\u00e1lhat\u00f3 k\u00f6z\u00e9ps\u0151 meger\u0151s\u00edt\u00e9s vizu\u00e1lisan cs\u00f6kkenti \u00e9s karcs\u00fabb sziluettet hoz l\u00e9tre.<\/p>\n<p>Merev\u00edt\u0151 n\u00e9lk\u00fcli kialak\u00edt\u00e1s\u00e1nak k\u00f6sz\u00f6nhet\u0151en k\u00e9nyelmes viselet, \u00edgy biztons\u00e1gban \u00e9s tart\u00e1sban \u00e9rzed magad. A mikrosz\u00e1las anyag \u00fagy alkalmazkodik a testedhez, mint egy m\u00e1sodik b\u0151r, gyeng\u00e9den sim\u00edt \u00e9s \u00f3r\u00e1kon \u00e1t tart, ak\u00e1r mindennapi visel\u00e9sr\u0151l van sz\u00f3, ak\u00e1r akkor, amikor a legjobb form\u00e1dat szeretn\u00e9d hozni.<\/p>\n<p>A k\u00fcl\u00f6nbs\u00e9get jelent\u0151 r\u00e9szletek<\/p>\n<ul>\n<li>Control body: sim\u00e1bb has \u00e9s hat\u00e1rozottabb sziluett.<\/li>\n<li>T\u00fcll nyakkiv\u00e1g\u00e1s: eleg\u00e1ns \u00e9s n\u0151ies megold\u00e1s, an\u00e9lk\u00fcl, hogy t\u00falz\u00e1sba esne.<\/li>\n<li>Vezet\u00e9k n\u00e9lk\u00fcli: teljes k\u00e9nyelem term\u00e9szetes tart\u00e1st biztos\u00edt.<\/li>\n<li>Puha mikrosz\u00e1las anyag: idomul a testhez an\u00e9lk\u00fcl, hogy merevnek \u00e9rezn\u00e9.<\/li>\n<li>Diszkr\u00e9t kidolgoz\u00e1s: ide\u00e1lis als\u00f3nadr\u00e1gok al\u00e1 a letisztultabb megjelen\u00e9s\u00e9rt.<\/li>\n<\/ul>\n<p>\ud83d\udde3\ufe0f Tipp: Az \u00c1gata eset\u00e9ben a legjobb az eleg\u00e1nsnak \u00e9rz\u0151d\u0151 \u00abpuha tart\u00e1s\u00bb: a mikrosz\u00e1las anyag \u00fagy \u00f6lel k\u00f6r\u00fcl, mint egy m\u00e1sodik b\u0151r, simogat an\u00e9lk\u00fcl, hogy megkem\u00e9nyedne, \u00e9s hat\u00e1rozottabb sziluettet hagy maga ut\u00e1n, \u00edgy \u00f3r\u00e1kon \u00e1t is viselhet\u0151 an\u00e9lk\u00fcl, hogy t\u00falterheltnek \u00e9rezn\u00e9d magad.<\/p>\n<p>\ud83d\udccf Megjegyz\u00e9s: V\u00e1s\u00e1rl\u00e1s el\u0151tt gondold \u00e1t, milyen \u00e9rz\u00e9st szeretn\u00e9l: ha jobban form\u00e1z\u00f3 \u00e9s a hasra jobban illeszked\u0151 hat\u00e1st szeretn\u00e9l, v\u00e1laszd a szok\u00e1sos m\u00e9reted; ha k\u00e9t m\u00e9ret k\u00f6z\u00f6tt vagy, vagy a k\u00f6nnyebb \u00e9s diszkr\u00e9tebb \u00e9rzetet (kevesebb kompresszi\u00f3t) kedveled, v\u00e1lassz eggyel nagyobb m\u00e9retet a nagyobb k\u00e9nyelem \u00e9rdek\u00e9ben.<\/p>\n<p>\u00d6sszet\u00e9tel: elasztikus mikrosz\u00e1las anyag (82% poliamid, 18% elaszt\u00e1n). Pamuttal meger\u0151s\u00edtett intim ter\u00fclet a nagyobb k\u00e9nyelem \u00e9s higi\u00e9nia \u00e9rdek\u00e9ben.<\/p>\n<p>\ud83e\udeb6 K\u00edv\u00fclr\u0151l k\u00f6nnyed, bel\u00fclr\u0151l er\u0151teljes: a sziluetted megmutatkozik.<\/p>\n<div id=\"v1ms-outlook-mobile-body-separator-line\" dir=\"auto\"><\/div>\n<p>&nbsp;<\/p>","protected":false},"excerpt":{"rendered":"<p>Body Selene \u00c1gata es un body de control de microfibra pensado para estilizar la figura con un acabado elegante y muy favorecedor. Su escote de tul aporta ese toque femenino y sofisticado, mientras que el refuerzo central en la zona del vientre ayuda a reducir visualmente y a marcar una silueta m\u00e1s esbelta. Dise\u00f1ado sin [&hellip;]<\/p>\n","protected":false},"featured_media":3421,"comment_status":"closed","ping_status":"closed","template":"","meta":{"content-type":""},"product_brand":[55],"product_cat":[18],"product_tag":[66],"class_list":{"0":"post-3410","1":"product","2":"type-product","3":"status-publish","4":"has-post-thumbnail","6":"product_brand-selene","7":"product_cat-body","8":"product_tag-body","10":"first","11":"instock","12":"taxable","13":"shipping-taxable","14":"purchasable","15":"product-type-variable"},"supplier_id":null,"supplier_sku":"","barcode":null,"atum_controlled":true,"out_stock_date":null,"out_stock_threshold":null,"inheritable":true,"inbound_stock":0,"stock_on_hold":0,"sold_today":null,"sales_last_days":null,"reserved_stock":0,"customer_returns":0,"warehouse_damage":0,"lost_in_post":0,"other_logs":0,"out_stock_days":null,"lost_sales":null,"has_location":false,"update_date":"2026-01-08T02:12:22","atum_locations":[],"atum_stock_status":"instock","restock_status":false,"low_stock_amount":"","sales_update_date":"2025-10-03T04:55:33","calc_backorders":null,"yoast_head":"<!-- This site is optimized with the Yoast SEO plugin v27.4 - https:\/\/yoast.com\/product\/yoast-seo-wordpress\/ -->\n<title>Body Selene Agata - Rosana CL<\/title>\n<meta name=\"robots\" content=\"index, follow, max-snippet:-1, max-image-preview:large, max-video-preview:-1\" \/>\n<link rel=\"canonical\" href=\"https:\/\/rosanacl.com\/hu\/termek\/body-selene-agata\/\" \/>\n<meta property=\"og:locale\" content=\"hu_HU\" \/>\n<meta property=\"og:type\" content=\"article\" \/>\n<meta property=\"og:title\" content=\"Body Selene Agata - Rosana CL\" \/>\n<meta property=\"og:description\" content=\"Body Selene \u00c1gata es un body de control de microfibra pensado para estilizar la figura con un acabado elegante y muy favorecedor. Su escote de tul aporta ese toque femenino y sofisticado, mientras que el refuerzo central en la zona del vientre ayuda a reducir visualmente y a marcar una silueta m\u00e1s esbelta. Dise\u00f1ado sin [&hellip;]\" \/>\n<meta property=\"og:url\" content=\"https:\/\/rosanacl.com\/hu\/termek\/body-selene-agata\/\" \/>\n<meta property=\"og:site_name\" content=\"Rosana CL\" \/>\n<meta property=\"article:modified_time\" content=\"2026-01-08T02:12:21+00:00\" \/>\n<meta property=\"og:image\" content=\"https:\/\/rosanacl.com\/wp-content\/uploads\/2025\/08\/1-5.png\" \/>\n\t<meta property=\"og:image:width\" content=\"873\" \/>\n\t<meta property=\"og:image:height\" content=\"1138\" \/>\n\t<meta property=\"og:image:type\" content=\"image\/png\" \/>\n<meta name=\"twitter:card\" content=\"summary_large_image\" \/>\n<meta name=\"twitter:label1\" content=\"Becs\u00fclt olvas\u00e1si id\u0151\" \/>\n\t<meta name=\"twitter:data1\" content=\"2 perc\" \/>\n<script type=\"application\/ld+json\" class=\"yoast-schema-graph\">{\"@context\":\"https:\\\/\\\/schema.org\",\"@graph\":[{\"@type\":\"WebPage\",\"@id\":\"https:\\\/\\\/rosanacl.com\\\/producto\\\/body-selene-agata\\\/\",\"url\":\"https:\\\/\\\/rosanacl.com\\\/producto\\\/body-selene-agata\\\/\",\"name\":\"Body Selene Agata - Rosana CL\",\"isPartOf\":{\"@id\":\"https:\\\/\\\/rosanacl.com\\\/ca\\\/#website\"},\"primaryImageOfPage\":{\"@id\":\"https:\\\/\\\/rosanacl.com\\\/producto\\\/body-selene-agata\\\/#primaryimage\"},\"image\":{\"@id\":\"https:\\\/\\\/rosanacl.com\\\/producto\\\/body-selene-agata\\\/#primaryimage\"},\"thumbnailUrl\":\"https:\\\/\\\/rosanacl.com\\\/wp-content\\\/uploads\\\/2025\\\/08\\\/1-5.png\",\"datePublished\":\"2025-08-19T07:05:06+00:00\",\"dateModified\":\"2026-01-08T02:12:21+00:00\",\"breadcrumb\":{\"@id\":\"https:\\\/\\\/rosanacl.com\\\/producto\\\/body-selene-agata\\\/#breadcrumb\"},\"inLanguage\":\"hu\",\"potentialAction\":[{\"@type\":\"ReadAction\",\"target\":[\"https:\\\/\\\/rosanacl.com\\\/producto\\\/body-selene-agata\\\/\"]}]},{\"@type\":\"ImageObject\",\"inLanguage\":\"hu\",\"@id\":\"https:\\\/\\\/rosanacl.com\\\/producto\\\/body-selene-agata\\\/#primaryimage\",\"url\":\"https:\\\/\\\/rosanacl.com\\\/wp-content\\\/uploads\\\/2025\\\/08\\\/1-5.png\",\"contentUrl\":\"https:\\\/\\\/rosanacl.com\\\/wp-content\\\/uploads\\\/2025\\\/08\\\/1-5.png\",\"width\":873,\"height\":1138},{\"@type\":\"BreadcrumbList\",\"@id\":\"https:\\\/\\\/rosanacl.com\\\/producto\\\/body-selene-agata\\\/#breadcrumb\",\"itemListElement\":[{\"@type\":\"ListItem\",\"position\":1,\"name\":\"Portada\",\"item\":\"https:\\\/\\\/rosanacl.com\\\/ca\\\/\"},{\"@type\":\"ListItem\",\"position\":2,\"name\":\"Tienda\",\"item\":\"https:\\\/\\\/rosanacl.com\\\/ca\\\/tienda\\\/\"},{\"@type\":\"ListItem\",\"position\":3,\"name\":\"Body Selene Agata\"}]},{\"@type\":\"WebSite\",\"@id\":\"https:\\\/\\\/rosanacl.com\\\/ca\\\/#website\",\"url\":\"https:\\\/\\\/rosanacl.com\\\/ca\\\/\",\"name\":\"Rosana CL\",\"description\":\"Somos tu interior\",\"potentialAction\":[{\"@type\":\"SearchAction\",\"target\":{\"@type\":\"EntryPoint\",\"urlTemplate\":\"https:\\\/\\\/rosanacl.com\\\/ca\\\/?s={search_term_string}\"},\"query-input\":{\"@type\":\"PropertyValueSpecification\",\"valueRequired\":true,\"valueName\":\"search_term_string\"}}],\"inLanguage\":\"hu\"}]}<\/script>\n<!-- \/ Yoast SEO plugin. -->","yoast_head_json":{"title":"Body Selene Agata - Rosana CL","robots":{"index":"index","follow":"follow","max-snippet":"max-snippet:-1","max-image-preview":"max-image-preview:large","max-video-preview":"max-video-preview:-1"},"canonical":"https:\/\/rosanacl.com\/hu\/termek\/body-selene-agata\/","og_locale":"hu_HU","og_type":"article","og_title":"Body Selene Agata - Rosana CL","og_description":"Body Selene \u00c1gata es un body de control de microfibra pensado para estilizar la figura con un acabado elegante y muy favorecedor. Su escote de tul aporta ese toque femenino y sofisticado, mientras que el refuerzo central en la zona del vientre ayuda a reducir visualmente y a marcar una silueta m\u00e1s esbelta. Dise\u00f1ado sin [&hellip;]","og_url":"https:\/\/rosanacl.com\/hu\/termek\/body-selene-agata\/","og_site_name":"Rosana CL","article_modified_time":"2026-01-08T02:12:21+00:00","og_image":[{"width":873,"height":1138,"url":"https:\/\/rosanacl.com\/wp-content\/uploads\/2025\/08\/1-5.png","type":"image\/png"}],"twitter_card":"summary_large_image","twitter_misc":{"Becs\u00fclt olvas\u00e1si id\u0151":"2 perc"},"schema":{"@context":"https:\/\/schema.org","@graph":[{"@type":"WebPage","@id":"https:\/\/rosanacl.com\/producto\/body-selene-agata\/","url":"https:\/\/rosanacl.com\/producto\/body-selene-agata\/","name":"Body Selene Agata - Rosana CL","isPartOf":{"@id":"https:\/\/rosanacl.com\/ca\/#website"},"primaryImageOfPage":{"@id":"https:\/\/rosanacl.com\/producto\/body-selene-agata\/#primaryimage"},"image":{"@id":"https:\/\/rosanacl.com\/producto\/body-selene-agata\/#primaryimage"},"thumbnailUrl":"https:\/\/rosanacl.com\/wp-content\/uploads\/2025\/08\/1-5.png","datePublished":"2025-08-19T07:05:06+00:00","dateModified":"2026-01-08T02:12:21+00:00","breadcrumb":{"@id":"https:\/\/rosanacl.com\/producto\/body-selene-agata\/#breadcrumb"},"inLanguage":"hu","potentialAction":[{"@type":"ReadAction","target":["https:\/\/rosanacl.com\/producto\/body-selene-agata\/"]}]},{"@type":"ImageObject","inLanguage":"hu","@id":"https:\/\/rosanacl.com\/producto\/body-selene-agata\/#primaryimage","url":"https:\/\/rosanacl.com\/wp-content\/uploads\/2025\/08\/1-5.png","contentUrl":"https:\/\/rosanacl.com\/wp-content\/uploads\/2025\/08\/1-5.png","width":873,"height":1138},{"@type":"BreadcrumbList","@id":"https:\/\/rosanacl.com\/producto\/body-selene-agata\/#breadcrumb","itemListElement":[{"@type":"ListItem","position":1,"name":"Portada","item":"https:\/\/rosanacl.com\/ca\/"},{"@type":"ListItem","position":2,"name":"Tienda","item":"https:\/\/rosanacl.com\/ca\/tienda\/"},{"@type":"ListItem","position":3,"name":"Body Selene Agata"}]},{"@type":"WebSite","@id":"https:\/\/rosanacl.com\/ca\/#website","url":"https:\/\/rosanacl.com\/ca\/","name":"Rosana CL","description":"Mi vagyunk a bels\u0151 \u00e9ned","potentialAction":[{"@type":"SearchAction","target":{"@type":"EntryPoint","urlTemplate":"https:\/\/rosanacl.com\/ca\/?s={search_term_string}"},"query-input":{"@type":"PropertyValueSpecification","valueRequired":true,"valueName":"search_term_string"}}],"inLanguage":"hu"}]}},"_links":{"self":[{"href":"https:\/\/rosanacl.com\/hu\/wp-json\/wp\/v2\/product\/3410","targetHints":{"allow":["GET"]}}],"collection":[{"href":"https:\/\/rosanacl.com\/hu\/wp-json\/wp\/v2\/product"}],"about":[{"href":"https:\/\/rosanacl.com\/hu\/wp-json\/wp\/v2\/types\/product"}],"replies":[{"embeddable":true,"href":"https:\/\/rosanacl.com\/hu\/wp-json\/wp\/v2\/comments?post=3410"}],"version-history":[{"count":5,"href":"https:\/\/rosanacl.com\/hu\/wp-json\/wp\/v2\/product\/3410\/revisions"}],"predecessor-version":[{"id":4638,"href":"https:\/\/rosanacl.com\/hu\/wp-json\/wp\/v2\/product\/3410\/revisions\/4638"}],"wp:featuredmedia":[{"embeddable":true,"href":"https:\/\/rosanacl.com\/hu\/wp-json\/wp\/v2\/media\/3421"}],"wp:attachment":[{"href":"https:\/\/rosanacl.com\/hu\/wp-json\/wp\/v2\/media?parent=3410"}],"wp:term":[{"taxonomy":"product_brand","embeddable":true,"href":"https:\/\/rosanacl.com\/hu\/wp-json\/wp\/v2\/product_brand?post=3410"},{"taxonomy":"product_cat","embeddable":true,"href":"https:\/\/rosanacl.com\/hu\/wp-json\/wp\/v2\/product_cat?post=3410"},{"taxonomy":"product_tag","embeddable":true,"href":"https:\/\/rosanacl.com\/hu\/wp-json\/wp\/v2\/product_tag?post=3410"}],"curies":[{"name":"wp","href":"https:\/\/api.w.org\/{rel}","templated":true}]}}