{"id":3424,"date":"2025-08-19T09:11:06","date_gmt":"2025-08-19T07:11:06","guid":{"rendered":"https:\/\/rosanacl.com\/?post_type=product&#038;p=3424"},"modified":"2026-01-08T03:06:28","modified_gmt":"2026-01-08T02:06:28","slug":"braga-selene-katia","status":"publish","type":"product","link":"https:\/\/rosanacl.com\/hu\/termek\/braga-selene-katia\/","title":{"rendered":"Braga Selene Katia"},"content":{"rendered":"<p>Braga Selene Katia: una braga elegante y c\u00f3moda, pensada para realzar la silueta con un acabado fino y femenino.<br \/>\nSu tejido combina tul y detalle de fantas\u00eda en la parte delantera, aportando un toque sofisticado sin renunciar al confort del d\u00eda a d\u00eda.<\/p>\n<p>Sienta suave sobre la piel, se adapta bien al cuerpo y queda bonita bajo la ropa gracias a su ajuste limpio y favorecedor.<br \/>\nEs una prenda ideal si buscas una braga que estilice, se note ligera y te haga sentir \u00abarreglada\u00bb con un conjunto sencillo pero con presencia.<\/p>\n<p>A k\u00fcl\u00f6nbs\u00e9get jelent\u0151 r\u00e9szletek<\/p>\n<ul>\n<li>T\u00fcll anyag d\u00edszes el\u0151r\u00e9sszel: eleg\u00e1nsabb \u00e9s kifinomultabb megjelen\u00e9s.<\/li>\n<li>K\u00e9nyelmes illeszked\u00e9s: veled egy\u00fctt mozog an\u00e9lk\u00fcl, hogy korl\u00e1tozna.<\/li>\n<li>El\u0151ny\u00f6s kidolgoz\u00e1s: seg\u00edt abban, hogy a ruhadarab sz\u00e9p \u00e9s j\u00f3l illeszked\u0151 legyen.<\/li>\n<li>T\u00f6k\u00e9letesen kombin\u00e1lhat\u00f3 a Selene Katia \u00e9s Roxana melltart\u00f3kkal, \u00edgy \u00f6sszehangolt szettet alkotva.<\/li>\n<\/ul>\n<p>\ud83d\udde3\ufe0f Tipp: Katia k\u00fcl\u00f6nlegess\u00e9g\u00e9t a k\u00f6nnyed\u00e9n \u00abfel\u00f6lt\u00f6z\u00f6tt\u00bb \u00e9rzet adja: k\u00f6nny\u0171, puha tapint\u00e1s\u00fa, \u00e9s el\u00f6l finom tapint\u00e1s\u00fa, ami kiemeli a megjelen\u00e9st an\u00e9lk\u00fcl, hogy t\u00falz\u00e1sba esne. Ide\u00e1lis, ha szereted, ha az als\u00f3d k\u00e9nyelmes... de egy csipetnyi eleganci\u00e1val is b\u00edr.<\/p>\n<p>\ud83d\udccf Megjegyz\u00e9s: V\u00e1s\u00e1rl\u00e1s el\u0151tt a m\u00e9ret kiv\u00e1laszt\u00e1s\u00e1n\u00e1l vedd figyelembe, hogy hogyan szeretn\u00e9d, hogy a ruh\u00e1id alatt mutatjon: ha letisztultabb, diszkr\u00e9tebb kidolgoz\u00e1st keresel (an\u00e9lk\u00fcl, hogy l\u00e1tsz\u00f3dna), \u00e9s a m\u00e9retek k\u00f6z\u00f6tt vagy, v\u00e1lassz eggyel nagyobbat; ha a testhez simul\u00f3bbat \u00e9s testhez simul\u00f3bbat szeretn\u00e9d, maradj a szok\u00e1sos m\u00e9retedn\u00e9l.<\/p>\n<p>\u00d6sszet\u00e9tel: 83% poliamid, 17% elaszt\u00e1n. Pamuttal meger\u0151s\u00edtett intim ter\u00fclet a nagyobb k\u00e9nyelem \u00e9s higi\u00e9nia \u00e9rdek\u00e9ben.<\/p>\n<p>\ud83e\udee6 A szett leg\u00e9rz\u00e9kibb darabja: l\u00e1gy, eleg\u00e1ns\u2026 \u00e9s vesz\u00e9lyesen sz\u00e9p.<\/p>","protected":false},"excerpt":{"rendered":"<p>Braga Selene Katia: una braga elegante y c\u00f3moda, pensada para realzar la silueta con un acabado fino y femenino. Su tejido combina tul y detalle de fantas\u00eda en la parte delantera, aportando un toque sofisticado sin renunciar al confort del d\u00eda a d\u00eda. Sienta suave sobre la piel, se adapta bien al cuerpo y queda [&hellip;]<\/p>\n","protected":false},"featured_media":3441,"comment_status":"closed","ping_status":"closed","template":"","meta":{"content-type":""},"product_brand":[55],"product_cat":[19],"product_tag":[69],"class_list":{"0":"post-3424","1":"product","2":"type-product","3":"status-publish","4":"has-post-thumbnail","6":"product_brand-selene","7":"product_cat-braga","8":"product_tag-braga","10":"first","11":"instock","12":"taxable","13":"shipping-taxable","14":"purchasable","15":"product-type-variable"},"supplier_id":null,"supplier_sku":"","barcode":null,"atum_controlled":true,"out_stock_date":null,"out_stock_threshold":null,"inheritable":true,"inbound_stock":0,"stock_on_hold":0,"sold_today":null,"sales_last_days":null,"reserved_stock":0,"customer_returns":0,"warehouse_damage":0,"lost_in_post":0,"other_logs":0,"out_stock_days":null,"lost_sales":null,"has_location":false,"update_date":"2026-01-08T02:06:30","atum_locations":[],"atum_stock_status":"instock","restock_status":false,"low_stock_amount":"","sales_update_date":"2025-10-03T04:55:33","calc_backorders":null,"yoast_head":"<!-- This site is optimized with the Yoast SEO plugin v27.4 - https:\/\/yoast.com\/product\/yoast-seo-wordpress\/ -->\n<title>Braga Selene Katia - Rosana CL<\/title>\n<meta name=\"robots\" content=\"index, follow, max-snippet:-1, max-image-preview:large, max-video-preview:-1\" \/>\n<link rel=\"canonical\" href=\"https:\/\/rosanacl.com\/hu\/termek\/braga-selene-katia\/\" \/>\n<meta property=\"og:locale\" content=\"hu_HU\" \/>\n<meta property=\"og:type\" content=\"article\" \/>\n<meta property=\"og:title\" content=\"Braga Selene Katia - Rosana CL\" \/>\n<meta property=\"og:description\" content=\"Braga Selene Katia: una braga elegante y c\u00f3moda, pensada para realzar la silueta con un acabado fino y femenino. Su tejido combina tul y detalle de fantas\u00eda en la parte delantera, aportando un toque sofisticado sin renunciar al confort del d\u00eda a d\u00eda. Sienta suave sobre la piel, se adapta bien al cuerpo y queda [&hellip;]\" \/>\n<meta property=\"og:url\" content=\"https:\/\/rosanacl.com\/hu\/termek\/braga-selene-katia\/\" \/>\n<meta property=\"og:site_name\" content=\"Rosana CL\" \/>\n<meta property=\"article:modified_time\" content=\"2026-01-08T02:06:28+00:00\" \/>\n<meta property=\"og:image\" content=\"https:\/\/rosanacl.com\/wp-content\/uploads\/2025\/08\/1-6-1024x1024.png\" \/>\n\t<meta property=\"og:image:width\" content=\"1024\" \/>\n\t<meta property=\"og:image:height\" content=\"1024\" \/>\n\t<meta property=\"og:image:type\" content=\"image\/png\" \/>\n<meta name=\"twitter:card\" content=\"summary_large_image\" \/>\n<meta name=\"twitter:label1\" content=\"Becs\u00fclt olvas\u00e1si id\u0151\" \/>\n\t<meta name=\"twitter:data1\" content=\"2 perc\" \/>\n<script type=\"application\/ld+json\" class=\"yoast-schema-graph\">{\"@context\":\"https:\\\/\\\/schema.org\",\"@graph\":[{\"@type\":\"WebPage\",\"@id\":\"https:\\\/\\\/rosanacl.com\\\/producto\\\/braga-selene-katia\\\/\",\"url\":\"https:\\\/\\\/rosanacl.com\\\/producto\\\/braga-selene-katia\\\/\",\"name\":\"Braga Selene Katia - Rosana CL\",\"isPartOf\":{\"@id\":\"https:\\\/\\\/rosanacl.com\\\/ca\\\/#website\"},\"primaryImageOfPage\":{\"@id\":\"https:\\\/\\\/rosanacl.com\\\/producto\\\/braga-selene-katia\\\/#primaryimage\"},\"image\":{\"@id\":\"https:\\\/\\\/rosanacl.com\\\/producto\\\/braga-selene-katia\\\/#primaryimage\"},\"thumbnailUrl\":\"https:\\\/\\\/rosanacl.com\\\/wp-content\\\/uploads\\\/2025\\\/08\\\/1-6.png\",\"datePublished\":\"2025-08-19T07:11:06+00:00\",\"dateModified\":\"2026-01-08T02:06:28+00:00\",\"breadcrumb\":{\"@id\":\"https:\\\/\\\/rosanacl.com\\\/producto\\\/braga-selene-katia\\\/#breadcrumb\"},\"inLanguage\":\"hu\",\"potentialAction\":[{\"@type\":\"ReadAction\",\"target\":[\"https:\\\/\\\/rosanacl.com\\\/producto\\\/braga-selene-katia\\\/\"]}]},{\"@type\":\"ImageObject\",\"inLanguage\":\"hu\",\"@id\":\"https:\\\/\\\/rosanacl.com\\\/producto\\\/braga-selene-katia\\\/#primaryimage\",\"url\":\"https:\\\/\\\/rosanacl.com\\\/wp-content\\\/uploads\\\/2025\\\/08\\\/1-6.png\",\"contentUrl\":\"https:\\\/\\\/rosanacl.com\\\/wp-content\\\/uploads\\\/2025\\\/08\\\/1-6.png\",\"width\":1333,\"height\":1333},{\"@type\":\"BreadcrumbList\",\"@id\":\"https:\\\/\\\/rosanacl.com\\\/producto\\\/braga-selene-katia\\\/#breadcrumb\",\"itemListElement\":[{\"@type\":\"ListItem\",\"position\":1,\"name\":\"Portada\",\"item\":\"https:\\\/\\\/rosanacl.com\\\/ca\\\/\"},{\"@type\":\"ListItem\",\"position\":2,\"name\":\"Tienda\",\"item\":\"https:\\\/\\\/rosanacl.com\\\/ca\\\/tienda\\\/\"},{\"@type\":\"ListItem\",\"position\":3,\"name\":\"Braga Selene Katia\"}]},{\"@type\":\"WebSite\",\"@id\":\"https:\\\/\\\/rosanacl.com\\\/ca\\\/#website\",\"url\":\"https:\\\/\\\/rosanacl.com\\\/ca\\\/\",\"name\":\"Rosana CL\",\"description\":\"Somos tu interior\",\"potentialAction\":[{\"@type\":\"SearchAction\",\"target\":{\"@type\":\"EntryPoint\",\"urlTemplate\":\"https:\\\/\\\/rosanacl.com\\\/ca\\\/?s={search_term_string}\"},\"query-input\":{\"@type\":\"PropertyValueSpecification\",\"valueRequired\":true,\"valueName\":\"search_term_string\"}}],\"inLanguage\":\"hu\"}]}<\/script>\n<!-- \/ Yoast SEO plugin. -->","yoast_head_json":{"title":"Braga Selene Katia - Rosana CL","robots":{"index":"index","follow":"follow","max-snippet":"max-snippet:-1","max-image-preview":"max-image-preview:large","max-video-preview":"max-video-preview:-1"},"canonical":"https:\/\/rosanacl.com\/hu\/termek\/braga-selene-katia\/","og_locale":"hu_HU","og_type":"article","og_title":"Braga Selene Katia - Rosana CL","og_description":"Braga Selene Katia: una braga elegante y c\u00f3moda, pensada para realzar la silueta con un acabado fino y femenino. Su tejido combina tul y detalle de fantas\u00eda en la parte delantera, aportando un toque sofisticado sin renunciar al confort del d\u00eda a d\u00eda. Sienta suave sobre la piel, se adapta bien al cuerpo y queda [&hellip;]","og_url":"https:\/\/rosanacl.com\/hu\/termek\/braga-selene-katia\/","og_site_name":"Rosana CL","article_modified_time":"2026-01-08T02:06:28+00:00","og_image":[{"width":1024,"height":1024,"url":"https:\/\/rosanacl.com\/wp-content\/uploads\/2025\/08\/1-6-1024x1024.png","type":"image\/png"}],"twitter_card":"summary_large_image","twitter_misc":{"Becs\u00fclt olvas\u00e1si id\u0151":"2 perc"},"schema":{"@context":"https:\/\/schema.org","@graph":[{"@type":"WebPage","@id":"https:\/\/rosanacl.com\/producto\/braga-selene-katia\/","url":"https:\/\/rosanacl.com\/producto\/braga-selene-katia\/","name":"Braga Selene Katia - Rosana CL","isPartOf":{"@id":"https:\/\/rosanacl.com\/ca\/#website"},"primaryImageOfPage":{"@id":"https:\/\/rosanacl.com\/producto\/braga-selene-katia\/#primaryimage"},"image":{"@id":"https:\/\/rosanacl.com\/producto\/braga-selene-katia\/#primaryimage"},"thumbnailUrl":"https:\/\/rosanacl.com\/wp-content\/uploads\/2025\/08\/1-6.png","datePublished":"2025-08-19T07:11:06+00:00","dateModified":"2026-01-08T02:06:28+00:00","breadcrumb":{"@id":"https:\/\/rosanacl.com\/producto\/braga-selene-katia\/#breadcrumb"},"inLanguage":"hu","potentialAction":[{"@type":"ReadAction","target":["https:\/\/rosanacl.com\/producto\/braga-selene-katia\/"]}]},{"@type":"ImageObject","inLanguage":"hu","@id":"https:\/\/rosanacl.com\/producto\/braga-selene-katia\/#primaryimage","url":"https:\/\/rosanacl.com\/wp-content\/uploads\/2025\/08\/1-6.png","contentUrl":"https:\/\/rosanacl.com\/wp-content\/uploads\/2025\/08\/1-6.png","width":1333,"height":1333},{"@type":"BreadcrumbList","@id":"https:\/\/rosanacl.com\/producto\/braga-selene-katia\/#breadcrumb","itemListElement":[{"@type":"ListItem","position":1,"name":"Portada","item":"https:\/\/rosanacl.com\/ca\/"},{"@type":"ListItem","position":2,"name":"Tienda","item":"https:\/\/rosanacl.com\/ca\/tienda\/"},{"@type":"ListItem","position":3,"name":"Braga Selene Katia"}]},{"@type":"WebSite","@id":"https:\/\/rosanacl.com\/ca\/#website","url":"https:\/\/rosanacl.com\/ca\/","name":"Rosana CL","description":"Mi vagyunk a bels\u0151 \u00e9ned","potentialAction":[{"@type":"SearchAction","target":{"@type":"EntryPoint","urlTemplate":"https:\/\/rosanacl.com\/ca\/?s={search_term_string}"},"query-input":{"@type":"PropertyValueSpecification","valueRequired":true,"valueName":"search_term_string"}}],"inLanguage":"hu"}]}},"_links":{"self":[{"href":"https:\/\/rosanacl.com\/hu\/wp-json\/wp\/v2\/product\/3424","targetHints":{"allow":["GET"]}}],"collection":[{"href":"https:\/\/rosanacl.com\/hu\/wp-json\/wp\/v2\/product"}],"about":[{"href":"https:\/\/rosanacl.com\/hu\/wp-json\/wp\/v2\/types\/product"}],"replies":[{"embeddable":true,"href":"https:\/\/rosanacl.com\/hu\/wp-json\/wp\/v2\/comments?post=3424"}],"version-history":[{"count":5,"href":"https:\/\/rosanacl.com\/hu\/wp-json\/wp\/v2\/product\/3424\/revisions"}],"predecessor-version":[{"id":4633,"href":"https:\/\/rosanacl.com\/hu\/wp-json\/wp\/v2\/product\/3424\/revisions\/4633"}],"wp:featuredmedia":[{"embeddable":true,"href":"https:\/\/rosanacl.com\/hu\/wp-json\/wp\/v2\/media\/3441"}],"wp:attachment":[{"href":"https:\/\/rosanacl.com\/hu\/wp-json\/wp\/v2\/media?parent=3424"}],"wp:term":[{"taxonomy":"product_brand","embeddable":true,"href":"https:\/\/rosanacl.com\/hu\/wp-json\/wp\/v2\/product_brand?post=3424"},{"taxonomy":"product_cat","embeddable":true,"href":"https:\/\/rosanacl.com\/hu\/wp-json\/wp\/v2\/product_cat?post=3424"},{"taxonomy":"product_tag","embeddable":true,"href":"https:\/\/rosanacl.com\/hu\/wp-json\/wp\/v2\/product_tag?post=3424"}],"curies":[{"name":"wp","href":"https:\/\/api.w.org\/{rel}","templated":true}]}}