{"id":3446,"date":"2025-08-19T09:18:31","date_gmt":"2025-08-19T07:18:31","guid":{"rendered":"https:\/\/rosanacl.com\/?post_type=product&#038;p=3446"},"modified":"2026-01-08T03:07:48","modified_gmt":"2026-01-08T02:07:48","slug":"braga-selene-roxana","status":"publish","type":"product","link":"https:\/\/rosanacl.com\/hu\/termek\/braga-selene-roxana\/","title":{"rendered":"Braga Selene Roxana"},"content":{"rendered":"<p>A Selene Roxana als\u00f3 magas derek\u00fa, kontroll\u00e1lt als\u00f3, amely k\u00e9nyelmesen \u00e9s eleg\u00e1nsan sim\u00edtja a hasat. A t\u00fcll \u00e9s az el\u00fcls\u0151 r\u00e9szen tal\u00e1lhat\u00f3 d\u00edszes r\u00e9szlet kombin\u00e1ci\u00f3ja finom \u00e9s n\u0151ies hat\u00e1st kelt, \u00edgy t\u00f6k\u00e9letes a puhas\u00e1g fel\u00e1ldoz\u00e1sa n\u00e9lk\u00fcl.<\/p>\n<p>T\u00f6k\u00e9letes v\u00e1laszt\u00e1s, ha olyan als\u00f3nem\u0171t keresel, ami \u00f6sszeh\u00faz, sim\u00edt \u00e9s minden nap j\u00f3l mutat, gy\u00f6ny\u00f6r\u0171 diz\u00e1jnnal, amit azonnal \u00e9szreveszel, amint felveszed.<\/p>\n<p>Ami tetszeni fog<\/p>\n<ul>\n<li>Magas derek\u00fa, kontroll\u00e1lt megjelen\u00e9s: seg\u00edt a ruhadarab vizu\u00e1lis sim\u00edt\u00e1s\u00e1ban \u00e9s j\u00f3 illeszked\u00e9s\u00e9ben.<\/li>\n<li>Sim\u00e1bb has\u00e9rzet: k\u00e9nyelmesen tart, &quot;kem\u00e9ny&quot; \u00e9rz\u00e9s n\u00e9lk\u00fcl.<\/li>\n<li>T\u00fcll + el\u00fcls\u0151 fant\u00e1zia: eleg\u00e1ns r\u00e9szlet, amely kiemeli a megjelen\u00e9st an\u00e9lk\u00fcl, hogy t\u00falz\u00f3 lenne.<\/li>\n<li>K\u00e9nyelmes anyag mindennapi haszn\u00e1latra: alkalmazkodik a testhez \u00e9s veled egy\u00fctt mozog.<\/li>\n<li>Aj\u00e1nlott szett: a t\u00f6k\u00e9letes szett\u00e9rt kombin\u00e1ld a Selene Roxana \u00e9s a Selene Katia melltart\u00f3kkal.<\/li>\n<\/ul>\n<p>\ud83d\udde3\ufe0f Tipp: A Roxana \u00fagy lett kialak\u00edtva, hogy \u00abj\u00f3 kontrollt\u00bb biztos\u00edtson: felv\u00e9telkor feszesnek, m\u00e9gis k\u00e9nyelmesnek kell lennie, mint egy als\u00f3nem\u0171, amely megemeli \u00e9s sim\u00edtja a pocakodat an\u00e9lk\u00fcl, hogy benyomn\u00e1, vagy p\u00e1nc\u00e9lban \u00e9rezn\u00e9d magad. Ha azt veszed \u00e9szre, hogy j\u00e1r\u00e1s \u00e9s \u00fcl\u00e9s k\u00f6zben veled egy\u00fctt mozog (\u00e9s nem szor\u00edt), akkor ez a megfelel\u0151 \u00e9rzet ehhez a st\u00edlushoz.<\/p>\n<p>\ud83d\udccf Megjegyz\u00e9s: V\u00e1s\u00e1rl\u00e1s el\u0151tt tartsd szem el\u0151tt a k\u00f6vetkez\u0151ket: mivel ezek magas derek\u00fa, kontroll als\u00f3nem\u0171k, ha a m\u00e9retek k\u00f6z\u00f6tt vagy a &quot;puh\u00e1bb&quot; szab\u00e1st kedveled, \u00e1ltal\u00e1ban jobb, ha a nagyobb m\u00e9retet v\u00e1lasztod, hogy a der\u00e9kr\u00e9sz laposan \u00e9s sim\u00e1n illeszkedjen (nyomok n\u00e9lk\u00fcl), \u00e9s eg\u00e9sz nap k\u00e9nyelmes \u00e9rzetet biztos\u00edtson.<\/p>\n<p>Composici\u00f3n: 83% poliamida, 17% elastano.<br \/>\n(Refuerzo interior en la zona \u00edntima: algod\u00f3n, en la mayor\u00eda de modelos.)<\/p>\n<p>\ud83d\udc57 A r\u00e9szlet, ami k\u00fcl\u00f6nbs\u00e9get tesz: gy\u00f6ny\u00f6r\u0171, eleg\u00e1ns \u00e9s k\u00e9nyelmes ir\u00e1ny\u00edt\u00e1s\u2026 eg\u00e9sz nap.<\/p>\n<div id=\"v1ms-outlook-mobile-body-separator-line\" dir=\"auto\"><\/div>","protected":false},"excerpt":{"rendered":"<p>La Braga Selene Roxana es una braga alta de control pensada para estilizar la zona del vientre con comodidad y un acabado elegante. Su combinaci\u00f3n de tul y detalle de fantas\u00eda en la parte delantera aporta un toque fino y femenino, ideal para sentirte sujeta sin renunciar a la suavidad. Es perfecta si buscas una [&hellip;]<\/p>\n","protected":false},"featured_media":3471,"comment_status":"closed","ping_status":"closed","template":"","meta":{"content-type":""},"product_brand":[55],"product_cat":[19],"product_tag":[69],"class_list":{"0":"post-3446","1":"product","2":"type-product","3":"status-publish","4":"has-post-thumbnail","6":"product_brand-selene","7":"product_cat-braga","8":"product_tag-braga","10":"first","11":"instock","12":"taxable","13":"shipping-taxable","14":"purchasable","15":"product-type-variable"},"supplier_id":null,"supplier_sku":"","barcode":null,"atum_controlled":true,"out_stock_date":null,"out_stock_threshold":null,"inheritable":true,"inbound_stock":0,"stock_on_hold":0,"sold_today":null,"sales_last_days":null,"reserved_stock":0,"customer_returns":0,"warehouse_damage":0,"lost_in_post":0,"other_logs":0,"out_stock_days":null,"lost_sales":null,"has_location":false,"update_date":"2026-01-08T02:07:49","atum_locations":[],"atum_stock_status":"instock","restock_status":false,"low_stock_amount":"","sales_update_date":"2025-10-03T04:55:32","calc_backorders":null,"yoast_head":"<!-- This site is optimized with the Yoast SEO plugin v27.4 - https:\/\/yoast.com\/product\/yoast-seo-wordpress\/ -->\n<title>Braga Selene Roxana - Rosana CL<\/title>\n<meta name=\"robots\" content=\"index, follow, max-snippet:-1, max-image-preview:large, max-video-preview:-1\" \/>\n<link rel=\"canonical\" href=\"https:\/\/rosanacl.com\/hu\/termek\/braga-selene-roxana\/\" \/>\n<meta property=\"og:locale\" content=\"hu_HU\" \/>\n<meta property=\"og:type\" content=\"article\" \/>\n<meta property=\"og:title\" content=\"Braga Selene Roxana - Rosana CL\" \/>\n<meta property=\"og:description\" content=\"La Braga Selene Roxana es una braga alta de control pensada para estilizar la zona del vientre con comodidad y un acabado elegante. Su combinaci\u00f3n de tul y detalle de fantas\u00eda en la parte delantera aporta un toque fino y femenino, ideal para sentirte sujeta sin renunciar a la suavidad. Es perfecta si buscas una [&hellip;]\" \/>\n<meta property=\"og:url\" content=\"https:\/\/rosanacl.com\/hu\/termek\/braga-selene-roxana\/\" \/>\n<meta property=\"og:site_name\" content=\"Rosana CL\" \/>\n<meta property=\"article:modified_time\" content=\"2026-01-08T02:07:48+00:00\" \/>\n<meta property=\"og:image\" content=\"https:\/\/rosanacl.com\/wp-content\/uploads\/2025\/08\/1-7-1024x1024.png\" \/>\n\t<meta property=\"og:image:width\" content=\"1024\" \/>\n\t<meta property=\"og:image:height\" content=\"1024\" \/>\n\t<meta property=\"og:image:type\" content=\"image\/png\" \/>\n<meta name=\"twitter:card\" content=\"summary_large_image\" \/>\n<meta name=\"twitter:label1\" content=\"Becs\u00fclt olvas\u00e1si id\u0151\" \/>\n\t<meta name=\"twitter:data1\" content=\"2 perc\" \/>\n<script type=\"application\/ld+json\" class=\"yoast-schema-graph\">{\"@context\":\"https:\\\/\\\/schema.org\",\"@graph\":[{\"@type\":\"WebPage\",\"@id\":\"https:\\\/\\\/rosanacl.com\\\/producto\\\/braga-selene-roxana\\\/\",\"url\":\"https:\\\/\\\/rosanacl.com\\\/producto\\\/braga-selene-roxana\\\/\",\"name\":\"Braga Selene Roxana - Rosana CL\",\"isPartOf\":{\"@id\":\"https:\\\/\\\/rosanacl.com\\\/ca\\\/#website\"},\"primaryImageOfPage\":{\"@id\":\"https:\\\/\\\/rosanacl.com\\\/producto\\\/braga-selene-roxana\\\/#primaryimage\"},\"image\":{\"@id\":\"https:\\\/\\\/rosanacl.com\\\/producto\\\/braga-selene-roxana\\\/#primaryimage\"},\"thumbnailUrl\":\"https:\\\/\\\/rosanacl.com\\\/wp-content\\\/uploads\\\/2025\\\/08\\\/1-7.png\",\"datePublished\":\"2025-08-19T07:18:31+00:00\",\"dateModified\":\"2026-01-08T02:07:48+00:00\",\"breadcrumb\":{\"@id\":\"https:\\\/\\\/rosanacl.com\\\/producto\\\/braga-selene-roxana\\\/#breadcrumb\"},\"inLanguage\":\"hu\",\"potentialAction\":[{\"@type\":\"ReadAction\",\"target\":[\"https:\\\/\\\/rosanacl.com\\\/producto\\\/braga-selene-roxana\\\/\"]}]},{\"@type\":\"ImageObject\",\"inLanguage\":\"hu\",\"@id\":\"https:\\\/\\\/rosanacl.com\\\/producto\\\/braga-selene-roxana\\\/#primaryimage\",\"url\":\"https:\\\/\\\/rosanacl.com\\\/wp-content\\\/uploads\\\/2025\\\/08\\\/1-7.png\",\"contentUrl\":\"https:\\\/\\\/rosanacl.com\\\/wp-content\\\/uploads\\\/2025\\\/08\\\/1-7.png\",\"width\":1333,\"height\":1333},{\"@type\":\"BreadcrumbList\",\"@id\":\"https:\\\/\\\/rosanacl.com\\\/producto\\\/braga-selene-roxana\\\/#breadcrumb\",\"itemListElement\":[{\"@type\":\"ListItem\",\"position\":1,\"name\":\"Portada\",\"item\":\"https:\\\/\\\/rosanacl.com\\\/ca\\\/\"},{\"@type\":\"ListItem\",\"position\":2,\"name\":\"Tienda\",\"item\":\"https:\\\/\\\/rosanacl.com\\\/ca\\\/tienda\\\/\"},{\"@type\":\"ListItem\",\"position\":3,\"name\":\"Braga Selene Roxana\"}]},{\"@type\":\"WebSite\",\"@id\":\"https:\\\/\\\/rosanacl.com\\\/ca\\\/#website\",\"url\":\"https:\\\/\\\/rosanacl.com\\\/ca\\\/\",\"name\":\"Rosana CL\",\"description\":\"Somos tu interior\",\"potentialAction\":[{\"@type\":\"SearchAction\",\"target\":{\"@type\":\"EntryPoint\",\"urlTemplate\":\"https:\\\/\\\/rosanacl.com\\\/ca\\\/?s={search_term_string}\"},\"query-input\":{\"@type\":\"PropertyValueSpecification\",\"valueRequired\":true,\"valueName\":\"search_term_string\"}}],\"inLanguage\":\"hu\"}]}<\/script>\n<!-- \/ Yoast SEO plugin. -->","yoast_head_json":{"title":"Braga Selene Roxana - Rosana CL","robots":{"index":"index","follow":"follow","max-snippet":"max-snippet:-1","max-image-preview":"max-image-preview:large","max-video-preview":"max-video-preview:-1"},"canonical":"https:\/\/rosanacl.com\/hu\/termek\/braga-selene-roxana\/","og_locale":"hu_HU","og_type":"article","og_title":"Braga Selene Roxana - Rosana CL","og_description":"La Braga Selene Roxana es una braga alta de control pensada para estilizar la zona del vientre con comodidad y un acabado elegante. Su combinaci\u00f3n de tul y detalle de fantas\u00eda en la parte delantera aporta un toque fino y femenino, ideal para sentirte sujeta sin renunciar a la suavidad. Es perfecta si buscas una [&hellip;]","og_url":"https:\/\/rosanacl.com\/hu\/termek\/braga-selene-roxana\/","og_site_name":"Rosana CL","article_modified_time":"2026-01-08T02:07:48+00:00","og_image":[{"width":1024,"height":1024,"url":"https:\/\/rosanacl.com\/wp-content\/uploads\/2025\/08\/1-7-1024x1024.png","type":"image\/png"}],"twitter_card":"summary_large_image","twitter_misc":{"Becs\u00fclt olvas\u00e1si id\u0151":"2 perc"},"schema":{"@context":"https:\/\/schema.org","@graph":[{"@type":"WebPage","@id":"https:\/\/rosanacl.com\/producto\/braga-selene-roxana\/","url":"https:\/\/rosanacl.com\/producto\/braga-selene-roxana\/","name":"Braga Selene Roxana - Rosana CL","isPartOf":{"@id":"https:\/\/rosanacl.com\/ca\/#website"},"primaryImageOfPage":{"@id":"https:\/\/rosanacl.com\/producto\/braga-selene-roxana\/#primaryimage"},"image":{"@id":"https:\/\/rosanacl.com\/producto\/braga-selene-roxana\/#primaryimage"},"thumbnailUrl":"https:\/\/rosanacl.com\/wp-content\/uploads\/2025\/08\/1-7.png","datePublished":"2025-08-19T07:18:31+00:00","dateModified":"2026-01-08T02:07:48+00:00","breadcrumb":{"@id":"https:\/\/rosanacl.com\/producto\/braga-selene-roxana\/#breadcrumb"},"inLanguage":"hu","potentialAction":[{"@type":"ReadAction","target":["https:\/\/rosanacl.com\/producto\/braga-selene-roxana\/"]}]},{"@type":"ImageObject","inLanguage":"hu","@id":"https:\/\/rosanacl.com\/producto\/braga-selene-roxana\/#primaryimage","url":"https:\/\/rosanacl.com\/wp-content\/uploads\/2025\/08\/1-7.png","contentUrl":"https:\/\/rosanacl.com\/wp-content\/uploads\/2025\/08\/1-7.png","width":1333,"height":1333},{"@type":"BreadcrumbList","@id":"https:\/\/rosanacl.com\/producto\/braga-selene-roxana\/#breadcrumb","itemListElement":[{"@type":"ListItem","position":1,"name":"Portada","item":"https:\/\/rosanacl.com\/ca\/"},{"@type":"ListItem","position":2,"name":"Tienda","item":"https:\/\/rosanacl.com\/ca\/tienda\/"},{"@type":"ListItem","position":3,"name":"Braga Selene Roxana"}]},{"@type":"WebSite","@id":"https:\/\/rosanacl.com\/ca\/#website","url":"https:\/\/rosanacl.com\/ca\/","name":"Rosana CL","description":"Mi vagyunk a bels\u0151 \u00e9ned","potentialAction":[{"@type":"SearchAction","target":{"@type":"EntryPoint","urlTemplate":"https:\/\/rosanacl.com\/ca\/?s={search_term_string}"},"query-input":{"@type":"PropertyValueSpecification","valueRequired":true,"valueName":"search_term_string"}}],"inLanguage":"hu"}]}},"_links":{"self":[{"href":"https:\/\/rosanacl.com\/hu\/wp-json\/wp\/v2\/product\/3446","targetHints":{"allow":["GET"]}}],"collection":[{"href":"https:\/\/rosanacl.com\/hu\/wp-json\/wp\/v2\/product"}],"about":[{"href":"https:\/\/rosanacl.com\/hu\/wp-json\/wp\/v2\/types\/product"}],"replies":[{"embeddable":true,"href":"https:\/\/rosanacl.com\/hu\/wp-json\/wp\/v2\/comments?post=3446"}],"version-history":[{"count":5,"href":"https:\/\/rosanacl.com\/hu\/wp-json\/wp\/v2\/product\/3446\/revisions"}],"predecessor-version":[{"id":4634,"href":"https:\/\/rosanacl.com\/hu\/wp-json\/wp\/v2\/product\/3446\/revisions\/4634"}],"wp:featuredmedia":[{"embeddable":true,"href":"https:\/\/rosanacl.com\/hu\/wp-json\/wp\/v2\/media\/3471"}],"wp:attachment":[{"href":"https:\/\/rosanacl.com\/hu\/wp-json\/wp\/v2\/media?parent=3446"}],"wp:term":[{"taxonomy":"product_brand","embeddable":true,"href":"https:\/\/rosanacl.com\/hu\/wp-json\/wp\/v2\/product_brand?post=3446"},{"taxonomy":"product_cat","embeddable":true,"href":"https:\/\/rosanacl.com\/hu\/wp-json\/wp\/v2\/product_cat?post=3446"},{"taxonomy":"product_tag","embeddable":true,"href":"https:\/\/rosanacl.com\/hu\/wp-json\/wp\/v2\/product_tag?post=3446"}],"curies":[{"name":"wp","href":"https:\/\/api.w.org\/{rel}","templated":true}]}}