{"id":3476,"date":"2025-08-19T09:29:50","date_gmt":"2025-08-19T07:29:50","guid":{"rendered":"https:\/\/rosanacl.com\/?post_type=product&#038;p=3476"},"modified":"2026-01-08T03:08:43","modified_gmt":"2026-01-08T02:08:43","slug":"braga-selene-brasilena-3121","status":"publish","type":"product","link":"https:\/\/rosanacl.com\/hu\/termek\/braga-selene-brasilena-3121\/","title":{"rendered":"Selene 3121 brazil bugyi"},"content":{"rendered":"<p>A Selene 3121-es brazil st\u00edlus\u00fa mini als\u00f3nem\u0171, amelyet \u00fagy terveztek, hogy n\u0151ies, eleg\u00e1ns \u00e9s nagyon el\u0151ny\u00f6s kidolgoz\u00e1ssal hangs\u00falyozza az alakot. A finom csipke \u00e9s a puha t\u00fcll kombin\u00e1ci\u00f3ja kifinomult megjelen\u00e9st k\u00f6lcs\u00f6n\u00f6z, \u00edgy ide\u00e1lis a k\u00e9nyelmes \u00e9s sz\u00e9p \u00e9rz\u00e9shez eg\u00e9sz nap.<\/p>\n<p>Brazil szab\u00e1sa \u00e1ramvonalasabb sziluettet k\u00f6lcs\u00f6n\u00f6z h\u00e1tul, m\u00edg az anyaga l\u00e1gyan esik, \u00edgy k\u00e9nyelmes viseletet biztos\u00edt mindennap. T\u00f6k\u00e9letes ruhadarab, ha a visszafogott \u00e9rz\u00e9kis\u00e9g \u00e9s a k\u00e9nyelem k\u00f6z\u00f6tti t\u00f6k\u00e9letes egyens\u00falyt keresed.<\/p>\n<p>Im\u00e1dnival\u00f3 r\u00e9szletek<\/p>\n<ul>\n<li>Brazil mini fazon: kiemeli a sziluettet \u00e9s nagyon el\u0151ny\u00f6s.<\/li>\n<li>Csipke + eleg\u00e1ns t\u00fcll: finom \u00e9s nagyon n\u0151ies kidolgoz\u00e1s.<\/li>\n<li>Puha \u00e9s k\u00e9nyelmes viselet: mindennapi haszn\u00e1latra tervezve.<\/li>\n<li>Tiszta megjelen\u00e9s ruh\u00e1k alatt: ide\u00e1lis testhez\u00e1ll\u00f3 \u00f6lt\u00f6z\u00e9kekhez.<\/li>\n<li>Illik az \u00f6lt\u00f6z\u00e9kedhez: t\u00f6k\u00e9letesen viselhet\u0151 a Selene Laia melltart\u00f3val.<\/li>\n<\/ul>\n<p>\ud83d\udde3\ufe0f Tipp: A brazil 3121-es modell sz\u00e9ps\u00e9ge a \u00abl\u00e1thatatlans\u00e1gban\u00bb rejlik: a t\u00fcll m\u00e1sodik b\u0151rk\u00e9nt alkalmazkodik, a csipke pedig laposan fekszik, \u00edgy a brazil szab\u00e1s \u00e9ppen annyira hangs\u00falyos, hogy napk\u00f6zben ne zavarjon.<\/p>\n<p>\ud83d\udccf Megjegyz\u00e9s: V\u00e1s\u00e1rl\u00e1s el\u0151tt ellen\u0151rizd a cs\u00edp\u0151b\u0151s\u00e9gedet: ha sz\u0171kebb szab\u00e1st szeretsz, v\u00e1laszd a szok\u00e1sos m\u00e9reted; ha k\u00e9t m\u00e9ret k\u00f6z\u00f6tt vagy, vagy puh\u00e1bb szeg\u00e9lyt szeretn\u00e9l (foltok n\u00e9lk\u00fcl), v\u00e1lassz egyel nagyobb m\u00e9retet.<\/p>\n<p>\u00d6sszet\u00e9tel: 85% poliamid, 15% elaszt\u00e1n. (Intim ter\u00fclet: pamut).<\/p>\n<p>\ud83d\udda4 \u00c9rz\u00e9ki minimalizmus: k\u00e9nyelmes, sz\u00e9p \u00e9s el\u0151ny\u00f6s.<\/p>\n<div id=\"v1ms-outlook-mobile-body-separator-line\" dir=\"auto\"><\/div>","protected":false},"excerpt":{"rendered":"<p>La Braga Selene Brasile\u00f1a 3121 es una braga mini de estilo brasile\u00f1a pensada para realzar la figura con un acabado femenino, elegante y muy favorecedor. Su combinaci\u00f3n de encaje delicado y tul suave crea un look sofisticado, ideal para sentirte c\u00f3moda y guapa durante todo el d\u00eda. Su corte brasile\u00f1o aporta un efecto visual m\u00e1s [&hellip;]<\/p>\n","protected":false},"featured_media":3493,"comment_status":"closed","ping_status":"closed","template":"","meta":{"content-type":""},"product_brand":[55],"product_cat":[19],"product_tag":[69],"class_list":{"0":"post-3476","1":"product","2":"type-product","3":"status-publish","4":"has-post-thumbnail","6":"product_brand-selene","7":"product_cat-braga","8":"product_tag-braga","10":"first","11":"instock","12":"taxable","13":"shipping-taxable","14":"purchasable","15":"product-type-variable"},"supplier_id":null,"supplier_sku":"","barcode":null,"atum_controlled":true,"out_stock_date":null,"out_stock_threshold":null,"inheritable":true,"inbound_stock":0,"stock_on_hold":0,"sold_today":null,"sales_last_days":null,"reserved_stock":0,"customer_returns":0,"warehouse_damage":0,"lost_in_post":0,"other_logs":0,"out_stock_days":null,"lost_sales":null,"has_location":false,"update_date":"2026-01-08T02:08:44","atum_locations":[],"atum_stock_status":"instock","restock_status":false,"low_stock_amount":"","sales_update_date":"2025-10-03T04:55:32","calc_backorders":null,"yoast_head":"<!-- This site is optimized with the Yoast SEO plugin v27.4 - https:\/\/yoast.com\/product\/yoast-seo-wordpress\/ -->\n<title>Braga Brasile\u00f1a Selene 3121 - Rosana CL<\/title>\n<meta name=\"robots\" content=\"index, follow, max-snippet:-1, max-image-preview:large, max-video-preview:-1\" \/>\n<link rel=\"canonical\" href=\"https:\/\/rosanacl.com\/hu\/termek\/braga-selene-brasilena-3121\/\" \/>\n<meta property=\"og:locale\" content=\"hu_HU\" \/>\n<meta property=\"og:type\" content=\"article\" \/>\n<meta property=\"og:title\" content=\"Braga Brasile\u00f1a Selene 3121 - Rosana CL\" \/>\n<meta property=\"og:description\" content=\"La Braga Selene Brasile\u00f1a 3121 es una braga mini de estilo brasile\u00f1a pensada para realzar la figura con un acabado femenino, elegante y muy favorecedor. Su combinaci\u00f3n de encaje delicado y tul suave crea un look sofisticado, ideal para sentirte c\u00f3moda y guapa durante todo el d\u00eda. Su corte brasile\u00f1o aporta un efecto visual m\u00e1s [&hellip;]\" \/>\n<meta property=\"og:url\" content=\"https:\/\/rosanacl.com\/hu\/termek\/braga-selene-brasilena-3121\/\" \/>\n<meta property=\"og:site_name\" content=\"Rosana CL\" \/>\n<meta property=\"article:modified_time\" content=\"2026-01-08T02:08:43+00:00\" \/>\n<meta property=\"og:image\" content=\"https:\/\/rosanacl.com\/wp-content\/uploads\/2025\/08\/1-8.png\" \/>\n\t<meta property=\"og:image:width\" content=\"492\" \/>\n\t<meta property=\"og:image:height\" content=\"698\" \/>\n\t<meta property=\"og:image:type\" content=\"image\/png\" \/>\n<meta name=\"twitter:card\" content=\"summary_large_image\" \/>\n<meta name=\"twitter:label1\" content=\"Becs\u00fclt olvas\u00e1si id\u0151\" \/>\n\t<meta name=\"twitter:data1\" content=\"2 perc\" \/>\n<script type=\"application\/ld+json\" class=\"yoast-schema-graph\">{\"@context\":\"https:\\\/\\\/schema.org\",\"@graph\":[{\"@type\":\"WebPage\",\"@id\":\"https:\\\/\\\/rosanacl.com\\\/producto\\\/braga-selene-brasilena-3121\\\/\",\"url\":\"https:\\\/\\\/rosanacl.com\\\/producto\\\/braga-selene-brasilena-3121\\\/\",\"name\":\"Braga Brasile\u00f1a Selene 3121 - Rosana CL\",\"isPartOf\":{\"@id\":\"https:\\\/\\\/rosanacl.com\\\/ca\\\/#website\"},\"primaryImageOfPage\":{\"@id\":\"https:\\\/\\\/rosanacl.com\\\/producto\\\/braga-selene-brasilena-3121\\\/#primaryimage\"},\"image\":{\"@id\":\"https:\\\/\\\/rosanacl.com\\\/producto\\\/braga-selene-brasilena-3121\\\/#primaryimage\"},\"thumbnailUrl\":\"https:\\\/\\\/rosanacl.com\\\/wp-content\\\/uploads\\\/2025\\\/08\\\/1-8.png\",\"datePublished\":\"2025-08-19T07:29:50+00:00\",\"dateModified\":\"2026-01-08T02:08:43+00:00\",\"breadcrumb\":{\"@id\":\"https:\\\/\\\/rosanacl.com\\\/producto\\\/braga-selene-brasilena-3121\\\/#breadcrumb\"},\"inLanguage\":\"hu\",\"potentialAction\":[{\"@type\":\"ReadAction\",\"target\":[\"https:\\\/\\\/rosanacl.com\\\/producto\\\/braga-selene-brasilena-3121\\\/\"]}]},{\"@type\":\"ImageObject\",\"inLanguage\":\"hu\",\"@id\":\"https:\\\/\\\/rosanacl.com\\\/producto\\\/braga-selene-brasilena-3121\\\/#primaryimage\",\"url\":\"https:\\\/\\\/rosanacl.com\\\/wp-content\\\/uploads\\\/2025\\\/08\\\/1-8.png\",\"contentUrl\":\"https:\\\/\\\/rosanacl.com\\\/wp-content\\\/uploads\\\/2025\\\/08\\\/1-8.png\",\"width\":492,\"height\":698},{\"@type\":\"BreadcrumbList\",\"@id\":\"https:\\\/\\\/rosanacl.com\\\/producto\\\/braga-selene-brasilena-3121\\\/#breadcrumb\",\"itemListElement\":[{\"@type\":\"ListItem\",\"position\":1,\"name\":\"Portada\",\"item\":\"https:\\\/\\\/rosanacl.com\\\/ca\\\/\"},{\"@type\":\"ListItem\",\"position\":2,\"name\":\"Tienda\",\"item\":\"https:\\\/\\\/rosanacl.com\\\/ca\\\/tienda\\\/\"},{\"@type\":\"ListItem\",\"position\":3,\"name\":\"Braga Brasile\u00f1a Selene 3121\"}]},{\"@type\":\"WebSite\",\"@id\":\"https:\\\/\\\/rosanacl.com\\\/ca\\\/#website\",\"url\":\"https:\\\/\\\/rosanacl.com\\\/ca\\\/\",\"name\":\"Rosana CL\",\"description\":\"Somos tu interior\",\"potentialAction\":[{\"@type\":\"SearchAction\",\"target\":{\"@type\":\"EntryPoint\",\"urlTemplate\":\"https:\\\/\\\/rosanacl.com\\\/ca\\\/?s={search_term_string}\"},\"query-input\":{\"@type\":\"PropertyValueSpecification\",\"valueRequired\":true,\"valueName\":\"search_term_string\"}}],\"inLanguage\":\"hu\"}]}<\/script>\n<!-- \/ Yoast SEO plugin. -->","yoast_head_json":{"title":"Braga Brasile\u00f1a Selene 3121 - Rosana CL","robots":{"index":"index","follow":"follow","max-snippet":"max-snippet:-1","max-image-preview":"max-image-preview:large","max-video-preview":"max-video-preview:-1"},"canonical":"https:\/\/rosanacl.com\/hu\/termek\/braga-selene-brasilena-3121\/","og_locale":"hu_HU","og_type":"article","og_title":"Braga Brasile\u00f1a Selene 3121 - Rosana CL","og_description":"La Braga Selene Brasile\u00f1a 3121 es una braga mini de estilo brasile\u00f1a pensada para realzar la figura con un acabado femenino, elegante y muy favorecedor. Su combinaci\u00f3n de encaje delicado y tul suave crea un look sofisticado, ideal para sentirte c\u00f3moda y guapa durante todo el d\u00eda. Su corte brasile\u00f1o aporta un efecto visual m\u00e1s [&hellip;]","og_url":"https:\/\/rosanacl.com\/hu\/termek\/braga-selene-brasilena-3121\/","og_site_name":"Rosana CL","article_modified_time":"2026-01-08T02:08:43+00:00","og_image":[{"width":492,"height":698,"url":"https:\/\/rosanacl.com\/wp-content\/uploads\/2025\/08\/1-8.png","type":"image\/png"}],"twitter_card":"summary_large_image","twitter_misc":{"Becs\u00fclt olvas\u00e1si id\u0151":"2 perc"},"schema":{"@context":"https:\/\/schema.org","@graph":[{"@type":"WebPage","@id":"https:\/\/rosanacl.com\/producto\/braga-selene-brasilena-3121\/","url":"https:\/\/rosanacl.com\/producto\/braga-selene-brasilena-3121\/","name":"Braga Brasile\u00f1a Selene 3121 - Rosana CL","isPartOf":{"@id":"https:\/\/rosanacl.com\/ca\/#website"},"primaryImageOfPage":{"@id":"https:\/\/rosanacl.com\/producto\/braga-selene-brasilena-3121\/#primaryimage"},"image":{"@id":"https:\/\/rosanacl.com\/producto\/braga-selene-brasilena-3121\/#primaryimage"},"thumbnailUrl":"https:\/\/rosanacl.com\/wp-content\/uploads\/2025\/08\/1-8.png","datePublished":"2025-08-19T07:29:50+00:00","dateModified":"2026-01-08T02:08:43+00:00","breadcrumb":{"@id":"https:\/\/rosanacl.com\/producto\/braga-selene-brasilena-3121\/#breadcrumb"},"inLanguage":"hu","potentialAction":[{"@type":"ReadAction","target":["https:\/\/rosanacl.com\/producto\/braga-selene-brasilena-3121\/"]}]},{"@type":"ImageObject","inLanguage":"hu","@id":"https:\/\/rosanacl.com\/producto\/braga-selene-brasilena-3121\/#primaryimage","url":"https:\/\/rosanacl.com\/wp-content\/uploads\/2025\/08\/1-8.png","contentUrl":"https:\/\/rosanacl.com\/wp-content\/uploads\/2025\/08\/1-8.png","width":492,"height":698},{"@type":"BreadcrumbList","@id":"https:\/\/rosanacl.com\/producto\/braga-selene-brasilena-3121\/#breadcrumb","itemListElement":[{"@type":"ListItem","position":1,"name":"Portada","item":"https:\/\/rosanacl.com\/ca\/"},{"@type":"ListItem","position":2,"name":"Tienda","item":"https:\/\/rosanacl.com\/ca\/tienda\/"},{"@type":"ListItem","position":3,"name":"Braga Brasile\u00f1a Selene 3121"}]},{"@type":"WebSite","@id":"https:\/\/rosanacl.com\/ca\/#website","url":"https:\/\/rosanacl.com\/ca\/","name":"Rosana CL","description":"Mi vagyunk a bels\u0151 \u00e9ned","potentialAction":[{"@type":"SearchAction","target":{"@type":"EntryPoint","urlTemplate":"https:\/\/rosanacl.com\/ca\/?s={search_term_string}"},"query-input":{"@type":"PropertyValueSpecification","valueRequired":true,"valueName":"search_term_string"}}],"inLanguage":"hu"}]}},"_links":{"self":[{"href":"https:\/\/rosanacl.com\/hu\/wp-json\/wp\/v2\/product\/3476","targetHints":{"allow":["GET"]}}],"collection":[{"href":"https:\/\/rosanacl.com\/hu\/wp-json\/wp\/v2\/product"}],"about":[{"href":"https:\/\/rosanacl.com\/hu\/wp-json\/wp\/v2\/types\/product"}],"replies":[{"embeddable":true,"href":"https:\/\/rosanacl.com\/hu\/wp-json\/wp\/v2\/comments?post=3476"}],"version-history":[{"count":5,"href":"https:\/\/rosanacl.com\/hu\/wp-json\/wp\/v2\/product\/3476\/revisions"}],"predecessor-version":[{"id":4635,"href":"https:\/\/rosanacl.com\/hu\/wp-json\/wp\/v2\/product\/3476\/revisions\/4635"}],"wp:featuredmedia":[{"embeddable":true,"href":"https:\/\/rosanacl.com\/hu\/wp-json\/wp\/v2\/media\/3493"}],"wp:attachment":[{"href":"https:\/\/rosanacl.com\/hu\/wp-json\/wp\/v2\/media?parent=3476"}],"wp:term":[{"taxonomy":"product_brand","embeddable":true,"href":"https:\/\/rosanacl.com\/hu\/wp-json\/wp\/v2\/product_brand?post=3476"},{"taxonomy":"product_cat","embeddable":true,"href":"https:\/\/rosanacl.com\/hu\/wp-json\/wp\/v2\/product_cat?post=3476"},{"taxonomy":"product_tag","embeddable":true,"href":"https:\/\/rosanacl.com\/hu\/wp-json\/wp\/v2\/product_tag?post=3476"}],"curies":[{"name":"wp","href":"https:\/\/api.w.org\/{rel}","templated":true}]}}