{"id":3498,"date":"2025-08-19T09:36:13","date_gmt":"2025-08-19T07:36:13","guid":{"rendered":"https:\/\/rosanacl.com\/?post_type=product&#038;p=3498"},"modified":"2026-04-15T15:03:39","modified_gmt":"2026-04-15T13:03:39","slug":"braga-selene-3123","status":"publish","type":"product","link":"https:\/\/rosanacl.com\/hu\/termek\/braga-selene-3123\/","title":{"rendered":"Braga Selene 3123"},"content":{"rendered":"<p>Selene 3123 als\u00f3nadr\u00e1g a Creaciones Selene-t\u0151l: magas derek\u00fa als\u00f3, amely k\u00e9nyelmes szab\u00e1ssal \u00e9s eleg\u00e1ns kidolgoz\u00e1ssal kiemeli az alakot. Az el\u00fcls\u0151 r\u00e9sz finoman dombornyomott mint\u00e1s anyagb\u00f3l k\u00e9sz\u00fclt, m\u00edg a h\u00e1ts\u00f3 r\u00e9sz sima, puha tapint\u00e1s\u00fa a varr\u00e1smentes illeszked\u00e9s \u00e9rdek\u00e9ben.<\/p>\n<p>\u00dagy tervezt\u00e9k, hogy minden nap elk\u00eds\u00e9rjen an\u00e9lk\u00fcl, hogy fel\u00e1ldozn\u00e1 a \u00abj\u00f3\u00bb k\u00f6z\u00e9rzetet: magas dekolt\u00e1zsa gyeng\u00e9den megemeli a testet, biztons\u00e1got ny\u00fajt, \u00e9s el\u0151ny\u00f6s sziluettet hoz l\u00e9tre a ruha alatt. Ide\u00e1lis bugyi, ha val\u00f3di k\u00e9nyelmet, j\u00f3 tart\u00e1st \u00e9s kifinomult megjelen\u00e9st keresel, ak\u00e1r mindennapi viseletr\u0151l, ak\u00e1r k\u00fcl\u00f6nleges alkalmakkor.<\/p>\n<p>Im\u00e1dnival\u00f3 r\u00e9szletek<\/p>\n<ul>\n<li>El\u0151ny\u00f6s, magas derek\u00fa als\u00f3: seg\u00edtenek karcs\u00fas\u00edtani \u00e9s remek\u00fcl kin\u00e9zni.<\/li>\n<li>Nyomott anyaggal bevont el\u00fcls\u0151 r\u00e9sz: eleg\u00e1ns \u00e9s egyedi megjelen\u00e9st k\u00f6lcs\u00f6n\u00f6z.<\/li>\n<li>Sima \u00e9s k\u00e9nyelmes h\u00e1tr\u00e9sz: puha tapint\u00e1s\u00fa \u00e9s \u00f3r\u00e1kon \u00e1t k\u00e9nyelmes viselet.<\/li>\n<li>Tiszta fel\u00fclet ruh\u00e1zat alatt: \u00fagy tervezt\u00e9k, hogy sz\u00e9p legyen \u00e9s k\u00e9nyelmes legyen.<\/li>\n<li>Ide\u00e1lis mindennapi haszn\u00e1latra: k\u00e9nyelmes tart\u00e1s.<\/li>\n<\/ul>\n<p>\ud83d\udde3\ufe0f Tipp: Ezek a Selene 3123 magas derek\u00fa als\u00f3k \u00fagy lettek kialak\u00edtva, hogy tart\u00e1st \u00e9s &quot;csinos&quot; \u00e9rz\u00e9st ny\u00fajtsanak an\u00e9lk\u00fcl, hogy t\u00fal szorosak lenn\u00e9nek: a dombornyomott el\u00fcls\u0151 r\u00e9sz eleganci\u00e1t k\u00f6lcs\u00f6n\u00f6z, a sima h\u00e1tr\u00e9sz pedig puha illeszked\u00e9st \u00e9s letisztultabb megjelen\u00e9st biztos\u00edt ruha alatt.<\/p>\n<p>\ud83d\udccf Megjegyz\u00e9s: Ha k\u00e9nyelmes, testhez simul\u00f3 szab\u00e1st szeretn\u00e9l (l\u00e1that\u00f3 vonalak n\u00e9lk\u00fcl), v\u00e1laszd azt a m\u00e9retet, amelyben \u00e1ltal\u00e1ban a legk\u00e9nyelmesebben \u00e9rzed magad magas derek\u00fa als\u00f3ban. Ha k\u00e9t m\u00e9ret k\u00f6z\u00f6tt ingadozol, gondold \u00e1t, hogyan szereted hordani: nagyobb tart\u00e1st (a kisebb m\u00e9ret) vagy k\u00f6nnyedebb \u00e9rzetet (a nagyobb m\u00e9ret).<\/p>\n<p>Szett: passzol a Selene Teresa \u00e9s a Mariv\u00ed melltart\u00f3hoz.<\/p>\n<p>\u00d6sszet\u00e9tel: 85% poliamid, 15% elaszt\u00e1n.<\/p>\n<div id=\"v1ms-outlook-mobile-body-separator-line\" dir=\"auto\"><p>\ud83c\udf38 Mert a k\u00fcl\u00f6nbs\u00e9g a r\u00e9szletekben rejlik\u2026 \u00e9s ezek a r\u00e9szletek \u00e9szrevehet\u0151k.<\/p>\n<\/div>","protected":false},"excerpt":{"rendered":"<p>Braga Selene 3123 de Creaciones Selene: braga alta pensada para estilizar la figura con un ajuste c\u00f3modo y un acabado elegante. La parte delantera destaca por su tejido estampado con relieve sutil, y la trasera mantiene un tacto liso y suave para que se adapte sin marcar. Dise\u00f1ada para acompa\u00f1arte en el d\u00eda a d\u00eda [&hellip;]<\/p>\n","protected":false},"featured_media":3524,"comment_status":"closed","ping_status":"closed","template":"","meta":{"content-type":""},"product_brand":[55],"product_cat":[19],"product_tag":[69],"class_list":{"0":"post-3498","1":"product","2":"type-product","3":"status-publish","4":"has-post-thumbnail","6":"product_brand-selene","7":"product_cat-braga","8":"product_tag-braga","10":"first","11":"instock","12":"taxable","13":"shipping-taxable","14":"purchasable","15":"product-type-variable"},"supplier_id":null,"supplier_sku":"","barcode":null,"atum_controlled":true,"out_stock_date":null,"out_stock_threshold":null,"inheritable":true,"inbound_stock":0,"stock_on_hold":1,"sold_today":1,"sales_last_days":1,"reserved_stock":0,"customer_returns":0,"warehouse_damage":0,"lost_in_post":0,"other_logs":0,"out_stock_days":null,"lost_sales":0,"has_location":false,"update_date":"2026-04-15T13:03:42","atum_locations":[],"atum_stock_status":"instock","restock_status":false,"low_stock_amount":"","sales_update_date":"2025-10-03T04:55:31","calc_backorders":null,"yoast_head":"<!-- This site is optimized with the Yoast SEO plugin v27.4 - https:\/\/yoast.com\/product\/yoast-seo-wordpress\/ -->\n<title>Braga Selene 3123 - Rosana CL<\/title>\n<meta name=\"robots\" content=\"index, follow, max-snippet:-1, max-image-preview:large, max-video-preview:-1\" \/>\n<link rel=\"canonical\" href=\"https:\/\/rosanacl.com\/hu\/termek\/braga-selene-3123\/\" \/>\n<meta property=\"og:locale\" content=\"hu_HU\" \/>\n<meta property=\"og:type\" content=\"article\" \/>\n<meta property=\"og:title\" content=\"Braga Selene 3123 - Rosana CL\" \/>\n<meta property=\"og:description\" content=\"Braga Selene 3123 de Creaciones Selene: braga alta pensada para estilizar la figura con un ajuste c\u00f3modo y un acabado elegante. La parte delantera destaca por su tejido estampado con relieve sutil, y la trasera mantiene un tacto liso y suave para que se adapte sin marcar. Dise\u00f1ada para acompa\u00f1arte en el d\u00eda a d\u00eda [&hellip;]\" \/>\n<meta property=\"og:url\" content=\"https:\/\/rosanacl.com\/hu\/termek\/braga-selene-3123\/\" \/>\n<meta property=\"og:site_name\" content=\"Rosana CL\" \/>\n<meta property=\"article:modified_time\" content=\"2026-04-15T13:03:39+00:00\" \/>\n<meta property=\"og:image\" content=\"https:\/\/rosanacl.com\/wp-content\/uploads\/2025\/08\/1-9.png\" \/>\n\t<meta property=\"og:image:width\" content=\"1333\" \/>\n\t<meta property=\"og:image:height\" content=\"1333\" \/>\n\t<meta property=\"og:image:type\" content=\"image\/png\" \/>\n<meta name=\"twitter:card\" content=\"summary_large_image\" \/>\n<meta name=\"twitter:label1\" content=\"Becs\u00fclt olvas\u00e1si id\u0151\" \/>\n\t<meta name=\"twitter:data1\" content=\"2 perc\" \/>\n<script type=\"application\/ld+json\" class=\"yoast-schema-graph\">{\"@context\":\"https:\\\/\\\/schema.org\",\"@graph\":[{\"@type\":\"WebPage\",\"@id\":\"https:\\\/\\\/rosanacl.com\\\/producto\\\/braga-selene-3123\\\/\",\"url\":\"https:\\\/\\\/rosanacl.com\\\/producto\\\/braga-selene-3123\\\/\",\"name\":\"Braga Selene 3123 - Rosana CL\",\"isPartOf\":{\"@id\":\"https:\\\/\\\/rosanacl.com\\\/ca\\\/#website\"},\"primaryImageOfPage\":{\"@id\":\"https:\\\/\\\/rosanacl.com\\\/producto\\\/braga-selene-3123\\\/#primaryimage\"},\"image\":{\"@id\":\"https:\\\/\\\/rosanacl.com\\\/producto\\\/braga-selene-3123\\\/#primaryimage\"},\"thumbnailUrl\":\"https:\\\/\\\/rosanacl.com\\\/wp-content\\\/uploads\\\/2025\\\/08\\\/1-9.png\",\"datePublished\":\"2025-08-19T07:36:13+00:00\",\"dateModified\":\"2026-04-15T13:03:39+00:00\",\"breadcrumb\":{\"@id\":\"https:\\\/\\\/rosanacl.com\\\/producto\\\/braga-selene-3123\\\/#breadcrumb\"},\"inLanguage\":\"hu\",\"potentialAction\":[{\"@type\":\"ReadAction\",\"target\":[\"https:\\\/\\\/rosanacl.com\\\/producto\\\/braga-selene-3123\\\/\"]}]},{\"@type\":\"ImageObject\",\"inLanguage\":\"hu\",\"@id\":\"https:\\\/\\\/rosanacl.com\\\/producto\\\/braga-selene-3123\\\/#primaryimage\",\"url\":\"https:\\\/\\\/rosanacl.com\\\/wp-content\\\/uploads\\\/2025\\\/08\\\/1-9.png\",\"contentUrl\":\"https:\\\/\\\/rosanacl.com\\\/wp-content\\\/uploads\\\/2025\\\/08\\\/1-9.png\",\"width\":1333,\"height\":1333},{\"@type\":\"BreadcrumbList\",\"@id\":\"https:\\\/\\\/rosanacl.com\\\/producto\\\/braga-selene-3123\\\/#breadcrumb\",\"itemListElement\":[{\"@type\":\"ListItem\",\"position\":1,\"name\":\"Portada\",\"item\":\"https:\\\/\\\/rosanacl.com\\\/ca\\\/\"},{\"@type\":\"ListItem\",\"position\":2,\"name\":\"Tienda\",\"item\":\"https:\\\/\\\/rosanacl.com\\\/ca\\\/tienda\\\/\"},{\"@type\":\"ListItem\",\"position\":3,\"name\":\"Braga Selene 3123\"}]},{\"@type\":\"WebSite\",\"@id\":\"https:\\\/\\\/rosanacl.com\\\/ca\\\/#website\",\"url\":\"https:\\\/\\\/rosanacl.com\\\/ca\\\/\",\"name\":\"Rosana CL\",\"description\":\"Somos tu interior\",\"potentialAction\":[{\"@type\":\"SearchAction\",\"target\":{\"@type\":\"EntryPoint\",\"urlTemplate\":\"https:\\\/\\\/rosanacl.com\\\/ca\\\/?s={search_term_string}\"},\"query-input\":{\"@type\":\"PropertyValueSpecification\",\"valueRequired\":true,\"valueName\":\"search_term_string\"}}],\"inLanguage\":\"hu\"}]}<\/script>\n<!-- \/ Yoast SEO plugin. -->","yoast_head_json":{"title":"Braga Selene 3123 - Rosana CL","robots":{"index":"index","follow":"follow","max-snippet":"max-snippet:-1","max-image-preview":"max-image-preview:large","max-video-preview":"max-video-preview:-1"},"canonical":"https:\/\/rosanacl.com\/hu\/termek\/braga-selene-3123\/","og_locale":"hu_HU","og_type":"article","og_title":"Braga Selene 3123 - Rosana CL","og_description":"Braga Selene 3123 de Creaciones Selene: braga alta pensada para estilizar la figura con un ajuste c\u00f3modo y un acabado elegante. La parte delantera destaca por su tejido estampado con relieve sutil, y la trasera mantiene un tacto liso y suave para que se adapte sin marcar. Dise\u00f1ada para acompa\u00f1arte en el d\u00eda a d\u00eda [&hellip;]","og_url":"https:\/\/rosanacl.com\/hu\/termek\/braga-selene-3123\/","og_site_name":"Rosana CL","article_modified_time":"2026-04-15T13:03:39+00:00","og_image":[{"width":1333,"height":1333,"url":"https:\/\/rosanacl.com\/wp-content\/uploads\/2025\/08\/1-9.png","type":"image\/png"}],"twitter_card":"summary_large_image","twitter_misc":{"Becs\u00fclt olvas\u00e1si id\u0151":"2 perc"},"schema":{"@context":"https:\/\/schema.org","@graph":[{"@type":"WebPage","@id":"https:\/\/rosanacl.com\/producto\/braga-selene-3123\/","url":"https:\/\/rosanacl.com\/producto\/braga-selene-3123\/","name":"Braga Selene 3123 - Rosana CL","isPartOf":{"@id":"https:\/\/rosanacl.com\/ca\/#website"},"primaryImageOfPage":{"@id":"https:\/\/rosanacl.com\/producto\/braga-selene-3123\/#primaryimage"},"image":{"@id":"https:\/\/rosanacl.com\/producto\/braga-selene-3123\/#primaryimage"},"thumbnailUrl":"https:\/\/rosanacl.com\/wp-content\/uploads\/2025\/08\/1-9.png","datePublished":"2025-08-19T07:36:13+00:00","dateModified":"2026-04-15T13:03:39+00:00","breadcrumb":{"@id":"https:\/\/rosanacl.com\/producto\/braga-selene-3123\/#breadcrumb"},"inLanguage":"hu","potentialAction":[{"@type":"ReadAction","target":["https:\/\/rosanacl.com\/producto\/braga-selene-3123\/"]}]},{"@type":"ImageObject","inLanguage":"hu","@id":"https:\/\/rosanacl.com\/producto\/braga-selene-3123\/#primaryimage","url":"https:\/\/rosanacl.com\/wp-content\/uploads\/2025\/08\/1-9.png","contentUrl":"https:\/\/rosanacl.com\/wp-content\/uploads\/2025\/08\/1-9.png","width":1333,"height":1333},{"@type":"BreadcrumbList","@id":"https:\/\/rosanacl.com\/producto\/braga-selene-3123\/#breadcrumb","itemListElement":[{"@type":"ListItem","position":1,"name":"Portada","item":"https:\/\/rosanacl.com\/ca\/"},{"@type":"ListItem","position":2,"name":"Tienda","item":"https:\/\/rosanacl.com\/ca\/tienda\/"},{"@type":"ListItem","position":3,"name":"Braga Selene 3123"}]},{"@type":"WebSite","@id":"https:\/\/rosanacl.com\/ca\/#website","url":"https:\/\/rosanacl.com\/ca\/","name":"Rosana CL","description":"Mi vagyunk a bels\u0151 \u00e9ned","potentialAction":[{"@type":"SearchAction","target":{"@type":"EntryPoint","urlTemplate":"https:\/\/rosanacl.com\/ca\/?s={search_term_string}"},"query-input":{"@type":"PropertyValueSpecification","valueRequired":true,"valueName":"search_term_string"}}],"inLanguage":"hu"}]}},"_links":{"self":[{"href":"https:\/\/rosanacl.com\/hu\/wp-json\/wp\/v2\/product\/3498","targetHints":{"allow":["GET"]}}],"collection":[{"href":"https:\/\/rosanacl.com\/hu\/wp-json\/wp\/v2\/product"}],"about":[{"href":"https:\/\/rosanacl.com\/hu\/wp-json\/wp\/v2\/types\/product"}],"replies":[{"embeddable":true,"href":"https:\/\/rosanacl.com\/hu\/wp-json\/wp\/v2\/comments?post=3498"}],"version-history":[{"count":5,"href":"https:\/\/rosanacl.com\/hu\/wp-json\/wp\/v2\/product\/3498\/revisions"}],"predecessor-version":[{"id":4636,"href":"https:\/\/rosanacl.com\/hu\/wp-json\/wp\/v2\/product\/3498\/revisions\/4636"}],"wp:featuredmedia":[{"embeddable":true,"href":"https:\/\/rosanacl.com\/hu\/wp-json\/wp\/v2\/media\/3524"}],"wp:attachment":[{"href":"https:\/\/rosanacl.com\/hu\/wp-json\/wp\/v2\/media?parent=3498"}],"wp:term":[{"taxonomy":"product_brand","embeddable":true,"href":"https:\/\/rosanacl.com\/hu\/wp-json\/wp\/v2\/product_brand?post=3498"},{"taxonomy":"product_cat","embeddable":true,"href":"https:\/\/rosanacl.com\/hu\/wp-json\/wp\/v2\/product_cat?post=3498"},{"taxonomy":"product_tag","embeddable":true,"href":"https:\/\/rosanacl.com\/hu\/wp-json\/wp\/v2\/product_tag?post=3498"}],"curies":[{"name":"wp","href":"https:\/\/api.w.org\/{rel}","templated":true}]}}