{"id":353,"date":"2025-04-29T14:25:52","date_gmt":"2025-04-29T12:25:52","guid":{"rendered":"https:\/\/rosanacl.com\/?post_type=product&#038;p=353"},"modified":"2026-01-07T22:01:53","modified_gmt":"2026-01-07T21:01:53","slug":"sujetador-modelo-zafiro","status":"publish","type":"product","link":"https:\/\/rosanacl.com\/hu\/termek\/sujetador-modelo-zafiro\/","title":{"rendered":"Selene Zaf\u00edr Melltart\u00f3"},"content":{"rendered":"<p>Vannak ruhadarabok, amik nem adnak ki hangot\u2026 m\u00e9gis megv\u00e1ltoztatj\u00e1k a napodat. A Zafiro-t azoknak tervezt\u00e9k, akik kifog\u00e1stalanul szeretn\u00e9nek kin\u00e9zni er\u0151fesz\u00edt\u00e9s n\u00e9lk\u00fcl: tart\u00e1st ad\u00f3 merev\u00edt\u0151k, puha mikrosz\u00e1las anyag \u00e9s letisztult kidolgoz\u00e1s, amely z\u00f6kken\u0151mentesen simul a ruh\u00e1zat al\u00e1, mintha a tested r\u00e9sze lenne.<\/p>\n<p>K\u00fcl\u00f6nlegess\u00e9ge az egyens\u00falyban rejlik: feszess\u00e9g \u00e9s k\u00f6nnyeds\u00e9g, a t\u00fcll k\u00fcls\u0151 r\u00e9tege pedig eleg\u00e1ns, visszafogott \u00e9s n\u0151ies hat\u00e1st k\u00f6lcs\u00f6n\u00f6z. Ide\u00e1lis, ha mindennapi melltart\u00f3t keresel... butikszer\u0171 hangulattal.<\/p>\n<p>Kiemelked\u0151 r\u00e9szletek<\/p>\n<ul>\n<li>Karik\u00e1k, amelyek \u00f6sszegy\u0171lnek \u00e9s fokoznak an\u00e9lk\u00fcl, hogy t\u00falozn\u00e1nak.<\/li>\n<li>Puha \u00e9s rugalmas mikrosz\u00e1las anyag, &quot;m\u00e1sodik b\u0151r&quot; \u00e9rzet\u00ab<\/li>\n<li>Finom k\u00fcls\u0151 t\u00fcll a finomabb \u00e9s eleg\u00e1nsabb hat\u00e1s\u00e9rt.<\/li>\n<li>Stabil \u00e9s biztos tart\u00e1s eg\u00e9sz napra.<\/li>\n<li>Diszkr\u00e9t kidolgoz\u00e1s p\u00f3l\u00f3k \u00e9s testhez\u00e1ll\u00f3 ruhadarabok alatt.<\/li>\n<\/ul>\n<p>\ud83d\udde3\ufe0f Tipp: Ha azt a \u00abminden tiszt\u00e1bbnak t\u0171nik\u00bb hat\u00e1st keresed, an\u00e9lk\u00fcl, hogy nagynak \u00e9rezn\u00e9d magad, a Zafiro ide\u00e1lis v\u00e1laszt\u00e1s: tart \u00e9s al\u00e1t\u00e1maszt, kifinomultabb\u00e1 teszi a sziluettet, a t\u00fcll pedig azt a finom \u00e9rint\u00e9st adja, amit csak a t\u00fck\u00f6rben \u00e9szreveszel.<\/p>\n<p>\ud83d\udccf Megjegyz\u00e9s: Az els\u0151re t\u00f6k\u00e9letes m\u00e9ret kiv\u00e1laszt\u00e1s\u00e1hoz a k\u00edv\u00e1nt \u00e9rzet alapj\u00e1n v\u00e1laszd ki a m\u00e9retet: ha a szoros, tart\u00e1st ad\u00f3 illeszked\u00e9st kedveled, a p\u00e1ntm\u00e9retet v\u00e1laszd; ha a puh\u00e1bb illeszked\u00e9st kedveled, a mellm\u00e9retet. Ha pedig a k\u00e9t m\u00e9ret k\u00f6z\u00f6tt vagy, v\u00e1laszd azt, amelyik lehet\u0151v\u00e9 teszi a k\u00e9nyelmes l\u00e9gz\u00e9st an\u00e9lk\u00fcl, hogy a p\u00e1nt elmozdulna.<\/p>\n<p>\u00d6sszet\u00e9tel: 82% poliamid, 18% elaszt\u00e1n.<\/p>\n<p>\ud83e\udd8b Amikor gondolkod\u00e1s n\u00e9lk\u00fcl szeretn\u00e9l j\u00f3l kin\u00e9zni.<\/p>","protected":false},"excerpt":{"rendered":"<p>Hay prendas que no hacen ruido&#8230; pero cambian el d\u00eda. Zafiro est\u00e1 pensado para cuando quieres verte impecable sin esforzarte: aros que sujetan, microfibra suave y un acabado limpio que se integra bajo la ropa como si fuera parte de ti. Su toque especial est\u00e1 en el equilibrio: firmeza y ligereza, con una capa exterior [&hellip;]<\/p>\n","protected":false},"featured_media":1474,"comment_status":"open","ping_status":"closed","template":"","meta":{"content-type":""},"product_brand":[55],"product_cat":[80,24,20],"product_tag":[57,56],"class_list":{"0":"post-353","1":"product","2":"type-product","3":"status-publish","4":"has-post-thumbnail","6":"product_brand-selene","7":"product_cat-con-aros-sin-relleno","8":"product_cat-sin-relleno","9":"product_cat-sujetador","10":"product_tag-sin-relleno","11":"product_tag-sujetador","13":"first","14":"instock","15":"taxable","16":"shipping-taxable","17":"purchasable","18":"product-type-variable"},"supplier_id":null,"supplier_sku":"","barcode":null,"atum_controlled":true,"out_stock_date":null,"out_stock_threshold":null,"inheritable":true,"inbound_stock":0,"stock_on_hold":0,"sold_today":0,"sales_last_days":0,"reserved_stock":0,"customer_returns":0,"warehouse_damage":0,"lost_in_post":0,"other_logs":0,"out_stock_days":0,"lost_sales":0,"has_location":false,"update_date":"2026-01-07T21:01:54","atum_locations":[],"atum_stock_status":"instock","restock_status":false,"low_stock_amount":"","sales_update_date":"2025-10-03T04:57:16","calc_backorders":null,"yoast_head":"<!-- This site is optimized with the Yoast SEO plugin v27.4 - https:\/\/yoast.com\/product\/yoast-seo-wordpress\/ -->\n<title>Sujetador Selene Zafiro - Rosana CL<\/title>\n<meta name=\"robots\" content=\"index, follow, max-snippet:-1, max-image-preview:large, max-video-preview:-1\" \/>\n<link rel=\"canonical\" href=\"https:\/\/rosanacl.com\/hu\/termek\/sujetador-modelo-zafiro\/\" \/>\n<meta property=\"og:locale\" content=\"hu_HU\" \/>\n<meta property=\"og:type\" content=\"article\" \/>\n<meta property=\"og:title\" content=\"Sujetador Selene Zafiro - Rosana CL\" \/>\n<meta property=\"og:description\" content=\"Hay prendas que no hacen ruido&#8230; pero cambian el d\u00eda. Zafiro est\u00e1 pensado para cuando quieres verte impecable sin esforzarte: aros que sujetan, microfibra suave y un acabado limpio que se integra bajo la ropa como si fuera parte de ti. Su toque especial est\u00e1 en el equilibrio: firmeza y ligereza, con una capa exterior [&hellip;]\" \/>\n<meta property=\"og:url\" content=\"https:\/\/rosanacl.com\/hu\/termek\/sujetador-modelo-zafiro\/\" \/>\n<meta property=\"og:site_name\" content=\"Rosana CL\" \/>\n<meta property=\"article:modified_time\" content=\"2026-01-07T21:01:53+00:00\" \/>\n<meta property=\"og:image\" content=\"https:\/\/rosanacl.com\/wp-content\/uploads\/2025\/04\/Sujetador-modelo-Zafiro-000001.webp\" \/>\n\t<meta property=\"og:image:width\" content=\"1000\" \/>\n\t<meta property=\"og:image:height\" content=\"1000\" \/>\n\t<meta property=\"og:image:type\" content=\"image\/webp\" \/>\n<meta name=\"twitter:card\" content=\"summary_large_image\" \/>\n<meta name=\"twitter:label1\" content=\"Becs\u00fclt olvas\u00e1si id\u0151\" \/>\n\t<meta name=\"twitter:data1\" content=\"2 perc\" \/>\n<script type=\"application\/ld+json\" class=\"yoast-schema-graph\">{\"@context\":\"https:\\\/\\\/schema.org\",\"@graph\":[{\"@type\":\"WebPage\",\"@id\":\"https:\\\/\\\/rosanacl.com\\\/producto\\\/sujetador-modelo-zafiro\\\/\",\"url\":\"https:\\\/\\\/rosanacl.com\\\/producto\\\/sujetador-modelo-zafiro\\\/\",\"name\":\"Sujetador Selene Zafiro - Rosana CL\",\"isPartOf\":{\"@id\":\"https:\\\/\\\/rosanacl.com\\\/ca\\\/#website\"},\"primaryImageOfPage\":{\"@id\":\"https:\\\/\\\/rosanacl.com\\\/producto\\\/sujetador-modelo-zafiro\\\/#primaryimage\"},\"image\":{\"@id\":\"https:\\\/\\\/rosanacl.com\\\/producto\\\/sujetador-modelo-zafiro\\\/#primaryimage\"},\"thumbnailUrl\":\"https:\\\/\\\/rosanacl.com\\\/wp-content\\\/uploads\\\/2025\\\/04\\\/Sujetador-modelo-Zafiro-000001.webp\",\"datePublished\":\"2025-04-29T12:25:52+00:00\",\"dateModified\":\"2026-01-07T21:01:53+00:00\",\"breadcrumb\":{\"@id\":\"https:\\\/\\\/rosanacl.com\\\/producto\\\/sujetador-modelo-zafiro\\\/#breadcrumb\"},\"inLanguage\":\"hu\",\"potentialAction\":[{\"@type\":\"ReadAction\",\"target\":[\"https:\\\/\\\/rosanacl.com\\\/producto\\\/sujetador-modelo-zafiro\\\/\"]}]},{\"@type\":\"ImageObject\",\"inLanguage\":\"hu\",\"@id\":\"https:\\\/\\\/rosanacl.com\\\/producto\\\/sujetador-modelo-zafiro\\\/#primaryimage\",\"url\":\"https:\\\/\\\/rosanacl.com\\\/wp-content\\\/uploads\\\/2025\\\/04\\\/Sujetador-modelo-Zafiro-000001.webp\",\"contentUrl\":\"https:\\\/\\\/rosanacl.com\\\/wp-content\\\/uploads\\\/2025\\\/04\\\/Sujetador-modelo-Zafiro-000001.webp\",\"width\":1000,\"height\":1000},{\"@type\":\"BreadcrumbList\",\"@id\":\"https:\\\/\\\/rosanacl.com\\\/producto\\\/sujetador-modelo-zafiro\\\/#breadcrumb\",\"itemListElement\":[{\"@type\":\"ListItem\",\"position\":1,\"name\":\"Portada\",\"item\":\"https:\\\/\\\/rosanacl.com\\\/ca\\\/\"},{\"@type\":\"ListItem\",\"position\":2,\"name\":\"Tienda\",\"item\":\"https:\\\/\\\/rosanacl.com\\\/ca\\\/tienda\\\/\"},{\"@type\":\"ListItem\",\"position\":3,\"name\":\"Sujetador Selene Zafiro\"}]},{\"@type\":\"WebSite\",\"@id\":\"https:\\\/\\\/rosanacl.com\\\/ca\\\/#website\",\"url\":\"https:\\\/\\\/rosanacl.com\\\/ca\\\/\",\"name\":\"Rosana CL\",\"description\":\"Somos tu interior\",\"potentialAction\":[{\"@type\":\"SearchAction\",\"target\":{\"@type\":\"EntryPoint\",\"urlTemplate\":\"https:\\\/\\\/rosanacl.com\\\/ca\\\/?s={search_term_string}\"},\"query-input\":{\"@type\":\"PropertyValueSpecification\",\"valueRequired\":true,\"valueName\":\"search_term_string\"}}],\"inLanguage\":\"hu\"}]}<\/script>\n<!-- \/ Yoast SEO plugin. -->","yoast_head_json":{"title":"Sujetador Selene Zafiro - Rosana CL","robots":{"index":"index","follow":"follow","max-snippet":"max-snippet:-1","max-image-preview":"max-image-preview:large","max-video-preview":"max-video-preview:-1"},"canonical":"https:\/\/rosanacl.com\/hu\/termek\/sujetador-modelo-zafiro\/","og_locale":"hu_HU","og_type":"article","og_title":"Sujetador Selene Zafiro - Rosana CL","og_description":"Hay prendas que no hacen ruido&#8230; pero cambian el d\u00eda. Zafiro est\u00e1 pensado para cuando quieres verte impecable sin esforzarte: aros que sujetan, microfibra suave y un acabado limpio que se integra bajo la ropa como si fuera parte de ti. Su toque especial est\u00e1 en el equilibrio: firmeza y ligereza, con una capa exterior [&hellip;]","og_url":"https:\/\/rosanacl.com\/hu\/termek\/sujetador-modelo-zafiro\/","og_site_name":"Rosana CL","article_modified_time":"2026-01-07T21:01:53+00:00","og_image":[{"width":1000,"height":1000,"url":"https:\/\/rosanacl.com\/wp-content\/uploads\/2025\/04\/Sujetador-modelo-Zafiro-000001.webp","type":"image\/webp"}],"twitter_card":"summary_large_image","twitter_misc":{"Becs\u00fclt olvas\u00e1si id\u0151":"2 perc"},"schema":{"@context":"https:\/\/schema.org","@graph":[{"@type":"WebPage","@id":"https:\/\/rosanacl.com\/producto\/sujetador-modelo-zafiro\/","url":"https:\/\/rosanacl.com\/producto\/sujetador-modelo-zafiro\/","name":"Sujetador Selene Zafiro - Rosana CL","isPartOf":{"@id":"https:\/\/rosanacl.com\/ca\/#website"},"primaryImageOfPage":{"@id":"https:\/\/rosanacl.com\/producto\/sujetador-modelo-zafiro\/#primaryimage"},"image":{"@id":"https:\/\/rosanacl.com\/producto\/sujetador-modelo-zafiro\/#primaryimage"},"thumbnailUrl":"https:\/\/rosanacl.com\/wp-content\/uploads\/2025\/04\/Sujetador-modelo-Zafiro-000001.webp","datePublished":"2025-04-29T12:25:52+00:00","dateModified":"2026-01-07T21:01:53+00:00","breadcrumb":{"@id":"https:\/\/rosanacl.com\/producto\/sujetador-modelo-zafiro\/#breadcrumb"},"inLanguage":"hu","potentialAction":[{"@type":"ReadAction","target":["https:\/\/rosanacl.com\/producto\/sujetador-modelo-zafiro\/"]}]},{"@type":"ImageObject","inLanguage":"hu","@id":"https:\/\/rosanacl.com\/producto\/sujetador-modelo-zafiro\/#primaryimage","url":"https:\/\/rosanacl.com\/wp-content\/uploads\/2025\/04\/Sujetador-modelo-Zafiro-000001.webp","contentUrl":"https:\/\/rosanacl.com\/wp-content\/uploads\/2025\/04\/Sujetador-modelo-Zafiro-000001.webp","width":1000,"height":1000},{"@type":"BreadcrumbList","@id":"https:\/\/rosanacl.com\/producto\/sujetador-modelo-zafiro\/#breadcrumb","itemListElement":[{"@type":"ListItem","position":1,"name":"Portada","item":"https:\/\/rosanacl.com\/ca\/"},{"@type":"ListItem","position":2,"name":"Tienda","item":"https:\/\/rosanacl.com\/ca\/tienda\/"},{"@type":"ListItem","position":3,"name":"Sujetador Selene Zafiro"}]},{"@type":"WebSite","@id":"https:\/\/rosanacl.com\/ca\/#website","url":"https:\/\/rosanacl.com\/ca\/","name":"Rosana CL","description":"Mi vagyunk a bels\u0151 \u00e9ned","potentialAction":[{"@type":"SearchAction","target":{"@type":"EntryPoint","urlTemplate":"https:\/\/rosanacl.com\/ca\/?s={search_term_string}"},"query-input":{"@type":"PropertyValueSpecification","valueRequired":true,"valueName":"search_term_string"}}],"inLanguage":"hu"}]}},"_links":{"self":[{"href":"https:\/\/rosanacl.com\/hu\/wp-json\/wp\/v2\/product\/353","targetHints":{"allow":["GET"]}}],"collection":[{"href":"https:\/\/rosanacl.com\/hu\/wp-json\/wp\/v2\/product"}],"about":[{"href":"https:\/\/rosanacl.com\/hu\/wp-json\/wp\/v2\/types\/product"}],"replies":[{"embeddable":true,"href":"https:\/\/rosanacl.com\/hu\/wp-json\/wp\/v2\/comments?post=353"}],"version-history":[{"count":5,"href":"https:\/\/rosanacl.com\/hu\/wp-json\/wp\/v2\/product\/353\/revisions"}],"predecessor-version":[{"id":4623,"href":"https:\/\/rosanacl.com\/hu\/wp-json\/wp\/v2\/product\/353\/revisions\/4623"}],"wp:featuredmedia":[{"embeddable":true,"href":"https:\/\/rosanacl.com\/hu\/wp-json\/wp\/v2\/media\/1474"}],"wp:attachment":[{"href":"https:\/\/rosanacl.com\/hu\/wp-json\/wp\/v2\/media?parent=353"}],"wp:term":[{"taxonomy":"product_brand","embeddable":true,"href":"https:\/\/rosanacl.com\/hu\/wp-json\/wp\/v2\/product_brand?post=353"},{"taxonomy":"product_cat","embeddable":true,"href":"https:\/\/rosanacl.com\/hu\/wp-json\/wp\/v2\/product_cat?post=353"},{"taxonomy":"product_tag","embeddable":true,"href":"https:\/\/rosanacl.com\/hu\/wp-json\/wp\/v2\/product_tag?post=353"}],"curies":[{"name":"wp","href":"https:\/\/api.w.org\/{rel}","templated":true}]}}