{"id":3565,"date":"2025-08-19T09:59:09","date_gmt":"2025-08-19T07:59:09","guid":{"rendered":"https:\/\/rosanacl.com\/?post_type=product&#038;p=3565"},"modified":"2026-01-07T23:46:23","modified_gmt":"2026-01-07T22:46:23","slug":"body-selene-violeta","status":"publish","type":"product","link":"https:\/\/rosanacl.com\/hu\/termek\/body-selene-violeta\/","title":{"rendered":"Test Selene Ibolya"},"content":{"rendered":"<p>A Selene Violet body egy m\u00e9lyen dekolt\u00e1lt, alakform\u00e1l\u00f3 body, amelyet \u00fagy terveztek, hogy kiemelje a kebleket \u00e9s el\u0151t\u00e9rbe helyezze az alakot, n\u0151ies, eleg\u00e1ns \u00e9s nagyon el\u0151ny\u00f6s kidolgoz\u00e1ssal. T\u00f6k\u00e9letes ruhadarab, ha hat\u00e1rozott tart\u00e1st \u00e9s &quot;gy\u00f6ny\u00f6r\u0171 mell&quot; hat\u00e1st keresel a k\u00e9nyelem fel\u00e1ldoz\u00e1sa n\u00e9lk\u00fcl.<\/p>\n<p>Merev\u00edt\u0151s \u00e9s p\u00e1rn\u00e1zott kosarakkal rendelkezik, amelyek seg\u00edtenek a keblet eg\u00e9sz nap megt\u00e1masztani \u00e9s sz\u00e9pen form\u00e1zni. Tov\u00e1bb\u00e1 a kialak\u00edt\u00e1sa a k\u00e9nyelmes illeszked\u00e9st \u00e9s a h\u00f3nalj ter\u00fclet\u00e9n l\u00e9v\u0151 kisebb egyenetlens\u00e9gek minimaliz\u00e1l\u00e1s\u00e1t c\u00e9lozza, \u00edgy ruha alatt is tiszt\u00e1bb megjelen\u00e9st biztos\u00edt.<\/p>\n<p>Anyaga gyeng\u00e9den alkalmazkodik a testhez, k\u00f6r\u00fcl\u00f6leli a sziluettet, biztons\u00e1g\u00e9rzetet \u00e9s form\u00e1t ad an\u00e9lk\u00fcl, hogy szor\u00edt\u00f3 \u00e9rz\u00e9st keltene. Sokoldal\u00fa body: viselheted feh\u00e9rnem\u0171k\u00e9nt, vagy r\u00e9tegezheted egy bl\u00e9zer vagy dzseki al\u00e1, egyetlen \u00e1th\u00faz\u00e1ssal feldobva b\u00e1rmilyen megjelen\u00e9st.<\/p>\n<p>A k\u00fcl\u00f6nbs\u00e9get jelent\u0151 r\u00e9szletek<\/p>\n<ul>\n<li>Karcs\u00fas\u00edt\u00f3 hat\u00e1s\u00fa \u00e9s eleg\u00e1ns kidolgoz\u00e1s\u00fa alakform\u00e1l\u00f3.<\/li>\n<li>Merev\u00edt\u0151s + p\u00e1rn\u00e1zott kos\u00e1r: stabil tart\u00e1s \u00e9s gy\u00f6ny\u00f6r\u0171 mellhat\u00e1s.<\/li>\n<li>K\u00e9nyelmes szab\u00e1s a hangs\u00falyosabb sziluett\u00e9rt.<\/li>\n<li>Ide\u00e1lis mindennapi viseletre \u00e9s k\u00fcl\u00f6nleges alkalmakra.<\/li>\n<\/ul>\n<p>\ud83d\udde3\ufe0f Tipp: A Body Violeta rendelkezik az \u00abeleg\u00e1ns form\u00e1z\u00f3\u00bb tulajdons\u00e1g\u00e1val: kisim\u00edtja a sziluettet \u00e9s magabiztoss\u00e1got ad, de olyan \u00e9rz\u00e9st ad, mintha m\u00e1sodik b\u0151r lenn\u00e9l (p\u00e1nc\u00e9l n\u00e9lk\u00fcl). Ha feszesnek, de k\u00e9nyelmesnek \u00e9rz\u0151dik, akkor szerencs\u00e9d van.<\/p>\n<p>\ud83d\udccf Megjegyz\u00e9s: A m\u00e9ret akkor megfelel\u0151, ha a body szorosan \u00e9s sim\u00e1n illeszkedik a derekad\/hasad k\u00f6r\u00e9 an\u00e9lk\u00fcl, hogy be lenne v\u00e1gva, \u00e9s a nyakkiv\u00e1g\u00e1s mozg\u00e1s k\u00f6zben is stabil marad. Ha a hason r\u00e1ncok jelennek meg, vagy a mellkas elmozdul, akkor t\u00fal nagy; ha t\u00fal sz\u0171k, vagy \u00fcl\u00e9s k\u00f6zben korl\u00e1tozza a mozg\u00e1st, akkor t\u00fal kicsi.<\/p>\n<p>\u00d6sszet\u00e9tel: 68% poliamid, 17% poli\u00e9szter, 15% elaszt\u00e1n.<\/p>\n<p>\ud83d\udc57 Ide\u00e1lis viselet feh\u00e9rnem\u0171k\u00e9nt\u2026 vagy fels\u0151ruh\u00e1zatk\u00e9nt, hogy feldobd b\u00e1rmilyen \u00f6lt\u00f6z\u00e9ket.<\/p>\n<p>&nbsp;<\/p>\n<div id=\"v1ms-outlook-mobile-body-separator-line\" dir=\"auto\"><\/div>\n<p>&nbsp;<\/p>\n<p>&nbsp;<\/p>\n<p>&nbsp;<\/p>\n<p>&nbsp;<\/p>\n<p>&nbsp;<\/p>\n<p>&nbsp;<\/p>","protected":false},"excerpt":{"rendered":"<p>Body Violeta de Selene es un body escotado y moldeador dise\u00f1ado para realzar el pecho y estilizar la figura con un acabado femenino, elegante y muy favorecedor. Es la prenda perfecta si buscas sujeci\u00f3n firme y un efecto \u00abpecho bonito\u00bb, sin renunciar a la comodidad. Incorpora aros y copa con relleno, lo que ayuda a [&hellip;]<\/p>\n","protected":false},"featured_media":3576,"comment_status":"closed","ping_status":"closed","template":"","meta":{"content-type":""},"product_brand":[55],"product_cat":[18],"product_tag":[66],"class_list":{"0":"post-3565","1":"product","2":"type-product","3":"status-publish","4":"has-post-thumbnail","6":"product_brand-selene","7":"product_cat-body","8":"product_tag-body","10":"first","11":"instock","12":"taxable","13":"shipping-taxable","14":"purchasable","15":"product-type-variable"},"supplier_id":null,"supplier_sku":"","barcode":null,"atum_controlled":true,"out_stock_date":null,"out_stock_threshold":null,"inheritable":true,"inbound_stock":0,"stock_on_hold":0,"sold_today":0,"sales_last_days":0,"reserved_stock":0,"customer_returns":0,"warehouse_damage":0,"lost_in_post":0,"other_logs":0,"out_stock_days":null,"lost_sales":0,"has_location":false,"update_date":"2026-01-07T22:46:24","atum_locations":[],"atum_stock_status":"instock","restock_status":false,"low_stock_amount":"","sales_update_date":"2025-10-03T04:55:30","calc_backorders":null,"yoast_head":"<!-- This site is optimized with the Yoast SEO plugin v27.4 - https:\/\/yoast.com\/product\/yoast-seo-wordpress\/ -->\n<title>Body Selene Violeta - Rosana CL<\/title>\n<meta name=\"robots\" content=\"index, follow, max-snippet:-1, max-image-preview:large, max-video-preview:-1\" \/>\n<link rel=\"canonical\" href=\"https:\/\/rosanacl.com\/hu\/termek\/body-selene-violeta\/\" \/>\n<meta property=\"og:locale\" content=\"hu_HU\" \/>\n<meta property=\"og:type\" content=\"article\" \/>\n<meta property=\"og:title\" content=\"Body Selene Violeta - Rosana CL\" \/>\n<meta property=\"og:description\" content=\"Body Violeta de Selene es un body escotado y moldeador dise\u00f1ado para realzar el pecho y estilizar la figura con un acabado femenino, elegante y muy favorecedor. Es la prenda perfecta si buscas sujeci\u00f3n firme y un efecto \u00abpecho bonito\u00bb, sin renunciar a la comodidad. Incorpora aros y copa con relleno, lo que ayuda a [&hellip;]\" \/>\n<meta property=\"og:url\" content=\"https:\/\/rosanacl.com\/hu\/termek\/body-selene-violeta\/\" \/>\n<meta property=\"og:site_name\" content=\"Rosana CL\" \/>\n<meta property=\"article:modified_time\" content=\"2026-01-07T22:46:23+00:00\" \/>\n<meta property=\"og:image\" content=\"https:\/\/rosanacl.com\/wp-content\/uploads\/2025\/08\/1-12-e1756816156168.png\" \/>\n\t<meta property=\"og:image:width\" content=\"877\" \/>\n\t<meta property=\"og:image:height\" content=\"998\" \/>\n\t<meta property=\"og:image:type\" content=\"image\/png\" \/>\n<meta name=\"twitter:card\" content=\"summary_large_image\" \/>\n<meta name=\"twitter:label1\" content=\"Becs\u00fclt olvas\u00e1si id\u0151\" \/>\n\t<meta name=\"twitter:data1\" content=\"2 perc\" \/>\n<script type=\"application\/ld+json\" class=\"yoast-schema-graph\">{\"@context\":\"https:\\\/\\\/schema.org\",\"@graph\":[{\"@type\":\"WebPage\",\"@id\":\"https:\\\/\\\/rosanacl.com\\\/producto\\\/body-selene-violeta\\\/\",\"url\":\"https:\\\/\\\/rosanacl.com\\\/producto\\\/body-selene-violeta\\\/\",\"name\":\"Body Selene Violeta - Rosana CL\",\"isPartOf\":{\"@id\":\"https:\\\/\\\/rosanacl.com\\\/ca\\\/#website\"},\"primaryImageOfPage\":{\"@id\":\"https:\\\/\\\/rosanacl.com\\\/producto\\\/body-selene-violeta\\\/#primaryimage\"},\"image\":{\"@id\":\"https:\\\/\\\/rosanacl.com\\\/producto\\\/body-selene-violeta\\\/#primaryimage\"},\"thumbnailUrl\":\"https:\\\/\\\/rosanacl.com\\\/wp-content\\\/uploads\\\/2025\\\/08\\\/1-12-e1756816156168.png\",\"datePublished\":\"2025-08-19T07:59:09+00:00\",\"dateModified\":\"2026-01-07T22:46:23+00:00\",\"breadcrumb\":{\"@id\":\"https:\\\/\\\/rosanacl.com\\\/producto\\\/body-selene-violeta\\\/#breadcrumb\"},\"inLanguage\":\"hu\",\"potentialAction\":[{\"@type\":\"ReadAction\",\"target\":[\"https:\\\/\\\/rosanacl.com\\\/producto\\\/body-selene-violeta\\\/\"]}]},{\"@type\":\"ImageObject\",\"inLanguage\":\"hu\",\"@id\":\"https:\\\/\\\/rosanacl.com\\\/producto\\\/body-selene-violeta\\\/#primaryimage\",\"url\":\"https:\\\/\\\/rosanacl.com\\\/wp-content\\\/uploads\\\/2025\\\/08\\\/1-12-e1756816156168.png\",\"contentUrl\":\"https:\\\/\\\/rosanacl.com\\\/wp-content\\\/uploads\\\/2025\\\/08\\\/1-12-e1756816156168.png\",\"width\":877,\"height\":998},{\"@type\":\"BreadcrumbList\",\"@id\":\"https:\\\/\\\/rosanacl.com\\\/producto\\\/body-selene-violeta\\\/#breadcrumb\",\"itemListElement\":[{\"@type\":\"ListItem\",\"position\":1,\"name\":\"Portada\",\"item\":\"https:\\\/\\\/rosanacl.com\\\/ca\\\/\"},{\"@type\":\"ListItem\",\"position\":2,\"name\":\"Tienda\",\"item\":\"https:\\\/\\\/rosanacl.com\\\/ca\\\/tienda\\\/\"},{\"@type\":\"ListItem\",\"position\":3,\"name\":\"Body Selene Violeta\"}]},{\"@type\":\"WebSite\",\"@id\":\"https:\\\/\\\/rosanacl.com\\\/ca\\\/#website\",\"url\":\"https:\\\/\\\/rosanacl.com\\\/ca\\\/\",\"name\":\"Rosana CL\",\"description\":\"Somos tu interior\",\"potentialAction\":[{\"@type\":\"SearchAction\",\"target\":{\"@type\":\"EntryPoint\",\"urlTemplate\":\"https:\\\/\\\/rosanacl.com\\\/ca\\\/?s={search_term_string}\"},\"query-input\":{\"@type\":\"PropertyValueSpecification\",\"valueRequired\":true,\"valueName\":\"search_term_string\"}}],\"inLanguage\":\"hu\"}]}<\/script>\n<!-- \/ Yoast SEO plugin. -->","yoast_head_json":{"title":"Body Selene Violeta - Rosana CL","robots":{"index":"index","follow":"follow","max-snippet":"max-snippet:-1","max-image-preview":"max-image-preview:large","max-video-preview":"max-video-preview:-1"},"canonical":"https:\/\/rosanacl.com\/hu\/termek\/body-selene-violeta\/","og_locale":"hu_HU","og_type":"article","og_title":"Body Selene Violeta - Rosana CL","og_description":"Body Violeta de Selene es un body escotado y moldeador dise\u00f1ado para realzar el pecho y estilizar la figura con un acabado femenino, elegante y muy favorecedor. Es la prenda perfecta si buscas sujeci\u00f3n firme y un efecto \u00abpecho bonito\u00bb, sin renunciar a la comodidad. Incorpora aros y copa con relleno, lo que ayuda a [&hellip;]","og_url":"https:\/\/rosanacl.com\/hu\/termek\/body-selene-violeta\/","og_site_name":"Rosana CL","article_modified_time":"2026-01-07T22:46:23+00:00","og_image":[{"width":877,"height":998,"url":"https:\/\/rosanacl.com\/wp-content\/uploads\/2025\/08\/1-12-e1756816156168.png","type":"image\/png"}],"twitter_card":"summary_large_image","twitter_misc":{"Becs\u00fclt olvas\u00e1si id\u0151":"2 perc"},"schema":{"@context":"https:\/\/schema.org","@graph":[{"@type":"WebPage","@id":"https:\/\/rosanacl.com\/producto\/body-selene-violeta\/","url":"https:\/\/rosanacl.com\/producto\/body-selene-violeta\/","name":"Body Selene Violeta - Rosana CL","isPartOf":{"@id":"https:\/\/rosanacl.com\/ca\/#website"},"primaryImageOfPage":{"@id":"https:\/\/rosanacl.com\/producto\/body-selene-violeta\/#primaryimage"},"image":{"@id":"https:\/\/rosanacl.com\/producto\/body-selene-violeta\/#primaryimage"},"thumbnailUrl":"https:\/\/rosanacl.com\/wp-content\/uploads\/2025\/08\/1-12-e1756816156168.png","datePublished":"2025-08-19T07:59:09+00:00","dateModified":"2026-01-07T22:46:23+00:00","breadcrumb":{"@id":"https:\/\/rosanacl.com\/producto\/body-selene-violeta\/#breadcrumb"},"inLanguage":"hu","potentialAction":[{"@type":"ReadAction","target":["https:\/\/rosanacl.com\/producto\/body-selene-violeta\/"]}]},{"@type":"ImageObject","inLanguage":"hu","@id":"https:\/\/rosanacl.com\/producto\/body-selene-violeta\/#primaryimage","url":"https:\/\/rosanacl.com\/wp-content\/uploads\/2025\/08\/1-12-e1756816156168.png","contentUrl":"https:\/\/rosanacl.com\/wp-content\/uploads\/2025\/08\/1-12-e1756816156168.png","width":877,"height":998},{"@type":"BreadcrumbList","@id":"https:\/\/rosanacl.com\/producto\/body-selene-violeta\/#breadcrumb","itemListElement":[{"@type":"ListItem","position":1,"name":"Portada","item":"https:\/\/rosanacl.com\/ca\/"},{"@type":"ListItem","position":2,"name":"Tienda","item":"https:\/\/rosanacl.com\/ca\/tienda\/"},{"@type":"ListItem","position":3,"name":"Body Selene Violeta"}]},{"@type":"WebSite","@id":"https:\/\/rosanacl.com\/ca\/#website","url":"https:\/\/rosanacl.com\/ca\/","name":"Rosana CL","description":"Mi vagyunk a bels\u0151 \u00e9ned","potentialAction":[{"@type":"SearchAction","target":{"@type":"EntryPoint","urlTemplate":"https:\/\/rosanacl.com\/ca\/?s={search_term_string}"},"query-input":{"@type":"PropertyValueSpecification","valueRequired":true,"valueName":"search_term_string"}}],"inLanguage":"hu"}]}},"_links":{"self":[{"href":"https:\/\/rosanacl.com\/hu\/wp-json\/wp\/v2\/product\/3565","targetHints":{"allow":["GET"]}}],"collection":[{"href":"https:\/\/rosanacl.com\/hu\/wp-json\/wp\/v2\/product"}],"about":[{"href":"https:\/\/rosanacl.com\/hu\/wp-json\/wp\/v2\/types\/product"}],"replies":[{"embeddable":true,"href":"https:\/\/rosanacl.com\/hu\/wp-json\/wp\/v2\/comments?post=3565"}],"version-history":[{"count":5,"href":"https:\/\/rosanacl.com\/hu\/wp-json\/wp\/v2\/product\/3565\/revisions"}],"predecessor-version":[{"id":4630,"href":"https:\/\/rosanacl.com\/hu\/wp-json\/wp\/v2\/product\/3565\/revisions\/4630"}],"wp:featuredmedia":[{"embeddable":true,"href":"https:\/\/rosanacl.com\/hu\/wp-json\/wp\/v2\/media\/3576"}],"wp:attachment":[{"href":"https:\/\/rosanacl.com\/hu\/wp-json\/wp\/v2\/media?parent=3565"}],"wp:term":[{"taxonomy":"product_brand","embeddable":true,"href":"https:\/\/rosanacl.com\/hu\/wp-json\/wp\/v2\/product_brand?post=3565"},{"taxonomy":"product_cat","embeddable":true,"href":"https:\/\/rosanacl.com\/hu\/wp-json\/wp\/v2\/product_cat?post=3565"},{"taxonomy":"product_tag","embeddable":true,"href":"https:\/\/rosanacl.com\/hu\/wp-json\/wp\/v2\/product_tag?post=3565"}],"curies":[{"name":"wp","href":"https:\/\/api.w.org\/{rel}","templated":true}]}}