{"id":3581,"date":"2025-08-19T10:06:11","date_gmt":"2025-08-19T08:06:11","guid":{"rendered":"https:\/\/rosanacl.com\/?post_type=product&#038;p=3581"},"modified":"2026-01-07T23:48:01","modified_gmt":"2026-01-07T22:48:01","slug":"sujetador-selene-sandra","status":"publish","type":"product","link":"https:\/\/rosanacl.com\/hu\/termek\/sujetador-selene-sandra\/","title":{"rendered":"Selene Sandra Bra"},"content":{"rendered":"<p>A Creaciones Selene Sandra melltart\u00f3ja egy p\u00e1nt n\u00e9lk\u00fcli balconette melltart\u00f3, amelyet eleg\u00e1ns \u00e9s el\u0151ny\u00f6s kialak\u00edt\u00e1s\u00e1val terveztek, hogy kiemelje a kebleket. Merev\u00edt\u0151j\u00e9nek k\u00f6sz\u00f6nhet\u0151en stabil tart\u00e1st \u00e9s gy\u00f6ny\u00f6r\u0171 form\u00e1t biztos\u00edt, \u00edgy ide\u00e1lis p\u00e1nt n\u00e9lk\u00fcli nyakkiv\u00e1g\u00e1ssal, ruh\u00e1kkal, fels\u0151kkel vagy b\u00e1rmilyen olyan ruhadarabbal viselni, ahol szeretn\u00e9d megmutatni a v\u00e1lladat an\u00e9lk\u00fcl, hogy fel\u00e1ldozn\u00e1d az \u00f6nbizalmadat.<\/p>\n<p>Az egyik legfontosabb tulajdons\u00e1ga az illeszked\u00e9s: a kos\u00e1r sz\u00e9l\u00e9n egy szilikon szalag tal\u00e1lhat\u00f3, amely seg\u00edt a melltart\u00f3nak a hely\u00e9n maradni \u00e9s jobban alkalmazkodni a test form\u00e1j\u00e1hoz, megakad\u00e1lyozva az elcs\u00fasz\u00e1st. Az eredm\u00e9ny egy k\u00e9nyelmes melltart\u00f3, j\u00f3 tart\u00e1st \u00e9s term\u00e9szetes emel\u0151hat\u00e1st biztos\u00edt (p\u00e1rn\u00e1z\u00e1s n\u00e9lk\u00fcl), amelyet \u00fagy terveztek, hogy magabiztosan mozoghass.<\/p>\n<p>Tov\u00e1bb\u00e1, a kialak\u00edt\u00e1s\u00e1nak k\u00f6sz\u00f6nhet\u0151en t\u00f6k\u00e9letes darab egy kifinomult \u00f6lt\u00f6z\u00e9khez: gy\u00f6ny\u00f6r\u0171en kombin\u00e1lhat\u00f3 a Violeta als\u00f3nadr\u00e1ggal, \u00f6sszehangolt \u00e9s eleg\u00e1ns megjelen\u00e9st teremtve mind k\u00fcl\u00f6nleges alkalmakra, mind pedig a mindennapi kifog\u00e1stalan k\u00f6z\u00e9rzethez.<\/p>\n<p>R\u00e9szletek, amiket \u00e9szreveszel, amikor felveszed<\/p>\n<ul>\n<li>P\u00e1nt n\u00e9lk\u00fcli: ide\u00e1lis m\u00e9lyen dekolt\u00e1lt nyakkiv\u00e1g\u00e1sokhoz \u00e9s v\u00e1ll n\u00e9lk\u00fcli ruhadarabokhoz.<\/li>\n<li>Merev\u00edt\u0151vel: hat\u00e1rozott tart\u00e1s \u00e9s el\u0151ny\u00f6s forma.<\/li>\n<li>T\u00f6lt\u0151anyagmentes: term\u00e9szetes hat\u00e1s, k\u00f6nnyedebb \u00e9rzettel.<\/li>\n<li>Szilikon szalag a cs\u00e9sze perem\u00e9n: jobb illeszked\u00e9s \u00e9s nagyobb stabilit\u00e1s.<\/li>\n<\/ul>\n<p>\ud83d\udde3\ufe0f Tipp: Sandra eset\u00e9ben a helyes \u00e9rz\u00e9s a \u00abhely\u00e9n marad \u00e9s nem mozdul\u00bb: hat\u00e1rozottan, de k\u00e9nyelmesen kell \u00f6lelnie a kont\u00fart, a kos\u00e1r teteje pedig sima (v\u00e1gatlan) legyen, hogy a dekolt\u00e1zs tisztanak t\u0171nj\u00f6n.<\/p>\n<p>\ud83d\udccf Z\u00e1r\u00f3 megjegyz\u00e9s: Pr\u00f3b\u00e1ld ki 1 percig p\u00e1ntok n\u00e9lk\u00fcl: emeld fel a karjaidat, s\u00e9t\u00e1lj k\u00f6rbe, \u00e9s hajolj le. Ha nem kell \u00fajra be\u00e1ll\u00edtani, \u00e9s a p\u00e1nt a hely\u00e9n marad an\u00e9lk\u00fcl, hogy t\u00fal szoros lenne, akkor ez a te m\u00e9reted.<\/p>\n<p>\u00d6sszet\u00e9tel: 76% poliamid, 24% elaszt\u00e1n.<\/p>\n<p>\ud83d\udd25 Egy \u00abbecs\u00fcletsz\u00f3\u00bb val\u00f3di t\u00e1mogat\u00e1ssal: Sandra fokozza \u00e9s biztons\u00e1gosan elk\u00eds\u00e9ri \u00d6nt eg\u00e9sz nap.<\/p>","protected":false},"excerpt":{"rendered":"<div style=\"position: relative; padding-bottom: 56.25%; height: 0; overflow: hidden; max-width: 100%;\"><iframe style=\"position: absolute; top: 0; left: 0; width: 100%; height: 100%;\" src=\"https:\/\/www.youtube.com\/embed\/mGt_jgMestk?autoplay=1&amp;mute=1&amp;playsinline=1&amp;rel=0&amp;controls=1&amp;loop=1&amp;playlist=mGt_jgMestk\" frameborder=\"0\" allowfullscreen=\"allowfullscreen\"><br \/>\n<\/iframe><\/div>","protected":false},"featured_media":3597,"comment_status":"closed","ping_status":"closed","template":"","meta":{"content-type":""},"product_brand":[55],"product_cat":[82,20],"product_tag":[84,56],"class_list":{"0":"post-3581","1":"product","2":"type-product","3":"status-publish","4":"has-post-thumbnail","6":"product_brand-selene","7":"product_cat-sin-tirantes","8":"product_cat-sujetador","9":"product_tag-sin-tirantes","10":"product_tag-sujetador","12":"first","13":"instock","14":"taxable","15":"shipping-taxable","16":"purchasable","17":"product-type-variable"},"supplier_id":null,"supplier_sku":"","barcode":null,"atum_controlled":true,"out_stock_date":null,"out_stock_threshold":null,"inheritable":true,"inbound_stock":0,"stock_on_hold":0,"sold_today":0,"sales_last_days":0,"reserved_stock":0,"customer_returns":0,"warehouse_damage":0,"lost_in_post":0,"other_logs":0,"out_stock_days":null,"lost_sales":0,"has_location":false,"update_date":"2026-01-07T22:48:02","atum_locations":[],"atum_stock_status":"instock","restock_status":false,"low_stock_amount":"","sales_update_date":"2025-10-03T04:55:30","calc_backorders":null,"yoast_head":"<!-- This site is optimized with the Yoast SEO plugin v27.4 - https:\/\/yoast.com\/product\/yoast-seo-wordpress\/ -->\n<title>Sujetador Selene Sandra - Rosana CL<\/title>\n<meta name=\"robots\" content=\"index, follow, max-snippet:-1, max-image-preview:large, max-video-preview:-1\" \/>\n<link rel=\"canonical\" href=\"https:\/\/rosanacl.com\/hu\/termek\/sujetador-selene-sandra\/\" \/>\n<meta property=\"og:locale\" content=\"hu_HU\" \/>\n<meta property=\"og:type\" content=\"article\" \/>\n<meta property=\"og:title\" content=\"Sujetador Selene Sandra - Rosana CL\" \/>\n<meta property=\"og:url\" content=\"https:\/\/rosanacl.com\/hu\/termek\/sujetador-selene-sandra\/\" \/>\n<meta property=\"og:site_name\" content=\"Rosana CL\" \/>\n<meta property=\"article:modified_time\" content=\"2026-01-07T22:48:01+00:00\" \/>\n<meta property=\"og:image\" content=\"https:\/\/rosanacl.com\/wp-content\/uploads\/2025\/08\/1-13-e1756816082563.png\" \/>\n\t<meta property=\"og:image:width\" content=\"710\" \/>\n\t<meta property=\"og:image:height\" content=\"840\" \/>\n\t<meta property=\"og:image:type\" content=\"image\/png\" \/>\n<meta name=\"twitter:card\" content=\"summary_large_image\" \/>\n<meta name=\"twitter:label1\" content=\"Becs\u00fclt olvas\u00e1si id\u0151\" \/>\n\t<meta name=\"twitter:data1\" content=\"2 perc\" \/>\n<script type=\"application\/ld+json\" class=\"yoast-schema-graph\">{\"@context\":\"https:\\\/\\\/schema.org\",\"@graph\":[{\"@type\":\"WebPage\",\"@id\":\"https:\\\/\\\/rosanacl.com\\\/producto\\\/sujetador-selene-sandra\\\/\",\"url\":\"https:\\\/\\\/rosanacl.com\\\/producto\\\/sujetador-selene-sandra\\\/\",\"name\":\"Sujetador Selene Sandra - Rosana CL\",\"isPartOf\":{\"@id\":\"https:\\\/\\\/rosanacl.com\\\/ca\\\/#website\"},\"primaryImageOfPage\":{\"@id\":\"https:\\\/\\\/rosanacl.com\\\/producto\\\/sujetador-selene-sandra\\\/#primaryimage\"},\"image\":{\"@id\":\"https:\\\/\\\/rosanacl.com\\\/producto\\\/sujetador-selene-sandra\\\/#primaryimage\"},\"thumbnailUrl\":\"https:\\\/\\\/rosanacl.com\\\/wp-content\\\/uploads\\\/2025\\\/08\\\/1-13-e1756816082563.png\",\"datePublished\":\"2025-08-19T08:06:11+00:00\",\"dateModified\":\"2026-01-07T22:48:01+00:00\",\"breadcrumb\":{\"@id\":\"https:\\\/\\\/rosanacl.com\\\/producto\\\/sujetador-selene-sandra\\\/#breadcrumb\"},\"inLanguage\":\"hu\",\"potentialAction\":[{\"@type\":\"ReadAction\",\"target\":[\"https:\\\/\\\/rosanacl.com\\\/producto\\\/sujetador-selene-sandra\\\/\"]}]},{\"@type\":\"ImageObject\",\"inLanguage\":\"hu\",\"@id\":\"https:\\\/\\\/rosanacl.com\\\/producto\\\/sujetador-selene-sandra\\\/#primaryimage\",\"url\":\"https:\\\/\\\/rosanacl.com\\\/wp-content\\\/uploads\\\/2025\\\/08\\\/1-13-e1756816082563.png\",\"contentUrl\":\"https:\\\/\\\/rosanacl.com\\\/wp-content\\\/uploads\\\/2025\\\/08\\\/1-13-e1756816082563.png\",\"width\":710,\"height\":840},{\"@type\":\"BreadcrumbList\",\"@id\":\"https:\\\/\\\/rosanacl.com\\\/producto\\\/sujetador-selene-sandra\\\/#breadcrumb\",\"itemListElement\":[{\"@type\":\"ListItem\",\"position\":1,\"name\":\"Portada\",\"item\":\"https:\\\/\\\/rosanacl.com\\\/ca\\\/\"},{\"@type\":\"ListItem\",\"position\":2,\"name\":\"Tienda\",\"item\":\"https:\\\/\\\/rosanacl.com\\\/ca\\\/tienda\\\/\"},{\"@type\":\"ListItem\",\"position\":3,\"name\":\"Sujetador Selene Sandra\"}]},{\"@type\":\"WebSite\",\"@id\":\"https:\\\/\\\/rosanacl.com\\\/ca\\\/#website\",\"url\":\"https:\\\/\\\/rosanacl.com\\\/ca\\\/\",\"name\":\"Rosana CL\",\"description\":\"Somos tu interior\",\"potentialAction\":[{\"@type\":\"SearchAction\",\"target\":{\"@type\":\"EntryPoint\",\"urlTemplate\":\"https:\\\/\\\/rosanacl.com\\\/ca\\\/?s={search_term_string}\"},\"query-input\":{\"@type\":\"PropertyValueSpecification\",\"valueRequired\":true,\"valueName\":\"search_term_string\"}}],\"inLanguage\":\"hu\"}]}<\/script>\n<!-- \/ Yoast SEO plugin. -->","yoast_head_json":{"title":"Sujetador Selene Sandra - Rosana CL","robots":{"index":"index","follow":"follow","max-snippet":"max-snippet:-1","max-image-preview":"max-image-preview:large","max-video-preview":"max-video-preview:-1"},"canonical":"https:\/\/rosanacl.com\/hu\/termek\/sujetador-selene-sandra\/","og_locale":"hu_HU","og_type":"article","og_title":"Sujetador Selene Sandra - Rosana CL","og_url":"https:\/\/rosanacl.com\/hu\/termek\/sujetador-selene-sandra\/","og_site_name":"Rosana CL","article_modified_time":"2026-01-07T22:48:01+00:00","og_image":[{"width":710,"height":840,"url":"https:\/\/rosanacl.com\/wp-content\/uploads\/2025\/08\/1-13-e1756816082563.png","type":"image\/png"}],"twitter_card":"summary_large_image","twitter_misc":{"Becs\u00fclt olvas\u00e1si id\u0151":"2 perc"},"schema":{"@context":"https:\/\/schema.org","@graph":[{"@type":"WebPage","@id":"https:\/\/rosanacl.com\/producto\/sujetador-selene-sandra\/","url":"https:\/\/rosanacl.com\/producto\/sujetador-selene-sandra\/","name":"Sujetador Selene Sandra - Rosana CL","isPartOf":{"@id":"https:\/\/rosanacl.com\/ca\/#website"},"primaryImageOfPage":{"@id":"https:\/\/rosanacl.com\/producto\/sujetador-selene-sandra\/#primaryimage"},"image":{"@id":"https:\/\/rosanacl.com\/producto\/sujetador-selene-sandra\/#primaryimage"},"thumbnailUrl":"https:\/\/rosanacl.com\/wp-content\/uploads\/2025\/08\/1-13-e1756816082563.png","datePublished":"2025-08-19T08:06:11+00:00","dateModified":"2026-01-07T22:48:01+00:00","breadcrumb":{"@id":"https:\/\/rosanacl.com\/producto\/sujetador-selene-sandra\/#breadcrumb"},"inLanguage":"hu","potentialAction":[{"@type":"ReadAction","target":["https:\/\/rosanacl.com\/producto\/sujetador-selene-sandra\/"]}]},{"@type":"ImageObject","inLanguage":"hu","@id":"https:\/\/rosanacl.com\/producto\/sujetador-selene-sandra\/#primaryimage","url":"https:\/\/rosanacl.com\/wp-content\/uploads\/2025\/08\/1-13-e1756816082563.png","contentUrl":"https:\/\/rosanacl.com\/wp-content\/uploads\/2025\/08\/1-13-e1756816082563.png","width":710,"height":840},{"@type":"BreadcrumbList","@id":"https:\/\/rosanacl.com\/producto\/sujetador-selene-sandra\/#breadcrumb","itemListElement":[{"@type":"ListItem","position":1,"name":"Portada","item":"https:\/\/rosanacl.com\/ca\/"},{"@type":"ListItem","position":2,"name":"Tienda","item":"https:\/\/rosanacl.com\/ca\/tienda\/"},{"@type":"ListItem","position":3,"name":"Sujetador Selene Sandra"}]},{"@type":"WebSite","@id":"https:\/\/rosanacl.com\/ca\/#website","url":"https:\/\/rosanacl.com\/ca\/","name":"Rosana CL","description":"Mi vagyunk a bels\u0151 \u00e9ned","potentialAction":[{"@type":"SearchAction","target":{"@type":"EntryPoint","urlTemplate":"https:\/\/rosanacl.com\/ca\/?s={search_term_string}"},"query-input":{"@type":"PropertyValueSpecification","valueRequired":true,"valueName":"search_term_string"}}],"inLanguage":"hu"}]}},"_links":{"self":[{"href":"https:\/\/rosanacl.com\/hu\/wp-json\/wp\/v2\/product\/3581","targetHints":{"allow":["GET"]}}],"collection":[{"href":"https:\/\/rosanacl.com\/hu\/wp-json\/wp\/v2\/product"}],"about":[{"href":"https:\/\/rosanacl.com\/hu\/wp-json\/wp\/v2\/types\/product"}],"replies":[{"embeddable":true,"href":"https:\/\/rosanacl.com\/hu\/wp-json\/wp\/v2\/comments?post=3581"}],"version-history":[{"count":5,"href":"https:\/\/rosanacl.com\/hu\/wp-json\/wp\/v2\/product\/3581\/revisions"}],"predecessor-version":[{"id":4631,"href":"https:\/\/rosanacl.com\/hu\/wp-json\/wp\/v2\/product\/3581\/revisions\/4631"}],"wp:featuredmedia":[{"embeddable":true,"href":"https:\/\/rosanacl.com\/hu\/wp-json\/wp\/v2\/media\/3597"}],"wp:attachment":[{"href":"https:\/\/rosanacl.com\/hu\/wp-json\/wp\/v2\/media?parent=3581"}],"wp:term":[{"taxonomy":"product_brand","embeddable":true,"href":"https:\/\/rosanacl.com\/hu\/wp-json\/wp\/v2\/product_brand?post=3581"},{"taxonomy":"product_cat","embeddable":true,"href":"https:\/\/rosanacl.com\/hu\/wp-json\/wp\/v2\/product_cat?post=3581"},{"taxonomy":"product_tag","embeddable":true,"href":"https:\/\/rosanacl.com\/hu\/wp-json\/wp\/v2\/product_tag?post=3581"}],"curies":[{"name":"wp","href":"https:\/\/api.w.org\/{rel}","templated":true}]}}