{"id":393,"date":"2025-04-29T14:48:48","date_gmt":"2025-04-29T12:48:48","guid":{"rendered":"https:\/\/rosanacl.com\/?post_type=product&#038;p=393"},"modified":"2026-01-08T03:33:27","modified_gmt":"2026-01-08T02:33:27","slug":"sujetador-modelo-frida","status":"publish","type":"product","link":"https:\/\/rosanacl.com\/hu\/termek\/sujetador-modelo-frida\/","title":{"rendered":"Selene Frida melltart\u00f3"},"content":{"rendered":"<p>A Frida melltart\u00f3t azoknak tervezt\u00e9k, akik csendesen, de m\u00e9gis l\u00e1tv\u00e1nyos eredm\u00e9nnyel szeretn\u00e9k viselni a feh\u00e9rnem\u0171j\u00fcket. Merev\u00edt\u0151s kialak\u00edt\u00e1sa letisztult \u00e9s eleg\u00e1ns form\u00e1val hangs\u00falyozza ki a kebleket, m\u00edg a p\u00e1rn\u00e1z\u00e1s n\u00e9lk\u00fcli kialak\u00edt\u00e1s term\u00e9szetes, el\u0151ny\u00f6s kidolgoz\u00e1st biztos\u00edt, amely hihetetlen\u00fcl k\u00e9nyelmes viseletet biztos\u00edt \u00f3r\u00e1kon \u00e1t.<\/p>\n<p>Ez az a fajta melltart\u00f3, ami nem \u00ab\u00e1lc\u00e1zza\u00bb mag\u00e1t: kiemel, form\u00e1l, \u00e9s azonnali biztons\u00e1g\u00e9rzetet ny\u00fajt, amikor felcsatolod. A legfontosabb k\u00fcl\u00f6nbs\u00e9g a l\u00e9zerrel v\u00e1gott, kontroll t\u00fcllb\u0151l k\u00e9sz\u00fclt, keresztez\u0151 szab\u00e1s\u00fa melltart\u00f3, ami vizu\u00e1lisan kisim\u00edtja az oldals\u00f3 \u00e9s h\u00f3nalji ter\u00fcleteket, \u00e9s egyenletesebb vonalat hoz l\u00e9tre a ruha alatt.<\/p>\n<p>A v\u00e9geredm\u00e9ny kifinomult \u00e9s diszkr\u00e9t: merevs\u00e9g n\u00e9lk\u00fcl alkalmazkodik, kieg\u00e9sz\u00edt \u00e9s stiliz\u00e1l, ide\u00e1lis testhez\u00e1ll\u00f3 ruhadarabokhoz vagy azokra a napokra, amikor minim\u00e1lis er\u0151fesz\u00edt\u00e9ssel szeretn\u00e9l kifog\u00e1stalanul kin\u00e9zni.<\/p>\n<p>A k\u00fcl\u00f6nbs\u00e9get jelent\u0151 r\u00e9szletek<\/p>\n<ul>\n<li>Merev\u00edt\u0151k a hat\u00e1rozott tart\u00e1s\u00e9rt \u00e9s a szebb sziluett\u00e9rt.<\/li>\n<li>T\u00f6ltel\u00e9k n\u00e9lk\u00fcl: term\u00e9szetes, eleg\u00e1ns v\u00e9geredm\u00e9ny extra volumen n\u00e9lk\u00fcl.<\/li>\n<li>Keresztezett kontrollt\u00fcll\u00f6k a stabilabb illeszked\u00e9s \u00e9s a kifinomultabb hat\u00e1s \u00e9rdek\u00e9ben.<\/li>\n<li>L\u00e9zerv\u00e1g\u00e1s: puha tapint\u00e1s\u00fa \u00e9s tiszt\u00e1bb es\u00e9s a ruh\u00e1k alatt.<\/li>\n<li>\u00dagy tervezt\u00e9k, hogy befedje \u00e9s sim\u00edtsa az arc oldal\u00e1t \u00e9s a h\u00f3naljat, finom\u00edtva a vonalat.<\/li>\n<\/ul>\n<p>\ud83d\udde3\ufe0f Tipp: A Frida seg\u00edts\u00e9g\u00e9vel a \u00abt\u00e1masztottnak \u00e9s st\u00edlusosnak \u00e9rzem magam\u00bb hat\u00e1st fogod tapasztalni merevs\u00e9g n\u00e9lk\u00fcl: szil\u00e1rdan tart, az oldala kifinomultabbnak t\u0171nik, \u00e9s azonnali biztons\u00e1g\u00e9rzetet ad, olyat, amit\u0151l eg\u00e9sz nap nyugodtnak \u00e9s \u00ab\u00f6ssze\u00e1lltnak\u00bb \u00e9rzed magad (k\u00fcl\u00f6n\u00f6sen sz\u0171k ruh\u00e1kkal).<\/p>\n<p>\ud83d\udccf Megjegyz\u00e9s: Ahhoz, hogy els\u0151re j\u00f3l v\u00e1lassz, sz\u00e1nj 10 m\u00e1sodpercet a m\u00e9retv\u00e1laszt\u00e1sra: m\u00e9rd meg a mell alatti ter\u00fcleted, \u00e9s hasonl\u00edtsd \u00f6ssze az \u00fatmutat\u00f3val, majd gondold \u00e1t, hogy feszesebb illeszked\u00e9st (tart\u00e1st) vagy puh\u00e1bb illeszked\u00e9st (k\u00e9nyelem) szeretn\u00e9l-e. Ha k\u00e9t m\u00e9ret k\u00f6z\u00f6tt vacill\u00e1lsz, v\u00e1laszd azt, amelyik stabil p\u00e1ntot \u00e9s r\u00e9sek vagy nyom\u00e1s n\u00e9lk\u00fcli kosarat biztos\u00edt.<\/p>\n<p>\u00d6sszet\u00e9tel: 82% poliamid, 18% elaszt\u00e1n.<\/p>\n<p>\ud83d\ude18 Amikor gondoskod\u00f3nak, k\u00e9nyelmesnek \u00e9s sz\u00e9pnek szeretn\u00e9d \u00e9rezni magad.<\/p>\n<div id=\"v1ms-outlook-mobile-body-separator-line\" dir=\"auto\"><\/div>\n<p>&nbsp;<\/p>","protected":false},"excerpt":{"rendered":"<p>Frida est\u00e1 pensado para cuando quieres que la lencer\u00eda haga su trabajo en silencio, pero con un resultado que se ve. Su estructura con aros define el pecho con una forma limpia y elegante, mientras el dise\u00f1o sin relleno mantiene un acabado natural, favorecedor y muy c\u00f3modo de llevar durante horas. Es ese tipo de [&hellip;]<\/p>\n","protected":false},"featured_media":1439,"comment_status":"open","ping_status":"closed","template":"","meta":{"content-type":""},"product_brand":[55],"product_cat":[80,24,20],"product_tag":[57,56],"class_list":{"0":"post-393","1":"product","2":"type-product","3":"status-publish","4":"has-post-thumbnail","6":"product_brand-selene","7":"product_cat-con-aros-sin-relleno","8":"product_cat-sin-relleno","9":"product_cat-sujetador","10":"product_tag-sin-relleno","11":"product_tag-sujetador","13":"first","14":"instock","15":"taxable","16":"shipping-taxable","17":"purchasable","18":"product-type-variable"},"supplier_id":null,"supplier_sku":"","barcode":null,"atum_controlled":true,"out_stock_date":null,"out_stock_threshold":null,"inheritable":true,"inbound_stock":0,"stock_on_hold":0,"sold_today":0,"sales_last_days":0,"reserved_stock":0,"customer_returns":0,"warehouse_damage":0,"lost_in_post":0,"other_logs":0,"out_stock_days":0,"lost_sales":0,"has_location":false,"update_date":"2026-01-08T02:33:27","atum_locations":[],"atum_stock_status":"instock","restock_status":false,"low_stock_amount":"","sales_update_date":"2025-10-03T04:57:12","calc_backorders":null,"yoast_head":"<!-- This site is optimized with the Yoast SEO plugin v27.4 - https:\/\/yoast.com\/product\/yoast-seo-wordpress\/ -->\n<title>Sujetador Selene Frida - Rosana CL<\/title>\n<meta name=\"robots\" content=\"index, follow, max-snippet:-1, max-image-preview:large, max-video-preview:-1\" \/>\n<link rel=\"canonical\" href=\"https:\/\/rosanacl.com\/hu\/termek\/sujetador-modelo-frida\/\" \/>\n<meta property=\"og:locale\" content=\"hu_HU\" \/>\n<meta property=\"og:type\" content=\"article\" \/>\n<meta property=\"og:title\" content=\"Sujetador Selene Frida - Rosana CL\" \/>\n<meta property=\"og:description\" content=\"Frida est\u00e1 pensado para cuando quieres que la lencer\u00eda haga su trabajo en silencio, pero con un resultado que se ve. Su estructura con aros define el pecho con una forma limpia y elegante, mientras el dise\u00f1o sin relleno mantiene un acabado natural, favorecedor y muy c\u00f3modo de llevar durante horas. Es ese tipo de [&hellip;]\" \/>\n<meta property=\"og:url\" content=\"https:\/\/rosanacl.com\/hu\/termek\/sujetador-modelo-frida\/\" \/>\n<meta property=\"og:site_name\" content=\"Rosana CL\" \/>\n<meta property=\"article:modified_time\" content=\"2026-01-08T02:33:27+00:00\" \/>\n<meta property=\"og:image\" content=\"https:\/\/rosanacl.com\/wp-content\/uploads\/2025\/04\/Sujetador-modelo-Frida-000001.webp\" \/>\n\t<meta property=\"og:image:width\" content=\"1000\" \/>\n\t<meta property=\"og:image:height\" content=\"1000\" \/>\n\t<meta property=\"og:image:type\" content=\"image\/webp\" \/>\n<meta name=\"twitter:card\" content=\"summary_large_image\" \/>\n<meta name=\"twitter:label1\" content=\"Becs\u00fclt olvas\u00e1si id\u0151\" \/>\n\t<meta name=\"twitter:data1\" content=\"2 perc\" \/>\n<script type=\"application\/ld+json\" class=\"yoast-schema-graph\">{\"@context\":\"https:\\\/\\\/schema.org\",\"@graph\":[{\"@type\":\"WebPage\",\"@id\":\"https:\\\/\\\/rosanacl.com\\\/producto\\\/sujetador-modelo-frida\\\/\",\"url\":\"https:\\\/\\\/rosanacl.com\\\/producto\\\/sujetador-modelo-frida\\\/\",\"name\":\"Sujetador Selene Frida - Rosana CL\",\"isPartOf\":{\"@id\":\"https:\\\/\\\/rosanacl.com\\\/ca\\\/#website\"},\"primaryImageOfPage\":{\"@id\":\"https:\\\/\\\/rosanacl.com\\\/producto\\\/sujetador-modelo-frida\\\/#primaryimage\"},\"image\":{\"@id\":\"https:\\\/\\\/rosanacl.com\\\/producto\\\/sujetador-modelo-frida\\\/#primaryimage\"},\"thumbnailUrl\":\"https:\\\/\\\/rosanacl.com\\\/wp-content\\\/uploads\\\/2025\\\/04\\\/Sujetador-modelo-Frida-000001.webp\",\"datePublished\":\"2025-04-29T12:48:48+00:00\",\"dateModified\":\"2026-01-08T02:33:27+00:00\",\"breadcrumb\":{\"@id\":\"https:\\\/\\\/rosanacl.com\\\/producto\\\/sujetador-modelo-frida\\\/#breadcrumb\"},\"inLanguage\":\"hu\",\"potentialAction\":[{\"@type\":\"ReadAction\",\"target\":[\"https:\\\/\\\/rosanacl.com\\\/producto\\\/sujetador-modelo-frida\\\/\"]}]},{\"@type\":\"ImageObject\",\"inLanguage\":\"hu\",\"@id\":\"https:\\\/\\\/rosanacl.com\\\/producto\\\/sujetador-modelo-frida\\\/#primaryimage\",\"url\":\"https:\\\/\\\/rosanacl.com\\\/wp-content\\\/uploads\\\/2025\\\/04\\\/Sujetador-modelo-Frida-000001.webp\",\"contentUrl\":\"https:\\\/\\\/rosanacl.com\\\/wp-content\\\/uploads\\\/2025\\\/04\\\/Sujetador-modelo-Frida-000001.webp\",\"width\":1000,\"height\":1000},{\"@type\":\"BreadcrumbList\",\"@id\":\"https:\\\/\\\/rosanacl.com\\\/producto\\\/sujetador-modelo-frida\\\/#breadcrumb\",\"itemListElement\":[{\"@type\":\"ListItem\",\"position\":1,\"name\":\"Portada\",\"item\":\"https:\\\/\\\/rosanacl.com\\\/ca\\\/\"},{\"@type\":\"ListItem\",\"position\":2,\"name\":\"Tienda\",\"item\":\"https:\\\/\\\/rosanacl.com\\\/ca\\\/tienda\\\/\"},{\"@type\":\"ListItem\",\"position\":3,\"name\":\"Sujetador Selene Frida\"}]},{\"@type\":\"WebSite\",\"@id\":\"https:\\\/\\\/rosanacl.com\\\/ca\\\/#website\",\"url\":\"https:\\\/\\\/rosanacl.com\\\/ca\\\/\",\"name\":\"Rosana CL\",\"description\":\"Somos tu interior\",\"potentialAction\":[{\"@type\":\"SearchAction\",\"target\":{\"@type\":\"EntryPoint\",\"urlTemplate\":\"https:\\\/\\\/rosanacl.com\\\/ca\\\/?s={search_term_string}\"},\"query-input\":{\"@type\":\"PropertyValueSpecification\",\"valueRequired\":true,\"valueName\":\"search_term_string\"}}],\"inLanguage\":\"hu\"}]}<\/script>\n<!-- \/ Yoast SEO plugin. -->","yoast_head_json":{"title":"Sujetador Selene Frida - Rosana CL","robots":{"index":"index","follow":"follow","max-snippet":"max-snippet:-1","max-image-preview":"max-image-preview:large","max-video-preview":"max-video-preview:-1"},"canonical":"https:\/\/rosanacl.com\/hu\/termek\/sujetador-modelo-frida\/","og_locale":"hu_HU","og_type":"article","og_title":"Sujetador Selene Frida - Rosana CL","og_description":"Frida est\u00e1 pensado para cuando quieres que la lencer\u00eda haga su trabajo en silencio, pero con un resultado que se ve. Su estructura con aros define el pecho con una forma limpia y elegante, mientras el dise\u00f1o sin relleno mantiene un acabado natural, favorecedor y muy c\u00f3modo de llevar durante horas. Es ese tipo de [&hellip;]","og_url":"https:\/\/rosanacl.com\/hu\/termek\/sujetador-modelo-frida\/","og_site_name":"Rosana CL","article_modified_time":"2026-01-08T02:33:27+00:00","og_image":[{"width":1000,"height":1000,"url":"https:\/\/rosanacl.com\/wp-content\/uploads\/2025\/04\/Sujetador-modelo-Frida-000001.webp","type":"image\/webp"}],"twitter_card":"summary_large_image","twitter_misc":{"Becs\u00fclt olvas\u00e1si id\u0151":"2 perc"},"schema":{"@context":"https:\/\/schema.org","@graph":[{"@type":"WebPage","@id":"https:\/\/rosanacl.com\/producto\/sujetador-modelo-frida\/","url":"https:\/\/rosanacl.com\/producto\/sujetador-modelo-frida\/","name":"Sujetador Selene Frida - Rosana CL","isPartOf":{"@id":"https:\/\/rosanacl.com\/ca\/#website"},"primaryImageOfPage":{"@id":"https:\/\/rosanacl.com\/producto\/sujetador-modelo-frida\/#primaryimage"},"image":{"@id":"https:\/\/rosanacl.com\/producto\/sujetador-modelo-frida\/#primaryimage"},"thumbnailUrl":"https:\/\/rosanacl.com\/wp-content\/uploads\/2025\/04\/Sujetador-modelo-Frida-000001.webp","datePublished":"2025-04-29T12:48:48+00:00","dateModified":"2026-01-08T02:33:27+00:00","breadcrumb":{"@id":"https:\/\/rosanacl.com\/producto\/sujetador-modelo-frida\/#breadcrumb"},"inLanguage":"hu","potentialAction":[{"@type":"ReadAction","target":["https:\/\/rosanacl.com\/producto\/sujetador-modelo-frida\/"]}]},{"@type":"ImageObject","inLanguage":"hu","@id":"https:\/\/rosanacl.com\/producto\/sujetador-modelo-frida\/#primaryimage","url":"https:\/\/rosanacl.com\/wp-content\/uploads\/2025\/04\/Sujetador-modelo-Frida-000001.webp","contentUrl":"https:\/\/rosanacl.com\/wp-content\/uploads\/2025\/04\/Sujetador-modelo-Frida-000001.webp","width":1000,"height":1000},{"@type":"BreadcrumbList","@id":"https:\/\/rosanacl.com\/producto\/sujetador-modelo-frida\/#breadcrumb","itemListElement":[{"@type":"ListItem","position":1,"name":"Portada","item":"https:\/\/rosanacl.com\/ca\/"},{"@type":"ListItem","position":2,"name":"Tienda","item":"https:\/\/rosanacl.com\/ca\/tienda\/"},{"@type":"ListItem","position":3,"name":"Sujetador Selene Frida"}]},{"@type":"WebSite","@id":"https:\/\/rosanacl.com\/ca\/#website","url":"https:\/\/rosanacl.com\/ca\/","name":"Rosana CL","description":"Mi vagyunk a bels\u0151 \u00e9ned","potentialAction":[{"@type":"SearchAction","target":{"@type":"EntryPoint","urlTemplate":"https:\/\/rosanacl.com\/ca\/?s={search_term_string}"},"query-input":{"@type":"PropertyValueSpecification","valueRequired":true,"valueName":"search_term_string"}}],"inLanguage":"hu"}]}},"_links":{"self":[{"href":"https:\/\/rosanacl.com\/hu\/wp-json\/wp\/v2\/product\/393","targetHints":{"allow":["GET"]}}],"collection":[{"href":"https:\/\/rosanacl.com\/hu\/wp-json\/wp\/v2\/product"}],"about":[{"href":"https:\/\/rosanacl.com\/hu\/wp-json\/wp\/v2\/types\/product"}],"replies":[{"embeddable":true,"href":"https:\/\/rosanacl.com\/hu\/wp-json\/wp\/v2\/comments?post=393"}],"version-history":[{"count":5,"href":"https:\/\/rosanacl.com\/hu\/wp-json\/wp\/v2\/product\/393\/revisions"}],"predecessor-version":[{"id":4643,"href":"https:\/\/rosanacl.com\/hu\/wp-json\/wp\/v2\/product\/393\/revisions\/4643"}],"wp:featuredmedia":[{"embeddable":true,"href":"https:\/\/rosanacl.com\/hu\/wp-json\/wp\/v2\/media\/1439"}],"wp:attachment":[{"href":"https:\/\/rosanacl.com\/hu\/wp-json\/wp\/v2\/media?parent=393"}],"wp:term":[{"taxonomy":"product_brand","embeddable":true,"href":"https:\/\/rosanacl.com\/hu\/wp-json\/wp\/v2\/product_brand?post=393"},{"taxonomy":"product_cat","embeddable":true,"href":"https:\/\/rosanacl.com\/hu\/wp-json\/wp\/v2\/product_cat?post=393"},{"taxonomy":"product_tag","embeddable":true,"href":"https:\/\/rosanacl.com\/hu\/wp-json\/wp\/v2\/product_tag?post=393"}],"curies":[{"name":"wp","href":"https:\/\/api.w.org\/{rel}","templated":true}]}}