{"id":415,"date":"2025-04-29T14:53:31","date_gmt":"2025-04-29T12:53:31","guid":{"rendered":"https:\/\/rosanacl.com\/?post_type=product&#038;p=415"},"modified":"2026-01-07T21:40:46","modified_gmt":"2026-01-07T20:40:46","slug":"sujetador-modelo-belen","status":"publish","type":"product","link":"https:\/\/rosanacl.com\/hu\/termek\/sujetador-modelo-belen\/","title":{"rendered":"Selene Belen melltart\u00f3"},"content":{"rendered":"<p>Vannak olyan ruhadarabok, amelyek nem a figyelemfelkelt\u00e9sre t\u00f6rekszenek: hanem a k\u00f6nnyebb \u00e9letre t\u00f6rekednek... m\u00e9gis k\u00fcl\u00f6nlegesnek \u00e9rz\u0151dnek. A Bel\u00e9n az a merev\u00edt\u0151 n\u00e9lk\u00fcli, p\u00e1rn\u00e1z\u00e1s n\u00e9lk\u00fcli melltart\u00f3, amely hat\u00e1rozott tart\u00e1st biztos\u00edt an\u00e9lk\u00fcl, hogy korl\u00e1toz\u00f3 \u00e9rz\u00e9st \u00e9rezne, \u00e9s amely az \u00e9bred\u00e9s pillanat\u00e1t\u00f3l kezdve elk\u00eds\u00e9r, azt az \u00e9rz\u00e9st keltve, hogy t\u00f6k\u00e9letesen a hely\u00e9n vagy. Ide\u00e1lis v\u00e1laszt\u00e1s, ha a val\u00f3di tart\u00e1st, a mozg\u00e1sszabads\u00e1got \u00e9s a stabil illeszked\u00e9st tartod fontosnak.<\/p>\n<p>El\u00fcls\u0151 ny\u00edl\u00e1sa igaz\u00e1n k\u00f6nny\u0171v\u00e9 teszi a visel\u00e9s\u00e9t: gyorsan r\u00f6gz\u00edthet\u0151, stabilan tart, \u00e9s a mindennapi viseletre tervezett szerkezetnek k\u00f6sz\u00f6nhet\u0151en a hely\u00e9n tartja a mellkast. C-kos\u00e1rral \u00e9s nagy m\u00e9retv\u00e1laszt\u00e9kkal megb\u00edzhat\u00f3 fazon, ha k\u00e9nyelmesen... de magabiztosan szeretn\u00e9d \u00e9rezni magad.<\/p>\n<p>A k\u00fcl\u00f6nbs\u00e9get jelent\u0151 r\u00e9szletek<\/p>\n<ul>\n<li>El\u00f6lr\u0151l nyithat\u00f3: praktikus, gyors \u00e9s k\u00f6nny\u0171 fel- \u00e9s levenni.<\/li>\n<li>Nincs merev\u00edt\u0151 + nincs p\u00e1rn\u00e1z\u00e1s: term\u00e9szetes tart\u00e1s, nincs felesleges nyom\u00e1s.<\/li>\n<li>Sz\u00e9lesebb h\u00e1t: stabilit\u00e1st \u00e9s a \u00abj\u00f3 al\u00e1t\u00e1maszt\u00e1s\u00bb \u00e9rz\u00e9s\u00e9t biztos\u00edtja.<\/li>\n<li>\u00c1ll\u00edthat\u00f3 \u00e9s sz\u00e9les p\u00e1ntok: jobb s\u00falyeloszt\u00e1s \u00e9s finomabb be\u00e1ll\u00edt\u00e1s.<\/li>\n<li>C-kos\u00e1r b\u0151s\u00e9ges m\u00e9rettel (alapos tart\u00e1st biztos\u00edt).<\/li>\n<\/ul>\n<p>\ud83d\udde3\ufe0f Tipp: A Bel\u00e9n akkor k\u00e9sz\u00fclt, ha nagyszer\u0171en szeretn\u00e9l kin\u00e9zni an\u00e9lk\u00fcl, hogy &quot;besz\u0171k\u00fcltnek&quot; \u00e9rezn\u00e9d magad: tart\u00e1st ad, form\u00e1l \u00e9s eleg\u00e1ns biztons\u00e1g\u00e9rzetet ny\u00fajt, amit m\u00e1r a felv\u00e9telkor \u00e9szreveszel.<\/p>\n<p>\ud83d\udccf Megjegyz\u00e9s: A megfelel\u0151 Bel\u00e9n m\u00e9ret kiv\u00e1laszt\u00e1s\u00e1hoz a szoros illeszked\u00e9st r\u00e9szes\u00edtsd el\u0151nyben (ez biztos\u00edtja a tart\u00e1st), \u00e9s csak a v\u00e9g\u00e9n \u00e1ll\u00edtsd a p\u00e1ntokat. Ha bizonytalan vagy k\u00e9t m\u00e9ret k\u00f6z\u00f6tt, v\u00e1laszd azt a p\u00e1ntot, amelyik jobban illeszkedik: \u00edgy a kosarak jobban illeszkednek, \u00e9s a melltart\u00f3 m\u00e1r a kezdetekt\u0151l fogva jobban n\u00e9z ki.<\/p>\n<p>\u00d6sszet\u00e9tel: 82% poli\u00e9szter \u2014 18% elaszt\u00e1n<\/p>\n<p>\ud83e\uddf1 &quot;J\u00f3l elhelyezett&quot; hat\u00e1s: feszes h\u00e1t, a hely\u00e9n l\u00e9v\u0151 mellkas.<\/p>\n<div id=\"v1ms-outlook-mobile-body-separator-line\" dir=\"auto\"><\/div>","protected":false},"excerpt":{"rendered":"<p>Hay prendas que no buscan llamar la atenci\u00f3n: buscan hacerte la vida f\u00e1cil&#8230; y aun as\u00ed se sienten especiales. El Bel\u00e9n es ese sujetador sin aros y sin relleno que sujeta con firmeza, sin castigar, y que te acompa\u00f1a desde primera hora con una sensaci\u00f3n muy \u00abbien puesta\u00bb. Ideal si priorizas sujeci\u00f3n real, libertad y [&hellip;]<\/p>\n","protected":false},"featured_media":444,"comment_status":"open","ping_status":"closed","template":"","meta":{"content-type":""},"product_brand":[55],"product_cat":[23,20],"product_tag":[59,56],"class_list":{"0":"post-415","1":"product","2":"type-product","3":"status-publish","4":"has-post-thumbnail","6":"product_brand-selene","7":"product_cat-abierto-delante","8":"product_cat-sujetador","9":"product_tag-abierto-alante","10":"product_tag-sujetador","12":"first","13":"instock","14":"taxable","15":"shipping-taxable","16":"purchasable","17":"product-type-variable"},"supplier_id":null,"supplier_sku":"","barcode":null,"atum_controlled":true,"out_stock_date":null,"out_stock_threshold":null,"inheritable":true,"inbound_stock":null,"stock_on_hold":0,"sold_today":0,"sales_last_days":0,"reserved_stock":null,"customer_returns":null,"warehouse_damage":null,"lost_in_post":null,"other_logs":null,"out_stock_days":0,"lost_sales":0,"has_location":false,"update_date":"2026-01-07T20:40:47","atum_locations":[],"atum_stock_status":"instock","restock_status":false,"low_stock_amount":"","sales_update_date":"2025-08-19T02:35:53","calc_backorders":null,"yoast_head":"<!-- This site is optimized with the Yoast SEO plugin v27.4 - https:\/\/yoast.com\/product\/yoast-seo-wordpress\/ -->\n<title>Sujetador Selene Belen - Rosana CL<\/title>\n<meta name=\"robots\" content=\"index, follow, max-snippet:-1, max-image-preview:large, max-video-preview:-1\" \/>\n<link rel=\"canonical\" href=\"https:\/\/rosanacl.com\/hu\/termek\/sujetador-modelo-belen\/\" \/>\n<meta property=\"og:locale\" content=\"hu_HU\" \/>\n<meta property=\"og:type\" content=\"article\" \/>\n<meta property=\"og:title\" content=\"Sujetador Selene Belen - Rosana CL\" \/>\n<meta property=\"og:description\" content=\"Hay prendas que no buscan llamar la atenci\u00f3n: buscan hacerte la vida f\u00e1cil&#8230; y aun as\u00ed se sienten especiales. El Bel\u00e9n es ese sujetador sin aros y sin relleno que sujeta con firmeza, sin castigar, y que te acompa\u00f1a desde primera hora con una sensaci\u00f3n muy \u00abbien puesta\u00bb. Ideal si priorizas sujeci\u00f3n real, libertad y [&hellip;]\" \/>\n<meta property=\"og:url\" content=\"https:\/\/rosanacl.com\/hu\/termek\/sujetador-modelo-belen\/\" \/>\n<meta property=\"og:site_name\" content=\"Rosana CL\" \/>\n<meta property=\"article:modified_time\" content=\"2026-01-07T20:40:46+00:00\" \/>\n<meta property=\"og:image\" content=\"https:\/\/rosanacl.com\/wp-content\/uploads\/2025\/04\/Sujetador-Selene-modelo-Belen__00001.webp\" \/>\n\t<meta property=\"og:image:width\" content=\"1000\" \/>\n\t<meta property=\"og:image:height\" content=\"1000\" \/>\n\t<meta property=\"og:image:type\" content=\"image\/webp\" \/>\n<meta name=\"twitter:card\" content=\"summary_large_image\" \/>\n<meta name=\"twitter:label1\" content=\"Becs\u00fclt olvas\u00e1si id\u0151\" \/>\n\t<meta name=\"twitter:data1\" content=\"2 perc\" \/>\n<script type=\"application\/ld+json\" class=\"yoast-schema-graph\">{\"@context\":\"https:\\\/\\\/schema.org\",\"@graph\":[{\"@type\":\"WebPage\",\"@id\":\"https:\\\/\\\/rosanacl.com\\\/producto\\\/sujetador-modelo-belen\\\/\",\"url\":\"https:\\\/\\\/rosanacl.com\\\/producto\\\/sujetador-modelo-belen\\\/\",\"name\":\"Sujetador Selene Belen - Rosana CL\",\"isPartOf\":{\"@id\":\"https:\\\/\\\/rosanacl.com\\\/ca\\\/#website\"},\"primaryImageOfPage\":{\"@id\":\"https:\\\/\\\/rosanacl.com\\\/producto\\\/sujetador-modelo-belen\\\/#primaryimage\"},\"image\":{\"@id\":\"https:\\\/\\\/rosanacl.com\\\/producto\\\/sujetador-modelo-belen\\\/#primaryimage\"},\"thumbnailUrl\":\"https:\\\/\\\/rosanacl.com\\\/wp-content\\\/uploads\\\/2025\\\/04\\\/Sujetador-Selene-modelo-Belen__00001.webp\",\"datePublished\":\"2025-04-29T12:53:31+00:00\",\"dateModified\":\"2026-01-07T20:40:46+00:00\",\"breadcrumb\":{\"@id\":\"https:\\\/\\\/rosanacl.com\\\/producto\\\/sujetador-modelo-belen\\\/#breadcrumb\"},\"inLanguage\":\"hu\",\"potentialAction\":[{\"@type\":\"ReadAction\",\"target\":[\"https:\\\/\\\/rosanacl.com\\\/producto\\\/sujetador-modelo-belen\\\/\"]}]},{\"@type\":\"ImageObject\",\"inLanguage\":\"hu\",\"@id\":\"https:\\\/\\\/rosanacl.com\\\/producto\\\/sujetador-modelo-belen\\\/#primaryimage\",\"url\":\"https:\\\/\\\/rosanacl.com\\\/wp-content\\\/uploads\\\/2025\\\/04\\\/Sujetador-Selene-modelo-Belen__00001.webp\",\"contentUrl\":\"https:\\\/\\\/rosanacl.com\\\/wp-content\\\/uploads\\\/2025\\\/04\\\/Sujetador-Selene-modelo-Belen__00001.webp\",\"width\":1000,\"height\":1000},{\"@type\":\"BreadcrumbList\",\"@id\":\"https:\\\/\\\/rosanacl.com\\\/producto\\\/sujetador-modelo-belen\\\/#breadcrumb\",\"itemListElement\":[{\"@type\":\"ListItem\",\"position\":1,\"name\":\"Portada\",\"item\":\"https:\\\/\\\/rosanacl.com\\\/ca\\\/\"},{\"@type\":\"ListItem\",\"position\":2,\"name\":\"Tienda\",\"item\":\"https:\\\/\\\/rosanacl.com\\\/ca\\\/tienda\\\/\"},{\"@type\":\"ListItem\",\"position\":3,\"name\":\"Sujetador Selene Belen\"}]},{\"@type\":\"WebSite\",\"@id\":\"https:\\\/\\\/rosanacl.com\\\/ca\\\/#website\",\"url\":\"https:\\\/\\\/rosanacl.com\\\/ca\\\/\",\"name\":\"Rosana CL\",\"description\":\"Somos tu interior\",\"potentialAction\":[{\"@type\":\"SearchAction\",\"target\":{\"@type\":\"EntryPoint\",\"urlTemplate\":\"https:\\\/\\\/rosanacl.com\\\/ca\\\/?s={search_term_string}\"},\"query-input\":{\"@type\":\"PropertyValueSpecification\",\"valueRequired\":true,\"valueName\":\"search_term_string\"}}],\"inLanguage\":\"hu\"}]}<\/script>\n<!-- \/ Yoast SEO plugin. -->","yoast_head_json":{"title":"Sujetador Selene Belen - Rosana CL","robots":{"index":"index","follow":"follow","max-snippet":"max-snippet:-1","max-image-preview":"max-image-preview:large","max-video-preview":"max-video-preview:-1"},"canonical":"https:\/\/rosanacl.com\/hu\/termek\/sujetador-modelo-belen\/","og_locale":"hu_HU","og_type":"article","og_title":"Sujetador Selene Belen - Rosana CL","og_description":"Hay prendas que no buscan llamar la atenci\u00f3n: buscan hacerte la vida f\u00e1cil&#8230; y aun as\u00ed se sienten especiales. El Bel\u00e9n es ese sujetador sin aros y sin relleno que sujeta con firmeza, sin castigar, y que te acompa\u00f1a desde primera hora con una sensaci\u00f3n muy \u00abbien puesta\u00bb. Ideal si priorizas sujeci\u00f3n real, libertad y [&hellip;]","og_url":"https:\/\/rosanacl.com\/hu\/termek\/sujetador-modelo-belen\/","og_site_name":"Rosana CL","article_modified_time":"2026-01-07T20:40:46+00:00","og_image":[{"width":1000,"height":1000,"url":"https:\/\/rosanacl.com\/wp-content\/uploads\/2025\/04\/Sujetador-Selene-modelo-Belen__00001.webp","type":"image\/webp"}],"twitter_card":"summary_large_image","twitter_misc":{"Becs\u00fclt olvas\u00e1si id\u0151":"2 perc"},"schema":{"@context":"https:\/\/schema.org","@graph":[{"@type":"WebPage","@id":"https:\/\/rosanacl.com\/producto\/sujetador-modelo-belen\/","url":"https:\/\/rosanacl.com\/producto\/sujetador-modelo-belen\/","name":"Sujetador Selene Belen - Rosana CL","isPartOf":{"@id":"https:\/\/rosanacl.com\/ca\/#website"},"primaryImageOfPage":{"@id":"https:\/\/rosanacl.com\/producto\/sujetador-modelo-belen\/#primaryimage"},"image":{"@id":"https:\/\/rosanacl.com\/producto\/sujetador-modelo-belen\/#primaryimage"},"thumbnailUrl":"https:\/\/rosanacl.com\/wp-content\/uploads\/2025\/04\/Sujetador-Selene-modelo-Belen__00001.webp","datePublished":"2025-04-29T12:53:31+00:00","dateModified":"2026-01-07T20:40:46+00:00","breadcrumb":{"@id":"https:\/\/rosanacl.com\/producto\/sujetador-modelo-belen\/#breadcrumb"},"inLanguage":"hu","potentialAction":[{"@type":"ReadAction","target":["https:\/\/rosanacl.com\/producto\/sujetador-modelo-belen\/"]}]},{"@type":"ImageObject","inLanguage":"hu","@id":"https:\/\/rosanacl.com\/producto\/sujetador-modelo-belen\/#primaryimage","url":"https:\/\/rosanacl.com\/wp-content\/uploads\/2025\/04\/Sujetador-Selene-modelo-Belen__00001.webp","contentUrl":"https:\/\/rosanacl.com\/wp-content\/uploads\/2025\/04\/Sujetador-Selene-modelo-Belen__00001.webp","width":1000,"height":1000},{"@type":"BreadcrumbList","@id":"https:\/\/rosanacl.com\/producto\/sujetador-modelo-belen\/#breadcrumb","itemListElement":[{"@type":"ListItem","position":1,"name":"Portada","item":"https:\/\/rosanacl.com\/ca\/"},{"@type":"ListItem","position":2,"name":"Tienda","item":"https:\/\/rosanacl.com\/ca\/tienda\/"},{"@type":"ListItem","position":3,"name":"Sujetador Selene Belen"}]},{"@type":"WebSite","@id":"https:\/\/rosanacl.com\/ca\/#website","url":"https:\/\/rosanacl.com\/ca\/","name":"Rosana CL","description":"Mi vagyunk a bels\u0151 \u00e9ned","potentialAction":[{"@type":"SearchAction","target":{"@type":"EntryPoint","urlTemplate":"https:\/\/rosanacl.com\/ca\/?s={search_term_string}"},"query-input":{"@type":"PropertyValueSpecification","valueRequired":true,"valueName":"search_term_string"}}],"inLanguage":"hu"}]}},"_links":{"self":[{"href":"https:\/\/rosanacl.com\/hu\/wp-json\/wp\/v2\/product\/415","targetHints":{"allow":["GET"]}}],"collection":[{"href":"https:\/\/rosanacl.com\/hu\/wp-json\/wp\/v2\/product"}],"about":[{"href":"https:\/\/rosanacl.com\/hu\/wp-json\/wp\/v2\/types\/product"}],"replies":[{"embeddable":true,"href":"https:\/\/rosanacl.com\/hu\/wp-json\/wp\/v2\/comments?post=415"}],"version-history":[{"count":5,"href":"https:\/\/rosanacl.com\/hu\/wp-json\/wp\/v2\/product\/415\/revisions"}],"predecessor-version":[{"id":4621,"href":"https:\/\/rosanacl.com\/hu\/wp-json\/wp\/v2\/product\/415\/revisions\/4621"}],"wp:featuredmedia":[{"embeddable":true,"href":"https:\/\/rosanacl.com\/hu\/wp-json\/wp\/v2\/media\/444"}],"wp:attachment":[{"href":"https:\/\/rosanacl.com\/hu\/wp-json\/wp\/v2\/media?parent=415"}],"wp:term":[{"taxonomy":"product_brand","embeddable":true,"href":"https:\/\/rosanacl.com\/hu\/wp-json\/wp\/v2\/product_brand?post=415"},{"taxonomy":"product_cat","embeddable":true,"href":"https:\/\/rosanacl.com\/hu\/wp-json\/wp\/v2\/product_cat?post=415"},{"taxonomy":"product_tag","embeddable":true,"href":"https:\/\/rosanacl.com\/hu\/wp-json\/wp\/v2\/product_tag?post=415"}],"curies":[{"name":"wp","href":"https:\/\/api.w.org\/{rel}","templated":true}]}}